{"id":435566,"date":"2026-04-23T17:32:47","date_gmt":"2026-04-23T15:32:47","guid":{"rendered":"https:\/\/www.miomiorun.com\/?post_type=product&#038;p=435566"},"modified":"2026-05-08T12:01:50","modified_gmt":"2026-05-08T10:01:50","slug":"race-schwarz-tanktop-damen","status":"publish","type":"product","link":"https:\/\/www.miomiorun.com\/de\/produkt\/race-schwarz-tanktop-damen\/","title":{"rendered":"Race Schwarz Tanktop damen"},"content":{"rendered":"<p data-start=\"0\" data-end=\"395\">Dieses T-Shirt repr\u00e4sentiert das <strong data-start=\"58\" data-end=\"103\">Spitzenmodell der Wild Tee-Kollektion<\/strong> f\u00fcr <strong data-start=\"127\" data-end=\"144\">Stra\u00dfen- und Wettkampfbekleidung<\/strong> und wurde entwickelt, um <strong data-start=\"169\" data-end=\"192\">extreme Leistungsf\u00e4higkeit<\/strong>, <strong data-start=\"194\" data-end=\"214\">ultraleichte Tragbarkeit<\/strong> und <strong data-start=\"217\" data-end=\"242\">fortschrittliche Bel\u00fcftung<\/strong> zu bieten. Es besteht aus <strong data-start=\"259\" data-end=\"303\">italienischem Post-Consumer-Recyclinggewebe<\/strong> und wird in der Europ\u00e4ischen Union hergestellt. Es ist f\u00fcr alle gedacht, die das Maximum an Leistung suchen.<\/p>\n<p data-start=\"397\" data-end=\"437\">Die Konstruktion ist so konzipiert, dass sie Folgendes gew\u00e4hrleistet:<\/p>\n<ul data-start=\"438\" data-end=\"615\">\n<li data-section-id=\"19c9zk2\" data-start=\"438\" data-end=\"498\"><strong data-start=\"440\" data-end=\"466\">Hervorragende Bel\u00fcftung<\/strong> dank des Openmesh 3D-Gewebes<\/li>\n<li data-section-id=\"169h3mv\" data-start=\"499\" data-end=\"557\"><strong data-start=\"501\" data-end=\"523\">Schnelle Trocknung<\/strong>, um die Haut trocken zu halten<\/li>\n<li data-section-id=\"1031p56\" data-start=\"558\" data-end=\"615\"><strong data-start=\"560\" data-end=\"591\">Absolute Bewegungsfreiheit<\/strong> durch ergonomischen Schnitt<\/li>\n<\/ul>\n<p data-start=\"617\" data-end=\"1134\">Das technische <strong data-start=\"636\" data-end=\"661\">recycelte Openmesh 3D-Gewebe<\/strong> sorgt auch unter intensivsten Bedingungen f\u00fcr hohe Atmungsaktivit\u00e4t. Mit einem extrem geringen Gewicht von ca. <strong data-start=\"772\" data-end=\"796\">42 Gramm (Gr\u00f6\u00dfe M)<\/strong> ist es ideal f\u00fcr Wettk\u00e4mpfe und hochintensives Training, bei denen jedes Detail z\u00e4hlt. Aufgrund der Materialstruktur wird von der Verwendung mit einer Trinkweste oder dem direkten Aufbringen der Startnummer abgeraten. Das Kleidungsst\u00fcck ist <strong data-start=\"1023\" data-end=\"1036\">bluesign\u00ae<\/strong>&#8211; und <strong data-start=\"1039\" data-end=\"1065\">Oeko-Tex\u00ae Standard 100<\/strong>-zertifiziert. Materialzusammensetzung: <strong data-start=\"1081\" data-end=\"1133\">93 % recyceltes Polyester und 7 % recyceltes Elasthan<\/strong>.<\/p>\n","protected":false},"excerpt":{"rendered":"<ul>\n<li data-section-id=\"hikd2v\" data-start=\"1365\" data-end=\"1443\"><strong data-start=\"1367\" data-end=\"1400\">Recyceltes 3D-Openmesh-Gewebe<\/strong> f\u00fcr hohe Atmungsaktivit\u00e4t und Leistung<\/li>\n<li data-section-id=\"bmgdcs\" data-start=\"1444\" data-end=\"1529\"><strong data-start=\"1446\" data-end=\"1475\">Extrem geringes Gewicht (42 g)<\/strong> \u2013 ideal f\u00fcr Wettk\u00e4mpfe und hochintensives Laufen<\/li>\n<li data-section-id=\"8k6n5q\" data-start=\"1530\" data-end=\"1608\" data-is-last-node=\"\"><strong data-start=\"1532\" data-end=\"1581\">Ergonomischer Schnitt und Qualit\u00e4tszertifizierungen<\/strong> f\u00fcr Komfort und Zuverl\u00e4ssigkeit<\/li>\n<\/ul>\n","protected":false},"featured_media":435595,"template":"","meta":{"_acf_changed":false,"inline_featured_image":false},"product_brand":[],"product_cat":[6400,6401,6403],"product_tag":[3399,6288],"class_list":{"0":"post-435566","1":"product","2":"type-product","3":"status-publish","4":"has-post-thumbnail","6":"product_cat-damen","7":"product_cat-damenbekleidung","8":"product_cat-damentank-tops","9":"product_tag-wild-tee-de","10":"product_tag-wild-tee-damen-de","11":"pa_attivita-fitness-de","12":"pa_attivita-running-de","13":"pa_marca-wild-tee-de","14":"pa_sesso-damen","15":"pa_size-extra-small-de","16":"pa_size-small-de","17":"pa_size-medium-de","19":"first","20":"instock","21":"sale","22":"taxable","23":"shipping-taxable","24":"purchasable","25":"product-type-variable","26":"wvs-archive-product-wrapper"},"acf":[],"yoast_head":"<!-- This site is optimized with the Yoast SEO plugin v26.8 - https:\/\/yoast.com\/product\/yoast-seo-wordpress\/ -->\n<title>Wild TeeRace Schwarz Tanktop damen -Lauf-Tanktop - MioMioRun.com<\/title>\n<meta name=\"description\" content=\"Ultraleichte und atmungsaktive Technik, entwickelt f\u00fcr hohe Leistungsf\u00e4higkeit, maximale Bel\u00fcftung und Bewegungsfreiheit beim Stra\u00dfenlauf und bei Wettk\u00e4mpfen\" \/>\n<meta name=\"robots\" content=\"index, follow, max-snippet:-1, max-image-preview:large, max-video-preview:-1\" \/>\n<link rel=\"canonical\" href=\"https:\/\/www.miomiorun.com\/de\/produkt\/race-schwarz-tanktop-damen\/\" \/>\n<meta property=\"og:locale\" content=\"de_DE\" \/>\n<meta property=\"og:type\" content=\"article\" \/>\n<meta property=\"og:title\" content=\"Wild TeeRace Schwarz Tanktop damen -Lauf-Tanktop - MioMioRun.com\" \/>\n<meta property=\"og:description\" content=\"Ultraleichte und atmungsaktive Technik, entwickelt f\u00fcr hohe Leistungsf\u00e4higkeit, maximale Bel\u00fcftung und Bewegungsfreiheit beim Stra\u00dfenlauf und bei Wettk\u00e4mpfen\" \/>\n<meta property=\"og:url\" content=\"https:\/\/www.miomiorun.com\/de\/produkt\/race-schwarz-tanktop-damen\/\" \/>\n<meta property=\"og:site_name\" content=\"MioMioRun\" \/>\n<meta property=\"article:publisher\" content=\"https:\/\/www.facebook.com\/miomiorun\/\" \/>\n<meta property=\"article:modified_time\" content=\"2026-05-08T10:01:50+00:00\" \/>\n<meta property=\"og:image\" content=\"https:\/\/www.miomiorun.com\/app\/uploads\/2026\/04\/WildTee-Tank-TOP-W-race-black-WT005WT206.webp\" \/>\n\t<meta property=\"og:image:width\" content=\"720\" \/>\n\t<meta property=\"og:image:height\" content=\"720\" \/>\n\t<meta property=\"og:image:type\" content=\"image\/webp\" \/>\n<meta name=\"twitter:card\" content=\"summary_large_image\" \/>\n<meta name=\"twitter:label1\" content=\"Est. reading time\" \/>\n\t<meta name=\"twitter:data1\" content=\"1 minute\" \/>\n<script type=\"application\/ld+json\" class=\"yoast-schema-graph\">{\"@context\":\"https:\/\/schema.org\",\"@graph\":[{\"@type\":\"WebPage\",\"@id\":\"https:\/\/www.miomiorun.com\/de\/produkt\/race-schwarz-tanktop-damen\/\",\"url\":\"https:\/\/www.miomiorun.com\/de\/produkt\/race-schwarz-tanktop-damen\/\",\"name\":\"Wild TeeRace Schwarz Tanktop damen -Lauf-Tanktop - MioMioRun.com\",\"isPartOf\":{\"@id\":\"https:\/\/www.miomiorun.com\/de\/#website\"},\"primaryImageOfPage\":{\"@id\":\"https:\/\/www.miomiorun.com\/de\/produkt\/race-schwarz-tanktop-damen\/#primaryimage\"},\"image\":{\"@id\":\"https:\/\/www.miomiorun.com\/de\/produkt\/race-schwarz-tanktop-damen\/#primaryimage\"},\"thumbnailUrl\":\"https:\/\/www.miomiorun.com\/app\/uploads\/2026\/04\/WildTee-Tank-TOP-W-race-black-WT005WT206.webp\",\"datePublished\":\"2026-04-23T15:32:47+00:00\",\"dateModified\":\"2026-05-08T10:01:50+00:00\",\"description\":\"Ultraleichte und atmungsaktive Technik, entwickelt f\u00fcr hohe Leistungsf\u00e4higkeit, maximale Bel\u00fcftung und Bewegungsfreiheit beim Stra\u00dfenlauf und bei Wettk\u00e4mpfen\",\"breadcrumb\":{\"@id\":\"https:\/\/www.miomiorun.com\/de\/produkt\/race-schwarz-tanktop-damen\/#breadcrumb\"},\"inLanguage\":\"de-DE\",\"potentialAction\":[{\"@type\":\"ReadAction\",\"target\":[\"https:\/\/www.miomiorun.com\/de\/produkt\/race-schwarz-tanktop-damen\/\"]}]},{\"@type\":\"ImageObject\",\"inLanguage\":\"de-DE\",\"@id\":\"https:\/\/www.miomiorun.com\/de\/produkt\/race-schwarz-tanktop-damen\/#primaryimage\",\"url\":\"https:\/\/www.miomiorun.com\/app\/uploads\/2026\/04\/WildTee-Tank-TOP-W-race-black-WT005WT206.webp\",\"contentUrl\":\"https:\/\/www.miomiorun.com\/app\/uploads\/2026\/04\/WildTee-Tank-TOP-W-race-black-WT005WT206.webp\",\"width\":720,\"height\":720,\"caption\":\"WildTee Tank TOP W race black WT005WT206\"},{\"@type\":\"BreadcrumbList\",\"@id\":\"https:\/\/www.miomiorun.com\/de\/produkt\/race-schwarz-tanktop-damen\/#breadcrumb\",\"itemListElement\":[{\"@type\":\"ListItem\",\"position\":1,\"name\":\"Home\",\"item\":\"https:\/\/www.miomiorun.com\/de\/\"},{\"@type\":\"ListItem\",\"position\":2,\"name\":\"Shop\",\"item\":\"https:\/\/www.miomiorun.com\/shop\/\"},{\"@type\":\"ListItem\",\"position\":3,\"name\":\"Race Schwarz Tanktop damen\"}]},{\"@type\":\"WebSite\",\"@id\":\"https:\/\/www.miomiorun.com\/de\/#website\",\"url\":\"https:\/\/www.miomiorun.com\/de\/\",\"name\":\"MioMioRun\",\"description\":\"100% Lauf- und Trailshop\",\"publisher\":{\"@id\":\"https:\/\/www.miomiorun.com\/de\/#organization\"},\"potentialAction\":[{\"@type\":\"SearchAction\",\"target\":{\"@type\":\"EntryPoint\",\"urlTemplate\":\"https:\/\/www.miomiorun.com\/de\/?s={search_term_string}\"},\"query-input\":{\"@type\":\"PropertyValueSpecification\",\"valueRequired\":true,\"valueName\":\"search_term_string\"}}],\"inLanguage\":\"de-DE\"},{\"@type\":\"Organization\",\"@id\":\"https:\/\/www.miomiorun.com\/de\/#organization\",\"name\":\"MioMio Run\",\"url\":\"https:\/\/www.miomiorun.com\/de\/\",\"logo\":{\"@type\":\"ImageObject\",\"inLanguage\":\"de-DE\",\"@id\":\"https:\/\/www.miomiorun.com\/de\/#\/schema\/logo\/image\/\",\"url\":\"https:\/\/www.miomiorun.com\/app\/uploads\/2019\/12\/logomio.png\",\"contentUrl\":\"https:\/\/www.miomiorun.com\/app\/uploads\/2019\/12\/logomio.png\",\"width\":115,\"height\":82,\"caption\":\"MioMio Run\"},\"image\":{\"@id\":\"https:\/\/www.miomiorun.com\/de\/#\/schema\/logo\/image\/\"},\"sameAs\":[\"https:\/\/www.facebook.com\/miomiorun\/\",\"https:\/\/www.instagram.com\/miomiorun\/\"]}]}<\/script>\n<!-- \/ Yoast SEO plugin. -->","yoast_head_json":{"title":"Wild TeeRace Schwarz Tanktop damen -Lauf-Tanktop - MioMioRun.com","description":"Ultraleichte und atmungsaktive Technik, entwickelt f\u00fcr hohe Leistungsf\u00e4higkeit, maximale Bel\u00fcftung und Bewegungsfreiheit beim Stra\u00dfenlauf und bei Wettk\u00e4mpfen","robots":{"index":"index","follow":"follow","max-snippet":"max-snippet:-1","max-image-preview":"max-image-preview:large","max-video-preview":"max-video-preview:-1"},"canonical":"https:\/\/www.miomiorun.com\/de\/produkt\/race-schwarz-tanktop-damen\/","og_locale":"de_DE","og_type":"article","og_title":"Wild TeeRace Schwarz Tanktop damen -Lauf-Tanktop - MioMioRun.com","og_description":"Ultraleichte und atmungsaktive Technik, entwickelt f\u00fcr hohe Leistungsf\u00e4higkeit, maximale Bel\u00fcftung und Bewegungsfreiheit beim Stra\u00dfenlauf und bei Wettk\u00e4mpfen","og_url":"https:\/\/www.miomiorun.com\/de\/produkt\/race-schwarz-tanktop-damen\/","og_site_name":"MioMioRun","article_publisher":"https:\/\/www.facebook.com\/miomiorun\/","article_modified_time":"2026-05-08T10:01:50+00:00","og_image":[{"width":720,"height":720,"url":"https:\/\/www.miomiorun.com\/app\/uploads\/2026\/04\/WildTee-Tank-TOP-W-race-black-WT005WT206.webp","type":"image\/webp"}],"twitter_card":"summary_large_image","twitter_misc":{"Est. reading time":"1 minute"},"schema":{"@context":"https:\/\/schema.org","@graph":[{"@type":"WebPage","@id":"https:\/\/www.miomiorun.com\/de\/produkt\/race-schwarz-tanktop-damen\/","url":"https:\/\/www.miomiorun.com\/de\/produkt\/race-schwarz-tanktop-damen\/","name":"Wild TeeRace Schwarz Tanktop damen -Lauf-Tanktop - MioMioRun.com","isPartOf":{"@id":"https:\/\/www.miomiorun.com\/de\/#website"},"primaryImageOfPage":{"@id":"https:\/\/www.miomiorun.com\/de\/produkt\/race-schwarz-tanktop-damen\/#primaryimage"},"image":{"@id":"https:\/\/www.miomiorun.com\/de\/produkt\/race-schwarz-tanktop-damen\/#primaryimage"},"thumbnailUrl":"https:\/\/www.miomiorun.com\/app\/uploads\/2026\/04\/WildTee-Tank-TOP-W-race-black-WT005WT206.webp","datePublished":"2026-04-23T15:32:47+00:00","dateModified":"2026-05-08T10:01:50+00:00","description":"Ultraleichte und atmungsaktive Technik, entwickelt f\u00fcr hohe Leistungsf\u00e4higkeit, maximale Bel\u00fcftung und Bewegungsfreiheit beim Stra\u00dfenlauf und bei Wettk\u00e4mpfen","breadcrumb":{"@id":"https:\/\/www.miomiorun.com\/de\/produkt\/race-schwarz-tanktop-damen\/#breadcrumb"},"inLanguage":"de-DE","potentialAction":[{"@type":"ReadAction","target":["https:\/\/www.miomiorun.com\/de\/produkt\/race-schwarz-tanktop-damen\/"]}]},{"@type":"ImageObject","inLanguage":"de-DE","@id":"https:\/\/www.miomiorun.com\/de\/produkt\/race-schwarz-tanktop-damen\/#primaryimage","url":"https:\/\/www.miomiorun.com\/app\/uploads\/2026\/04\/WildTee-Tank-TOP-W-race-black-WT005WT206.webp","contentUrl":"https:\/\/www.miomiorun.com\/app\/uploads\/2026\/04\/WildTee-Tank-TOP-W-race-black-WT005WT206.webp","width":720,"height":720,"caption":"WildTee Tank TOP W race black WT005WT206"},{"@type":"BreadcrumbList","@id":"https:\/\/www.miomiorun.com\/de\/produkt\/race-schwarz-tanktop-damen\/#breadcrumb","itemListElement":[{"@type":"ListItem","position":1,"name":"Home","item":"https:\/\/www.miomiorun.com\/de\/"},{"@type":"ListItem","position":2,"name":"Shop","item":"https:\/\/www.miomiorun.com\/shop\/"},{"@type":"ListItem","position":3,"name":"Race Schwarz Tanktop damen"}]},{"@type":"WebSite","@id":"https:\/\/www.miomiorun.com\/de\/#website","url":"https:\/\/www.miomiorun.com\/de\/","name":"MioMioRun","description":"100% Lauf- und Trailshop","publisher":{"@id":"https:\/\/www.miomiorun.com\/de\/#organization"},"potentialAction":[{"@type":"SearchAction","target":{"@type":"EntryPoint","urlTemplate":"https:\/\/www.miomiorun.com\/de\/?s={search_term_string}"},"query-input":{"@type":"PropertyValueSpecification","valueRequired":true,"valueName":"search_term_string"}}],"inLanguage":"de-DE"},{"@type":"Organization","@id":"https:\/\/www.miomiorun.com\/de\/#organization","name":"MioMio Run","url":"https:\/\/www.miomiorun.com\/de\/","logo":{"@type":"ImageObject","inLanguage":"de-DE","@id":"https:\/\/www.miomiorun.com\/de\/#\/schema\/logo\/image\/","url":"https:\/\/www.miomiorun.com\/app\/uploads\/2019\/12\/logomio.png","contentUrl":"https:\/\/www.miomiorun.com\/app\/uploads\/2019\/12\/logomio.png","width":115,"height":82,"caption":"MioMio Run"},"image":{"@id":"https:\/\/www.miomiorun.com\/de\/#\/schema\/logo\/image\/"},"sameAs":["https:\/\/www.facebook.com\/miomiorun\/","https:\/\/www.instagram.com\/miomiorun\/"]}]}},"_links":{"self":[{"href":"https:\/\/www.miomiorun.com\/de\/wp-json\/wp\/v2\/product\/435566","targetHints":{"allow":["GET"]}}],"collection":[{"href":"https:\/\/www.miomiorun.com\/de\/wp-json\/wp\/v2\/product"}],"about":[{"href":"https:\/\/www.miomiorun.com\/de\/wp-json\/wp\/v2\/types\/product"}],"wp:featuredmedia":[{"embeddable":true,"href":"https:\/\/www.miomiorun.com\/de\/wp-json\/wp\/v2\/media\/435595"}],"wp:attachment":[{"href":"https:\/\/www.miomiorun.com\/de\/wp-json\/wp\/v2\/media?parent=435566"}],"wp:term":[{"taxonomy":"product_brand","embeddable":true,"href":"https:\/\/www.miomiorun.com\/de\/wp-json\/wp\/v2\/product_brand?post=435566"},{"taxonomy":"product_cat","embeddable":true,"href":"https:\/\/www.miomiorun.com\/de\/wp-json\/wp\/v2\/product_cat?post=435566"},{"taxonomy":"product_tag","embeddable":true,"href":"https:\/\/www.miomiorun.com\/de\/wp-json\/wp\/v2\/product_tag?post=435566"}],"curies":[{"name":"wp","href":"https:\/\/api.w.org\/{rel}","templated":true}]}}