{"id":435522,"date":"2026-04-23T17:26:25","date_gmt":"2026-04-23T15:26:25","guid":{"rendered":"https:\/\/www.miomiorun.com\/?post_type=product&#038;p=435522"},"modified":"2026-05-08T12:01:51","modified_gmt":"2026-05-08T10:01:51","slug":"t-shirt-monte-bianco-damen","status":"publish","type":"product","link":"https:\/\/www.miomiorun.com\/de\/produkt\/t-shirt-monte-bianco-damen\/","title":{"rendered":"T-shirt monte bianco damen"},"content":{"rendered":"<p data-start=\"0\" data-end=\"307\">Dieses Funktions-T-Shirt f\u00fcr Damen ist vom <strong data-start=\"74\" data-end=\"90\">Mont Blanc<\/strong> inspiriert, dem h\u00f6chsten Gipfel Europas und Symbol des modernen Alpinismus. Eine Hommage an die Urspr\u00fcnge des Bergsports und des Ultra-Trails, wo Geschichte und Leistung in einem Kleidungsst\u00fcck verschmelzen, das f\u00fcr alle gedacht ist, die das Laufen mit Leidenschaft leben.<\/p>\n<p data-start=\"309\" data-end=\"349\">Die Konstruktion wurde entwickelt, um Folgendes zu gew\u00e4hrleisten:<\/p>\n<ul data-start=\"350\" data-end=\"510\">\n<li data-section-id=\"1c1bcwe\" data-start=\"350\" data-end=\"399\"><strong data-start=\"352\" data-end=\"378\">Maximale Atmungsaktivit\u00e4t<\/strong> w\u00e4hrend der Aktivit\u00e4t<\/li>\n<li data-section-id=\"44cimc\" data-start=\"400\" data-end=\"454\"><strong data-start=\"402\" data-end=\"424\">Anhaltender Komfort<\/strong> auch \u00fcber lange Strecken<\/li>\n<li data-section-id=\"1du3dlo\" data-start=\"455\" data-end=\"510\"><strong data-start=\"457\" data-end=\"483\">Vielseitigkeit im Einsatz<\/strong> zwischen Sport und Freizeit<\/li>\n<\/ul>\n<p data-start=\"512\" data-end=\"1007\">Hergestellt aus <strong data-start=\"526\" data-end=\"557\">seidenweichem Micromesh<\/strong>, bietet es ein leichtes und geschmeidiges Tragegef\u00fchl auf der Haut, ideal sowohl f\u00fcr <strong data-start=\"625\" data-end=\"648\">Ultra-Trail-Wettk\u00e4mpfe<\/strong> als auch f\u00fcr entspanntere L\u00e4ufe. Der <strong data-start=\"682\" data-end=\"726\">feminine Schnitt mit europ\u00e4ischer Passform<\/strong> sorgt f\u00fcr eine pr\u00e4zise und bequeme Passform. Der <strong data-start=\"775\" data-end=\"807\">vollfl\u00e4chige Sublimationsdruck<\/strong> bewahrt Farben und Details langfristig, ohne zu verblassen oder sich abzunutzen. Mit einem Gewicht von ca. <strong data-start=\"898\" data-end=\"911\">95 Gramm<\/strong> ist es ein leichtes und leistungsstarkes Kleidungsst\u00fcck. Material: <strong data-start=\"960\" data-end=\"979\">100 % Polyester<\/strong>, vollst\u00e4ndig recycelbar.<\/p>\n","protected":false},"excerpt":{"rendered":"<ul>\n<li data-section-id=\"12luz3e\" data-start=\"1228\" data-end=\"1300\"><strong data-start=\"1230\" data-end=\"1273\">Leichtes und atmungsaktives Micromesh-Material<\/strong> f\u00fcr Komfort und Frische<\/li>\n<li data-section-id=\"1piuvuu\" data-start=\"1301\" data-end=\"1375\"><strong data-start=\"1303\" data-end=\"1338\">Vom Mont Blanc inspiriertes Design<\/strong> \u2013 Symbol f\u00fcr Bergsteigen und Ultra-Trail<\/li>\n<li data-section-id=\"1f0ey89\" data-start=\"1376\" data-end=\"1443\" data-is-last-node=\"\"><strong data-start=\"1378\" data-end=\"1418\">Femininer Schnitt und strapazierf\u00e4higer Aufdruck<\/strong> f\u00fcr gute Passform und Langlebigkeit<\/li>\n<\/ul>\n","protected":false},"featured_media":435555,"template":"","meta":{"_acf_changed":false,"inline_featured_image":false},"product_brand":[],"product_cat":[6400,6401,6489],"product_tag":[3399,6288],"class_list":{"0":"post-435522","1":"product","2":"type-product","3":"status-publish","4":"has-post-thumbnail","6":"product_cat-damen","7":"product_cat-damenbekleidung","8":"product_cat-dament-shirt-de","9":"product_tag-wild-tee-de","10":"product_tag-wild-tee-damen-de","11":"pa_attivita-gehen","12":"pa_attivita-running-de","13":"pa_attivita-trail-de","14":"pa_marca-wild-tee-de","15":"pa_sesso-damen","16":"pa_size-small-de","17":"pa_size-medium-de","18":"pa_size-large-de","20":"first","21":"instock","22":"sale","23":"taxable","24":"shipping-taxable","25":"purchasable","26":"product-type-variable","27":"wvs-archive-product-wrapper"},"acf":[],"yoast_head":"<!-- This site is optimized with the Yoast SEO plugin v26.8 - https:\/\/yoast.com\/product\/yoast-seo-wordpress\/ -->\n<title>Wild Tee T-shirt monte bianco damen - Lauf-T-Shirt - MioMioRun<\/title>\n<meta name=\"description\" content=\"Ein leichtes und atmungsaktives Funktions-T-Shirt, inspiriert vom Mont Blanc, das Komfort, Vielseitigkeit und Stil beim Trailrunning und in der Freizeit bietet.\" \/>\n<meta name=\"robots\" content=\"index, follow, max-snippet:-1, max-image-preview:large, max-video-preview:-1\" \/>\n<link rel=\"canonical\" href=\"https:\/\/www.miomiorun.com\/de\/produkt\/t-shirt-monte-bianco-damen\/\" \/>\n<meta property=\"og:locale\" content=\"de_DE\" \/>\n<meta property=\"og:type\" content=\"article\" \/>\n<meta property=\"og:title\" content=\"Wild Tee T-shirt monte bianco damen - Lauf-T-Shirt - MioMioRun\" \/>\n<meta property=\"og:description\" content=\"Ein leichtes und atmungsaktives Funktions-T-Shirt, inspiriert vom Mont Blanc, das Komfort, Vielseitigkeit und Stil beim Trailrunning und in der Freizeit bietet.\" \/>\n<meta property=\"og:url\" content=\"https:\/\/www.miomiorun.com\/de\/produkt\/t-shirt-monte-bianco-damen\/\" \/>\n<meta property=\"og:site_name\" content=\"MioMioRun\" \/>\n<meta property=\"article:publisher\" content=\"https:\/\/www.facebook.com\/miomiorun\/\" \/>\n<meta property=\"article:modified_time\" content=\"2026-05-08T10:01:51+00:00\" \/>\n<meta property=\"og:image\" content=\"https:\/\/www.miomiorun.com\/app\/uploads\/2026\/04\/WildTee-T-shirt-W-monte-bianco-WT002WT64.webp\" \/>\n\t<meta property=\"og:image:width\" content=\"720\" \/>\n\t<meta property=\"og:image:height\" content=\"720\" \/>\n\t<meta property=\"og:image:type\" content=\"image\/webp\" \/>\n<meta name=\"twitter:card\" content=\"summary_large_image\" \/>\n<meta name=\"twitter:label1\" content=\"Est. reading time\" \/>\n\t<meta name=\"twitter:data1\" content=\"1 minute\" \/>\n<script type=\"application\/ld+json\" class=\"yoast-schema-graph\">{\"@context\":\"https:\/\/schema.org\",\"@graph\":[{\"@type\":\"WebPage\",\"@id\":\"https:\/\/www.miomiorun.com\/de\/produkt\/t-shirt-monte-bianco-damen\/\",\"url\":\"https:\/\/www.miomiorun.com\/de\/produkt\/t-shirt-monte-bianco-damen\/\",\"name\":\"Wild Tee T-shirt monte bianco damen - Lauf-T-Shirt - MioMioRun\",\"isPartOf\":{\"@id\":\"https:\/\/www.miomiorun.com\/de\/#website\"},\"primaryImageOfPage\":{\"@id\":\"https:\/\/www.miomiorun.com\/de\/produkt\/t-shirt-monte-bianco-damen\/#primaryimage\"},\"image\":{\"@id\":\"https:\/\/www.miomiorun.com\/de\/produkt\/t-shirt-monte-bianco-damen\/#primaryimage\"},\"thumbnailUrl\":\"https:\/\/www.miomiorun.com\/app\/uploads\/2026\/04\/WildTee-T-shirt-W-monte-bianco-WT002WT64.webp\",\"datePublished\":\"2026-04-23T15:26:25+00:00\",\"dateModified\":\"2026-05-08T10:01:51+00:00\",\"description\":\"Ein leichtes und atmungsaktives Funktions-T-Shirt, inspiriert vom Mont Blanc, das Komfort, Vielseitigkeit und Stil beim Trailrunning und in der Freizeit bietet.\",\"breadcrumb\":{\"@id\":\"https:\/\/www.miomiorun.com\/de\/produkt\/t-shirt-monte-bianco-damen\/#breadcrumb\"},\"inLanguage\":\"de-DE\",\"potentialAction\":[{\"@type\":\"ReadAction\",\"target\":[\"https:\/\/www.miomiorun.com\/de\/produkt\/t-shirt-monte-bianco-damen\/\"]}]},{\"@type\":\"ImageObject\",\"inLanguage\":\"de-DE\",\"@id\":\"https:\/\/www.miomiorun.com\/de\/produkt\/t-shirt-monte-bianco-damen\/#primaryimage\",\"url\":\"https:\/\/www.miomiorun.com\/app\/uploads\/2026\/04\/WildTee-T-shirt-W-monte-bianco-WT002WT64.webp\",\"contentUrl\":\"https:\/\/www.miomiorun.com\/app\/uploads\/2026\/04\/WildTee-T-shirt-W-monte-bianco-WT002WT64.webp\",\"width\":720,\"height\":720,\"caption\":\"WildTee T-shirt W monte bianco WT002WT64\"},{\"@type\":\"BreadcrumbList\",\"@id\":\"https:\/\/www.miomiorun.com\/de\/produkt\/t-shirt-monte-bianco-damen\/#breadcrumb\",\"itemListElement\":[{\"@type\":\"ListItem\",\"position\":1,\"name\":\"Home\",\"item\":\"https:\/\/www.miomiorun.com\/de\/\"},{\"@type\":\"ListItem\",\"position\":2,\"name\":\"Shop\",\"item\":\"https:\/\/www.miomiorun.com\/shop\/\"},{\"@type\":\"ListItem\",\"position\":3,\"name\":\"T-shirt monte bianco damen\"}]},{\"@type\":\"WebSite\",\"@id\":\"https:\/\/www.miomiorun.com\/de\/#website\",\"url\":\"https:\/\/www.miomiorun.com\/de\/\",\"name\":\"MioMioRun\",\"description\":\"100% Lauf- und Trailshop\",\"publisher\":{\"@id\":\"https:\/\/www.miomiorun.com\/de\/#organization\"},\"potentialAction\":[{\"@type\":\"SearchAction\",\"target\":{\"@type\":\"EntryPoint\",\"urlTemplate\":\"https:\/\/www.miomiorun.com\/de\/?s={search_term_string}\"},\"query-input\":{\"@type\":\"PropertyValueSpecification\",\"valueRequired\":true,\"valueName\":\"search_term_string\"}}],\"inLanguage\":\"de-DE\"},{\"@type\":\"Organization\",\"@id\":\"https:\/\/www.miomiorun.com\/de\/#organization\",\"name\":\"MioMio Run\",\"url\":\"https:\/\/www.miomiorun.com\/de\/\",\"logo\":{\"@type\":\"ImageObject\",\"inLanguage\":\"de-DE\",\"@id\":\"https:\/\/www.miomiorun.com\/de\/#\/schema\/logo\/image\/\",\"url\":\"https:\/\/www.miomiorun.com\/app\/uploads\/2019\/12\/logomio.png\",\"contentUrl\":\"https:\/\/www.miomiorun.com\/app\/uploads\/2019\/12\/logomio.png\",\"width\":115,\"height\":82,\"caption\":\"MioMio Run\"},\"image\":{\"@id\":\"https:\/\/www.miomiorun.com\/de\/#\/schema\/logo\/image\/\"},\"sameAs\":[\"https:\/\/www.facebook.com\/miomiorun\/\",\"https:\/\/www.instagram.com\/miomiorun\/\"]}]}<\/script>\n<!-- \/ Yoast SEO plugin. -->","yoast_head_json":{"title":"Wild Tee T-shirt monte bianco damen - Lauf-T-Shirt - MioMioRun","description":"Ein leichtes und atmungsaktives Funktions-T-Shirt, inspiriert vom Mont Blanc, das Komfort, Vielseitigkeit und Stil beim Trailrunning und in der Freizeit bietet.","robots":{"index":"index","follow":"follow","max-snippet":"max-snippet:-1","max-image-preview":"max-image-preview:large","max-video-preview":"max-video-preview:-1"},"canonical":"https:\/\/www.miomiorun.com\/de\/produkt\/t-shirt-monte-bianco-damen\/","og_locale":"de_DE","og_type":"article","og_title":"Wild Tee T-shirt monte bianco damen - Lauf-T-Shirt - MioMioRun","og_description":"Ein leichtes und atmungsaktives Funktions-T-Shirt, inspiriert vom Mont Blanc, das Komfort, Vielseitigkeit und Stil beim Trailrunning und in der Freizeit bietet.","og_url":"https:\/\/www.miomiorun.com\/de\/produkt\/t-shirt-monte-bianco-damen\/","og_site_name":"MioMioRun","article_publisher":"https:\/\/www.facebook.com\/miomiorun\/","article_modified_time":"2026-05-08T10:01:51+00:00","og_image":[{"width":720,"height":720,"url":"https:\/\/www.miomiorun.com\/app\/uploads\/2026\/04\/WildTee-T-shirt-W-monte-bianco-WT002WT64.webp","type":"image\/webp"}],"twitter_card":"summary_large_image","twitter_misc":{"Est. reading time":"1 minute"},"schema":{"@context":"https:\/\/schema.org","@graph":[{"@type":"WebPage","@id":"https:\/\/www.miomiorun.com\/de\/produkt\/t-shirt-monte-bianco-damen\/","url":"https:\/\/www.miomiorun.com\/de\/produkt\/t-shirt-monte-bianco-damen\/","name":"Wild Tee T-shirt monte bianco damen - Lauf-T-Shirt - MioMioRun","isPartOf":{"@id":"https:\/\/www.miomiorun.com\/de\/#website"},"primaryImageOfPage":{"@id":"https:\/\/www.miomiorun.com\/de\/produkt\/t-shirt-monte-bianco-damen\/#primaryimage"},"image":{"@id":"https:\/\/www.miomiorun.com\/de\/produkt\/t-shirt-monte-bianco-damen\/#primaryimage"},"thumbnailUrl":"https:\/\/www.miomiorun.com\/app\/uploads\/2026\/04\/WildTee-T-shirt-W-monte-bianco-WT002WT64.webp","datePublished":"2026-04-23T15:26:25+00:00","dateModified":"2026-05-08T10:01:51+00:00","description":"Ein leichtes und atmungsaktives Funktions-T-Shirt, inspiriert vom Mont Blanc, das Komfort, Vielseitigkeit und Stil beim Trailrunning und in der Freizeit bietet.","breadcrumb":{"@id":"https:\/\/www.miomiorun.com\/de\/produkt\/t-shirt-monte-bianco-damen\/#breadcrumb"},"inLanguage":"de-DE","potentialAction":[{"@type":"ReadAction","target":["https:\/\/www.miomiorun.com\/de\/produkt\/t-shirt-monte-bianco-damen\/"]}]},{"@type":"ImageObject","inLanguage":"de-DE","@id":"https:\/\/www.miomiorun.com\/de\/produkt\/t-shirt-monte-bianco-damen\/#primaryimage","url":"https:\/\/www.miomiorun.com\/app\/uploads\/2026\/04\/WildTee-T-shirt-W-monte-bianco-WT002WT64.webp","contentUrl":"https:\/\/www.miomiorun.com\/app\/uploads\/2026\/04\/WildTee-T-shirt-W-monte-bianco-WT002WT64.webp","width":720,"height":720,"caption":"WildTee T-shirt W monte bianco WT002WT64"},{"@type":"BreadcrumbList","@id":"https:\/\/www.miomiorun.com\/de\/produkt\/t-shirt-monte-bianco-damen\/#breadcrumb","itemListElement":[{"@type":"ListItem","position":1,"name":"Home","item":"https:\/\/www.miomiorun.com\/de\/"},{"@type":"ListItem","position":2,"name":"Shop","item":"https:\/\/www.miomiorun.com\/shop\/"},{"@type":"ListItem","position":3,"name":"T-shirt monte bianco damen"}]},{"@type":"WebSite","@id":"https:\/\/www.miomiorun.com\/de\/#website","url":"https:\/\/www.miomiorun.com\/de\/","name":"MioMioRun","description":"100% Lauf- und Trailshop","publisher":{"@id":"https:\/\/www.miomiorun.com\/de\/#organization"},"potentialAction":[{"@type":"SearchAction","target":{"@type":"EntryPoint","urlTemplate":"https:\/\/www.miomiorun.com\/de\/?s={search_term_string}"},"query-input":{"@type":"PropertyValueSpecification","valueRequired":true,"valueName":"search_term_string"}}],"inLanguage":"de-DE"},{"@type":"Organization","@id":"https:\/\/www.miomiorun.com\/de\/#organization","name":"MioMio Run","url":"https:\/\/www.miomiorun.com\/de\/","logo":{"@type":"ImageObject","inLanguage":"de-DE","@id":"https:\/\/www.miomiorun.com\/de\/#\/schema\/logo\/image\/","url":"https:\/\/www.miomiorun.com\/app\/uploads\/2019\/12\/logomio.png","contentUrl":"https:\/\/www.miomiorun.com\/app\/uploads\/2019\/12\/logomio.png","width":115,"height":82,"caption":"MioMio Run"},"image":{"@id":"https:\/\/www.miomiorun.com\/de\/#\/schema\/logo\/image\/"},"sameAs":["https:\/\/www.facebook.com\/miomiorun\/","https:\/\/www.instagram.com\/miomiorun\/"]}]}},"_links":{"self":[{"href":"https:\/\/www.miomiorun.com\/de\/wp-json\/wp\/v2\/product\/435522","targetHints":{"allow":["GET"]}}],"collection":[{"href":"https:\/\/www.miomiorun.com\/de\/wp-json\/wp\/v2\/product"}],"about":[{"href":"https:\/\/www.miomiorun.com\/de\/wp-json\/wp\/v2\/types\/product"}],"wp:featuredmedia":[{"embeddable":true,"href":"https:\/\/www.miomiorun.com\/de\/wp-json\/wp\/v2\/media\/435555"}],"wp:attachment":[{"href":"https:\/\/www.miomiorun.com\/de\/wp-json\/wp\/v2\/media?parent=435522"}],"wp:term":[{"taxonomy":"product_brand","embeddable":true,"href":"https:\/\/www.miomiorun.com\/de\/wp-json\/wp\/v2\/product_brand?post=435522"},{"taxonomy":"product_cat","embeddable":true,"href":"https:\/\/www.miomiorun.com\/de\/wp-json\/wp\/v2\/product_cat?post=435522"},{"taxonomy":"product_tag","embeddable":true,"href":"https:\/\/www.miomiorun.com\/de\/wp-json\/wp\/v2\/product_tag?post=435522"}],"curies":[{"name":"wp","href":"https:\/\/api.w.org\/{rel}","templated":true}]}}