{"id":435417,"date":"2026-04-23T16:47:14","date_gmt":"2026-04-23T14:47:14","guid":{"rendered":"https:\/\/www.miomiorun.com\/?post_type=product&#038;p=435417"},"modified":"2026-05-05T18:30:41","modified_gmt":"2026-05-05T16:30:41","slug":"buckled-tre-cime-di-lavaredo-t-shirt-herren","status":"publish","type":"product","link":"https:\/\/www.miomiorun.com\/de\/produkt\/buckled-tre-cime-di-lavaredo-t-shirt-herren\/","title":{"rendered":"Buckled Tre Cime di Lavaredo T-Shirt herren"},"content":{"rendered":"<p data-start=\"0\" data-end=\"361\">Dieses Funktions-T-Shirt in <strong data-start=\"54\" data-end=\"75\">limitierter Auflage<\/strong> entstand in Zusammenarbeit mit <strong data-start=\"107\" data-end=\"126\">Buckled Podcast<\/strong> und ist von den ikonischen <strong data-start=\"151\" data-end=\"175\">Tre Cime di Lavaredo<\/strong> sowie dem legend\u00e4ren Lavaredo Ultra Trail inspiriert. Ein Kleidungsst\u00fcck f\u00fcr alle, die den Trail mit Leidenschaft leben, das <strong data-start=\"276\" data-end=\"296\">unverwechselbaren Stil<\/strong>, <strong data-start=\"298\" data-end=\"314\">Funktionalit\u00e4t<\/strong> und Anspielungen auf die Welt der gro\u00dfen Wettk\u00e4mpfe vereint.<\/p>\n<p data-start=\"363\" data-end=\"403\">Die Konstruktion ist darauf ausgelegt, Folgendes zu gew\u00e4hrleisten:<\/p>\n<ul data-start=\"404\" data-end=\"570\">\n<li data-section-id=\"aksz37\" data-start=\"404\" data-end=\"465\"><strong data-start=\"406\" data-end=\"432\">Maximale Atmungsaktivit\u00e4t<\/strong> bei intensivster Anstrengung<\/li>\n<li data-section-id=\"44cimc\" data-start=\"466\" data-end=\"520\"><strong data-start=\"468\" data-end=\"490\">Anhaltender Komfort<\/strong> auch \u00fcber lange Strecken<\/li>\n<li data-section-id=\"1haqzyi\" data-start=\"521\" data-end=\"570\"><strong data-start=\"523\" data-end=\"551\">Schutz und Vielseitigkeit<\/strong> in jeder Situation<\/li>\n<\/ul>\n<p data-start=\"572\" data-end=\"1202\">Hergestellt aus <strong data-start=\"586\" data-end=\"617\">seidenweichem Micromesh<\/strong>, bietet es ein leichtes und geschmeidiges Tragegef\u00fchl auf der Haut. Das Gewicht ist so ausgelegt, dass es sich perfekt f\u00fcr <strong data-start=\"725\" data-end=\"748\">Trail- und Ultra-Trail-L\u00e4ufe<\/strong> eignet, atmungsaktiv bei hohen Temperaturen und ausreichend bedeckend bei sinkenden Temperaturen. Die Konstruktion tr\u00e4gt zudem dazu bei, <strong data-start=\"884\" data-end=\"923\">das Scheuern des Rucksacks<\/strong> an den Schultern zu reduzieren und verbessert so den Komfort bei l\u00e4ngeren Touren. Der <strong data-start=\"989\" data-end=\"1021\">vollfl\u00e4chige Sublimationsdruck<\/strong> garantiert langlebige Farben und Details, ohne dass diese verblassen oder sich abnutzen. Mit einem Gewicht von etwa <strong data-start=\"1126\" data-end=\"1140\">105 Gramm<\/strong> ist es sowohl f\u00fcr die Berge als auch f\u00fcr das Training in der Stadt ideal.<\/p>\n","protected":false},"excerpt":{"rendered":"<ul>\n<li data-section-id=\"16d23x0\" data-start=\"1418\" data-end=\"1499\"><strong data-start=\"1420\" data-end=\"1463\">Leichtes und atmungsaktives Micromesh-Material<\/strong> f\u00fcr Komfort und optimales W\u00e4rmemanagement<\/li>\n<li data-section-id=\"1s0ecz\" data-start=\"1500\" data-end=\"1566\"><strong data-start=\"1502\" data-end=\"1538\">Strapazierf\u00e4higer Sublimationsdruck<\/strong>, der auch nach l\u00e4ngerer Zeit nicht ausbleicht<\/li>\n<li data-section-id=\"1euwc4x\" data-start=\"1567\" data-end=\"1647\" data-is-last-node=\"\"><strong data-start=\"1569\" data-end=\"1616\">Ideal f\u00fcr Trail, Ultra-Trail und Training<\/strong> mit Schutz auch beim Tragen eines Rucksacks<\/li>\n<\/ul>\n","protected":false},"featured_media":435455,"template":"","meta":{"_acf_changed":false,"inline_featured_image":false},"product_brand":[],"product_cat":[6515,6540,6508],"product_tag":[3399,6294],"class_list":{"0":"post-435417","1":"product","2":"type-product","3":"status-publish","4":"has-post-thumbnail","6":"product_cat-herren-de","7":"product_cat-herrenbekleidung","8":"product_cat-herrent-shirt","9":"product_tag-wild-tee-de","10":"product_tag-wild-tee-herren-de","11":"pa_attivita-gehen","12":"pa_attivita-running-de","13":"pa_attivita-trail-de","14":"pa_marca-wild-tee-de","15":"pa_sesso-herren","16":"pa_size-small-de","17":"pa_size-medium-de","18":"pa_size-large-de","19":"pa_size-extra-large-de","21":"first","22":"instock","23":"sale","24":"taxable","25":"shipping-taxable","26":"purchasable","27":"product-type-variable","28":"wvs-archive-product-wrapper"},"acf":[],"yoast_head":"<!-- This site is optimized with the Yoast SEO plugin v26.8 - https:\/\/yoast.com\/product\/yoast-seo-wordpress\/ -->\n<title>Wild Tee Buckled Tre Cime di Lavaredo T-Shirt herren - Lauf-T-Shirt - MioMioRun.com<\/title>\n<meta name=\"description\" content=\"Leichtes und atmungsaktives Funktions-T-Shirt in limitierter Auflage, das bei jedem Lauf Komfort, Strapazierf\u00e4higkeit und Trail-inspirierten Stil bietet.\" \/>\n<meta name=\"robots\" content=\"index, follow, max-snippet:-1, max-image-preview:large, max-video-preview:-1\" \/>\n<link rel=\"canonical\" href=\"https:\/\/www.miomiorun.com\/de\/produkt\/buckled-tre-cime-di-lavaredo-t-shirt-herren\/\" \/>\n<meta property=\"og:locale\" content=\"de_DE\" \/>\n<meta property=\"og:type\" content=\"article\" \/>\n<meta property=\"og:title\" content=\"Wild Tee Buckled Tre Cime di Lavaredo T-Shirt herren - Lauf-T-Shirt - MioMioRun.com\" \/>\n<meta property=\"og:description\" content=\"Leichtes und atmungsaktives Funktions-T-Shirt in limitierter Auflage, das bei jedem Lauf Komfort, Strapazierf\u00e4higkeit und Trail-inspirierten Stil bietet.\" \/>\n<meta property=\"og:url\" content=\"https:\/\/www.miomiorun.com\/de\/produkt\/buckled-tre-cime-di-lavaredo-t-shirt-herren\/\" \/>\n<meta property=\"og:site_name\" content=\"MioMioRun\" \/>\n<meta property=\"article:publisher\" content=\"https:\/\/www.facebook.com\/miomiorun\/\" \/>\n<meta property=\"article:modified_time\" content=\"2026-05-05T16:30:41+00:00\" \/>\n<meta property=\"og:image\" content=\"https:\/\/www.miomiorun.com\/app\/uploads\/2026\/04\/WildTee-T-shirt-M-buckled-tre-cime-WT001WT193.webp\" \/>\n\t<meta property=\"og:image:width\" content=\"720\" \/>\n\t<meta property=\"og:image:height\" content=\"720\" \/>\n\t<meta property=\"og:image:type\" content=\"image\/webp\" \/>\n<meta name=\"twitter:card\" content=\"summary_large_image\" \/>\n<meta name=\"twitter:label1\" content=\"Est. reading time\" \/>\n\t<meta name=\"twitter:data1\" content=\"1 minute\" \/>\n<script type=\"application\/ld+json\" class=\"yoast-schema-graph\">{\"@context\":\"https:\/\/schema.org\",\"@graph\":[{\"@type\":\"WebPage\",\"@id\":\"https:\/\/www.miomiorun.com\/de\/produkt\/buckled-tre-cime-di-lavaredo-t-shirt-herren\/\",\"url\":\"https:\/\/www.miomiorun.com\/de\/produkt\/buckled-tre-cime-di-lavaredo-t-shirt-herren\/\",\"name\":\"Wild Tee Buckled Tre Cime di Lavaredo T-Shirt herren - Lauf-T-Shirt - MioMioRun.com\",\"isPartOf\":{\"@id\":\"https:\/\/www.miomiorun.com\/de\/#website\"},\"primaryImageOfPage\":{\"@id\":\"https:\/\/www.miomiorun.com\/de\/produkt\/buckled-tre-cime-di-lavaredo-t-shirt-herren\/#primaryimage\"},\"image\":{\"@id\":\"https:\/\/www.miomiorun.com\/de\/produkt\/buckled-tre-cime-di-lavaredo-t-shirt-herren\/#primaryimage\"},\"thumbnailUrl\":\"https:\/\/www.miomiorun.com\/app\/uploads\/2026\/04\/WildTee-T-shirt-M-buckled-tre-cime-WT001WT193.webp\",\"datePublished\":\"2026-04-23T14:47:14+00:00\",\"dateModified\":\"2026-05-05T16:30:41+00:00\",\"description\":\"Leichtes und atmungsaktives Funktions-T-Shirt in limitierter Auflage, das bei jedem Lauf Komfort, Strapazierf\u00e4higkeit und Trail-inspirierten Stil bietet.\",\"breadcrumb\":{\"@id\":\"https:\/\/www.miomiorun.com\/de\/produkt\/buckled-tre-cime-di-lavaredo-t-shirt-herren\/#breadcrumb\"},\"inLanguage\":\"de-DE\",\"potentialAction\":[{\"@type\":\"ReadAction\",\"target\":[\"https:\/\/www.miomiorun.com\/de\/produkt\/buckled-tre-cime-di-lavaredo-t-shirt-herren\/\"]}]},{\"@type\":\"ImageObject\",\"inLanguage\":\"de-DE\",\"@id\":\"https:\/\/www.miomiorun.com\/de\/produkt\/buckled-tre-cime-di-lavaredo-t-shirt-herren\/#primaryimage\",\"url\":\"https:\/\/www.miomiorun.com\/app\/uploads\/2026\/04\/WildTee-T-shirt-M-buckled-tre-cime-WT001WT193.webp\",\"contentUrl\":\"https:\/\/www.miomiorun.com\/app\/uploads\/2026\/04\/WildTee-T-shirt-M-buckled-tre-cime-WT001WT193.webp\",\"width\":720,\"height\":720,\"caption\":\"WildTee T-shirt M buckled tre cime WT001WT193\"},{\"@type\":\"BreadcrumbList\",\"@id\":\"https:\/\/www.miomiorun.com\/de\/produkt\/buckled-tre-cime-di-lavaredo-t-shirt-herren\/#breadcrumb\",\"itemListElement\":[{\"@type\":\"ListItem\",\"position\":1,\"name\":\"Home\",\"item\":\"https:\/\/www.miomiorun.com\/de\/\"},{\"@type\":\"ListItem\",\"position\":2,\"name\":\"Shop\",\"item\":\"https:\/\/www.miomiorun.com\/shop\/\"},{\"@type\":\"ListItem\",\"position\":3,\"name\":\"Buckled Tre Cime di Lavaredo T-Shirt herren\"}]},{\"@type\":\"WebSite\",\"@id\":\"https:\/\/www.miomiorun.com\/de\/#website\",\"url\":\"https:\/\/www.miomiorun.com\/de\/\",\"name\":\"MioMioRun\",\"description\":\"100% Lauf- und Trailshop\",\"publisher\":{\"@id\":\"https:\/\/www.miomiorun.com\/de\/#organization\"},\"potentialAction\":[{\"@type\":\"SearchAction\",\"target\":{\"@type\":\"EntryPoint\",\"urlTemplate\":\"https:\/\/www.miomiorun.com\/de\/?s={search_term_string}\"},\"query-input\":{\"@type\":\"PropertyValueSpecification\",\"valueRequired\":true,\"valueName\":\"search_term_string\"}}],\"inLanguage\":\"de-DE\"},{\"@type\":\"Organization\",\"@id\":\"https:\/\/www.miomiorun.com\/de\/#organization\",\"name\":\"MioMio Run\",\"url\":\"https:\/\/www.miomiorun.com\/de\/\",\"logo\":{\"@type\":\"ImageObject\",\"inLanguage\":\"de-DE\",\"@id\":\"https:\/\/www.miomiorun.com\/de\/#\/schema\/logo\/image\/\",\"url\":\"https:\/\/www.miomiorun.com\/app\/uploads\/2019\/12\/logomio.png\",\"contentUrl\":\"https:\/\/www.miomiorun.com\/app\/uploads\/2019\/12\/logomio.png\",\"width\":115,\"height\":82,\"caption\":\"MioMio Run\"},\"image\":{\"@id\":\"https:\/\/www.miomiorun.com\/de\/#\/schema\/logo\/image\/\"},\"sameAs\":[\"https:\/\/www.facebook.com\/miomiorun\/\",\"https:\/\/www.instagram.com\/miomiorun\/\"]}]}<\/script>\n<!-- \/ Yoast SEO plugin. -->","yoast_head_json":{"title":"Wild Tee Buckled Tre Cime di Lavaredo T-Shirt herren - Lauf-T-Shirt - MioMioRun.com","description":"Leichtes und atmungsaktives Funktions-T-Shirt in limitierter Auflage, das bei jedem Lauf Komfort, Strapazierf\u00e4higkeit und Trail-inspirierten Stil bietet.","robots":{"index":"index","follow":"follow","max-snippet":"max-snippet:-1","max-image-preview":"max-image-preview:large","max-video-preview":"max-video-preview:-1"},"canonical":"https:\/\/www.miomiorun.com\/de\/produkt\/buckled-tre-cime-di-lavaredo-t-shirt-herren\/","og_locale":"de_DE","og_type":"article","og_title":"Wild Tee Buckled Tre Cime di Lavaredo T-Shirt herren - Lauf-T-Shirt - MioMioRun.com","og_description":"Leichtes und atmungsaktives Funktions-T-Shirt in limitierter Auflage, das bei jedem Lauf Komfort, Strapazierf\u00e4higkeit und Trail-inspirierten Stil bietet.","og_url":"https:\/\/www.miomiorun.com\/de\/produkt\/buckled-tre-cime-di-lavaredo-t-shirt-herren\/","og_site_name":"MioMioRun","article_publisher":"https:\/\/www.facebook.com\/miomiorun\/","article_modified_time":"2026-05-05T16:30:41+00:00","og_image":[{"width":720,"height":720,"url":"https:\/\/www.miomiorun.com\/app\/uploads\/2026\/04\/WildTee-T-shirt-M-buckled-tre-cime-WT001WT193.webp","type":"image\/webp"}],"twitter_card":"summary_large_image","twitter_misc":{"Est. reading time":"1 minute"},"schema":{"@context":"https:\/\/schema.org","@graph":[{"@type":"WebPage","@id":"https:\/\/www.miomiorun.com\/de\/produkt\/buckled-tre-cime-di-lavaredo-t-shirt-herren\/","url":"https:\/\/www.miomiorun.com\/de\/produkt\/buckled-tre-cime-di-lavaredo-t-shirt-herren\/","name":"Wild Tee Buckled Tre Cime di Lavaredo T-Shirt herren - Lauf-T-Shirt - MioMioRun.com","isPartOf":{"@id":"https:\/\/www.miomiorun.com\/de\/#website"},"primaryImageOfPage":{"@id":"https:\/\/www.miomiorun.com\/de\/produkt\/buckled-tre-cime-di-lavaredo-t-shirt-herren\/#primaryimage"},"image":{"@id":"https:\/\/www.miomiorun.com\/de\/produkt\/buckled-tre-cime-di-lavaredo-t-shirt-herren\/#primaryimage"},"thumbnailUrl":"https:\/\/www.miomiorun.com\/app\/uploads\/2026\/04\/WildTee-T-shirt-M-buckled-tre-cime-WT001WT193.webp","datePublished":"2026-04-23T14:47:14+00:00","dateModified":"2026-05-05T16:30:41+00:00","description":"Leichtes und atmungsaktives Funktions-T-Shirt in limitierter Auflage, das bei jedem Lauf Komfort, Strapazierf\u00e4higkeit und Trail-inspirierten Stil bietet.","breadcrumb":{"@id":"https:\/\/www.miomiorun.com\/de\/produkt\/buckled-tre-cime-di-lavaredo-t-shirt-herren\/#breadcrumb"},"inLanguage":"de-DE","potentialAction":[{"@type":"ReadAction","target":["https:\/\/www.miomiorun.com\/de\/produkt\/buckled-tre-cime-di-lavaredo-t-shirt-herren\/"]}]},{"@type":"ImageObject","inLanguage":"de-DE","@id":"https:\/\/www.miomiorun.com\/de\/produkt\/buckled-tre-cime-di-lavaredo-t-shirt-herren\/#primaryimage","url":"https:\/\/www.miomiorun.com\/app\/uploads\/2026\/04\/WildTee-T-shirt-M-buckled-tre-cime-WT001WT193.webp","contentUrl":"https:\/\/www.miomiorun.com\/app\/uploads\/2026\/04\/WildTee-T-shirt-M-buckled-tre-cime-WT001WT193.webp","width":720,"height":720,"caption":"WildTee T-shirt M buckled tre cime WT001WT193"},{"@type":"BreadcrumbList","@id":"https:\/\/www.miomiorun.com\/de\/produkt\/buckled-tre-cime-di-lavaredo-t-shirt-herren\/#breadcrumb","itemListElement":[{"@type":"ListItem","position":1,"name":"Home","item":"https:\/\/www.miomiorun.com\/de\/"},{"@type":"ListItem","position":2,"name":"Shop","item":"https:\/\/www.miomiorun.com\/shop\/"},{"@type":"ListItem","position":3,"name":"Buckled Tre Cime di Lavaredo T-Shirt herren"}]},{"@type":"WebSite","@id":"https:\/\/www.miomiorun.com\/de\/#website","url":"https:\/\/www.miomiorun.com\/de\/","name":"MioMioRun","description":"100% Lauf- und Trailshop","publisher":{"@id":"https:\/\/www.miomiorun.com\/de\/#organization"},"potentialAction":[{"@type":"SearchAction","target":{"@type":"EntryPoint","urlTemplate":"https:\/\/www.miomiorun.com\/de\/?s={search_term_string}"},"query-input":{"@type":"PropertyValueSpecification","valueRequired":true,"valueName":"search_term_string"}}],"inLanguage":"de-DE"},{"@type":"Organization","@id":"https:\/\/www.miomiorun.com\/de\/#organization","name":"MioMio Run","url":"https:\/\/www.miomiorun.com\/de\/","logo":{"@type":"ImageObject","inLanguage":"de-DE","@id":"https:\/\/www.miomiorun.com\/de\/#\/schema\/logo\/image\/","url":"https:\/\/www.miomiorun.com\/app\/uploads\/2019\/12\/logomio.png","contentUrl":"https:\/\/www.miomiorun.com\/app\/uploads\/2019\/12\/logomio.png","width":115,"height":82,"caption":"MioMio Run"},"image":{"@id":"https:\/\/www.miomiorun.com\/de\/#\/schema\/logo\/image\/"},"sameAs":["https:\/\/www.facebook.com\/miomiorun\/","https:\/\/www.instagram.com\/miomiorun\/"]}]}},"_links":{"self":[{"href":"https:\/\/www.miomiorun.com\/de\/wp-json\/wp\/v2\/product\/435417","targetHints":{"allow":["GET"]}}],"collection":[{"href":"https:\/\/www.miomiorun.com\/de\/wp-json\/wp\/v2\/product"}],"about":[{"href":"https:\/\/www.miomiorun.com\/de\/wp-json\/wp\/v2\/types\/product"}],"wp:featuredmedia":[{"embeddable":true,"href":"https:\/\/www.miomiorun.com\/de\/wp-json\/wp\/v2\/media\/435455"}],"wp:attachment":[{"href":"https:\/\/www.miomiorun.com\/de\/wp-json\/wp\/v2\/media?parent=435417"}],"wp:term":[{"taxonomy":"product_brand","embeddable":true,"href":"https:\/\/www.miomiorun.com\/de\/wp-json\/wp\/v2\/product_brand?post=435417"},{"taxonomy":"product_cat","embeddable":true,"href":"https:\/\/www.miomiorun.com\/de\/wp-json\/wp\/v2\/product_cat?post=435417"},{"taxonomy":"product_tag","embeddable":true,"href":"https:\/\/www.miomiorun.com\/de\/wp-json\/wp\/v2\/product_tag?post=435417"}],"curies":[{"name":"wp","href":"https:\/\/api.w.org\/{rel}","templated":true}]}}