{"id":435318,"date":"2026-04-22T16:37:12","date_gmt":"2026-04-22T14:37:12","guid":{"rendered":"https:\/\/www.miomiorun.com\/?post_type=product&#038;p=435318"},"modified":"2026-05-05T18:22:43","modified_gmt":"2026-05-05T16:22:43","slug":"endurance-hut-metal-logo","status":"publish","type":"product","link":"https:\/\/www.miomiorun.com\/de\/produkt\/endurance-hut-metal-logo\/","title":{"rendered":"Endurance-Hut metal logo"},"content":{"rendered":"<p data-start=\"0\" data-end=\"374\">Die Wild Tee Endurance-Kappe vereint <strong data-start=\"67\" data-end=\"91\">maximale Bel\u00fcftung<\/strong> und <strong data-start=\"94\" data-end=\"112\">minimalistisches Design<\/strong> und entwickelt das Bestseller-Modell durch das charakteristische <strong data-start=\"177\" data-end=\"191\">Metal-Logo<\/strong> weiter. Die schlichte <strong data-start=\"196\" data-end=\"216\">schwarze Farbgebung<\/strong> wird durch ein <strong data-start=\"247\" data-end=\"287\">reflektierendes 3M\u2122-Detail an der Krempe<\/strong> erg\u00e4nzt, das die Sichtbarkeit bei Ausfahrten bei schlechten Lichtverh\u00e4ltnissen verbessern soll.<\/p>\n<p data-start=\"376\" data-end=\"416\">Die Konstruktion ist so konzipiert, dass sie Folgendes gew\u00e4hrleistet:<\/p>\n<ul data-start=\"417\" data-end=\"595\">\n<li data-section-id=\"1hu70mi\" data-start=\"417\" data-end=\"482\"><strong data-start=\"419\" data-end=\"439\">Vollst\u00e4ndige Bel\u00fcftung<\/strong> dank der 4 vollst\u00e4ndig aus Mesh bestehenden Eins\u00e4tze<\/li>\n<li data-section-id=\"esbeyi\" data-start=\"483\" data-end=\"540\"><strong data-start=\"485\" data-end=\"507\">Lang anhaltender Komfort<\/strong> mit integriertem Schwei\u00dfband<\/li>\n<li data-section-id=\"q4671z\" data-start=\"541\" data-end=\"595\"><strong data-start=\"543\" data-end=\"569\">Universelle Passform<\/strong> mit verstellbarem Verschluss<\/li>\n<\/ul>\n<p data-start=\"597\" data-end=\"975\">Die <strong data-start=\"600\" data-end=\"631\">gepolsterte und flexible Krempe<\/strong> bietet Schutz ohne zu steifen, w\u00e4hrend die <strong data-start=\"674\" data-end=\"692\">gestickten Logos<\/strong> \u2013 Metal-Logo vorne und klassisches Logo hinten \u2013 das schlichte, aber unverwechselbare Design abrunden. Zusammenfaltbar und maschinenwaschbar, ist sie ideal, um dich bei jedem Training zu begleiten. Mit einem Gewicht von nur <strong data-start=\"892\" data-end=\"905\">25 Gramm<\/strong> ist sie extrem leicht und praktisch. Material: <strong data-start=\"955\" data-end=\"974\">100 % Polyester<\/strong>.<\/p>\n","protected":false},"excerpt":{"rendered":"<ul class=\"m-long-description__features\">\n<li class=\"m-long-description__feature\">Schnelltrocknend<\/li>\n<li class=\"m-long-description__feature\">Verstellbare Passform<\/li>\n<\/ul>\n","protected":false},"featured_media":435324,"template":"","meta":{"_acf_changed":false,"inline_featured_image":false},"product_brand":[],"product_cat":[6342,6372,6374],"product_tag":[3399],"class_list":{"0":"post-435318","1":"product","2":"type-product","3":"status-publish","4":"has-post-thumbnail","6":"product_cat-zubehoer","7":"product_cat-aufwaermausruestung-de","8":"product_cat-haar-de","9":"product_tag-wild-tee-de","10":"pa_attivita-gehen","11":"pa_attivita-outdoor-de","12":"pa_attivita-running-de","13":"pa_attivita-trail-de","14":"pa_marca-wild-tee-de","15":"pa_sesso-damen","16":"pa_sesso-herren","18":"first","19":"instock","20":"sale","21":"taxable","22":"shipping-taxable","23":"purchasable","24":"product-type-simple"},"acf":[],"yoast_head":"<!-- This site is optimized with the Yoast SEO plugin v26.8 - https:\/\/yoast.com\/product\/yoast-seo-wordpress\/ -->\n<title>Wild TeeEndurance-Hut metal logo - Laufm\u00fctze - MioMioRun<\/title>\n<meta name=\"description\" content=\"Leichte, extrem luftdurchl\u00e4ssige Funktionsm\u00fctze, die bei jeder Aktivit\u00e4t Komfort, gute Sicht und minimalistischen Stil bietet.\" \/>\n<meta name=\"robots\" content=\"index, follow, max-snippet:-1, max-image-preview:large, max-video-preview:-1\" \/>\n<link rel=\"canonical\" href=\"https:\/\/www.miomiorun.com\/de\/produkt\/endurance-hut-metal-logo\/\" \/>\n<meta property=\"og:locale\" content=\"de_DE\" \/>\n<meta property=\"og:type\" content=\"article\" \/>\n<meta property=\"og:title\" content=\"Wild TeeEndurance-Hut metal logo - Laufm\u00fctze - MioMioRun\" \/>\n<meta property=\"og:description\" content=\"Leichte, extrem luftdurchl\u00e4ssige Funktionsm\u00fctze, die bei jeder Aktivit\u00e4t Komfort, gute Sicht und minimalistischen Stil bietet.\" \/>\n<meta property=\"og:url\" content=\"https:\/\/www.miomiorun.com\/de\/produkt\/endurance-hut-metal-logo\/\" \/>\n<meta property=\"og:site_name\" content=\"MioMioRun\" \/>\n<meta property=\"article:publisher\" content=\"https:\/\/www.facebook.com\/miomiorun\/\" \/>\n<meta property=\"article:modified_time\" content=\"2026-05-05T16:22:43+00:00\" \/>\n<meta property=\"og:image\" content=\"https:\/\/www.miomiorun.com\/app\/uploads\/2026\/04\/WildTee-Endurance-hat-metal-logo-WT090WT30.webp\" \/>\n\t<meta property=\"og:image:width\" content=\"720\" \/>\n\t<meta property=\"og:image:height\" content=\"720\" \/>\n\t<meta property=\"og:image:type\" content=\"image\/webp\" \/>\n<meta name=\"twitter:card\" content=\"summary_large_image\" \/>\n<meta name=\"twitter:label1\" content=\"Est. reading time\" \/>\n\t<meta name=\"twitter:data1\" content=\"1 minute\" \/>\n<script type=\"application\/ld+json\" class=\"yoast-schema-graph\">{\"@context\":\"https:\/\/schema.org\",\"@graph\":[{\"@type\":\"WebPage\",\"@id\":\"https:\/\/www.miomiorun.com\/de\/produkt\/endurance-hut-metal-logo\/\",\"url\":\"https:\/\/www.miomiorun.com\/de\/produkt\/endurance-hut-metal-logo\/\",\"name\":\"Wild TeeEndurance-Hut metal logo - Laufm\u00fctze - MioMioRun\",\"isPartOf\":{\"@id\":\"https:\/\/www.miomiorun.com\/de\/#website\"},\"primaryImageOfPage\":{\"@id\":\"https:\/\/www.miomiorun.com\/de\/produkt\/endurance-hut-metal-logo\/#primaryimage\"},\"image\":{\"@id\":\"https:\/\/www.miomiorun.com\/de\/produkt\/endurance-hut-metal-logo\/#primaryimage\"},\"thumbnailUrl\":\"https:\/\/www.miomiorun.com\/app\/uploads\/2026\/04\/WildTee-Endurance-hat-metal-logo-WT090WT30.webp\",\"datePublished\":\"2026-04-22T14:37:12+00:00\",\"dateModified\":\"2026-05-05T16:22:43+00:00\",\"description\":\"Leichte, extrem luftdurchl\u00e4ssige Funktionsm\u00fctze, die bei jeder Aktivit\u00e4t Komfort, gute Sicht und minimalistischen Stil bietet.\",\"breadcrumb\":{\"@id\":\"https:\/\/www.miomiorun.com\/de\/produkt\/endurance-hut-metal-logo\/#breadcrumb\"},\"inLanguage\":\"de-DE\",\"potentialAction\":[{\"@type\":\"ReadAction\",\"target\":[\"https:\/\/www.miomiorun.com\/de\/produkt\/endurance-hut-metal-logo\/\"]}]},{\"@type\":\"ImageObject\",\"inLanguage\":\"de-DE\",\"@id\":\"https:\/\/www.miomiorun.com\/de\/produkt\/endurance-hut-metal-logo\/#primaryimage\",\"url\":\"https:\/\/www.miomiorun.com\/app\/uploads\/2026\/04\/WildTee-Endurance-hat-metal-logo-WT090WT30.webp\",\"contentUrl\":\"https:\/\/www.miomiorun.com\/app\/uploads\/2026\/04\/WildTee-Endurance-hat-metal-logo-WT090WT30.webp\",\"width\":720,\"height\":720,\"caption\":\"WildTee Endurance hat metal logo WT090WT30\"},{\"@type\":\"BreadcrumbList\",\"@id\":\"https:\/\/www.miomiorun.com\/de\/produkt\/endurance-hut-metal-logo\/#breadcrumb\",\"itemListElement\":[{\"@type\":\"ListItem\",\"position\":1,\"name\":\"Home\",\"item\":\"https:\/\/www.miomiorun.com\/de\/\"},{\"@type\":\"ListItem\",\"position\":2,\"name\":\"Shop\",\"item\":\"https:\/\/www.miomiorun.com\/shop\/\"},{\"@type\":\"ListItem\",\"position\":3,\"name\":\"Endurance-Hut metal logo\"}]},{\"@type\":\"WebSite\",\"@id\":\"https:\/\/www.miomiorun.com\/de\/#website\",\"url\":\"https:\/\/www.miomiorun.com\/de\/\",\"name\":\"MioMioRun\",\"description\":\"100% Lauf- und Trailshop\",\"publisher\":{\"@id\":\"https:\/\/www.miomiorun.com\/de\/#organization\"},\"potentialAction\":[{\"@type\":\"SearchAction\",\"target\":{\"@type\":\"EntryPoint\",\"urlTemplate\":\"https:\/\/www.miomiorun.com\/de\/?s={search_term_string}\"},\"query-input\":{\"@type\":\"PropertyValueSpecification\",\"valueRequired\":true,\"valueName\":\"search_term_string\"}}],\"inLanguage\":\"de-DE\"},{\"@type\":\"Organization\",\"@id\":\"https:\/\/www.miomiorun.com\/de\/#organization\",\"name\":\"MioMio Run\",\"url\":\"https:\/\/www.miomiorun.com\/de\/\",\"logo\":{\"@type\":\"ImageObject\",\"inLanguage\":\"de-DE\",\"@id\":\"https:\/\/www.miomiorun.com\/de\/#\/schema\/logo\/image\/\",\"url\":\"https:\/\/www.miomiorun.com\/app\/uploads\/2019\/12\/logomio.png\",\"contentUrl\":\"https:\/\/www.miomiorun.com\/app\/uploads\/2019\/12\/logomio.png\",\"width\":115,\"height\":82,\"caption\":\"MioMio Run\"},\"image\":{\"@id\":\"https:\/\/www.miomiorun.com\/de\/#\/schema\/logo\/image\/\"},\"sameAs\":[\"https:\/\/www.facebook.com\/miomiorun\/\",\"https:\/\/www.instagram.com\/miomiorun\/\"]}]}<\/script>\n<!-- \/ Yoast SEO plugin. -->","yoast_head_json":{"title":"Wild TeeEndurance-Hut metal logo - Laufm\u00fctze - MioMioRun","description":"Leichte, extrem luftdurchl\u00e4ssige Funktionsm\u00fctze, die bei jeder Aktivit\u00e4t Komfort, gute Sicht und minimalistischen Stil bietet.","robots":{"index":"index","follow":"follow","max-snippet":"max-snippet:-1","max-image-preview":"max-image-preview:large","max-video-preview":"max-video-preview:-1"},"canonical":"https:\/\/www.miomiorun.com\/de\/produkt\/endurance-hut-metal-logo\/","og_locale":"de_DE","og_type":"article","og_title":"Wild TeeEndurance-Hut metal logo - Laufm\u00fctze - MioMioRun","og_description":"Leichte, extrem luftdurchl\u00e4ssige Funktionsm\u00fctze, die bei jeder Aktivit\u00e4t Komfort, gute Sicht und minimalistischen Stil bietet.","og_url":"https:\/\/www.miomiorun.com\/de\/produkt\/endurance-hut-metal-logo\/","og_site_name":"MioMioRun","article_publisher":"https:\/\/www.facebook.com\/miomiorun\/","article_modified_time":"2026-05-05T16:22:43+00:00","og_image":[{"width":720,"height":720,"url":"https:\/\/www.miomiorun.com\/app\/uploads\/2026\/04\/WildTee-Endurance-hat-metal-logo-WT090WT30.webp","type":"image\/webp"}],"twitter_card":"summary_large_image","twitter_misc":{"Est. reading time":"1 minute"},"schema":{"@context":"https:\/\/schema.org","@graph":[{"@type":"WebPage","@id":"https:\/\/www.miomiorun.com\/de\/produkt\/endurance-hut-metal-logo\/","url":"https:\/\/www.miomiorun.com\/de\/produkt\/endurance-hut-metal-logo\/","name":"Wild TeeEndurance-Hut metal logo - Laufm\u00fctze - MioMioRun","isPartOf":{"@id":"https:\/\/www.miomiorun.com\/de\/#website"},"primaryImageOfPage":{"@id":"https:\/\/www.miomiorun.com\/de\/produkt\/endurance-hut-metal-logo\/#primaryimage"},"image":{"@id":"https:\/\/www.miomiorun.com\/de\/produkt\/endurance-hut-metal-logo\/#primaryimage"},"thumbnailUrl":"https:\/\/www.miomiorun.com\/app\/uploads\/2026\/04\/WildTee-Endurance-hat-metal-logo-WT090WT30.webp","datePublished":"2026-04-22T14:37:12+00:00","dateModified":"2026-05-05T16:22:43+00:00","description":"Leichte, extrem luftdurchl\u00e4ssige Funktionsm\u00fctze, die bei jeder Aktivit\u00e4t Komfort, gute Sicht und minimalistischen Stil bietet.","breadcrumb":{"@id":"https:\/\/www.miomiorun.com\/de\/produkt\/endurance-hut-metal-logo\/#breadcrumb"},"inLanguage":"de-DE","potentialAction":[{"@type":"ReadAction","target":["https:\/\/www.miomiorun.com\/de\/produkt\/endurance-hut-metal-logo\/"]}]},{"@type":"ImageObject","inLanguage":"de-DE","@id":"https:\/\/www.miomiorun.com\/de\/produkt\/endurance-hut-metal-logo\/#primaryimage","url":"https:\/\/www.miomiorun.com\/app\/uploads\/2026\/04\/WildTee-Endurance-hat-metal-logo-WT090WT30.webp","contentUrl":"https:\/\/www.miomiorun.com\/app\/uploads\/2026\/04\/WildTee-Endurance-hat-metal-logo-WT090WT30.webp","width":720,"height":720,"caption":"WildTee Endurance hat metal logo WT090WT30"},{"@type":"BreadcrumbList","@id":"https:\/\/www.miomiorun.com\/de\/produkt\/endurance-hut-metal-logo\/#breadcrumb","itemListElement":[{"@type":"ListItem","position":1,"name":"Home","item":"https:\/\/www.miomiorun.com\/de\/"},{"@type":"ListItem","position":2,"name":"Shop","item":"https:\/\/www.miomiorun.com\/shop\/"},{"@type":"ListItem","position":3,"name":"Endurance-Hut metal logo"}]},{"@type":"WebSite","@id":"https:\/\/www.miomiorun.com\/de\/#website","url":"https:\/\/www.miomiorun.com\/de\/","name":"MioMioRun","description":"100% Lauf- und Trailshop","publisher":{"@id":"https:\/\/www.miomiorun.com\/de\/#organization"},"potentialAction":[{"@type":"SearchAction","target":{"@type":"EntryPoint","urlTemplate":"https:\/\/www.miomiorun.com\/de\/?s={search_term_string}"},"query-input":{"@type":"PropertyValueSpecification","valueRequired":true,"valueName":"search_term_string"}}],"inLanguage":"de-DE"},{"@type":"Organization","@id":"https:\/\/www.miomiorun.com\/de\/#organization","name":"MioMio Run","url":"https:\/\/www.miomiorun.com\/de\/","logo":{"@type":"ImageObject","inLanguage":"de-DE","@id":"https:\/\/www.miomiorun.com\/de\/#\/schema\/logo\/image\/","url":"https:\/\/www.miomiorun.com\/app\/uploads\/2019\/12\/logomio.png","contentUrl":"https:\/\/www.miomiorun.com\/app\/uploads\/2019\/12\/logomio.png","width":115,"height":82,"caption":"MioMio Run"},"image":{"@id":"https:\/\/www.miomiorun.com\/de\/#\/schema\/logo\/image\/"},"sameAs":["https:\/\/www.facebook.com\/miomiorun\/","https:\/\/www.instagram.com\/miomiorun\/"]}]}},"_links":{"self":[{"href":"https:\/\/www.miomiorun.com\/de\/wp-json\/wp\/v2\/product\/435318","targetHints":{"allow":["GET"]}}],"collection":[{"href":"https:\/\/www.miomiorun.com\/de\/wp-json\/wp\/v2\/product"}],"about":[{"href":"https:\/\/www.miomiorun.com\/de\/wp-json\/wp\/v2\/types\/product"}],"wp:featuredmedia":[{"embeddable":true,"href":"https:\/\/www.miomiorun.com\/de\/wp-json\/wp\/v2\/media\/435324"}],"wp:attachment":[{"href":"https:\/\/www.miomiorun.com\/de\/wp-json\/wp\/v2\/media?parent=435318"}],"wp:term":[{"taxonomy":"product_brand","embeddable":true,"href":"https:\/\/www.miomiorun.com\/de\/wp-json\/wp\/v2\/product_brand?post=435318"},{"taxonomy":"product_cat","embeddable":true,"href":"https:\/\/www.miomiorun.com\/de\/wp-json\/wp\/v2\/product_cat?post=435318"},{"taxonomy":"product_tag","embeddable":true,"href":"https:\/\/www.miomiorun.com\/de\/wp-json\/wp\/v2\/product_tag?post=435318"}],"curies":[{"name":"wp","href":"https:\/\/api.w.org\/{rel}","templated":true}]}}