{"id":435302,"date":"2026-04-22T16:33:24","date_gmt":"2026-04-22T14:33:24","guid":{"rendered":"https:\/\/www.miomiorun.com\/?post_type=product&#038;p=435302"},"modified":"2026-05-05T18:02:22","modified_gmt":"2026-05-05T16:02:22","slug":"endurance-not-now-hut","status":"publish","type":"product","link":"https:\/\/www.miomiorun.com\/de\/produkt\/endurance-not-now-hut\/","title":{"rendered":"Endurance Not Now-Hut"},"content":{"rendered":"<p data-start=\"0\" data-end=\"361\">Diese M\u00fctze in der <strong data-start=\"47\" data-end=\"98\">Sonderedition \u201eMarathon des Sables 2025\u201c<\/strong> ist Teil der offiziellen Ausr\u00fcstung, die das Team <strong data-start=\"180\" data-end=\"193\">\u201eNOT NOW\u201c<\/strong> w\u00e4hrend der Durchquerung der Sahara trug. Ein Accessoire, das <strong data-start=\"264\" data-end=\"280\">Funktionalit\u00e4t<\/strong>, <strong data-start=\"282\" data-end=\"296\">Schutz<\/strong> und <strong data-start=\"299\" data-end=\"311\">Identit\u00e4t<\/strong> vereint und all jenen gewidmet ist, die das Laufen mit Entschlossenheit leben.<\/p>\n<p data-start=\"363\" data-end=\"403\">Die Konstruktion ist so konzipiert, dass sie Folgendes gew\u00e4hrleistet:<\/p>\n<ul data-start=\"404\" data-end=\"575\">\n<li data-section-id=\"1fsp83r\" data-start=\"404\" data-end=\"469\"><strong data-start=\"406\" data-end=\"429\">Sonnenschutz<\/strong> dank spezieller Eins\u00e4tze im oberen Bereich<\/li>\n<li data-section-id=\"1r09vly\" data-start=\"470\" data-end=\"529\"><strong data-start=\"472\" data-end=\"497\">St\u00e4ndige Bel\u00fcftung<\/strong> durch seitliche Mesh-Eins\u00e4tze<\/li>\n<li data-section-id=\"1x5kup6\" data-start=\"530\" data-end=\"575\"><strong data-start=\"532\" data-end=\"554\">Anhaltender Komfort<\/strong> w\u00e4hrend der Aktivit\u00e4t<\/li>\n<\/ul>\n<p data-start=\"577\" data-end=\"1134\">Das Design umfasst ein <strong data-start=\"595\" data-end=\"633\">auf der Vorderseite aufgesticktes \u201eNot Now\u201c-Logo<\/strong> und eine <strong data-start=\"636\" data-end=\"671\">Gedenkaufschrift auf der R\u00fcckseite<\/strong>, wobei die Mesh-Eins\u00e4tze mit Grafiken bedruckt sind, die f\u00fcr einen unverwechselbaren Look sorgen. Der <strong data-start=\"743\" data-end=\"774\">gepolsterte und flexible Schirm<\/strong> bietet Schutz ohne zu steifen, w\u00e4hrend das <strong data-start=\"818\" data-end=\"848\">innere Schwei\u00dfband<\/strong> den Komfort auch unter extremsten Bedingungen verbessert. Der <strong data-start=\"908\" data-end=\"931\">verstellbare Verschluss<\/strong> sorgt f\u00fcr eine Passform, die f\u00fcr alle Gr\u00f6\u00dfen geeignet ist. Kompakt und maschinenwaschbar, ist sie daf\u00fcr konzipiert, dich bei jedem Abenteuer zu begleiten. Gewicht ca. <strong data-start=\"1085\" data-end=\"1098\">35 Gramm<\/strong>. Material: <strong data-start=\"1114\" data-end=\"1133\">100 % Polyester<\/strong>.<\/p>\n","protected":false},"excerpt":{"rendered":"<ul class=\"m-long-description__features\">\n<li data-section-id=\"3fw0co\" data-start=\"1336\" data-end=\"1418\"><strong data-start=\"1338\" data-end=\"1384\">Limitierte Auflage \u201eMarathon des Sables 2025\u201c<\/strong> mit exklusiven Stickereien<\/li>\n<li data-section-id=\"1y40d0u\" data-start=\"1419\" data-end=\"1503\"><strong data-start=\"1421\" data-end=\"1463\">Mesh-Eins\u00e4tze und bel\u00fcftete Konstruktion<\/strong> f\u00fcr Komfort auch bei hei\u00dfen Bedingungen<\/li>\n<li data-section-id=\"1ghf62f\" data-start=\"1504\" data-end=\"1591\" data-is-last-node=\"\"><strong data-start=\"1506\" data-end=\"1544\">Leicht, komprimierbar und verstellbar<\/strong> f\u00fcr maximale Praktikabilit\u00e4t und universelle Passform<\/li>\n<\/ul>\n","protected":false},"featured_media":435309,"template":"","meta":{"_acf_changed":false,"inline_featured_image":false},"product_brand":[],"product_cat":[6342,6372,6374],"product_tag":[3399],"class_list":{"0":"post-435302","1":"product","2":"type-product","3":"status-publish","4":"has-post-thumbnail","6":"product_cat-zubehoer","7":"product_cat-aufwaermausruestung-de","8":"product_cat-haar-de","9":"product_tag-wild-tee-de","10":"pa_attivita-gehen","11":"pa_attivita-outdoor-de","12":"pa_attivita-running-de","13":"pa_attivita-trail-de","14":"pa_marca-wild-tee-de","15":"pa_sesso-damen","16":"pa_sesso-herren","18":"first","19":"instock","20":"sale","21":"taxable","22":"shipping-taxable","23":"purchasable","24":"product-type-simple"},"acf":[],"yoast_head":"<!-- This site is optimized with the Yoast SEO plugin v26.8 - https:\/\/yoast.com\/product\/yoast-seo-wordpress\/ -->\n<title>Wild TeeEndurance Not Now-Hut - Laufm\u00fctze- MioMioRun<\/title>\n<meta name=\"description\" content=\"Technische M\u00fctze in limitierter Auflage, entwickelt, um Schutz, Bel\u00fcftung und unverwechselbaren Stil unter extremsten Bedingungen zu bieten\" \/>\n<meta name=\"robots\" content=\"index, follow, max-snippet:-1, max-image-preview:large, max-video-preview:-1\" \/>\n<link rel=\"canonical\" href=\"https:\/\/www.miomiorun.com\/de\/produkt\/endurance-not-now-hut\/\" \/>\n<meta property=\"og:locale\" content=\"de_DE\" \/>\n<meta property=\"og:type\" content=\"article\" \/>\n<meta property=\"og:title\" content=\"Wild TeeEndurance Not Now-Hut - Laufm\u00fctze- MioMioRun\" \/>\n<meta property=\"og:description\" content=\"Technische M\u00fctze in limitierter Auflage, entwickelt, um Schutz, Bel\u00fcftung und unverwechselbaren Stil unter extremsten Bedingungen zu bieten\" \/>\n<meta property=\"og:url\" content=\"https:\/\/www.miomiorun.com\/de\/produkt\/endurance-not-now-hut\/\" \/>\n<meta property=\"og:site_name\" content=\"MioMioRun\" \/>\n<meta property=\"article:publisher\" content=\"https:\/\/www.facebook.com\/miomiorun\/\" \/>\n<meta property=\"article:modified_time\" content=\"2026-05-05T16:02:22+00:00\" \/>\n<meta property=\"og:image\" content=\"https:\/\/www.miomiorun.com\/app\/uploads\/2026\/04\/WildTee-Endurance-hat-not-now-WT090WT28.webp\" \/>\n\t<meta property=\"og:image:width\" content=\"720\" \/>\n\t<meta property=\"og:image:height\" content=\"720\" \/>\n\t<meta property=\"og:image:type\" content=\"image\/webp\" \/>\n<meta name=\"twitter:card\" content=\"summary_large_image\" \/>\n<meta name=\"twitter:label1\" content=\"Est. reading time\" \/>\n\t<meta name=\"twitter:data1\" content=\"1 minute\" \/>\n<script type=\"application\/ld+json\" class=\"yoast-schema-graph\">{\"@context\":\"https:\/\/schema.org\",\"@graph\":[{\"@type\":\"WebPage\",\"@id\":\"https:\/\/www.miomiorun.com\/de\/produkt\/endurance-not-now-hut\/\",\"url\":\"https:\/\/www.miomiorun.com\/de\/produkt\/endurance-not-now-hut\/\",\"name\":\"Wild TeeEndurance Not Now-Hut - Laufm\u00fctze- MioMioRun\",\"isPartOf\":{\"@id\":\"https:\/\/www.miomiorun.com\/de\/#website\"},\"primaryImageOfPage\":{\"@id\":\"https:\/\/www.miomiorun.com\/de\/produkt\/endurance-not-now-hut\/#primaryimage\"},\"image\":{\"@id\":\"https:\/\/www.miomiorun.com\/de\/produkt\/endurance-not-now-hut\/#primaryimage\"},\"thumbnailUrl\":\"https:\/\/www.miomiorun.com\/app\/uploads\/2026\/04\/WildTee-Endurance-hat-not-now-WT090WT28.webp\",\"datePublished\":\"2026-04-22T14:33:24+00:00\",\"dateModified\":\"2026-05-05T16:02:22+00:00\",\"description\":\"Technische M\u00fctze in limitierter Auflage, entwickelt, um Schutz, Bel\u00fcftung und unverwechselbaren Stil unter extremsten Bedingungen zu bieten\",\"breadcrumb\":{\"@id\":\"https:\/\/www.miomiorun.com\/de\/produkt\/endurance-not-now-hut\/#breadcrumb\"},\"inLanguage\":\"de-DE\",\"potentialAction\":[{\"@type\":\"ReadAction\",\"target\":[\"https:\/\/www.miomiorun.com\/de\/produkt\/endurance-not-now-hut\/\"]}]},{\"@type\":\"ImageObject\",\"inLanguage\":\"de-DE\",\"@id\":\"https:\/\/www.miomiorun.com\/de\/produkt\/endurance-not-now-hut\/#primaryimage\",\"url\":\"https:\/\/www.miomiorun.com\/app\/uploads\/2026\/04\/WildTee-Endurance-hat-not-now-WT090WT28.webp\",\"contentUrl\":\"https:\/\/www.miomiorun.com\/app\/uploads\/2026\/04\/WildTee-Endurance-hat-not-now-WT090WT28.webp\",\"width\":720,\"height\":720,\"caption\":\"WildTee Endurance hat not now WT090WT28\"},{\"@type\":\"BreadcrumbList\",\"@id\":\"https:\/\/www.miomiorun.com\/de\/produkt\/endurance-not-now-hut\/#breadcrumb\",\"itemListElement\":[{\"@type\":\"ListItem\",\"position\":1,\"name\":\"Home\",\"item\":\"https:\/\/www.miomiorun.com\/de\/\"},{\"@type\":\"ListItem\",\"position\":2,\"name\":\"Shop\",\"item\":\"https:\/\/www.miomiorun.com\/shop\/\"},{\"@type\":\"ListItem\",\"position\":3,\"name\":\"Endurance Not Now-Hut\"}]},{\"@type\":\"WebSite\",\"@id\":\"https:\/\/www.miomiorun.com\/de\/#website\",\"url\":\"https:\/\/www.miomiorun.com\/de\/\",\"name\":\"MioMioRun\",\"description\":\"100% Lauf- und Trailshop\",\"publisher\":{\"@id\":\"https:\/\/www.miomiorun.com\/de\/#organization\"},\"potentialAction\":[{\"@type\":\"SearchAction\",\"target\":{\"@type\":\"EntryPoint\",\"urlTemplate\":\"https:\/\/www.miomiorun.com\/de\/?s={search_term_string}\"},\"query-input\":{\"@type\":\"PropertyValueSpecification\",\"valueRequired\":true,\"valueName\":\"search_term_string\"}}],\"inLanguage\":\"de-DE\"},{\"@type\":\"Organization\",\"@id\":\"https:\/\/www.miomiorun.com\/de\/#organization\",\"name\":\"MioMio Run\",\"url\":\"https:\/\/www.miomiorun.com\/de\/\",\"logo\":{\"@type\":\"ImageObject\",\"inLanguage\":\"de-DE\",\"@id\":\"https:\/\/www.miomiorun.com\/de\/#\/schema\/logo\/image\/\",\"url\":\"https:\/\/www.miomiorun.com\/app\/uploads\/2019\/12\/logomio.png\",\"contentUrl\":\"https:\/\/www.miomiorun.com\/app\/uploads\/2019\/12\/logomio.png\",\"width\":115,\"height\":82,\"caption\":\"MioMio Run\"},\"image\":{\"@id\":\"https:\/\/www.miomiorun.com\/de\/#\/schema\/logo\/image\/\"},\"sameAs\":[\"https:\/\/www.facebook.com\/miomiorun\/\",\"https:\/\/www.instagram.com\/miomiorun\/\"]}]}<\/script>\n<!-- \/ Yoast SEO plugin. -->","yoast_head_json":{"title":"Wild TeeEndurance Not Now-Hut - Laufm\u00fctze- MioMioRun","description":"Technische M\u00fctze in limitierter Auflage, entwickelt, um Schutz, Bel\u00fcftung und unverwechselbaren Stil unter extremsten Bedingungen zu bieten","robots":{"index":"index","follow":"follow","max-snippet":"max-snippet:-1","max-image-preview":"max-image-preview:large","max-video-preview":"max-video-preview:-1"},"canonical":"https:\/\/www.miomiorun.com\/de\/produkt\/endurance-not-now-hut\/","og_locale":"de_DE","og_type":"article","og_title":"Wild TeeEndurance Not Now-Hut - Laufm\u00fctze- MioMioRun","og_description":"Technische M\u00fctze in limitierter Auflage, entwickelt, um Schutz, Bel\u00fcftung und unverwechselbaren Stil unter extremsten Bedingungen zu bieten","og_url":"https:\/\/www.miomiorun.com\/de\/produkt\/endurance-not-now-hut\/","og_site_name":"MioMioRun","article_publisher":"https:\/\/www.facebook.com\/miomiorun\/","article_modified_time":"2026-05-05T16:02:22+00:00","og_image":[{"width":720,"height":720,"url":"https:\/\/www.miomiorun.com\/app\/uploads\/2026\/04\/WildTee-Endurance-hat-not-now-WT090WT28.webp","type":"image\/webp"}],"twitter_card":"summary_large_image","twitter_misc":{"Est. reading time":"1 minute"},"schema":{"@context":"https:\/\/schema.org","@graph":[{"@type":"WebPage","@id":"https:\/\/www.miomiorun.com\/de\/produkt\/endurance-not-now-hut\/","url":"https:\/\/www.miomiorun.com\/de\/produkt\/endurance-not-now-hut\/","name":"Wild TeeEndurance Not Now-Hut - Laufm\u00fctze- MioMioRun","isPartOf":{"@id":"https:\/\/www.miomiorun.com\/de\/#website"},"primaryImageOfPage":{"@id":"https:\/\/www.miomiorun.com\/de\/produkt\/endurance-not-now-hut\/#primaryimage"},"image":{"@id":"https:\/\/www.miomiorun.com\/de\/produkt\/endurance-not-now-hut\/#primaryimage"},"thumbnailUrl":"https:\/\/www.miomiorun.com\/app\/uploads\/2026\/04\/WildTee-Endurance-hat-not-now-WT090WT28.webp","datePublished":"2026-04-22T14:33:24+00:00","dateModified":"2026-05-05T16:02:22+00:00","description":"Technische M\u00fctze in limitierter Auflage, entwickelt, um Schutz, Bel\u00fcftung und unverwechselbaren Stil unter extremsten Bedingungen zu bieten","breadcrumb":{"@id":"https:\/\/www.miomiorun.com\/de\/produkt\/endurance-not-now-hut\/#breadcrumb"},"inLanguage":"de-DE","potentialAction":[{"@type":"ReadAction","target":["https:\/\/www.miomiorun.com\/de\/produkt\/endurance-not-now-hut\/"]}]},{"@type":"ImageObject","inLanguage":"de-DE","@id":"https:\/\/www.miomiorun.com\/de\/produkt\/endurance-not-now-hut\/#primaryimage","url":"https:\/\/www.miomiorun.com\/app\/uploads\/2026\/04\/WildTee-Endurance-hat-not-now-WT090WT28.webp","contentUrl":"https:\/\/www.miomiorun.com\/app\/uploads\/2026\/04\/WildTee-Endurance-hat-not-now-WT090WT28.webp","width":720,"height":720,"caption":"WildTee Endurance hat not now WT090WT28"},{"@type":"BreadcrumbList","@id":"https:\/\/www.miomiorun.com\/de\/produkt\/endurance-not-now-hut\/#breadcrumb","itemListElement":[{"@type":"ListItem","position":1,"name":"Home","item":"https:\/\/www.miomiorun.com\/de\/"},{"@type":"ListItem","position":2,"name":"Shop","item":"https:\/\/www.miomiorun.com\/shop\/"},{"@type":"ListItem","position":3,"name":"Endurance Not Now-Hut"}]},{"@type":"WebSite","@id":"https:\/\/www.miomiorun.com\/de\/#website","url":"https:\/\/www.miomiorun.com\/de\/","name":"MioMioRun","description":"100% Lauf- und Trailshop","publisher":{"@id":"https:\/\/www.miomiorun.com\/de\/#organization"},"potentialAction":[{"@type":"SearchAction","target":{"@type":"EntryPoint","urlTemplate":"https:\/\/www.miomiorun.com\/de\/?s={search_term_string}"},"query-input":{"@type":"PropertyValueSpecification","valueRequired":true,"valueName":"search_term_string"}}],"inLanguage":"de-DE"},{"@type":"Organization","@id":"https:\/\/www.miomiorun.com\/de\/#organization","name":"MioMio Run","url":"https:\/\/www.miomiorun.com\/de\/","logo":{"@type":"ImageObject","inLanguage":"de-DE","@id":"https:\/\/www.miomiorun.com\/de\/#\/schema\/logo\/image\/","url":"https:\/\/www.miomiorun.com\/app\/uploads\/2019\/12\/logomio.png","contentUrl":"https:\/\/www.miomiorun.com\/app\/uploads\/2019\/12\/logomio.png","width":115,"height":82,"caption":"MioMio Run"},"image":{"@id":"https:\/\/www.miomiorun.com\/de\/#\/schema\/logo\/image\/"},"sameAs":["https:\/\/www.facebook.com\/miomiorun\/","https:\/\/www.instagram.com\/miomiorun\/"]}]}},"_links":{"self":[{"href":"https:\/\/www.miomiorun.com\/de\/wp-json\/wp\/v2\/product\/435302","targetHints":{"allow":["GET"]}}],"collection":[{"href":"https:\/\/www.miomiorun.com\/de\/wp-json\/wp\/v2\/product"}],"about":[{"href":"https:\/\/www.miomiorun.com\/de\/wp-json\/wp\/v2\/types\/product"}],"wp:featuredmedia":[{"embeddable":true,"href":"https:\/\/www.miomiorun.com\/de\/wp-json\/wp\/v2\/media\/435309"}],"wp:attachment":[{"href":"https:\/\/www.miomiorun.com\/de\/wp-json\/wp\/v2\/media?parent=435302"}],"wp:term":[{"taxonomy":"product_brand","embeddable":true,"href":"https:\/\/www.miomiorun.com\/de\/wp-json\/wp\/v2\/product_brand?post=435302"},{"taxonomy":"product_cat","embeddable":true,"href":"https:\/\/www.miomiorun.com\/de\/wp-json\/wp\/v2\/product_cat?post=435302"},{"taxonomy":"product_tag","embeddable":true,"href":"https:\/\/www.miomiorun.com\/de\/wp-json\/wp\/v2\/product_tag?post=435302"}],"curies":[{"name":"wp","href":"https:\/\/api.w.org\/{rel}","templated":true}]}}