{"id":435100,"date":"2026-04-22T15:47:47","date_gmt":"2026-04-22T13:47:47","guid":{"rendered":"https:\/\/www.miomiorun.com\/?post_type=product&#038;p=435100"},"modified":"2026-05-08T12:02:22","modified_gmt":"2026-05-08T10:02:22","slug":"color-block-rosa-langarm-shirt-damen","status":"publish","type":"product","link":"https:\/\/www.miomiorun.com\/de\/produkt\/color-block-rosa-langarm-shirt-damen\/","title":{"rendered":"Color Block Rosa Langarm-Shirt Damen"},"content":{"rendered":"<p data-start=\"0\" data-end=\"382\">Dieses Funktionsshirt mit langen \u00c4rmeln besticht durch ein <strong data-start=\"87\" data-end=\"113\">lebhaftes und markantes Design<\/strong>, bei dem <strong data-start=\"120\" data-end=\"152\">rosa und blaue Farbbl\u00f6cke und Streifen<\/strong> zu einem dynamischen und unverwechselbaren Look verschmelzen. Das Detail <strong data-start=\"224\" data-end=\"265\">\u201eThe Wild Side\u201c auf dem linken \u00c4rmel<\/strong> steht f\u00fcr einen freien und authentischen Geist \u2013 perfekt f\u00fcr alle, die bei jedem Ausflug Energie und Pers\u00f6nlichkeit zum Ausdruck bringen m\u00f6chten.<\/p>\n<p data-start=\"384\" data-end=\"424\">Die Konstruktion ist darauf ausgelegt, Folgendes zu gew\u00e4hrleisten:<\/p>\n<ul data-start=\"425\" data-end=\"587\">\n<li data-section-id=\"vsh0rr\" data-start=\"425\" data-end=\"485\"><strong data-start=\"427\" data-end=\"447\">Dauerhaften Komfort<\/strong> dank des weichen und leichten Stoffes<\/li>\n<li data-section-id=\"1c1bcwe\" data-start=\"486\" data-end=\"535\"><strong data-start=\"488\" data-end=\"514\">Maximale Atmungsaktivit\u00e4t<\/strong> w\u00e4hrend der Aktivit\u00e4t<\/li>\n<li data-section-id=\"1op93ov\" data-start=\"536\" data-end=\"587\"><strong data-start=\"538\" data-end=\"559\">Vielseitigkeit im Einsatz<\/strong> zwischen Training und Outdoor<\/li>\n<\/ul>\n<p data-start=\"589\" data-end=\"979\">Hergestellt aus <strong data-start=\"603\" data-end=\"638\">seidenweichem Gotex-Material<\/strong>, bietet es ein angenehmes Tragegef\u00fchl auf der Haut und eignet sich sowohl f\u00fcr <strong data-start=\"700\" data-end=\"721\">wiederholte Trainingseinheiten auf der Laufbahn<\/strong> als auch f\u00fcr entspanntere Ausfl\u00fcge wie einen Lauf im Wald. Der <strong data-start=\"780\" data-end=\"812\">vollfl\u00e4chige Sublimationsdruck<\/strong> bewahrt Farben und Details langfristig, ohne zu verblassen oder sich abzunutzen. Mit einem Gewicht von ca. <strong data-start=\"903\" data-end=\"917\">115 Gramm<\/strong> ist es ein leichtes und leistungsstarkes Kleidungsst\u00fcck, das f\u00fcr verschiedene Bedingungen geeignet ist.<\/p>\n","protected":false},"excerpt":{"rendered":"<ul>\n<li data-section-id=\"1uesoxm\" data-start=\"1203\" data-end=\"1271\"><strong data-start=\"1205\" data-end=\"1240\">Weiches und leichtes Gotex-Material<\/strong> f\u00fcr Komfort und Atmungsaktivit\u00e4t<\/li>\n<li data-section-id=\"1um7wjm\" data-start=\"1272\" data-end=\"1351\"><strong data-start=\"1274\" data-end=\"1329\">Lebhaftes Design in Rosa und Blau mit \u201eThe Wild Side\u201c-Aufdruck<\/strong> f\u00fcr einen einzigartigen Stil<\/li>\n<li data-section-id=\"1eph7r5\" data-start=\"1352\" data-end=\"1416\" data-is-last-node=\"\"><strong data-start=\"1354\" data-end=\"1384\">Ideal f\u00fcr die Rennstrecke und den Outdoor-Einsatz<\/strong> mit langlebigem Aufdruck<\/li>\n<\/ul>\n","protected":false},"featured_media":435136,"template":"","meta":{"_acf_changed":false,"inline_featured_image":false},"product_brand":[],"product_cat":[6401,6486],"product_tag":[3399,6288],"class_list":{"0":"post-435100","1":"product","2":"type-product","3":"status-publish","4":"has-post-thumbnail","6":"product_cat-damenbekleidung","7":"product_cat-damenlangarmshirts","8":"product_tag-wild-tee-de","9":"product_tag-wild-tee-damen-de","10":"pa_attivita-fitness-de","11":"pa_attivita-gehen","12":"pa_attivita-running-de","13":"pa_attivita-trail-de","14":"pa_marca-wild-tee-de","15":"pa_sesso-damen","16":"pa_size-small-de","17":"pa_size-medium-de","18":"pa_size-large-de","20":"first","21":"instock","22":"sale","23":"taxable","24":"shipping-taxable","25":"purchasable","26":"product-type-variable","27":"wvs-archive-product-wrapper"},"acf":[],"yoast_head":"<!-- This site is optimized with the Yoast SEO plugin v26.8 - https:\/\/yoast.com\/product\/yoast-seo-wordpress\/ -->\n<title>Wild Tee Color Block Rosa Langarm-Shirt Damen -Lauf-T-Shirt - MioMioRun<\/title>\n<meta name=\"description\" content=\"Leichtes und atmungsaktives Funktionsshirt mit langen \u00c4rmeln, das Komfort, Vielseitigkeit und unverwechselbaren Stil beim Training und bei Outdoor-Aktivit\u00e4ten bietet\" \/>\n<meta name=\"robots\" content=\"index, follow, max-snippet:-1, max-image-preview:large, max-video-preview:-1\" \/>\n<link rel=\"canonical\" href=\"https:\/\/www.miomiorun.com\/de\/produkt\/color-block-rosa-langarm-shirt-damen\/\" \/>\n<meta property=\"og:locale\" content=\"de_DE\" \/>\n<meta property=\"og:type\" content=\"article\" \/>\n<meta property=\"og:title\" content=\"Wild Tee Color Block Rosa Langarm-Shirt Damen -Lauf-T-Shirt - MioMioRun\" \/>\n<meta property=\"og:description\" content=\"Leichtes und atmungsaktives Funktionsshirt mit langen \u00c4rmeln, das Komfort, Vielseitigkeit und unverwechselbaren Stil beim Training und bei Outdoor-Aktivit\u00e4ten bietet\" \/>\n<meta property=\"og:url\" content=\"https:\/\/www.miomiorun.com\/de\/produkt\/color-block-rosa-langarm-shirt-damen\/\" \/>\n<meta property=\"og:site_name\" content=\"MioMioRun\" \/>\n<meta property=\"article:publisher\" content=\"https:\/\/www.facebook.com\/miomiorun\/\" \/>\n<meta property=\"article:modified_time\" content=\"2026-05-08T10:02:22+00:00\" \/>\n<meta property=\"og:image\" content=\"https:\/\/www.miomiorun.com\/app\/uploads\/2026\/04\/WildTee-Longsleeve-W-color-block-pink-WT007WT80.webp\" \/>\n\t<meta property=\"og:image:width\" content=\"720\" \/>\n\t<meta property=\"og:image:height\" content=\"720\" \/>\n\t<meta property=\"og:image:type\" content=\"image\/webp\" \/>\n<meta name=\"twitter:card\" content=\"summary_large_image\" \/>\n<meta name=\"twitter:label1\" content=\"Est. reading time\" \/>\n\t<meta name=\"twitter:data1\" content=\"1 minute\" \/>\n<script type=\"application\/ld+json\" class=\"yoast-schema-graph\">{\"@context\":\"https:\/\/schema.org\",\"@graph\":[{\"@type\":\"WebPage\",\"@id\":\"https:\/\/www.miomiorun.com\/de\/produkt\/color-block-rosa-langarm-shirt-damen\/\",\"url\":\"https:\/\/www.miomiorun.com\/de\/produkt\/color-block-rosa-langarm-shirt-damen\/\",\"name\":\"Wild Tee Color Block Rosa Langarm-Shirt Damen -Lauf-T-Shirt - MioMioRun\",\"isPartOf\":{\"@id\":\"https:\/\/www.miomiorun.com\/de\/#website\"},\"primaryImageOfPage\":{\"@id\":\"https:\/\/www.miomiorun.com\/de\/produkt\/color-block-rosa-langarm-shirt-damen\/#primaryimage\"},\"image\":{\"@id\":\"https:\/\/www.miomiorun.com\/de\/produkt\/color-block-rosa-langarm-shirt-damen\/#primaryimage\"},\"thumbnailUrl\":\"https:\/\/www.miomiorun.com\/app\/uploads\/2026\/04\/WildTee-Longsleeve-W-color-block-pink-WT007WT80.webp\",\"datePublished\":\"2026-04-22T13:47:47+00:00\",\"dateModified\":\"2026-05-08T10:02:22+00:00\",\"description\":\"Leichtes und atmungsaktives Funktionsshirt mit langen \u00c4rmeln, das Komfort, Vielseitigkeit und unverwechselbaren Stil beim Training und bei Outdoor-Aktivit\u00e4ten bietet\",\"breadcrumb\":{\"@id\":\"https:\/\/www.miomiorun.com\/de\/produkt\/color-block-rosa-langarm-shirt-damen\/#breadcrumb\"},\"inLanguage\":\"de-DE\",\"potentialAction\":[{\"@type\":\"ReadAction\",\"target\":[\"https:\/\/www.miomiorun.com\/de\/produkt\/color-block-rosa-langarm-shirt-damen\/\"]}]},{\"@type\":\"ImageObject\",\"inLanguage\":\"de-DE\",\"@id\":\"https:\/\/www.miomiorun.com\/de\/produkt\/color-block-rosa-langarm-shirt-damen\/#primaryimage\",\"url\":\"https:\/\/www.miomiorun.com\/app\/uploads\/2026\/04\/WildTee-Longsleeve-W-color-block-pink-WT007WT80.webp\",\"contentUrl\":\"https:\/\/www.miomiorun.com\/app\/uploads\/2026\/04\/WildTee-Longsleeve-W-color-block-pink-WT007WT80.webp\",\"width\":720,\"height\":720,\"caption\":\"WildTee Longsleeve W color block pink WT007WT80\"},{\"@type\":\"BreadcrumbList\",\"@id\":\"https:\/\/www.miomiorun.com\/de\/produkt\/color-block-rosa-langarm-shirt-damen\/#breadcrumb\",\"itemListElement\":[{\"@type\":\"ListItem\",\"position\":1,\"name\":\"Home\",\"item\":\"https:\/\/www.miomiorun.com\/de\/\"},{\"@type\":\"ListItem\",\"position\":2,\"name\":\"Shop\",\"item\":\"https:\/\/www.miomiorun.com\/shop\/\"},{\"@type\":\"ListItem\",\"position\":3,\"name\":\"Color Block Rosa Langarm-Shirt Damen\"}]},{\"@type\":\"WebSite\",\"@id\":\"https:\/\/www.miomiorun.com\/de\/#website\",\"url\":\"https:\/\/www.miomiorun.com\/de\/\",\"name\":\"MioMioRun\",\"description\":\"100% Lauf- und Trailshop\",\"publisher\":{\"@id\":\"https:\/\/www.miomiorun.com\/de\/#organization\"},\"potentialAction\":[{\"@type\":\"SearchAction\",\"target\":{\"@type\":\"EntryPoint\",\"urlTemplate\":\"https:\/\/www.miomiorun.com\/de\/?s={search_term_string}\"},\"query-input\":{\"@type\":\"PropertyValueSpecification\",\"valueRequired\":true,\"valueName\":\"search_term_string\"}}],\"inLanguage\":\"de-DE\"},{\"@type\":\"Organization\",\"@id\":\"https:\/\/www.miomiorun.com\/de\/#organization\",\"name\":\"MioMio Run\",\"url\":\"https:\/\/www.miomiorun.com\/de\/\",\"logo\":{\"@type\":\"ImageObject\",\"inLanguage\":\"de-DE\",\"@id\":\"https:\/\/www.miomiorun.com\/de\/#\/schema\/logo\/image\/\",\"url\":\"https:\/\/www.miomiorun.com\/app\/uploads\/2019\/12\/logomio.png\",\"contentUrl\":\"https:\/\/www.miomiorun.com\/app\/uploads\/2019\/12\/logomio.png\",\"width\":115,\"height\":82,\"caption\":\"MioMio Run\"},\"image\":{\"@id\":\"https:\/\/www.miomiorun.com\/de\/#\/schema\/logo\/image\/\"},\"sameAs\":[\"https:\/\/www.facebook.com\/miomiorun\/\",\"https:\/\/www.instagram.com\/miomiorun\/\"]}]}<\/script>\n<!-- \/ Yoast SEO plugin. -->","yoast_head_json":{"title":"Wild Tee Color Block Rosa Langarm-Shirt Damen -Lauf-T-Shirt - MioMioRun","description":"Leichtes und atmungsaktives Funktionsshirt mit langen \u00c4rmeln, das Komfort, Vielseitigkeit und unverwechselbaren Stil beim Training und bei Outdoor-Aktivit\u00e4ten bietet","robots":{"index":"index","follow":"follow","max-snippet":"max-snippet:-1","max-image-preview":"max-image-preview:large","max-video-preview":"max-video-preview:-1"},"canonical":"https:\/\/www.miomiorun.com\/de\/produkt\/color-block-rosa-langarm-shirt-damen\/","og_locale":"de_DE","og_type":"article","og_title":"Wild Tee Color Block Rosa Langarm-Shirt Damen -Lauf-T-Shirt - MioMioRun","og_description":"Leichtes und atmungsaktives Funktionsshirt mit langen \u00c4rmeln, das Komfort, Vielseitigkeit und unverwechselbaren Stil beim Training und bei Outdoor-Aktivit\u00e4ten bietet","og_url":"https:\/\/www.miomiorun.com\/de\/produkt\/color-block-rosa-langarm-shirt-damen\/","og_site_name":"MioMioRun","article_publisher":"https:\/\/www.facebook.com\/miomiorun\/","article_modified_time":"2026-05-08T10:02:22+00:00","og_image":[{"width":720,"height":720,"url":"https:\/\/www.miomiorun.com\/app\/uploads\/2026\/04\/WildTee-Longsleeve-W-color-block-pink-WT007WT80.webp","type":"image\/webp"}],"twitter_card":"summary_large_image","twitter_misc":{"Est. reading time":"1 minute"},"schema":{"@context":"https:\/\/schema.org","@graph":[{"@type":"WebPage","@id":"https:\/\/www.miomiorun.com\/de\/produkt\/color-block-rosa-langarm-shirt-damen\/","url":"https:\/\/www.miomiorun.com\/de\/produkt\/color-block-rosa-langarm-shirt-damen\/","name":"Wild Tee Color Block Rosa Langarm-Shirt Damen -Lauf-T-Shirt - MioMioRun","isPartOf":{"@id":"https:\/\/www.miomiorun.com\/de\/#website"},"primaryImageOfPage":{"@id":"https:\/\/www.miomiorun.com\/de\/produkt\/color-block-rosa-langarm-shirt-damen\/#primaryimage"},"image":{"@id":"https:\/\/www.miomiorun.com\/de\/produkt\/color-block-rosa-langarm-shirt-damen\/#primaryimage"},"thumbnailUrl":"https:\/\/www.miomiorun.com\/app\/uploads\/2026\/04\/WildTee-Longsleeve-W-color-block-pink-WT007WT80.webp","datePublished":"2026-04-22T13:47:47+00:00","dateModified":"2026-05-08T10:02:22+00:00","description":"Leichtes und atmungsaktives Funktionsshirt mit langen \u00c4rmeln, das Komfort, Vielseitigkeit und unverwechselbaren Stil beim Training und bei Outdoor-Aktivit\u00e4ten bietet","breadcrumb":{"@id":"https:\/\/www.miomiorun.com\/de\/produkt\/color-block-rosa-langarm-shirt-damen\/#breadcrumb"},"inLanguage":"de-DE","potentialAction":[{"@type":"ReadAction","target":["https:\/\/www.miomiorun.com\/de\/produkt\/color-block-rosa-langarm-shirt-damen\/"]}]},{"@type":"ImageObject","inLanguage":"de-DE","@id":"https:\/\/www.miomiorun.com\/de\/produkt\/color-block-rosa-langarm-shirt-damen\/#primaryimage","url":"https:\/\/www.miomiorun.com\/app\/uploads\/2026\/04\/WildTee-Longsleeve-W-color-block-pink-WT007WT80.webp","contentUrl":"https:\/\/www.miomiorun.com\/app\/uploads\/2026\/04\/WildTee-Longsleeve-W-color-block-pink-WT007WT80.webp","width":720,"height":720,"caption":"WildTee Longsleeve W color block pink WT007WT80"},{"@type":"BreadcrumbList","@id":"https:\/\/www.miomiorun.com\/de\/produkt\/color-block-rosa-langarm-shirt-damen\/#breadcrumb","itemListElement":[{"@type":"ListItem","position":1,"name":"Home","item":"https:\/\/www.miomiorun.com\/de\/"},{"@type":"ListItem","position":2,"name":"Shop","item":"https:\/\/www.miomiorun.com\/shop\/"},{"@type":"ListItem","position":3,"name":"Color Block Rosa Langarm-Shirt Damen"}]},{"@type":"WebSite","@id":"https:\/\/www.miomiorun.com\/de\/#website","url":"https:\/\/www.miomiorun.com\/de\/","name":"MioMioRun","description":"100% Lauf- und Trailshop","publisher":{"@id":"https:\/\/www.miomiorun.com\/de\/#organization"},"potentialAction":[{"@type":"SearchAction","target":{"@type":"EntryPoint","urlTemplate":"https:\/\/www.miomiorun.com\/de\/?s={search_term_string}"},"query-input":{"@type":"PropertyValueSpecification","valueRequired":true,"valueName":"search_term_string"}}],"inLanguage":"de-DE"},{"@type":"Organization","@id":"https:\/\/www.miomiorun.com\/de\/#organization","name":"MioMio Run","url":"https:\/\/www.miomiorun.com\/de\/","logo":{"@type":"ImageObject","inLanguage":"de-DE","@id":"https:\/\/www.miomiorun.com\/de\/#\/schema\/logo\/image\/","url":"https:\/\/www.miomiorun.com\/app\/uploads\/2019\/12\/logomio.png","contentUrl":"https:\/\/www.miomiorun.com\/app\/uploads\/2019\/12\/logomio.png","width":115,"height":82,"caption":"MioMio Run"},"image":{"@id":"https:\/\/www.miomiorun.com\/de\/#\/schema\/logo\/image\/"},"sameAs":["https:\/\/www.facebook.com\/miomiorun\/","https:\/\/www.instagram.com\/miomiorun\/"]}]}},"_links":{"self":[{"href":"https:\/\/www.miomiorun.com\/de\/wp-json\/wp\/v2\/product\/435100","targetHints":{"allow":["GET"]}}],"collection":[{"href":"https:\/\/www.miomiorun.com\/de\/wp-json\/wp\/v2\/product"}],"about":[{"href":"https:\/\/www.miomiorun.com\/de\/wp-json\/wp\/v2\/types\/product"}],"wp:featuredmedia":[{"embeddable":true,"href":"https:\/\/www.miomiorun.com\/de\/wp-json\/wp\/v2\/media\/435136"}],"wp:attachment":[{"href":"https:\/\/www.miomiorun.com\/de\/wp-json\/wp\/v2\/media?parent=435100"}],"wp:term":[{"taxonomy":"product_brand","embeddable":true,"href":"https:\/\/www.miomiorun.com\/de\/wp-json\/wp\/v2\/product_brand?post=435100"},{"taxonomy":"product_cat","embeddable":true,"href":"https:\/\/www.miomiorun.com\/de\/wp-json\/wp\/v2\/product_cat?post=435100"},{"taxonomy":"product_tag","embeddable":true,"href":"https:\/\/www.miomiorun.com\/de\/wp-json\/wp\/v2\/product_tag?post=435100"}],"curies":[{"name":"wp","href":"https:\/\/api.w.org\/{rel}","templated":true}]}}