{"id":434895,"date":"2026-04-22T11:23:30","date_gmt":"2026-04-22T09:23:30","guid":{"rendered":"https:\/\/www.miomiorun.com\/?post_type=product&#038;p=434895"},"modified":"2026-05-05T16:41:32","modified_gmt":"2026-05-05T14:41:32","slug":"aiguille-du-midi-tech-t-shirt-damen","status":"publish","type":"product","link":"https:\/\/www.miomiorun.com\/de\/produkt\/aiguille-du-midi-tech-t-shirt-damen\/","title":{"rendered":"Aiguille du Midi tech t-shirt damen"},"content":{"rendered":"<p data-start=\"0\" data-end=\"487\">Dieses Funktions-T-Shirt ist von der <strong data-start=\"66\" data-end=\"86\">Aiguille du Midi<\/strong> inspiriert, einem der bekanntesten Gipfel des Mont-Blanc-Massivs, und spiegelt dessen einzigartige Atmosph\u00e4re wider, die von <strong data-start=\"190\" data-end=\"206\">d\u00fcnner Luft<\/strong>, <strong data-start=\"208\" data-end=\"224\">intensivem Licht<\/strong> und Ausblicken \u00fcber den Wolken gepr\u00e4gt ist. Die Farbverl\u00e4ufe von <strong data-start=\"280\" data-end=\"309\">Gr\u00fcn \u00fcber Rosa bis hin zu Blau<\/strong> setzen diese Eindr\u00fccke visuell um und schaffen ein unverwechselbares, wiedererkennbares Design. Es ist auch in einer Herrenversion erh\u00e4ltlich und verf\u00fcgt \u00fcber einen <strong data-start=\"442\" data-end=\"486\">femininen Schnitt mit europ\u00e4ischer Passform<\/strong>.<\/p>\n<p data-start=\"489\" data-end=\"529\">Die Konstruktion ist darauf ausgelegt, Folgendes zu gew\u00e4hrleisten:<\/p>\n<ul data-start=\"530\" data-end=\"682\">\n<li data-section-id=\"1c1bcwe\" data-start=\"530\" data-end=\"579\"><strong data-start=\"532\" data-end=\"558\">Maximale Atmungsaktivit\u00e4t<\/strong> w\u00e4hrend der Aktivit\u00e4t<\/li>\n<li data-section-id=\"1vj1phy\" data-start=\"580\" data-end=\"637\"><strong data-start=\"582\" data-end=\"602\">Konstanter Komfort<\/strong> bei unterschiedlicher Beanspruchung<\/li>\n<li data-section-id=\"11zgkf7\" data-start=\"638\" data-end=\"682\"><strong data-start=\"640\" data-end=\"655\">Vielseitigkeit<\/strong> zwischen Sport und Freizeit<\/li>\n<\/ul>\n<p data-start=\"684\" data-end=\"1188\">Hergestellt aus <strong data-start=\"698\" data-end=\"729\">seidenweichem Micromesh<\/strong>, bietet es ein leichtes und geschmeidiges Tragegef\u00fchl auf der Haut, ideal sowohl f\u00fcr <strong data-start=\"797\" data-end=\"820\">Ultra-Trail-Wettk\u00e4mpfe<\/strong> als auch f\u00fcr den Freizeitgebrauch. Das Funktionsmaterial sorgt f\u00fcr Bel\u00fcftung in den hei\u00dfesten Momenten und bietet gleichzeitig guten Schutz, wenn die Temperatur sinkt. Der <strong data-start=\"980\" data-end=\"1012\">vollfl\u00e4chige Sublimationsdruck<\/strong> garantiert eine langlebige Grafik. Mit einem Gewicht von ca. <strong data-start=\"1079\" data-end=\"1092\">95 Gramm<\/strong> ist es ein praktisches und leistungsstarkes Kleidungsst\u00fcck. Material: <strong data-start=\"1141\" data-end=\"1160\">100 % Polyester<\/strong>, vollst\u00e4ndig recycelbar.<\/p>\n","protected":false},"excerpt":{"rendered":"<ul>\n<li data-section-id=\"12luz3e\" data-start=\"1413\" data-end=\"1485\"><strong data-start=\"1415\" data-end=\"1458\">Leichtes und atmungsaktives Micromesh-Material<\/strong> f\u00fcr Komfort und Frische<\/li>\n<li data-section-id=\"1eiup6h\" data-start=\"1486\" data-end=\"1566\"><strong data-start=\"1488\" data-end=\"1528\">Vom Aiguille du Midi inspiriertes Design<\/strong> mit dynamischen und unverwechselbaren Farben<\/li>\n<li data-section-id=\"1uknhqx\" data-start=\"1567\" data-end=\"1641\" data-is-last-node=\"\"><strong data-start=\"1569\" data-end=\"1609\">Vielseitig f\u00fcr Sport und den Alltag<\/strong> mit langlebigem Aufdruck<\/li>\n<\/ul>\n","protected":false},"featured_media":434928,"template":"","meta":{"_acf_changed":false,"inline_featured_image":false},"product_brand":[],"product_cat":[6401,6489],"product_tag":[3399,6288],"class_list":{"0":"post-434895","1":"product","2":"type-product","3":"status-publish","4":"has-post-thumbnail","6":"product_cat-damenbekleidung","7":"product_cat-dament-shirt-de","8":"product_tag-wild-tee-de","9":"product_tag-wild-tee-damen-de","10":"pa_attivita-fitness-de","11":"pa_attivita-gehen","12":"pa_attivita-running-de","13":"pa_attivita-trail-de","14":"pa_marca-wild-tee-de","15":"pa_sesso-damen","16":"pa_size-small-de","17":"pa_size-medium-de","18":"pa_size-large-de","20":"first","21":"instock","22":"sale","23":"taxable","24":"shipping-taxable","25":"purchasable","26":"product-type-variable","27":"wvs-archive-product-wrapper"},"acf":[],"yoast_head":"<!-- This site is optimized with the Yoast SEO plugin v26.8 - https:\/\/yoast.com\/product\/yoast-seo-wordpress\/ -->\n<title>Wild Tee Aiguille du Midi tech t-shirt damen - Lauf-T-Shirt - MioMioRun<\/title>\n<meta name=\"description\" content=\"Technisch, leicht und atmungsaktiv, inspiriert von der Aiguille du Midi, entwickelt, um Komfort, Vielseitigkeit und unverwechselbaren Stil f\u00fcr Trailrunning und Freizeit zu bieten\" \/>\n<meta name=\"robots\" content=\"index, follow, max-snippet:-1, max-image-preview:large, max-video-preview:-1\" \/>\n<link rel=\"canonical\" href=\"https:\/\/www.miomiorun.com\/de\/produkt\/aiguille-du-midi-tech-t-shirt-damen\/\" \/>\n<meta property=\"og:locale\" content=\"de_DE\" \/>\n<meta property=\"og:type\" content=\"article\" \/>\n<meta property=\"og:title\" content=\"Wild Tee Aiguille du Midi tech t-shirt damen - Lauf-T-Shirt - MioMioRun\" \/>\n<meta property=\"og:description\" content=\"Technisch, leicht und atmungsaktiv, inspiriert von der Aiguille du Midi, entwickelt, um Komfort, Vielseitigkeit und unverwechselbaren Stil f\u00fcr Trailrunning und Freizeit zu bieten\" \/>\n<meta property=\"og:url\" content=\"https:\/\/www.miomiorun.com\/de\/produkt\/aiguille-du-midi-tech-t-shirt-damen\/\" \/>\n<meta property=\"og:site_name\" content=\"MioMioRun\" \/>\n<meta property=\"article:publisher\" content=\"https:\/\/www.facebook.com\/miomiorun\/\" \/>\n<meta property=\"article:modified_time\" content=\"2026-05-05T14:41:32+00:00\" \/>\n<meta property=\"og:image\" content=\"https:\/\/www.miomiorun.com\/app\/uploads\/2026\/04\/WildTee-AIGUILLE-DU-MIDI-W-TECH-T-SHIRT-WT002WT83.webp\" \/>\n\t<meta property=\"og:image:width\" content=\"720\" \/>\n\t<meta property=\"og:image:height\" content=\"720\" \/>\n\t<meta property=\"og:image:type\" content=\"image\/webp\" \/>\n<meta name=\"twitter:card\" content=\"summary_large_image\" \/>\n<meta name=\"twitter:label1\" content=\"Est. reading time\" \/>\n\t<meta name=\"twitter:data1\" content=\"1 minute\" \/>\n<script type=\"application\/ld+json\" class=\"yoast-schema-graph\">{\"@context\":\"https:\/\/schema.org\",\"@graph\":[{\"@type\":\"WebPage\",\"@id\":\"https:\/\/www.miomiorun.com\/de\/produkt\/aiguille-du-midi-tech-t-shirt-damen\/\",\"url\":\"https:\/\/www.miomiorun.com\/de\/produkt\/aiguille-du-midi-tech-t-shirt-damen\/\",\"name\":\"Wild Tee Aiguille du Midi tech t-shirt damen - Lauf-T-Shirt - MioMioRun\",\"isPartOf\":{\"@id\":\"https:\/\/www.miomiorun.com\/de\/#website\"},\"primaryImageOfPage\":{\"@id\":\"https:\/\/www.miomiorun.com\/de\/produkt\/aiguille-du-midi-tech-t-shirt-damen\/#primaryimage\"},\"image\":{\"@id\":\"https:\/\/www.miomiorun.com\/de\/produkt\/aiguille-du-midi-tech-t-shirt-damen\/#primaryimage\"},\"thumbnailUrl\":\"https:\/\/www.miomiorun.com\/app\/uploads\/2026\/04\/WildTee-AIGUILLE-DU-MIDI-W-TECH-T-SHIRT-WT002WT83.webp\",\"datePublished\":\"2026-04-22T09:23:30+00:00\",\"dateModified\":\"2026-05-05T14:41:32+00:00\",\"description\":\"Technisch, leicht und atmungsaktiv, inspiriert von der Aiguille du Midi, entwickelt, um Komfort, Vielseitigkeit und unverwechselbaren Stil f\u00fcr Trailrunning und Freizeit zu bieten\",\"breadcrumb\":{\"@id\":\"https:\/\/www.miomiorun.com\/de\/produkt\/aiguille-du-midi-tech-t-shirt-damen\/#breadcrumb\"},\"inLanguage\":\"de-DE\",\"potentialAction\":[{\"@type\":\"ReadAction\",\"target\":[\"https:\/\/www.miomiorun.com\/de\/produkt\/aiguille-du-midi-tech-t-shirt-damen\/\"]}]},{\"@type\":\"ImageObject\",\"inLanguage\":\"de-DE\",\"@id\":\"https:\/\/www.miomiorun.com\/de\/produkt\/aiguille-du-midi-tech-t-shirt-damen\/#primaryimage\",\"url\":\"https:\/\/www.miomiorun.com\/app\/uploads\/2026\/04\/WildTee-AIGUILLE-DU-MIDI-W-TECH-T-SHIRT-WT002WT83.webp\",\"contentUrl\":\"https:\/\/www.miomiorun.com\/app\/uploads\/2026\/04\/WildTee-AIGUILLE-DU-MIDI-W-TECH-T-SHIRT-WT002WT83.webp\",\"width\":720,\"height\":720,\"caption\":\"WildTee AIGUILLE DU MIDI W TECH T-SHIRT WT002WT83\"},{\"@type\":\"BreadcrumbList\",\"@id\":\"https:\/\/www.miomiorun.com\/de\/produkt\/aiguille-du-midi-tech-t-shirt-damen\/#breadcrumb\",\"itemListElement\":[{\"@type\":\"ListItem\",\"position\":1,\"name\":\"Home\",\"item\":\"https:\/\/www.miomiorun.com\/de\/\"},{\"@type\":\"ListItem\",\"position\":2,\"name\":\"Shop\",\"item\":\"https:\/\/www.miomiorun.com\/shop\/\"},{\"@type\":\"ListItem\",\"position\":3,\"name\":\"Aiguille du Midi tech t-shirt damen\"}]},{\"@type\":\"WebSite\",\"@id\":\"https:\/\/www.miomiorun.com\/de\/#website\",\"url\":\"https:\/\/www.miomiorun.com\/de\/\",\"name\":\"MioMioRun\",\"description\":\"100% Lauf- und Trailshop\",\"publisher\":{\"@id\":\"https:\/\/www.miomiorun.com\/de\/#organization\"},\"potentialAction\":[{\"@type\":\"SearchAction\",\"target\":{\"@type\":\"EntryPoint\",\"urlTemplate\":\"https:\/\/www.miomiorun.com\/de\/?s={search_term_string}\"},\"query-input\":{\"@type\":\"PropertyValueSpecification\",\"valueRequired\":true,\"valueName\":\"search_term_string\"}}],\"inLanguage\":\"de-DE\"},{\"@type\":\"Organization\",\"@id\":\"https:\/\/www.miomiorun.com\/de\/#organization\",\"name\":\"MioMio Run\",\"url\":\"https:\/\/www.miomiorun.com\/de\/\",\"logo\":{\"@type\":\"ImageObject\",\"inLanguage\":\"de-DE\",\"@id\":\"https:\/\/www.miomiorun.com\/de\/#\/schema\/logo\/image\/\",\"url\":\"https:\/\/www.miomiorun.com\/app\/uploads\/2019\/12\/logomio.png\",\"contentUrl\":\"https:\/\/www.miomiorun.com\/app\/uploads\/2019\/12\/logomio.png\",\"width\":115,\"height\":82,\"caption\":\"MioMio Run\"},\"image\":{\"@id\":\"https:\/\/www.miomiorun.com\/de\/#\/schema\/logo\/image\/\"},\"sameAs\":[\"https:\/\/www.facebook.com\/miomiorun\/\",\"https:\/\/www.instagram.com\/miomiorun\/\"]}]}<\/script>\n<!-- \/ Yoast SEO plugin. -->","yoast_head_json":{"title":"Wild Tee Aiguille du Midi tech t-shirt damen - Lauf-T-Shirt - MioMioRun","description":"Technisch, leicht und atmungsaktiv, inspiriert von der Aiguille du Midi, entwickelt, um Komfort, Vielseitigkeit und unverwechselbaren Stil f\u00fcr Trailrunning und Freizeit zu bieten","robots":{"index":"index","follow":"follow","max-snippet":"max-snippet:-1","max-image-preview":"max-image-preview:large","max-video-preview":"max-video-preview:-1"},"canonical":"https:\/\/www.miomiorun.com\/de\/produkt\/aiguille-du-midi-tech-t-shirt-damen\/","og_locale":"de_DE","og_type":"article","og_title":"Wild Tee Aiguille du Midi tech t-shirt damen - Lauf-T-Shirt - MioMioRun","og_description":"Technisch, leicht und atmungsaktiv, inspiriert von der Aiguille du Midi, entwickelt, um Komfort, Vielseitigkeit und unverwechselbaren Stil f\u00fcr Trailrunning und Freizeit zu bieten","og_url":"https:\/\/www.miomiorun.com\/de\/produkt\/aiguille-du-midi-tech-t-shirt-damen\/","og_site_name":"MioMioRun","article_publisher":"https:\/\/www.facebook.com\/miomiorun\/","article_modified_time":"2026-05-05T14:41:32+00:00","og_image":[{"width":720,"height":720,"url":"https:\/\/www.miomiorun.com\/app\/uploads\/2026\/04\/WildTee-AIGUILLE-DU-MIDI-W-TECH-T-SHIRT-WT002WT83.webp","type":"image\/webp"}],"twitter_card":"summary_large_image","twitter_misc":{"Est. reading time":"1 minute"},"schema":{"@context":"https:\/\/schema.org","@graph":[{"@type":"WebPage","@id":"https:\/\/www.miomiorun.com\/de\/produkt\/aiguille-du-midi-tech-t-shirt-damen\/","url":"https:\/\/www.miomiorun.com\/de\/produkt\/aiguille-du-midi-tech-t-shirt-damen\/","name":"Wild Tee Aiguille du Midi tech t-shirt damen - Lauf-T-Shirt - MioMioRun","isPartOf":{"@id":"https:\/\/www.miomiorun.com\/de\/#website"},"primaryImageOfPage":{"@id":"https:\/\/www.miomiorun.com\/de\/produkt\/aiguille-du-midi-tech-t-shirt-damen\/#primaryimage"},"image":{"@id":"https:\/\/www.miomiorun.com\/de\/produkt\/aiguille-du-midi-tech-t-shirt-damen\/#primaryimage"},"thumbnailUrl":"https:\/\/www.miomiorun.com\/app\/uploads\/2026\/04\/WildTee-AIGUILLE-DU-MIDI-W-TECH-T-SHIRT-WT002WT83.webp","datePublished":"2026-04-22T09:23:30+00:00","dateModified":"2026-05-05T14:41:32+00:00","description":"Technisch, leicht und atmungsaktiv, inspiriert von der Aiguille du Midi, entwickelt, um Komfort, Vielseitigkeit und unverwechselbaren Stil f\u00fcr Trailrunning und Freizeit zu bieten","breadcrumb":{"@id":"https:\/\/www.miomiorun.com\/de\/produkt\/aiguille-du-midi-tech-t-shirt-damen\/#breadcrumb"},"inLanguage":"de-DE","potentialAction":[{"@type":"ReadAction","target":["https:\/\/www.miomiorun.com\/de\/produkt\/aiguille-du-midi-tech-t-shirt-damen\/"]}]},{"@type":"ImageObject","inLanguage":"de-DE","@id":"https:\/\/www.miomiorun.com\/de\/produkt\/aiguille-du-midi-tech-t-shirt-damen\/#primaryimage","url":"https:\/\/www.miomiorun.com\/app\/uploads\/2026\/04\/WildTee-AIGUILLE-DU-MIDI-W-TECH-T-SHIRT-WT002WT83.webp","contentUrl":"https:\/\/www.miomiorun.com\/app\/uploads\/2026\/04\/WildTee-AIGUILLE-DU-MIDI-W-TECH-T-SHIRT-WT002WT83.webp","width":720,"height":720,"caption":"WildTee AIGUILLE DU MIDI W TECH T-SHIRT WT002WT83"},{"@type":"BreadcrumbList","@id":"https:\/\/www.miomiorun.com\/de\/produkt\/aiguille-du-midi-tech-t-shirt-damen\/#breadcrumb","itemListElement":[{"@type":"ListItem","position":1,"name":"Home","item":"https:\/\/www.miomiorun.com\/de\/"},{"@type":"ListItem","position":2,"name":"Shop","item":"https:\/\/www.miomiorun.com\/shop\/"},{"@type":"ListItem","position":3,"name":"Aiguille du Midi tech t-shirt damen"}]},{"@type":"WebSite","@id":"https:\/\/www.miomiorun.com\/de\/#website","url":"https:\/\/www.miomiorun.com\/de\/","name":"MioMioRun","description":"100% Lauf- und Trailshop","publisher":{"@id":"https:\/\/www.miomiorun.com\/de\/#organization"},"potentialAction":[{"@type":"SearchAction","target":{"@type":"EntryPoint","urlTemplate":"https:\/\/www.miomiorun.com\/de\/?s={search_term_string}"},"query-input":{"@type":"PropertyValueSpecification","valueRequired":true,"valueName":"search_term_string"}}],"inLanguage":"de-DE"},{"@type":"Organization","@id":"https:\/\/www.miomiorun.com\/de\/#organization","name":"MioMio Run","url":"https:\/\/www.miomiorun.com\/de\/","logo":{"@type":"ImageObject","inLanguage":"de-DE","@id":"https:\/\/www.miomiorun.com\/de\/#\/schema\/logo\/image\/","url":"https:\/\/www.miomiorun.com\/app\/uploads\/2019\/12\/logomio.png","contentUrl":"https:\/\/www.miomiorun.com\/app\/uploads\/2019\/12\/logomio.png","width":115,"height":82,"caption":"MioMio Run"},"image":{"@id":"https:\/\/www.miomiorun.com\/de\/#\/schema\/logo\/image\/"},"sameAs":["https:\/\/www.facebook.com\/miomiorun\/","https:\/\/www.instagram.com\/miomiorun\/"]}]}},"_links":{"self":[{"href":"https:\/\/www.miomiorun.com\/de\/wp-json\/wp\/v2\/product\/434895","targetHints":{"allow":["GET"]}}],"collection":[{"href":"https:\/\/www.miomiorun.com\/de\/wp-json\/wp\/v2\/product"}],"about":[{"href":"https:\/\/www.miomiorun.com\/de\/wp-json\/wp\/v2\/types\/product"}],"wp:featuredmedia":[{"embeddable":true,"href":"https:\/\/www.miomiorun.com\/de\/wp-json\/wp\/v2\/media\/434928"}],"wp:attachment":[{"href":"https:\/\/www.miomiorun.com\/de\/wp-json\/wp\/v2\/media?parent=434895"}],"wp:term":[{"taxonomy":"product_brand","embeddable":true,"href":"https:\/\/www.miomiorun.com\/de\/wp-json\/wp\/v2\/product_brand?post=434895"},{"taxonomy":"product_cat","embeddable":true,"href":"https:\/\/www.miomiorun.com\/de\/wp-json\/wp\/v2\/product_cat?post=434895"},{"taxonomy":"product_tag","embeddable":true,"href":"https:\/\/www.miomiorun.com\/de\/wp-json\/wp\/v2\/product_tag?post=434895"}],"curies":[{"name":"wp","href":"https:\/\/api.w.org\/{rel}","templated":true}]}}