{"id":434745,"date":"2026-04-22T10:54:12","date_gmt":"2026-04-22T08:54:12","guid":{"rendered":"https:\/\/www.miomiorun.com\/?post_type=product&#038;p=434745"},"modified":"2026-05-05T17:29:58","modified_gmt":"2026-05-05T15:29:58","slug":"t-shirt-apocalypse-herren","status":"publish","type":"product","link":"https:\/\/www.miomiorun.com\/de\/produkt\/t-shirt-apocalypse-herren\/","title":{"rendered":"T-shirt apocalypse herren"},"content":{"rendered":"<p data-start=\"0\" data-end=\"389\">Dieses Funktions-T-Shirt vereint <strong data-start=\"58\" data-end=\"78\">unverwechselbaren Stil<\/strong> und <strong data-start=\"81\" data-end=\"96\">Leistung<\/strong> und erg\u00e4nzt die Capsule-Kollektion des Apocalypse Running Club mit einer markanten und unverwechselbaren <strong data-start=\"153\" data-end=\"174\">lila Farbgebung<\/strong>. Das Design, das in Zusammenarbeit mit <span class=\"hover:entity-accent entity-underline inline cursor-pointer align-baseline\"><span class=\"whitespace-normal\">Sebastiano Boni<\/span><\/span> entstanden ist, interpretiert die Welt des Laufsports auf zeitgem\u00e4\u00dfe Weise und bewahrt dabei eine starke Identit\u00e4t zwischen Stra\u00dfe und Training.<\/p>\n<p data-start=\"391\" data-end=\"524\">Das Kleidungsst\u00fcck pr\u00e4sentiert sich in einem <strong data-start=\"408\" data-end=\"446\">Unisex-Design mit Herrenpassform<\/strong> (f\u00fcr Damen wird eine Nummer kleiner empfohlen) und wurde entwickelt, um Folgendes zu gew\u00e4hrleisten:<\/p>\n<ul data-start=\"525\" data-end=\"698\">\n<li data-section-id=\"4nc1bl\" data-start=\"525\" data-end=\"587\"><strong data-start=\"527\" data-end=\"566\">Maximale Leichtigkeit und Atmungsaktivit\u00e4t<\/strong> w\u00e4hrend der Aktivit\u00e4t<\/li>\n<li data-section-id=\"nrqxh1\" data-start=\"588\" data-end=\"637\"><strong data-start=\"590\" data-end=\"610\">Konstanter Komfort<\/strong> beim Training und im Wettkampf<\/li>\n<li data-section-id=\"1omwavm\" data-start=\"638\" data-end=\"698\"><strong data-start=\"640\" data-end=\"665\">Verbesserte Sichtbarkeit<\/strong> dank reflektierender Details<\/li>\n<\/ul>\n<p data-start=\"700\" data-end=\"1218\">Hergestellt aus <strong data-start=\"714\" data-end=\"760\">hochwertigem recyceltem italienischem Stoff<\/strong>, ist es ideal f\u00fcr <strong data-start=\"775\" data-end=\"793\">Stadtl\u00e4ufe<\/strong> und Trainingseinheiten in jeder Umgebung. Das <strong data-start=\"834\" data-end=\"878\">reflektierende 3M\u2122 \u201eMetal\u201c-Logo von Wild Tee<\/strong> auf der Brust sorgt auch bei schlechten Lichtverh\u00e4ltnissen f\u00fcr bessere Sichtbarkeit und einen unverwechselbaren Look. Mit einem Gewicht von ca. <strong data-start=\"979\" data-end=\"992\">96 Gramm<\/strong> ist es ein praktisches und leistungsstarkes Kleidungsst\u00fcck f\u00fcr den t\u00e4glichen Gebrauch. Der Stoff ist <strong data-start=\"1073\" data-end=\"1086\">bluesign\u00ae<\/strong>&#8211; und <strong data-start=\"1089\" data-end=\"1115\">Oeko-Tex\u00ae Standard 100<\/strong>-zertifiziert und wird in der Europ\u00e4ischen Union hergestellt. Materialzusammensetzung: <strong data-start=\"1165\" data-end=\"1217\">87 % recyceltes Polyester und 13 % recyceltes Elasthan<\/strong>.<\/p>\n","protected":false},"excerpt":{"rendered":"<ul>\n<li data-section-id=\"1yztbf8\" data-start=\"1430\" data-end=\"1526\"><strong data-start=\"1432\" data-end=\"1501\">Apocalypse Running Club Capsule-Design und reflektierende 3M\u2122-Details<\/strong> f\u00fcr Stil und Sichtbarkeit<\/li>\n<li data-section-id=\"7biofk\" data-start=\"1527\" data-end=\"1600\"><strong data-start=\"1529\" data-end=\"1572\">Leichtes und atmungsaktives Recycling-Material<\/strong> f\u00fcr Komfort und Leistung<\/li>\n<li data-section-id=\"pc9rh0\" data-start=\"1601\" data-end=\"1671\" data-is-last-node=\"\"><strong data-start=\"1603\" data-end=\"1638\">Unisex-Passform mit Herren-Schnitt<\/strong> und zertifizierter europ\u00e4ischer Herstellung<\/li>\n<\/ul>\n","protected":false},"featured_media":434790,"template":"","meta":{"_acf_changed":false,"inline_featured_image":false},"product_brand":[],"product_cat":[6540,6508],"product_tag":[3399,6294],"class_list":{"0":"post-434745","1":"product","2":"type-product","3":"status-publish","4":"has-post-thumbnail","6":"product_cat-herrenbekleidung","7":"product_cat-herrent-shirt","8":"product_tag-wild-tee-de","9":"product_tag-wild-tee-herren-de","10":"pa_attivita-gehen","11":"pa_attivita-running-de","12":"pa_attivita-trail-de","13":"pa_marca-wild-tee-de","14":"pa_sesso-herren","15":"pa_size-small-de","16":"pa_size-medium-de","17":"pa_size-large-de","18":"pa_size-extra-large-de","20":"first","21":"instock","22":"sale","23":"taxable","24":"shipping-taxable","25":"purchasable","26":"product-type-variable","27":"wvs-archive-product-wrapper"},"acf":[],"yoast_head":"<!-- This site is optimized with the Yoast SEO plugin v26.8 - https:\/\/yoast.com\/product\/yoast-seo-wordpress\/ -->\n<title>Wild Tee T-shirt apocalypse herren -Lauf-T-Shirt - MioMioRun<\/title>\n<meta name=\"description\" content=\"Leichtes und atmungsaktives Unisex-Funktions-T-Shirt, das zeitgem\u00e4\u00dfen Stil, Komfort und gute Sichtbarkeit beim Training und bei Wettk\u00e4mpfen in der Stadt bietet\" \/>\n<meta name=\"robots\" content=\"index, follow, max-snippet:-1, max-image-preview:large, max-video-preview:-1\" \/>\n<link rel=\"canonical\" href=\"https:\/\/www.miomiorun.com\/de\/produkt\/t-shirt-apocalypse-herren\/\" \/>\n<meta property=\"og:locale\" content=\"de_DE\" \/>\n<meta property=\"og:type\" content=\"article\" \/>\n<meta property=\"og:title\" content=\"Wild Tee T-shirt apocalypse herren -Lauf-T-Shirt - MioMioRun\" \/>\n<meta property=\"og:description\" content=\"Leichtes und atmungsaktives Unisex-Funktions-T-Shirt, das zeitgem\u00e4\u00dfen Stil, Komfort und gute Sichtbarkeit beim Training und bei Wettk\u00e4mpfen in der Stadt bietet\" \/>\n<meta property=\"og:url\" content=\"https:\/\/www.miomiorun.com\/de\/produkt\/t-shirt-apocalypse-herren\/\" \/>\n<meta property=\"og:site_name\" content=\"MioMioRun\" \/>\n<meta property=\"article:publisher\" content=\"https:\/\/www.facebook.com\/miomiorun\/\" \/>\n<meta property=\"article:modified_time\" content=\"2026-05-05T15:29:58+00:00\" \/>\n<meta property=\"og:image\" content=\"https:\/\/www.miomiorun.com\/app\/uploads\/2026\/04\/WildTee-T-shirt-M-apocalypse-WT009WT203.webp\" \/>\n\t<meta property=\"og:image:width\" content=\"720\" \/>\n\t<meta property=\"og:image:height\" content=\"720\" \/>\n\t<meta property=\"og:image:type\" content=\"image\/webp\" \/>\n<meta name=\"twitter:card\" content=\"summary_large_image\" \/>\n<meta name=\"twitter:label1\" content=\"Est. reading time\" \/>\n\t<meta name=\"twitter:data1\" content=\"2 minutes\" \/>\n<script type=\"application\/ld+json\" class=\"yoast-schema-graph\">{\"@context\":\"https:\/\/schema.org\",\"@graph\":[{\"@type\":\"WebPage\",\"@id\":\"https:\/\/www.miomiorun.com\/de\/produkt\/t-shirt-apocalypse-herren\/\",\"url\":\"https:\/\/www.miomiorun.com\/de\/produkt\/t-shirt-apocalypse-herren\/\",\"name\":\"Wild Tee T-shirt apocalypse herren -Lauf-T-Shirt - MioMioRun\",\"isPartOf\":{\"@id\":\"https:\/\/www.miomiorun.com\/de\/#website\"},\"primaryImageOfPage\":{\"@id\":\"https:\/\/www.miomiorun.com\/de\/produkt\/t-shirt-apocalypse-herren\/#primaryimage\"},\"image\":{\"@id\":\"https:\/\/www.miomiorun.com\/de\/produkt\/t-shirt-apocalypse-herren\/#primaryimage\"},\"thumbnailUrl\":\"https:\/\/www.miomiorun.com\/app\/uploads\/2026\/04\/WildTee-T-shirt-M-apocalypse-WT009WT203.webp\",\"datePublished\":\"2026-04-22T08:54:12+00:00\",\"dateModified\":\"2026-05-05T15:29:58+00:00\",\"description\":\"Leichtes und atmungsaktives Unisex-Funktions-T-Shirt, das zeitgem\u00e4\u00dfen Stil, Komfort und gute Sichtbarkeit beim Training und bei Wettk\u00e4mpfen in der Stadt bietet\",\"breadcrumb\":{\"@id\":\"https:\/\/www.miomiorun.com\/de\/produkt\/t-shirt-apocalypse-herren\/#breadcrumb\"},\"inLanguage\":\"de-DE\",\"potentialAction\":[{\"@type\":\"ReadAction\",\"target\":[\"https:\/\/www.miomiorun.com\/de\/produkt\/t-shirt-apocalypse-herren\/\"]}]},{\"@type\":\"ImageObject\",\"inLanguage\":\"de-DE\",\"@id\":\"https:\/\/www.miomiorun.com\/de\/produkt\/t-shirt-apocalypse-herren\/#primaryimage\",\"url\":\"https:\/\/www.miomiorun.com\/app\/uploads\/2026\/04\/WildTee-T-shirt-M-apocalypse-WT009WT203.webp\",\"contentUrl\":\"https:\/\/www.miomiorun.com\/app\/uploads\/2026\/04\/WildTee-T-shirt-M-apocalypse-WT009WT203.webp\",\"width\":720,\"height\":720,\"caption\":\"WildTee T-shirt M apocalypse WT009WT203\"},{\"@type\":\"BreadcrumbList\",\"@id\":\"https:\/\/www.miomiorun.com\/de\/produkt\/t-shirt-apocalypse-herren\/#breadcrumb\",\"itemListElement\":[{\"@type\":\"ListItem\",\"position\":1,\"name\":\"Home\",\"item\":\"https:\/\/www.miomiorun.com\/de\/\"},{\"@type\":\"ListItem\",\"position\":2,\"name\":\"Shop\",\"item\":\"https:\/\/www.miomiorun.com\/shop\/\"},{\"@type\":\"ListItem\",\"position\":3,\"name\":\"T-shirt apocalypse herren\"}]},{\"@type\":\"WebSite\",\"@id\":\"https:\/\/www.miomiorun.com\/de\/#website\",\"url\":\"https:\/\/www.miomiorun.com\/de\/\",\"name\":\"MioMioRun\",\"description\":\"100% Lauf- und Trailshop\",\"publisher\":{\"@id\":\"https:\/\/www.miomiorun.com\/de\/#organization\"},\"potentialAction\":[{\"@type\":\"SearchAction\",\"target\":{\"@type\":\"EntryPoint\",\"urlTemplate\":\"https:\/\/www.miomiorun.com\/de\/?s={search_term_string}\"},\"query-input\":{\"@type\":\"PropertyValueSpecification\",\"valueRequired\":true,\"valueName\":\"search_term_string\"}}],\"inLanguage\":\"de-DE\"},{\"@type\":\"Organization\",\"@id\":\"https:\/\/www.miomiorun.com\/de\/#organization\",\"name\":\"MioMio Run\",\"url\":\"https:\/\/www.miomiorun.com\/de\/\",\"logo\":{\"@type\":\"ImageObject\",\"inLanguage\":\"de-DE\",\"@id\":\"https:\/\/www.miomiorun.com\/de\/#\/schema\/logo\/image\/\",\"url\":\"https:\/\/www.miomiorun.com\/app\/uploads\/2019\/12\/logomio.png\",\"contentUrl\":\"https:\/\/www.miomiorun.com\/app\/uploads\/2019\/12\/logomio.png\",\"width\":115,\"height\":82,\"caption\":\"MioMio Run\"},\"image\":{\"@id\":\"https:\/\/www.miomiorun.com\/de\/#\/schema\/logo\/image\/\"},\"sameAs\":[\"https:\/\/www.facebook.com\/miomiorun\/\",\"https:\/\/www.instagram.com\/miomiorun\/\"]}]}<\/script>\n<!-- \/ Yoast SEO plugin. -->","yoast_head_json":{"title":"Wild Tee T-shirt apocalypse herren -Lauf-T-Shirt - MioMioRun","description":"Leichtes und atmungsaktives Unisex-Funktions-T-Shirt, das zeitgem\u00e4\u00dfen Stil, Komfort und gute Sichtbarkeit beim Training und bei Wettk\u00e4mpfen in der Stadt bietet","robots":{"index":"index","follow":"follow","max-snippet":"max-snippet:-1","max-image-preview":"max-image-preview:large","max-video-preview":"max-video-preview:-1"},"canonical":"https:\/\/www.miomiorun.com\/de\/produkt\/t-shirt-apocalypse-herren\/","og_locale":"de_DE","og_type":"article","og_title":"Wild Tee T-shirt apocalypse herren -Lauf-T-Shirt - MioMioRun","og_description":"Leichtes und atmungsaktives Unisex-Funktions-T-Shirt, das zeitgem\u00e4\u00dfen Stil, Komfort und gute Sichtbarkeit beim Training und bei Wettk\u00e4mpfen in der Stadt bietet","og_url":"https:\/\/www.miomiorun.com\/de\/produkt\/t-shirt-apocalypse-herren\/","og_site_name":"MioMioRun","article_publisher":"https:\/\/www.facebook.com\/miomiorun\/","article_modified_time":"2026-05-05T15:29:58+00:00","og_image":[{"width":720,"height":720,"url":"https:\/\/www.miomiorun.com\/app\/uploads\/2026\/04\/WildTee-T-shirt-M-apocalypse-WT009WT203.webp","type":"image\/webp"}],"twitter_card":"summary_large_image","twitter_misc":{"Est. reading time":"2 minutes"},"schema":{"@context":"https:\/\/schema.org","@graph":[{"@type":"WebPage","@id":"https:\/\/www.miomiorun.com\/de\/produkt\/t-shirt-apocalypse-herren\/","url":"https:\/\/www.miomiorun.com\/de\/produkt\/t-shirt-apocalypse-herren\/","name":"Wild Tee T-shirt apocalypse herren -Lauf-T-Shirt - MioMioRun","isPartOf":{"@id":"https:\/\/www.miomiorun.com\/de\/#website"},"primaryImageOfPage":{"@id":"https:\/\/www.miomiorun.com\/de\/produkt\/t-shirt-apocalypse-herren\/#primaryimage"},"image":{"@id":"https:\/\/www.miomiorun.com\/de\/produkt\/t-shirt-apocalypse-herren\/#primaryimage"},"thumbnailUrl":"https:\/\/www.miomiorun.com\/app\/uploads\/2026\/04\/WildTee-T-shirt-M-apocalypse-WT009WT203.webp","datePublished":"2026-04-22T08:54:12+00:00","dateModified":"2026-05-05T15:29:58+00:00","description":"Leichtes und atmungsaktives Unisex-Funktions-T-Shirt, das zeitgem\u00e4\u00dfen Stil, Komfort und gute Sichtbarkeit beim Training und bei Wettk\u00e4mpfen in der Stadt bietet","breadcrumb":{"@id":"https:\/\/www.miomiorun.com\/de\/produkt\/t-shirt-apocalypse-herren\/#breadcrumb"},"inLanguage":"de-DE","potentialAction":[{"@type":"ReadAction","target":["https:\/\/www.miomiorun.com\/de\/produkt\/t-shirt-apocalypse-herren\/"]}]},{"@type":"ImageObject","inLanguage":"de-DE","@id":"https:\/\/www.miomiorun.com\/de\/produkt\/t-shirt-apocalypse-herren\/#primaryimage","url":"https:\/\/www.miomiorun.com\/app\/uploads\/2026\/04\/WildTee-T-shirt-M-apocalypse-WT009WT203.webp","contentUrl":"https:\/\/www.miomiorun.com\/app\/uploads\/2026\/04\/WildTee-T-shirt-M-apocalypse-WT009WT203.webp","width":720,"height":720,"caption":"WildTee T-shirt M apocalypse WT009WT203"},{"@type":"BreadcrumbList","@id":"https:\/\/www.miomiorun.com\/de\/produkt\/t-shirt-apocalypse-herren\/#breadcrumb","itemListElement":[{"@type":"ListItem","position":1,"name":"Home","item":"https:\/\/www.miomiorun.com\/de\/"},{"@type":"ListItem","position":2,"name":"Shop","item":"https:\/\/www.miomiorun.com\/shop\/"},{"@type":"ListItem","position":3,"name":"T-shirt apocalypse herren"}]},{"@type":"WebSite","@id":"https:\/\/www.miomiorun.com\/de\/#website","url":"https:\/\/www.miomiorun.com\/de\/","name":"MioMioRun","description":"100% Lauf- und Trailshop","publisher":{"@id":"https:\/\/www.miomiorun.com\/de\/#organization"},"potentialAction":[{"@type":"SearchAction","target":{"@type":"EntryPoint","urlTemplate":"https:\/\/www.miomiorun.com\/de\/?s={search_term_string}"},"query-input":{"@type":"PropertyValueSpecification","valueRequired":true,"valueName":"search_term_string"}}],"inLanguage":"de-DE"},{"@type":"Organization","@id":"https:\/\/www.miomiorun.com\/de\/#organization","name":"MioMio Run","url":"https:\/\/www.miomiorun.com\/de\/","logo":{"@type":"ImageObject","inLanguage":"de-DE","@id":"https:\/\/www.miomiorun.com\/de\/#\/schema\/logo\/image\/","url":"https:\/\/www.miomiorun.com\/app\/uploads\/2019\/12\/logomio.png","contentUrl":"https:\/\/www.miomiorun.com\/app\/uploads\/2019\/12\/logomio.png","width":115,"height":82,"caption":"MioMio Run"},"image":{"@id":"https:\/\/www.miomiorun.com\/de\/#\/schema\/logo\/image\/"},"sameAs":["https:\/\/www.facebook.com\/miomiorun\/","https:\/\/www.instagram.com\/miomiorun\/"]}]}},"_links":{"self":[{"href":"https:\/\/www.miomiorun.com\/de\/wp-json\/wp\/v2\/product\/434745","targetHints":{"allow":["GET"]}}],"collection":[{"href":"https:\/\/www.miomiorun.com\/de\/wp-json\/wp\/v2\/product"}],"about":[{"href":"https:\/\/www.miomiorun.com\/de\/wp-json\/wp\/v2\/types\/product"}],"wp:featuredmedia":[{"embeddable":true,"href":"https:\/\/www.miomiorun.com\/de\/wp-json\/wp\/v2\/media\/434790"}],"wp:attachment":[{"href":"https:\/\/www.miomiorun.com\/de\/wp-json\/wp\/v2\/media?parent=434745"}],"wp:term":[{"taxonomy":"product_brand","embeddable":true,"href":"https:\/\/www.miomiorun.com\/de\/wp-json\/wp\/v2\/product_brand?post=434745"},{"taxonomy":"product_cat","embeddable":true,"href":"https:\/\/www.miomiorun.com\/de\/wp-json\/wp\/v2\/product_cat?post=434745"},{"taxonomy":"product_tag","embeddable":true,"href":"https:\/\/www.miomiorun.com\/de\/wp-json\/wp\/v2\/product_tag?post=434745"}],"curies":[{"name":"wp","href":"https:\/\/api.w.org\/{rel}","templated":true}]}}