{"id":434688,"date":"2026-04-22T10:42:34","date_gmt":"2026-04-22T08:42:34","guid":{"rendered":"https:\/\/www.miomiorun.com\/?post_type=product&#038;p=434688"},"modified":"2026-05-05T17:28:25","modified_gmt":"2026-05-05T15:28:25","slug":"t-shirt-street-blazer-herren","status":"publish","type":"product","link":"https:\/\/www.miomiorun.com\/de\/produkt\/t-shirt-street-blazer-herren\/","title":{"rendered":"T-shirt street blazer herren"},"content":{"rendered":"<p data-start=\"0\" data-end=\"395\">Dieses Funktions-T-Shirt vereint <strong data-start=\"58\" data-end=\"79\">markantes Design<\/strong> und <strong data-start=\"82\" data-end=\"97\">Funktionalit\u00e4t<\/strong> im Rahmen des von <span class=\"hover:entity-accent entity-underline inline cursor-pointer align-baseline\"><span class=\"whitespace-normal\">Sebastiano Boni<\/span><\/span> entworfenen \u201eStreet Blazer\u201c-Konzepts. Entworfen mit <strong data-start=\"190\" data-end=\"221\">Unisex-Design und Herren-Passform<\/strong> (f\u00fcr Damen wird eine Nummer kleiner empfohlen), weist es eine <strong data-start=\"283\" data-end=\"306\">umgekehrte Farbgebung<\/strong> gegen\u00fcber der urspr\u00fcnglichen Langarmversion auf, f\u00fcr einen noch unverwechselbareren Stil.<\/p>\n<p data-start=\"397\" data-end=\"437\">Die Konstruktion ist darauf ausgelegt, Folgendes zu gew\u00e4hrleisten:<\/p>\n<ul data-start=\"438\" data-end=\"617\">\n<li data-section-id=\"4nc1bl\" data-start=\"438\" data-end=\"500\"><strong data-start=\"440\" data-end=\"479\">Maximale Leichtigkeit und Atmungsaktivit\u00e4t<\/strong> w\u00e4hrend der Aktivit\u00e4t<\/li>\n<li data-section-id=\"1lq3fyo\" data-start=\"501\" data-end=\"556\"><strong data-start=\"503\" data-end=\"523\">Konstanter Komfort<\/strong> beim Training und bei Wettk\u00e4mpfen<\/li>\n<li data-section-id=\"1omwavm\" data-start=\"557\" data-end=\"617\"><strong data-start=\"559\" data-end=\"584\">Verbesserte Sichtbarkeit<\/strong> dank reflektierender Details<\/li>\n<\/ul>\n<p data-start=\"619\" data-end=\"1172\">Hergestellt aus <strong data-start=\"633\" data-end=\"677\">italienischem Post-Consumer-Recyclinggewebe<\/strong>, ist es ideal f\u00fcr <strong data-start=\"692\" data-end=\"710\">Stadtl\u00e4ufe<\/strong> und das Training im Fitnessstudio. Das <strong data-start=\"741\" data-end=\"785\">reflektierende 3M\u2122-Logo \u201eMetal\u201c von Wild Tee<\/strong> auf der Vorderseite und die Grafik <strong data-start=\"810\" data-end=\"831\">\u201eUltra\u201c auf der R\u00fcckseite<\/strong> sorgen f\u00fcr Charakter und Sichtbarkeit auch bei schlechten Lichtverh\u00e4ltnissen. Mit einem Gewicht von ca. <strong data-start=\"924\" data-end=\"937\">96 Gramm<\/strong> ist es ein praktisches und leistungsstarkes Kleidungsst\u00fcck f\u00fcr den t\u00e4glichen Gebrauch. Der Stoff ist <strong data-start=\"1018\" data-end=\"1031\">Bluesign\u00ae<\/strong>&#8211; und <strong data-start=\"1034\" data-end=\"1060\">Oeko-Tex\u00ae Standard 100<\/strong>-zertifiziert, und die Produktion erfolgt in der Europ\u00e4ischen Union. Materialzusammensetzung: <strong data-start=\"1119\" data-end=\"1171\">87 % recyceltes Polyester und 13 % recyceltes Elasthan<\/strong>.<\/p>\n","protected":false},"excerpt":{"rendered":"<ul>\n<li data-section-id=\"1dnjy2i\" data-start=\"1385\" data-end=\"1463\"><strong data-start=\"1387\" data-end=\"1438\">Street-Blazer-Design und reflektierende 3M\u2122-Details<\/strong> f\u00fcr Stil und Sichtbarkeit<\/li>\n<li data-section-id=\"1hwsy1w\" data-start=\"1464\" data-end=\"1542\"><strong data-start=\"1466\" data-end=\"1509\">Leichtes und atmungsaktives Recycling-Material<\/strong> f\u00fcr Komfort bei der Aktivit\u00e4t<\/li>\n<li data-section-id=\"pc9rh0\" data-start=\"1543\" data-end=\"1613\" data-is-last-node=\"\"><strong data-start=\"1545\" data-end=\"1580\">Unisex-Passform mit Herren-Schnitt<\/strong> und zertifizierter europ\u00e4ischer Herstellung<\/li>\n<\/ul>\n","protected":false},"featured_media":434728,"template":"","meta":{"_acf_changed":false,"inline_featured_image":false},"product_brand":[],"product_cat":[6540,6508],"product_tag":[3399,6294],"class_list":{"0":"post-434688","1":"product","2":"type-product","3":"status-publish","4":"has-post-thumbnail","6":"product_cat-herrenbekleidung","7":"product_cat-herrent-shirt","8":"product_tag-wild-tee-de","9":"product_tag-wild-tee-herren-de","10":"pa_attivita-gehen","11":"pa_attivita-running-de","12":"pa_attivita-trail-de","13":"pa_marca-wild-tee-de","14":"pa_sesso-herren","15":"pa_size-small-de","16":"pa_size-medium-de","17":"pa_size-large-de","18":"pa_size-extra-large-de","20":"first","21":"instock","22":"sale","23":"taxable","24":"shipping-taxable","25":"purchasable","26":"product-type-variable","27":"wvs-archive-product-wrapper"},"acf":[],"yoast_head":"<!-- This site is optimized with the Yoast SEO plugin v26.8 - https:\/\/yoast.com\/product\/yoast-seo-wordpress\/ -->\n<title>Wild Tee T-shirt street blazer herren - Lauf-T-Shirt - MioMioRun.com<\/title>\n<meta name=\"description\" content=\"Leichtes und atmungsaktives Unisex-Funktionsshirt, das f\u00fcr unverwechselbaren Stil, Komfort und gute Sichtbarkeit beim Training und bei Stadtl\u00e4ufen entwickelt wurde.\" \/>\n<meta name=\"robots\" content=\"index, follow, max-snippet:-1, max-image-preview:large, max-video-preview:-1\" \/>\n<link rel=\"canonical\" href=\"https:\/\/www.miomiorun.com\/de\/produkt\/t-shirt-street-blazer-herren\/\" \/>\n<meta property=\"og:locale\" content=\"de_DE\" \/>\n<meta property=\"og:type\" content=\"article\" \/>\n<meta property=\"og:title\" content=\"Wild Tee T-shirt street blazer herren - Lauf-T-Shirt - MioMioRun.com\" \/>\n<meta property=\"og:description\" content=\"Leichtes und atmungsaktives Unisex-Funktionsshirt, das f\u00fcr unverwechselbaren Stil, Komfort und gute Sichtbarkeit beim Training und bei Stadtl\u00e4ufen entwickelt wurde.\" \/>\n<meta property=\"og:url\" content=\"https:\/\/www.miomiorun.com\/de\/produkt\/t-shirt-street-blazer-herren\/\" \/>\n<meta property=\"og:site_name\" content=\"MioMioRun\" \/>\n<meta property=\"article:publisher\" content=\"https:\/\/www.facebook.com\/miomiorun\/\" \/>\n<meta property=\"article:modified_time\" content=\"2026-05-05T15:28:25+00:00\" \/>\n<meta property=\"og:image\" content=\"https:\/\/www.miomiorun.com\/app\/uploads\/2026\/04\/WildTee-T-shirt-M-street-blazer-WT009WT202.webp\" \/>\n\t<meta property=\"og:image:width\" content=\"720\" \/>\n\t<meta property=\"og:image:height\" content=\"720\" \/>\n\t<meta property=\"og:image:type\" content=\"image\/webp\" \/>\n<meta name=\"twitter:card\" content=\"summary_large_image\" \/>\n<meta name=\"twitter:label1\" content=\"Est. reading time\" \/>\n\t<meta name=\"twitter:data1\" content=\"1 minute\" \/>\n<script type=\"application\/ld+json\" class=\"yoast-schema-graph\">{\"@context\":\"https:\/\/schema.org\",\"@graph\":[{\"@type\":\"WebPage\",\"@id\":\"https:\/\/www.miomiorun.com\/de\/produkt\/t-shirt-street-blazer-herren\/\",\"url\":\"https:\/\/www.miomiorun.com\/de\/produkt\/t-shirt-street-blazer-herren\/\",\"name\":\"Wild Tee T-shirt street blazer herren - Lauf-T-Shirt - MioMioRun.com\",\"isPartOf\":{\"@id\":\"https:\/\/www.miomiorun.com\/de\/#website\"},\"primaryImageOfPage\":{\"@id\":\"https:\/\/www.miomiorun.com\/de\/produkt\/t-shirt-street-blazer-herren\/#primaryimage\"},\"image\":{\"@id\":\"https:\/\/www.miomiorun.com\/de\/produkt\/t-shirt-street-blazer-herren\/#primaryimage\"},\"thumbnailUrl\":\"https:\/\/www.miomiorun.com\/app\/uploads\/2026\/04\/WildTee-T-shirt-M-street-blazer-WT009WT202.webp\",\"datePublished\":\"2026-04-22T08:42:34+00:00\",\"dateModified\":\"2026-05-05T15:28:25+00:00\",\"description\":\"Leichtes und atmungsaktives Unisex-Funktionsshirt, das f\u00fcr unverwechselbaren Stil, Komfort und gute Sichtbarkeit beim Training und bei Stadtl\u00e4ufen entwickelt wurde.\",\"breadcrumb\":{\"@id\":\"https:\/\/www.miomiorun.com\/de\/produkt\/t-shirt-street-blazer-herren\/#breadcrumb\"},\"inLanguage\":\"de-DE\",\"potentialAction\":[{\"@type\":\"ReadAction\",\"target\":[\"https:\/\/www.miomiorun.com\/de\/produkt\/t-shirt-street-blazer-herren\/\"]}]},{\"@type\":\"ImageObject\",\"inLanguage\":\"de-DE\",\"@id\":\"https:\/\/www.miomiorun.com\/de\/produkt\/t-shirt-street-blazer-herren\/#primaryimage\",\"url\":\"https:\/\/www.miomiorun.com\/app\/uploads\/2026\/04\/WildTee-T-shirt-M-street-blazer-WT009WT202.webp\",\"contentUrl\":\"https:\/\/www.miomiorun.com\/app\/uploads\/2026\/04\/WildTee-T-shirt-M-street-blazer-WT009WT202.webp\",\"width\":720,\"height\":720,\"caption\":\"WildTee T-shirt M street blazer WT009WT202\"},{\"@type\":\"BreadcrumbList\",\"@id\":\"https:\/\/www.miomiorun.com\/de\/produkt\/t-shirt-street-blazer-herren\/#breadcrumb\",\"itemListElement\":[{\"@type\":\"ListItem\",\"position\":1,\"name\":\"Home\",\"item\":\"https:\/\/www.miomiorun.com\/de\/\"},{\"@type\":\"ListItem\",\"position\":2,\"name\":\"Shop\",\"item\":\"https:\/\/www.miomiorun.com\/shop\/\"},{\"@type\":\"ListItem\",\"position\":3,\"name\":\"T-shirt street blazer herren\"}]},{\"@type\":\"WebSite\",\"@id\":\"https:\/\/www.miomiorun.com\/de\/#website\",\"url\":\"https:\/\/www.miomiorun.com\/de\/\",\"name\":\"MioMioRun\",\"description\":\"100% Lauf- und Trailshop\",\"publisher\":{\"@id\":\"https:\/\/www.miomiorun.com\/de\/#organization\"},\"potentialAction\":[{\"@type\":\"SearchAction\",\"target\":{\"@type\":\"EntryPoint\",\"urlTemplate\":\"https:\/\/www.miomiorun.com\/de\/?s={search_term_string}\"},\"query-input\":{\"@type\":\"PropertyValueSpecification\",\"valueRequired\":true,\"valueName\":\"search_term_string\"}}],\"inLanguage\":\"de-DE\"},{\"@type\":\"Organization\",\"@id\":\"https:\/\/www.miomiorun.com\/de\/#organization\",\"name\":\"MioMio Run\",\"url\":\"https:\/\/www.miomiorun.com\/de\/\",\"logo\":{\"@type\":\"ImageObject\",\"inLanguage\":\"de-DE\",\"@id\":\"https:\/\/www.miomiorun.com\/de\/#\/schema\/logo\/image\/\",\"url\":\"https:\/\/www.miomiorun.com\/app\/uploads\/2019\/12\/logomio.png\",\"contentUrl\":\"https:\/\/www.miomiorun.com\/app\/uploads\/2019\/12\/logomio.png\",\"width\":115,\"height\":82,\"caption\":\"MioMio Run\"},\"image\":{\"@id\":\"https:\/\/www.miomiorun.com\/de\/#\/schema\/logo\/image\/\"},\"sameAs\":[\"https:\/\/www.facebook.com\/miomiorun\/\",\"https:\/\/www.instagram.com\/miomiorun\/\"]}]}<\/script>\n<!-- \/ Yoast SEO plugin. -->","yoast_head_json":{"title":"Wild Tee T-shirt street blazer herren - Lauf-T-Shirt - MioMioRun.com","description":"Leichtes und atmungsaktives Unisex-Funktionsshirt, das f\u00fcr unverwechselbaren Stil, Komfort und gute Sichtbarkeit beim Training und bei Stadtl\u00e4ufen entwickelt wurde.","robots":{"index":"index","follow":"follow","max-snippet":"max-snippet:-1","max-image-preview":"max-image-preview:large","max-video-preview":"max-video-preview:-1"},"canonical":"https:\/\/www.miomiorun.com\/de\/produkt\/t-shirt-street-blazer-herren\/","og_locale":"de_DE","og_type":"article","og_title":"Wild Tee T-shirt street blazer herren - Lauf-T-Shirt - MioMioRun.com","og_description":"Leichtes und atmungsaktives Unisex-Funktionsshirt, das f\u00fcr unverwechselbaren Stil, Komfort und gute Sichtbarkeit beim Training und bei Stadtl\u00e4ufen entwickelt wurde.","og_url":"https:\/\/www.miomiorun.com\/de\/produkt\/t-shirt-street-blazer-herren\/","og_site_name":"MioMioRun","article_publisher":"https:\/\/www.facebook.com\/miomiorun\/","article_modified_time":"2026-05-05T15:28:25+00:00","og_image":[{"width":720,"height":720,"url":"https:\/\/www.miomiorun.com\/app\/uploads\/2026\/04\/WildTee-T-shirt-M-street-blazer-WT009WT202.webp","type":"image\/webp"}],"twitter_card":"summary_large_image","twitter_misc":{"Est. reading time":"1 minute"},"schema":{"@context":"https:\/\/schema.org","@graph":[{"@type":"WebPage","@id":"https:\/\/www.miomiorun.com\/de\/produkt\/t-shirt-street-blazer-herren\/","url":"https:\/\/www.miomiorun.com\/de\/produkt\/t-shirt-street-blazer-herren\/","name":"Wild Tee T-shirt street blazer herren - Lauf-T-Shirt - MioMioRun.com","isPartOf":{"@id":"https:\/\/www.miomiorun.com\/de\/#website"},"primaryImageOfPage":{"@id":"https:\/\/www.miomiorun.com\/de\/produkt\/t-shirt-street-blazer-herren\/#primaryimage"},"image":{"@id":"https:\/\/www.miomiorun.com\/de\/produkt\/t-shirt-street-blazer-herren\/#primaryimage"},"thumbnailUrl":"https:\/\/www.miomiorun.com\/app\/uploads\/2026\/04\/WildTee-T-shirt-M-street-blazer-WT009WT202.webp","datePublished":"2026-04-22T08:42:34+00:00","dateModified":"2026-05-05T15:28:25+00:00","description":"Leichtes und atmungsaktives Unisex-Funktionsshirt, das f\u00fcr unverwechselbaren Stil, Komfort und gute Sichtbarkeit beim Training und bei Stadtl\u00e4ufen entwickelt wurde.","breadcrumb":{"@id":"https:\/\/www.miomiorun.com\/de\/produkt\/t-shirt-street-blazer-herren\/#breadcrumb"},"inLanguage":"de-DE","potentialAction":[{"@type":"ReadAction","target":["https:\/\/www.miomiorun.com\/de\/produkt\/t-shirt-street-blazer-herren\/"]}]},{"@type":"ImageObject","inLanguage":"de-DE","@id":"https:\/\/www.miomiorun.com\/de\/produkt\/t-shirt-street-blazer-herren\/#primaryimage","url":"https:\/\/www.miomiorun.com\/app\/uploads\/2026\/04\/WildTee-T-shirt-M-street-blazer-WT009WT202.webp","contentUrl":"https:\/\/www.miomiorun.com\/app\/uploads\/2026\/04\/WildTee-T-shirt-M-street-blazer-WT009WT202.webp","width":720,"height":720,"caption":"WildTee T-shirt M street blazer WT009WT202"},{"@type":"BreadcrumbList","@id":"https:\/\/www.miomiorun.com\/de\/produkt\/t-shirt-street-blazer-herren\/#breadcrumb","itemListElement":[{"@type":"ListItem","position":1,"name":"Home","item":"https:\/\/www.miomiorun.com\/de\/"},{"@type":"ListItem","position":2,"name":"Shop","item":"https:\/\/www.miomiorun.com\/shop\/"},{"@type":"ListItem","position":3,"name":"T-shirt street blazer herren"}]},{"@type":"WebSite","@id":"https:\/\/www.miomiorun.com\/de\/#website","url":"https:\/\/www.miomiorun.com\/de\/","name":"MioMioRun","description":"100% Lauf- und Trailshop","publisher":{"@id":"https:\/\/www.miomiorun.com\/de\/#organization"},"potentialAction":[{"@type":"SearchAction","target":{"@type":"EntryPoint","urlTemplate":"https:\/\/www.miomiorun.com\/de\/?s={search_term_string}"},"query-input":{"@type":"PropertyValueSpecification","valueRequired":true,"valueName":"search_term_string"}}],"inLanguage":"de-DE"},{"@type":"Organization","@id":"https:\/\/www.miomiorun.com\/de\/#organization","name":"MioMio Run","url":"https:\/\/www.miomiorun.com\/de\/","logo":{"@type":"ImageObject","inLanguage":"de-DE","@id":"https:\/\/www.miomiorun.com\/de\/#\/schema\/logo\/image\/","url":"https:\/\/www.miomiorun.com\/app\/uploads\/2019\/12\/logomio.png","contentUrl":"https:\/\/www.miomiorun.com\/app\/uploads\/2019\/12\/logomio.png","width":115,"height":82,"caption":"MioMio Run"},"image":{"@id":"https:\/\/www.miomiorun.com\/de\/#\/schema\/logo\/image\/"},"sameAs":["https:\/\/www.facebook.com\/miomiorun\/","https:\/\/www.instagram.com\/miomiorun\/"]}]}},"_links":{"self":[{"href":"https:\/\/www.miomiorun.com\/de\/wp-json\/wp\/v2\/product\/434688","targetHints":{"allow":["GET"]}}],"collection":[{"href":"https:\/\/www.miomiorun.com\/de\/wp-json\/wp\/v2\/product"}],"about":[{"href":"https:\/\/www.miomiorun.com\/de\/wp-json\/wp\/v2\/types\/product"}],"wp:featuredmedia":[{"embeddable":true,"href":"https:\/\/www.miomiorun.com\/de\/wp-json\/wp\/v2\/media\/434728"}],"wp:attachment":[{"href":"https:\/\/www.miomiorun.com\/de\/wp-json\/wp\/v2\/media?parent=434688"}],"wp:term":[{"taxonomy":"product_brand","embeddable":true,"href":"https:\/\/www.miomiorun.com\/de\/wp-json\/wp\/v2\/product_brand?post=434688"},{"taxonomy":"product_cat","embeddable":true,"href":"https:\/\/www.miomiorun.com\/de\/wp-json\/wp\/v2\/product_cat?post=434688"},{"taxonomy":"product_tag","embeddable":true,"href":"https:\/\/www.miomiorun.com\/de\/wp-json\/wp\/v2\/product_tag?post=434688"}],"curies":[{"name":"wp","href":"https:\/\/api.w.org\/{rel}","templated":true}]}}