{"id":434635,"date":"2026-04-22T10:32:57","date_gmt":"2026-04-22T08:32:57","guid":{"rendered":"https:\/\/www.miomiorun.com\/?post_type=product&#038;p=434635"},"modified":"2026-05-05T17:26:46","modified_gmt":"2026-05-05T15:26:46","slug":"t-shirt-road-alluminium-herren","status":"publish","type":"product","link":"https:\/\/www.miomiorun.com\/de\/produkt\/t-shirt-road-alluminium-herren\/","title":{"rendered":"T-shirt road alluminium herren"},"content":{"rendered":"<p data-start=\"0\" data-end=\"325\">Das Essential-T-Shirt aus der Wild Tee SS25-Kollektion wurde entwickelt, um <strong data-start=\"102\" data-end=\"117\">Vielseitigkeit<\/strong>, <strong data-start=\"119\" data-end=\"133\">Leichtigkeit<\/strong> und <strong data-start=\"136\" data-end=\"156\">schlichten Stil<\/strong> in jeder Situation zu bieten. Es l\u00e4sst sich leicht mit jedem sportlichen oder l\u00e4ssigen Outfit kombinieren und ist ideal, um dich sowohl bei <strong data-start=\"271\" data-end=\"290\">Stadtl\u00e4ufen<\/strong> als auch beim Training im Fitnessstudio zu begleiten. <\/p>\n<p data-start=\"327\" data-end=\"367\">Die Konstruktion wurde entwickelt, um Folgendes zu gew\u00e4hrleisten:<\/p>\n<ul data-start=\"368\" data-end=\"523\">\n<li data-section-id=\"1c1bcwe\" data-start=\"368\" data-end=\"417\"><strong data-start=\"370\" data-end=\"396\">Maximale Atmungsaktivit\u00e4t<\/strong> w\u00e4hrend der Aktivit\u00e4t<\/li>\n<li data-section-id=\"18e8i8i\" data-start=\"418\" data-end=\"468\"><strong data-start=\"420\" data-end=\"440\">Konstanter Komfort<\/strong> dank des leichten Gewebes<\/li>\n<li data-section-id=\"29phq2\" data-start=\"469\" data-end=\"523\"><strong data-start=\"471\" data-end=\"496\">Verbesserte Sichtbarkeit<\/strong> durch reflektierende Details<\/li>\n<\/ul>\n<p data-start=\"525\" data-end=\"1013\">Hergestellt aus <strong data-start=\"539\" data-end=\"583\">italienischem Post-Consumer-Recyclingmaterial<\/strong> und in der Europ\u00e4ischen Union produziert, gew\u00e4hrleistet es Qualit\u00e4t und Sorgfalt bei der Materialauswahl. Das <strong data-start=\"661\" data-end=\"719\">auf der Brust und am R\u00fccken aufgedruckte Logo aus reflektierendem 3M\u2122-Material<\/strong> erh\u00f6ht die Sichtbarkeit auch bei schlechten Lichtverh\u00e4ltnissen. Mit einem Gewicht von ca. <strong data-start=\"808\" data-end=\"821\">96 Gramm<\/strong> ist es ein praktisches und leistungsstarkes Kleidungsst\u00fcck f\u00fcr den t\u00e4glichen Gebrauch. Der Stoff ist <strong data-start=\"902\" data-end=\"915\">bluesign\u00ae<\/strong>&#8211; und <strong data-start=\"918\" data-end=\"944\">Oeko-Tex\u00ae Standard 100<\/strong>-zertifiziert. Materialzusammensetzung: <strong data-start=\"960\" data-end=\"1012\">87 % recyceltes Polyester und 13 % recyceltes Elasthan<\/strong>.<\/p>\n","protected":false},"excerpt":{"rendered":"<ul>\n<li data-section-id=\"yvrpwz\" data-start=\"1217\" data-end=\"1298\"><strong data-start=\"1219\" data-end=\"1262\">Leichtes und atmungsaktives Recycling-Material<\/strong> f\u00fcr Komfort und den t\u00e4glichen Gebrauch<\/li>\n<li data-section-id=\"4qswwc\" data-start=\"1299\" data-end=\"1369\"><strong data-start=\"1301\" data-end=\"1329\">Reflektierende 3M\u2122-Details<\/strong> f\u00fcr bessere Sichtbarkeit auch im Dunkeln<\/li>\n<li data-section-id=\"1arvk7j\" data-start=\"1370\" data-end=\"1455\" data-is-last-node=\"\"><strong data-start=\"1372\" data-end=\"1422\">Qualit\u00e4tszertifizierungen und europ\u00e4ische Herstellung<\/strong> f\u00fcr Zuverl\u00e4ssigkeit und Nachhaltigkeit<\/li>\n<\/ul>\n","protected":false},"featured_media":434655,"template":"","meta":{"_acf_changed":false,"inline_featured_image":false},"product_brand":[],"product_cat":[6540,6508],"product_tag":[3399,6294],"class_list":{"0":"post-434635","1":"product","2":"type-product","3":"status-publish","4":"has-post-thumbnail","6":"product_cat-herrenbekleidung","7":"product_cat-herrent-shirt","8":"product_tag-wild-tee-de","9":"product_tag-wild-tee-herren-de","10":"pa_attivita-gehen","11":"pa_attivita-running-de","12":"pa_attivita-trail-de","13":"pa_marca-wild-tee-de","14":"pa_sesso-herren","15":"pa_size-small-de","16":"pa_size-medium-de","17":"pa_size-large-de","18":"pa_size-extra-large-de","20":"first","21":"instock","22":"sale","23":"taxable","24":"shipping-taxable","25":"purchasable","26":"product-type-variable","27":"wvs-archive-product-wrapper"},"acf":[],"yoast_head":"<!-- This site is optimized with the Yoast SEO plugin v26.8 - https:\/\/yoast.com\/product\/yoast-seo-wordpress\/ -->\n<title>Wild Tee T-shirt road alluminium herren -Lauf-T-Shirt - MioMioRun.com<\/title>\n<meta name=\"description\" content=\"Leichtes und vielseitiges Funktions-T-Shirt, das Komfort, Atmungsaktivit\u00e4t und gute Sichtbarkeit beim Training und im Alltag bietet\" \/>\n<meta name=\"robots\" content=\"index, follow, max-snippet:-1, max-image-preview:large, max-video-preview:-1\" \/>\n<link rel=\"canonical\" href=\"https:\/\/www.miomiorun.com\/de\/produkt\/t-shirt-road-alluminium-herren\/\" \/>\n<meta property=\"og:locale\" content=\"de_DE\" \/>\n<meta property=\"og:type\" content=\"article\" \/>\n<meta property=\"og:title\" content=\"Wild Tee T-shirt road alluminium herren -Lauf-T-Shirt - MioMioRun.com\" \/>\n<meta property=\"og:description\" content=\"Leichtes und vielseitiges Funktions-T-Shirt, das Komfort, Atmungsaktivit\u00e4t und gute Sichtbarkeit beim Training und im Alltag bietet\" \/>\n<meta property=\"og:url\" content=\"https:\/\/www.miomiorun.com\/de\/produkt\/t-shirt-road-alluminium-herren\/\" \/>\n<meta property=\"og:site_name\" content=\"MioMioRun\" \/>\n<meta property=\"article:publisher\" content=\"https:\/\/www.facebook.com\/miomiorun\/\" \/>\n<meta property=\"article:modified_time\" content=\"2026-05-05T15:26:46+00:00\" \/>\n<meta property=\"og:image\" content=\"https:\/\/www.miomiorun.com\/app\/uploads\/2026\/04\/WildTee-T-shirt-M-road-alluminium-WT009WT215.webp\" \/>\n\t<meta property=\"og:image:width\" content=\"720\" \/>\n\t<meta property=\"og:image:height\" content=\"720\" \/>\n\t<meta property=\"og:image:type\" content=\"image\/webp\" \/>\n<meta name=\"twitter:card\" content=\"summary_large_image\" \/>\n<meta name=\"twitter:label1\" content=\"Est. reading time\" \/>\n\t<meta name=\"twitter:data1\" content=\"1 minute\" \/>\n<script type=\"application\/ld+json\" class=\"yoast-schema-graph\">{\"@context\":\"https:\/\/schema.org\",\"@graph\":[{\"@type\":\"WebPage\",\"@id\":\"https:\/\/www.miomiorun.com\/de\/produkt\/t-shirt-road-alluminium-herren\/\",\"url\":\"https:\/\/www.miomiorun.com\/de\/produkt\/t-shirt-road-alluminium-herren\/\",\"name\":\"Wild Tee T-shirt road alluminium herren -Lauf-T-Shirt - MioMioRun.com\",\"isPartOf\":{\"@id\":\"https:\/\/www.miomiorun.com\/de\/#website\"},\"primaryImageOfPage\":{\"@id\":\"https:\/\/www.miomiorun.com\/de\/produkt\/t-shirt-road-alluminium-herren\/#primaryimage\"},\"image\":{\"@id\":\"https:\/\/www.miomiorun.com\/de\/produkt\/t-shirt-road-alluminium-herren\/#primaryimage\"},\"thumbnailUrl\":\"https:\/\/www.miomiorun.com\/app\/uploads\/2026\/04\/WildTee-T-shirt-M-road-alluminium-WT009WT215.webp\",\"datePublished\":\"2026-04-22T08:32:57+00:00\",\"dateModified\":\"2026-05-05T15:26:46+00:00\",\"description\":\"Leichtes und vielseitiges Funktions-T-Shirt, das Komfort, Atmungsaktivit\u00e4t und gute Sichtbarkeit beim Training und im Alltag bietet\",\"breadcrumb\":{\"@id\":\"https:\/\/www.miomiorun.com\/de\/produkt\/t-shirt-road-alluminium-herren\/#breadcrumb\"},\"inLanguage\":\"de-DE\",\"potentialAction\":[{\"@type\":\"ReadAction\",\"target\":[\"https:\/\/www.miomiorun.com\/de\/produkt\/t-shirt-road-alluminium-herren\/\"]}]},{\"@type\":\"ImageObject\",\"inLanguage\":\"de-DE\",\"@id\":\"https:\/\/www.miomiorun.com\/de\/produkt\/t-shirt-road-alluminium-herren\/#primaryimage\",\"url\":\"https:\/\/www.miomiorun.com\/app\/uploads\/2026\/04\/WildTee-T-shirt-M-road-alluminium-WT009WT215.webp\",\"contentUrl\":\"https:\/\/www.miomiorun.com\/app\/uploads\/2026\/04\/WildTee-T-shirt-M-road-alluminium-WT009WT215.webp\",\"width\":720,\"height\":720,\"caption\":\"WildTee T-shirt M road alluminium WT009WT215\"},{\"@type\":\"BreadcrumbList\",\"@id\":\"https:\/\/www.miomiorun.com\/de\/produkt\/t-shirt-road-alluminium-herren\/#breadcrumb\",\"itemListElement\":[{\"@type\":\"ListItem\",\"position\":1,\"name\":\"Home\",\"item\":\"https:\/\/www.miomiorun.com\/de\/\"},{\"@type\":\"ListItem\",\"position\":2,\"name\":\"Shop\",\"item\":\"https:\/\/www.miomiorun.com\/shop\/\"},{\"@type\":\"ListItem\",\"position\":3,\"name\":\"T-shirt road alluminium herren\"}]},{\"@type\":\"WebSite\",\"@id\":\"https:\/\/www.miomiorun.com\/de\/#website\",\"url\":\"https:\/\/www.miomiorun.com\/de\/\",\"name\":\"MioMioRun\",\"description\":\"100% Lauf- und Trailshop\",\"publisher\":{\"@id\":\"https:\/\/www.miomiorun.com\/de\/#organization\"},\"potentialAction\":[{\"@type\":\"SearchAction\",\"target\":{\"@type\":\"EntryPoint\",\"urlTemplate\":\"https:\/\/www.miomiorun.com\/de\/?s={search_term_string}\"},\"query-input\":{\"@type\":\"PropertyValueSpecification\",\"valueRequired\":true,\"valueName\":\"search_term_string\"}}],\"inLanguage\":\"de-DE\"},{\"@type\":\"Organization\",\"@id\":\"https:\/\/www.miomiorun.com\/de\/#organization\",\"name\":\"MioMio Run\",\"url\":\"https:\/\/www.miomiorun.com\/de\/\",\"logo\":{\"@type\":\"ImageObject\",\"inLanguage\":\"de-DE\",\"@id\":\"https:\/\/www.miomiorun.com\/de\/#\/schema\/logo\/image\/\",\"url\":\"https:\/\/www.miomiorun.com\/app\/uploads\/2019\/12\/logomio.png\",\"contentUrl\":\"https:\/\/www.miomiorun.com\/app\/uploads\/2019\/12\/logomio.png\",\"width\":115,\"height\":82,\"caption\":\"MioMio Run\"},\"image\":{\"@id\":\"https:\/\/www.miomiorun.com\/de\/#\/schema\/logo\/image\/\"},\"sameAs\":[\"https:\/\/www.facebook.com\/miomiorun\/\",\"https:\/\/www.instagram.com\/miomiorun\/\"]}]}<\/script>\n<!-- \/ Yoast SEO plugin. -->","yoast_head_json":{"title":"Wild Tee T-shirt road alluminium herren -Lauf-T-Shirt - MioMioRun.com","description":"Leichtes und vielseitiges Funktions-T-Shirt, das Komfort, Atmungsaktivit\u00e4t und gute Sichtbarkeit beim Training und im Alltag bietet","robots":{"index":"index","follow":"follow","max-snippet":"max-snippet:-1","max-image-preview":"max-image-preview:large","max-video-preview":"max-video-preview:-1"},"canonical":"https:\/\/www.miomiorun.com\/de\/produkt\/t-shirt-road-alluminium-herren\/","og_locale":"de_DE","og_type":"article","og_title":"Wild Tee T-shirt road alluminium herren -Lauf-T-Shirt - MioMioRun.com","og_description":"Leichtes und vielseitiges Funktions-T-Shirt, das Komfort, Atmungsaktivit\u00e4t und gute Sichtbarkeit beim Training und im Alltag bietet","og_url":"https:\/\/www.miomiorun.com\/de\/produkt\/t-shirt-road-alluminium-herren\/","og_site_name":"MioMioRun","article_publisher":"https:\/\/www.facebook.com\/miomiorun\/","article_modified_time":"2026-05-05T15:26:46+00:00","og_image":[{"width":720,"height":720,"url":"https:\/\/www.miomiorun.com\/app\/uploads\/2026\/04\/WildTee-T-shirt-M-road-alluminium-WT009WT215.webp","type":"image\/webp"}],"twitter_card":"summary_large_image","twitter_misc":{"Est. reading time":"1 minute"},"schema":{"@context":"https:\/\/schema.org","@graph":[{"@type":"WebPage","@id":"https:\/\/www.miomiorun.com\/de\/produkt\/t-shirt-road-alluminium-herren\/","url":"https:\/\/www.miomiorun.com\/de\/produkt\/t-shirt-road-alluminium-herren\/","name":"Wild Tee T-shirt road alluminium herren -Lauf-T-Shirt - MioMioRun.com","isPartOf":{"@id":"https:\/\/www.miomiorun.com\/de\/#website"},"primaryImageOfPage":{"@id":"https:\/\/www.miomiorun.com\/de\/produkt\/t-shirt-road-alluminium-herren\/#primaryimage"},"image":{"@id":"https:\/\/www.miomiorun.com\/de\/produkt\/t-shirt-road-alluminium-herren\/#primaryimage"},"thumbnailUrl":"https:\/\/www.miomiorun.com\/app\/uploads\/2026\/04\/WildTee-T-shirt-M-road-alluminium-WT009WT215.webp","datePublished":"2026-04-22T08:32:57+00:00","dateModified":"2026-05-05T15:26:46+00:00","description":"Leichtes und vielseitiges Funktions-T-Shirt, das Komfort, Atmungsaktivit\u00e4t und gute Sichtbarkeit beim Training und im Alltag bietet","breadcrumb":{"@id":"https:\/\/www.miomiorun.com\/de\/produkt\/t-shirt-road-alluminium-herren\/#breadcrumb"},"inLanguage":"de-DE","potentialAction":[{"@type":"ReadAction","target":["https:\/\/www.miomiorun.com\/de\/produkt\/t-shirt-road-alluminium-herren\/"]}]},{"@type":"ImageObject","inLanguage":"de-DE","@id":"https:\/\/www.miomiorun.com\/de\/produkt\/t-shirt-road-alluminium-herren\/#primaryimage","url":"https:\/\/www.miomiorun.com\/app\/uploads\/2026\/04\/WildTee-T-shirt-M-road-alluminium-WT009WT215.webp","contentUrl":"https:\/\/www.miomiorun.com\/app\/uploads\/2026\/04\/WildTee-T-shirt-M-road-alluminium-WT009WT215.webp","width":720,"height":720,"caption":"WildTee T-shirt M road alluminium WT009WT215"},{"@type":"BreadcrumbList","@id":"https:\/\/www.miomiorun.com\/de\/produkt\/t-shirt-road-alluminium-herren\/#breadcrumb","itemListElement":[{"@type":"ListItem","position":1,"name":"Home","item":"https:\/\/www.miomiorun.com\/de\/"},{"@type":"ListItem","position":2,"name":"Shop","item":"https:\/\/www.miomiorun.com\/shop\/"},{"@type":"ListItem","position":3,"name":"T-shirt road alluminium herren"}]},{"@type":"WebSite","@id":"https:\/\/www.miomiorun.com\/de\/#website","url":"https:\/\/www.miomiorun.com\/de\/","name":"MioMioRun","description":"100% Lauf- und Trailshop","publisher":{"@id":"https:\/\/www.miomiorun.com\/de\/#organization"},"potentialAction":[{"@type":"SearchAction","target":{"@type":"EntryPoint","urlTemplate":"https:\/\/www.miomiorun.com\/de\/?s={search_term_string}"},"query-input":{"@type":"PropertyValueSpecification","valueRequired":true,"valueName":"search_term_string"}}],"inLanguage":"de-DE"},{"@type":"Organization","@id":"https:\/\/www.miomiorun.com\/de\/#organization","name":"MioMio Run","url":"https:\/\/www.miomiorun.com\/de\/","logo":{"@type":"ImageObject","inLanguage":"de-DE","@id":"https:\/\/www.miomiorun.com\/de\/#\/schema\/logo\/image\/","url":"https:\/\/www.miomiorun.com\/app\/uploads\/2019\/12\/logomio.png","contentUrl":"https:\/\/www.miomiorun.com\/app\/uploads\/2019\/12\/logomio.png","width":115,"height":82,"caption":"MioMio Run"},"image":{"@id":"https:\/\/www.miomiorun.com\/de\/#\/schema\/logo\/image\/"},"sameAs":["https:\/\/www.facebook.com\/miomiorun\/","https:\/\/www.instagram.com\/miomiorun\/"]}]}},"_links":{"self":[{"href":"https:\/\/www.miomiorun.com\/de\/wp-json\/wp\/v2\/product\/434635","targetHints":{"allow":["GET"]}}],"collection":[{"href":"https:\/\/www.miomiorun.com\/de\/wp-json\/wp\/v2\/product"}],"about":[{"href":"https:\/\/www.miomiorun.com\/de\/wp-json\/wp\/v2\/types\/product"}],"wp:featuredmedia":[{"embeddable":true,"href":"https:\/\/www.miomiorun.com\/de\/wp-json\/wp\/v2\/media\/434655"}],"wp:attachment":[{"href":"https:\/\/www.miomiorun.com\/de\/wp-json\/wp\/v2\/media?parent=434635"}],"wp:term":[{"taxonomy":"product_brand","embeddable":true,"href":"https:\/\/www.miomiorun.com\/de\/wp-json\/wp\/v2\/product_brand?post=434635"},{"taxonomy":"product_cat","embeddable":true,"href":"https:\/\/www.miomiorun.com\/de\/wp-json\/wp\/v2\/product_cat?post=434635"},{"taxonomy":"product_tag","embeddable":true,"href":"https:\/\/www.miomiorun.com\/de\/wp-json\/wp\/v2\/product_tag?post=434635"}],"curies":[{"name":"wp","href":"https:\/\/api.w.org\/{rel}","templated":true}]}}