{"id":434400,"date":"2026-04-22T09:47:43","date_gmt":"2026-04-22T07:47:43","guid":{"rendered":"https:\/\/www.miomiorun.com\/?post_type=product&#038;p=434400"},"modified":"2026-05-05T12:25:08","modified_gmt":"2026-05-05T10:25:08","slug":"t-shirt-denali-herren","status":"publish","type":"product","link":"https:\/\/www.miomiorun.com\/de\/produkt\/t-shirt-denali-herren\/","title":{"rendered":"T-shirt denali herren"},"content":{"rendered":"<p data-start=\"0\" data-end=\"451\">Dieses Funktions-T-Shirt ist vom <strong data-start=\"65\" data-end=\"75\">Denali<\/strong> inspiriert, dem h\u00f6chsten Gipfel Nordamerikas, einem Symbol f\u00fcr Erhabenheit und extreme Natur. Der Name, der in der Sprache der Koyukon-V\u00f6lker <strong data-start=\"175\" data-end=\"185\">\u201eHoch\u201c<\/strong> bedeutet, steht f\u00fcr eine tiefe und authentische Identit\u00e4t und macht dieses Kleidungsst\u00fcck zu einem Teil der Kollektion <strong data-start=\"306\" data-end=\"329\">\u201eIkonische Berge\u201c<\/strong> SS25. Ein Design, das <strong data-start=\"357\" data-end=\"367\">Geschichte<\/strong>, <strong data-start=\"369\" data-end=\"383\">Landschaft<\/strong> und <strong data-start=\"386\" data-end=\"405\">Outdoor-Spirit<\/strong> vereint und f\u00fcr diejenigen gedacht ist, die das Laufen mit Charakter leben.<\/p>\n<p data-start=\"453\" data-end=\"493\">Die Konstruktion ist darauf ausgelegt, Folgendes zu gew\u00e4hrleisten:<\/p>\n<ul data-start=\"494\" data-end=\"672\">\n<li data-section-id=\"11kowoy\" data-start=\"494\" data-end=\"552\"><strong data-start=\"496\" data-end=\"522\">Maximale Atmungsaktivit\u00e4t<\/strong> in den intensivsten Phasen<\/li>\n<li data-section-id=\"44cimc\" data-start=\"553\" data-end=\"607\"><strong data-start=\"555\" data-end=\"577\">Anhaltender Komfort<\/strong> auch \u00fcber lange Strecken<\/li>\n<li data-section-id=\"vsqpcq\" data-start=\"608\" data-end=\"672\"><strong data-start=\"610\" data-end=\"638\">Schutz und Vielseitigkeit<\/strong> in verschiedenen Einsatzsituationen<\/li>\n<\/ul>\n<p data-start=\"674\" data-end=\"1241\">Hergestellt aus leichtem Funktionsmaterial, ist es ideal f\u00fcr <strong data-start=\"726\" data-end=\"749\">Trail- und Ultra-Trail-L\u00e4ufe<\/strong>, da es ein ausgewogenes Verh\u00e4ltnis zwischen Bel\u00fcftung und Schutz bietet: effektiv bei Hitze und auch bei k\u00fchleren Temperaturen geeignet. Die Konstruktion tr\u00e4gt zudem dazu bei, <strong data-start=\"931\" data-end=\"970\">die Reibung des Rucksacks<\/strong> auf den Schultern zu verringern. Der <strong data-start=\"988\" data-end=\"1020\">vollfl\u00e4chige Sublimationsdruck<\/strong> garantiert eine langlebige Grafik, die weder verschlei\u00dft noch ausbleicht. Mit einem Gewicht von ca. <strong data-start=\"1123\" data-end=\"1137\">105 Gramm<\/strong> ist sie darauf ausgelegt, bei jedem Einsatz Leistung und Leichtigkeit zu bieten, vom Berg bis zum Training in der Stadt.<\/p>\n","protected":false},"excerpt":{"rendered":"<ul>\n<li data-section-id=\"vxzxvo\" data-start=\"1462\" data-end=\"1541\"><strong data-start=\"1464\" data-end=\"1505\">Leichtes und atmungsaktives Funktionsmaterial<\/strong> f\u00fcr Komfort und optimales W\u00e4rmemanagement<\/li>\n<li data-section-id=\"1s0ecz\" data-start=\"1542\" data-end=\"1608\"><strong data-start=\"1544\" data-end=\"1580\">Strapazierf\u00e4higer Sublimationsdruck<\/strong>, der auch nach l\u00e4ngerer Zeit nicht ausbleicht<\/li>\n<li data-section-id=\"1euwc4x\" data-start=\"1609\" data-end=\"1689\" data-is-last-node=\"\"><strong data-start=\"1611\" data-end=\"1658\">Ideal f\u00fcr Trail, Ultra-Trail und Training<\/strong> mit Schutz auch beim Tragen eines Rucksacks<\/li>\n<\/ul>\n","protected":false},"featured_media":434481,"template":"","meta":{"_acf_changed":false,"inline_featured_image":false},"product_brand":[],"product_cat":[6540,6508],"product_tag":[3399,6294],"class_list":{"0":"post-434400","1":"product","2":"type-product","3":"status-publish","4":"has-post-thumbnail","6":"product_cat-herrenbekleidung","7":"product_cat-herrent-shirt","8":"product_tag-wild-tee-de","9":"product_tag-wild-tee-herren-de","10":"pa_attivita-fitness-de","11":"pa_attivita-gehen","12":"pa_attivita-running-de","13":"pa_attivita-trail-de","14":"pa_marca-wild-tee-de","15":"pa_sesso-herren","16":"pa_size-small-de","17":"pa_size-medium-de","18":"pa_size-large-de","19":"pa_size-extra-large-de","21":"first","22":"instock","23":"sale","24":"taxable","25":"shipping-taxable","26":"purchasable","27":"product-type-variable","28":"wvs-archive-product-wrapper"},"acf":[],"yoast_head":"<!-- This site is optimized with the Yoast SEO plugin v26.8 - https:\/\/yoast.com\/product\/yoast-seo-wordpress\/ -->\n<title>Wild Tee T-shirt denali herren - Lauf-T-Shirt - MioMioRun<\/title>\n<meta name=\"description\" content=\"Leichtes und atmungsaktives Funktions-T-Shirt, inspiriert vom Denali, entwickelt f\u00fcr Komfort, Strapazierf\u00e4higkeit und Vielseitigkeit beim Trailrunning und Training\" \/>\n<meta name=\"robots\" content=\"index, follow, max-snippet:-1, max-image-preview:large, max-video-preview:-1\" \/>\n<link rel=\"canonical\" href=\"https:\/\/www.miomiorun.com\/de\/produkt\/t-shirt-denali-herren\/\" \/>\n<meta property=\"og:locale\" content=\"de_DE\" \/>\n<meta property=\"og:type\" content=\"article\" \/>\n<meta property=\"og:title\" content=\"Wild Tee T-shirt denali herren - Lauf-T-Shirt - MioMioRun\" \/>\n<meta property=\"og:description\" content=\"Leichtes und atmungsaktives Funktions-T-Shirt, inspiriert vom Denali, entwickelt f\u00fcr Komfort, Strapazierf\u00e4higkeit und Vielseitigkeit beim Trailrunning und Training\" \/>\n<meta property=\"og:url\" content=\"https:\/\/www.miomiorun.com\/de\/produkt\/t-shirt-denali-herren\/\" \/>\n<meta property=\"og:site_name\" content=\"MioMioRun\" \/>\n<meta property=\"article:publisher\" content=\"https:\/\/www.facebook.com\/miomiorun\/\" \/>\n<meta property=\"article:modified_time\" content=\"2026-05-05T10:25:08+00:00\" \/>\n<meta property=\"og:image\" content=\"https:\/\/www.miomiorun.com\/app\/uploads\/2026\/04\/WildTee-T-shirt-M-denali-WT001WT221.webp\" \/>\n\t<meta property=\"og:image:width\" content=\"720\" \/>\n\t<meta property=\"og:image:height\" content=\"720\" \/>\n\t<meta property=\"og:image:type\" content=\"image\/webp\" \/>\n<meta name=\"twitter:card\" content=\"summary_large_image\" \/>\n<meta name=\"twitter:label1\" content=\"Est. reading time\" \/>\n\t<meta name=\"twitter:data1\" content=\"1 minute\" \/>\n<script type=\"application\/ld+json\" class=\"yoast-schema-graph\">{\"@context\":\"https:\/\/schema.org\",\"@graph\":[{\"@type\":\"WebPage\",\"@id\":\"https:\/\/www.miomiorun.com\/de\/produkt\/t-shirt-denali-herren\/\",\"url\":\"https:\/\/www.miomiorun.com\/de\/produkt\/t-shirt-denali-herren\/\",\"name\":\"Wild Tee T-shirt denali herren - Lauf-T-Shirt - MioMioRun\",\"isPartOf\":{\"@id\":\"https:\/\/www.miomiorun.com\/de\/#website\"},\"primaryImageOfPage\":{\"@id\":\"https:\/\/www.miomiorun.com\/de\/produkt\/t-shirt-denali-herren\/#primaryimage\"},\"image\":{\"@id\":\"https:\/\/www.miomiorun.com\/de\/produkt\/t-shirt-denali-herren\/#primaryimage\"},\"thumbnailUrl\":\"https:\/\/www.miomiorun.com\/app\/uploads\/2026\/04\/WildTee-T-shirt-M-denali-WT001WT221.webp\",\"datePublished\":\"2026-04-22T07:47:43+00:00\",\"dateModified\":\"2026-05-05T10:25:08+00:00\",\"description\":\"Leichtes und atmungsaktives Funktions-T-Shirt, inspiriert vom Denali, entwickelt f\u00fcr Komfort, Strapazierf\u00e4higkeit und Vielseitigkeit beim Trailrunning und Training\",\"breadcrumb\":{\"@id\":\"https:\/\/www.miomiorun.com\/de\/produkt\/t-shirt-denali-herren\/#breadcrumb\"},\"inLanguage\":\"de-DE\",\"potentialAction\":[{\"@type\":\"ReadAction\",\"target\":[\"https:\/\/www.miomiorun.com\/de\/produkt\/t-shirt-denali-herren\/\"]}]},{\"@type\":\"ImageObject\",\"inLanguage\":\"de-DE\",\"@id\":\"https:\/\/www.miomiorun.com\/de\/produkt\/t-shirt-denali-herren\/#primaryimage\",\"url\":\"https:\/\/www.miomiorun.com\/app\/uploads\/2026\/04\/WildTee-T-shirt-M-denali-WT001WT221.webp\",\"contentUrl\":\"https:\/\/www.miomiorun.com\/app\/uploads\/2026\/04\/WildTee-T-shirt-M-denali-WT001WT221.webp\",\"width\":720,\"height\":720,\"caption\":\"WildTee T-shirt M denali WT001WT221\"},{\"@type\":\"BreadcrumbList\",\"@id\":\"https:\/\/www.miomiorun.com\/de\/produkt\/t-shirt-denali-herren\/#breadcrumb\",\"itemListElement\":[{\"@type\":\"ListItem\",\"position\":1,\"name\":\"Home\",\"item\":\"https:\/\/www.miomiorun.com\/de\/\"},{\"@type\":\"ListItem\",\"position\":2,\"name\":\"Shop\",\"item\":\"https:\/\/www.miomiorun.com\/shop\/\"},{\"@type\":\"ListItem\",\"position\":3,\"name\":\"T-shirt denali herren\"}]},{\"@type\":\"WebSite\",\"@id\":\"https:\/\/www.miomiorun.com\/de\/#website\",\"url\":\"https:\/\/www.miomiorun.com\/de\/\",\"name\":\"MioMioRun\",\"description\":\"100% Lauf- und Trailshop\",\"publisher\":{\"@id\":\"https:\/\/www.miomiorun.com\/de\/#organization\"},\"potentialAction\":[{\"@type\":\"SearchAction\",\"target\":{\"@type\":\"EntryPoint\",\"urlTemplate\":\"https:\/\/www.miomiorun.com\/de\/?s={search_term_string}\"},\"query-input\":{\"@type\":\"PropertyValueSpecification\",\"valueRequired\":true,\"valueName\":\"search_term_string\"}}],\"inLanguage\":\"de-DE\"},{\"@type\":\"Organization\",\"@id\":\"https:\/\/www.miomiorun.com\/de\/#organization\",\"name\":\"MioMio Run\",\"url\":\"https:\/\/www.miomiorun.com\/de\/\",\"logo\":{\"@type\":\"ImageObject\",\"inLanguage\":\"de-DE\",\"@id\":\"https:\/\/www.miomiorun.com\/de\/#\/schema\/logo\/image\/\",\"url\":\"https:\/\/www.miomiorun.com\/app\/uploads\/2019\/12\/logomio.png\",\"contentUrl\":\"https:\/\/www.miomiorun.com\/app\/uploads\/2019\/12\/logomio.png\",\"width\":115,\"height\":82,\"caption\":\"MioMio Run\"},\"image\":{\"@id\":\"https:\/\/www.miomiorun.com\/de\/#\/schema\/logo\/image\/\"},\"sameAs\":[\"https:\/\/www.facebook.com\/miomiorun\/\",\"https:\/\/www.instagram.com\/miomiorun\/\"]}]}<\/script>\n<!-- \/ Yoast SEO plugin. -->","yoast_head_json":{"title":"Wild Tee T-shirt denali herren - Lauf-T-Shirt - MioMioRun","description":"Leichtes und atmungsaktives Funktions-T-Shirt, inspiriert vom Denali, entwickelt f\u00fcr Komfort, Strapazierf\u00e4higkeit und Vielseitigkeit beim Trailrunning und Training","robots":{"index":"index","follow":"follow","max-snippet":"max-snippet:-1","max-image-preview":"max-image-preview:large","max-video-preview":"max-video-preview:-1"},"canonical":"https:\/\/www.miomiorun.com\/de\/produkt\/t-shirt-denali-herren\/","og_locale":"de_DE","og_type":"article","og_title":"Wild Tee T-shirt denali herren - Lauf-T-Shirt - MioMioRun","og_description":"Leichtes und atmungsaktives Funktions-T-Shirt, inspiriert vom Denali, entwickelt f\u00fcr Komfort, Strapazierf\u00e4higkeit und Vielseitigkeit beim Trailrunning und Training","og_url":"https:\/\/www.miomiorun.com\/de\/produkt\/t-shirt-denali-herren\/","og_site_name":"MioMioRun","article_publisher":"https:\/\/www.facebook.com\/miomiorun\/","article_modified_time":"2026-05-05T10:25:08+00:00","og_image":[{"width":720,"height":720,"url":"https:\/\/www.miomiorun.com\/app\/uploads\/2026\/04\/WildTee-T-shirt-M-denali-WT001WT221.webp","type":"image\/webp"}],"twitter_card":"summary_large_image","twitter_misc":{"Est. reading time":"1 minute"},"schema":{"@context":"https:\/\/schema.org","@graph":[{"@type":"WebPage","@id":"https:\/\/www.miomiorun.com\/de\/produkt\/t-shirt-denali-herren\/","url":"https:\/\/www.miomiorun.com\/de\/produkt\/t-shirt-denali-herren\/","name":"Wild Tee T-shirt denali herren - Lauf-T-Shirt - MioMioRun","isPartOf":{"@id":"https:\/\/www.miomiorun.com\/de\/#website"},"primaryImageOfPage":{"@id":"https:\/\/www.miomiorun.com\/de\/produkt\/t-shirt-denali-herren\/#primaryimage"},"image":{"@id":"https:\/\/www.miomiorun.com\/de\/produkt\/t-shirt-denali-herren\/#primaryimage"},"thumbnailUrl":"https:\/\/www.miomiorun.com\/app\/uploads\/2026\/04\/WildTee-T-shirt-M-denali-WT001WT221.webp","datePublished":"2026-04-22T07:47:43+00:00","dateModified":"2026-05-05T10:25:08+00:00","description":"Leichtes und atmungsaktives Funktions-T-Shirt, inspiriert vom Denali, entwickelt f\u00fcr Komfort, Strapazierf\u00e4higkeit und Vielseitigkeit beim Trailrunning und Training","breadcrumb":{"@id":"https:\/\/www.miomiorun.com\/de\/produkt\/t-shirt-denali-herren\/#breadcrumb"},"inLanguage":"de-DE","potentialAction":[{"@type":"ReadAction","target":["https:\/\/www.miomiorun.com\/de\/produkt\/t-shirt-denali-herren\/"]}]},{"@type":"ImageObject","inLanguage":"de-DE","@id":"https:\/\/www.miomiorun.com\/de\/produkt\/t-shirt-denali-herren\/#primaryimage","url":"https:\/\/www.miomiorun.com\/app\/uploads\/2026\/04\/WildTee-T-shirt-M-denali-WT001WT221.webp","contentUrl":"https:\/\/www.miomiorun.com\/app\/uploads\/2026\/04\/WildTee-T-shirt-M-denali-WT001WT221.webp","width":720,"height":720,"caption":"WildTee T-shirt M denali WT001WT221"},{"@type":"BreadcrumbList","@id":"https:\/\/www.miomiorun.com\/de\/produkt\/t-shirt-denali-herren\/#breadcrumb","itemListElement":[{"@type":"ListItem","position":1,"name":"Home","item":"https:\/\/www.miomiorun.com\/de\/"},{"@type":"ListItem","position":2,"name":"Shop","item":"https:\/\/www.miomiorun.com\/shop\/"},{"@type":"ListItem","position":3,"name":"T-shirt denali herren"}]},{"@type":"WebSite","@id":"https:\/\/www.miomiorun.com\/de\/#website","url":"https:\/\/www.miomiorun.com\/de\/","name":"MioMioRun","description":"100% Lauf- und Trailshop","publisher":{"@id":"https:\/\/www.miomiorun.com\/de\/#organization"},"potentialAction":[{"@type":"SearchAction","target":{"@type":"EntryPoint","urlTemplate":"https:\/\/www.miomiorun.com\/de\/?s={search_term_string}"},"query-input":{"@type":"PropertyValueSpecification","valueRequired":true,"valueName":"search_term_string"}}],"inLanguage":"de-DE"},{"@type":"Organization","@id":"https:\/\/www.miomiorun.com\/de\/#organization","name":"MioMio Run","url":"https:\/\/www.miomiorun.com\/de\/","logo":{"@type":"ImageObject","inLanguage":"de-DE","@id":"https:\/\/www.miomiorun.com\/de\/#\/schema\/logo\/image\/","url":"https:\/\/www.miomiorun.com\/app\/uploads\/2019\/12\/logomio.png","contentUrl":"https:\/\/www.miomiorun.com\/app\/uploads\/2019\/12\/logomio.png","width":115,"height":82,"caption":"MioMio Run"},"image":{"@id":"https:\/\/www.miomiorun.com\/de\/#\/schema\/logo\/image\/"},"sameAs":["https:\/\/www.facebook.com\/miomiorun\/","https:\/\/www.instagram.com\/miomiorun\/"]}]}},"_links":{"self":[{"href":"https:\/\/www.miomiorun.com\/de\/wp-json\/wp\/v2\/product\/434400","targetHints":{"allow":["GET"]}}],"collection":[{"href":"https:\/\/www.miomiorun.com\/de\/wp-json\/wp\/v2\/product"}],"about":[{"href":"https:\/\/www.miomiorun.com\/de\/wp-json\/wp\/v2\/types\/product"}],"wp:featuredmedia":[{"embeddable":true,"href":"https:\/\/www.miomiorun.com\/de\/wp-json\/wp\/v2\/media\/434481"}],"wp:attachment":[{"href":"https:\/\/www.miomiorun.com\/de\/wp-json\/wp\/v2\/media?parent=434400"}],"wp:term":[{"taxonomy":"product_brand","embeddable":true,"href":"https:\/\/www.miomiorun.com\/de\/wp-json\/wp\/v2\/product_brand?post=434400"},{"taxonomy":"product_cat","embeddable":true,"href":"https:\/\/www.miomiorun.com\/de\/wp-json\/wp\/v2\/product_cat?post=434400"},{"taxonomy":"product_tag","embeddable":true,"href":"https:\/\/www.miomiorun.com\/de\/wp-json\/wp\/v2\/product_tag?post=434400"}],"curies":[{"name":"wp","href":"https:\/\/api.w.org\/{rel}","templated":true}]}}