{"id":434286,"date":"2026-04-21T19:17:32","date_gmt":"2026-04-21T17:17:32","guid":{"rendered":"https:\/\/www.miomiorun.com\/?post_type=product&#038;p=434286"},"modified":"2026-05-05T12:19:30","modified_gmt":"2026-05-05T10:19:30","slug":"unstoppable-woven-herren","status":"publish","type":"product","link":"https:\/\/www.miomiorun.com\/de\/produkt\/unstoppable-woven-herren\/","title":{"rendered":"Unstoppable woven herren"},"content":{"rendered":"<p data-start=\"0\" data-end=\"357\">Die Herrenjacke <span class=\"hover:entity-accent entity-underline inline cursor-pointer align-baseline\"><span class=\"whitespace-normal\">Under Armour<\/span><\/span> UA Unstoppable Woven wurde entwickelt, um in jeder Situation <strong data-start=\"130\" data-end=\"144\">Schutz<\/strong>, <strong data-start=\"146\" data-end=\"160\">Strapazierf\u00e4higkeit<\/strong> und <strong data-start=\"163\" data-end=\"187\">Bewegungsfreiheit<\/strong> zu bieten. Sie besteht aus einem fortschrittlichen Funktionsmaterial und vereint Funktionalit\u00e4t und Komfort, um dich sowohl beim Sport als auch im Alltag zu begleiten.<\/p>\n<p data-start=\"359\" data-end=\"397\">Die Konstruktion wurde entwickelt, um Folgendes zu gew\u00e4hrleisten:<\/p>\n<ul data-start=\"398\" data-end=\"612\">\n<li data-section-id=\"1ihndsf\" data-start=\"398\" data-end=\"481\"><strong data-start=\"400\" data-end=\"428\">Regenschutz<\/strong> dank der wasserabweisenden <strong data-start=\"452\" data-end=\"479\">UA Storm-Technologie<\/strong><\/li>\n<li data-section-id=\"1b6ab6p\" data-start=\"482\" data-end=\"554\"><strong data-start=\"484\" data-end=\"526\">Nat\u00fcrliche und uneingeschr\u00e4nkte Bewegungsfreiheit<\/strong> durch Stretchmaterial<\/li>\n<li data-section-id=\"onyx90\" data-start=\"555\" data-end=\"612\"><strong data-start=\"557\" data-end=\"584\">Strapazierf\u00e4higkeit und Leichtigkeit<\/strong> f\u00fcr vielseitigen Einsatz<\/li>\n<\/ul>\n<p data-start=\"614\" data-end=\"914\">Die <strong data-start=\"617\" data-end=\"644\">Seitentaschen mit Rei\u00dfverschluss<\/strong> bieten Komfort und Sicherheit f\u00fcr pers\u00f6nliche Gegenst\u00e4nde, w\u00e4hrend der <strong data-start=\"712\" data-end=\"765\">verstellbare Kordelzug an Kapuze und Saum<\/strong> eine individuelle Passform erm\u00f6glicht. Eine Jacke, die f\u00fcr wechselnde Wetterbedingungen entwickelt wurde und dabei Komfort und Funktionalit\u00e4t gew\u00e4hrleistet.<\/p>\n","protected":false},"excerpt":{"rendered":"<ul>\n<li data-section-id=\"17bris1\" data-start=\"1118\" data-end=\"1192\"><strong data-start=\"1120\" data-end=\"1158\">Wasserabweisende UA Storm-Technologie<\/strong> f\u00fcr Schutz und Atmungsaktivit\u00e4t<\/li>\n<li data-section-id=\"g55f81\" data-start=\"1193\" data-end=\"1266\"><strong data-start=\"1195\" data-end=\"1241\">Leichtes und strapazierf\u00e4higes Stretchmaterial<\/strong> f\u00fcr Komfort und Bewegungsfreiheit<\/li>\n<li data-section-id=\"qd8a6g\" data-start=\"1267\" data-end=\"1337\" data-is-last-node=\"\"><strong data-start=\"1269\" data-end=\"1309\">Verstellbarer Kordelzug und Rei\u00dfverschlusstaschen<\/strong> f\u00fcr Passform und Funktionalit\u00e4t<\/li>\n<\/ul>\n","protected":false},"featured_media":434319,"template":"","meta":{"_acf_changed":false,"inline_featured_image":false},"product_brand":[],"product_cat":[6515,6540,6512],"product_tag":[20482,20497],"class_list":{"0":"post-434286","1":"product","2":"type-product","3":"status-publish","4":"has-post-thumbnail","6":"product_cat-herren-de","7":"product_cat-herrenbekleidung","8":"product_cat-jacken","9":"product_tag-under-armour-de","10":"product_tag-under-armour-herren","11":"pa_attivita-fitness-de","12":"pa_attivita-lifestyle-de","13":"pa_colore-unstoppable-woven-black","14":"pa_marca-under-armour-de","15":"pa_sesso-herren","16":"pa_size-small-de","17":"pa_size-medium-de","18":"pa_size-large-de","20":"first","21":"instock","22":"sale","23":"taxable","24":"shipping-taxable","25":"purchasable","26":"product-type-variable","27":"wvs-archive-product-wrapper"},"acf":[],"yoast_head":"<!-- This site is optimized with the Yoast SEO plugin v26.8 - https:\/\/yoast.com\/product\/yoast-seo-wordpress\/ -->\n<title>Under Armour Unstoppable woven herren - Felpa beim Laufen - MioMioRun<\/title>\n<meta name=\"description\" content=\"Leichte, wasserabweisende Funktionsjacke, die Schutz, Strapazierf\u00e4higkeit und maximale Bewegungsfreiheit unter allen Bedingungen bietet.\" \/>\n<meta name=\"robots\" content=\"index, follow, max-snippet:-1, max-image-preview:large, max-video-preview:-1\" \/>\n<link rel=\"canonical\" href=\"https:\/\/www.miomiorun.com\/de\/produkt\/unstoppable-woven-herren\/\" \/>\n<meta property=\"og:locale\" content=\"de_DE\" \/>\n<meta property=\"og:type\" content=\"article\" \/>\n<meta property=\"og:title\" content=\"Under Armour Unstoppable woven herren - Felpa beim Laufen - MioMioRun\" \/>\n<meta property=\"og:description\" content=\"Leichte, wasserabweisende Funktionsjacke, die Schutz, Strapazierf\u00e4higkeit und maximale Bewegungsfreiheit unter allen Bedingungen bietet.\" \/>\n<meta property=\"og:url\" content=\"https:\/\/www.miomiorun.com\/de\/produkt\/unstoppable-woven-herren\/\" \/>\n<meta property=\"og:site_name\" content=\"MioMioRun\" \/>\n<meta property=\"article:publisher\" content=\"https:\/\/www.facebook.com\/miomiorun\/\" \/>\n<meta property=\"article:modified_time\" content=\"2026-05-05T10:19:30+00:00\" \/>\n<meta property=\"og:image\" content=\"https:\/\/www.miomiorun.com\/app\/uploads\/2026\/04\/under-armor-Unstoppable-woven-black-6014621-0002.webp\" \/>\n\t<meta property=\"og:image:width\" content=\"720\" \/>\n\t<meta property=\"og:image:height\" content=\"720\" \/>\n\t<meta property=\"og:image:type\" content=\"image\/webp\" \/>\n<meta name=\"twitter:card\" content=\"summary_large_image\" \/>\n<meta name=\"twitter:label1\" content=\"Est. reading time\" \/>\n\t<meta name=\"twitter:data1\" content=\"1 minute\" \/>\n<script type=\"application\/ld+json\" class=\"yoast-schema-graph\">{\"@context\":\"https:\/\/schema.org\",\"@graph\":[{\"@type\":\"WebPage\",\"@id\":\"https:\/\/www.miomiorun.com\/de\/produkt\/unstoppable-woven-herren\/\",\"url\":\"https:\/\/www.miomiorun.com\/de\/produkt\/unstoppable-woven-herren\/\",\"name\":\"Under Armour Unstoppable woven herren - Felpa beim Laufen - MioMioRun\",\"isPartOf\":{\"@id\":\"https:\/\/www.miomiorun.com\/de\/#website\"},\"primaryImageOfPage\":{\"@id\":\"https:\/\/www.miomiorun.com\/de\/produkt\/unstoppable-woven-herren\/#primaryimage\"},\"image\":{\"@id\":\"https:\/\/www.miomiorun.com\/de\/produkt\/unstoppable-woven-herren\/#primaryimage\"},\"thumbnailUrl\":\"https:\/\/www.miomiorun.com\/app\/uploads\/2026\/04\/under-armor-Unstoppable-woven-black-6014621-0002.webp\",\"datePublished\":\"2026-04-21T17:17:32+00:00\",\"dateModified\":\"2026-05-05T10:19:30+00:00\",\"description\":\"Leichte, wasserabweisende Funktionsjacke, die Schutz, Strapazierf\u00e4higkeit und maximale Bewegungsfreiheit unter allen Bedingungen bietet.\",\"breadcrumb\":{\"@id\":\"https:\/\/www.miomiorun.com\/de\/produkt\/unstoppable-woven-herren\/#breadcrumb\"},\"inLanguage\":\"de-DE\",\"potentialAction\":[{\"@type\":\"ReadAction\",\"target\":[\"https:\/\/www.miomiorun.com\/de\/produkt\/unstoppable-woven-herren\/\"]}]},{\"@type\":\"ImageObject\",\"inLanguage\":\"de-DE\",\"@id\":\"https:\/\/www.miomiorun.com\/de\/produkt\/unstoppable-woven-herren\/#primaryimage\",\"url\":\"https:\/\/www.miomiorun.com\/app\/uploads\/2026\/04\/under-armor-Unstoppable-woven-black-6014621-0002.webp\",\"contentUrl\":\"https:\/\/www.miomiorun.com\/app\/uploads\/2026\/04\/under-armor-Unstoppable-woven-black-6014621-0002.webp\",\"width\":720,\"height\":720,\"caption\":\"under armor Unstoppable woven black 6014621-0002\"},{\"@type\":\"BreadcrumbList\",\"@id\":\"https:\/\/www.miomiorun.com\/de\/produkt\/unstoppable-woven-herren\/#breadcrumb\",\"itemListElement\":[{\"@type\":\"ListItem\",\"position\":1,\"name\":\"Home\",\"item\":\"https:\/\/www.miomiorun.com\/de\/\"},{\"@type\":\"ListItem\",\"position\":2,\"name\":\"Shop\",\"item\":\"https:\/\/www.miomiorun.com\/shop\/\"},{\"@type\":\"ListItem\",\"position\":3,\"name\":\"Unstoppable woven herren\"}]},{\"@type\":\"WebSite\",\"@id\":\"https:\/\/www.miomiorun.com\/de\/#website\",\"url\":\"https:\/\/www.miomiorun.com\/de\/\",\"name\":\"MioMioRun\",\"description\":\"100% Lauf- und Trailshop\",\"publisher\":{\"@id\":\"https:\/\/www.miomiorun.com\/de\/#organization\"},\"potentialAction\":[{\"@type\":\"SearchAction\",\"target\":{\"@type\":\"EntryPoint\",\"urlTemplate\":\"https:\/\/www.miomiorun.com\/de\/?s={search_term_string}\"},\"query-input\":{\"@type\":\"PropertyValueSpecification\",\"valueRequired\":true,\"valueName\":\"search_term_string\"}}],\"inLanguage\":\"de-DE\"},{\"@type\":\"Organization\",\"@id\":\"https:\/\/www.miomiorun.com\/de\/#organization\",\"name\":\"MioMio Run\",\"url\":\"https:\/\/www.miomiorun.com\/de\/\",\"logo\":{\"@type\":\"ImageObject\",\"inLanguage\":\"de-DE\",\"@id\":\"https:\/\/www.miomiorun.com\/de\/#\/schema\/logo\/image\/\",\"url\":\"https:\/\/www.miomiorun.com\/app\/uploads\/2019\/12\/logomio.png\",\"contentUrl\":\"https:\/\/www.miomiorun.com\/app\/uploads\/2019\/12\/logomio.png\",\"width\":115,\"height\":82,\"caption\":\"MioMio Run\"},\"image\":{\"@id\":\"https:\/\/www.miomiorun.com\/de\/#\/schema\/logo\/image\/\"},\"sameAs\":[\"https:\/\/www.facebook.com\/miomiorun\/\",\"https:\/\/www.instagram.com\/miomiorun\/\"]}]}<\/script>\n<!-- \/ Yoast SEO plugin. -->","yoast_head_json":{"title":"Under Armour Unstoppable woven herren - Felpa beim Laufen - MioMioRun","description":"Leichte, wasserabweisende Funktionsjacke, die Schutz, Strapazierf\u00e4higkeit und maximale Bewegungsfreiheit unter allen Bedingungen bietet.","robots":{"index":"index","follow":"follow","max-snippet":"max-snippet:-1","max-image-preview":"max-image-preview:large","max-video-preview":"max-video-preview:-1"},"canonical":"https:\/\/www.miomiorun.com\/de\/produkt\/unstoppable-woven-herren\/","og_locale":"de_DE","og_type":"article","og_title":"Under Armour Unstoppable woven herren - Felpa beim Laufen - MioMioRun","og_description":"Leichte, wasserabweisende Funktionsjacke, die Schutz, Strapazierf\u00e4higkeit und maximale Bewegungsfreiheit unter allen Bedingungen bietet.","og_url":"https:\/\/www.miomiorun.com\/de\/produkt\/unstoppable-woven-herren\/","og_site_name":"MioMioRun","article_publisher":"https:\/\/www.facebook.com\/miomiorun\/","article_modified_time":"2026-05-05T10:19:30+00:00","og_image":[{"width":720,"height":720,"url":"https:\/\/www.miomiorun.com\/app\/uploads\/2026\/04\/under-armor-Unstoppable-woven-black-6014621-0002.webp","type":"image\/webp"}],"twitter_card":"summary_large_image","twitter_misc":{"Est. reading time":"1 minute"},"schema":{"@context":"https:\/\/schema.org","@graph":[{"@type":"WebPage","@id":"https:\/\/www.miomiorun.com\/de\/produkt\/unstoppable-woven-herren\/","url":"https:\/\/www.miomiorun.com\/de\/produkt\/unstoppable-woven-herren\/","name":"Under Armour Unstoppable woven herren - Felpa beim Laufen - MioMioRun","isPartOf":{"@id":"https:\/\/www.miomiorun.com\/de\/#website"},"primaryImageOfPage":{"@id":"https:\/\/www.miomiorun.com\/de\/produkt\/unstoppable-woven-herren\/#primaryimage"},"image":{"@id":"https:\/\/www.miomiorun.com\/de\/produkt\/unstoppable-woven-herren\/#primaryimage"},"thumbnailUrl":"https:\/\/www.miomiorun.com\/app\/uploads\/2026\/04\/under-armor-Unstoppable-woven-black-6014621-0002.webp","datePublished":"2026-04-21T17:17:32+00:00","dateModified":"2026-05-05T10:19:30+00:00","description":"Leichte, wasserabweisende Funktionsjacke, die Schutz, Strapazierf\u00e4higkeit und maximale Bewegungsfreiheit unter allen Bedingungen bietet.","breadcrumb":{"@id":"https:\/\/www.miomiorun.com\/de\/produkt\/unstoppable-woven-herren\/#breadcrumb"},"inLanguage":"de-DE","potentialAction":[{"@type":"ReadAction","target":["https:\/\/www.miomiorun.com\/de\/produkt\/unstoppable-woven-herren\/"]}]},{"@type":"ImageObject","inLanguage":"de-DE","@id":"https:\/\/www.miomiorun.com\/de\/produkt\/unstoppable-woven-herren\/#primaryimage","url":"https:\/\/www.miomiorun.com\/app\/uploads\/2026\/04\/under-armor-Unstoppable-woven-black-6014621-0002.webp","contentUrl":"https:\/\/www.miomiorun.com\/app\/uploads\/2026\/04\/under-armor-Unstoppable-woven-black-6014621-0002.webp","width":720,"height":720,"caption":"under armor Unstoppable woven black 6014621-0002"},{"@type":"BreadcrumbList","@id":"https:\/\/www.miomiorun.com\/de\/produkt\/unstoppable-woven-herren\/#breadcrumb","itemListElement":[{"@type":"ListItem","position":1,"name":"Home","item":"https:\/\/www.miomiorun.com\/de\/"},{"@type":"ListItem","position":2,"name":"Shop","item":"https:\/\/www.miomiorun.com\/shop\/"},{"@type":"ListItem","position":3,"name":"Unstoppable woven herren"}]},{"@type":"WebSite","@id":"https:\/\/www.miomiorun.com\/de\/#website","url":"https:\/\/www.miomiorun.com\/de\/","name":"MioMioRun","description":"100% Lauf- und Trailshop","publisher":{"@id":"https:\/\/www.miomiorun.com\/de\/#organization"},"potentialAction":[{"@type":"SearchAction","target":{"@type":"EntryPoint","urlTemplate":"https:\/\/www.miomiorun.com\/de\/?s={search_term_string}"},"query-input":{"@type":"PropertyValueSpecification","valueRequired":true,"valueName":"search_term_string"}}],"inLanguage":"de-DE"},{"@type":"Organization","@id":"https:\/\/www.miomiorun.com\/de\/#organization","name":"MioMio Run","url":"https:\/\/www.miomiorun.com\/de\/","logo":{"@type":"ImageObject","inLanguage":"de-DE","@id":"https:\/\/www.miomiorun.com\/de\/#\/schema\/logo\/image\/","url":"https:\/\/www.miomiorun.com\/app\/uploads\/2019\/12\/logomio.png","contentUrl":"https:\/\/www.miomiorun.com\/app\/uploads\/2019\/12\/logomio.png","width":115,"height":82,"caption":"MioMio Run"},"image":{"@id":"https:\/\/www.miomiorun.com\/de\/#\/schema\/logo\/image\/"},"sameAs":["https:\/\/www.facebook.com\/miomiorun\/","https:\/\/www.instagram.com\/miomiorun\/"]}]}},"_links":{"self":[{"href":"https:\/\/www.miomiorun.com\/de\/wp-json\/wp\/v2\/product\/434286","targetHints":{"allow":["GET"]}}],"collection":[{"href":"https:\/\/www.miomiorun.com\/de\/wp-json\/wp\/v2\/product"}],"about":[{"href":"https:\/\/www.miomiorun.com\/de\/wp-json\/wp\/v2\/types\/product"}],"wp:featuredmedia":[{"embeddable":true,"href":"https:\/\/www.miomiorun.com\/de\/wp-json\/wp\/v2\/media\/434319"}],"wp:attachment":[{"href":"https:\/\/www.miomiorun.com\/de\/wp-json\/wp\/v2\/media?parent=434286"}],"wp:term":[{"taxonomy":"product_brand","embeddable":true,"href":"https:\/\/www.miomiorun.com\/de\/wp-json\/wp\/v2\/product_brand?post=434286"},{"taxonomy":"product_cat","embeddable":true,"href":"https:\/\/www.miomiorun.com\/de\/wp-json\/wp\/v2\/product_cat?post=434286"},{"taxonomy":"product_tag","embeddable":true,"href":"https:\/\/www.miomiorun.com\/de\/wp-json\/wp\/v2\/product_tag?post=434286"}],"curies":[{"name":"wp","href":"https:\/\/api.w.org\/{rel}","templated":true}]}}