{"id":434097,"date":"2026-04-21T18:19:30","date_gmt":"2026-04-21T16:19:30","guid":{"rendered":"https:\/\/www.miomiorun.com\/?post_type=product&#038;p=434097"},"modified":"2026-05-08T12:03:25","modified_gmt":"2026-05-08T10:03:25","slug":"vanish-ss-damen","status":"publish","type":"product","link":"https:\/\/www.miomiorun.com\/de\/produkt\/vanish-ss-damen\/","title":{"rendered":"Vanish SS damen"},"content":{"rendered":"<p data-start=\"0\" data-end=\"385\">Das kurz\u00e4rmelige Damen-Shirt <span class=\"hover:entity-accent entity-underline inline cursor-pointer align-baseline\"><span class=\"whitespace-normal\">Under Armour<\/span><\/span> UA Vanish wurde f\u00fcr <strong data-start=\"139\" data-end=\"162\">intensive Trainingseinheiten<\/strong> entwickelt und bietet <strong data-start=\"172\" data-end=\"186\">Leichtigkeit<\/strong>, <strong data-start=\"188\" data-end=\"199\">Komfort<\/strong> und <strong data-start=\"202\" data-end=\"234\">maximale Bewegungsfreiheit<\/strong>. Es besteht aus fortschrittlichen Funktionsmaterialien, passt sich jeder Bewegung an, ohne zu beschweren, und erm\u00f6glicht es dir, deine Konzentration und Leistung konstant aufrechtzuerhalten.<\/p>\n<p data-start=\"387\" data-end=\"425\">Die Konstruktion wurde entwickelt, um Folgendes zu gew\u00e4hrleisten:<\/p>\n<ul data-start=\"426\" data-end=\"654\">\n<li data-section-id=\"10nif7a\" data-start=\"426\" data-end=\"504\"><strong data-start=\"428\" data-end=\"465\">Nat\u00fcrliche und uneingeschr\u00e4nkte Bewegungsfreiheit<\/strong> dank 4-Wege-Stretch<\/li>\n<li data-section-id=\"jgwelk\" data-start=\"505\" data-end=\"565\"><strong data-start=\"507\" data-end=\"529\">Lang anhaltender Komfort<\/strong> durch weiches und atmungsaktives Material<\/li>\n<li data-section-id=\"tn9gc4\" data-start=\"566\" data-end=\"654\"><strong data-start=\"568\" data-end=\"600\">Effektiver Schwei\u00dftransport<\/strong> f\u00fcr ein frisches Tragegef\u00fchl w\u00e4hrend der Aktivit\u00e4t<\/li>\n<\/ul>\n<p data-start=\"656\" data-end=\"944\">Der <strong data-start=\"658\" data-end=\"687\">Saum mit seitlichen Schlitzen<\/strong> verbessert die Bewegungsfreiheit zus\u00e4tzlich und sorgt f\u00fcr einen gepflegten Look, w\u00e4hrend die <strong data-start=\"760\" data-end=\"785\">Geruchsschutztechnologie<\/strong> dazu beitr\u00e4gt, das Kleidungsst\u00fcck auch nach l\u00e4ngerem Tragen frisch zu halten. Eine unverzichtbare und leistungsstarke L\u00f6sung f\u00fcr alle, die bei jedem Training auf Zuverl\u00e4ssigkeit setzen.<\/p>\n","protected":false},"excerpt":{"rendered":"<ul class=\"m-long-description__features\">\n<li data-section-id=\"30upk5\" data-start=\"1168\" data-end=\"1233\"><strong data-start=\"1170\" data-end=\"1199\">4-Wege-Stretch<\/strong> f\u00fcr fl\u00fcssige und nat\u00fcrliche Bewegungen<\/li>\n<li data-section-id=\"adilec\" data-start=\"1234\" data-end=\"1292\"><strong data-start=\"1236\" data-end=\"1269\">Weiches, atmungsaktives Material<\/strong> f\u00fcr lang anhaltenden Komfort<\/li>\n<li data-section-id=\"1hgmn30\" data-start=\"1293\" data-end=\"1374\" data-is-last-node=\"\"><strong data-start=\"1295\" data-end=\"1348\">Saum mit seitlichen Schlitzen und geruchsneutralisierender Technologie<\/strong> f\u00fcr Bewegungsfreiheit und Frische<\/li>\n<\/ul>\n","protected":false},"featured_media":434143,"template":"","meta":{"_acf_changed":false,"inline_featured_image":false},"product_brand":[],"product_cat":[6401,6489],"product_tag":[20482,20495],"class_list":{"0":"post-434097","1":"product","2":"type-product","3":"status-publish","4":"has-post-thumbnail","6":"product_cat-damenbekleidung","7":"product_cat-dament-shirt-de","8":"product_tag-under-armour-de","9":"product_tag-under-armour-damen","10":"pa_attivita-fitness-de","11":"pa_attivita-gehen","12":"pa_attivita-lifestyle-de","13":"pa_attivita-running-de","14":"pa_colore-vanish-ss-bittersw-w","15":"pa_colore-vanish-ss-refresh-w","16":"pa_marca-under-armour-de","17":"pa_sesso-damen","18":"pa_size-extra-small-de","19":"pa_size-small-de","20":"pa_size-medium-de","22":"first","23":"instock","24":"sale","25":"taxable","26":"shipping-taxable","27":"purchasable","28":"product-type-variable","29":"wvs-archive-product-wrapper"},"acf":[],"yoast_head":"<!-- This site is optimized with the Yoast SEO plugin v26.8 - https:\/\/yoast.com\/product\/yoast-seo-wordpress\/ -->\n<title>Under Armour Vanish SS damen - Lauf-T-Shirt- MioMioRun<\/title>\n<meta name=\"description\" content=\"Leicht und elastisch, entwickelt, um Komfort, Bewegungsfreiheit und konstante Leistung auch bei den intensivsten Trainingseinheiten zu bieten\" \/>\n<meta name=\"robots\" content=\"index, follow, max-snippet:-1, max-image-preview:large, max-video-preview:-1\" \/>\n<link rel=\"canonical\" href=\"https:\/\/www.miomiorun.com\/de\/produkt\/vanish-ss-damen\/\" \/>\n<meta property=\"og:locale\" content=\"de_DE\" \/>\n<meta property=\"og:type\" content=\"article\" \/>\n<meta property=\"og:title\" content=\"Under Armour Vanish SS damen - Lauf-T-Shirt- MioMioRun\" \/>\n<meta property=\"og:description\" content=\"Leicht und elastisch, entwickelt, um Komfort, Bewegungsfreiheit und konstante Leistung auch bei den intensivsten Trainingseinheiten zu bieten\" \/>\n<meta property=\"og:url\" content=\"https:\/\/www.miomiorun.com\/de\/produkt\/vanish-ss-damen\/\" \/>\n<meta property=\"og:site_name\" content=\"MioMioRun\" \/>\n<meta property=\"article:publisher\" content=\"https:\/\/www.facebook.com\/miomiorun\/\" \/>\n<meta property=\"article:modified_time\" content=\"2026-05-08T10:03:25+00:00\" \/>\n<meta property=\"og:image\" content=\"https:\/\/www.miomiorun.com\/app\/uploads\/2026\/04\/under-armor-Vanish-SS-bittersw-W-6010870-0601.webp\" \/>\n\t<meta property=\"og:image:width\" content=\"720\" \/>\n\t<meta property=\"og:image:height\" content=\"720\" \/>\n\t<meta property=\"og:image:type\" content=\"image\/webp\" \/>\n<meta name=\"twitter:card\" content=\"summary_large_image\" \/>\n<meta name=\"twitter:label1\" content=\"Est. reading time\" \/>\n\t<meta name=\"twitter:data1\" content=\"2 minutes\" \/>\n<script type=\"application\/ld+json\" class=\"yoast-schema-graph\">{\"@context\":\"https:\/\/schema.org\",\"@graph\":[{\"@type\":\"WebPage\",\"@id\":\"https:\/\/www.miomiorun.com\/de\/produkt\/vanish-ss-damen\/\",\"url\":\"https:\/\/www.miomiorun.com\/de\/produkt\/vanish-ss-damen\/\",\"name\":\"Under Armour Vanish SS damen - Lauf-T-Shirt- MioMioRun\",\"isPartOf\":{\"@id\":\"https:\/\/www.miomiorun.com\/de\/#website\"},\"primaryImageOfPage\":{\"@id\":\"https:\/\/www.miomiorun.com\/de\/produkt\/vanish-ss-damen\/#primaryimage\"},\"image\":{\"@id\":\"https:\/\/www.miomiorun.com\/de\/produkt\/vanish-ss-damen\/#primaryimage\"},\"thumbnailUrl\":\"https:\/\/www.miomiorun.com\/app\/uploads\/2026\/04\/under-armor-Vanish-SS-bittersw-W-6010870-0601.webp\",\"datePublished\":\"2026-04-21T16:19:30+00:00\",\"dateModified\":\"2026-05-08T10:03:25+00:00\",\"description\":\"Leicht und elastisch, entwickelt, um Komfort, Bewegungsfreiheit und konstante Leistung auch bei den intensivsten Trainingseinheiten zu bieten\",\"breadcrumb\":{\"@id\":\"https:\/\/www.miomiorun.com\/de\/produkt\/vanish-ss-damen\/#breadcrumb\"},\"inLanguage\":\"de-DE\",\"potentialAction\":[{\"@type\":\"ReadAction\",\"target\":[\"https:\/\/www.miomiorun.com\/de\/produkt\/vanish-ss-damen\/\"]}]},{\"@type\":\"ImageObject\",\"inLanguage\":\"de-DE\",\"@id\":\"https:\/\/www.miomiorun.com\/de\/produkt\/vanish-ss-damen\/#primaryimage\",\"url\":\"https:\/\/www.miomiorun.com\/app\/uploads\/2026\/04\/under-armor-Vanish-SS-bittersw-W-6010870-0601.webp\",\"contentUrl\":\"https:\/\/www.miomiorun.com\/app\/uploads\/2026\/04\/under-armor-Vanish-SS-bittersw-W-6010870-0601.webp\",\"width\":720,\"height\":720,\"caption\":\"under armor Vanish SS bittersw W 6010870-0601\"},{\"@type\":\"BreadcrumbList\",\"@id\":\"https:\/\/www.miomiorun.com\/de\/produkt\/vanish-ss-damen\/#breadcrumb\",\"itemListElement\":[{\"@type\":\"ListItem\",\"position\":1,\"name\":\"Home\",\"item\":\"https:\/\/www.miomiorun.com\/de\/\"},{\"@type\":\"ListItem\",\"position\":2,\"name\":\"Shop\",\"item\":\"https:\/\/www.miomiorun.com\/shop\/\"},{\"@type\":\"ListItem\",\"position\":3,\"name\":\"Vanish SS damen\"}]},{\"@type\":\"WebSite\",\"@id\":\"https:\/\/www.miomiorun.com\/de\/#website\",\"url\":\"https:\/\/www.miomiorun.com\/de\/\",\"name\":\"MioMioRun\",\"description\":\"100% Lauf- und Trailshop\",\"publisher\":{\"@id\":\"https:\/\/www.miomiorun.com\/de\/#organization\"},\"potentialAction\":[{\"@type\":\"SearchAction\",\"target\":{\"@type\":\"EntryPoint\",\"urlTemplate\":\"https:\/\/www.miomiorun.com\/de\/?s={search_term_string}\"},\"query-input\":{\"@type\":\"PropertyValueSpecification\",\"valueRequired\":true,\"valueName\":\"search_term_string\"}}],\"inLanguage\":\"de-DE\"},{\"@type\":\"Organization\",\"@id\":\"https:\/\/www.miomiorun.com\/de\/#organization\",\"name\":\"MioMio Run\",\"url\":\"https:\/\/www.miomiorun.com\/de\/\",\"logo\":{\"@type\":\"ImageObject\",\"inLanguage\":\"de-DE\",\"@id\":\"https:\/\/www.miomiorun.com\/de\/#\/schema\/logo\/image\/\",\"url\":\"https:\/\/www.miomiorun.com\/app\/uploads\/2019\/12\/logomio.png\",\"contentUrl\":\"https:\/\/www.miomiorun.com\/app\/uploads\/2019\/12\/logomio.png\",\"width\":115,\"height\":82,\"caption\":\"MioMio Run\"},\"image\":{\"@id\":\"https:\/\/www.miomiorun.com\/de\/#\/schema\/logo\/image\/\"},\"sameAs\":[\"https:\/\/www.facebook.com\/miomiorun\/\",\"https:\/\/www.instagram.com\/miomiorun\/\"]}]}<\/script>\n<!-- \/ Yoast SEO plugin. -->","yoast_head_json":{"title":"Under Armour Vanish SS damen - Lauf-T-Shirt- MioMioRun","description":"Leicht und elastisch, entwickelt, um Komfort, Bewegungsfreiheit und konstante Leistung auch bei den intensivsten Trainingseinheiten zu bieten","robots":{"index":"index","follow":"follow","max-snippet":"max-snippet:-1","max-image-preview":"max-image-preview:large","max-video-preview":"max-video-preview:-1"},"canonical":"https:\/\/www.miomiorun.com\/de\/produkt\/vanish-ss-damen\/","og_locale":"de_DE","og_type":"article","og_title":"Under Armour Vanish SS damen - Lauf-T-Shirt- MioMioRun","og_description":"Leicht und elastisch, entwickelt, um Komfort, Bewegungsfreiheit und konstante Leistung auch bei den intensivsten Trainingseinheiten zu bieten","og_url":"https:\/\/www.miomiorun.com\/de\/produkt\/vanish-ss-damen\/","og_site_name":"MioMioRun","article_publisher":"https:\/\/www.facebook.com\/miomiorun\/","article_modified_time":"2026-05-08T10:03:25+00:00","og_image":[{"width":720,"height":720,"url":"https:\/\/www.miomiorun.com\/app\/uploads\/2026\/04\/under-armor-Vanish-SS-bittersw-W-6010870-0601.webp","type":"image\/webp"}],"twitter_card":"summary_large_image","twitter_misc":{"Est. reading time":"2 minutes"},"schema":{"@context":"https:\/\/schema.org","@graph":[{"@type":"WebPage","@id":"https:\/\/www.miomiorun.com\/de\/produkt\/vanish-ss-damen\/","url":"https:\/\/www.miomiorun.com\/de\/produkt\/vanish-ss-damen\/","name":"Under Armour Vanish SS damen - Lauf-T-Shirt- MioMioRun","isPartOf":{"@id":"https:\/\/www.miomiorun.com\/de\/#website"},"primaryImageOfPage":{"@id":"https:\/\/www.miomiorun.com\/de\/produkt\/vanish-ss-damen\/#primaryimage"},"image":{"@id":"https:\/\/www.miomiorun.com\/de\/produkt\/vanish-ss-damen\/#primaryimage"},"thumbnailUrl":"https:\/\/www.miomiorun.com\/app\/uploads\/2026\/04\/under-armor-Vanish-SS-bittersw-W-6010870-0601.webp","datePublished":"2026-04-21T16:19:30+00:00","dateModified":"2026-05-08T10:03:25+00:00","description":"Leicht und elastisch, entwickelt, um Komfort, Bewegungsfreiheit und konstante Leistung auch bei den intensivsten Trainingseinheiten zu bieten","breadcrumb":{"@id":"https:\/\/www.miomiorun.com\/de\/produkt\/vanish-ss-damen\/#breadcrumb"},"inLanguage":"de-DE","potentialAction":[{"@type":"ReadAction","target":["https:\/\/www.miomiorun.com\/de\/produkt\/vanish-ss-damen\/"]}]},{"@type":"ImageObject","inLanguage":"de-DE","@id":"https:\/\/www.miomiorun.com\/de\/produkt\/vanish-ss-damen\/#primaryimage","url":"https:\/\/www.miomiorun.com\/app\/uploads\/2026\/04\/under-armor-Vanish-SS-bittersw-W-6010870-0601.webp","contentUrl":"https:\/\/www.miomiorun.com\/app\/uploads\/2026\/04\/under-armor-Vanish-SS-bittersw-W-6010870-0601.webp","width":720,"height":720,"caption":"under armor Vanish SS bittersw W 6010870-0601"},{"@type":"BreadcrumbList","@id":"https:\/\/www.miomiorun.com\/de\/produkt\/vanish-ss-damen\/#breadcrumb","itemListElement":[{"@type":"ListItem","position":1,"name":"Home","item":"https:\/\/www.miomiorun.com\/de\/"},{"@type":"ListItem","position":2,"name":"Shop","item":"https:\/\/www.miomiorun.com\/shop\/"},{"@type":"ListItem","position":3,"name":"Vanish SS damen"}]},{"@type":"WebSite","@id":"https:\/\/www.miomiorun.com\/de\/#website","url":"https:\/\/www.miomiorun.com\/de\/","name":"MioMioRun","description":"100% Lauf- und Trailshop","publisher":{"@id":"https:\/\/www.miomiorun.com\/de\/#organization"},"potentialAction":[{"@type":"SearchAction","target":{"@type":"EntryPoint","urlTemplate":"https:\/\/www.miomiorun.com\/de\/?s={search_term_string}"},"query-input":{"@type":"PropertyValueSpecification","valueRequired":true,"valueName":"search_term_string"}}],"inLanguage":"de-DE"},{"@type":"Organization","@id":"https:\/\/www.miomiorun.com\/de\/#organization","name":"MioMio Run","url":"https:\/\/www.miomiorun.com\/de\/","logo":{"@type":"ImageObject","inLanguage":"de-DE","@id":"https:\/\/www.miomiorun.com\/de\/#\/schema\/logo\/image\/","url":"https:\/\/www.miomiorun.com\/app\/uploads\/2019\/12\/logomio.png","contentUrl":"https:\/\/www.miomiorun.com\/app\/uploads\/2019\/12\/logomio.png","width":115,"height":82,"caption":"MioMio Run"},"image":{"@id":"https:\/\/www.miomiorun.com\/de\/#\/schema\/logo\/image\/"},"sameAs":["https:\/\/www.facebook.com\/miomiorun\/","https:\/\/www.instagram.com\/miomiorun\/"]}]}},"_links":{"self":[{"href":"https:\/\/www.miomiorun.com\/de\/wp-json\/wp\/v2\/product\/434097","targetHints":{"allow":["GET"]}}],"collection":[{"href":"https:\/\/www.miomiorun.com\/de\/wp-json\/wp\/v2\/product"}],"about":[{"href":"https:\/\/www.miomiorun.com\/de\/wp-json\/wp\/v2\/types\/product"}],"wp:featuredmedia":[{"embeddable":true,"href":"https:\/\/www.miomiorun.com\/de\/wp-json\/wp\/v2\/media\/434143"}],"wp:attachment":[{"href":"https:\/\/www.miomiorun.com\/de\/wp-json\/wp\/v2\/media?parent=434097"}],"wp:term":[{"taxonomy":"product_brand","embeddable":true,"href":"https:\/\/www.miomiorun.com\/de\/wp-json\/wp\/v2\/product_brand?post=434097"},{"taxonomy":"product_cat","embeddable":true,"href":"https:\/\/www.miomiorun.com\/de\/wp-json\/wp\/v2\/product_cat?post=434097"},{"taxonomy":"product_tag","embeddable":true,"href":"https:\/\/www.miomiorun.com\/de\/wp-json\/wp\/v2\/product_tag?post=434097"}],"curies":[{"name":"wp","href":"https:\/\/api.w.org\/{rel}","templated":true}]}}