{"id":434023,"date":"2026-04-21T18:04:58","date_gmt":"2026-04-21T16:04:58","guid":{"rendered":"https:\/\/www.miomiorun.com\/?post_type=product&#038;p=434023"},"modified":"2026-05-05T17:24:22","modified_gmt":"2026-05-05T15:24:22","slug":"vanish-seamless-herren","status":"publish","type":"product","link":"https:\/\/www.miomiorun.com\/de\/produkt\/vanish-seamless-herren\/","title":{"rendered":"Vanish seamless herren"},"content":{"rendered":"<p data-start=\"0\" data-end=\"387\">Das kurz\u00e4rmelige Herren-Shirt <span class=\"hover:entity-accent entity-underline inline cursor-pointer align-baseline\"><span class=\"whitespace-normal\">Under Armour<\/span><\/span> UA Vanish Seamless wurde entwickelt, um <strong data-start=\"144\" data-end=\"164\">h\u00f6chsten Tragekomfort<\/strong>, <strong data-start=\"166\" data-end=\"192\">maximale Atmungsaktivit\u00e4t<\/strong> und <strong data-start=\"195\" data-end=\"219\">Bewegungsfreiheit<\/strong> bei jedem Training zu bieten. Die nahezu nahtlose Konstruktion minimiert Reibung und macht das Shirt somit ideal auch f\u00fcr lange und hochintensive Trainingseinheiten.<\/p>\n<p data-start=\"389\" data-end=\"435\">Die technische Konstruktion wurde entwickelt, um Folgendes zu gew\u00e4hrleisten:<\/p>\n<ul data-start=\"436\" data-end=\"672\">\n<li data-section-id=\"djba3a\" data-start=\"436\" data-end=\"524\"><strong data-start=\"438\" data-end=\"461\">Gezielte Bel\u00fcftung<\/strong> dank Mesh-Eins\u00e4tzen in den Bereichen mit erh\u00f6hter Schwei\u00dfbildung<\/li>\n<li data-section-id=\"y8hfz6\" data-start=\"525\" data-end=\"601\"><strong data-start=\"527\" data-end=\"569\">Nat\u00fcrliche und uneingeschr\u00e4nkte Bewegungsfreiheit<\/strong> durch 4-Wege-Stretch<\/li>\n<li data-section-id=\"8yayrd\" data-start=\"602\" data-end=\"672\"><strong data-start=\"604\" data-end=\"634\">L\u00e4nger trockene Haut<\/strong> dank schnell trocknender Materialien<\/li>\n<\/ul>\n<p data-start=\"674\" data-end=\"989\">Das <strong data-start=\"677\" data-end=\"706\">weiche Strickmaterial<\/strong> sorgt f\u00fcr ein angenehmes Tragegef\u00fchl auf der Haut, w\u00e4hrend die nahtlose Konstruktion den Gesamtkomfort verbessert. Die <strong data-start=\"836\" data-end=\"861\">Geruchsneutralisierungstechnologie<\/strong> hilft, auch bei intensivsten Trainingseinheiten frisch zu bleiben, sodass du dich ganz auf deine Leistung konzentrieren kannst.<\/p>\n<p>&nbsp;<\/p>\n<p>&nbsp;<\/p>\n<p>&nbsp;<\/p>\n<p>&nbsp;<\/p>\n","protected":false},"excerpt":{"rendered":"<ul>\n<li data-section-id=\"5fgjs4\" data-start=\"1203\" data-end=\"1279\"><strong data-start=\"1205\" data-end=\"1239\">Nahtlose Konstruktion<\/strong> zur Verringerung von Reibung und Hautirritationen<\/li>\n<li data-section-id=\"1o6wyow\" data-start=\"1280\" data-end=\"1354\"><strong data-start=\"1282\" data-end=\"1313\">Strategisch platzierte Mesh-Eins\u00e4tze<\/strong> f\u00fcr Bel\u00fcftung und konstante Frische<\/li>\n<li data-section-id=\"k9ho6d\" data-start=\"1355\" data-end=\"1433\" data-is-last-node=\"\"><strong data-start=\"1357\" data-end=\"1407\">4-Wege-Stretch und schnelltrocknend<\/strong> f\u00fcr Komfort und Leistung<\/li>\n<\/ul>\n","protected":false},"featured_media":434063,"template":"","meta":{"_acf_changed":false,"inline_featured_image":false},"product_brand":[],"product_cat":[6540,6508],"product_tag":[20482,20497],"class_list":{"0":"post-434023","1":"product","2":"type-product","3":"status-publish","4":"has-post-thumbnail","6":"product_cat-herrenbekleidung","7":"product_cat-herrent-shirt","8":"product_tag-under-armour-de","9":"product_tag-under-armour-herren","10":"pa_attivita-fitness-de","11":"pa_attivita-gehen","12":"pa_attivita-lifestyle-de","13":"pa_attivita-running-de","14":"pa_colore-vanish-seamless-clay-grey","15":"pa_marca-under-armour-de","16":"pa_sesso-herren","17":"pa_size-small-de","18":"pa_size-medium-de","19":"pa_size-large-de","20":"pa_size-extra-large-de","22":"first","23":"instock","24":"sale","25":"taxable","26":"shipping-taxable","27":"purchasable","28":"product-type-variable","29":"wvs-archive-product-wrapper"},"acf":[],"yoast_head":"<!-- This site is optimized with the Yoast SEO plugin v26.8 - https:\/\/yoast.com\/product\/yoast-seo-wordpress\/ -->\n<title>Under Armour Vanish seamless herren - Lauf-T-Shirt- MioMioRun<\/title>\n<meta name=\"description\" content=\"Leichtes und atmungsaktives, nahtloses Trainingsshirt, das f\u00fcr h\u00f6chsten Tragekomfort, gezielte Bel\u00fcftung und maximale Bewegungsfreiheit entwickelt wurde.\" \/>\n<meta name=\"robots\" content=\"index, follow, max-snippet:-1, max-image-preview:large, max-video-preview:-1\" \/>\n<link rel=\"canonical\" href=\"https:\/\/www.miomiorun.com\/de\/produkt\/vanish-seamless-herren\/\" \/>\n<meta property=\"og:locale\" content=\"de_DE\" \/>\n<meta property=\"og:type\" content=\"article\" \/>\n<meta property=\"og:title\" content=\"Under Armour Vanish seamless herren - Lauf-T-Shirt- MioMioRun\" \/>\n<meta property=\"og:description\" content=\"Leichtes und atmungsaktives, nahtloses Trainingsshirt, das f\u00fcr h\u00f6chsten Tragekomfort, gezielte Bel\u00fcftung und maximale Bewegungsfreiheit entwickelt wurde.\" \/>\n<meta property=\"og:url\" content=\"https:\/\/www.miomiorun.com\/de\/produkt\/vanish-seamless-herren\/\" \/>\n<meta property=\"og:site_name\" content=\"MioMioRun\" \/>\n<meta property=\"article:publisher\" content=\"https:\/\/www.facebook.com\/miomiorun\/\" \/>\n<meta property=\"article:modified_time\" content=\"2026-05-05T15:24:22+00:00\" \/>\n<meta property=\"og:image\" content=\"https:\/\/www.miomiorun.com\/app\/uploads\/2026\/04\/under-armor-Vanish-seamless-clay-grey-6010603-0709.webp\" \/>\n\t<meta property=\"og:image:width\" content=\"720\" \/>\n\t<meta property=\"og:image:height\" content=\"720\" \/>\n\t<meta property=\"og:image:type\" content=\"image\/webp\" \/>\n<meta name=\"twitter:card\" content=\"summary_large_image\" \/>\n<meta name=\"twitter:label1\" content=\"Est. reading time\" \/>\n\t<meta name=\"twitter:data1\" content=\"2 minutes\" \/>\n<script type=\"application\/ld+json\" class=\"yoast-schema-graph\">{\"@context\":\"https:\/\/schema.org\",\"@graph\":[{\"@type\":\"WebPage\",\"@id\":\"https:\/\/www.miomiorun.com\/de\/produkt\/vanish-seamless-herren\/\",\"url\":\"https:\/\/www.miomiorun.com\/de\/produkt\/vanish-seamless-herren\/\",\"name\":\"Under Armour Vanish seamless herren - Lauf-T-Shirt- MioMioRun\",\"isPartOf\":{\"@id\":\"https:\/\/www.miomiorun.com\/de\/#website\"},\"primaryImageOfPage\":{\"@id\":\"https:\/\/www.miomiorun.com\/de\/produkt\/vanish-seamless-herren\/#primaryimage\"},\"image\":{\"@id\":\"https:\/\/www.miomiorun.com\/de\/produkt\/vanish-seamless-herren\/#primaryimage\"},\"thumbnailUrl\":\"https:\/\/www.miomiorun.com\/app\/uploads\/2026\/04\/under-armor-Vanish-seamless-clay-grey-6010603-0709.webp\",\"datePublished\":\"2026-04-21T16:04:58+00:00\",\"dateModified\":\"2026-05-05T15:24:22+00:00\",\"description\":\"Leichtes und atmungsaktives, nahtloses Trainingsshirt, das f\u00fcr h\u00f6chsten Tragekomfort, gezielte Bel\u00fcftung und maximale Bewegungsfreiheit entwickelt wurde.\",\"breadcrumb\":{\"@id\":\"https:\/\/www.miomiorun.com\/de\/produkt\/vanish-seamless-herren\/#breadcrumb\"},\"inLanguage\":\"de-DE\",\"potentialAction\":[{\"@type\":\"ReadAction\",\"target\":[\"https:\/\/www.miomiorun.com\/de\/produkt\/vanish-seamless-herren\/\"]}]},{\"@type\":\"ImageObject\",\"inLanguage\":\"de-DE\",\"@id\":\"https:\/\/www.miomiorun.com\/de\/produkt\/vanish-seamless-herren\/#primaryimage\",\"url\":\"https:\/\/www.miomiorun.com\/app\/uploads\/2026\/04\/under-armor-Vanish-seamless-clay-grey-6010603-0709.webp\",\"contentUrl\":\"https:\/\/www.miomiorun.com\/app\/uploads\/2026\/04\/under-armor-Vanish-seamless-clay-grey-6010603-0709.webp\",\"width\":720,\"height\":720,\"caption\":\"under armor Vanish seamless clay grey 6010603-0709\"},{\"@type\":\"BreadcrumbList\",\"@id\":\"https:\/\/www.miomiorun.com\/de\/produkt\/vanish-seamless-herren\/#breadcrumb\",\"itemListElement\":[{\"@type\":\"ListItem\",\"position\":1,\"name\":\"Home\",\"item\":\"https:\/\/www.miomiorun.com\/de\/\"},{\"@type\":\"ListItem\",\"position\":2,\"name\":\"Shop\",\"item\":\"https:\/\/www.miomiorun.com\/shop\/\"},{\"@type\":\"ListItem\",\"position\":3,\"name\":\"Vanish seamless herren\"}]},{\"@type\":\"WebSite\",\"@id\":\"https:\/\/www.miomiorun.com\/de\/#website\",\"url\":\"https:\/\/www.miomiorun.com\/de\/\",\"name\":\"MioMioRun\",\"description\":\"100% Lauf- und Trailshop\",\"publisher\":{\"@id\":\"https:\/\/www.miomiorun.com\/de\/#organization\"},\"potentialAction\":[{\"@type\":\"SearchAction\",\"target\":{\"@type\":\"EntryPoint\",\"urlTemplate\":\"https:\/\/www.miomiorun.com\/de\/?s={search_term_string}\"},\"query-input\":{\"@type\":\"PropertyValueSpecification\",\"valueRequired\":true,\"valueName\":\"search_term_string\"}}],\"inLanguage\":\"de-DE\"},{\"@type\":\"Organization\",\"@id\":\"https:\/\/www.miomiorun.com\/de\/#organization\",\"name\":\"MioMio Run\",\"url\":\"https:\/\/www.miomiorun.com\/de\/\",\"logo\":{\"@type\":\"ImageObject\",\"inLanguage\":\"de-DE\",\"@id\":\"https:\/\/www.miomiorun.com\/de\/#\/schema\/logo\/image\/\",\"url\":\"https:\/\/www.miomiorun.com\/app\/uploads\/2019\/12\/logomio.png\",\"contentUrl\":\"https:\/\/www.miomiorun.com\/app\/uploads\/2019\/12\/logomio.png\",\"width\":115,\"height\":82,\"caption\":\"MioMio Run\"},\"image\":{\"@id\":\"https:\/\/www.miomiorun.com\/de\/#\/schema\/logo\/image\/\"},\"sameAs\":[\"https:\/\/www.facebook.com\/miomiorun\/\",\"https:\/\/www.instagram.com\/miomiorun\/\"]}]}<\/script>\n<!-- \/ Yoast SEO plugin. -->","yoast_head_json":{"title":"Under Armour Vanish seamless herren - Lauf-T-Shirt- MioMioRun","description":"Leichtes und atmungsaktives, nahtloses Trainingsshirt, das f\u00fcr h\u00f6chsten Tragekomfort, gezielte Bel\u00fcftung und maximale Bewegungsfreiheit entwickelt wurde.","robots":{"index":"index","follow":"follow","max-snippet":"max-snippet:-1","max-image-preview":"max-image-preview:large","max-video-preview":"max-video-preview:-1"},"canonical":"https:\/\/www.miomiorun.com\/de\/produkt\/vanish-seamless-herren\/","og_locale":"de_DE","og_type":"article","og_title":"Under Armour Vanish seamless herren - Lauf-T-Shirt- MioMioRun","og_description":"Leichtes und atmungsaktives, nahtloses Trainingsshirt, das f\u00fcr h\u00f6chsten Tragekomfort, gezielte Bel\u00fcftung und maximale Bewegungsfreiheit entwickelt wurde.","og_url":"https:\/\/www.miomiorun.com\/de\/produkt\/vanish-seamless-herren\/","og_site_name":"MioMioRun","article_publisher":"https:\/\/www.facebook.com\/miomiorun\/","article_modified_time":"2026-05-05T15:24:22+00:00","og_image":[{"width":720,"height":720,"url":"https:\/\/www.miomiorun.com\/app\/uploads\/2026\/04\/under-armor-Vanish-seamless-clay-grey-6010603-0709.webp","type":"image\/webp"}],"twitter_card":"summary_large_image","twitter_misc":{"Est. reading time":"2 minutes"},"schema":{"@context":"https:\/\/schema.org","@graph":[{"@type":"WebPage","@id":"https:\/\/www.miomiorun.com\/de\/produkt\/vanish-seamless-herren\/","url":"https:\/\/www.miomiorun.com\/de\/produkt\/vanish-seamless-herren\/","name":"Under Armour Vanish seamless herren - Lauf-T-Shirt- MioMioRun","isPartOf":{"@id":"https:\/\/www.miomiorun.com\/de\/#website"},"primaryImageOfPage":{"@id":"https:\/\/www.miomiorun.com\/de\/produkt\/vanish-seamless-herren\/#primaryimage"},"image":{"@id":"https:\/\/www.miomiorun.com\/de\/produkt\/vanish-seamless-herren\/#primaryimage"},"thumbnailUrl":"https:\/\/www.miomiorun.com\/app\/uploads\/2026\/04\/under-armor-Vanish-seamless-clay-grey-6010603-0709.webp","datePublished":"2026-04-21T16:04:58+00:00","dateModified":"2026-05-05T15:24:22+00:00","description":"Leichtes und atmungsaktives, nahtloses Trainingsshirt, das f\u00fcr h\u00f6chsten Tragekomfort, gezielte Bel\u00fcftung und maximale Bewegungsfreiheit entwickelt wurde.","breadcrumb":{"@id":"https:\/\/www.miomiorun.com\/de\/produkt\/vanish-seamless-herren\/#breadcrumb"},"inLanguage":"de-DE","potentialAction":[{"@type":"ReadAction","target":["https:\/\/www.miomiorun.com\/de\/produkt\/vanish-seamless-herren\/"]}]},{"@type":"ImageObject","inLanguage":"de-DE","@id":"https:\/\/www.miomiorun.com\/de\/produkt\/vanish-seamless-herren\/#primaryimage","url":"https:\/\/www.miomiorun.com\/app\/uploads\/2026\/04\/under-armor-Vanish-seamless-clay-grey-6010603-0709.webp","contentUrl":"https:\/\/www.miomiorun.com\/app\/uploads\/2026\/04\/under-armor-Vanish-seamless-clay-grey-6010603-0709.webp","width":720,"height":720,"caption":"under armor Vanish seamless clay grey 6010603-0709"},{"@type":"BreadcrumbList","@id":"https:\/\/www.miomiorun.com\/de\/produkt\/vanish-seamless-herren\/#breadcrumb","itemListElement":[{"@type":"ListItem","position":1,"name":"Home","item":"https:\/\/www.miomiorun.com\/de\/"},{"@type":"ListItem","position":2,"name":"Shop","item":"https:\/\/www.miomiorun.com\/shop\/"},{"@type":"ListItem","position":3,"name":"Vanish seamless herren"}]},{"@type":"WebSite","@id":"https:\/\/www.miomiorun.com\/de\/#website","url":"https:\/\/www.miomiorun.com\/de\/","name":"MioMioRun","description":"100% Lauf- und Trailshop","publisher":{"@id":"https:\/\/www.miomiorun.com\/de\/#organization"},"potentialAction":[{"@type":"SearchAction","target":{"@type":"EntryPoint","urlTemplate":"https:\/\/www.miomiorun.com\/de\/?s={search_term_string}"},"query-input":{"@type":"PropertyValueSpecification","valueRequired":true,"valueName":"search_term_string"}}],"inLanguage":"de-DE"},{"@type":"Organization","@id":"https:\/\/www.miomiorun.com\/de\/#organization","name":"MioMio Run","url":"https:\/\/www.miomiorun.com\/de\/","logo":{"@type":"ImageObject","inLanguage":"de-DE","@id":"https:\/\/www.miomiorun.com\/de\/#\/schema\/logo\/image\/","url":"https:\/\/www.miomiorun.com\/app\/uploads\/2019\/12\/logomio.png","contentUrl":"https:\/\/www.miomiorun.com\/app\/uploads\/2019\/12\/logomio.png","width":115,"height":82,"caption":"MioMio Run"},"image":{"@id":"https:\/\/www.miomiorun.com\/de\/#\/schema\/logo\/image\/"},"sameAs":["https:\/\/www.facebook.com\/miomiorun\/","https:\/\/www.instagram.com\/miomiorun\/"]}]}},"_links":{"self":[{"href":"https:\/\/www.miomiorun.com\/de\/wp-json\/wp\/v2\/product\/434023","targetHints":{"allow":["GET"]}}],"collection":[{"href":"https:\/\/www.miomiorun.com\/de\/wp-json\/wp\/v2\/product"}],"about":[{"href":"https:\/\/www.miomiorun.com\/de\/wp-json\/wp\/v2\/types\/product"}],"wp:featuredmedia":[{"embeddable":true,"href":"https:\/\/www.miomiorun.com\/de\/wp-json\/wp\/v2\/media\/434063"}],"wp:attachment":[{"href":"https:\/\/www.miomiorun.com\/de\/wp-json\/wp\/v2\/media?parent=434023"}],"wp:term":[{"taxonomy":"product_brand","embeddable":true,"href":"https:\/\/www.miomiorun.com\/de\/wp-json\/wp\/v2\/product_brand?post=434023"},{"taxonomy":"product_cat","embeddable":true,"href":"https:\/\/www.miomiorun.com\/de\/wp-json\/wp\/v2\/product_cat?post=434023"},{"taxonomy":"product_tag","embeddable":true,"href":"https:\/\/www.miomiorun.com\/de\/wp-json\/wp\/v2\/product_tag?post=434023"}],"curies":[{"name":"wp","href":"https:\/\/api.w.org\/{rel}","templated":true}]}}