{"id":433964,"date":"2026-04-21T17:55:35","date_gmt":"2026-04-21T15:55:35","guid":{"rendered":"https:\/\/www.miomiorun.com\/?post_type=product&#038;p=433964"},"modified":"2026-05-04T18:04:18","modified_gmt":"2026-05-04T16:04:18","slug":"tech-mesh-racer-damen","status":"publish","type":"product","link":"https:\/\/www.miomiorun.com\/de\/produkt\/tech-mesh-racer-damen\/","title":{"rendered":"Tech Mesh racer damen"},"content":{"rendered":"<p data-start=\"0\" data-end=\"325\">Das <span class=\"hover:entity-accent entity-underline inline cursor-pointer align-baseline\"><span class=\"whitespace-normal\">Under Armour<\/span><\/span> UA Tech\u2122 Mesh Racer-Tanktop f\u00fcr Damen wurde entwickelt, um bei jedem Training <strong data-start=\"131\" data-end=\"145\">Leichtigkeit<\/strong>, <strong data-start=\"147\" data-end=\"161\">Frische<\/strong> und <strong data-start=\"164\" data-end=\"184\">konstanten Komfort<\/strong> zu bieten. Als Teil der UA Tech\u2122-Kollektion verbindet es Schlichtheit und Leistung, um dich bei jeder Bewegung auf nat\u00fcrliche Weise zu begleiten.<\/p>\n<p data-start=\"327\" data-end=\"373\">Die technische Konstruktion ist so ausgelegt, dass sie Folgendes gew\u00e4hrleistet:<\/p>\n<ul data-start=\"374\" data-end=\"589\">\n<li data-section-id=\"wyyo9o\" data-start=\"374\" data-end=\"452\"><strong data-start=\"376\" data-end=\"402\">H\u00f6chste Atmungsaktivit\u00e4t<\/strong> dank des Mesh-Gewebes mit Pinhole-Struktur<\/li>\n<li data-section-id=\"8yayrd\" data-start=\"453\" data-end=\"523\"><strong data-start=\"455\" data-end=\"485\">L\u00e4nger trockene Haut<\/strong> dank schnell trocknender Materialien<\/li>\n<li data-section-id=\"jwj4q6\" data-start=\"524\" data-end=\"589\"><strong data-start=\"526\" data-end=\"557\">Volle Bewegungsfreiheit<\/strong> dank 4-Wege-Stretch<\/li>\n<\/ul>\n<p data-start=\"591\" data-end=\"916\">Das <strong data-start=\"594\" data-end=\"620\">Racer-Design am R\u00fccken<\/strong> sorgt f\u00fcr Bewegungsfreiheit und Bel\u00fcftung, wodurch sich das Tanktop ideal f\u00fcr dynamische Aktivit\u00e4ten eignet. Der weiche Stoff f\u00fchlt sich angenehm auf der Haut an, ohne dabei an Bedeckung einzub\u00fc\u00dfen, w\u00e4hrend die <strong data-start=\"812\" data-end=\"837\">Geruchsneutralisierungstechnologie<\/strong> dazu beitr\u00e4gt, auch bei intensivsten Trainingseinheiten f\u00fcr Frische zu sorgen.<\/p>\n","protected":false},"excerpt":{"rendered":"<ul>\n<li data-section-id=\"t9ozh7\" data-start=\"1112\" data-end=\"1184\"><strong data-start=\"1114\" data-end=\"1152\">Mesh-Gewebe mit Pinhole-Struktur<\/strong> f\u00fcr Bel\u00fcftung und Leichtigkeit<\/li>\n<li data-section-id=\"vudg71\" data-start=\"1185\" data-end=\"1265\"><strong data-start=\"1187\" data-end=\"1231\">Schnelle Trocknung und Schwei\u00dfregulierung<\/strong>, damit die Haut trocken bleibt<\/li>\n<li data-section-id=\"qgm1ug\" data-start=\"1266\" data-end=\"1342\" data-is-last-node=\"\"><strong data-start=\"1268\" data-end=\"1308\">Rennsport-Design und geruchsneutralisierende Technologie<\/strong> f\u00fcr Mobilit\u00e4t und lang anhaltenden Komfort<\/li>\n<\/ul>\n","protected":false},"featured_media":434006,"template":"","meta":{"_acf_changed":false,"inline_featured_image":false},"product_brand":[],"product_cat":[6400,6401,6403],"product_tag":[20482,20495],"class_list":{"0":"post-433964","1":"product","2":"type-product","3":"status-publish","4":"has-post-thumbnail","6":"product_cat-damen","7":"product_cat-damenbekleidung","8":"product_cat-damentank-tops","9":"product_tag-under-armour-de","10":"product_tag-under-armour-damen","11":"pa_attivita-fitness-de","12":"pa_attivita-gehen","13":"pa_attivita-lifestyle-de","14":"pa_attivita-running-de","15":"pa_colore-tech-mesh-racer-white-w","16":"pa_marca-under-armour-de","17":"pa_sesso-damen","18":"pa_size-extra-small-de","19":"pa_size-small-de","20":"pa_size-medium-de","22":"first","23":"instock","24":"sale","25":"taxable","26":"shipping-taxable","27":"purchasable","28":"product-type-variable","29":"wvs-archive-product-wrapper"},"acf":[],"yoast_head":"<!-- This site is optimized with the Yoast SEO plugin v26.8 - https:\/\/yoast.com\/product\/yoast-seo-wordpress\/ -->\n<title>Under Armour Tech Mesh racer damen - Lauf-Tanktop- MioMioRun<\/title>\n<meta name=\"description\" content=\"Leichtes und atmungsaktives Trainings-Tanktop, das f\u00fcr Frische, lang anhaltenden Komfort und maximale Bewegungsfreiheit entwickelt wurde.\" \/>\n<meta name=\"robots\" content=\"index, follow, max-snippet:-1, max-image-preview:large, max-video-preview:-1\" \/>\n<link rel=\"canonical\" href=\"https:\/\/www.miomiorun.com\/de\/produkt\/tech-mesh-racer-damen\/\" \/>\n<meta property=\"og:locale\" content=\"de_DE\" \/>\n<meta property=\"og:type\" content=\"article\" \/>\n<meta property=\"og:title\" content=\"Under Armour Tech Mesh racer damen - Lauf-Tanktop- MioMioRun\" \/>\n<meta property=\"og:description\" content=\"Leichtes und atmungsaktives Trainings-Tanktop, das f\u00fcr Frische, lang anhaltenden Komfort und maximale Bewegungsfreiheit entwickelt wurde.\" \/>\n<meta property=\"og:url\" content=\"https:\/\/www.miomiorun.com\/de\/produkt\/tech-mesh-racer-damen\/\" \/>\n<meta property=\"og:site_name\" content=\"MioMioRun\" \/>\n<meta property=\"article:publisher\" content=\"https:\/\/www.facebook.com\/miomiorun\/\" \/>\n<meta property=\"article:modified_time\" content=\"2026-05-04T16:04:18+00:00\" \/>\n<meta property=\"og:image\" content=\"https:\/\/www.miomiorun.com\/app\/uploads\/2026\/04\/under-armor-Tech-Mesh-racer-white-W-6009989-0100.webp\" \/>\n\t<meta property=\"og:image:width\" content=\"720\" \/>\n\t<meta property=\"og:image:height\" content=\"720\" \/>\n\t<meta property=\"og:image:type\" content=\"image\/webp\" \/>\n<meta name=\"twitter:card\" content=\"summary_large_image\" \/>\n<meta name=\"twitter:label1\" content=\"Est. reading time\" \/>\n\t<meta name=\"twitter:data1\" content=\"2 minutes\" \/>\n<script type=\"application\/ld+json\" class=\"yoast-schema-graph\">{\"@context\":\"https:\/\/schema.org\",\"@graph\":[{\"@type\":\"WebPage\",\"@id\":\"https:\/\/www.miomiorun.com\/de\/produkt\/tech-mesh-racer-damen\/\",\"url\":\"https:\/\/www.miomiorun.com\/de\/produkt\/tech-mesh-racer-damen\/\",\"name\":\"Under Armour Tech Mesh racer damen - Lauf-Tanktop- MioMioRun\",\"isPartOf\":{\"@id\":\"https:\/\/www.miomiorun.com\/de\/#website\"},\"primaryImageOfPage\":{\"@id\":\"https:\/\/www.miomiorun.com\/de\/produkt\/tech-mesh-racer-damen\/#primaryimage\"},\"image\":{\"@id\":\"https:\/\/www.miomiorun.com\/de\/produkt\/tech-mesh-racer-damen\/#primaryimage\"},\"thumbnailUrl\":\"https:\/\/www.miomiorun.com\/app\/uploads\/2026\/04\/under-armor-Tech-Mesh-racer-white-W-6009989-0100.webp\",\"datePublished\":\"2026-04-21T15:55:35+00:00\",\"dateModified\":\"2026-05-04T16:04:18+00:00\",\"description\":\"Leichtes und atmungsaktives Trainings-Tanktop, das f\u00fcr Frische, lang anhaltenden Komfort und maximale Bewegungsfreiheit entwickelt wurde.\",\"breadcrumb\":{\"@id\":\"https:\/\/www.miomiorun.com\/de\/produkt\/tech-mesh-racer-damen\/#breadcrumb\"},\"inLanguage\":\"de-DE\",\"potentialAction\":[{\"@type\":\"ReadAction\",\"target\":[\"https:\/\/www.miomiorun.com\/de\/produkt\/tech-mesh-racer-damen\/\"]}]},{\"@type\":\"ImageObject\",\"inLanguage\":\"de-DE\",\"@id\":\"https:\/\/www.miomiorun.com\/de\/produkt\/tech-mesh-racer-damen\/#primaryimage\",\"url\":\"https:\/\/www.miomiorun.com\/app\/uploads\/2026\/04\/under-armor-Tech-Mesh-racer-white-W-6009989-0100.webp\",\"contentUrl\":\"https:\/\/www.miomiorun.com\/app\/uploads\/2026\/04\/under-armor-Tech-Mesh-racer-white-W-6009989-0100.webp\",\"width\":720,\"height\":720,\"caption\":\"under armor Tech Mesh racer white W 6009989-0100\"},{\"@type\":\"BreadcrumbList\",\"@id\":\"https:\/\/www.miomiorun.com\/de\/produkt\/tech-mesh-racer-damen\/#breadcrumb\",\"itemListElement\":[{\"@type\":\"ListItem\",\"position\":1,\"name\":\"Home\",\"item\":\"https:\/\/www.miomiorun.com\/de\/\"},{\"@type\":\"ListItem\",\"position\":2,\"name\":\"Shop\",\"item\":\"https:\/\/www.miomiorun.com\/shop\/\"},{\"@type\":\"ListItem\",\"position\":3,\"name\":\"Tech Mesh racer damen\"}]},{\"@type\":\"WebSite\",\"@id\":\"https:\/\/www.miomiorun.com\/de\/#website\",\"url\":\"https:\/\/www.miomiorun.com\/de\/\",\"name\":\"MioMioRun\",\"description\":\"100% Lauf- und Trailshop\",\"publisher\":{\"@id\":\"https:\/\/www.miomiorun.com\/de\/#organization\"},\"potentialAction\":[{\"@type\":\"SearchAction\",\"target\":{\"@type\":\"EntryPoint\",\"urlTemplate\":\"https:\/\/www.miomiorun.com\/de\/?s={search_term_string}\"},\"query-input\":{\"@type\":\"PropertyValueSpecification\",\"valueRequired\":true,\"valueName\":\"search_term_string\"}}],\"inLanguage\":\"de-DE\"},{\"@type\":\"Organization\",\"@id\":\"https:\/\/www.miomiorun.com\/de\/#organization\",\"name\":\"MioMio Run\",\"url\":\"https:\/\/www.miomiorun.com\/de\/\",\"logo\":{\"@type\":\"ImageObject\",\"inLanguage\":\"de-DE\",\"@id\":\"https:\/\/www.miomiorun.com\/de\/#\/schema\/logo\/image\/\",\"url\":\"https:\/\/www.miomiorun.com\/app\/uploads\/2019\/12\/logomio.png\",\"contentUrl\":\"https:\/\/www.miomiorun.com\/app\/uploads\/2019\/12\/logomio.png\",\"width\":115,\"height\":82,\"caption\":\"MioMio Run\"},\"image\":{\"@id\":\"https:\/\/www.miomiorun.com\/de\/#\/schema\/logo\/image\/\"},\"sameAs\":[\"https:\/\/www.facebook.com\/miomiorun\/\",\"https:\/\/www.instagram.com\/miomiorun\/\"]}]}<\/script>\n<!-- \/ Yoast SEO plugin. -->","yoast_head_json":{"title":"Under Armour Tech Mesh racer damen - Lauf-Tanktop- MioMioRun","description":"Leichtes und atmungsaktives Trainings-Tanktop, das f\u00fcr Frische, lang anhaltenden Komfort und maximale Bewegungsfreiheit entwickelt wurde.","robots":{"index":"index","follow":"follow","max-snippet":"max-snippet:-1","max-image-preview":"max-image-preview:large","max-video-preview":"max-video-preview:-1"},"canonical":"https:\/\/www.miomiorun.com\/de\/produkt\/tech-mesh-racer-damen\/","og_locale":"de_DE","og_type":"article","og_title":"Under Armour Tech Mesh racer damen - Lauf-Tanktop- MioMioRun","og_description":"Leichtes und atmungsaktives Trainings-Tanktop, das f\u00fcr Frische, lang anhaltenden Komfort und maximale Bewegungsfreiheit entwickelt wurde.","og_url":"https:\/\/www.miomiorun.com\/de\/produkt\/tech-mesh-racer-damen\/","og_site_name":"MioMioRun","article_publisher":"https:\/\/www.facebook.com\/miomiorun\/","article_modified_time":"2026-05-04T16:04:18+00:00","og_image":[{"width":720,"height":720,"url":"https:\/\/www.miomiorun.com\/app\/uploads\/2026\/04\/under-armor-Tech-Mesh-racer-white-W-6009989-0100.webp","type":"image\/webp"}],"twitter_card":"summary_large_image","twitter_misc":{"Est. reading time":"2 minutes"},"schema":{"@context":"https:\/\/schema.org","@graph":[{"@type":"WebPage","@id":"https:\/\/www.miomiorun.com\/de\/produkt\/tech-mesh-racer-damen\/","url":"https:\/\/www.miomiorun.com\/de\/produkt\/tech-mesh-racer-damen\/","name":"Under Armour Tech Mesh racer damen - Lauf-Tanktop- MioMioRun","isPartOf":{"@id":"https:\/\/www.miomiorun.com\/de\/#website"},"primaryImageOfPage":{"@id":"https:\/\/www.miomiorun.com\/de\/produkt\/tech-mesh-racer-damen\/#primaryimage"},"image":{"@id":"https:\/\/www.miomiorun.com\/de\/produkt\/tech-mesh-racer-damen\/#primaryimage"},"thumbnailUrl":"https:\/\/www.miomiorun.com\/app\/uploads\/2026\/04\/under-armor-Tech-Mesh-racer-white-W-6009989-0100.webp","datePublished":"2026-04-21T15:55:35+00:00","dateModified":"2026-05-04T16:04:18+00:00","description":"Leichtes und atmungsaktives Trainings-Tanktop, das f\u00fcr Frische, lang anhaltenden Komfort und maximale Bewegungsfreiheit entwickelt wurde.","breadcrumb":{"@id":"https:\/\/www.miomiorun.com\/de\/produkt\/tech-mesh-racer-damen\/#breadcrumb"},"inLanguage":"de-DE","potentialAction":[{"@type":"ReadAction","target":["https:\/\/www.miomiorun.com\/de\/produkt\/tech-mesh-racer-damen\/"]}]},{"@type":"ImageObject","inLanguage":"de-DE","@id":"https:\/\/www.miomiorun.com\/de\/produkt\/tech-mesh-racer-damen\/#primaryimage","url":"https:\/\/www.miomiorun.com\/app\/uploads\/2026\/04\/under-armor-Tech-Mesh-racer-white-W-6009989-0100.webp","contentUrl":"https:\/\/www.miomiorun.com\/app\/uploads\/2026\/04\/under-armor-Tech-Mesh-racer-white-W-6009989-0100.webp","width":720,"height":720,"caption":"under armor Tech Mesh racer white W 6009989-0100"},{"@type":"BreadcrumbList","@id":"https:\/\/www.miomiorun.com\/de\/produkt\/tech-mesh-racer-damen\/#breadcrumb","itemListElement":[{"@type":"ListItem","position":1,"name":"Home","item":"https:\/\/www.miomiorun.com\/de\/"},{"@type":"ListItem","position":2,"name":"Shop","item":"https:\/\/www.miomiorun.com\/shop\/"},{"@type":"ListItem","position":3,"name":"Tech Mesh racer damen"}]},{"@type":"WebSite","@id":"https:\/\/www.miomiorun.com\/de\/#website","url":"https:\/\/www.miomiorun.com\/de\/","name":"MioMioRun","description":"100% Lauf- und Trailshop","publisher":{"@id":"https:\/\/www.miomiorun.com\/de\/#organization"},"potentialAction":[{"@type":"SearchAction","target":{"@type":"EntryPoint","urlTemplate":"https:\/\/www.miomiorun.com\/de\/?s={search_term_string}"},"query-input":{"@type":"PropertyValueSpecification","valueRequired":true,"valueName":"search_term_string"}}],"inLanguage":"de-DE"},{"@type":"Organization","@id":"https:\/\/www.miomiorun.com\/de\/#organization","name":"MioMio Run","url":"https:\/\/www.miomiorun.com\/de\/","logo":{"@type":"ImageObject","inLanguage":"de-DE","@id":"https:\/\/www.miomiorun.com\/de\/#\/schema\/logo\/image\/","url":"https:\/\/www.miomiorun.com\/app\/uploads\/2019\/12\/logomio.png","contentUrl":"https:\/\/www.miomiorun.com\/app\/uploads\/2019\/12\/logomio.png","width":115,"height":82,"caption":"MioMio Run"},"image":{"@id":"https:\/\/www.miomiorun.com\/de\/#\/schema\/logo\/image\/"},"sameAs":["https:\/\/www.facebook.com\/miomiorun\/","https:\/\/www.instagram.com\/miomiorun\/"]}]}},"_links":{"self":[{"href":"https:\/\/www.miomiorun.com\/de\/wp-json\/wp\/v2\/product\/433964","targetHints":{"allow":["GET"]}}],"collection":[{"href":"https:\/\/www.miomiorun.com\/de\/wp-json\/wp\/v2\/product"}],"about":[{"href":"https:\/\/www.miomiorun.com\/de\/wp-json\/wp\/v2\/types\/product"}],"wp:featuredmedia":[{"embeddable":true,"href":"https:\/\/www.miomiorun.com\/de\/wp-json\/wp\/v2\/media\/434006"}],"wp:attachment":[{"href":"https:\/\/www.miomiorun.com\/de\/wp-json\/wp\/v2\/media?parent=433964"}],"wp:term":[{"taxonomy":"product_brand","embeddable":true,"href":"https:\/\/www.miomiorun.com\/de\/wp-json\/wp\/v2\/product_brand?post=433964"},{"taxonomy":"product_cat","embeddable":true,"href":"https:\/\/www.miomiorun.com\/de\/wp-json\/wp\/v2\/product_cat?post=433964"},{"taxonomy":"product_tag","embeddable":true,"href":"https:\/\/www.miomiorun.com\/de\/wp-json\/wp\/v2\/product_tag?post=433964"}],"curies":[{"name":"wp","href":"https:\/\/api.w.org\/{rel}","templated":true}]}}