{"id":433909,"date":"2026-04-21T17:44:08","date_gmt":"2026-04-21T15:44:08","guid":{"rendered":"https:\/\/www.miomiorun.com\/?post_type=product&#038;p=433909"},"modified":"2026-05-04T18:33:50","modified_gmt":"2026-05-04T16:33:50","slug":"vanish-woven-5in-damen","status":"publish","type":"product","link":"https:\/\/www.miomiorun.com\/de\/produkt\/vanish-woven-5in-damen\/","title":{"rendered":"Vanish Woven 5in damen"},"content":{"rendered":"<p data-start=\"0\" data-end=\"388\">Die <span class=\"hover:entity-accent entity-underline inline cursor-pointer align-baseline\"><span class=\"whitespace-normal\">Under Armour<\/span><\/span> UA Vanish Woven Damen-Shorts mit einer Beinl\u00e4nge von 12 cm wurden entwickelt, um bei jedem Training <strong data-start=\"139\" data-end=\"161\">maximale Frische<\/strong>, <strong data-start=\"163\" data-end=\"177\">Leichtigkeit<\/strong> und <strong data-start=\"180\" data-end=\"204\">konstante Leistung<\/strong> zu bieten. Sie bestehen aus einem der <strong data-start=\"266\" data-end=\"292\">schnellsttrocknenden<\/strong> Materialien und sorgen daf\u00fcr, dass die Haut trocken bleibt und du dich auch bei den intensivsten Trainingseinheiten voll konzentrieren kannst.<\/p>\n<p data-start=\"390\" data-end=\"438\">Die technische Konstruktion ist so ausgelegt, dass sie Folgendes gew\u00e4hrleistet:<\/p>\n<ul data-start=\"439\" data-end=\"668\">\n<li data-section-id=\"63q40t\" data-start=\"439\" data-end=\"525\"><strong data-start=\"441\" data-end=\"483\">Nat\u00fcrliche und uneingeschr\u00e4nkte Bewegungsfreiheit<\/strong> dank des leichten Stretchmaterials<\/li>\n<li data-section-id=\"1kb6gc\" data-start=\"526\" data-end=\"613\"><strong data-start=\"528\" data-end=\"572\">Schnelle Trocknung und Schwei\u00dfregulierung<\/strong> f\u00fcr ein dauerhaft angenehmes Tragegef\u00fchl<\/li>\n<li data-section-id=\"1mchc35\" data-start=\"614\" data-end=\"668\"><strong data-start=\"616\" data-end=\"636\">Maximale Bewegungsfreiheit<\/strong> dank 4-Wege-Stretch<\/li>\n<\/ul>\n<p data-start=\"670\" data-end=\"1111\">Der <strong data-start=\"673\" data-end=\"699\">integrierte Innenslip<\/strong> sorgt f\u00fcr Bedeckung und Halt, w\u00e4hrend das <strong data-start=\"740\" data-end=\"777\">sichtbare Gummiband an der Taille mit Logo<\/strong> f\u00fcr einen festen Sitz und einen unverwechselbaren Look sorgt. Die <strong data-start=\"834\" data-end=\"863\">offenen Eingrifftaschen<\/strong> sorgen f\u00fcr zus\u00e4tzliche Funktionalit\u00e4t, w\u00e4hrend der <strong data-start=\"895\" data-end=\"933\">geformte Saum mit Seitenschlitzen<\/strong> und die abgerundete Naht am R\u00fccken die Passform verbessern und die Silhouette betonen. Das Hauptmaterial besteht zu mindestens 80 % aus recyceltem Polyester.<\/p>\n","protected":false},"excerpt":{"rendered":"<ul>\n<li data-section-id=\"1pbsg10\" data-start=\"1325\" data-end=\"1412\"><strong data-start=\"1327\" data-end=\"1378\">Leichter, in vier Richtungen elastischer Stoff<\/strong> f\u00fcr fl\u00fcssige und nat\u00fcrliche Bewegungen<\/li>\n<li data-section-id=\"14uqo29\" data-start=\"1413\" data-end=\"1491\"><strong data-start=\"1415\" data-end=\"1459\">Schnelle Trocknung und Schwei\u00dfregulierung<\/strong>, damit die Haut frisch bleibt<\/li>\n<li data-section-id=\"1hh9o0c\" data-start=\"1492\" data-end=\"1574\" data-is-last-node=\"\"><strong data-start=\"1494\" data-end=\"1528\">Innenh\u00f6schen und figurbetontes Design<\/strong> f\u00fcr Komfort, optimale Abdeckung und Passform<\/li>\n<\/ul>\n","protected":false},"featured_media":433937,"template":"","meta":{"_acf_changed":false,"inline_featured_image":false},"product_brand":[],"product_cat":[6401,6488],"product_tag":[20482,20495],"class_list":{"0":"post-433909","1":"product","2":"type-product","3":"status-publish","4":"has-post-thumbnail","6":"product_cat-damenbekleidung","7":"product_cat-damenshorts-de","8":"product_tag-under-armour-de","9":"product_tag-under-armour-damen","10":"pa_attivita-fitness-de","11":"pa_attivita-running-de","12":"pa_colore-vanish-woven-5in-ultimate","13":"pa_marca-under-armour-de","14":"pa_sesso-damen","15":"pa_size-extra-small-de","16":"pa_size-small-de","17":"pa_size-medium-de","18":"pa_size-large-de","20":"first","21":"instock","22":"sale","23":"taxable","24":"shipping-taxable","25":"purchasable","26":"product-type-variable","27":"wvs-archive-product-wrapper"},"acf":[],"yoast_head":"<!-- This site is optimized with the Yoast SEO plugin v26.8 - https:\/\/yoast.com\/product\/yoast-seo-wordpress\/ -->\n<title>Under Armour Vanish Woven 5in damen - Damen-Shorts - MioMioRun<\/title>\n<meta name=\"description\" content=\"Ultraleichte, schnell trocknende Laufshorts, die f\u00fcr Frische, Komfort und Bewegungsfreiheit bei jedem Training entwickelt wurden.\" \/>\n<meta name=\"robots\" content=\"index, follow, max-snippet:-1, max-image-preview:large, max-video-preview:-1\" \/>\n<link rel=\"canonical\" href=\"https:\/\/www.miomiorun.com\/de\/produkt\/vanish-woven-5in-damen\/\" \/>\n<meta property=\"og:locale\" content=\"de_DE\" \/>\n<meta property=\"og:type\" content=\"article\" \/>\n<meta property=\"og:title\" content=\"Under Armour Vanish Woven 5in damen - Damen-Shorts - MioMioRun\" \/>\n<meta property=\"og:description\" content=\"Ultraleichte, schnell trocknende Laufshorts, die f\u00fcr Frische, Komfort und Bewegungsfreiheit bei jedem Training entwickelt wurden.\" \/>\n<meta property=\"og:url\" content=\"https:\/\/www.miomiorun.com\/de\/produkt\/vanish-woven-5in-damen\/\" \/>\n<meta property=\"og:site_name\" content=\"MioMioRun\" \/>\n<meta property=\"article:publisher\" content=\"https:\/\/www.facebook.com\/miomiorun\/\" \/>\n<meta property=\"article:modified_time\" content=\"2026-05-04T16:33:50+00:00\" \/>\n<meta property=\"og:image\" content=\"https:\/\/www.miomiorun.com\/app\/uploads\/2026\/04\/under-armor-Vanish-Woven-5in-ultimate-6009966-0008-fronte.webp\" \/>\n\t<meta property=\"og:image:width\" content=\"720\" \/>\n\t<meta property=\"og:image:height\" content=\"720\" \/>\n\t<meta property=\"og:image:type\" content=\"image\/webp\" \/>\n<meta name=\"twitter:card\" content=\"summary_large_image\" \/>\n<meta name=\"twitter:label1\" content=\"Est. reading time\" \/>\n\t<meta name=\"twitter:data1\" content=\"2 minutes\" \/>\n<script type=\"application\/ld+json\" class=\"yoast-schema-graph\">{\"@context\":\"https:\/\/schema.org\",\"@graph\":[{\"@type\":\"WebPage\",\"@id\":\"https:\/\/www.miomiorun.com\/de\/produkt\/vanish-woven-5in-damen\/\",\"url\":\"https:\/\/www.miomiorun.com\/de\/produkt\/vanish-woven-5in-damen\/\",\"name\":\"Under Armour Vanish Woven 5in damen - Damen-Shorts - MioMioRun\",\"isPartOf\":{\"@id\":\"https:\/\/www.miomiorun.com\/de\/#website\"},\"primaryImageOfPage\":{\"@id\":\"https:\/\/www.miomiorun.com\/de\/produkt\/vanish-woven-5in-damen\/#primaryimage\"},\"image\":{\"@id\":\"https:\/\/www.miomiorun.com\/de\/produkt\/vanish-woven-5in-damen\/#primaryimage\"},\"thumbnailUrl\":\"https:\/\/www.miomiorun.com\/app\/uploads\/2026\/04\/under-armor-Vanish-Woven-5in-ultimate-6009966-0008-fronte.webp\",\"datePublished\":\"2026-04-21T15:44:08+00:00\",\"dateModified\":\"2026-05-04T16:33:50+00:00\",\"description\":\"Ultraleichte, schnell trocknende Laufshorts, die f\u00fcr Frische, Komfort und Bewegungsfreiheit bei jedem Training entwickelt wurden.\",\"breadcrumb\":{\"@id\":\"https:\/\/www.miomiorun.com\/de\/produkt\/vanish-woven-5in-damen\/#breadcrumb\"},\"inLanguage\":\"de-DE\",\"potentialAction\":[{\"@type\":\"ReadAction\",\"target\":[\"https:\/\/www.miomiorun.com\/de\/produkt\/vanish-woven-5in-damen\/\"]}]},{\"@type\":\"ImageObject\",\"inLanguage\":\"de-DE\",\"@id\":\"https:\/\/www.miomiorun.com\/de\/produkt\/vanish-woven-5in-damen\/#primaryimage\",\"url\":\"https:\/\/www.miomiorun.com\/app\/uploads\/2026\/04\/under-armor-Vanish-Woven-5in-ultimate-6009966-0008-fronte.webp\",\"contentUrl\":\"https:\/\/www.miomiorun.com\/app\/uploads\/2026\/04\/under-armor-Vanish-Woven-5in-ultimate-6009966-0008-fronte.webp\",\"width\":720,\"height\":720,\"caption\":\"under armor Vanish Woven 5in ultimate 6009966-0008 fronte\"},{\"@type\":\"BreadcrumbList\",\"@id\":\"https:\/\/www.miomiorun.com\/de\/produkt\/vanish-woven-5in-damen\/#breadcrumb\",\"itemListElement\":[{\"@type\":\"ListItem\",\"position\":1,\"name\":\"Home\",\"item\":\"https:\/\/www.miomiorun.com\/de\/\"},{\"@type\":\"ListItem\",\"position\":2,\"name\":\"Shop\",\"item\":\"https:\/\/www.miomiorun.com\/shop\/\"},{\"@type\":\"ListItem\",\"position\":3,\"name\":\"Vanish Woven 5in damen\"}]},{\"@type\":\"WebSite\",\"@id\":\"https:\/\/www.miomiorun.com\/de\/#website\",\"url\":\"https:\/\/www.miomiorun.com\/de\/\",\"name\":\"MioMioRun\",\"description\":\"100% Lauf- und Trailshop\",\"publisher\":{\"@id\":\"https:\/\/www.miomiorun.com\/de\/#organization\"},\"potentialAction\":[{\"@type\":\"SearchAction\",\"target\":{\"@type\":\"EntryPoint\",\"urlTemplate\":\"https:\/\/www.miomiorun.com\/de\/?s={search_term_string}\"},\"query-input\":{\"@type\":\"PropertyValueSpecification\",\"valueRequired\":true,\"valueName\":\"search_term_string\"}}],\"inLanguage\":\"de-DE\"},{\"@type\":\"Organization\",\"@id\":\"https:\/\/www.miomiorun.com\/de\/#organization\",\"name\":\"MioMio Run\",\"url\":\"https:\/\/www.miomiorun.com\/de\/\",\"logo\":{\"@type\":\"ImageObject\",\"inLanguage\":\"de-DE\",\"@id\":\"https:\/\/www.miomiorun.com\/de\/#\/schema\/logo\/image\/\",\"url\":\"https:\/\/www.miomiorun.com\/app\/uploads\/2019\/12\/logomio.png\",\"contentUrl\":\"https:\/\/www.miomiorun.com\/app\/uploads\/2019\/12\/logomio.png\",\"width\":115,\"height\":82,\"caption\":\"MioMio Run\"},\"image\":{\"@id\":\"https:\/\/www.miomiorun.com\/de\/#\/schema\/logo\/image\/\"},\"sameAs\":[\"https:\/\/www.facebook.com\/miomiorun\/\",\"https:\/\/www.instagram.com\/miomiorun\/\"]}]}<\/script>\n<!-- \/ Yoast SEO plugin. -->","yoast_head_json":{"title":"Under Armour Vanish Woven 5in damen - Damen-Shorts - MioMioRun","description":"Ultraleichte, schnell trocknende Laufshorts, die f\u00fcr Frische, Komfort und Bewegungsfreiheit bei jedem Training entwickelt wurden.","robots":{"index":"index","follow":"follow","max-snippet":"max-snippet:-1","max-image-preview":"max-image-preview:large","max-video-preview":"max-video-preview:-1"},"canonical":"https:\/\/www.miomiorun.com\/de\/produkt\/vanish-woven-5in-damen\/","og_locale":"de_DE","og_type":"article","og_title":"Under Armour Vanish Woven 5in damen - Damen-Shorts - MioMioRun","og_description":"Ultraleichte, schnell trocknende Laufshorts, die f\u00fcr Frische, Komfort und Bewegungsfreiheit bei jedem Training entwickelt wurden.","og_url":"https:\/\/www.miomiorun.com\/de\/produkt\/vanish-woven-5in-damen\/","og_site_name":"MioMioRun","article_publisher":"https:\/\/www.facebook.com\/miomiorun\/","article_modified_time":"2026-05-04T16:33:50+00:00","og_image":[{"width":720,"height":720,"url":"https:\/\/www.miomiorun.com\/app\/uploads\/2026\/04\/under-armor-Vanish-Woven-5in-ultimate-6009966-0008-fronte.webp","type":"image\/webp"}],"twitter_card":"summary_large_image","twitter_misc":{"Est. reading time":"2 minutes"},"schema":{"@context":"https:\/\/schema.org","@graph":[{"@type":"WebPage","@id":"https:\/\/www.miomiorun.com\/de\/produkt\/vanish-woven-5in-damen\/","url":"https:\/\/www.miomiorun.com\/de\/produkt\/vanish-woven-5in-damen\/","name":"Under Armour Vanish Woven 5in damen - Damen-Shorts - MioMioRun","isPartOf":{"@id":"https:\/\/www.miomiorun.com\/de\/#website"},"primaryImageOfPage":{"@id":"https:\/\/www.miomiorun.com\/de\/produkt\/vanish-woven-5in-damen\/#primaryimage"},"image":{"@id":"https:\/\/www.miomiorun.com\/de\/produkt\/vanish-woven-5in-damen\/#primaryimage"},"thumbnailUrl":"https:\/\/www.miomiorun.com\/app\/uploads\/2026\/04\/under-armor-Vanish-Woven-5in-ultimate-6009966-0008-fronte.webp","datePublished":"2026-04-21T15:44:08+00:00","dateModified":"2026-05-04T16:33:50+00:00","description":"Ultraleichte, schnell trocknende Laufshorts, die f\u00fcr Frische, Komfort und Bewegungsfreiheit bei jedem Training entwickelt wurden.","breadcrumb":{"@id":"https:\/\/www.miomiorun.com\/de\/produkt\/vanish-woven-5in-damen\/#breadcrumb"},"inLanguage":"de-DE","potentialAction":[{"@type":"ReadAction","target":["https:\/\/www.miomiorun.com\/de\/produkt\/vanish-woven-5in-damen\/"]}]},{"@type":"ImageObject","inLanguage":"de-DE","@id":"https:\/\/www.miomiorun.com\/de\/produkt\/vanish-woven-5in-damen\/#primaryimage","url":"https:\/\/www.miomiorun.com\/app\/uploads\/2026\/04\/under-armor-Vanish-Woven-5in-ultimate-6009966-0008-fronte.webp","contentUrl":"https:\/\/www.miomiorun.com\/app\/uploads\/2026\/04\/under-armor-Vanish-Woven-5in-ultimate-6009966-0008-fronte.webp","width":720,"height":720,"caption":"under armor Vanish Woven 5in ultimate 6009966-0008 fronte"},{"@type":"BreadcrumbList","@id":"https:\/\/www.miomiorun.com\/de\/produkt\/vanish-woven-5in-damen\/#breadcrumb","itemListElement":[{"@type":"ListItem","position":1,"name":"Home","item":"https:\/\/www.miomiorun.com\/de\/"},{"@type":"ListItem","position":2,"name":"Shop","item":"https:\/\/www.miomiorun.com\/shop\/"},{"@type":"ListItem","position":3,"name":"Vanish Woven 5in damen"}]},{"@type":"WebSite","@id":"https:\/\/www.miomiorun.com\/de\/#website","url":"https:\/\/www.miomiorun.com\/de\/","name":"MioMioRun","description":"100% Lauf- und Trailshop","publisher":{"@id":"https:\/\/www.miomiorun.com\/de\/#organization"},"potentialAction":[{"@type":"SearchAction","target":{"@type":"EntryPoint","urlTemplate":"https:\/\/www.miomiorun.com\/de\/?s={search_term_string}"},"query-input":{"@type":"PropertyValueSpecification","valueRequired":true,"valueName":"search_term_string"}}],"inLanguage":"de-DE"},{"@type":"Organization","@id":"https:\/\/www.miomiorun.com\/de\/#organization","name":"MioMio Run","url":"https:\/\/www.miomiorun.com\/de\/","logo":{"@type":"ImageObject","inLanguage":"de-DE","@id":"https:\/\/www.miomiorun.com\/de\/#\/schema\/logo\/image\/","url":"https:\/\/www.miomiorun.com\/app\/uploads\/2019\/12\/logomio.png","contentUrl":"https:\/\/www.miomiorun.com\/app\/uploads\/2019\/12\/logomio.png","width":115,"height":82,"caption":"MioMio Run"},"image":{"@id":"https:\/\/www.miomiorun.com\/de\/#\/schema\/logo\/image\/"},"sameAs":["https:\/\/www.facebook.com\/miomiorun\/","https:\/\/www.instagram.com\/miomiorun\/"]}]}},"_links":{"self":[{"href":"https:\/\/www.miomiorun.com\/de\/wp-json\/wp\/v2\/product\/433909","targetHints":{"allow":["GET"]}}],"collection":[{"href":"https:\/\/www.miomiorun.com\/de\/wp-json\/wp\/v2\/product"}],"about":[{"href":"https:\/\/www.miomiorun.com\/de\/wp-json\/wp\/v2\/types\/product"}],"wp:featuredmedia":[{"embeddable":true,"href":"https:\/\/www.miomiorun.com\/de\/wp-json\/wp\/v2\/media\/433937"}],"wp:attachment":[{"href":"https:\/\/www.miomiorun.com\/de\/wp-json\/wp\/v2\/media?parent=433909"}],"wp:term":[{"taxonomy":"product_brand","embeddable":true,"href":"https:\/\/www.miomiorun.com\/de\/wp-json\/wp\/v2\/product_brand?post=433909"},{"taxonomy":"product_cat","embeddable":true,"href":"https:\/\/www.miomiorun.com\/de\/wp-json\/wp\/v2\/product_cat?post=433909"},{"taxonomy":"product_tag","embeddable":true,"href":"https:\/\/www.miomiorun.com\/de\/wp-json\/wp\/v2\/product_tag?post=433909"}],"curies":[{"name":"wp","href":"https:\/\/api.w.org\/{rel}","templated":true}]}}