{"id":433861,"date":"2026-04-21T17:32:04","date_gmt":"2026-04-21T15:32:04","guid":{"rendered":"https:\/\/www.miomiorun.com\/?post_type=product&#038;p=433861"},"modified":"2026-05-04T18:41:56","modified_gmt":"2026-05-04T16:41:56","slug":"velociti-pro-2in1-damen","status":"publish","type":"product","link":"https:\/\/www.miomiorun.com\/de\/produkt\/velociti-pro-2in1-damen\/","title":{"rendered":"Velociti PRO 2in1 damen"},"content":{"rendered":"<p data-start=\"0\" data-end=\"407\">Die 2-in-1-Shorts f\u00fcr Damen <span class=\"hover:entity-accent entity-underline inline cursor-pointer align-baseline\"><span class=\"whitespace-normal\">Under Armour<\/span><\/span> UA Velociti Pro mit 10 cm Beinl\u00e4nge wurden entwickelt, um beim Laufen <strong data-start=\"146\" data-end=\"160\">Leichtigkeit<\/strong>, <strong data-start=\"162\" data-end=\"174\">Halt<\/strong> und <strong data-start=\"177\" data-end=\"209\">maximale Bewegungsfreiheit<\/strong> zu bieten. Sie sind ideal, um auch auf langen Strecken Konzentration und Komfort zu gew\u00e4hrleisten, und kombinieren eine technische Konstruktion mit leistungsstarken Materialien, die jeden Schritt begleiten, ohne zu beschweren.<\/p>\n<p data-start=\"409\" data-end=\"449\">Die Konstruktion ist so ausgelegt, dass sie Folgendes gew\u00e4hrleistet:<\/p>\n<ul data-start=\"450\" data-end=\"669\">\n<li data-section-id=\"12bdaz7\" data-start=\"450\" data-end=\"525\"><strong data-start=\"452\" data-end=\"483\">Fl\u00fcssige und nat\u00fcrliche Bewegungsfreiheit<\/strong> dank des leichten Stretchmaterials<\/li>\n<li data-section-id=\"sxvhq9\" data-start=\"526\" data-end=\"598\"><strong data-start=\"528\" data-end=\"552\">St\u00fctze und Abdeckung<\/strong> mit integrierten Kompressions-Innershorts<\/li>\n<li data-section-id=\"8yayrd\" data-start=\"599\" data-end=\"669\"><strong data-start=\"601\" data-end=\"631\">L\u00e4nger trockene Haut<\/strong> dank schnell trocknender Materialien<\/li>\n<\/ul>\n<p data-start=\"671\" data-end=\"1167\">Die <strong data-start=\"675\" data-end=\"703\">Innen-Shorts aus Strick<\/strong> sorgen f\u00fcr Stabilit\u00e4t und Komfort, w\u00e4hrend der <strong data-start=\"746\" data-end=\"799\">elastische Bund mit \u00e4u\u00dferem Kordelzug<\/strong> eine pr\u00e4zise Anpassung und einen festen Sitz auch bei intensiver Aktivit\u00e4t erm\u00f6glicht. Die <strong data-start=\"896\" data-end=\"917\">funktionalen Taschen<\/strong>, darunter eine R\u00fcckentasche mit Rei\u00dfverschluss und Innentaschen, erm\u00f6glichen es, kleine Gegenst\u00e4nde praktisch mitzuf\u00fchren. Das <strong data-start=\"1033\" data-end=\"1055\">Reflektorband<\/strong> verbessert die Sichtbarkeit bei schlechten Lichtverh\u00e4ltnissen, wodurch sich diese Shorts auch ideal f\u00fcr Ausfahrten am Abend eignen.<\/p>\n","protected":false},"excerpt":{"rendered":"<ul>\n<li data-section-id=\"qvgyku\" data-start=\"1388\" data-end=\"1462\"><strong data-start=\"1390\" data-end=\"1435\">2-in-1-Konstruktion mit integrierter Kompression<\/strong> f\u00fcr Halt und Stabilit\u00e4t<\/li>\n<li data-section-id=\"17nz6fn\" data-start=\"1463\" data-end=\"1557\"><strong data-start=\"1465\" data-end=\"1523\">Leichtes, elastisches und schnell trocknendes Material<\/strong>, das die Haut trocken h\u00e4lt<\/li>\n<li data-section-id=\"db51lk\" data-start=\"1558\" data-end=\"1640\" data-is-last-node=\"\"><strong data-start=\"1560\" data-end=\"1604\">Reflektierende Details und praktische Taschen<\/strong> f\u00fcr mehr Komfort und Sichtbarkeit beim Laufen<\/li>\n<\/ul>\n","protected":false},"featured_media":433896,"template":"","meta":{"_acf_changed":false,"inline_featured_image":false},"product_brand":[],"product_cat":[6400,6401,6488],"product_tag":[20482,20495],"class_list":{"0":"post-433861","1":"product","2":"type-product","3":"status-publish","4":"has-post-thumbnail","6":"product_cat-damen","7":"product_cat-damenbekleidung","8":"product_cat-damenshorts-de","9":"product_tag-under-armour-de","10":"product_tag-under-armour-damen","11":"pa_attivita-running-de","12":"pa_colore-velociti-pro-2in1-w-ultimate","13":"pa_marca-under-armour-de","14":"pa_sesso-damen","15":"pa_size-extra-small-de","16":"pa_size-small-de","17":"pa_size-medium-de","18":"pa_size-large-de","20":"first","21":"instock","22":"sale","23":"taxable","24":"shipping-taxable","25":"purchasable","26":"product-type-variable","27":"wvs-archive-product-wrapper"},"acf":[],"yoast_head":"<!-- This site is optimized with the Yoast SEO plugin v26.8 - https:\/\/yoast.com\/product\/yoast-seo-wordpress\/ -->\n<title>Under Armour Velociti PRO 2in1 damen - Damenrock - MioMioRun<\/title>\n<meta name=\"description\" content=\"Leichte und atmungsaktive 2-in-1-Laufshorts, die entwickelt wurden, um bei jedem Training Halt, lang anhaltenden Komfort und maximale Bewegungsfreiheit zu bieten.\" \/>\n<meta name=\"robots\" content=\"index, follow, max-snippet:-1, max-image-preview:large, max-video-preview:-1\" \/>\n<link rel=\"canonical\" href=\"https:\/\/www.miomiorun.com\/de\/produkt\/velociti-pro-2in1-damen\/\" \/>\n<meta property=\"og:locale\" content=\"de_DE\" \/>\n<meta property=\"og:type\" content=\"article\" \/>\n<meta property=\"og:title\" content=\"Under Armour Velociti PRO 2in1 damen - Damenrock - MioMioRun\" \/>\n<meta property=\"og:description\" content=\"Leichte und atmungsaktive 2-in-1-Laufshorts, die entwickelt wurden, um bei jedem Training Halt, lang anhaltenden Komfort und maximale Bewegungsfreiheit zu bieten.\" \/>\n<meta property=\"og:url\" content=\"https:\/\/www.miomiorun.com\/de\/produkt\/velociti-pro-2in1-damen\/\" \/>\n<meta property=\"og:site_name\" content=\"MioMioRun\" \/>\n<meta property=\"article:publisher\" content=\"https:\/\/www.facebook.com\/miomiorun\/\" \/>\n<meta property=\"article:modified_time\" content=\"2026-05-04T16:41:56+00:00\" \/>\n<meta property=\"og:image\" content=\"https:\/\/www.miomiorun.com\/app\/uploads\/2026\/04\/under-armor-Velociti-PRO-2in1-ultimate-6009610-0008.webp\" \/>\n\t<meta property=\"og:image:width\" content=\"720\" \/>\n\t<meta property=\"og:image:height\" content=\"720\" \/>\n\t<meta property=\"og:image:type\" content=\"image\/webp\" \/>\n<meta name=\"twitter:card\" content=\"summary_large_image\" \/>\n<meta name=\"twitter:label1\" content=\"Est. reading time\" \/>\n\t<meta name=\"twitter:data1\" content=\"2 minutes\" \/>\n<script type=\"application\/ld+json\" class=\"yoast-schema-graph\">{\"@context\":\"https:\/\/schema.org\",\"@graph\":[{\"@type\":\"WebPage\",\"@id\":\"https:\/\/www.miomiorun.com\/de\/produkt\/velociti-pro-2in1-damen\/\",\"url\":\"https:\/\/www.miomiorun.com\/de\/produkt\/velociti-pro-2in1-damen\/\",\"name\":\"Under Armour Velociti PRO 2in1 damen - Damenrock - MioMioRun\",\"isPartOf\":{\"@id\":\"https:\/\/www.miomiorun.com\/de\/#website\"},\"primaryImageOfPage\":{\"@id\":\"https:\/\/www.miomiorun.com\/de\/produkt\/velociti-pro-2in1-damen\/#primaryimage\"},\"image\":{\"@id\":\"https:\/\/www.miomiorun.com\/de\/produkt\/velociti-pro-2in1-damen\/#primaryimage\"},\"thumbnailUrl\":\"https:\/\/www.miomiorun.com\/app\/uploads\/2026\/04\/under-armor-Velociti-PRO-2in1-ultimate-6009610-0008.webp\",\"datePublished\":\"2026-04-21T15:32:04+00:00\",\"dateModified\":\"2026-05-04T16:41:56+00:00\",\"description\":\"Leichte und atmungsaktive 2-in-1-Laufshorts, die entwickelt wurden, um bei jedem Training Halt, lang anhaltenden Komfort und maximale Bewegungsfreiheit zu bieten.\",\"breadcrumb\":{\"@id\":\"https:\/\/www.miomiorun.com\/de\/produkt\/velociti-pro-2in1-damen\/#breadcrumb\"},\"inLanguage\":\"de-DE\",\"potentialAction\":[{\"@type\":\"ReadAction\",\"target\":[\"https:\/\/www.miomiorun.com\/de\/produkt\/velociti-pro-2in1-damen\/\"]}]},{\"@type\":\"ImageObject\",\"inLanguage\":\"de-DE\",\"@id\":\"https:\/\/www.miomiorun.com\/de\/produkt\/velociti-pro-2in1-damen\/#primaryimage\",\"url\":\"https:\/\/www.miomiorun.com\/app\/uploads\/2026\/04\/under-armor-Velociti-PRO-2in1-ultimate-6009610-0008.webp\",\"contentUrl\":\"https:\/\/www.miomiorun.com\/app\/uploads\/2026\/04\/under-armor-Velociti-PRO-2in1-ultimate-6009610-0008.webp\",\"width\":720,\"height\":720,\"caption\":\"under armor Velociti PRO 2in1 ultimate 6009610-0008\"},{\"@type\":\"BreadcrumbList\",\"@id\":\"https:\/\/www.miomiorun.com\/de\/produkt\/velociti-pro-2in1-damen\/#breadcrumb\",\"itemListElement\":[{\"@type\":\"ListItem\",\"position\":1,\"name\":\"Home\",\"item\":\"https:\/\/www.miomiorun.com\/de\/\"},{\"@type\":\"ListItem\",\"position\":2,\"name\":\"Shop\",\"item\":\"https:\/\/www.miomiorun.com\/shop\/\"},{\"@type\":\"ListItem\",\"position\":3,\"name\":\"Velociti PRO 2in1 damen\"}]},{\"@type\":\"WebSite\",\"@id\":\"https:\/\/www.miomiorun.com\/de\/#website\",\"url\":\"https:\/\/www.miomiorun.com\/de\/\",\"name\":\"MioMioRun\",\"description\":\"100% Lauf- und Trailshop\",\"publisher\":{\"@id\":\"https:\/\/www.miomiorun.com\/de\/#organization\"},\"potentialAction\":[{\"@type\":\"SearchAction\",\"target\":{\"@type\":\"EntryPoint\",\"urlTemplate\":\"https:\/\/www.miomiorun.com\/de\/?s={search_term_string}\"},\"query-input\":{\"@type\":\"PropertyValueSpecification\",\"valueRequired\":true,\"valueName\":\"search_term_string\"}}],\"inLanguage\":\"de-DE\"},{\"@type\":\"Organization\",\"@id\":\"https:\/\/www.miomiorun.com\/de\/#organization\",\"name\":\"MioMio Run\",\"url\":\"https:\/\/www.miomiorun.com\/de\/\",\"logo\":{\"@type\":\"ImageObject\",\"inLanguage\":\"de-DE\",\"@id\":\"https:\/\/www.miomiorun.com\/de\/#\/schema\/logo\/image\/\",\"url\":\"https:\/\/www.miomiorun.com\/app\/uploads\/2019\/12\/logomio.png\",\"contentUrl\":\"https:\/\/www.miomiorun.com\/app\/uploads\/2019\/12\/logomio.png\",\"width\":115,\"height\":82,\"caption\":\"MioMio Run\"},\"image\":{\"@id\":\"https:\/\/www.miomiorun.com\/de\/#\/schema\/logo\/image\/\"},\"sameAs\":[\"https:\/\/www.facebook.com\/miomiorun\/\",\"https:\/\/www.instagram.com\/miomiorun\/\"]}]}<\/script>\n<!-- \/ Yoast SEO plugin. -->","yoast_head_json":{"title":"Under Armour Velociti PRO 2in1 damen - Damenrock - MioMioRun","description":"Leichte und atmungsaktive 2-in-1-Laufshorts, die entwickelt wurden, um bei jedem Training Halt, lang anhaltenden Komfort und maximale Bewegungsfreiheit zu bieten.","robots":{"index":"index","follow":"follow","max-snippet":"max-snippet:-1","max-image-preview":"max-image-preview:large","max-video-preview":"max-video-preview:-1"},"canonical":"https:\/\/www.miomiorun.com\/de\/produkt\/velociti-pro-2in1-damen\/","og_locale":"de_DE","og_type":"article","og_title":"Under Armour Velociti PRO 2in1 damen - Damenrock - MioMioRun","og_description":"Leichte und atmungsaktive 2-in-1-Laufshorts, die entwickelt wurden, um bei jedem Training Halt, lang anhaltenden Komfort und maximale Bewegungsfreiheit zu bieten.","og_url":"https:\/\/www.miomiorun.com\/de\/produkt\/velociti-pro-2in1-damen\/","og_site_name":"MioMioRun","article_publisher":"https:\/\/www.facebook.com\/miomiorun\/","article_modified_time":"2026-05-04T16:41:56+00:00","og_image":[{"width":720,"height":720,"url":"https:\/\/www.miomiorun.com\/app\/uploads\/2026\/04\/under-armor-Velociti-PRO-2in1-ultimate-6009610-0008.webp","type":"image\/webp"}],"twitter_card":"summary_large_image","twitter_misc":{"Est. reading time":"2 minutes"},"schema":{"@context":"https:\/\/schema.org","@graph":[{"@type":"WebPage","@id":"https:\/\/www.miomiorun.com\/de\/produkt\/velociti-pro-2in1-damen\/","url":"https:\/\/www.miomiorun.com\/de\/produkt\/velociti-pro-2in1-damen\/","name":"Under Armour Velociti PRO 2in1 damen - Damenrock - MioMioRun","isPartOf":{"@id":"https:\/\/www.miomiorun.com\/de\/#website"},"primaryImageOfPage":{"@id":"https:\/\/www.miomiorun.com\/de\/produkt\/velociti-pro-2in1-damen\/#primaryimage"},"image":{"@id":"https:\/\/www.miomiorun.com\/de\/produkt\/velociti-pro-2in1-damen\/#primaryimage"},"thumbnailUrl":"https:\/\/www.miomiorun.com\/app\/uploads\/2026\/04\/under-armor-Velociti-PRO-2in1-ultimate-6009610-0008.webp","datePublished":"2026-04-21T15:32:04+00:00","dateModified":"2026-05-04T16:41:56+00:00","description":"Leichte und atmungsaktive 2-in-1-Laufshorts, die entwickelt wurden, um bei jedem Training Halt, lang anhaltenden Komfort und maximale Bewegungsfreiheit zu bieten.","breadcrumb":{"@id":"https:\/\/www.miomiorun.com\/de\/produkt\/velociti-pro-2in1-damen\/#breadcrumb"},"inLanguage":"de-DE","potentialAction":[{"@type":"ReadAction","target":["https:\/\/www.miomiorun.com\/de\/produkt\/velociti-pro-2in1-damen\/"]}]},{"@type":"ImageObject","inLanguage":"de-DE","@id":"https:\/\/www.miomiorun.com\/de\/produkt\/velociti-pro-2in1-damen\/#primaryimage","url":"https:\/\/www.miomiorun.com\/app\/uploads\/2026\/04\/under-armor-Velociti-PRO-2in1-ultimate-6009610-0008.webp","contentUrl":"https:\/\/www.miomiorun.com\/app\/uploads\/2026\/04\/under-armor-Velociti-PRO-2in1-ultimate-6009610-0008.webp","width":720,"height":720,"caption":"under armor Velociti PRO 2in1 ultimate 6009610-0008"},{"@type":"BreadcrumbList","@id":"https:\/\/www.miomiorun.com\/de\/produkt\/velociti-pro-2in1-damen\/#breadcrumb","itemListElement":[{"@type":"ListItem","position":1,"name":"Home","item":"https:\/\/www.miomiorun.com\/de\/"},{"@type":"ListItem","position":2,"name":"Shop","item":"https:\/\/www.miomiorun.com\/shop\/"},{"@type":"ListItem","position":3,"name":"Velociti PRO 2in1 damen"}]},{"@type":"WebSite","@id":"https:\/\/www.miomiorun.com\/de\/#website","url":"https:\/\/www.miomiorun.com\/de\/","name":"MioMioRun","description":"100% Lauf- und Trailshop","publisher":{"@id":"https:\/\/www.miomiorun.com\/de\/#organization"},"potentialAction":[{"@type":"SearchAction","target":{"@type":"EntryPoint","urlTemplate":"https:\/\/www.miomiorun.com\/de\/?s={search_term_string}"},"query-input":{"@type":"PropertyValueSpecification","valueRequired":true,"valueName":"search_term_string"}}],"inLanguage":"de-DE"},{"@type":"Organization","@id":"https:\/\/www.miomiorun.com\/de\/#organization","name":"MioMio Run","url":"https:\/\/www.miomiorun.com\/de\/","logo":{"@type":"ImageObject","inLanguage":"de-DE","@id":"https:\/\/www.miomiorun.com\/de\/#\/schema\/logo\/image\/","url":"https:\/\/www.miomiorun.com\/app\/uploads\/2019\/12\/logomio.png","contentUrl":"https:\/\/www.miomiorun.com\/app\/uploads\/2019\/12\/logomio.png","width":115,"height":82,"caption":"MioMio Run"},"image":{"@id":"https:\/\/www.miomiorun.com\/de\/#\/schema\/logo\/image\/"},"sameAs":["https:\/\/www.facebook.com\/miomiorun\/","https:\/\/www.instagram.com\/miomiorun\/"]}]}},"_links":{"self":[{"href":"https:\/\/www.miomiorun.com\/de\/wp-json\/wp\/v2\/product\/433861","targetHints":{"allow":["GET"]}}],"collection":[{"href":"https:\/\/www.miomiorun.com\/de\/wp-json\/wp\/v2\/product"}],"about":[{"href":"https:\/\/www.miomiorun.com\/de\/wp-json\/wp\/v2\/types\/product"}],"wp:featuredmedia":[{"embeddable":true,"href":"https:\/\/www.miomiorun.com\/de\/wp-json\/wp\/v2\/media\/433896"}],"wp:attachment":[{"href":"https:\/\/www.miomiorun.com\/de\/wp-json\/wp\/v2\/media?parent=433861"}],"wp:term":[{"taxonomy":"product_brand","embeddable":true,"href":"https:\/\/www.miomiorun.com\/de\/wp-json\/wp\/v2\/product_brand?post=433861"},{"taxonomy":"product_cat","embeddable":true,"href":"https:\/\/www.miomiorun.com\/de\/wp-json\/wp\/v2\/product_cat?post=433861"},{"taxonomy":"product_tag","embeddable":true,"href":"https:\/\/www.miomiorun.com\/de\/wp-json\/wp\/v2\/product_tag?post=433861"}],"curies":[{"name":"wp","href":"https:\/\/api.w.org\/{rel}","templated":true}]}}