{"id":433804,"date":"2026-04-21T17:23:26","date_gmt":"2026-04-21T15:23:26","guid":{"rendered":"https:\/\/www.miomiorun.com\/?post_type=product&#038;p=433804"},"modified":"2026-05-04T18:44:17","modified_gmt":"2026-05-04T16:44:17","slug":"velociti-pro-storm-damen","status":"publish","type":"product","link":"https:\/\/www.miomiorun.com\/de\/produkt\/velociti-pro-storm-damen\/","title":{"rendered":"Velociti PRO Storm damen"},"content":{"rendered":"<p data-start=\"0\" data-end=\"356\">Die Damenjacke <span class=\"hover:entity-accent entity-underline inline cursor-pointer align-baseline\"><span class=\"whitespace-normal\">Under Armour<\/span><\/span> UA Velociti Pro Storm wurde entwickelt, um beim Laufen <strong data-start=\"132\" data-end=\"171\">Wetterschutz<\/strong>, <strong data-start=\"173\" data-end=\"187\">Leichtigkeit<\/strong> und <strong data-start=\"190\" data-end=\"208\">Atmungsaktivit\u00e4t<\/strong> zu bieten. Sie ist ideal bei unbest\u00e4ndigem Wetter und kombiniert technische Materialien mit funktionalen Details, damit du ungest\u00f6rt trainieren kannst.<\/p>\n<p data-start=\"358\" data-end=\"396\">Die Konstruktion ist so ausgelegt, dass sie Folgendes gew\u00e4hrleistet:<\/p>\n<ul data-start=\"397\" data-end=\"622\">\n<li data-section-id=\"1ihndsf\" data-start=\"397\" data-end=\"480\"><strong data-start=\"399\" data-end=\"427\">Regenschutz<\/strong> dank der wasserabweisenden <strong data-start=\"451\" data-end=\"478\">UA Storm-Technologie<\/strong><\/li>\n<li data-section-id=\"75wj5r\" data-start=\"481\" data-end=\"557\"><strong data-start=\"483\" data-end=\"514\">Absolute Bewegungsfreiheit<\/strong> dank 4-Wege-Stretchmaterial<\/li>\n<li data-section-id=\"17uw08h\" data-start=\"558\" data-end=\"622\"><strong data-start=\"560\" data-end=\"585\">Optimale Bel\u00fcftung<\/strong> durch \u00d6ffnungen an der Vorder- und R\u00fcckseite<\/li>\n<\/ul>\n<p data-start=\"624\" data-end=\"1182\">Die <strong data-start=\"627\" data-end=\"664\">verstellbare Kapuze mit Kordelzug<\/strong> sorgt auch beim Laufen f\u00fcr einen festen Sitz und verhindert st\u00f6rende Bewegungen. Die <strong data-start=\"756\" data-end=\"774\">Rei\u00dfverschlusstaschen<\/strong> bieten Sicherheit f\u00fcr pers\u00f6nliche Gegenst\u00e4nde, w\u00e4hrend die spezielle Innentasche Platz f\u00fcr Ger\u00e4te wie Smartphones oder Multimedia-Player bietet. Die <strong data-start=\"935\" data-end=\"959\">elastischen B\u00fcndchen<\/strong> an \u00c4rmeln, Saum und Kapuze verbessern den Sitz und den Komfort, w\u00e4hrend die <strong data-start=\"1034\" data-end=\"1058\">reflektierenden Details<\/strong> die Sichtbarkeit bei schlechten Lichtverh\u00e4ltnissen erh\u00f6hen. Die wasserabweisende Impr\u00e4gnierung ist zudem <strong data-start=\"1162\" data-end=\"1181\">fluorfrei<\/strong>.<\/p>\n","protected":false},"excerpt":{"rendered":"<ul>\n<li data-section-id=\"1lw0dbz\" data-start=\"1409\" data-end=\"1517\"><strong data-start=\"1411\" data-end=\"1449\">Wasserabweisende UA Storm-Technologie<\/strong> f\u00fcr Schutz vor Regen, ohne auf Atmungsaktivit\u00e4t zu verzichten<\/li>\n<li data-section-id=\"1wgoy9q\" data-start=\"1518\" data-end=\"1616\"><strong data-start=\"1520\" data-end=\"1585\">4-Wege-Stretchmaterial und integrierte Bel\u00fcftung<\/strong> f\u00fcr maximalen Komfort beim Laufen<\/li>\n<li data-section-id=\"9zjzdd\" data-start=\"1617\" data-end=\"1708\" data-is-last-node=\"\"><strong data-start=\"1619\" data-end=\"1682\">Verstellbare Kapuze, Rei\u00dfverschlusstaschen und reflektierende Details<\/strong> f\u00fcr Komfort und Sicherheit<\/li>\n<\/ul>\n","protected":false},"featured_media":433846,"template":"","meta":{"_acf_changed":false,"inline_featured_image":false},"product_brand":[],"product_cat":[6401,6404],"product_tag":[20482,20495],"class_list":{"0":"post-433804","1":"product","2":"type-product","3":"status-publish","4":"has-post-thumbnail","6":"product_cat-damenbekleidung","7":"product_cat-damenjacken","8":"product_tag-under-armour-de","9":"product_tag-under-armour-damen","10":"pa_attivita-gehen","11":"pa_attivita-running-de","12":"pa_colore-velociti-pro-storm-w-refresh","13":"pa_marca-under-armour-de","14":"pa_sesso-damen","15":"pa_size-extra-small-de","16":"pa_size-small-de","17":"pa_size-medium-de","19":"first","20":"instock","21":"sale","22":"taxable","23":"shipping-taxable","24":"purchasable","25":"product-type-variable","26":"wvs-archive-product-wrapper"},"acf":[],"yoast_head":"<!-- This site is optimized with the Yoast SEO plugin v26.8 - https:\/\/yoast.com\/product\/yoast-seo-wordpress\/ -->\n<title>Under Amour Velociti PRO Storm damen - Laufjacke - MioMioRun<\/title>\n<meta name=\"description\" content=\"Leicht und wasserabweisend, entwickelt, um auch bei wechselhaftem Wetter Schutz, Atmungsaktivit\u00e4t und Bewegungsfreiheit zu bieten\" \/>\n<meta name=\"robots\" content=\"index, follow, max-snippet:-1, max-image-preview:large, max-video-preview:-1\" \/>\n<link rel=\"canonical\" href=\"https:\/\/www.miomiorun.com\/de\/produkt\/velociti-pro-storm-damen\/\" \/>\n<meta property=\"og:locale\" content=\"de_DE\" \/>\n<meta property=\"og:type\" content=\"article\" \/>\n<meta property=\"og:title\" content=\"Under Amour Velociti PRO Storm damen - Laufjacke - MioMioRun\" \/>\n<meta property=\"og:description\" content=\"Leicht und wasserabweisend, entwickelt, um auch bei wechselhaftem Wetter Schutz, Atmungsaktivit\u00e4t und Bewegungsfreiheit zu bieten\" \/>\n<meta property=\"og:url\" content=\"https:\/\/www.miomiorun.com\/de\/produkt\/velociti-pro-storm-damen\/\" \/>\n<meta property=\"og:site_name\" content=\"MioMioRun\" \/>\n<meta property=\"article:publisher\" content=\"https:\/\/www.facebook.com\/miomiorun\/\" \/>\n<meta property=\"article:modified_time\" content=\"2026-05-04T16:44:17+00:00\" \/>\n<meta property=\"og:image\" content=\"https:\/\/www.miomiorun.com\/app\/uploads\/2026\/04\/under-armor-Velociti-PRO-Storm-W-refresh-6009542-0703.webp\" \/>\n\t<meta property=\"og:image:width\" content=\"720\" \/>\n\t<meta property=\"og:image:height\" content=\"720\" \/>\n\t<meta property=\"og:image:type\" content=\"image\/webp\" \/>\n<meta name=\"twitter:card\" content=\"summary_large_image\" \/>\n<meta name=\"twitter:label1\" content=\"Est. reading time\" \/>\n\t<meta name=\"twitter:data1\" content=\"1 minute\" \/>\n<script type=\"application\/ld+json\" class=\"yoast-schema-graph\">{\"@context\":\"https:\/\/schema.org\",\"@graph\":[{\"@type\":\"WebPage\",\"@id\":\"https:\/\/www.miomiorun.com\/de\/produkt\/velociti-pro-storm-damen\/\",\"url\":\"https:\/\/www.miomiorun.com\/de\/produkt\/velociti-pro-storm-damen\/\",\"name\":\"Under Amour Velociti PRO Storm damen - Laufjacke - MioMioRun\",\"isPartOf\":{\"@id\":\"https:\/\/www.miomiorun.com\/de\/#website\"},\"primaryImageOfPage\":{\"@id\":\"https:\/\/www.miomiorun.com\/de\/produkt\/velociti-pro-storm-damen\/#primaryimage\"},\"image\":{\"@id\":\"https:\/\/www.miomiorun.com\/de\/produkt\/velociti-pro-storm-damen\/#primaryimage\"},\"thumbnailUrl\":\"https:\/\/www.miomiorun.com\/app\/uploads\/2026\/04\/under-armor-Velociti-PRO-Storm-W-refresh-6009542-0703.webp\",\"datePublished\":\"2026-04-21T15:23:26+00:00\",\"dateModified\":\"2026-05-04T16:44:17+00:00\",\"description\":\"Leicht und wasserabweisend, entwickelt, um auch bei wechselhaftem Wetter Schutz, Atmungsaktivit\u00e4t und Bewegungsfreiheit zu bieten\",\"breadcrumb\":{\"@id\":\"https:\/\/www.miomiorun.com\/de\/produkt\/velociti-pro-storm-damen\/#breadcrumb\"},\"inLanguage\":\"de-DE\",\"potentialAction\":[{\"@type\":\"ReadAction\",\"target\":[\"https:\/\/www.miomiorun.com\/de\/produkt\/velociti-pro-storm-damen\/\"]}]},{\"@type\":\"ImageObject\",\"inLanguage\":\"de-DE\",\"@id\":\"https:\/\/www.miomiorun.com\/de\/produkt\/velociti-pro-storm-damen\/#primaryimage\",\"url\":\"https:\/\/www.miomiorun.com\/app\/uploads\/2026\/04\/under-armor-Velociti-PRO-Storm-W-refresh-6009542-0703.webp\",\"contentUrl\":\"https:\/\/www.miomiorun.com\/app\/uploads\/2026\/04\/under-armor-Velociti-PRO-Storm-W-refresh-6009542-0703.webp\",\"width\":720,\"height\":720,\"caption\":\"under armor Velociti PRO Storm W refresh 6009542-0703\"},{\"@type\":\"BreadcrumbList\",\"@id\":\"https:\/\/www.miomiorun.com\/de\/produkt\/velociti-pro-storm-damen\/#breadcrumb\",\"itemListElement\":[{\"@type\":\"ListItem\",\"position\":1,\"name\":\"Home\",\"item\":\"https:\/\/www.miomiorun.com\/de\/\"},{\"@type\":\"ListItem\",\"position\":2,\"name\":\"Shop\",\"item\":\"https:\/\/www.miomiorun.com\/shop\/\"},{\"@type\":\"ListItem\",\"position\":3,\"name\":\"Velociti PRO Storm damen\"}]},{\"@type\":\"WebSite\",\"@id\":\"https:\/\/www.miomiorun.com\/de\/#website\",\"url\":\"https:\/\/www.miomiorun.com\/de\/\",\"name\":\"MioMioRun\",\"description\":\"100% Lauf- und Trailshop\",\"publisher\":{\"@id\":\"https:\/\/www.miomiorun.com\/de\/#organization\"},\"potentialAction\":[{\"@type\":\"SearchAction\",\"target\":{\"@type\":\"EntryPoint\",\"urlTemplate\":\"https:\/\/www.miomiorun.com\/de\/?s={search_term_string}\"},\"query-input\":{\"@type\":\"PropertyValueSpecification\",\"valueRequired\":true,\"valueName\":\"search_term_string\"}}],\"inLanguage\":\"de-DE\"},{\"@type\":\"Organization\",\"@id\":\"https:\/\/www.miomiorun.com\/de\/#organization\",\"name\":\"MioMio Run\",\"url\":\"https:\/\/www.miomiorun.com\/de\/\",\"logo\":{\"@type\":\"ImageObject\",\"inLanguage\":\"de-DE\",\"@id\":\"https:\/\/www.miomiorun.com\/de\/#\/schema\/logo\/image\/\",\"url\":\"https:\/\/www.miomiorun.com\/app\/uploads\/2019\/12\/logomio.png\",\"contentUrl\":\"https:\/\/www.miomiorun.com\/app\/uploads\/2019\/12\/logomio.png\",\"width\":115,\"height\":82,\"caption\":\"MioMio Run\"},\"image\":{\"@id\":\"https:\/\/www.miomiorun.com\/de\/#\/schema\/logo\/image\/\"},\"sameAs\":[\"https:\/\/www.facebook.com\/miomiorun\/\",\"https:\/\/www.instagram.com\/miomiorun\/\"]}]}<\/script>\n<!-- \/ Yoast SEO plugin. -->","yoast_head_json":{"title":"Under Amour Velociti PRO Storm damen - Laufjacke - MioMioRun","description":"Leicht und wasserabweisend, entwickelt, um auch bei wechselhaftem Wetter Schutz, Atmungsaktivit\u00e4t und Bewegungsfreiheit zu bieten","robots":{"index":"index","follow":"follow","max-snippet":"max-snippet:-1","max-image-preview":"max-image-preview:large","max-video-preview":"max-video-preview:-1"},"canonical":"https:\/\/www.miomiorun.com\/de\/produkt\/velociti-pro-storm-damen\/","og_locale":"de_DE","og_type":"article","og_title":"Under Amour Velociti PRO Storm damen - Laufjacke - MioMioRun","og_description":"Leicht und wasserabweisend, entwickelt, um auch bei wechselhaftem Wetter Schutz, Atmungsaktivit\u00e4t und Bewegungsfreiheit zu bieten","og_url":"https:\/\/www.miomiorun.com\/de\/produkt\/velociti-pro-storm-damen\/","og_site_name":"MioMioRun","article_publisher":"https:\/\/www.facebook.com\/miomiorun\/","article_modified_time":"2026-05-04T16:44:17+00:00","og_image":[{"width":720,"height":720,"url":"https:\/\/www.miomiorun.com\/app\/uploads\/2026\/04\/under-armor-Velociti-PRO-Storm-W-refresh-6009542-0703.webp","type":"image\/webp"}],"twitter_card":"summary_large_image","twitter_misc":{"Est. reading time":"1 minute"},"schema":{"@context":"https:\/\/schema.org","@graph":[{"@type":"WebPage","@id":"https:\/\/www.miomiorun.com\/de\/produkt\/velociti-pro-storm-damen\/","url":"https:\/\/www.miomiorun.com\/de\/produkt\/velociti-pro-storm-damen\/","name":"Under Amour Velociti PRO Storm damen - Laufjacke - MioMioRun","isPartOf":{"@id":"https:\/\/www.miomiorun.com\/de\/#website"},"primaryImageOfPage":{"@id":"https:\/\/www.miomiorun.com\/de\/produkt\/velociti-pro-storm-damen\/#primaryimage"},"image":{"@id":"https:\/\/www.miomiorun.com\/de\/produkt\/velociti-pro-storm-damen\/#primaryimage"},"thumbnailUrl":"https:\/\/www.miomiorun.com\/app\/uploads\/2026\/04\/under-armor-Velociti-PRO-Storm-W-refresh-6009542-0703.webp","datePublished":"2026-04-21T15:23:26+00:00","dateModified":"2026-05-04T16:44:17+00:00","description":"Leicht und wasserabweisend, entwickelt, um auch bei wechselhaftem Wetter Schutz, Atmungsaktivit\u00e4t und Bewegungsfreiheit zu bieten","breadcrumb":{"@id":"https:\/\/www.miomiorun.com\/de\/produkt\/velociti-pro-storm-damen\/#breadcrumb"},"inLanguage":"de-DE","potentialAction":[{"@type":"ReadAction","target":["https:\/\/www.miomiorun.com\/de\/produkt\/velociti-pro-storm-damen\/"]}]},{"@type":"ImageObject","inLanguage":"de-DE","@id":"https:\/\/www.miomiorun.com\/de\/produkt\/velociti-pro-storm-damen\/#primaryimage","url":"https:\/\/www.miomiorun.com\/app\/uploads\/2026\/04\/under-armor-Velociti-PRO-Storm-W-refresh-6009542-0703.webp","contentUrl":"https:\/\/www.miomiorun.com\/app\/uploads\/2026\/04\/under-armor-Velociti-PRO-Storm-W-refresh-6009542-0703.webp","width":720,"height":720,"caption":"under armor Velociti PRO Storm W refresh 6009542-0703"},{"@type":"BreadcrumbList","@id":"https:\/\/www.miomiorun.com\/de\/produkt\/velociti-pro-storm-damen\/#breadcrumb","itemListElement":[{"@type":"ListItem","position":1,"name":"Home","item":"https:\/\/www.miomiorun.com\/de\/"},{"@type":"ListItem","position":2,"name":"Shop","item":"https:\/\/www.miomiorun.com\/shop\/"},{"@type":"ListItem","position":3,"name":"Velociti PRO Storm damen"}]},{"@type":"WebSite","@id":"https:\/\/www.miomiorun.com\/de\/#website","url":"https:\/\/www.miomiorun.com\/de\/","name":"MioMioRun","description":"100% Lauf- und Trailshop","publisher":{"@id":"https:\/\/www.miomiorun.com\/de\/#organization"},"potentialAction":[{"@type":"SearchAction","target":{"@type":"EntryPoint","urlTemplate":"https:\/\/www.miomiorun.com\/de\/?s={search_term_string}"},"query-input":{"@type":"PropertyValueSpecification","valueRequired":true,"valueName":"search_term_string"}}],"inLanguage":"de-DE"},{"@type":"Organization","@id":"https:\/\/www.miomiorun.com\/de\/#organization","name":"MioMio Run","url":"https:\/\/www.miomiorun.com\/de\/","logo":{"@type":"ImageObject","inLanguage":"de-DE","@id":"https:\/\/www.miomiorun.com\/de\/#\/schema\/logo\/image\/","url":"https:\/\/www.miomiorun.com\/app\/uploads\/2019\/12\/logomio.png","contentUrl":"https:\/\/www.miomiorun.com\/app\/uploads\/2019\/12\/logomio.png","width":115,"height":82,"caption":"MioMio Run"},"image":{"@id":"https:\/\/www.miomiorun.com\/de\/#\/schema\/logo\/image\/"},"sameAs":["https:\/\/www.facebook.com\/miomiorun\/","https:\/\/www.instagram.com\/miomiorun\/"]}]}},"_links":{"self":[{"href":"https:\/\/www.miomiorun.com\/de\/wp-json\/wp\/v2\/product\/433804","targetHints":{"allow":["GET"]}}],"collection":[{"href":"https:\/\/www.miomiorun.com\/de\/wp-json\/wp\/v2\/product"}],"about":[{"href":"https:\/\/www.miomiorun.com\/de\/wp-json\/wp\/v2\/types\/product"}],"wp:featuredmedia":[{"embeddable":true,"href":"https:\/\/www.miomiorun.com\/de\/wp-json\/wp\/v2\/media\/433846"}],"wp:attachment":[{"href":"https:\/\/www.miomiorun.com\/de\/wp-json\/wp\/v2\/media?parent=433804"}],"wp:term":[{"taxonomy":"product_brand","embeddable":true,"href":"https:\/\/www.miomiorun.com\/de\/wp-json\/wp\/v2\/product_brand?post=433804"},{"taxonomy":"product_cat","embeddable":true,"href":"https:\/\/www.miomiorun.com\/de\/wp-json\/wp\/v2\/product_cat?post=433804"},{"taxonomy":"product_tag","embeddable":true,"href":"https:\/\/www.miomiorun.com\/de\/wp-json\/wp\/v2\/product_tag?post=433804"}],"curies":[{"name":"wp","href":"https:\/\/api.w.org\/{rel}","templated":true}]}}