{"id":433746,"date":"2026-04-21T17:10:39","date_gmt":"2026-04-21T15:10:39","guid":{"rendered":"https:\/\/www.miomiorun.com\/?post_type=product&#038;p=433746"},"modified":"2026-05-04T18:45:36","modified_gmt":"2026-05-04T16:45:36","slug":"velociti-pro-2in1-herren","status":"publish","type":"product","link":"https:\/\/www.miomiorun.com\/de\/produkt\/velociti-pro-2in1-herren\/","title":{"rendered":"Velociti PRO 2IN1 herren"},"content":{"rendered":"<p data-start=\"0\" data-end=\"412\">Die 2-in-1-Shorts f\u00fcr Herren <span class=\"hover:entity-accent entity-underline inline cursor-pointer align-baseline\"><span class=\"whitespace-normal\">Under Armour<\/span><\/span> UA Velociti Pro wurden entwickelt, um beim Laufen <strong data-start=\"136\" data-end=\"148\">Halt<\/strong>, <strong data-start=\"150\" data-end=\"164\">Leichtigkeit<\/strong> und <strong data-start=\"167\" data-end=\"193\">maximale Konzentration<\/strong> zu bieten. Die Kombination aus leichten Au\u00dfenshorts und Kompressions-Innenshorts sorgt f\u00fcr ein perfektes Gleichgewicht zwischen Bewegungsfreiheit und Muskelunterst\u00fctzung \u2013 ideal auch f\u00fcr l\u00e4ngere Trainingseinheiten.<\/p>\n<p data-start=\"414\" data-end=\"463\">Die technische Konstruktion ist so ausgelegt, dass sie Folgendes gew\u00e4hrleistet:<\/p>\n<ul data-start=\"464\" data-end=\"685\">\n<li data-section-id=\"12bdaz7\" data-start=\"464\" data-end=\"539\"><strong data-start=\"466\" data-end=\"497\">Fl\u00fcssige und nat\u00fcrliche Bewegungsfreiheit<\/strong> dank des leichten Stretchmaterials<\/li>\n<li data-section-id=\"1o4ojpg\" data-start=\"540\" data-end=\"612\"><strong data-start=\"542\" data-end=\"566\">Halt und Stabilit\u00e4t<\/strong> dank integrierter Kompressions-Innerhose<\/li>\n<li data-section-id=\"859i5j\" data-start=\"613\" data-end=\"685\"><strong data-start=\"615\" data-end=\"647\">Optimale Schwei\u00dfregulierung<\/strong> dank schnell trocknender Materialien<\/li>\n<\/ul>\n<p data-start=\"687\" data-end=\"1284\">Die <strong data-start=\"691\" data-end=\"719\">integrierten Strick-Shorts<\/strong> bieten Schutz und Komfort, w\u00e4hrend der <strong data-start=\"759\" data-end=\"804\">elastische Bund mit Kordelzug<\/strong> f\u00fcr einen festen, anpassbaren Sitz bei geringem Gewicht sorgt. In die <strong data-start=\"874\" data-end=\"924\">integrierten Seitentaschen der Shorts<\/strong> lassen sich kleine Gegenst\u00e4nde praktisch verstauen. Der <strong data-start=\"989\" data-end=\"1027\">geformte Saum mit Seitenschlitzen<\/strong> verbessert die Bewegungsfreiheit, w\u00e4hrend die <strong data-start=\"1071\" data-end=\"1095\">reflektierenden Details<\/strong> die Sichtbarkeit bei L\u00e4ufen bei schlechten Lichtverh\u00e4ltnissen erh\u00f6hen. Die Passform ist <strong data-start=\"1193\" data-end=\"1221\">eng anliegend, aber ausgewogen<\/strong> und so konzipiert, dass sie weder zu eng noch zu weit sitzt.<\/p>\n","protected":false},"excerpt":{"rendered":"<ul>\n<li data-section-id=\"do188m\" data-start=\"1495\" data-end=\"1569\"><strong data-start=\"1497\" data-end=\"1542\">2-in-1-Konstruktion mit integrierter Kompression<\/strong> f\u00fcr Halt und Stabilit\u00e4t<\/li>\n<li data-section-id=\"1d7bsb6\" data-start=\"1570\" data-end=\"1654\"><strong data-start=\"1572\" data-end=\"1631\">Leichtes, elastisches und schnell trocknendes Material<\/strong> f\u00fcr lang anhaltenden Komfort<\/li>\n<li data-section-id=\"1kt98ao\" data-start=\"1655\" data-end=\"1736\" data-is-last-node=\"\"><strong data-start=\"1657\" data-end=\"1700\">Reflektierende Details und integrierte Taschen<\/strong> f\u00fcr mehr Funktionalit\u00e4t und Sichtbarkeit beim Laufen<\/li>\n<\/ul>\n","protected":false},"featured_media":433780,"template":"","meta":{"_acf_changed":false,"inline_featured_image":false},"product_brand":[],"product_cat":[6540,6510],"product_tag":[20482,20497],"class_list":{"0":"post-433746","1":"product","2":"type-product","3":"status-publish","4":"has-post-thumbnail","6":"product_cat-herrenbekleidung","7":"product_cat-shorts","8":"product_tag-under-armour-de","9":"product_tag-under-armour-herren","10":"pa_attivita-fitness-de","11":"pa_attivita-running-de","12":"pa_colore-velociti-pro-2in1-ultimate","13":"pa_marca-under-armour-de","14":"pa_sesso-herren","15":"pa_size-small-de","16":"pa_size-medium-de","17":"pa_size-large-de","18":"pa_size-extra-large-de","20":"first","21":"instock","22":"sale","23":"taxable","24":"shipping-taxable","25":"purchasable","26":"product-type-variable","27":"wvs-archive-product-wrapper"},"acf":[],"yoast_head":"<!-- This site is optimized with the Yoast SEO plugin v26.8 - https:\/\/yoast.com\/product\/yoast-seo-wordpress\/ -->\n<title>Under Armour Velociti PRO 2IN1 herren - Herren-Shorts - MioMioRun<\/title>\n<meta name=\"description\" content=\"Leichte und atmungsaktive 2-in-1-Laufshorts, die f\u00fcr Halt, Komfort und maximale Bewegungsfreiheit auf jedem Kilometer entwickelt wurden\" \/>\n<meta name=\"robots\" content=\"index, follow, max-snippet:-1, max-image-preview:large, max-video-preview:-1\" \/>\n<link rel=\"canonical\" href=\"https:\/\/www.miomiorun.com\/de\/produkt\/velociti-pro-2in1-herren\/\" \/>\n<meta property=\"og:locale\" content=\"de_DE\" \/>\n<meta property=\"og:type\" content=\"article\" \/>\n<meta property=\"og:title\" content=\"Under Armour Velociti PRO 2IN1 herren - Herren-Shorts - MioMioRun\" \/>\n<meta property=\"og:description\" content=\"Leichte und atmungsaktive 2-in-1-Laufshorts, die f\u00fcr Halt, Komfort und maximale Bewegungsfreiheit auf jedem Kilometer entwickelt wurden\" \/>\n<meta property=\"og:url\" content=\"https:\/\/www.miomiorun.com\/de\/produkt\/velociti-pro-2in1-herren\/\" \/>\n<meta property=\"og:site_name\" content=\"MioMioRun\" \/>\n<meta property=\"article:publisher\" content=\"https:\/\/www.facebook.com\/miomiorun\/\" \/>\n<meta property=\"article:modified_time\" content=\"2026-05-04T16:45:36+00:00\" \/>\n<meta property=\"og:image\" content=\"https:\/\/www.miomiorun.com\/app\/uploads\/2026\/04\/under-armor-VELOCITI-PRO-2IN1-ULTIMATE-6009512-0008.webp\" \/>\n\t<meta property=\"og:image:width\" content=\"720\" \/>\n\t<meta property=\"og:image:height\" content=\"720\" \/>\n\t<meta property=\"og:image:type\" content=\"image\/webp\" \/>\n<meta name=\"twitter:card\" content=\"summary_large_image\" \/>\n<meta name=\"twitter:label1\" content=\"Est. reading time\" \/>\n\t<meta name=\"twitter:data1\" content=\"1 minute\" \/>\n<script type=\"application\/ld+json\" class=\"yoast-schema-graph\">{\"@context\":\"https:\/\/schema.org\",\"@graph\":[{\"@type\":\"WebPage\",\"@id\":\"https:\/\/www.miomiorun.com\/de\/produkt\/velociti-pro-2in1-herren\/\",\"url\":\"https:\/\/www.miomiorun.com\/de\/produkt\/velociti-pro-2in1-herren\/\",\"name\":\"Under Armour Velociti PRO 2IN1 herren - Herren-Shorts - MioMioRun\",\"isPartOf\":{\"@id\":\"https:\/\/www.miomiorun.com\/de\/#website\"},\"primaryImageOfPage\":{\"@id\":\"https:\/\/www.miomiorun.com\/de\/produkt\/velociti-pro-2in1-herren\/#primaryimage\"},\"image\":{\"@id\":\"https:\/\/www.miomiorun.com\/de\/produkt\/velociti-pro-2in1-herren\/#primaryimage\"},\"thumbnailUrl\":\"https:\/\/www.miomiorun.com\/app\/uploads\/2026\/04\/under-armor-VELOCITI-PRO-2IN1-ULTIMATE-6009512-0008.webp\",\"datePublished\":\"2026-04-21T15:10:39+00:00\",\"dateModified\":\"2026-05-04T16:45:36+00:00\",\"description\":\"Leichte und atmungsaktive 2-in-1-Laufshorts, die f\u00fcr Halt, Komfort und maximale Bewegungsfreiheit auf jedem Kilometer entwickelt wurden\",\"breadcrumb\":{\"@id\":\"https:\/\/www.miomiorun.com\/de\/produkt\/velociti-pro-2in1-herren\/#breadcrumb\"},\"inLanguage\":\"de-DE\",\"potentialAction\":[{\"@type\":\"ReadAction\",\"target\":[\"https:\/\/www.miomiorun.com\/de\/produkt\/velociti-pro-2in1-herren\/\"]}]},{\"@type\":\"ImageObject\",\"inLanguage\":\"de-DE\",\"@id\":\"https:\/\/www.miomiorun.com\/de\/produkt\/velociti-pro-2in1-herren\/#primaryimage\",\"url\":\"https:\/\/www.miomiorun.com\/app\/uploads\/2026\/04\/under-armor-VELOCITI-PRO-2IN1-ULTIMATE-6009512-0008.webp\",\"contentUrl\":\"https:\/\/www.miomiorun.com\/app\/uploads\/2026\/04\/under-armor-VELOCITI-PRO-2IN1-ULTIMATE-6009512-0008.webp\",\"width\":720,\"height\":720,\"caption\":\"under armor VELOCITI PRO 2IN1 ULTIMATE 6009512-0008\"},{\"@type\":\"BreadcrumbList\",\"@id\":\"https:\/\/www.miomiorun.com\/de\/produkt\/velociti-pro-2in1-herren\/#breadcrumb\",\"itemListElement\":[{\"@type\":\"ListItem\",\"position\":1,\"name\":\"Home\",\"item\":\"https:\/\/www.miomiorun.com\/de\/\"},{\"@type\":\"ListItem\",\"position\":2,\"name\":\"Shop\",\"item\":\"https:\/\/www.miomiorun.com\/shop\/\"},{\"@type\":\"ListItem\",\"position\":3,\"name\":\"Velociti PRO 2IN1 herren\"}]},{\"@type\":\"WebSite\",\"@id\":\"https:\/\/www.miomiorun.com\/de\/#website\",\"url\":\"https:\/\/www.miomiorun.com\/de\/\",\"name\":\"MioMioRun\",\"description\":\"100% Lauf- und Trailshop\",\"publisher\":{\"@id\":\"https:\/\/www.miomiorun.com\/de\/#organization\"},\"potentialAction\":[{\"@type\":\"SearchAction\",\"target\":{\"@type\":\"EntryPoint\",\"urlTemplate\":\"https:\/\/www.miomiorun.com\/de\/?s={search_term_string}\"},\"query-input\":{\"@type\":\"PropertyValueSpecification\",\"valueRequired\":true,\"valueName\":\"search_term_string\"}}],\"inLanguage\":\"de-DE\"},{\"@type\":\"Organization\",\"@id\":\"https:\/\/www.miomiorun.com\/de\/#organization\",\"name\":\"MioMio Run\",\"url\":\"https:\/\/www.miomiorun.com\/de\/\",\"logo\":{\"@type\":\"ImageObject\",\"inLanguage\":\"de-DE\",\"@id\":\"https:\/\/www.miomiorun.com\/de\/#\/schema\/logo\/image\/\",\"url\":\"https:\/\/www.miomiorun.com\/app\/uploads\/2019\/12\/logomio.png\",\"contentUrl\":\"https:\/\/www.miomiorun.com\/app\/uploads\/2019\/12\/logomio.png\",\"width\":115,\"height\":82,\"caption\":\"MioMio Run\"},\"image\":{\"@id\":\"https:\/\/www.miomiorun.com\/de\/#\/schema\/logo\/image\/\"},\"sameAs\":[\"https:\/\/www.facebook.com\/miomiorun\/\",\"https:\/\/www.instagram.com\/miomiorun\/\"]}]}<\/script>\n<!-- \/ Yoast SEO plugin. -->","yoast_head_json":{"title":"Under Armour Velociti PRO 2IN1 herren - Herren-Shorts - MioMioRun","description":"Leichte und atmungsaktive 2-in-1-Laufshorts, die f\u00fcr Halt, Komfort und maximale Bewegungsfreiheit auf jedem Kilometer entwickelt wurden","robots":{"index":"index","follow":"follow","max-snippet":"max-snippet:-1","max-image-preview":"max-image-preview:large","max-video-preview":"max-video-preview:-1"},"canonical":"https:\/\/www.miomiorun.com\/de\/produkt\/velociti-pro-2in1-herren\/","og_locale":"de_DE","og_type":"article","og_title":"Under Armour Velociti PRO 2IN1 herren - Herren-Shorts - MioMioRun","og_description":"Leichte und atmungsaktive 2-in-1-Laufshorts, die f\u00fcr Halt, Komfort und maximale Bewegungsfreiheit auf jedem Kilometer entwickelt wurden","og_url":"https:\/\/www.miomiorun.com\/de\/produkt\/velociti-pro-2in1-herren\/","og_site_name":"MioMioRun","article_publisher":"https:\/\/www.facebook.com\/miomiorun\/","article_modified_time":"2026-05-04T16:45:36+00:00","og_image":[{"width":720,"height":720,"url":"https:\/\/www.miomiorun.com\/app\/uploads\/2026\/04\/under-armor-VELOCITI-PRO-2IN1-ULTIMATE-6009512-0008.webp","type":"image\/webp"}],"twitter_card":"summary_large_image","twitter_misc":{"Est. reading time":"1 minute"},"schema":{"@context":"https:\/\/schema.org","@graph":[{"@type":"WebPage","@id":"https:\/\/www.miomiorun.com\/de\/produkt\/velociti-pro-2in1-herren\/","url":"https:\/\/www.miomiorun.com\/de\/produkt\/velociti-pro-2in1-herren\/","name":"Under Armour Velociti PRO 2IN1 herren - Herren-Shorts - MioMioRun","isPartOf":{"@id":"https:\/\/www.miomiorun.com\/de\/#website"},"primaryImageOfPage":{"@id":"https:\/\/www.miomiorun.com\/de\/produkt\/velociti-pro-2in1-herren\/#primaryimage"},"image":{"@id":"https:\/\/www.miomiorun.com\/de\/produkt\/velociti-pro-2in1-herren\/#primaryimage"},"thumbnailUrl":"https:\/\/www.miomiorun.com\/app\/uploads\/2026\/04\/under-armor-VELOCITI-PRO-2IN1-ULTIMATE-6009512-0008.webp","datePublished":"2026-04-21T15:10:39+00:00","dateModified":"2026-05-04T16:45:36+00:00","description":"Leichte und atmungsaktive 2-in-1-Laufshorts, die f\u00fcr Halt, Komfort und maximale Bewegungsfreiheit auf jedem Kilometer entwickelt wurden","breadcrumb":{"@id":"https:\/\/www.miomiorun.com\/de\/produkt\/velociti-pro-2in1-herren\/#breadcrumb"},"inLanguage":"de-DE","potentialAction":[{"@type":"ReadAction","target":["https:\/\/www.miomiorun.com\/de\/produkt\/velociti-pro-2in1-herren\/"]}]},{"@type":"ImageObject","inLanguage":"de-DE","@id":"https:\/\/www.miomiorun.com\/de\/produkt\/velociti-pro-2in1-herren\/#primaryimage","url":"https:\/\/www.miomiorun.com\/app\/uploads\/2026\/04\/under-armor-VELOCITI-PRO-2IN1-ULTIMATE-6009512-0008.webp","contentUrl":"https:\/\/www.miomiorun.com\/app\/uploads\/2026\/04\/under-armor-VELOCITI-PRO-2IN1-ULTIMATE-6009512-0008.webp","width":720,"height":720,"caption":"under armor VELOCITI PRO 2IN1 ULTIMATE 6009512-0008"},{"@type":"BreadcrumbList","@id":"https:\/\/www.miomiorun.com\/de\/produkt\/velociti-pro-2in1-herren\/#breadcrumb","itemListElement":[{"@type":"ListItem","position":1,"name":"Home","item":"https:\/\/www.miomiorun.com\/de\/"},{"@type":"ListItem","position":2,"name":"Shop","item":"https:\/\/www.miomiorun.com\/shop\/"},{"@type":"ListItem","position":3,"name":"Velociti PRO 2IN1 herren"}]},{"@type":"WebSite","@id":"https:\/\/www.miomiorun.com\/de\/#website","url":"https:\/\/www.miomiorun.com\/de\/","name":"MioMioRun","description":"100% Lauf- und Trailshop","publisher":{"@id":"https:\/\/www.miomiorun.com\/de\/#organization"},"potentialAction":[{"@type":"SearchAction","target":{"@type":"EntryPoint","urlTemplate":"https:\/\/www.miomiorun.com\/de\/?s={search_term_string}"},"query-input":{"@type":"PropertyValueSpecification","valueRequired":true,"valueName":"search_term_string"}}],"inLanguage":"de-DE"},{"@type":"Organization","@id":"https:\/\/www.miomiorun.com\/de\/#organization","name":"MioMio Run","url":"https:\/\/www.miomiorun.com\/de\/","logo":{"@type":"ImageObject","inLanguage":"de-DE","@id":"https:\/\/www.miomiorun.com\/de\/#\/schema\/logo\/image\/","url":"https:\/\/www.miomiorun.com\/app\/uploads\/2019\/12\/logomio.png","contentUrl":"https:\/\/www.miomiorun.com\/app\/uploads\/2019\/12\/logomio.png","width":115,"height":82,"caption":"MioMio Run"},"image":{"@id":"https:\/\/www.miomiorun.com\/de\/#\/schema\/logo\/image\/"},"sameAs":["https:\/\/www.facebook.com\/miomiorun\/","https:\/\/www.instagram.com\/miomiorun\/"]}]}},"_links":{"self":[{"href":"https:\/\/www.miomiorun.com\/de\/wp-json\/wp\/v2\/product\/433746","targetHints":{"allow":["GET"]}}],"collection":[{"href":"https:\/\/www.miomiorun.com\/de\/wp-json\/wp\/v2\/product"}],"about":[{"href":"https:\/\/www.miomiorun.com\/de\/wp-json\/wp\/v2\/types\/product"}],"wp:featuredmedia":[{"embeddable":true,"href":"https:\/\/www.miomiorun.com\/de\/wp-json\/wp\/v2\/media\/433780"}],"wp:attachment":[{"href":"https:\/\/www.miomiorun.com\/de\/wp-json\/wp\/v2\/media?parent=433746"}],"wp:term":[{"taxonomy":"product_brand","embeddable":true,"href":"https:\/\/www.miomiorun.com\/de\/wp-json\/wp\/v2\/product_brand?post=433746"},{"taxonomy":"product_cat","embeddable":true,"href":"https:\/\/www.miomiorun.com\/de\/wp-json\/wp\/v2\/product_cat?post=433746"},{"taxonomy":"product_tag","embeddable":true,"href":"https:\/\/www.miomiorun.com\/de\/wp-json\/wp\/v2\/product_tag?post=433746"}],"curies":[{"name":"wp","href":"https:\/\/api.w.org\/{rel}","templated":true}]}}