{"id":433638,"date":"2026-04-21T16:40:17","date_gmt":"2026-04-21T14:40:17","guid":{"rendered":"https:\/\/www.miomiorun.com\/?post_type=product&#038;p=433638"},"modified":"2026-05-04T19:07:36","modified_gmt":"2026-05-04T17:07:36","slug":"velociti-pro-5in-herren","status":"publish","type":"product","link":"https:\/\/www.miomiorun.com\/de\/produkt\/velociti-pro-5in-herren\/","title":{"rendered":"Velociti PRO 5in herren"},"content":{"rendered":"<p data-start=\"0\" data-end=\"373\">Die 13 cm langen Herren-Shorts <span class=\"hover:entity-accent entity-underline inline cursor-pointer align-baseline\"><span class=\"whitespace-normal\">Under Armour<\/span><\/span> UA Velociti Pro wurden entwickelt, um beim Laufen <strong data-start=\"138\" data-end=\"158\">maximale Geschwindigkeit<\/strong>, <strong data-start=\"160\" data-end=\"174\">Leichtigkeit<\/strong> und <strong data-start=\"177\" data-end=\"199\">unverzichtbaren Komfort<\/strong> zu bieten. Sie wurden speziell f\u00fcr den Wettkampftag entwickelt und kombinieren technische Materialien mit minimalistischem Design, damit du in jeder Phase der Aktivit\u00e4t konzentriert und frei beweglich bleibst.<\/p>\n<p data-start=\"375\" data-end=\"415\">Die Konstruktion ist so ausgelegt, dass sie Folgendes gew\u00e4hrleistet:<\/p>\n<ul data-start=\"416\" data-end=\"606\">\n<li data-section-id=\"12bdaz7\" data-start=\"416\" data-end=\"491\"><strong data-start=\"418\" data-end=\"449\">Fl\u00fcssige und nat\u00fcrliche Bewegungsfreiheit<\/strong> dank des leichten Stretchmaterials<\/li>\n<li data-section-id=\"qimnkb\" data-start=\"492\" data-end=\"551\"><strong data-start=\"494\" data-end=\"526\">Effektiver Schwei\u00dfmanagement<\/strong> mit schneller Trocknung<\/li>\n<li data-section-id=\"1mchc35\" data-start=\"552\" data-end=\"606\"><strong data-start=\"554\" data-end=\"574\">Maximale Bewegungsfreiheit<\/strong> dank 4-Wege-Stretch<\/li>\n<\/ul>\n<p data-start=\"608\" data-end=\"1117\">Das <strong data-start=\"611\" data-end=\"637\">Innenfutter aus Mesh<\/strong> bietet Halt und Schutz, w\u00e4hrend der <strong data-start=\"676\" data-end=\"721\">elastische Bund mit Kordelzug<\/strong> f\u00fcr einen stabilen und bequemen Sitz bei geringem Gewicht sorgt. Die <strong data-start=\"791\" data-end=\"812\">funktionalen Taschen<\/strong>, darunter eine R\u00fcckentasche mit Rei\u00dfverschluss und Innentaschen im Slip, erm\u00f6glichen es, wichtige Gegenst\u00e4nde mitzunehmen. Abgerundet wird das Modell durch den <strong data-start=\"948\" data-end=\"986\">geformten Saum mit Seitenschlitzen<\/strong> f\u00fcr mehr Bewegungsfreiheit und die <strong data-start=\"1025\" data-end=\"1049\">reflektierenden Details<\/strong> zur Verbesserung der Sichtbarkeit bei schlechten Lichtverh\u00e4ltnissen.<\/p>\n","protected":false},"excerpt":{"rendered":"<ul>\n<li data-section-id=\"17vb20u\" data-start=\"1324\" data-end=\"1407\"><strong data-start=\"1326\" data-end=\"1362\">Leichter, elastischer Stoff<\/strong> f\u00fcr nat\u00fcrliche, uneingeschr\u00e4nkte Bewegungsfreiheit<\/li>\n<li data-section-id=\"vudg71\" data-start=\"1408\" data-end=\"1488\"><strong data-start=\"1410\" data-end=\"1454\">Schnelle Trocknung und Schwei\u00dfregulierung<\/strong>, damit die Haut trocken bleibt<\/li>\n<li data-section-id=\"1pihrpb\" data-start=\"1489\" data-end=\"1586\" data-is-last-node=\"\"><strong data-start=\"1491\" data-end=\"1549\">Innenfutter, praktische Taschen und reflektierende Details<\/strong> f\u00fcr Halt und Funktionalit\u00e4t beim Laufen<\/li>\n<\/ul>\n","protected":false},"featured_media":433667,"template":"","meta":{"_acf_changed":false,"inline_featured_image":false},"product_brand":[],"product_cat":[6540,6510],"product_tag":[20482,20497],"class_list":{"0":"post-433638","1":"product","2":"type-product","3":"status-publish","4":"has-post-thumbnail","6":"product_cat-herrenbekleidung","7":"product_cat-shorts","8":"product_tag-under-armour-de","9":"product_tag-under-armour-herren","10":"pa_attivita-fitness-de","11":"pa_attivita-running-de","12":"pa_colore-velociti-pro-5in-ultimate","13":"pa_marca-under-armour-de","14":"pa_sesso-herren","15":"pa_size-small-de","16":"pa_size-medium-de","17":"pa_size-large-de","19":"first","20":"instock","21":"sale","22":"taxable","23":"shipping-taxable","24":"purchasable","25":"product-type-variable","26":"wvs-archive-product-wrapper"},"acf":[],"yoast_head":"<!-- This site is optimized with the Yoast SEO plugin v26.8 - https:\/\/yoast.com\/product\/yoast-seo-wordpress\/ -->\n<title>Under Armour Velociti PRO 5in herren -Herren-Shorts - MioMioRun<\/title>\n<meta name=\"description\" content=\"Leichte und leistungsstarke Laufshorts, die f\u00fcr Geschwindigkeit, Komfort und maximale Bewegungsfreiheit beim Training und bei Wettk\u00e4mpfen entwickelt wurden.\" \/>\n<meta name=\"robots\" content=\"index, follow, max-snippet:-1, max-image-preview:large, max-video-preview:-1\" \/>\n<link rel=\"canonical\" href=\"https:\/\/www.miomiorun.com\/de\/produkt\/velociti-pro-5in-herren\/\" \/>\n<meta property=\"og:locale\" content=\"de_DE\" \/>\n<meta property=\"og:type\" content=\"article\" \/>\n<meta property=\"og:title\" content=\"Under Armour Velociti PRO 5in herren -Herren-Shorts - MioMioRun\" \/>\n<meta property=\"og:description\" content=\"Leichte und leistungsstarke Laufshorts, die f\u00fcr Geschwindigkeit, Komfort und maximale Bewegungsfreiheit beim Training und bei Wettk\u00e4mpfen entwickelt wurden.\" \/>\n<meta property=\"og:url\" content=\"https:\/\/www.miomiorun.com\/de\/produkt\/velociti-pro-5in-herren\/\" \/>\n<meta property=\"og:site_name\" content=\"MioMioRun\" \/>\n<meta property=\"article:publisher\" content=\"https:\/\/www.facebook.com\/miomiorun\/\" \/>\n<meta property=\"article:modified_time\" content=\"2026-05-04T17:07:36+00:00\" \/>\n<meta property=\"og:image\" content=\"https:\/\/www.miomiorun.com\/app\/uploads\/2026\/04\/under-armor-Velociti-PRO-5in-ultimate-6009510-0008.webp\" \/>\n\t<meta property=\"og:image:width\" content=\"720\" \/>\n\t<meta property=\"og:image:height\" content=\"720\" \/>\n\t<meta property=\"og:image:type\" content=\"image\/webp\" \/>\n<meta name=\"twitter:card\" content=\"summary_large_image\" \/>\n<meta name=\"twitter:label1\" content=\"Est. reading time\" \/>\n\t<meta name=\"twitter:data1\" content=\"1 minute\" \/>\n<script type=\"application\/ld+json\" class=\"yoast-schema-graph\">{\"@context\":\"https:\/\/schema.org\",\"@graph\":[{\"@type\":\"WebPage\",\"@id\":\"https:\/\/www.miomiorun.com\/de\/produkt\/velociti-pro-5in-herren\/\",\"url\":\"https:\/\/www.miomiorun.com\/de\/produkt\/velociti-pro-5in-herren\/\",\"name\":\"Under Armour Velociti PRO 5in herren -Herren-Shorts - MioMioRun\",\"isPartOf\":{\"@id\":\"https:\/\/www.miomiorun.com\/de\/#website\"},\"primaryImageOfPage\":{\"@id\":\"https:\/\/www.miomiorun.com\/de\/produkt\/velociti-pro-5in-herren\/#primaryimage\"},\"image\":{\"@id\":\"https:\/\/www.miomiorun.com\/de\/produkt\/velociti-pro-5in-herren\/#primaryimage\"},\"thumbnailUrl\":\"https:\/\/www.miomiorun.com\/app\/uploads\/2026\/04\/under-armor-Velociti-PRO-5in-ultimate-6009510-0008.webp\",\"datePublished\":\"2026-04-21T14:40:17+00:00\",\"dateModified\":\"2026-05-04T17:07:36+00:00\",\"description\":\"Leichte und leistungsstarke Laufshorts, die f\u00fcr Geschwindigkeit, Komfort und maximale Bewegungsfreiheit beim Training und bei Wettk\u00e4mpfen entwickelt wurden.\",\"breadcrumb\":{\"@id\":\"https:\/\/www.miomiorun.com\/de\/produkt\/velociti-pro-5in-herren\/#breadcrumb\"},\"inLanguage\":\"de-DE\",\"potentialAction\":[{\"@type\":\"ReadAction\",\"target\":[\"https:\/\/www.miomiorun.com\/de\/produkt\/velociti-pro-5in-herren\/\"]}]},{\"@type\":\"ImageObject\",\"inLanguage\":\"de-DE\",\"@id\":\"https:\/\/www.miomiorun.com\/de\/produkt\/velociti-pro-5in-herren\/#primaryimage\",\"url\":\"https:\/\/www.miomiorun.com\/app\/uploads\/2026\/04\/under-armor-Velociti-PRO-5in-ultimate-6009510-0008.webp\",\"contentUrl\":\"https:\/\/www.miomiorun.com\/app\/uploads\/2026\/04\/under-armor-Velociti-PRO-5in-ultimate-6009510-0008.webp\",\"width\":720,\"height\":720,\"caption\":\"under armor Velociti PRO 5in ultimate 6009510-0008\"},{\"@type\":\"BreadcrumbList\",\"@id\":\"https:\/\/www.miomiorun.com\/de\/produkt\/velociti-pro-5in-herren\/#breadcrumb\",\"itemListElement\":[{\"@type\":\"ListItem\",\"position\":1,\"name\":\"Home\",\"item\":\"https:\/\/www.miomiorun.com\/de\/\"},{\"@type\":\"ListItem\",\"position\":2,\"name\":\"Shop\",\"item\":\"https:\/\/www.miomiorun.com\/shop\/\"},{\"@type\":\"ListItem\",\"position\":3,\"name\":\"Velociti PRO 5in herren\"}]},{\"@type\":\"WebSite\",\"@id\":\"https:\/\/www.miomiorun.com\/de\/#website\",\"url\":\"https:\/\/www.miomiorun.com\/de\/\",\"name\":\"MioMioRun\",\"description\":\"100% Lauf- und Trailshop\",\"publisher\":{\"@id\":\"https:\/\/www.miomiorun.com\/de\/#organization\"},\"potentialAction\":[{\"@type\":\"SearchAction\",\"target\":{\"@type\":\"EntryPoint\",\"urlTemplate\":\"https:\/\/www.miomiorun.com\/de\/?s={search_term_string}\"},\"query-input\":{\"@type\":\"PropertyValueSpecification\",\"valueRequired\":true,\"valueName\":\"search_term_string\"}}],\"inLanguage\":\"de-DE\"},{\"@type\":\"Organization\",\"@id\":\"https:\/\/www.miomiorun.com\/de\/#organization\",\"name\":\"MioMio Run\",\"url\":\"https:\/\/www.miomiorun.com\/de\/\",\"logo\":{\"@type\":\"ImageObject\",\"inLanguage\":\"de-DE\",\"@id\":\"https:\/\/www.miomiorun.com\/de\/#\/schema\/logo\/image\/\",\"url\":\"https:\/\/www.miomiorun.com\/app\/uploads\/2019\/12\/logomio.png\",\"contentUrl\":\"https:\/\/www.miomiorun.com\/app\/uploads\/2019\/12\/logomio.png\",\"width\":115,\"height\":82,\"caption\":\"MioMio Run\"},\"image\":{\"@id\":\"https:\/\/www.miomiorun.com\/de\/#\/schema\/logo\/image\/\"},\"sameAs\":[\"https:\/\/www.facebook.com\/miomiorun\/\",\"https:\/\/www.instagram.com\/miomiorun\/\"]}]}<\/script>\n<!-- \/ Yoast SEO plugin. -->","yoast_head_json":{"title":"Under Armour Velociti PRO 5in herren -Herren-Shorts - MioMioRun","description":"Leichte und leistungsstarke Laufshorts, die f\u00fcr Geschwindigkeit, Komfort und maximale Bewegungsfreiheit beim Training und bei Wettk\u00e4mpfen entwickelt wurden.","robots":{"index":"index","follow":"follow","max-snippet":"max-snippet:-1","max-image-preview":"max-image-preview:large","max-video-preview":"max-video-preview:-1"},"canonical":"https:\/\/www.miomiorun.com\/de\/produkt\/velociti-pro-5in-herren\/","og_locale":"de_DE","og_type":"article","og_title":"Under Armour Velociti PRO 5in herren -Herren-Shorts - MioMioRun","og_description":"Leichte und leistungsstarke Laufshorts, die f\u00fcr Geschwindigkeit, Komfort und maximale Bewegungsfreiheit beim Training und bei Wettk\u00e4mpfen entwickelt wurden.","og_url":"https:\/\/www.miomiorun.com\/de\/produkt\/velociti-pro-5in-herren\/","og_site_name":"MioMioRun","article_publisher":"https:\/\/www.facebook.com\/miomiorun\/","article_modified_time":"2026-05-04T17:07:36+00:00","og_image":[{"width":720,"height":720,"url":"https:\/\/www.miomiorun.com\/app\/uploads\/2026\/04\/under-armor-Velociti-PRO-5in-ultimate-6009510-0008.webp","type":"image\/webp"}],"twitter_card":"summary_large_image","twitter_misc":{"Est. reading time":"1 minute"},"schema":{"@context":"https:\/\/schema.org","@graph":[{"@type":"WebPage","@id":"https:\/\/www.miomiorun.com\/de\/produkt\/velociti-pro-5in-herren\/","url":"https:\/\/www.miomiorun.com\/de\/produkt\/velociti-pro-5in-herren\/","name":"Under Armour Velociti PRO 5in herren -Herren-Shorts - MioMioRun","isPartOf":{"@id":"https:\/\/www.miomiorun.com\/de\/#website"},"primaryImageOfPage":{"@id":"https:\/\/www.miomiorun.com\/de\/produkt\/velociti-pro-5in-herren\/#primaryimage"},"image":{"@id":"https:\/\/www.miomiorun.com\/de\/produkt\/velociti-pro-5in-herren\/#primaryimage"},"thumbnailUrl":"https:\/\/www.miomiorun.com\/app\/uploads\/2026\/04\/under-armor-Velociti-PRO-5in-ultimate-6009510-0008.webp","datePublished":"2026-04-21T14:40:17+00:00","dateModified":"2026-05-04T17:07:36+00:00","description":"Leichte und leistungsstarke Laufshorts, die f\u00fcr Geschwindigkeit, Komfort und maximale Bewegungsfreiheit beim Training und bei Wettk\u00e4mpfen entwickelt wurden.","breadcrumb":{"@id":"https:\/\/www.miomiorun.com\/de\/produkt\/velociti-pro-5in-herren\/#breadcrumb"},"inLanguage":"de-DE","potentialAction":[{"@type":"ReadAction","target":["https:\/\/www.miomiorun.com\/de\/produkt\/velociti-pro-5in-herren\/"]}]},{"@type":"ImageObject","inLanguage":"de-DE","@id":"https:\/\/www.miomiorun.com\/de\/produkt\/velociti-pro-5in-herren\/#primaryimage","url":"https:\/\/www.miomiorun.com\/app\/uploads\/2026\/04\/under-armor-Velociti-PRO-5in-ultimate-6009510-0008.webp","contentUrl":"https:\/\/www.miomiorun.com\/app\/uploads\/2026\/04\/under-armor-Velociti-PRO-5in-ultimate-6009510-0008.webp","width":720,"height":720,"caption":"under armor Velociti PRO 5in ultimate 6009510-0008"},{"@type":"BreadcrumbList","@id":"https:\/\/www.miomiorun.com\/de\/produkt\/velociti-pro-5in-herren\/#breadcrumb","itemListElement":[{"@type":"ListItem","position":1,"name":"Home","item":"https:\/\/www.miomiorun.com\/de\/"},{"@type":"ListItem","position":2,"name":"Shop","item":"https:\/\/www.miomiorun.com\/shop\/"},{"@type":"ListItem","position":3,"name":"Velociti PRO 5in herren"}]},{"@type":"WebSite","@id":"https:\/\/www.miomiorun.com\/de\/#website","url":"https:\/\/www.miomiorun.com\/de\/","name":"MioMioRun","description":"100% Lauf- und Trailshop","publisher":{"@id":"https:\/\/www.miomiorun.com\/de\/#organization"},"potentialAction":[{"@type":"SearchAction","target":{"@type":"EntryPoint","urlTemplate":"https:\/\/www.miomiorun.com\/de\/?s={search_term_string}"},"query-input":{"@type":"PropertyValueSpecification","valueRequired":true,"valueName":"search_term_string"}}],"inLanguage":"de-DE"},{"@type":"Organization","@id":"https:\/\/www.miomiorun.com\/de\/#organization","name":"MioMio Run","url":"https:\/\/www.miomiorun.com\/de\/","logo":{"@type":"ImageObject","inLanguage":"de-DE","@id":"https:\/\/www.miomiorun.com\/de\/#\/schema\/logo\/image\/","url":"https:\/\/www.miomiorun.com\/app\/uploads\/2019\/12\/logomio.png","contentUrl":"https:\/\/www.miomiorun.com\/app\/uploads\/2019\/12\/logomio.png","width":115,"height":82,"caption":"MioMio Run"},"image":{"@id":"https:\/\/www.miomiorun.com\/de\/#\/schema\/logo\/image\/"},"sameAs":["https:\/\/www.facebook.com\/miomiorun\/","https:\/\/www.instagram.com\/miomiorun\/"]}]}},"_links":{"self":[{"href":"https:\/\/www.miomiorun.com\/de\/wp-json\/wp\/v2\/product\/433638","targetHints":{"allow":["GET"]}}],"collection":[{"href":"https:\/\/www.miomiorun.com\/de\/wp-json\/wp\/v2\/product"}],"about":[{"href":"https:\/\/www.miomiorun.com\/de\/wp-json\/wp\/v2\/types\/product"}],"wp:featuredmedia":[{"embeddable":true,"href":"https:\/\/www.miomiorun.com\/de\/wp-json\/wp\/v2\/media\/433667"}],"wp:attachment":[{"href":"https:\/\/www.miomiorun.com\/de\/wp-json\/wp\/v2\/media?parent=433638"}],"wp:term":[{"taxonomy":"product_brand","embeddable":true,"href":"https:\/\/www.miomiorun.com\/de\/wp-json\/wp\/v2\/product_brand?post=433638"},{"taxonomy":"product_cat","embeddable":true,"href":"https:\/\/www.miomiorun.com\/de\/wp-json\/wp\/v2\/product_cat?post=433638"},{"taxonomy":"product_tag","embeddable":true,"href":"https:\/\/www.miomiorun.com\/de\/wp-json\/wp\/v2\/product_tag?post=433638"}],"curies":[{"name":"wp","href":"https:\/\/api.w.org\/{rel}","templated":true}]}}