{"id":433589,"date":"2026-04-21T16:26:19","date_gmt":"2026-04-21T14:26:19","guid":{"rendered":"https:\/\/www.miomiorun.com\/?post_type=product&#038;p=433589"},"modified":"2026-05-04T19:08:50","modified_gmt":"2026-05-04T17:08:50","slug":"velociti-pro-shortsleeve-herren","status":"publish","type":"product","link":"https:\/\/www.miomiorun.com\/de\/produkt\/velociti-pro-shortsleeve-herren\/","title":{"rendered":"Velociti PRO shortsleeve herren"},"content":{"rendered":"<p data-start=\"0\" data-end=\"433\">Das kurz\u00e4rmelige Herren-Laufshirt <span class=\"hover:entity-accent entity-underline inline cursor-pointer align-baseline\"><span class=\"whitespace-normal\">Under Armour<\/span><\/span> UA Velociti Pro wurde entwickelt, um beim Laufen <strong data-start=\"141\" data-end=\"163\">maximale K\u00fchlung<\/strong>, <strong data-start=\"165\" data-end=\"179\">Leichtigkeit<\/strong> und <strong data-start=\"182\" data-end=\"205\">hohe Leistungsf\u00e4higkeit<\/strong> zu bieten. Das innovative Iso-Chill-Material leitet K\u00f6rperw\u00e4rme ab und h\u00e4lt die Haut auch bei intensivsten Trainingseinheiten k\u00fchl, w\u00e4hrend die technische Konstruktion f\u00fcr Komfort und Bewegungsfreiheit sorgt.<\/p>\n<p data-start=\"435\" data-end=\"474\">Die Konstruktion ist so konzipiert, dass sie Folgendes gew\u00e4hrleistet:<\/p>\n<ul data-start=\"475\" data-end=\"670\">\n<li data-section-id=\"mtkc22\" data-start=\"475\" data-end=\"544\"><strong data-start=\"477\" data-end=\"514\">Anhaltendes Frischegef\u00fchl<\/strong> dank des Iso-Chill-Gewebes<\/li>\n<li data-section-id=\"jwj4q6\" data-start=\"545\" data-end=\"610\"><strong data-start=\"547\" data-end=\"578\">Volle Bewegungsfreiheit<\/strong> dank 4-Wege-Stretch<\/li>\n<li data-section-id=\"1ld6ra8\" data-start=\"611\" data-end=\"670\"><strong data-start=\"613\" data-end=\"645\">Optimale Schwei\u00dfregulierung<\/strong> mit schneller Trocknung<\/li>\n<\/ul>\n<p data-start=\"672\" data-end=\"1042\">Die <strong data-start=\"675\" data-end=\"697\">Laserperforationen<\/strong> an Vorder- und R\u00fcckseite verbessern die Bel\u00fcftung zus\u00e4tzlich, w\u00e4hrend der <strong data-start=\"781\" data-end=\"809\">Saum mit seitlichem Schlitz<\/strong> die Bewegungsfreiheit beim Laufen erh\u00f6ht. Die <strong data-start=\"850\" data-end=\"874\">reflektierenden Details<\/strong> sorgen f\u00fcr bessere Sichtbarkeit bei schlechten Lichtverh\u00e4ltnissen, und die <strong data-start=\"945\" data-end=\"970\">Geruchsschutztechnologie<\/strong> tr\u00e4gt dazu bei, dass das Kleidungsst\u00fcck auch nach l\u00e4ngerem Tragen frisch bleibt.<\/p>\n","protected":false},"excerpt":{"rendered":"<ul>\n<li data-section-id=\"189l7r\" data-start=\"1278\" data-end=\"1365\"><strong data-start=\"1280\" data-end=\"1301\">Iso-Chill-Material<\/strong>, das W\u00e4rme ableitet und f\u00fcr ein k\u00fchles Tragegef\u00fchl sorgt<\/li>\n<li data-section-id=\"1bincx1\" data-start=\"1366\" data-end=\"1446\"><strong data-start=\"1368\" data-end=\"1418\">4-Wege-Stretch und schnelltrocknend<\/strong> f\u00fcr Komfort und Leistung<\/li>\n<li data-section-id=\"ynl0yy\" data-start=\"1447\" data-end=\"1533\" data-is-last-node=\"\"><strong data-start=\"1449\" data-end=\"1494\">Laserperforationen und reflektierende Details<\/strong> f\u00fcr optimale Bel\u00fcftung und Sichtbarkeit<\/li>\n<\/ul>\n","protected":false},"featured_media":433627,"template":"","meta":{"_acf_changed":false,"inline_featured_image":false},"product_brand":[],"product_cat":[6540,6513],"product_tag":[20482,20497],"class_list":{"0":"post-433589","1":"product","2":"type-product","3":"status-publish","4":"has-post-thumbnail","6":"product_cat-herrenbekleidung","7":"product_cat-tank-tops","8":"product_tag-under-armour-de","9":"product_tag-under-armour-herren","10":"pa_attivita-fitness-de","11":"pa_attivita-running-de","12":"pa_colore-velociti-pro-shortsleeve-black","13":"pa_marca-under-armour-de","14":"pa_sesso-herren","15":"pa_size-small-de","16":"pa_size-medium-de","17":"pa_size-large-de","18":"pa_size-extra-large-de","20":"first","21":"instock","22":"sale","23":"taxable","24":"shipping-taxable","25":"purchasable","26":"product-type-variable","27":"wvs-archive-product-wrapper"},"acf":[],"yoast_head":"<!-- This site is optimized with the Yoast SEO plugin v26.8 - https:\/\/yoast.com\/product\/yoast-seo-wordpress\/ -->\n<title>Under Armour Velociti PRO shortsleeve herren - Lauf-Tanktop - MioMioRun<\/title>\n<meta name=\"description\" content=\"Technisch und ultraleicht, entwickelt, um auch bei intensivsten Trainingseinheiten f\u00fcr anhaltende Frische, maximale Atmungsaktivit\u00e4t und Bewegungsfreiheit zu sorgen.\" \/>\n<meta name=\"robots\" content=\"index, follow, max-snippet:-1, max-image-preview:large, max-video-preview:-1\" \/>\n<link rel=\"canonical\" href=\"https:\/\/www.miomiorun.com\/de\/produkt\/velociti-pro-shortsleeve-herren\/\" \/>\n<meta property=\"og:locale\" content=\"de_DE\" \/>\n<meta property=\"og:type\" content=\"article\" \/>\n<meta property=\"og:title\" content=\"Under Armour Velociti PRO shortsleeve herren - Lauf-Tanktop - MioMioRun\" \/>\n<meta property=\"og:description\" content=\"Technisch und ultraleicht, entwickelt, um auch bei intensivsten Trainingseinheiten f\u00fcr anhaltende Frische, maximale Atmungsaktivit\u00e4t und Bewegungsfreiheit zu sorgen.\" \/>\n<meta property=\"og:url\" content=\"https:\/\/www.miomiorun.com\/de\/produkt\/velociti-pro-shortsleeve-herren\/\" \/>\n<meta property=\"og:site_name\" content=\"MioMioRun\" \/>\n<meta property=\"article:publisher\" content=\"https:\/\/www.facebook.com\/miomiorun\/\" \/>\n<meta property=\"article:modified_time\" content=\"2026-05-04T17:08:50+00:00\" \/>\n<meta property=\"og:image\" content=\"https:\/\/www.miomiorun.com\/app\/uploads\/2026\/04\/under-armor-Velociti-PRO-shortsleeve-black-6009506-0001.webp\" \/>\n\t<meta property=\"og:image:width\" content=\"720\" \/>\n\t<meta property=\"og:image:height\" content=\"720\" \/>\n\t<meta property=\"og:image:type\" content=\"image\/webp\" \/>\n<meta name=\"twitter:card\" content=\"summary_large_image\" \/>\n<meta name=\"twitter:label1\" content=\"Est. reading time\" \/>\n\t<meta name=\"twitter:data1\" content=\"2 minutes\" \/>\n<script type=\"application\/ld+json\" class=\"yoast-schema-graph\">{\"@context\":\"https:\/\/schema.org\",\"@graph\":[{\"@type\":\"WebPage\",\"@id\":\"https:\/\/www.miomiorun.com\/de\/produkt\/velociti-pro-shortsleeve-herren\/\",\"url\":\"https:\/\/www.miomiorun.com\/de\/produkt\/velociti-pro-shortsleeve-herren\/\",\"name\":\"Under Armour Velociti PRO shortsleeve herren - Lauf-Tanktop - MioMioRun\",\"isPartOf\":{\"@id\":\"https:\/\/www.miomiorun.com\/de\/#website\"},\"primaryImageOfPage\":{\"@id\":\"https:\/\/www.miomiorun.com\/de\/produkt\/velociti-pro-shortsleeve-herren\/#primaryimage\"},\"image\":{\"@id\":\"https:\/\/www.miomiorun.com\/de\/produkt\/velociti-pro-shortsleeve-herren\/#primaryimage\"},\"thumbnailUrl\":\"https:\/\/www.miomiorun.com\/app\/uploads\/2026\/04\/under-armor-Velociti-PRO-shortsleeve-black-6009506-0001.webp\",\"datePublished\":\"2026-04-21T14:26:19+00:00\",\"dateModified\":\"2026-05-04T17:08:50+00:00\",\"description\":\"Technisch und ultraleicht, entwickelt, um auch bei intensivsten Trainingseinheiten f\u00fcr anhaltende Frische, maximale Atmungsaktivit\u00e4t und Bewegungsfreiheit zu sorgen.\",\"breadcrumb\":{\"@id\":\"https:\/\/www.miomiorun.com\/de\/produkt\/velociti-pro-shortsleeve-herren\/#breadcrumb\"},\"inLanguage\":\"de-DE\",\"potentialAction\":[{\"@type\":\"ReadAction\",\"target\":[\"https:\/\/www.miomiorun.com\/de\/produkt\/velociti-pro-shortsleeve-herren\/\"]}]},{\"@type\":\"ImageObject\",\"inLanguage\":\"de-DE\",\"@id\":\"https:\/\/www.miomiorun.com\/de\/produkt\/velociti-pro-shortsleeve-herren\/#primaryimage\",\"url\":\"https:\/\/www.miomiorun.com\/app\/uploads\/2026\/04\/under-armor-Velociti-PRO-shortsleeve-black-6009506-0001.webp\",\"contentUrl\":\"https:\/\/www.miomiorun.com\/app\/uploads\/2026\/04\/under-armor-Velociti-PRO-shortsleeve-black-6009506-0001.webp\",\"width\":720,\"height\":720,\"caption\":\"under armor Velociti PRO shortsleeve black 6009506-0001\"},{\"@type\":\"BreadcrumbList\",\"@id\":\"https:\/\/www.miomiorun.com\/de\/produkt\/velociti-pro-shortsleeve-herren\/#breadcrumb\",\"itemListElement\":[{\"@type\":\"ListItem\",\"position\":1,\"name\":\"Home\",\"item\":\"https:\/\/www.miomiorun.com\/de\/\"},{\"@type\":\"ListItem\",\"position\":2,\"name\":\"Shop\",\"item\":\"https:\/\/www.miomiorun.com\/shop\/\"},{\"@type\":\"ListItem\",\"position\":3,\"name\":\"Velociti PRO shortsleeve herren\"}]},{\"@type\":\"WebSite\",\"@id\":\"https:\/\/www.miomiorun.com\/de\/#website\",\"url\":\"https:\/\/www.miomiorun.com\/de\/\",\"name\":\"MioMioRun\",\"description\":\"100% Lauf- und Trailshop\",\"publisher\":{\"@id\":\"https:\/\/www.miomiorun.com\/de\/#organization\"},\"potentialAction\":[{\"@type\":\"SearchAction\",\"target\":{\"@type\":\"EntryPoint\",\"urlTemplate\":\"https:\/\/www.miomiorun.com\/de\/?s={search_term_string}\"},\"query-input\":{\"@type\":\"PropertyValueSpecification\",\"valueRequired\":true,\"valueName\":\"search_term_string\"}}],\"inLanguage\":\"de-DE\"},{\"@type\":\"Organization\",\"@id\":\"https:\/\/www.miomiorun.com\/de\/#organization\",\"name\":\"MioMio Run\",\"url\":\"https:\/\/www.miomiorun.com\/de\/\",\"logo\":{\"@type\":\"ImageObject\",\"inLanguage\":\"de-DE\",\"@id\":\"https:\/\/www.miomiorun.com\/de\/#\/schema\/logo\/image\/\",\"url\":\"https:\/\/www.miomiorun.com\/app\/uploads\/2019\/12\/logomio.png\",\"contentUrl\":\"https:\/\/www.miomiorun.com\/app\/uploads\/2019\/12\/logomio.png\",\"width\":115,\"height\":82,\"caption\":\"MioMio Run\"},\"image\":{\"@id\":\"https:\/\/www.miomiorun.com\/de\/#\/schema\/logo\/image\/\"},\"sameAs\":[\"https:\/\/www.facebook.com\/miomiorun\/\",\"https:\/\/www.instagram.com\/miomiorun\/\"]}]}<\/script>\n<!-- \/ Yoast SEO plugin. -->","yoast_head_json":{"title":"Under Armour Velociti PRO shortsleeve herren - Lauf-Tanktop - MioMioRun","description":"Technisch und ultraleicht, entwickelt, um auch bei intensivsten Trainingseinheiten f\u00fcr anhaltende Frische, maximale Atmungsaktivit\u00e4t und Bewegungsfreiheit zu sorgen.","robots":{"index":"index","follow":"follow","max-snippet":"max-snippet:-1","max-image-preview":"max-image-preview:large","max-video-preview":"max-video-preview:-1"},"canonical":"https:\/\/www.miomiorun.com\/de\/produkt\/velociti-pro-shortsleeve-herren\/","og_locale":"de_DE","og_type":"article","og_title":"Under Armour Velociti PRO shortsleeve herren - Lauf-Tanktop - MioMioRun","og_description":"Technisch und ultraleicht, entwickelt, um auch bei intensivsten Trainingseinheiten f\u00fcr anhaltende Frische, maximale Atmungsaktivit\u00e4t und Bewegungsfreiheit zu sorgen.","og_url":"https:\/\/www.miomiorun.com\/de\/produkt\/velociti-pro-shortsleeve-herren\/","og_site_name":"MioMioRun","article_publisher":"https:\/\/www.facebook.com\/miomiorun\/","article_modified_time":"2026-05-04T17:08:50+00:00","og_image":[{"width":720,"height":720,"url":"https:\/\/www.miomiorun.com\/app\/uploads\/2026\/04\/under-armor-Velociti-PRO-shortsleeve-black-6009506-0001.webp","type":"image\/webp"}],"twitter_card":"summary_large_image","twitter_misc":{"Est. reading time":"2 minutes"},"schema":{"@context":"https:\/\/schema.org","@graph":[{"@type":"WebPage","@id":"https:\/\/www.miomiorun.com\/de\/produkt\/velociti-pro-shortsleeve-herren\/","url":"https:\/\/www.miomiorun.com\/de\/produkt\/velociti-pro-shortsleeve-herren\/","name":"Under Armour Velociti PRO shortsleeve herren - Lauf-Tanktop - MioMioRun","isPartOf":{"@id":"https:\/\/www.miomiorun.com\/de\/#website"},"primaryImageOfPage":{"@id":"https:\/\/www.miomiorun.com\/de\/produkt\/velociti-pro-shortsleeve-herren\/#primaryimage"},"image":{"@id":"https:\/\/www.miomiorun.com\/de\/produkt\/velociti-pro-shortsleeve-herren\/#primaryimage"},"thumbnailUrl":"https:\/\/www.miomiorun.com\/app\/uploads\/2026\/04\/under-armor-Velociti-PRO-shortsleeve-black-6009506-0001.webp","datePublished":"2026-04-21T14:26:19+00:00","dateModified":"2026-05-04T17:08:50+00:00","description":"Technisch und ultraleicht, entwickelt, um auch bei intensivsten Trainingseinheiten f\u00fcr anhaltende Frische, maximale Atmungsaktivit\u00e4t und Bewegungsfreiheit zu sorgen.","breadcrumb":{"@id":"https:\/\/www.miomiorun.com\/de\/produkt\/velociti-pro-shortsleeve-herren\/#breadcrumb"},"inLanguage":"de-DE","potentialAction":[{"@type":"ReadAction","target":["https:\/\/www.miomiorun.com\/de\/produkt\/velociti-pro-shortsleeve-herren\/"]}]},{"@type":"ImageObject","inLanguage":"de-DE","@id":"https:\/\/www.miomiorun.com\/de\/produkt\/velociti-pro-shortsleeve-herren\/#primaryimage","url":"https:\/\/www.miomiorun.com\/app\/uploads\/2026\/04\/under-armor-Velociti-PRO-shortsleeve-black-6009506-0001.webp","contentUrl":"https:\/\/www.miomiorun.com\/app\/uploads\/2026\/04\/under-armor-Velociti-PRO-shortsleeve-black-6009506-0001.webp","width":720,"height":720,"caption":"under armor Velociti PRO shortsleeve black 6009506-0001"},{"@type":"BreadcrumbList","@id":"https:\/\/www.miomiorun.com\/de\/produkt\/velociti-pro-shortsleeve-herren\/#breadcrumb","itemListElement":[{"@type":"ListItem","position":1,"name":"Home","item":"https:\/\/www.miomiorun.com\/de\/"},{"@type":"ListItem","position":2,"name":"Shop","item":"https:\/\/www.miomiorun.com\/shop\/"},{"@type":"ListItem","position":3,"name":"Velociti PRO shortsleeve herren"}]},{"@type":"WebSite","@id":"https:\/\/www.miomiorun.com\/de\/#website","url":"https:\/\/www.miomiorun.com\/de\/","name":"MioMioRun","description":"100% Lauf- und Trailshop","publisher":{"@id":"https:\/\/www.miomiorun.com\/de\/#organization"},"potentialAction":[{"@type":"SearchAction","target":{"@type":"EntryPoint","urlTemplate":"https:\/\/www.miomiorun.com\/de\/?s={search_term_string}"},"query-input":{"@type":"PropertyValueSpecification","valueRequired":true,"valueName":"search_term_string"}}],"inLanguage":"de-DE"},{"@type":"Organization","@id":"https:\/\/www.miomiorun.com\/de\/#organization","name":"MioMio Run","url":"https:\/\/www.miomiorun.com\/de\/","logo":{"@type":"ImageObject","inLanguage":"de-DE","@id":"https:\/\/www.miomiorun.com\/de\/#\/schema\/logo\/image\/","url":"https:\/\/www.miomiorun.com\/app\/uploads\/2019\/12\/logomio.png","contentUrl":"https:\/\/www.miomiorun.com\/app\/uploads\/2019\/12\/logomio.png","width":115,"height":82,"caption":"MioMio Run"},"image":{"@id":"https:\/\/www.miomiorun.com\/de\/#\/schema\/logo\/image\/"},"sameAs":["https:\/\/www.facebook.com\/miomiorun\/","https:\/\/www.instagram.com\/miomiorun\/"]}]}},"_links":{"self":[{"href":"https:\/\/www.miomiorun.com\/de\/wp-json\/wp\/v2\/product\/433589","targetHints":{"allow":["GET"]}}],"collection":[{"href":"https:\/\/www.miomiorun.com\/de\/wp-json\/wp\/v2\/product"}],"about":[{"href":"https:\/\/www.miomiorun.com\/de\/wp-json\/wp\/v2\/types\/product"}],"wp:featuredmedia":[{"embeddable":true,"href":"https:\/\/www.miomiorun.com\/de\/wp-json\/wp\/v2\/media\/433627"}],"wp:attachment":[{"href":"https:\/\/www.miomiorun.com\/de\/wp-json\/wp\/v2\/media?parent=433589"}],"wp:term":[{"taxonomy":"product_brand","embeddable":true,"href":"https:\/\/www.miomiorun.com\/de\/wp-json\/wp\/v2\/product_brand?post=433589"},{"taxonomy":"product_cat","embeddable":true,"href":"https:\/\/www.miomiorun.com\/de\/wp-json\/wp\/v2\/product_cat?post=433589"},{"taxonomy":"product_tag","embeddable":true,"href":"https:\/\/www.miomiorun.com\/de\/wp-json\/wp\/v2\/product_tag?post=433589"}],"curies":[{"name":"wp","href":"https:\/\/api.w.org\/{rel}","templated":true}]}}