{"id":433526,"date":"2026-04-21T16:03:57","date_gmt":"2026-04-21T14:03:57","guid":{"rendered":"https:\/\/www.miomiorun.com\/?post_type=product&#038;p=433526"},"modified":"2026-05-04T19:11:25","modified_gmt":"2026-05-04T17:11:25","slug":"velociti-elite-tank-herren","status":"publish","type":"product","link":"https:\/\/www.miomiorun.com\/de\/produkt\/velociti-elite-tank-herren\/","title":{"rendered":"Velociti Elite tank herren"},"content":{"rendered":"<p data-start=\"0\" data-end=\"358\">Das <span class=\"hover:entity-accent entity-underline inline cursor-pointer align-baseline\"><span class=\"whitespace-normal\">Under Armour<\/span><\/span> UA Velociti Elite Tanktop f\u00fcr Herren wurde entwickelt, um beim Laufen <strong data-start=\"128\" data-end=\"151\">hohe Leistung<\/strong>, <strong data-start=\"153\" data-end=\"167\">Leichtigkeit<\/strong> und <strong data-start=\"170\" data-end=\"196\">maximale Atmungsaktivit\u00e4t<\/strong> zu bieten. Es wurde f\u00fcr anspruchsvolle L\u00e4ufer entwickelt und kombiniert technische Materialien mit einer schlichten Konstruktion, um Komfort und Bewegungsfreiheit in jeder Phase des Trainings zu gew\u00e4hrleisten.<\/p>\n<p data-start=\"360\" data-end=\"408\">Die Konstruktion des Kleidungsst\u00fccks ist so konzipiert, dass sie Folgendes gew\u00e4hrleistet:<\/p>\n<ul data-start=\"409\" data-end=\"630\">\n<li data-section-id=\"1gazi8w\" data-start=\"409\" data-end=\"487\"><strong data-start=\"411\" data-end=\"433\">Nat\u00fcrliche Bewegungsfreiheit<\/strong> dank des leichten Stretchmaterials auf der Vorderseite<\/li>\n<li data-section-id=\"12g8kzf\" data-start=\"488\" data-end=\"570\"><strong data-start=\"490\" data-end=\"515\">Kontinuierliche Bel\u00fcftung<\/strong> mit hoch atmungsaktiver Ripstop-R\u00fcckseite<\/li>\n<li data-section-id=\"qimnkb\" data-start=\"571\" data-end=\"630\"><strong data-start=\"573\" data-end=\"605\">Effektiver Schwei\u00dfmanagement<\/strong> mit schneller Trocknung<\/li>\n<\/ul>\n<p data-start=\"632\" data-end=\"957\">Die Details an <strong data-start=\"657\" data-end=\"696\">Ausschnitt, Armausschnitt und Saum<\/strong> sorgen f\u00fcr ein Gef\u00fchl absoluter Bewegungsfreiheit und einen klaren Look, w\u00e4hrend sie Reibung beim Laufen auf ein Minimum reduzieren. Das Material verf\u00fcgt zudem \u00fcber eine <strong data-start=\"841\" data-end=\"880\">Geruchskontrolltechnologie<\/strong>, die auch bei intensivsten Trainingseinheiten f\u00fcr Frische und Komfort sorgt.<\/p>\n","protected":false},"excerpt":{"rendered":"<ul>\n<li data-section-id=\"1cav70b\" data-start=\"1176\" data-end=\"1256\"><strong data-start=\"1178\" data-end=\"1222\">Leichtes, elastisches Funktionsmaterial<\/strong> f\u00fcr einen fl\u00fcssigen und nat\u00fcrlichen Lauf<\/li>\n<li data-section-id=\"1jdthcg\" data-start=\"1257\" data-end=\"1333\"><strong data-start=\"1259\" data-end=\"1305\">R\u00fcckenteil aus atmungsaktivem Ripstop-Material<\/strong> f\u00fcr eine konstante Bel\u00fcftung<\/li>\n<li data-section-id=\"zl28ct\" data-start=\"1334\" data-end=\"1415\" data-is-last-node=\"\"><strong data-start=\"1336\" data-end=\"1383\">Kombinierte Oberfl\u00e4chen und Geruchsschutztechnologie<\/strong> f\u00fcr dauerhaften Komfort und Sauberkeit<\/li>\n<\/ul>\n","protected":false},"featured_media":433572,"template":"","meta":{"_acf_changed":false,"inline_featured_image":false},"product_brand":[],"product_cat":[6540,6513],"product_tag":[20482,20497],"class_list":{"0":"post-433526","1":"product","2":"type-product","3":"status-publish","4":"has-post-thumbnail","6":"product_cat-herrenbekleidung","7":"product_cat-tank-tops","8":"product_tag-under-armour-de","9":"product_tag-under-armour-herren","10":"pa_attivita-fitness-de","11":"pa_attivita-running-de","12":"pa_colore-velociti-elite-tank-refresh","13":"pa_marca-under-armour-de","14":"pa_sesso-herren","15":"pa_size-small-de","16":"pa_size-medium-de","17":"pa_size-large-de","18":"pa_size-extra-large-de","20":"first","21":"instock","22":"sale","23":"taxable","24":"shipping-taxable","25":"purchasable","26":"product-type-variable","27":"wvs-archive-product-wrapper"},"acf":[],"yoast_head":"<!-- This site is optimized with the Yoast SEO plugin v26.8 - https:\/\/yoast.com\/product\/yoast-seo-wordpress\/ -->\n<title>Under Armour Velociti Elite tank herren - Lauf-Tanktop - MioMioRun<\/title>\n<meta name=\"description\" content=\"Leichtes und atmungsaktives Lauf-Tanktop, das f\u00fcr maximale Bel\u00fcftung, Bewegungsfreiheit und dauerhaften Komfort bei jedem Training entwickelt wurde.\" \/>\n<meta name=\"robots\" content=\"index, follow, max-snippet:-1, max-image-preview:large, max-video-preview:-1\" \/>\n<link rel=\"canonical\" href=\"https:\/\/www.miomiorun.com\/de\/produkt\/velociti-elite-tank-herren\/\" \/>\n<meta property=\"og:locale\" content=\"de_DE\" \/>\n<meta property=\"og:type\" content=\"article\" \/>\n<meta property=\"og:title\" content=\"Under Armour Velociti Elite tank herren - Lauf-Tanktop - MioMioRun\" \/>\n<meta property=\"og:description\" content=\"Leichtes und atmungsaktives Lauf-Tanktop, das f\u00fcr maximale Bel\u00fcftung, Bewegungsfreiheit und dauerhaften Komfort bei jedem Training entwickelt wurde.\" \/>\n<meta property=\"og:url\" content=\"https:\/\/www.miomiorun.com\/de\/produkt\/velociti-elite-tank-herren\/\" \/>\n<meta property=\"og:site_name\" content=\"MioMioRun\" \/>\n<meta property=\"article:publisher\" content=\"https:\/\/www.facebook.com\/miomiorun\/\" \/>\n<meta property=\"article:modified_time\" content=\"2026-05-04T17:11:25+00:00\" \/>\n<meta property=\"og:image\" content=\"https:\/\/www.miomiorun.com\/app\/uploads\/2026\/04\/under-armor-Velociti-Elite-tank-refresh-6009502-0703.webp\" \/>\n\t<meta property=\"og:image:width\" content=\"720\" \/>\n\t<meta property=\"og:image:height\" content=\"720\" \/>\n\t<meta property=\"og:image:type\" content=\"image\/webp\" \/>\n<meta name=\"twitter:card\" content=\"summary_large_image\" \/>\n<meta name=\"twitter:label1\" content=\"Est. reading time\" \/>\n\t<meta name=\"twitter:data1\" content=\"2 minutes\" \/>\n<script type=\"application\/ld+json\" class=\"yoast-schema-graph\">{\"@context\":\"https:\/\/schema.org\",\"@graph\":[{\"@type\":\"WebPage\",\"@id\":\"https:\/\/www.miomiorun.com\/de\/produkt\/velociti-elite-tank-herren\/\",\"url\":\"https:\/\/www.miomiorun.com\/de\/produkt\/velociti-elite-tank-herren\/\",\"name\":\"Under Armour Velociti Elite tank herren - Lauf-Tanktop - MioMioRun\",\"isPartOf\":{\"@id\":\"https:\/\/www.miomiorun.com\/de\/#website\"},\"primaryImageOfPage\":{\"@id\":\"https:\/\/www.miomiorun.com\/de\/produkt\/velociti-elite-tank-herren\/#primaryimage\"},\"image\":{\"@id\":\"https:\/\/www.miomiorun.com\/de\/produkt\/velociti-elite-tank-herren\/#primaryimage\"},\"thumbnailUrl\":\"https:\/\/www.miomiorun.com\/app\/uploads\/2026\/04\/under-armor-Velociti-Elite-tank-refresh-6009502-0703.webp\",\"datePublished\":\"2026-04-21T14:03:57+00:00\",\"dateModified\":\"2026-05-04T17:11:25+00:00\",\"description\":\"Leichtes und atmungsaktives Lauf-Tanktop, das f\u00fcr maximale Bel\u00fcftung, Bewegungsfreiheit und dauerhaften Komfort bei jedem Training entwickelt wurde.\",\"breadcrumb\":{\"@id\":\"https:\/\/www.miomiorun.com\/de\/produkt\/velociti-elite-tank-herren\/#breadcrumb\"},\"inLanguage\":\"de-DE\",\"potentialAction\":[{\"@type\":\"ReadAction\",\"target\":[\"https:\/\/www.miomiorun.com\/de\/produkt\/velociti-elite-tank-herren\/\"]}]},{\"@type\":\"ImageObject\",\"inLanguage\":\"de-DE\",\"@id\":\"https:\/\/www.miomiorun.com\/de\/produkt\/velociti-elite-tank-herren\/#primaryimage\",\"url\":\"https:\/\/www.miomiorun.com\/app\/uploads\/2026\/04\/under-armor-Velociti-Elite-tank-refresh-6009502-0703.webp\",\"contentUrl\":\"https:\/\/www.miomiorun.com\/app\/uploads\/2026\/04\/under-armor-Velociti-Elite-tank-refresh-6009502-0703.webp\",\"width\":720,\"height\":720,\"caption\":\"under armor Velociti Elite tank refresh 6009502-0703\"},{\"@type\":\"BreadcrumbList\",\"@id\":\"https:\/\/www.miomiorun.com\/de\/produkt\/velociti-elite-tank-herren\/#breadcrumb\",\"itemListElement\":[{\"@type\":\"ListItem\",\"position\":1,\"name\":\"Home\",\"item\":\"https:\/\/www.miomiorun.com\/de\/\"},{\"@type\":\"ListItem\",\"position\":2,\"name\":\"Shop\",\"item\":\"https:\/\/www.miomiorun.com\/shop\/\"},{\"@type\":\"ListItem\",\"position\":3,\"name\":\"Velociti Elite tank herren\"}]},{\"@type\":\"WebSite\",\"@id\":\"https:\/\/www.miomiorun.com\/de\/#website\",\"url\":\"https:\/\/www.miomiorun.com\/de\/\",\"name\":\"MioMioRun\",\"description\":\"100% Lauf- und Trailshop\",\"publisher\":{\"@id\":\"https:\/\/www.miomiorun.com\/de\/#organization\"},\"potentialAction\":[{\"@type\":\"SearchAction\",\"target\":{\"@type\":\"EntryPoint\",\"urlTemplate\":\"https:\/\/www.miomiorun.com\/de\/?s={search_term_string}\"},\"query-input\":{\"@type\":\"PropertyValueSpecification\",\"valueRequired\":true,\"valueName\":\"search_term_string\"}}],\"inLanguage\":\"de-DE\"},{\"@type\":\"Organization\",\"@id\":\"https:\/\/www.miomiorun.com\/de\/#organization\",\"name\":\"MioMio Run\",\"url\":\"https:\/\/www.miomiorun.com\/de\/\",\"logo\":{\"@type\":\"ImageObject\",\"inLanguage\":\"de-DE\",\"@id\":\"https:\/\/www.miomiorun.com\/de\/#\/schema\/logo\/image\/\",\"url\":\"https:\/\/www.miomiorun.com\/app\/uploads\/2019\/12\/logomio.png\",\"contentUrl\":\"https:\/\/www.miomiorun.com\/app\/uploads\/2019\/12\/logomio.png\",\"width\":115,\"height\":82,\"caption\":\"MioMio Run\"},\"image\":{\"@id\":\"https:\/\/www.miomiorun.com\/de\/#\/schema\/logo\/image\/\"},\"sameAs\":[\"https:\/\/www.facebook.com\/miomiorun\/\",\"https:\/\/www.instagram.com\/miomiorun\/\"]}]}<\/script>\n<!-- \/ Yoast SEO plugin. -->","yoast_head_json":{"title":"Under Armour Velociti Elite tank herren - Lauf-Tanktop - MioMioRun","description":"Leichtes und atmungsaktives Lauf-Tanktop, das f\u00fcr maximale Bel\u00fcftung, Bewegungsfreiheit und dauerhaften Komfort bei jedem Training entwickelt wurde.","robots":{"index":"index","follow":"follow","max-snippet":"max-snippet:-1","max-image-preview":"max-image-preview:large","max-video-preview":"max-video-preview:-1"},"canonical":"https:\/\/www.miomiorun.com\/de\/produkt\/velociti-elite-tank-herren\/","og_locale":"de_DE","og_type":"article","og_title":"Under Armour Velociti Elite tank herren - Lauf-Tanktop - MioMioRun","og_description":"Leichtes und atmungsaktives Lauf-Tanktop, das f\u00fcr maximale Bel\u00fcftung, Bewegungsfreiheit und dauerhaften Komfort bei jedem Training entwickelt wurde.","og_url":"https:\/\/www.miomiorun.com\/de\/produkt\/velociti-elite-tank-herren\/","og_site_name":"MioMioRun","article_publisher":"https:\/\/www.facebook.com\/miomiorun\/","article_modified_time":"2026-05-04T17:11:25+00:00","og_image":[{"width":720,"height":720,"url":"https:\/\/www.miomiorun.com\/app\/uploads\/2026\/04\/under-armor-Velociti-Elite-tank-refresh-6009502-0703.webp","type":"image\/webp"}],"twitter_card":"summary_large_image","twitter_misc":{"Est. reading time":"2 minutes"},"schema":{"@context":"https:\/\/schema.org","@graph":[{"@type":"WebPage","@id":"https:\/\/www.miomiorun.com\/de\/produkt\/velociti-elite-tank-herren\/","url":"https:\/\/www.miomiorun.com\/de\/produkt\/velociti-elite-tank-herren\/","name":"Under Armour Velociti Elite tank herren - Lauf-Tanktop - MioMioRun","isPartOf":{"@id":"https:\/\/www.miomiorun.com\/de\/#website"},"primaryImageOfPage":{"@id":"https:\/\/www.miomiorun.com\/de\/produkt\/velociti-elite-tank-herren\/#primaryimage"},"image":{"@id":"https:\/\/www.miomiorun.com\/de\/produkt\/velociti-elite-tank-herren\/#primaryimage"},"thumbnailUrl":"https:\/\/www.miomiorun.com\/app\/uploads\/2026\/04\/under-armor-Velociti-Elite-tank-refresh-6009502-0703.webp","datePublished":"2026-04-21T14:03:57+00:00","dateModified":"2026-05-04T17:11:25+00:00","description":"Leichtes und atmungsaktives Lauf-Tanktop, das f\u00fcr maximale Bel\u00fcftung, Bewegungsfreiheit und dauerhaften Komfort bei jedem Training entwickelt wurde.","breadcrumb":{"@id":"https:\/\/www.miomiorun.com\/de\/produkt\/velociti-elite-tank-herren\/#breadcrumb"},"inLanguage":"de-DE","potentialAction":[{"@type":"ReadAction","target":["https:\/\/www.miomiorun.com\/de\/produkt\/velociti-elite-tank-herren\/"]}]},{"@type":"ImageObject","inLanguage":"de-DE","@id":"https:\/\/www.miomiorun.com\/de\/produkt\/velociti-elite-tank-herren\/#primaryimage","url":"https:\/\/www.miomiorun.com\/app\/uploads\/2026\/04\/under-armor-Velociti-Elite-tank-refresh-6009502-0703.webp","contentUrl":"https:\/\/www.miomiorun.com\/app\/uploads\/2026\/04\/under-armor-Velociti-Elite-tank-refresh-6009502-0703.webp","width":720,"height":720,"caption":"under armor Velociti Elite tank refresh 6009502-0703"},{"@type":"BreadcrumbList","@id":"https:\/\/www.miomiorun.com\/de\/produkt\/velociti-elite-tank-herren\/#breadcrumb","itemListElement":[{"@type":"ListItem","position":1,"name":"Home","item":"https:\/\/www.miomiorun.com\/de\/"},{"@type":"ListItem","position":2,"name":"Shop","item":"https:\/\/www.miomiorun.com\/shop\/"},{"@type":"ListItem","position":3,"name":"Velociti Elite tank herren"}]},{"@type":"WebSite","@id":"https:\/\/www.miomiorun.com\/de\/#website","url":"https:\/\/www.miomiorun.com\/de\/","name":"MioMioRun","description":"100% Lauf- und Trailshop","publisher":{"@id":"https:\/\/www.miomiorun.com\/de\/#organization"},"potentialAction":[{"@type":"SearchAction","target":{"@type":"EntryPoint","urlTemplate":"https:\/\/www.miomiorun.com\/de\/?s={search_term_string}"},"query-input":{"@type":"PropertyValueSpecification","valueRequired":true,"valueName":"search_term_string"}}],"inLanguage":"de-DE"},{"@type":"Organization","@id":"https:\/\/www.miomiorun.com\/de\/#organization","name":"MioMio Run","url":"https:\/\/www.miomiorun.com\/de\/","logo":{"@type":"ImageObject","inLanguage":"de-DE","@id":"https:\/\/www.miomiorun.com\/de\/#\/schema\/logo\/image\/","url":"https:\/\/www.miomiorun.com\/app\/uploads\/2019\/12\/logomio.png","contentUrl":"https:\/\/www.miomiorun.com\/app\/uploads\/2019\/12\/logomio.png","width":115,"height":82,"caption":"MioMio Run"},"image":{"@id":"https:\/\/www.miomiorun.com\/de\/#\/schema\/logo\/image\/"},"sameAs":["https:\/\/www.facebook.com\/miomiorun\/","https:\/\/www.instagram.com\/miomiorun\/"]}]}},"_links":{"self":[{"href":"https:\/\/www.miomiorun.com\/de\/wp-json\/wp\/v2\/product\/433526","targetHints":{"allow":["GET"]}}],"collection":[{"href":"https:\/\/www.miomiorun.com\/de\/wp-json\/wp\/v2\/product"}],"about":[{"href":"https:\/\/www.miomiorun.com\/de\/wp-json\/wp\/v2\/types\/product"}],"wp:featuredmedia":[{"embeddable":true,"href":"https:\/\/www.miomiorun.com\/de\/wp-json\/wp\/v2\/media\/433572"}],"wp:attachment":[{"href":"https:\/\/www.miomiorun.com\/de\/wp-json\/wp\/v2\/media?parent=433526"}],"wp:term":[{"taxonomy":"product_brand","embeddable":true,"href":"https:\/\/www.miomiorun.com\/de\/wp-json\/wp\/v2\/product_brand?post=433526"},{"taxonomy":"product_cat","embeddable":true,"href":"https:\/\/www.miomiorun.com\/de\/wp-json\/wp\/v2\/product_cat?post=433526"},{"taxonomy":"product_tag","embeddable":true,"href":"https:\/\/www.miomiorun.com\/de\/wp-json\/wp\/v2\/product_tag?post=433526"}],"curies":[{"name":"wp","href":"https:\/\/api.w.org\/{rel}","templated":true}]}}