{"id":433478,"date":"2026-04-21T15:48:44","date_gmt":"2026-04-21T13:48:44","guid":{"rendered":"https:\/\/www.miomiorun.com\/?post_type=product&#038;p=433478"},"modified":"2026-05-04T19:13:30","modified_gmt":"2026-05-04T17:13:30","slug":"velociti-elite-short-damen","status":"publish","type":"product","link":"https:\/\/www.miomiorun.com\/de\/produkt\/velociti-elite-short-damen\/","title":{"rendered":"Velociti Elite short damen"},"content":{"rendered":"<p data-start=\"0\" data-end=\"373\">Die Damen-Shorts <span class=\"hover:entity-accent entity-underline inline cursor-pointer align-baseline\"><span class=\"whitespace-normal\">Under Armour<\/span><\/span> UA Velociti Elite wurden entwickelt, um bei jedem Lauf <strong data-start=\"132\" data-end=\"155\">hohe Leistung<\/strong>, <strong data-start=\"157\" data-end=\"171\">Leichtigkeit<\/strong> und <strong data-start=\"174\" data-end=\"200\">maximale Atmungsaktivit\u00e4t<\/strong> zu bieten. Sie sind ideal f\u00fcr L\u00e4uferinnen, die Geschwindigkeit und Komfort suchen, und verbinden technische Materialien mit einem schlichten Design, um dich auch bei den intensivsten Trainingseinheiten zu begleiten.<\/p>\n<p data-start=\"375\" data-end=\"415\">Die Konstruktion ist so ausgelegt, dass sie Folgendes gew\u00e4hrleistet:<\/p>\n<ul data-start=\"416\" data-end=\"629\">\n<li data-section-id=\"1c9aar5\" data-start=\"416\" data-end=\"486\"><strong data-start=\"418\" data-end=\"440\">Nat\u00fcrliche Bewegungsfreiheit<\/strong> dank des Stretchmaterials auf der Vorderseite<\/li>\n<li data-section-id=\"v7st63\" data-start=\"487\" data-end=\"569\"><strong data-start=\"489\" data-end=\"514\">St\u00e4ndige Bel\u00fcftung<\/strong> mit einer R\u00fcckseite aus extrem atmungsaktivem Ripstop-Material<\/li>\n<li data-section-id=\"1ld6ra8\" data-start=\"570\" data-end=\"629\"><strong data-start=\"572\" data-end=\"604\">Optimale Schwei\u00dfregulierung<\/strong> mit schneller Trocknung<\/li>\n<\/ul>\n<p data-start=\"631\" data-end=\"1042\">Der <strong data-start=\"634\" data-end=\"660\">integrierte Innenslip<\/strong> sorgt f\u00fcr mehr Bedeckung und Komfort, w\u00e4hrend der <strong data-start=\"710\" data-end=\"747\">elastische Bund mit Kordelzug<\/strong> eine pr\u00e4zise Anpassung der Passform erm\u00f6glicht. Die <strong data-start=\"803\" data-end=\"824\">funktionalen Taschen<\/strong>, darunter eine R\u00fcckentasche mit Rei\u00dfverschluss und Innentaschen, bieten praktische Aufbewahrungsm\u00f6glichkeiten beim Laufen. Abgerundet wird das Kleidungsst\u00fcck durch <strong data-start=\"933\" data-end=\"966\">\u00fcberlappende Seitenn\u00e4hte<\/strong> f\u00fcr eine klare Silhouette und den Stoff, der zu mindestens 80 % aus recyceltem Polyester besteht.<\/p>\n","protected":false},"excerpt":{"rendered":"<ul>\n<li data-section-id=\"1c413vj\" data-start=\"1259\" data-end=\"1337\"><strong data-start=\"1261\" data-end=\"1300\">Leichtes, atmungsaktives Funktionsmaterial<\/strong> mit Ripstop-Einsatz am R\u00fccken<\/li>\n<li data-section-id=\"vudg71\" data-start=\"1338\" data-end=\"1418\"><strong data-start=\"1340\" data-end=\"1384\">Schnelle Trocknung und Schwei\u00dfmanagement<\/strong>, um die Haut trocken zu halten<\/li>\n<li data-section-id=\"yi0iil\" data-start=\"1419\" data-end=\"1498\" data-is-last-node=\"\"><strong data-start=\"1421\" data-end=\"1457\">Innenhose und funktionelle Taschen<\/strong> f\u00fcr Komfort und Funktionalit\u00e4t beim Laufen<\/li>\n<\/ul>\n","protected":false},"featured_media":433507,"template":"","meta":{"_acf_changed":false,"inline_featured_image":false},"product_brand":[],"product_cat":[6401,6488],"product_tag":[20482,20495],"class_list":{"0":"post-433478","1":"product","2":"type-product","3":"status-publish","4":"has-post-thumbnail","6":"product_cat-damenbekleidung","7":"product_cat-damenshorts-de","8":"product_tag-under-armour-de","9":"product_tag-under-armour-damen","10":"pa_attivita-fitness-de","11":"pa_attivita-running-de","12":"pa_colore-velociti-elite-short-w-ultimate","13":"pa_marca-under-armour-de","14":"pa_sesso-damen","15":"pa_size-extra-small-de","16":"pa_size-small-de","17":"pa_size-medium-de","19":"first","20":"instock","21":"sale","22":"taxable","23":"shipping-taxable","24":"purchasable","25":"product-type-variable","26":"wvs-archive-product-wrapper"},"acf":[],"yoast_head":"<!-- This site is optimized with the Yoast SEO plugin v26.8 - https:\/\/yoast.com\/product\/yoast-seo-wordpress\/ -->\n<title>Under Armour Velociti Elite short damen - Damenhosen - MioMioRun<\/title>\n<meta name=\"description\" content=\"Leichte und atmungsaktive Laufshorts, die f\u00fcr maximale Bewegungsfreiheit, dauerhaften Komfort und Funktionalit\u00e4t beim Training und bei Wettk\u00e4mpfen entwickelt wurden.\" \/>\n<meta name=\"robots\" content=\"index, follow, max-snippet:-1, max-image-preview:large, max-video-preview:-1\" \/>\n<link rel=\"canonical\" href=\"https:\/\/www.miomiorun.com\/de\/produkt\/velociti-elite-short-damen\/\" \/>\n<meta property=\"og:locale\" content=\"de_DE\" \/>\n<meta property=\"og:type\" content=\"article\" \/>\n<meta property=\"og:title\" content=\"Under Armour Velociti Elite short damen - Damenhosen - MioMioRun\" \/>\n<meta property=\"og:description\" content=\"Leichte und atmungsaktive Laufshorts, die f\u00fcr maximale Bewegungsfreiheit, dauerhaften Komfort und Funktionalit\u00e4t beim Training und bei Wettk\u00e4mpfen entwickelt wurden.\" \/>\n<meta property=\"og:url\" content=\"https:\/\/www.miomiorun.com\/de\/produkt\/velociti-elite-short-damen\/\" \/>\n<meta property=\"og:site_name\" content=\"MioMioRun\" \/>\n<meta property=\"article:publisher\" content=\"https:\/\/www.facebook.com\/miomiorun\/\" \/>\n<meta property=\"article:modified_time\" content=\"2026-05-04T17:13:30+00:00\" \/>\n<meta property=\"og:image\" content=\"https:\/\/www.miomiorun.com\/app\/uploads\/2026\/04\/under-armor-Velociti-Elite-short-ultimate-W-6009501-0008.webp\" \/>\n\t<meta property=\"og:image:width\" content=\"720\" \/>\n\t<meta property=\"og:image:height\" content=\"720\" \/>\n\t<meta property=\"og:image:type\" content=\"image\/webp\" \/>\n<meta name=\"twitter:card\" content=\"summary_large_image\" \/>\n<meta name=\"twitter:label1\" content=\"Est. reading time\" \/>\n\t<meta name=\"twitter:data1\" content=\"1 minute\" \/>\n<script type=\"application\/ld+json\" class=\"yoast-schema-graph\">{\"@context\":\"https:\/\/schema.org\",\"@graph\":[{\"@type\":\"WebPage\",\"@id\":\"https:\/\/www.miomiorun.com\/de\/produkt\/velociti-elite-short-damen\/\",\"url\":\"https:\/\/www.miomiorun.com\/de\/produkt\/velociti-elite-short-damen\/\",\"name\":\"Under Armour Velociti Elite short damen - Damenhosen - MioMioRun\",\"isPartOf\":{\"@id\":\"https:\/\/www.miomiorun.com\/de\/#website\"},\"primaryImageOfPage\":{\"@id\":\"https:\/\/www.miomiorun.com\/de\/produkt\/velociti-elite-short-damen\/#primaryimage\"},\"image\":{\"@id\":\"https:\/\/www.miomiorun.com\/de\/produkt\/velociti-elite-short-damen\/#primaryimage\"},\"thumbnailUrl\":\"https:\/\/www.miomiorun.com\/app\/uploads\/2026\/04\/under-armor-Velociti-Elite-short-ultimate-W-6009501-0008.webp\",\"datePublished\":\"2026-04-21T13:48:44+00:00\",\"dateModified\":\"2026-05-04T17:13:30+00:00\",\"description\":\"Leichte und atmungsaktive Laufshorts, die f\u00fcr maximale Bewegungsfreiheit, dauerhaften Komfort und Funktionalit\u00e4t beim Training und bei Wettk\u00e4mpfen entwickelt wurden.\",\"breadcrumb\":{\"@id\":\"https:\/\/www.miomiorun.com\/de\/produkt\/velociti-elite-short-damen\/#breadcrumb\"},\"inLanguage\":\"de-DE\",\"potentialAction\":[{\"@type\":\"ReadAction\",\"target\":[\"https:\/\/www.miomiorun.com\/de\/produkt\/velociti-elite-short-damen\/\"]}]},{\"@type\":\"ImageObject\",\"inLanguage\":\"de-DE\",\"@id\":\"https:\/\/www.miomiorun.com\/de\/produkt\/velociti-elite-short-damen\/#primaryimage\",\"url\":\"https:\/\/www.miomiorun.com\/app\/uploads\/2026\/04\/under-armor-Velociti-Elite-short-ultimate-W-6009501-0008.webp\",\"contentUrl\":\"https:\/\/www.miomiorun.com\/app\/uploads\/2026\/04\/under-armor-Velociti-Elite-short-ultimate-W-6009501-0008.webp\",\"width\":720,\"height\":720,\"caption\":\"under armor Velociti Elite short ultimate W 6009501-0008\"},{\"@type\":\"BreadcrumbList\",\"@id\":\"https:\/\/www.miomiorun.com\/de\/produkt\/velociti-elite-short-damen\/#breadcrumb\",\"itemListElement\":[{\"@type\":\"ListItem\",\"position\":1,\"name\":\"Home\",\"item\":\"https:\/\/www.miomiorun.com\/de\/\"},{\"@type\":\"ListItem\",\"position\":2,\"name\":\"Shop\",\"item\":\"https:\/\/www.miomiorun.com\/shop\/\"},{\"@type\":\"ListItem\",\"position\":3,\"name\":\"Velociti Elite short damen\"}]},{\"@type\":\"WebSite\",\"@id\":\"https:\/\/www.miomiorun.com\/de\/#website\",\"url\":\"https:\/\/www.miomiorun.com\/de\/\",\"name\":\"MioMioRun\",\"description\":\"100% Lauf- und Trailshop\",\"publisher\":{\"@id\":\"https:\/\/www.miomiorun.com\/de\/#organization\"},\"potentialAction\":[{\"@type\":\"SearchAction\",\"target\":{\"@type\":\"EntryPoint\",\"urlTemplate\":\"https:\/\/www.miomiorun.com\/de\/?s={search_term_string}\"},\"query-input\":{\"@type\":\"PropertyValueSpecification\",\"valueRequired\":true,\"valueName\":\"search_term_string\"}}],\"inLanguage\":\"de-DE\"},{\"@type\":\"Organization\",\"@id\":\"https:\/\/www.miomiorun.com\/de\/#organization\",\"name\":\"MioMio Run\",\"url\":\"https:\/\/www.miomiorun.com\/de\/\",\"logo\":{\"@type\":\"ImageObject\",\"inLanguage\":\"de-DE\",\"@id\":\"https:\/\/www.miomiorun.com\/de\/#\/schema\/logo\/image\/\",\"url\":\"https:\/\/www.miomiorun.com\/app\/uploads\/2019\/12\/logomio.png\",\"contentUrl\":\"https:\/\/www.miomiorun.com\/app\/uploads\/2019\/12\/logomio.png\",\"width\":115,\"height\":82,\"caption\":\"MioMio Run\"},\"image\":{\"@id\":\"https:\/\/www.miomiorun.com\/de\/#\/schema\/logo\/image\/\"},\"sameAs\":[\"https:\/\/www.facebook.com\/miomiorun\/\",\"https:\/\/www.instagram.com\/miomiorun\/\"]}]}<\/script>\n<!-- \/ Yoast SEO plugin. -->","yoast_head_json":{"title":"Under Armour Velociti Elite short damen - Damenhosen - MioMioRun","description":"Leichte und atmungsaktive Laufshorts, die f\u00fcr maximale Bewegungsfreiheit, dauerhaften Komfort und Funktionalit\u00e4t beim Training und bei Wettk\u00e4mpfen entwickelt wurden.","robots":{"index":"index","follow":"follow","max-snippet":"max-snippet:-1","max-image-preview":"max-image-preview:large","max-video-preview":"max-video-preview:-1"},"canonical":"https:\/\/www.miomiorun.com\/de\/produkt\/velociti-elite-short-damen\/","og_locale":"de_DE","og_type":"article","og_title":"Under Armour Velociti Elite short damen - Damenhosen - MioMioRun","og_description":"Leichte und atmungsaktive Laufshorts, die f\u00fcr maximale Bewegungsfreiheit, dauerhaften Komfort und Funktionalit\u00e4t beim Training und bei Wettk\u00e4mpfen entwickelt wurden.","og_url":"https:\/\/www.miomiorun.com\/de\/produkt\/velociti-elite-short-damen\/","og_site_name":"MioMioRun","article_publisher":"https:\/\/www.facebook.com\/miomiorun\/","article_modified_time":"2026-05-04T17:13:30+00:00","og_image":[{"width":720,"height":720,"url":"https:\/\/www.miomiorun.com\/app\/uploads\/2026\/04\/under-armor-Velociti-Elite-short-ultimate-W-6009501-0008.webp","type":"image\/webp"}],"twitter_card":"summary_large_image","twitter_misc":{"Est. reading time":"1 minute"},"schema":{"@context":"https:\/\/schema.org","@graph":[{"@type":"WebPage","@id":"https:\/\/www.miomiorun.com\/de\/produkt\/velociti-elite-short-damen\/","url":"https:\/\/www.miomiorun.com\/de\/produkt\/velociti-elite-short-damen\/","name":"Under Armour Velociti Elite short damen - Damenhosen - MioMioRun","isPartOf":{"@id":"https:\/\/www.miomiorun.com\/de\/#website"},"primaryImageOfPage":{"@id":"https:\/\/www.miomiorun.com\/de\/produkt\/velociti-elite-short-damen\/#primaryimage"},"image":{"@id":"https:\/\/www.miomiorun.com\/de\/produkt\/velociti-elite-short-damen\/#primaryimage"},"thumbnailUrl":"https:\/\/www.miomiorun.com\/app\/uploads\/2026\/04\/under-armor-Velociti-Elite-short-ultimate-W-6009501-0008.webp","datePublished":"2026-04-21T13:48:44+00:00","dateModified":"2026-05-04T17:13:30+00:00","description":"Leichte und atmungsaktive Laufshorts, die f\u00fcr maximale Bewegungsfreiheit, dauerhaften Komfort und Funktionalit\u00e4t beim Training und bei Wettk\u00e4mpfen entwickelt wurden.","breadcrumb":{"@id":"https:\/\/www.miomiorun.com\/de\/produkt\/velociti-elite-short-damen\/#breadcrumb"},"inLanguage":"de-DE","potentialAction":[{"@type":"ReadAction","target":["https:\/\/www.miomiorun.com\/de\/produkt\/velociti-elite-short-damen\/"]}]},{"@type":"ImageObject","inLanguage":"de-DE","@id":"https:\/\/www.miomiorun.com\/de\/produkt\/velociti-elite-short-damen\/#primaryimage","url":"https:\/\/www.miomiorun.com\/app\/uploads\/2026\/04\/under-armor-Velociti-Elite-short-ultimate-W-6009501-0008.webp","contentUrl":"https:\/\/www.miomiorun.com\/app\/uploads\/2026\/04\/under-armor-Velociti-Elite-short-ultimate-W-6009501-0008.webp","width":720,"height":720,"caption":"under armor Velociti Elite short ultimate W 6009501-0008"},{"@type":"BreadcrumbList","@id":"https:\/\/www.miomiorun.com\/de\/produkt\/velociti-elite-short-damen\/#breadcrumb","itemListElement":[{"@type":"ListItem","position":1,"name":"Home","item":"https:\/\/www.miomiorun.com\/de\/"},{"@type":"ListItem","position":2,"name":"Shop","item":"https:\/\/www.miomiorun.com\/shop\/"},{"@type":"ListItem","position":3,"name":"Velociti Elite short damen"}]},{"@type":"WebSite","@id":"https:\/\/www.miomiorun.com\/de\/#website","url":"https:\/\/www.miomiorun.com\/de\/","name":"MioMioRun","description":"100% Lauf- und Trailshop","publisher":{"@id":"https:\/\/www.miomiorun.com\/de\/#organization"},"potentialAction":[{"@type":"SearchAction","target":{"@type":"EntryPoint","urlTemplate":"https:\/\/www.miomiorun.com\/de\/?s={search_term_string}"},"query-input":{"@type":"PropertyValueSpecification","valueRequired":true,"valueName":"search_term_string"}}],"inLanguage":"de-DE"},{"@type":"Organization","@id":"https:\/\/www.miomiorun.com\/de\/#organization","name":"MioMio Run","url":"https:\/\/www.miomiorun.com\/de\/","logo":{"@type":"ImageObject","inLanguage":"de-DE","@id":"https:\/\/www.miomiorun.com\/de\/#\/schema\/logo\/image\/","url":"https:\/\/www.miomiorun.com\/app\/uploads\/2019\/12\/logomio.png","contentUrl":"https:\/\/www.miomiorun.com\/app\/uploads\/2019\/12\/logomio.png","width":115,"height":82,"caption":"MioMio Run"},"image":{"@id":"https:\/\/www.miomiorun.com\/de\/#\/schema\/logo\/image\/"},"sameAs":["https:\/\/www.facebook.com\/miomiorun\/","https:\/\/www.instagram.com\/miomiorun\/"]}]}},"_links":{"self":[{"href":"https:\/\/www.miomiorun.com\/de\/wp-json\/wp\/v2\/product\/433478","targetHints":{"allow":["GET"]}}],"collection":[{"href":"https:\/\/www.miomiorun.com\/de\/wp-json\/wp\/v2\/product"}],"about":[{"href":"https:\/\/www.miomiorun.com\/de\/wp-json\/wp\/v2\/types\/product"}],"wp:featuredmedia":[{"embeddable":true,"href":"https:\/\/www.miomiorun.com\/de\/wp-json\/wp\/v2\/media\/433507"}],"wp:attachment":[{"href":"https:\/\/www.miomiorun.com\/de\/wp-json\/wp\/v2\/media?parent=433478"}],"wp:term":[{"taxonomy":"product_brand","embeddable":true,"href":"https:\/\/www.miomiorun.com\/de\/wp-json\/wp\/v2\/product_brand?post=433478"},{"taxonomy":"product_cat","embeddable":true,"href":"https:\/\/www.miomiorun.com\/de\/wp-json\/wp\/v2\/product_cat?post=433478"},{"taxonomy":"product_tag","embeddable":true,"href":"https:\/\/www.miomiorun.com\/de\/wp-json\/wp\/v2\/product_tag?post=433478"}],"curies":[{"name":"wp","href":"https:\/\/api.w.org\/{rel}","templated":true}]}}