{"id":433396,"date":"2026-04-21T12:26:54","date_gmt":"2026-04-21T10:26:54","guid":{"rendered":"https:\/\/www.miomiorun.com\/?post_type=product&#038;p=433396"},"modified":"2026-05-04T19:15:05","modified_gmt":"2026-05-04T17:15:05","slug":"velociti-elite-crop-top-damen","status":"publish","type":"product","link":"https:\/\/www.miomiorun.com\/de\/produkt\/velociti-elite-crop-top-damen\/","title":{"rendered":"Velociti elite crop top damen"},"content":{"rendered":"<p>Der Sport-BH <span class=\"hover:entity-accent entity-underline inline cursor-pointer align-baseline\"><span class=\"whitespace-normal\">HeatGear<\/span><\/span> wurde als leistungsstarke Basisschicht konzipiert und bietet bei jeder Art von Training Komfort, Halt und Atmungsaktivit\u00e4t.<\/p>\n<p>Das ultraleichte und weiche Material sorgt f\u00fcr einen effektiven Schutz, ohne aufzutragen, w\u00e4hrend die in vier Richtungen elastische Struktur sich ganz nat\u00fcrlich den K\u00f6rperbewegungen anpasst und so die Bewegungsfreiheit und Pr\u00e4zision verbessert.<\/p>\n<p>Das Funktionsmaterial leitet Schwei\u00df ab und trocknet schnell, sodass sich die Haut auch bei intensivsten Trainingseinheiten frisch und trocken anf\u00fchlt.<\/p>\n<p>Die Power-Mesh-Eins\u00e4tze im oberen Bereich sorgen f\u00fcr eine bessere Bel\u00fcftung, w\u00e4hrend das Design mit schmalen Tr\u00e4gern und einer \u00d6ffnung am R\u00fccken f\u00fcr mehr Luftzirkulation und Bewegungsfreiheit sorgt.<\/p>\n<p>Die Innentaschen an der Vorderseite sorgen f\u00fcr mehr Funktionalit\u00e4t, w\u00e4hrend die geruchsneutralisierende Technologie einen l\u00e4ngeren Tragekomfort gew\u00e4hrleistet und f\u00fcr ein anhaltendes Frischegef\u00fchl sorgt.<\/p>\n","protected":false},"excerpt":{"rendered":"<ul>\n<li data-section-id=\"4nmntd\" data-start=\"1252\" data-end=\"1354\">Ultraleichtes, atmungsaktives und schnell trocknendes HeatGear\u00ae-Material, das die Haut k\u00fchl h\u00e4lt<\/li>\n<li data-section-id=\"hlwlwr\" data-start=\"1355\" data-end=\"1449\">4-Wege-Stretch f\u00fcr mehr Bewegungsfreiheit, eine bessere Passform und optimalen Halt beim Sport<\/li>\n<li data-section-id=\"1md0htm\" data-start=\"1450\" data-end=\"1552\" data-is-last-node=\"\">Bel\u00fcftetes Design mit Mesh-Eins\u00e4tzen, schmalen Tr\u00e4gern und geruchsneutralisierender Technologie f\u00fcr lang anhaltenden Komfort<\/li>\n<\/ul>\n","protected":false},"featured_media":433459,"template":"","meta":{"_acf_changed":false,"inline_featured_image":false},"product_brand":[],"product_cat":[6401,6403],"product_tag":[20482,20495],"class_list":{"0":"post-433396","1":"product","2":"type-product","3":"status-publish","4":"has-post-thumbnail","6":"product_cat-damenbekleidung","7":"product_cat-damentank-tops","8":"product_tag-under-armour-de","9":"product_tag-under-armour-damen","10":"pa_attivita-fitness-de","11":"pa_attivita-running-de","12":"pa_colore-velociti-elite-crop-top-w-ultimate","13":"pa_marca-under-armour-de","14":"pa_sesso-damen","15":"pa_size-small-de","16":"pa_size-medium-de","18":"first","19":"instock","20":"sale","21":"taxable","22":"shipping-taxable","23":"purchasable","24":"product-type-variable","25":"wvs-archive-product-wrapper"},"acf":[],"yoast_head":"<!-- This site is optimized with the Yoast SEO plugin v26.8 - https:\/\/yoast.com\/product\/yoast-seo-wordpress\/ -->\n<title>Under Armour Velociti elite crop top damen - BH-Lauf - MioMioRun<\/title>\n<meta name=\"description\" content=\"Funktional und atmungsaktiv, entwickelt, um auch bei intensivsten und l\u00e4ngsten Trainingseinheiten Komfort, Halt und Bewegungsfreiheit zu gew\u00e4hrleisten.\" \/>\n<meta name=\"robots\" content=\"index, follow, max-snippet:-1, max-image-preview:large, max-video-preview:-1\" \/>\n<link rel=\"canonical\" href=\"https:\/\/www.miomiorun.com\/de\/produkt\/velociti-elite-crop-top-damen\/\" \/>\n<meta property=\"og:locale\" content=\"de_DE\" \/>\n<meta property=\"og:type\" content=\"article\" \/>\n<meta property=\"og:title\" content=\"Under Armour Velociti elite crop top damen - BH-Lauf - MioMioRun\" \/>\n<meta property=\"og:description\" content=\"Funktional und atmungsaktiv, entwickelt, um auch bei intensivsten und l\u00e4ngsten Trainingseinheiten Komfort, Halt und Bewegungsfreiheit zu gew\u00e4hrleisten.\" \/>\n<meta property=\"og:url\" content=\"https:\/\/www.miomiorun.com\/de\/produkt\/velociti-elite-crop-top-damen\/\" \/>\n<meta property=\"og:site_name\" content=\"MioMioRun\" \/>\n<meta property=\"article:publisher\" content=\"https:\/\/www.facebook.com\/miomiorun\/\" \/>\n<meta property=\"article:modified_time\" content=\"2026-05-04T17:15:05+00:00\" \/>\n<meta property=\"og:image\" content=\"https:\/\/www.miomiorun.com\/app\/uploads\/2026\/04\/under-armor-Velociti-elite-ultimate-crop-top-W-6009499-0008.webp\" \/>\n\t<meta property=\"og:image:width\" content=\"720\" \/>\n\t<meta property=\"og:image:height\" content=\"720\" \/>\n\t<meta property=\"og:image:type\" content=\"image\/webp\" \/>\n<meta name=\"twitter:card\" content=\"summary_large_image\" \/>\n<meta name=\"twitter:label1\" content=\"Est. reading time\" \/>\n\t<meta name=\"twitter:data1\" content=\"1 minute\" \/>\n<script type=\"application\/ld+json\" class=\"yoast-schema-graph\">{\"@context\":\"https:\/\/schema.org\",\"@graph\":[{\"@type\":\"WebPage\",\"@id\":\"https:\/\/www.miomiorun.com\/de\/produkt\/velociti-elite-crop-top-damen\/\",\"url\":\"https:\/\/www.miomiorun.com\/de\/produkt\/velociti-elite-crop-top-damen\/\",\"name\":\"Under Armour Velociti elite crop top damen - BH-Lauf - MioMioRun\",\"isPartOf\":{\"@id\":\"https:\/\/www.miomiorun.com\/de\/#website\"},\"primaryImageOfPage\":{\"@id\":\"https:\/\/www.miomiorun.com\/de\/produkt\/velociti-elite-crop-top-damen\/#primaryimage\"},\"image\":{\"@id\":\"https:\/\/www.miomiorun.com\/de\/produkt\/velociti-elite-crop-top-damen\/#primaryimage\"},\"thumbnailUrl\":\"https:\/\/www.miomiorun.com\/app\/uploads\/2026\/04\/under-armor-Velociti-elite-ultimate-crop-top-W-6009499-0008.webp\",\"datePublished\":\"2026-04-21T10:26:54+00:00\",\"dateModified\":\"2026-05-04T17:15:05+00:00\",\"description\":\"Funktional und atmungsaktiv, entwickelt, um auch bei intensivsten und l\u00e4ngsten Trainingseinheiten Komfort, Halt und Bewegungsfreiheit zu gew\u00e4hrleisten.\",\"breadcrumb\":{\"@id\":\"https:\/\/www.miomiorun.com\/de\/produkt\/velociti-elite-crop-top-damen\/#breadcrumb\"},\"inLanguage\":\"de-DE\",\"potentialAction\":[{\"@type\":\"ReadAction\",\"target\":[\"https:\/\/www.miomiorun.com\/de\/produkt\/velociti-elite-crop-top-damen\/\"]}]},{\"@type\":\"ImageObject\",\"inLanguage\":\"de-DE\",\"@id\":\"https:\/\/www.miomiorun.com\/de\/produkt\/velociti-elite-crop-top-damen\/#primaryimage\",\"url\":\"https:\/\/www.miomiorun.com\/app\/uploads\/2026\/04\/under-armor-Velociti-elite-ultimate-crop-top-W-6009499-0008.webp\",\"contentUrl\":\"https:\/\/www.miomiorun.com\/app\/uploads\/2026\/04\/under-armor-Velociti-elite-ultimate-crop-top-W-6009499-0008.webp\",\"width\":720,\"height\":720,\"caption\":\"under armor Velociti elite ultimate crop top W 6009499-0008\"},{\"@type\":\"BreadcrumbList\",\"@id\":\"https:\/\/www.miomiorun.com\/de\/produkt\/velociti-elite-crop-top-damen\/#breadcrumb\",\"itemListElement\":[{\"@type\":\"ListItem\",\"position\":1,\"name\":\"Home\",\"item\":\"https:\/\/www.miomiorun.com\/de\/\"},{\"@type\":\"ListItem\",\"position\":2,\"name\":\"Shop\",\"item\":\"https:\/\/www.miomiorun.com\/shop\/\"},{\"@type\":\"ListItem\",\"position\":3,\"name\":\"Velociti elite crop top damen\"}]},{\"@type\":\"WebSite\",\"@id\":\"https:\/\/www.miomiorun.com\/de\/#website\",\"url\":\"https:\/\/www.miomiorun.com\/de\/\",\"name\":\"MioMioRun\",\"description\":\"100% Lauf- und Trailshop\",\"publisher\":{\"@id\":\"https:\/\/www.miomiorun.com\/de\/#organization\"},\"potentialAction\":[{\"@type\":\"SearchAction\",\"target\":{\"@type\":\"EntryPoint\",\"urlTemplate\":\"https:\/\/www.miomiorun.com\/de\/?s={search_term_string}\"},\"query-input\":{\"@type\":\"PropertyValueSpecification\",\"valueRequired\":true,\"valueName\":\"search_term_string\"}}],\"inLanguage\":\"de-DE\"},{\"@type\":\"Organization\",\"@id\":\"https:\/\/www.miomiorun.com\/de\/#organization\",\"name\":\"MioMio Run\",\"url\":\"https:\/\/www.miomiorun.com\/de\/\",\"logo\":{\"@type\":\"ImageObject\",\"inLanguage\":\"de-DE\",\"@id\":\"https:\/\/www.miomiorun.com\/de\/#\/schema\/logo\/image\/\",\"url\":\"https:\/\/www.miomiorun.com\/app\/uploads\/2019\/12\/logomio.png\",\"contentUrl\":\"https:\/\/www.miomiorun.com\/app\/uploads\/2019\/12\/logomio.png\",\"width\":115,\"height\":82,\"caption\":\"MioMio Run\"},\"image\":{\"@id\":\"https:\/\/www.miomiorun.com\/de\/#\/schema\/logo\/image\/\"},\"sameAs\":[\"https:\/\/www.facebook.com\/miomiorun\/\",\"https:\/\/www.instagram.com\/miomiorun\/\"]}]}<\/script>\n<!-- \/ Yoast SEO plugin. -->","yoast_head_json":{"title":"Under Armour Velociti elite crop top damen - BH-Lauf - MioMioRun","description":"Funktional und atmungsaktiv, entwickelt, um auch bei intensivsten und l\u00e4ngsten Trainingseinheiten Komfort, Halt und Bewegungsfreiheit zu gew\u00e4hrleisten.","robots":{"index":"index","follow":"follow","max-snippet":"max-snippet:-1","max-image-preview":"max-image-preview:large","max-video-preview":"max-video-preview:-1"},"canonical":"https:\/\/www.miomiorun.com\/de\/produkt\/velociti-elite-crop-top-damen\/","og_locale":"de_DE","og_type":"article","og_title":"Under Armour Velociti elite crop top damen - BH-Lauf - MioMioRun","og_description":"Funktional und atmungsaktiv, entwickelt, um auch bei intensivsten und l\u00e4ngsten Trainingseinheiten Komfort, Halt und Bewegungsfreiheit zu gew\u00e4hrleisten.","og_url":"https:\/\/www.miomiorun.com\/de\/produkt\/velociti-elite-crop-top-damen\/","og_site_name":"MioMioRun","article_publisher":"https:\/\/www.facebook.com\/miomiorun\/","article_modified_time":"2026-05-04T17:15:05+00:00","og_image":[{"width":720,"height":720,"url":"https:\/\/www.miomiorun.com\/app\/uploads\/2026\/04\/under-armor-Velociti-elite-ultimate-crop-top-W-6009499-0008.webp","type":"image\/webp"}],"twitter_card":"summary_large_image","twitter_misc":{"Est. reading time":"1 minute"},"schema":{"@context":"https:\/\/schema.org","@graph":[{"@type":"WebPage","@id":"https:\/\/www.miomiorun.com\/de\/produkt\/velociti-elite-crop-top-damen\/","url":"https:\/\/www.miomiorun.com\/de\/produkt\/velociti-elite-crop-top-damen\/","name":"Under Armour Velociti elite crop top damen - BH-Lauf - MioMioRun","isPartOf":{"@id":"https:\/\/www.miomiorun.com\/de\/#website"},"primaryImageOfPage":{"@id":"https:\/\/www.miomiorun.com\/de\/produkt\/velociti-elite-crop-top-damen\/#primaryimage"},"image":{"@id":"https:\/\/www.miomiorun.com\/de\/produkt\/velociti-elite-crop-top-damen\/#primaryimage"},"thumbnailUrl":"https:\/\/www.miomiorun.com\/app\/uploads\/2026\/04\/under-armor-Velociti-elite-ultimate-crop-top-W-6009499-0008.webp","datePublished":"2026-04-21T10:26:54+00:00","dateModified":"2026-05-04T17:15:05+00:00","description":"Funktional und atmungsaktiv, entwickelt, um auch bei intensivsten und l\u00e4ngsten Trainingseinheiten Komfort, Halt und Bewegungsfreiheit zu gew\u00e4hrleisten.","breadcrumb":{"@id":"https:\/\/www.miomiorun.com\/de\/produkt\/velociti-elite-crop-top-damen\/#breadcrumb"},"inLanguage":"de-DE","potentialAction":[{"@type":"ReadAction","target":["https:\/\/www.miomiorun.com\/de\/produkt\/velociti-elite-crop-top-damen\/"]}]},{"@type":"ImageObject","inLanguage":"de-DE","@id":"https:\/\/www.miomiorun.com\/de\/produkt\/velociti-elite-crop-top-damen\/#primaryimage","url":"https:\/\/www.miomiorun.com\/app\/uploads\/2026\/04\/under-armor-Velociti-elite-ultimate-crop-top-W-6009499-0008.webp","contentUrl":"https:\/\/www.miomiorun.com\/app\/uploads\/2026\/04\/under-armor-Velociti-elite-ultimate-crop-top-W-6009499-0008.webp","width":720,"height":720,"caption":"under armor Velociti elite ultimate crop top W 6009499-0008"},{"@type":"BreadcrumbList","@id":"https:\/\/www.miomiorun.com\/de\/produkt\/velociti-elite-crop-top-damen\/#breadcrumb","itemListElement":[{"@type":"ListItem","position":1,"name":"Home","item":"https:\/\/www.miomiorun.com\/de\/"},{"@type":"ListItem","position":2,"name":"Shop","item":"https:\/\/www.miomiorun.com\/shop\/"},{"@type":"ListItem","position":3,"name":"Velociti elite crop top damen"}]},{"@type":"WebSite","@id":"https:\/\/www.miomiorun.com\/de\/#website","url":"https:\/\/www.miomiorun.com\/de\/","name":"MioMioRun","description":"100% Lauf- und Trailshop","publisher":{"@id":"https:\/\/www.miomiorun.com\/de\/#organization"},"potentialAction":[{"@type":"SearchAction","target":{"@type":"EntryPoint","urlTemplate":"https:\/\/www.miomiorun.com\/de\/?s={search_term_string}"},"query-input":{"@type":"PropertyValueSpecification","valueRequired":true,"valueName":"search_term_string"}}],"inLanguage":"de-DE"},{"@type":"Organization","@id":"https:\/\/www.miomiorun.com\/de\/#organization","name":"MioMio Run","url":"https:\/\/www.miomiorun.com\/de\/","logo":{"@type":"ImageObject","inLanguage":"de-DE","@id":"https:\/\/www.miomiorun.com\/de\/#\/schema\/logo\/image\/","url":"https:\/\/www.miomiorun.com\/app\/uploads\/2019\/12\/logomio.png","contentUrl":"https:\/\/www.miomiorun.com\/app\/uploads\/2019\/12\/logomio.png","width":115,"height":82,"caption":"MioMio Run"},"image":{"@id":"https:\/\/www.miomiorun.com\/de\/#\/schema\/logo\/image\/"},"sameAs":["https:\/\/www.facebook.com\/miomiorun\/","https:\/\/www.instagram.com\/miomiorun\/"]}]}},"_links":{"self":[{"href":"https:\/\/www.miomiorun.com\/de\/wp-json\/wp\/v2\/product\/433396","targetHints":{"allow":["GET"]}}],"collection":[{"href":"https:\/\/www.miomiorun.com\/de\/wp-json\/wp\/v2\/product"}],"about":[{"href":"https:\/\/www.miomiorun.com\/de\/wp-json\/wp\/v2\/types\/product"}],"wp:featuredmedia":[{"embeddable":true,"href":"https:\/\/www.miomiorun.com\/de\/wp-json\/wp\/v2\/media\/433459"}],"wp:attachment":[{"href":"https:\/\/www.miomiorun.com\/de\/wp-json\/wp\/v2\/media?parent=433396"}],"wp:term":[{"taxonomy":"product_brand","embeddable":true,"href":"https:\/\/www.miomiorun.com\/de\/wp-json\/wp\/v2\/product_brand?post=433396"},{"taxonomy":"product_cat","embeddable":true,"href":"https:\/\/www.miomiorun.com\/de\/wp-json\/wp\/v2\/product_cat?post=433396"},{"taxonomy":"product_tag","embeddable":true,"href":"https:\/\/www.miomiorun.com\/de\/wp-json\/wp\/v2\/product_tag?post=433396"}],"curies":[{"name":"wp","href":"https:\/\/api.w.org\/{rel}","templated":true}]}}