{"id":432788,"date":"2026-04-16T19:12:25","date_gmt":"2026-04-16T17:12:25","guid":{"rendered":"https:\/\/www.miomiorun.com\/?post_type=product&#038;p=432788"},"modified":"2026-05-05T11:22:09","modified_gmt":"2026-05-05T09:22:09","slug":"tech-vent-herren","status":"publish","type":"product","link":"https:\/\/www.miomiorun.com\/de\/produkt\/tech-vent-herren\/","title":{"rendered":"Tech Vent herren"},"content":{"rendered":"<p data-start=\"0\" data-end=\"496\">Die <strong data-start=\"9\" data-end=\"21\">UA Tech\u2122<\/strong>-Kollektion umfasst unverzichtbare Trainingsbekleidung, die auf Komfort und hohe Leistungsf\u00e4higkeit ausgelegt ist. Dieses Shirt besteht aus einem extrem atmungsaktiven Jacquard-Gewebe, das die Haut auch unter hei\u00dfesten Bedingungen k\u00fchl und trocken h\u00e4lt. Das weiche Material f\u00f6rdert den Schwei\u00dftransport und sorgt f\u00fcr schnelles Trocknen, w\u00e4hrend die geruchsneutralisierende Technologie dazu beitr\u00e4gt, dass du dich w\u00e4hrend des Trainings l\u00e4nger frisch f\u00fchlst.<\/p>\n<ul data-start=\"498\" data-end=\"670\">\n<li data-section-id=\"7lx57y\" data-start=\"498\" data-end=\"549\">Hoch atmungsaktives UA Tech\u2122-Jacquardgewebe<\/li>\n<li data-section-id=\"429nnn\" data-start=\"550\" data-end=\"596\">Schnelle Trocknung und Feuchtigkeitsmanagement<\/li>\n<li data-section-id=\"1995hfa\" data-start=\"597\" data-end=\"644\">Frischegef\u00fchl auch bei Hitze<\/li>\n<li data-section-id=\"gpwg7v\" data-start=\"645\" data-end=\"670\">Geruchsneutralisierende Technologie<\/li>\n<\/ul>\n<p>&nbsp;<\/p>\n<p>&nbsp;<\/p>\n<p>&nbsp;<\/p>\n","protected":false},"excerpt":{"rendered":"<ul>\n<li data-section-id=\"w2jeef\" data-start=\"881\" data-end=\"955\"><strong data-start=\"883\" data-end=\"910\">H\u00f6chste Atmungsaktivit\u00e4t:<\/strong> ultraleichtes und luftdurchl\u00e4ssiges Jacquard-Gewebe<\/li>\n<li data-section-id=\"1fu7hjn\" data-start=\"956\" data-end=\"1026\"><strong data-start=\"958\" data-end=\"983\">Konstante Leistung:<\/strong> schnelle Trocknung und Schwei\u00dfmanagement<\/li>\n<li data-section-id=\"1eu4t64\" data-start=\"1027\" data-end=\"1092\" data-is-last-node=\"\"><strong data-start=\"1029\" data-end=\"1050\">Anhaltender Komfort:<\/strong> geruchsneutralisierende Technologie und weiche Struktur<\/li>\n<\/ul>\n","protected":false},"featured_media":432830,"template":"","meta":{"_acf_changed":false,"inline_featured_image":false},"product_brand":[],"product_cat":[6540,6508],"product_tag":[20482,20497],"class_list":{"0":"post-432788","1":"product","2":"type-product","3":"status-publish","4":"has-post-thumbnail","6":"product_cat-herrenbekleidung","7":"product_cat-herrent-shirt","8":"product_tag-under-armour-de","9":"product_tag-under-armour-herren","10":"pa_attivita-fitness-de","11":"pa_attivita-gehen","12":"pa_attivita-lifestyle-de","13":"pa_attivita-running-de","14":"pa_colore-tech-vent-jcqr-marine","15":"pa_marca-under-armour-de","16":"pa_sesso-herren","17":"pa_size-extra-small-de","18":"pa_size-small-de","19":"pa_size-medium-de","20":"pa_size-large-de","22":"first","23":"instock","24":"sale","25":"taxable","26":"shipping-taxable","27":"purchasable","28":"product-type-variable","29":"wvs-archive-product-wrapper"},"acf":[],"yoast_head":"<!-- This site is optimized with the Yoast SEO plugin v26.8 - https:\/\/yoast.com\/product\/yoast-seo-wordpress\/ -->\n<title>Under Armour Tech Vent herren - Lauf-T-Shirt- MioMioRun<\/title>\n<meta name=\"description\" content=\"Leichtes und atmungsaktives Funktionsshirt UA Tech\u2122, ideal f\u00fcr intensives Training dank Komfort, Frische und schneller Trocknung.\" \/>\n<meta name=\"robots\" content=\"index, follow, max-snippet:-1, max-image-preview:large, max-video-preview:-1\" \/>\n<link rel=\"canonical\" href=\"https:\/\/www.miomiorun.com\/de\/produkt\/tech-vent-herren\/\" \/>\n<meta property=\"og:locale\" content=\"de_DE\" \/>\n<meta property=\"og:type\" content=\"article\" \/>\n<meta property=\"og:title\" content=\"Under Armour Tech Vent herren - Lauf-T-Shirt- MioMioRun\" \/>\n<meta property=\"og:description\" content=\"Leichtes und atmungsaktives Funktionsshirt UA Tech\u2122, ideal f\u00fcr intensives Training dank Komfort, Frische und schneller Trocknung.\" \/>\n<meta property=\"og:url\" content=\"https:\/\/www.miomiorun.com\/de\/produkt\/tech-vent-herren\/\" \/>\n<meta property=\"og:site_name\" content=\"MioMioRun\" \/>\n<meta property=\"article:publisher\" content=\"https:\/\/www.facebook.com\/miomiorun\/\" \/>\n<meta property=\"article:modified_time\" content=\"2026-05-05T09:22:09+00:00\" \/>\n<meta property=\"og:image\" content=\"https:\/\/www.miomiorun.com\/app\/uploads\/2026\/04\/under-armor-Tech-Vent-JCQR-marine-1390047-0390.webp\" \/>\n\t<meta property=\"og:image:width\" content=\"720\" \/>\n\t<meta property=\"og:image:height\" content=\"720\" \/>\n\t<meta property=\"og:image:type\" content=\"image\/webp\" \/>\n<meta name=\"twitter:card\" content=\"summary_large_image\" \/>\n<meta name=\"twitter:label1\" content=\"Est. reading time\" \/>\n\t<meta name=\"twitter:data1\" content=\"2 minutes\" \/>\n<script type=\"application\/ld+json\" class=\"yoast-schema-graph\">{\"@context\":\"https:\/\/schema.org\",\"@graph\":[{\"@type\":\"WebPage\",\"@id\":\"https:\/\/www.miomiorun.com\/de\/produkt\/tech-vent-herren\/\",\"url\":\"https:\/\/www.miomiorun.com\/de\/produkt\/tech-vent-herren\/\",\"name\":\"Under Armour Tech Vent herren - Lauf-T-Shirt- MioMioRun\",\"isPartOf\":{\"@id\":\"https:\/\/www.miomiorun.com\/de\/#website\"},\"primaryImageOfPage\":{\"@id\":\"https:\/\/www.miomiorun.com\/de\/produkt\/tech-vent-herren\/#primaryimage\"},\"image\":{\"@id\":\"https:\/\/www.miomiorun.com\/de\/produkt\/tech-vent-herren\/#primaryimage\"},\"thumbnailUrl\":\"https:\/\/www.miomiorun.com\/app\/uploads\/2026\/04\/under-armor-Tech-Vent-JCQR-marine-1390047-0390.webp\",\"datePublished\":\"2026-04-16T17:12:25+00:00\",\"dateModified\":\"2026-05-05T09:22:09+00:00\",\"description\":\"Leichtes und atmungsaktives Funktionsshirt UA Tech\u2122, ideal f\u00fcr intensives Training dank Komfort, Frische und schneller Trocknung.\",\"breadcrumb\":{\"@id\":\"https:\/\/www.miomiorun.com\/de\/produkt\/tech-vent-herren\/#breadcrumb\"},\"inLanguage\":\"de-DE\",\"potentialAction\":[{\"@type\":\"ReadAction\",\"target\":[\"https:\/\/www.miomiorun.com\/de\/produkt\/tech-vent-herren\/\"]}]},{\"@type\":\"ImageObject\",\"inLanguage\":\"de-DE\",\"@id\":\"https:\/\/www.miomiorun.com\/de\/produkt\/tech-vent-herren\/#primaryimage\",\"url\":\"https:\/\/www.miomiorun.com\/app\/uploads\/2026\/04\/under-armor-Tech-Vent-JCQR-marine-1390047-0390.webp\",\"contentUrl\":\"https:\/\/www.miomiorun.com\/app\/uploads\/2026\/04\/under-armor-Tech-Vent-JCQR-marine-1390047-0390.webp\",\"width\":720,\"height\":720,\"caption\":\"under armor Tech Vent JCQR marine 1390047-0390\"},{\"@type\":\"BreadcrumbList\",\"@id\":\"https:\/\/www.miomiorun.com\/de\/produkt\/tech-vent-herren\/#breadcrumb\",\"itemListElement\":[{\"@type\":\"ListItem\",\"position\":1,\"name\":\"Home\",\"item\":\"https:\/\/www.miomiorun.com\/de\/\"},{\"@type\":\"ListItem\",\"position\":2,\"name\":\"Shop\",\"item\":\"https:\/\/www.miomiorun.com\/shop\/\"},{\"@type\":\"ListItem\",\"position\":3,\"name\":\"Tech Vent herren\"}]},{\"@type\":\"WebSite\",\"@id\":\"https:\/\/www.miomiorun.com\/de\/#website\",\"url\":\"https:\/\/www.miomiorun.com\/de\/\",\"name\":\"MioMioRun\",\"description\":\"100% Lauf- und Trailshop\",\"publisher\":{\"@id\":\"https:\/\/www.miomiorun.com\/de\/#organization\"},\"potentialAction\":[{\"@type\":\"SearchAction\",\"target\":{\"@type\":\"EntryPoint\",\"urlTemplate\":\"https:\/\/www.miomiorun.com\/de\/?s={search_term_string}\"},\"query-input\":{\"@type\":\"PropertyValueSpecification\",\"valueRequired\":true,\"valueName\":\"search_term_string\"}}],\"inLanguage\":\"de-DE\"},{\"@type\":\"Organization\",\"@id\":\"https:\/\/www.miomiorun.com\/de\/#organization\",\"name\":\"MioMio Run\",\"url\":\"https:\/\/www.miomiorun.com\/de\/\",\"logo\":{\"@type\":\"ImageObject\",\"inLanguage\":\"de-DE\",\"@id\":\"https:\/\/www.miomiorun.com\/de\/#\/schema\/logo\/image\/\",\"url\":\"https:\/\/www.miomiorun.com\/app\/uploads\/2019\/12\/logomio.png\",\"contentUrl\":\"https:\/\/www.miomiorun.com\/app\/uploads\/2019\/12\/logomio.png\",\"width\":115,\"height\":82,\"caption\":\"MioMio Run\"},\"image\":{\"@id\":\"https:\/\/www.miomiorun.com\/de\/#\/schema\/logo\/image\/\"},\"sameAs\":[\"https:\/\/www.facebook.com\/miomiorun\/\",\"https:\/\/www.instagram.com\/miomiorun\/\"]}]}<\/script>\n<!-- \/ Yoast SEO plugin. -->","yoast_head_json":{"title":"Under Armour Tech Vent herren - Lauf-T-Shirt- MioMioRun","description":"Leichtes und atmungsaktives Funktionsshirt UA Tech\u2122, ideal f\u00fcr intensives Training dank Komfort, Frische und schneller Trocknung.","robots":{"index":"index","follow":"follow","max-snippet":"max-snippet:-1","max-image-preview":"max-image-preview:large","max-video-preview":"max-video-preview:-1"},"canonical":"https:\/\/www.miomiorun.com\/de\/produkt\/tech-vent-herren\/","og_locale":"de_DE","og_type":"article","og_title":"Under Armour Tech Vent herren - Lauf-T-Shirt- MioMioRun","og_description":"Leichtes und atmungsaktives Funktionsshirt UA Tech\u2122, ideal f\u00fcr intensives Training dank Komfort, Frische und schneller Trocknung.","og_url":"https:\/\/www.miomiorun.com\/de\/produkt\/tech-vent-herren\/","og_site_name":"MioMioRun","article_publisher":"https:\/\/www.facebook.com\/miomiorun\/","article_modified_time":"2026-05-05T09:22:09+00:00","og_image":[{"width":720,"height":720,"url":"https:\/\/www.miomiorun.com\/app\/uploads\/2026\/04\/under-armor-Tech-Vent-JCQR-marine-1390047-0390.webp","type":"image\/webp"}],"twitter_card":"summary_large_image","twitter_misc":{"Est. reading time":"2 minutes"},"schema":{"@context":"https:\/\/schema.org","@graph":[{"@type":"WebPage","@id":"https:\/\/www.miomiorun.com\/de\/produkt\/tech-vent-herren\/","url":"https:\/\/www.miomiorun.com\/de\/produkt\/tech-vent-herren\/","name":"Under Armour Tech Vent herren - Lauf-T-Shirt- MioMioRun","isPartOf":{"@id":"https:\/\/www.miomiorun.com\/de\/#website"},"primaryImageOfPage":{"@id":"https:\/\/www.miomiorun.com\/de\/produkt\/tech-vent-herren\/#primaryimage"},"image":{"@id":"https:\/\/www.miomiorun.com\/de\/produkt\/tech-vent-herren\/#primaryimage"},"thumbnailUrl":"https:\/\/www.miomiorun.com\/app\/uploads\/2026\/04\/under-armor-Tech-Vent-JCQR-marine-1390047-0390.webp","datePublished":"2026-04-16T17:12:25+00:00","dateModified":"2026-05-05T09:22:09+00:00","description":"Leichtes und atmungsaktives Funktionsshirt UA Tech\u2122, ideal f\u00fcr intensives Training dank Komfort, Frische und schneller Trocknung.","breadcrumb":{"@id":"https:\/\/www.miomiorun.com\/de\/produkt\/tech-vent-herren\/#breadcrumb"},"inLanguage":"de-DE","potentialAction":[{"@type":"ReadAction","target":["https:\/\/www.miomiorun.com\/de\/produkt\/tech-vent-herren\/"]}]},{"@type":"ImageObject","inLanguage":"de-DE","@id":"https:\/\/www.miomiorun.com\/de\/produkt\/tech-vent-herren\/#primaryimage","url":"https:\/\/www.miomiorun.com\/app\/uploads\/2026\/04\/under-armor-Tech-Vent-JCQR-marine-1390047-0390.webp","contentUrl":"https:\/\/www.miomiorun.com\/app\/uploads\/2026\/04\/under-armor-Tech-Vent-JCQR-marine-1390047-0390.webp","width":720,"height":720,"caption":"under armor Tech Vent JCQR marine 1390047-0390"},{"@type":"BreadcrumbList","@id":"https:\/\/www.miomiorun.com\/de\/produkt\/tech-vent-herren\/#breadcrumb","itemListElement":[{"@type":"ListItem","position":1,"name":"Home","item":"https:\/\/www.miomiorun.com\/de\/"},{"@type":"ListItem","position":2,"name":"Shop","item":"https:\/\/www.miomiorun.com\/shop\/"},{"@type":"ListItem","position":3,"name":"Tech Vent herren"}]},{"@type":"WebSite","@id":"https:\/\/www.miomiorun.com\/de\/#website","url":"https:\/\/www.miomiorun.com\/de\/","name":"MioMioRun","description":"100% Lauf- und Trailshop","publisher":{"@id":"https:\/\/www.miomiorun.com\/de\/#organization"},"potentialAction":[{"@type":"SearchAction","target":{"@type":"EntryPoint","urlTemplate":"https:\/\/www.miomiorun.com\/de\/?s={search_term_string}"},"query-input":{"@type":"PropertyValueSpecification","valueRequired":true,"valueName":"search_term_string"}}],"inLanguage":"de-DE"},{"@type":"Organization","@id":"https:\/\/www.miomiorun.com\/de\/#organization","name":"MioMio Run","url":"https:\/\/www.miomiorun.com\/de\/","logo":{"@type":"ImageObject","inLanguage":"de-DE","@id":"https:\/\/www.miomiorun.com\/de\/#\/schema\/logo\/image\/","url":"https:\/\/www.miomiorun.com\/app\/uploads\/2019\/12\/logomio.png","contentUrl":"https:\/\/www.miomiorun.com\/app\/uploads\/2019\/12\/logomio.png","width":115,"height":82,"caption":"MioMio Run"},"image":{"@id":"https:\/\/www.miomiorun.com\/de\/#\/schema\/logo\/image\/"},"sameAs":["https:\/\/www.facebook.com\/miomiorun\/","https:\/\/www.instagram.com\/miomiorun\/"]}]}},"_links":{"self":[{"href":"https:\/\/www.miomiorun.com\/de\/wp-json\/wp\/v2\/product\/432788","targetHints":{"allow":["GET"]}}],"collection":[{"href":"https:\/\/www.miomiorun.com\/de\/wp-json\/wp\/v2\/product"}],"about":[{"href":"https:\/\/www.miomiorun.com\/de\/wp-json\/wp\/v2\/types\/product"}],"wp:featuredmedia":[{"embeddable":true,"href":"https:\/\/www.miomiorun.com\/de\/wp-json\/wp\/v2\/media\/432830"}],"wp:attachment":[{"href":"https:\/\/www.miomiorun.com\/de\/wp-json\/wp\/v2\/media?parent=432788"}],"wp:term":[{"taxonomy":"product_brand","embeddable":true,"href":"https:\/\/www.miomiorun.com\/de\/wp-json\/wp\/v2\/product_brand?post=432788"},{"taxonomy":"product_cat","embeddable":true,"href":"https:\/\/www.miomiorun.com\/de\/wp-json\/wp\/v2\/product_cat?post=432788"},{"taxonomy":"product_tag","embeddable":true,"href":"https:\/\/www.miomiorun.com\/de\/wp-json\/wp\/v2\/product_tag?post=432788"}],"curies":[{"name":"wp","href":"https:\/\/api.w.org\/{rel}","templated":true}]}}