{"id":432656,"date":"2026-04-16T18:37:54","date_gmt":"2026-04-16T16:37:54","guid":{"rendered":"https:\/\/www.miomiorun.com\/?post_type=product&#038;p=432656"},"modified":"2026-05-13T18:58:12","modified_gmt":"2026-05-13T16:58:12","slug":"velocity-run-belt","status":"publish","type":"product","link":"https:\/\/www.miomiorun.com\/de\/produkt\/velocity-run-belt\/","title":{"rendered":"Velocity run belt"},"content":{"rendered":"<p>Wir haben die revolution\u00e4re <strong data-start=\"36\" data-end=\"54\">UA Speedpocket<\/strong> integriert, um einen praktischen und sicheren Laufg\u00fcrtel zu entwickeln, der mit einer wasserdichten und rutschfesten Tasche ausgestattet ist \u2013 perfekt, um das Smartphone ohne Ablenkungen zu transportieren. Die <strong data-start=\"223\" data-end=\"235\">UA Storm<\/strong>-Technologie sch\u00fctzt deine pers\u00f6nlichen Gegenst\u00e4nde vor Wasser, w\u00e4hrend der verstellbare Gurt mit flacher Schnalle f\u00fcr einen stabilen, festen und individuellen Sitz sorgt. Die fluorfreie wasserabweisende Impr\u00e4gnierung rundet das Produkt ab und macht es unter allen Bedingungen zuverl\u00e4ssig.<\/p>\n","protected":false},"excerpt":{"rendered":"<ul>\n<li data-section-id=\"5fwvm3\" data-start=\"724\" data-end=\"810\"><strong data-start=\"726\" data-end=\"748\">Maximale Stabilit\u00e4t:<\/strong> UA Speedpocket-Tasche, die das Auf- und Abwippen beim Laufen reduziert<\/li>\n<li data-section-id=\"1iqxpe0\" data-start=\"811\" data-end=\"890\"><strong data-start=\"813\" data-end=\"839\">Wasserschutz:<\/strong> UA Storm-Technologie und wasserabweisende Impr\u00e4gnierung<\/li>\n<li data-section-id=\"165icga\" data-start=\"891\" data-end=\"964\" data-is-last-node=\"\"><strong data-start=\"893\" data-end=\"918\">Perfekte Passform:<\/strong> verstellbarer Gurt mit flacher Schnalle<\/li>\n<\/ul>\n","protected":false},"featured_media":432668,"template":"","meta":{"_acf_changed":false,"inline_featured_image":false},"product_brand":[],"product_cat":[6342,6396,6397],"product_tag":[20482,20495,20497],"class_list":{"0":"post-432656","1":"product","2":"type-product","3":"status-publish","4":"has-post-thumbnail","6":"product_cat-zubehoer","7":"product_cat-taschen-und-guertel-de","8":"product_cat-guertel-de","9":"product_tag-under-armour-de","10":"product_tag-under-armour-damen","11":"product_tag-under-armour-herren","12":"pa_attivita-fitness-de","13":"pa_attivita-gehen","14":"pa_attivita-running-de","15":"pa_colore-velocity-run-belt-black","16":"pa_colore-velocity-run-belt-high-vis-yellow","17":"pa_marca-under-armour-de","18":"pa_sesso-damen","19":"pa_sesso-herren","21":"first","22":"instock","23":"sale","24":"taxable","25":"shipping-taxable","26":"purchasable","27":"product-type-variable","28":"wvs-archive-product-wrapper"},"acf":[],"yoast_head":"<!-- This site is optimized with the Yoast SEO plugin v26.8 - https:\/\/yoast.com\/product\/yoast-seo-wordpress\/ -->\n<title>Salomon Velocity run belt - Laufzubeh\u00f6r - MioMioRun<\/title>\n<meta name=\"description\" content=\"Laufg\u00fcrtel mit wasserdichter, rutschfester Tasche, entwickelt, um das Smartphone beim Laufen sicher zu transportieren.\" \/>\n<meta name=\"robots\" content=\"index, follow, max-snippet:-1, max-image-preview:large, max-video-preview:-1\" \/>\n<link rel=\"canonical\" href=\"https:\/\/www.miomiorun.com\/de\/produkt\/velocity-run-belt\/\" \/>\n<meta property=\"og:locale\" content=\"de_DE\" \/>\n<meta property=\"og:type\" content=\"article\" \/>\n<meta property=\"og:title\" content=\"Salomon Velocity run belt - Laufzubeh\u00f6r - MioMioRun\" \/>\n<meta property=\"og:description\" content=\"Laufg\u00fcrtel mit wasserdichter, rutschfester Tasche, entwickelt, um das Smartphone beim Laufen sicher zu transportieren.\" \/>\n<meta property=\"og:url\" content=\"https:\/\/www.miomiorun.com\/de\/produkt\/velocity-run-belt\/\" \/>\n<meta property=\"og:site_name\" content=\"MioMioRun\" \/>\n<meta property=\"article:publisher\" content=\"https:\/\/www.facebook.com\/miomiorun\/\" \/>\n<meta property=\"article:modified_time\" content=\"2026-05-13T16:58:12+00:00\" \/>\n<meta property=\"og:image\" content=\"https:\/\/www.miomiorun.com\/app\/uploads\/2026\/04\/under-armor-Velocity-run-belt-black-1388914-0003.webp\" \/>\n\t<meta property=\"og:image:width\" content=\"720\" \/>\n\t<meta property=\"og:image:height\" content=\"720\" \/>\n\t<meta property=\"og:image:type\" content=\"image\/webp\" \/>\n<meta name=\"twitter:card\" content=\"summary_large_image\" \/>\n<script type=\"application\/ld+json\" class=\"yoast-schema-graph\">{\"@context\":\"https:\/\/schema.org\",\"@graph\":[{\"@type\":\"WebPage\",\"@id\":\"https:\/\/www.miomiorun.com\/de\/produkt\/velocity-run-belt\/\",\"url\":\"https:\/\/www.miomiorun.com\/de\/produkt\/velocity-run-belt\/\",\"name\":\"Salomon Velocity run belt - Laufzubeh\u00f6r - MioMioRun\",\"isPartOf\":{\"@id\":\"https:\/\/www.miomiorun.com\/de\/#website\"},\"primaryImageOfPage\":{\"@id\":\"https:\/\/www.miomiorun.com\/de\/produkt\/velocity-run-belt\/#primaryimage\"},\"image\":{\"@id\":\"https:\/\/www.miomiorun.com\/de\/produkt\/velocity-run-belt\/#primaryimage\"},\"thumbnailUrl\":\"https:\/\/www.miomiorun.com\/app\/uploads\/2026\/04\/under-armor-Velocity-run-belt-black-1388914-0003.webp\",\"datePublished\":\"2026-04-16T16:37:54+00:00\",\"dateModified\":\"2026-05-13T16:58:12+00:00\",\"description\":\"Laufg\u00fcrtel mit wasserdichter, rutschfester Tasche, entwickelt, um das Smartphone beim Laufen sicher zu transportieren.\",\"breadcrumb\":{\"@id\":\"https:\/\/www.miomiorun.com\/de\/produkt\/velocity-run-belt\/#breadcrumb\"},\"inLanguage\":\"de-DE\",\"potentialAction\":[{\"@type\":\"ReadAction\",\"target\":[\"https:\/\/www.miomiorun.com\/de\/produkt\/velocity-run-belt\/\"]}]},{\"@type\":\"ImageObject\",\"inLanguage\":\"de-DE\",\"@id\":\"https:\/\/www.miomiorun.com\/de\/produkt\/velocity-run-belt\/#primaryimage\",\"url\":\"https:\/\/www.miomiorun.com\/app\/uploads\/2026\/04\/under-armor-Velocity-run-belt-black-1388914-0003.webp\",\"contentUrl\":\"https:\/\/www.miomiorun.com\/app\/uploads\/2026\/04\/under-armor-Velocity-run-belt-black-1388914-0003.webp\",\"width\":720,\"height\":720,\"caption\":\"under armor Velocity run belt black 1388914-0003\"},{\"@type\":\"BreadcrumbList\",\"@id\":\"https:\/\/www.miomiorun.com\/de\/produkt\/velocity-run-belt\/#breadcrumb\",\"itemListElement\":[{\"@type\":\"ListItem\",\"position\":1,\"name\":\"Home\",\"item\":\"https:\/\/www.miomiorun.com\/de\/home-page\/\"},{\"@type\":\"ListItem\",\"position\":2,\"name\":\"Shop\",\"item\":\"https:\/\/www.miomiorun.com\/shop\/\"},{\"@type\":\"ListItem\",\"position\":3,\"name\":\"Velocity run belt\"}]},{\"@type\":\"WebSite\",\"@id\":\"https:\/\/www.miomiorun.com\/de\/#website\",\"url\":\"https:\/\/www.miomiorun.com\/de\/\",\"name\":\"MioMioRun\",\"description\":\"100% Lauf- und Trailshop\",\"publisher\":{\"@id\":\"https:\/\/www.miomiorun.com\/de\/#organization\"},\"potentialAction\":[{\"@type\":\"SearchAction\",\"target\":{\"@type\":\"EntryPoint\",\"urlTemplate\":\"https:\/\/www.miomiorun.com\/de\/?s={search_term_string}\"},\"query-input\":{\"@type\":\"PropertyValueSpecification\",\"valueRequired\":true,\"valueName\":\"search_term_string\"}}],\"inLanguage\":\"de-DE\"},{\"@type\":\"Organization\",\"@id\":\"https:\/\/www.miomiorun.com\/de\/#organization\",\"name\":\"MioMio Run\",\"url\":\"https:\/\/www.miomiorun.com\/de\/\",\"logo\":{\"@type\":\"ImageObject\",\"inLanguage\":\"de-DE\",\"@id\":\"https:\/\/www.miomiorun.com\/de\/#\/schema\/logo\/image\/\",\"url\":\"https:\/\/www.miomiorun.com\/app\/uploads\/2019\/12\/logomio.png\",\"contentUrl\":\"https:\/\/www.miomiorun.com\/app\/uploads\/2019\/12\/logomio.png\",\"width\":115,\"height\":82,\"caption\":\"MioMio Run\"},\"image\":{\"@id\":\"https:\/\/www.miomiorun.com\/de\/#\/schema\/logo\/image\/\"},\"sameAs\":[\"https:\/\/www.facebook.com\/miomiorun\/\",\"https:\/\/www.instagram.com\/miomiorun\/\"]}]}<\/script>\n<!-- \/ Yoast SEO plugin. -->","yoast_head_json":{"title":"Salomon Velocity run belt - Laufzubeh\u00f6r - MioMioRun","description":"Laufg\u00fcrtel mit wasserdichter, rutschfester Tasche, entwickelt, um das Smartphone beim Laufen sicher zu transportieren.","robots":{"index":"index","follow":"follow","max-snippet":"max-snippet:-1","max-image-preview":"max-image-preview:large","max-video-preview":"max-video-preview:-1"},"canonical":"https:\/\/www.miomiorun.com\/de\/produkt\/velocity-run-belt\/","og_locale":"de_DE","og_type":"article","og_title":"Salomon Velocity run belt - Laufzubeh\u00f6r - MioMioRun","og_description":"Laufg\u00fcrtel mit wasserdichter, rutschfester Tasche, entwickelt, um das Smartphone beim Laufen sicher zu transportieren.","og_url":"https:\/\/www.miomiorun.com\/de\/produkt\/velocity-run-belt\/","og_site_name":"MioMioRun","article_publisher":"https:\/\/www.facebook.com\/miomiorun\/","article_modified_time":"2026-05-13T16:58:12+00:00","og_image":[{"width":720,"height":720,"url":"https:\/\/www.miomiorun.com\/app\/uploads\/2026\/04\/under-armor-Velocity-run-belt-black-1388914-0003.webp","type":"image\/webp"}],"twitter_card":"summary_large_image","schema":{"@context":"https:\/\/schema.org","@graph":[{"@type":"WebPage","@id":"https:\/\/www.miomiorun.com\/de\/produkt\/velocity-run-belt\/","url":"https:\/\/www.miomiorun.com\/de\/produkt\/velocity-run-belt\/","name":"Salomon Velocity run belt - Laufzubeh\u00f6r - MioMioRun","isPartOf":{"@id":"https:\/\/www.miomiorun.com\/de\/#website"},"primaryImageOfPage":{"@id":"https:\/\/www.miomiorun.com\/de\/produkt\/velocity-run-belt\/#primaryimage"},"image":{"@id":"https:\/\/www.miomiorun.com\/de\/produkt\/velocity-run-belt\/#primaryimage"},"thumbnailUrl":"https:\/\/www.miomiorun.com\/app\/uploads\/2026\/04\/under-armor-Velocity-run-belt-black-1388914-0003.webp","datePublished":"2026-04-16T16:37:54+00:00","dateModified":"2026-05-13T16:58:12+00:00","description":"Laufg\u00fcrtel mit wasserdichter, rutschfester Tasche, entwickelt, um das Smartphone beim Laufen sicher zu transportieren.","breadcrumb":{"@id":"https:\/\/www.miomiorun.com\/de\/produkt\/velocity-run-belt\/#breadcrumb"},"inLanguage":"de-DE","potentialAction":[{"@type":"ReadAction","target":["https:\/\/www.miomiorun.com\/de\/produkt\/velocity-run-belt\/"]}]},{"@type":"ImageObject","inLanguage":"de-DE","@id":"https:\/\/www.miomiorun.com\/de\/produkt\/velocity-run-belt\/#primaryimage","url":"https:\/\/www.miomiorun.com\/app\/uploads\/2026\/04\/under-armor-Velocity-run-belt-black-1388914-0003.webp","contentUrl":"https:\/\/www.miomiorun.com\/app\/uploads\/2026\/04\/under-armor-Velocity-run-belt-black-1388914-0003.webp","width":720,"height":720,"caption":"under armor Velocity run belt black 1388914-0003"},{"@type":"BreadcrumbList","@id":"https:\/\/www.miomiorun.com\/de\/produkt\/velocity-run-belt\/#breadcrumb","itemListElement":[{"@type":"ListItem","position":1,"name":"Home","item":"https:\/\/www.miomiorun.com\/de\/home-page\/"},{"@type":"ListItem","position":2,"name":"Shop","item":"https:\/\/www.miomiorun.com\/shop\/"},{"@type":"ListItem","position":3,"name":"Velocity run belt"}]},{"@type":"WebSite","@id":"https:\/\/www.miomiorun.com\/de\/#website","url":"https:\/\/www.miomiorun.com\/de\/","name":"MioMioRun","description":"100% Lauf- und Trailshop","publisher":{"@id":"https:\/\/www.miomiorun.com\/de\/#organization"},"potentialAction":[{"@type":"SearchAction","target":{"@type":"EntryPoint","urlTemplate":"https:\/\/www.miomiorun.com\/de\/?s={search_term_string}"},"query-input":{"@type":"PropertyValueSpecification","valueRequired":true,"valueName":"search_term_string"}}],"inLanguage":"de-DE"},{"@type":"Organization","@id":"https:\/\/www.miomiorun.com\/de\/#organization","name":"MioMio Run","url":"https:\/\/www.miomiorun.com\/de\/","logo":{"@type":"ImageObject","inLanguage":"de-DE","@id":"https:\/\/www.miomiorun.com\/de\/#\/schema\/logo\/image\/","url":"https:\/\/www.miomiorun.com\/app\/uploads\/2019\/12\/logomio.png","contentUrl":"https:\/\/www.miomiorun.com\/app\/uploads\/2019\/12\/logomio.png","width":115,"height":82,"caption":"MioMio Run"},"image":{"@id":"https:\/\/www.miomiorun.com\/de\/#\/schema\/logo\/image\/"},"sameAs":["https:\/\/www.facebook.com\/miomiorun\/","https:\/\/www.instagram.com\/miomiorun\/"]}]}},"_links":{"self":[{"href":"https:\/\/www.miomiorun.com\/de\/wp-json\/wp\/v2\/product\/432656","targetHints":{"allow":["GET"]}}],"collection":[{"href":"https:\/\/www.miomiorun.com\/de\/wp-json\/wp\/v2\/product"}],"about":[{"href":"https:\/\/www.miomiorun.com\/de\/wp-json\/wp\/v2\/types\/product"}],"wp:featuredmedia":[{"embeddable":true,"href":"https:\/\/www.miomiorun.com\/de\/wp-json\/wp\/v2\/media\/432668"}],"wp:attachment":[{"href":"https:\/\/www.miomiorun.com\/de\/wp-json\/wp\/v2\/media?parent=432656"}],"wp:term":[{"taxonomy":"product_brand","embeddable":true,"href":"https:\/\/www.miomiorun.com\/de\/wp-json\/wp\/v2\/product_brand?post=432656"},{"taxonomy":"product_cat","embeddable":true,"href":"https:\/\/www.miomiorun.com\/de\/wp-json\/wp\/v2\/product_cat?post=432656"},{"taxonomy":"product_tag","embeddable":true,"href":"https:\/\/www.miomiorun.com\/de\/wp-json\/wp\/v2\/product_tag?post=432656"}],"curies":[{"name":"wp","href":"https:\/\/api.w.org\/{rel}","templated":true}]}}