{"id":431992,"date":"2026-04-16T12:12:48","date_gmt":"2026-04-16T10:12:48","guid":{"rendered":"https:\/\/www.miomiorun.com\/?post_type=product&#038;p=431992"},"modified":"2026-04-29T16:27:43","modified_gmt":"2026-04-29T14:27:43","slug":"short-alpinstar-damen","status":"publish","type":"product","link":"https:\/\/www.miomiorun.com\/de\/produkt\/short-alpinstar-damen\/","title":{"rendered":"Short alpinstar damen"},"content":{"rendered":"<div class=\"single-product-description\">\n<p data-start=\"0\" data-end=\"596\">Unsere technisch ausgereifteste Shorts, perfekt f\u00fcr Sommerwanderungen, vereint Leistung und Komfort in einem schlichten, modernen Design. Sie besteht aus <strong data-start=\"146\" data-end=\"160\">Lite-Guard<\/strong>-Material und bietet Atmungsaktivit\u00e4t, Elastizit\u00e4t und Windschutz, sodass sie dich auch bei anspruchsvollsten Touren begleitet. Der Look wurde durch aktualisierte Details an den Seiten und einen geklebten, abgerundeten Saum mit \u00fcberlappendem Seitenschlitz noch klarer gestaltet. Der offene Bund mit verdecktem Rei\u00dfverschluss und verstecktem Flachknopf sorgt f\u00fcr eine pr\u00e4zise und bequeme Passform, w\u00e4hrend die beiden Rei\u00dfverschlusstaschen sie f\u00fcr jeden Outdoor-Bedarf praktisch machen.<\/p>\n<ul data-start=\"598\" data-end=\"704\">\n<li data-section-id=\"13u9ay2\" data-start=\"598\" data-end=\"621\">Handtaschen mit Rei\u00dfverschluss<\/li>\n<li data-section-id=\"yqkqxa\" data-start=\"622\" data-end=\"646\">Kontrastn\u00e4hte<\/li>\n<li data-section-id=\"1dwu5ag\" data-start=\"647\" data-end=\"682\">Offener Bund mit elastischem Band<\/li>\n<li data-section-id=\"j0d6n0\" data-start=\"683\" data-end=\"704\">Reflektierende Logos<\/li>\n<\/ul>\n<\/div>\n","protected":false},"excerpt":{"rendered":"<ul>\n<li data-section-id=\"14rzxdq\" data-start=\"1114\" data-end=\"1201\"><strong data-start=\"1116\" data-end=\"1143\">Hervorragende Atmungsaktivit\u00e4t:<\/strong> Doppelgewebe mit Laserperforation und mikroperforierten Eins\u00e4tzen<\/li>\n<li data-section-id=\"oqa5xe\" data-start=\"1202\" data-end=\"1283\"><strong data-start=\"1204\" data-end=\"1227\">Komfort und Halt:<\/strong> Innenhose aus Mikrofaser und verstellbarer elastischer Bund<\/li>\n<li data-section-id=\"16a9mb7\" data-start=\"1284\" data-end=\"1363\" data-is-last-node=\"\"><strong data-start=\"1286\" data-end=\"1302\">Vielseitigkeit:<\/strong> praktische Taschen und ein Design, das sich f\u00fcr Trailrunning und das t\u00e4gliche Laufen eignet<\/li>\n<\/ul>\n","protected":false},"featured_media":432011,"template":"","meta":{"_acf_changed":false,"inline_featured_image":false},"product_brand":[],"product_cat":[6401,6488],"product_tag":[3370,6237],"class_list":{"0":"post-431992","1":"product","2":"type-product","3":"status-publish","4":"has-post-thumbnail","6":"product_cat-damenbekleidung","7":"product_cat-damenshorts-de","8":"product_tag-crazy-idea-de","9":"product_tag-crazy-idea-damen-de","10":"pa_attivita-gehen","11":"pa_attivita-outdoor-de","12":"pa_colore-short-alpinstar-black-w","13":"pa_colore-short-alpinstar-w-lake","14":"pa_marca-crazy-idea-de","15":"pa_sesso-damen","16":"pa_size-extra-small-de","17":"pa_size-small-de","18":"pa_size-medium-de","19":"pa_size-large-de","21":"first","22":"instock","23":"sale","24":"taxable","25":"shipping-taxable","26":"purchasable","27":"product-type-variable","28":"wvs-archive-product-wrapper"},"acf":[],"yoast_head":"<!-- This site is optimized with the Yoast SEO plugin v26.8 - https:\/\/yoast.com\/product\/yoast-seo-wordpress\/ -->\n<title>Crazy Idea Short alpinstar damen - Damen-Shorts - MioMioRun<\/title>\n<meta name=\"description\" content=\"Eine leichte und atmungsaktive technische Wanderhose, die Komfort, Schutz und Funktionalit\u00e4t bei Sommerausfl\u00fcgen garantiert.\" \/>\n<meta name=\"robots\" content=\"index, follow, max-snippet:-1, max-image-preview:large, max-video-preview:-1\" \/>\n<link rel=\"canonical\" href=\"https:\/\/www.miomiorun.com\/de\/produkt\/short-alpinstar-damen\/\" \/>\n<meta property=\"og:locale\" content=\"de_DE\" \/>\n<meta property=\"og:type\" content=\"article\" \/>\n<meta property=\"og:title\" content=\"Crazy Idea Short alpinstar damen - Damen-Shorts - MioMioRun\" \/>\n<meta property=\"og:description\" content=\"Eine leichte und atmungsaktive technische Wanderhose, die Komfort, Schutz und Funktionalit\u00e4t bei Sommerausfl\u00fcgen garantiert.\" \/>\n<meta property=\"og:url\" content=\"https:\/\/www.miomiorun.com\/de\/produkt\/short-alpinstar-damen\/\" \/>\n<meta property=\"og:site_name\" content=\"MioMioRun\" \/>\n<meta property=\"article:publisher\" content=\"https:\/\/www.facebook.com\/miomiorun\/\" \/>\n<meta property=\"article:modified_time\" content=\"2026-04-29T14:27:43+00:00\" \/>\n<meta property=\"og:image\" content=\"https:\/\/www.miomiorun.com\/app\/uploads\/2026\/04\/crazy-Short-alpinstar-black-W-S26015167D-0001.webp\" \/>\n\t<meta property=\"og:image:width\" content=\"720\" \/>\n\t<meta property=\"og:image:height\" content=\"720\" \/>\n\t<meta property=\"og:image:type\" content=\"image\/webp\" \/>\n<meta name=\"twitter:card\" content=\"summary_large_image\" \/>\n<meta name=\"twitter:label1\" content=\"Est. reading time\" \/>\n\t<meta name=\"twitter:data1\" content=\"1 minute\" \/>\n<script type=\"application\/ld+json\" class=\"yoast-schema-graph\">{\"@context\":\"https:\/\/schema.org\",\"@graph\":[{\"@type\":\"WebPage\",\"@id\":\"https:\/\/www.miomiorun.com\/de\/produkt\/short-alpinstar-damen\/\",\"url\":\"https:\/\/www.miomiorun.com\/de\/produkt\/short-alpinstar-damen\/\",\"name\":\"Crazy Idea Short alpinstar damen - Damen-Shorts - MioMioRun\",\"isPartOf\":{\"@id\":\"https:\/\/www.miomiorun.com\/de\/#website\"},\"primaryImageOfPage\":{\"@id\":\"https:\/\/www.miomiorun.com\/de\/produkt\/short-alpinstar-damen\/#primaryimage\"},\"image\":{\"@id\":\"https:\/\/www.miomiorun.com\/de\/produkt\/short-alpinstar-damen\/#primaryimage\"},\"thumbnailUrl\":\"https:\/\/www.miomiorun.com\/app\/uploads\/2026\/04\/crazy-Short-alpinstar-black-W-S26015167D-0001.webp\",\"datePublished\":\"2026-04-16T10:12:48+00:00\",\"dateModified\":\"2026-04-29T14:27:43+00:00\",\"description\":\"Eine leichte und atmungsaktive technische Wanderhose, die Komfort, Schutz und Funktionalit\u00e4t bei Sommerausfl\u00fcgen garantiert.\",\"breadcrumb\":{\"@id\":\"https:\/\/www.miomiorun.com\/de\/produkt\/short-alpinstar-damen\/#breadcrumb\"},\"inLanguage\":\"de-DE\",\"potentialAction\":[{\"@type\":\"ReadAction\",\"target\":[\"https:\/\/www.miomiorun.com\/de\/produkt\/short-alpinstar-damen\/\"]}]},{\"@type\":\"ImageObject\",\"inLanguage\":\"de-DE\",\"@id\":\"https:\/\/www.miomiorun.com\/de\/produkt\/short-alpinstar-damen\/#primaryimage\",\"url\":\"https:\/\/www.miomiorun.com\/app\/uploads\/2026\/04\/crazy-Short-alpinstar-black-W-S26015167D-0001.webp\",\"contentUrl\":\"https:\/\/www.miomiorun.com\/app\/uploads\/2026\/04\/crazy-Short-alpinstar-black-W-S26015167D-0001.webp\",\"width\":720,\"height\":720,\"caption\":\"crazy Short alpinstar black W S26015167D-0001\"},{\"@type\":\"BreadcrumbList\",\"@id\":\"https:\/\/www.miomiorun.com\/de\/produkt\/short-alpinstar-damen\/#breadcrumb\",\"itemListElement\":[{\"@type\":\"ListItem\",\"position\":1,\"name\":\"Home\",\"item\":\"https:\/\/www.miomiorun.com\/de\/\"},{\"@type\":\"ListItem\",\"position\":2,\"name\":\"Shop\",\"item\":\"https:\/\/www.miomiorun.com\/shop\/\"},{\"@type\":\"ListItem\",\"position\":3,\"name\":\"Short alpinstar damen\"}]},{\"@type\":\"WebSite\",\"@id\":\"https:\/\/www.miomiorun.com\/de\/#website\",\"url\":\"https:\/\/www.miomiorun.com\/de\/\",\"name\":\"MioMioRun\",\"description\":\"100% Lauf- und Trailshop\",\"publisher\":{\"@id\":\"https:\/\/www.miomiorun.com\/de\/#organization\"},\"potentialAction\":[{\"@type\":\"SearchAction\",\"target\":{\"@type\":\"EntryPoint\",\"urlTemplate\":\"https:\/\/www.miomiorun.com\/de\/?s={search_term_string}\"},\"query-input\":{\"@type\":\"PropertyValueSpecification\",\"valueRequired\":true,\"valueName\":\"search_term_string\"}}],\"inLanguage\":\"de-DE\"},{\"@type\":\"Organization\",\"@id\":\"https:\/\/www.miomiorun.com\/de\/#organization\",\"name\":\"MioMio Run\",\"url\":\"https:\/\/www.miomiorun.com\/de\/\",\"logo\":{\"@type\":\"ImageObject\",\"inLanguage\":\"de-DE\",\"@id\":\"https:\/\/www.miomiorun.com\/de\/#\/schema\/logo\/image\/\",\"url\":\"https:\/\/www.miomiorun.com\/app\/uploads\/2019\/12\/logomio.png\",\"contentUrl\":\"https:\/\/www.miomiorun.com\/app\/uploads\/2019\/12\/logomio.png\",\"width\":115,\"height\":82,\"caption\":\"MioMio Run\"},\"image\":{\"@id\":\"https:\/\/www.miomiorun.com\/de\/#\/schema\/logo\/image\/\"},\"sameAs\":[\"https:\/\/www.facebook.com\/miomiorun\/\",\"https:\/\/www.instagram.com\/miomiorun\/\"]}]}<\/script>\n<!-- \/ Yoast SEO plugin. -->","yoast_head_json":{"title":"Crazy Idea Short alpinstar damen - Damen-Shorts - MioMioRun","description":"Eine leichte und atmungsaktive technische Wanderhose, die Komfort, Schutz und Funktionalit\u00e4t bei Sommerausfl\u00fcgen garantiert.","robots":{"index":"index","follow":"follow","max-snippet":"max-snippet:-1","max-image-preview":"max-image-preview:large","max-video-preview":"max-video-preview:-1"},"canonical":"https:\/\/www.miomiorun.com\/de\/produkt\/short-alpinstar-damen\/","og_locale":"de_DE","og_type":"article","og_title":"Crazy Idea Short alpinstar damen - Damen-Shorts - MioMioRun","og_description":"Eine leichte und atmungsaktive technische Wanderhose, die Komfort, Schutz und Funktionalit\u00e4t bei Sommerausfl\u00fcgen garantiert.","og_url":"https:\/\/www.miomiorun.com\/de\/produkt\/short-alpinstar-damen\/","og_site_name":"MioMioRun","article_publisher":"https:\/\/www.facebook.com\/miomiorun\/","article_modified_time":"2026-04-29T14:27:43+00:00","og_image":[{"width":720,"height":720,"url":"https:\/\/www.miomiorun.com\/app\/uploads\/2026\/04\/crazy-Short-alpinstar-black-W-S26015167D-0001.webp","type":"image\/webp"}],"twitter_card":"summary_large_image","twitter_misc":{"Est. reading time":"1 minute"},"schema":{"@context":"https:\/\/schema.org","@graph":[{"@type":"WebPage","@id":"https:\/\/www.miomiorun.com\/de\/produkt\/short-alpinstar-damen\/","url":"https:\/\/www.miomiorun.com\/de\/produkt\/short-alpinstar-damen\/","name":"Crazy Idea Short alpinstar damen - Damen-Shorts - MioMioRun","isPartOf":{"@id":"https:\/\/www.miomiorun.com\/de\/#website"},"primaryImageOfPage":{"@id":"https:\/\/www.miomiorun.com\/de\/produkt\/short-alpinstar-damen\/#primaryimage"},"image":{"@id":"https:\/\/www.miomiorun.com\/de\/produkt\/short-alpinstar-damen\/#primaryimage"},"thumbnailUrl":"https:\/\/www.miomiorun.com\/app\/uploads\/2026\/04\/crazy-Short-alpinstar-black-W-S26015167D-0001.webp","datePublished":"2026-04-16T10:12:48+00:00","dateModified":"2026-04-29T14:27:43+00:00","description":"Eine leichte und atmungsaktive technische Wanderhose, die Komfort, Schutz und Funktionalit\u00e4t bei Sommerausfl\u00fcgen garantiert.","breadcrumb":{"@id":"https:\/\/www.miomiorun.com\/de\/produkt\/short-alpinstar-damen\/#breadcrumb"},"inLanguage":"de-DE","potentialAction":[{"@type":"ReadAction","target":["https:\/\/www.miomiorun.com\/de\/produkt\/short-alpinstar-damen\/"]}]},{"@type":"ImageObject","inLanguage":"de-DE","@id":"https:\/\/www.miomiorun.com\/de\/produkt\/short-alpinstar-damen\/#primaryimage","url":"https:\/\/www.miomiorun.com\/app\/uploads\/2026\/04\/crazy-Short-alpinstar-black-W-S26015167D-0001.webp","contentUrl":"https:\/\/www.miomiorun.com\/app\/uploads\/2026\/04\/crazy-Short-alpinstar-black-W-S26015167D-0001.webp","width":720,"height":720,"caption":"crazy Short alpinstar black W S26015167D-0001"},{"@type":"BreadcrumbList","@id":"https:\/\/www.miomiorun.com\/de\/produkt\/short-alpinstar-damen\/#breadcrumb","itemListElement":[{"@type":"ListItem","position":1,"name":"Home","item":"https:\/\/www.miomiorun.com\/de\/"},{"@type":"ListItem","position":2,"name":"Shop","item":"https:\/\/www.miomiorun.com\/shop\/"},{"@type":"ListItem","position":3,"name":"Short alpinstar damen"}]},{"@type":"WebSite","@id":"https:\/\/www.miomiorun.com\/de\/#website","url":"https:\/\/www.miomiorun.com\/de\/","name":"MioMioRun","description":"100% Lauf- und Trailshop","publisher":{"@id":"https:\/\/www.miomiorun.com\/de\/#organization"},"potentialAction":[{"@type":"SearchAction","target":{"@type":"EntryPoint","urlTemplate":"https:\/\/www.miomiorun.com\/de\/?s={search_term_string}"},"query-input":{"@type":"PropertyValueSpecification","valueRequired":true,"valueName":"search_term_string"}}],"inLanguage":"de-DE"},{"@type":"Organization","@id":"https:\/\/www.miomiorun.com\/de\/#organization","name":"MioMio Run","url":"https:\/\/www.miomiorun.com\/de\/","logo":{"@type":"ImageObject","inLanguage":"de-DE","@id":"https:\/\/www.miomiorun.com\/de\/#\/schema\/logo\/image\/","url":"https:\/\/www.miomiorun.com\/app\/uploads\/2019\/12\/logomio.png","contentUrl":"https:\/\/www.miomiorun.com\/app\/uploads\/2019\/12\/logomio.png","width":115,"height":82,"caption":"MioMio Run"},"image":{"@id":"https:\/\/www.miomiorun.com\/de\/#\/schema\/logo\/image\/"},"sameAs":["https:\/\/www.facebook.com\/miomiorun\/","https:\/\/www.instagram.com\/miomiorun\/"]}]}},"_links":{"self":[{"href":"https:\/\/www.miomiorun.com\/de\/wp-json\/wp\/v2\/product\/431992","targetHints":{"allow":["GET"]}}],"collection":[{"href":"https:\/\/www.miomiorun.com\/de\/wp-json\/wp\/v2\/product"}],"about":[{"href":"https:\/\/www.miomiorun.com\/de\/wp-json\/wp\/v2\/types\/product"}],"wp:featuredmedia":[{"embeddable":true,"href":"https:\/\/www.miomiorun.com\/de\/wp-json\/wp\/v2\/media\/432011"}],"wp:attachment":[{"href":"https:\/\/www.miomiorun.com\/de\/wp-json\/wp\/v2\/media?parent=431992"}],"wp:term":[{"taxonomy":"product_brand","embeddable":true,"href":"https:\/\/www.miomiorun.com\/de\/wp-json\/wp\/v2\/product_brand?post=431992"},{"taxonomy":"product_cat","embeddable":true,"href":"https:\/\/www.miomiorun.com\/de\/wp-json\/wp\/v2\/product_cat?post=431992"},{"taxonomy":"product_tag","embeddable":true,"href":"https:\/\/www.miomiorun.com\/de\/wp-json\/wp\/v2\/product_tag?post=431992"}],"curies":[{"name":"wp","href":"https:\/\/api.w.org\/{rel}","templated":true}]}}