{"id":431910,"date":"2026-04-16T11:46:28","date_gmt":"2026-04-16T09:46:28","guid":{"rendered":"https:\/\/www.miomiorun.com\/?post_type=product&#038;p=431910"},"modified":"2026-04-29T16:22:47","modified_gmt":"2026-04-29T14:22:47","slug":"short-storm-herren","status":"publish","type":"product","link":"https:\/\/www.miomiorun.com\/de\/produkt\/short-storm-herren\/","title":{"rendered":"Short storm herren"},"content":{"rendered":"<div class=\"single-product-description\">\n<div class=\"single-product-description\">\n<p data-start=\"0\" data-end=\"736\">Die neue <strong data-start=\"9\" data-end=\"24\">Short Storm<\/strong> ist eine moderne und vielseitige Laufhose, die sich dank ihrer bequemen Passform und ihres schlichten Designs mit praktischen Taschen sowohl f\u00fcr Trail-L\u00e4ufe als auch f\u00fcr weniger anspruchsvolle Aktivit\u00e4ten eignet. Die Konstruktion ist hochtechnisch und besteht aus zwei ultraleichten Stoffen: Die Vorderseite verf\u00fcgt \u00fcber Laserperforationen f\u00fcr bessere Bel\u00fcftung und Leichtigkeit, w\u00e4hrend die R\u00fcckseite aus einem vollst\u00e4ndig mikroperforierten, atmungsaktiven und schnell trocknenden Stoff gefertigt ist. Der flache Bund mit klarem Design besteht aus st\u00fctzendem und atmungsaktivem Material; der Innenslip aus Mikrofaser der neuesten Generation sorgt f\u00fcr Komfort und Schutz, w\u00e4hrend die S\u00e4ume mit reflektierendem Band Reibung w\u00e4hrend der Aktivit\u00e4t reduzieren.<\/p>\n<ul data-start=\"738\" data-end=\"926\">\n<li data-section-id=\"1svsl09\" data-start=\"738\" data-end=\"755\">2 Seitentaschen<\/li>\n<li data-section-id=\"kshjmr\" data-start=\"756\" data-end=\"789\">1 R\u00fcckentasche mit Rei\u00dfverschluss<\/li>\n<li data-section-id=\"1fh3qw3\" data-start=\"790\" data-end=\"823\">1 Netz-Tasche hinten<\/li>\n<li data-section-id=\"1xzg76w\" data-start=\"824\" data-end=\"854\">Innenhose aus Mikrofaser<\/li>\n<li data-section-id=\"ccfl03\" data-start=\"855\" data-end=\"885\">Reflektierendes Band am Saum<\/li>\n<li data-section-id=\"l1cio6\" data-start=\"886\" data-end=\"926\">Elastischer, mit Kordel verstellbarer Bund<\/li>\n<\/ul>\n<\/div>\n<\/div>\n","protected":false},"excerpt":{"rendered":"<ul>\n<li data-section-id=\"14rzxdq\" data-start=\"1148\" data-end=\"1235\"><strong data-start=\"1150\" data-end=\"1177\">Hervorragende Atmungsaktivit\u00e4t:<\/strong> Doppelgewebe mit Laserperforation und mikroperforierten Eins\u00e4tzen<\/li>\n<li data-section-id=\"oqa5xe\" data-start=\"1236\" data-end=\"1317\"><strong data-start=\"1238\" data-end=\"1261\">Komfort und Halt:<\/strong> Innenhose aus Mikrofaser und verstellbarer elastischer Bund<\/li>\n<li data-section-id=\"3b35mj\" data-start=\"1318\" data-end=\"1400\" data-is-last-node=\"\"><strong data-start=\"1320\" data-end=\"1345\">Maximale Funktionalit\u00e4t:<\/strong> mehrere Taschen und reflektierende Details f\u00fcr jede Tour<\/li>\n<\/ul>\n","protected":false},"featured_media":431935,"template":"","meta":{"_acf_changed":false,"inline_featured_image":false},"product_brand":[],"product_cat":[6540,6510],"product_tag":[3370,6238],"class_list":{"0":"post-431910","1":"product","2":"type-product","3":"status-publish","4":"has-post-thumbnail","6":"product_cat-herrenbekleidung","7":"product_cat-shorts","8":"product_tag-crazy-idea-de","9":"product_tag-crazy-idea-herren-de","10":"pa_attivita-gehen","11":"pa_attivita-running-de","12":"pa_attivita-trail-de","13":"pa_colore-short-storm-black","14":"pa_colore-short-storm-shadow","15":"pa_colore-short-storm-zenith","16":"pa_marca-crazy-idea-de","17":"pa_sesso-herren","18":"pa_size-small-de","19":"pa_size-medium-de","20":"pa_size-large-de","21":"pa_size-extra-large-de","23":"first","24":"instock","25":"sale","26":"taxable","27":"shipping-taxable","28":"purchasable","29":"product-type-variable","30":"wvs-archive-product-wrapper"},"acf":[],"yoast_head":"<!-- This site is optimized with the Yoast SEO plugin v26.8 - https:\/\/yoast.com\/product\/yoast-seo-wordpress\/ -->\n<title>Crazy Idea Short storm herren - Herren-Shorts - MioMioRun<\/title>\n<meta name=\"description\" content=\"Die Short Storm ist eine leichte, technische Laufhose, die sich durch Komfort, Atmungsaktivit\u00e4t und Funktionalit\u00e4t sowohl auf der Stra\u00dfe als auch im Gel\u00e4nde auszeichnet.\" \/>\n<meta name=\"robots\" content=\"index, follow, max-snippet:-1, max-image-preview:large, max-video-preview:-1\" \/>\n<link rel=\"canonical\" href=\"https:\/\/www.miomiorun.com\/de\/produkt\/short-storm-herren\/\" \/>\n<meta property=\"og:locale\" content=\"de_DE\" \/>\n<meta property=\"og:type\" content=\"article\" \/>\n<meta property=\"og:title\" content=\"Crazy Idea Short storm herren - Herren-Shorts - MioMioRun\" \/>\n<meta property=\"og:description\" content=\"Die Short Storm ist eine leichte, technische Laufhose, die sich durch Komfort, Atmungsaktivit\u00e4t und Funktionalit\u00e4t sowohl auf der Stra\u00dfe als auch im Gel\u00e4nde auszeichnet.\" \/>\n<meta property=\"og:url\" content=\"https:\/\/www.miomiorun.com\/de\/produkt\/short-storm-herren\/\" \/>\n<meta property=\"og:site_name\" content=\"MioMioRun\" \/>\n<meta property=\"article:publisher\" content=\"https:\/\/www.facebook.com\/miomiorun\/\" \/>\n<meta property=\"article:modified_time\" content=\"2026-04-29T14:22:47+00:00\" \/>\n<meta property=\"og:image\" content=\"https:\/\/www.miomiorun.com\/app\/uploads\/2026\/04\/crazy-Short-storm-black-S26015260U-0001.webp\" \/>\n\t<meta property=\"og:image:width\" content=\"720\" \/>\n\t<meta property=\"og:image:height\" content=\"720\" \/>\n\t<meta property=\"og:image:type\" content=\"image\/webp\" \/>\n<meta name=\"twitter:card\" content=\"summary_large_image\" \/>\n<meta name=\"twitter:label1\" content=\"Est. reading time\" \/>\n\t<meta name=\"twitter:data1\" content=\"1 minute\" \/>\n<script type=\"application\/ld+json\" class=\"yoast-schema-graph\">{\"@context\":\"https:\/\/schema.org\",\"@graph\":[{\"@type\":\"WebPage\",\"@id\":\"https:\/\/www.miomiorun.com\/de\/produkt\/short-storm-herren\/\",\"url\":\"https:\/\/www.miomiorun.com\/de\/produkt\/short-storm-herren\/\",\"name\":\"Crazy Idea Short storm herren - Herren-Shorts - MioMioRun\",\"isPartOf\":{\"@id\":\"https:\/\/www.miomiorun.com\/de\/#website\"},\"primaryImageOfPage\":{\"@id\":\"https:\/\/www.miomiorun.com\/de\/produkt\/short-storm-herren\/#primaryimage\"},\"image\":{\"@id\":\"https:\/\/www.miomiorun.com\/de\/produkt\/short-storm-herren\/#primaryimage\"},\"thumbnailUrl\":\"https:\/\/www.miomiorun.com\/app\/uploads\/2026\/04\/crazy-Short-storm-black-S26015260U-0001.webp\",\"datePublished\":\"2026-04-16T09:46:28+00:00\",\"dateModified\":\"2026-04-29T14:22:47+00:00\",\"description\":\"Die Short Storm ist eine leichte, technische Laufhose, die sich durch Komfort, Atmungsaktivit\u00e4t und Funktionalit\u00e4t sowohl auf der Stra\u00dfe als auch im Gel\u00e4nde auszeichnet.\",\"breadcrumb\":{\"@id\":\"https:\/\/www.miomiorun.com\/de\/produkt\/short-storm-herren\/#breadcrumb\"},\"inLanguage\":\"de-DE\",\"potentialAction\":[{\"@type\":\"ReadAction\",\"target\":[\"https:\/\/www.miomiorun.com\/de\/produkt\/short-storm-herren\/\"]}]},{\"@type\":\"ImageObject\",\"inLanguage\":\"de-DE\",\"@id\":\"https:\/\/www.miomiorun.com\/de\/produkt\/short-storm-herren\/#primaryimage\",\"url\":\"https:\/\/www.miomiorun.com\/app\/uploads\/2026\/04\/crazy-Short-storm-black-S26015260U-0001.webp\",\"contentUrl\":\"https:\/\/www.miomiorun.com\/app\/uploads\/2026\/04\/crazy-Short-storm-black-S26015260U-0001.webp\",\"width\":720,\"height\":720,\"caption\":\"crazy Short storm black S26015260U-0001\"},{\"@type\":\"BreadcrumbList\",\"@id\":\"https:\/\/www.miomiorun.com\/de\/produkt\/short-storm-herren\/#breadcrumb\",\"itemListElement\":[{\"@type\":\"ListItem\",\"position\":1,\"name\":\"Home\",\"item\":\"https:\/\/www.miomiorun.com\/de\/\"},{\"@type\":\"ListItem\",\"position\":2,\"name\":\"Shop\",\"item\":\"https:\/\/www.miomiorun.com\/shop\/\"},{\"@type\":\"ListItem\",\"position\":3,\"name\":\"Short storm herren\"}]},{\"@type\":\"WebSite\",\"@id\":\"https:\/\/www.miomiorun.com\/de\/#website\",\"url\":\"https:\/\/www.miomiorun.com\/de\/\",\"name\":\"MioMioRun\",\"description\":\"100% Lauf- und Trailshop\",\"publisher\":{\"@id\":\"https:\/\/www.miomiorun.com\/de\/#organization\"},\"potentialAction\":[{\"@type\":\"SearchAction\",\"target\":{\"@type\":\"EntryPoint\",\"urlTemplate\":\"https:\/\/www.miomiorun.com\/de\/?s={search_term_string}\"},\"query-input\":{\"@type\":\"PropertyValueSpecification\",\"valueRequired\":true,\"valueName\":\"search_term_string\"}}],\"inLanguage\":\"de-DE\"},{\"@type\":\"Organization\",\"@id\":\"https:\/\/www.miomiorun.com\/de\/#organization\",\"name\":\"MioMio Run\",\"url\":\"https:\/\/www.miomiorun.com\/de\/\",\"logo\":{\"@type\":\"ImageObject\",\"inLanguage\":\"de-DE\",\"@id\":\"https:\/\/www.miomiorun.com\/de\/#\/schema\/logo\/image\/\",\"url\":\"https:\/\/www.miomiorun.com\/app\/uploads\/2019\/12\/logomio.png\",\"contentUrl\":\"https:\/\/www.miomiorun.com\/app\/uploads\/2019\/12\/logomio.png\",\"width\":115,\"height\":82,\"caption\":\"MioMio Run\"},\"image\":{\"@id\":\"https:\/\/www.miomiorun.com\/de\/#\/schema\/logo\/image\/\"},\"sameAs\":[\"https:\/\/www.facebook.com\/miomiorun\/\",\"https:\/\/www.instagram.com\/miomiorun\/\"]}]}<\/script>\n<!-- \/ Yoast SEO plugin. -->","yoast_head_json":{"title":"Crazy Idea Short storm herren - Herren-Shorts - MioMioRun","description":"Die Short Storm ist eine leichte, technische Laufhose, die sich durch Komfort, Atmungsaktivit\u00e4t und Funktionalit\u00e4t sowohl auf der Stra\u00dfe als auch im Gel\u00e4nde auszeichnet.","robots":{"index":"index","follow":"follow","max-snippet":"max-snippet:-1","max-image-preview":"max-image-preview:large","max-video-preview":"max-video-preview:-1"},"canonical":"https:\/\/www.miomiorun.com\/de\/produkt\/short-storm-herren\/","og_locale":"de_DE","og_type":"article","og_title":"Crazy Idea Short storm herren - Herren-Shorts - MioMioRun","og_description":"Die Short Storm ist eine leichte, technische Laufhose, die sich durch Komfort, Atmungsaktivit\u00e4t und Funktionalit\u00e4t sowohl auf der Stra\u00dfe als auch im Gel\u00e4nde auszeichnet.","og_url":"https:\/\/www.miomiorun.com\/de\/produkt\/short-storm-herren\/","og_site_name":"MioMioRun","article_publisher":"https:\/\/www.facebook.com\/miomiorun\/","article_modified_time":"2026-04-29T14:22:47+00:00","og_image":[{"width":720,"height":720,"url":"https:\/\/www.miomiorun.com\/app\/uploads\/2026\/04\/crazy-Short-storm-black-S26015260U-0001.webp","type":"image\/webp"}],"twitter_card":"summary_large_image","twitter_misc":{"Est. reading time":"1 minute"},"schema":{"@context":"https:\/\/schema.org","@graph":[{"@type":"WebPage","@id":"https:\/\/www.miomiorun.com\/de\/produkt\/short-storm-herren\/","url":"https:\/\/www.miomiorun.com\/de\/produkt\/short-storm-herren\/","name":"Crazy Idea Short storm herren - Herren-Shorts - MioMioRun","isPartOf":{"@id":"https:\/\/www.miomiorun.com\/de\/#website"},"primaryImageOfPage":{"@id":"https:\/\/www.miomiorun.com\/de\/produkt\/short-storm-herren\/#primaryimage"},"image":{"@id":"https:\/\/www.miomiorun.com\/de\/produkt\/short-storm-herren\/#primaryimage"},"thumbnailUrl":"https:\/\/www.miomiorun.com\/app\/uploads\/2026\/04\/crazy-Short-storm-black-S26015260U-0001.webp","datePublished":"2026-04-16T09:46:28+00:00","dateModified":"2026-04-29T14:22:47+00:00","description":"Die Short Storm ist eine leichte, technische Laufhose, die sich durch Komfort, Atmungsaktivit\u00e4t und Funktionalit\u00e4t sowohl auf der Stra\u00dfe als auch im Gel\u00e4nde auszeichnet.","breadcrumb":{"@id":"https:\/\/www.miomiorun.com\/de\/produkt\/short-storm-herren\/#breadcrumb"},"inLanguage":"de-DE","potentialAction":[{"@type":"ReadAction","target":["https:\/\/www.miomiorun.com\/de\/produkt\/short-storm-herren\/"]}]},{"@type":"ImageObject","inLanguage":"de-DE","@id":"https:\/\/www.miomiorun.com\/de\/produkt\/short-storm-herren\/#primaryimage","url":"https:\/\/www.miomiorun.com\/app\/uploads\/2026\/04\/crazy-Short-storm-black-S26015260U-0001.webp","contentUrl":"https:\/\/www.miomiorun.com\/app\/uploads\/2026\/04\/crazy-Short-storm-black-S26015260U-0001.webp","width":720,"height":720,"caption":"crazy Short storm black S26015260U-0001"},{"@type":"BreadcrumbList","@id":"https:\/\/www.miomiorun.com\/de\/produkt\/short-storm-herren\/#breadcrumb","itemListElement":[{"@type":"ListItem","position":1,"name":"Home","item":"https:\/\/www.miomiorun.com\/de\/"},{"@type":"ListItem","position":2,"name":"Shop","item":"https:\/\/www.miomiorun.com\/shop\/"},{"@type":"ListItem","position":3,"name":"Short storm herren"}]},{"@type":"WebSite","@id":"https:\/\/www.miomiorun.com\/de\/#website","url":"https:\/\/www.miomiorun.com\/de\/","name":"MioMioRun","description":"100% Lauf- und Trailshop","publisher":{"@id":"https:\/\/www.miomiorun.com\/de\/#organization"},"potentialAction":[{"@type":"SearchAction","target":{"@type":"EntryPoint","urlTemplate":"https:\/\/www.miomiorun.com\/de\/?s={search_term_string}"},"query-input":{"@type":"PropertyValueSpecification","valueRequired":true,"valueName":"search_term_string"}}],"inLanguage":"de-DE"},{"@type":"Organization","@id":"https:\/\/www.miomiorun.com\/de\/#organization","name":"MioMio Run","url":"https:\/\/www.miomiorun.com\/de\/","logo":{"@type":"ImageObject","inLanguage":"de-DE","@id":"https:\/\/www.miomiorun.com\/de\/#\/schema\/logo\/image\/","url":"https:\/\/www.miomiorun.com\/app\/uploads\/2019\/12\/logomio.png","contentUrl":"https:\/\/www.miomiorun.com\/app\/uploads\/2019\/12\/logomio.png","width":115,"height":82,"caption":"MioMio Run"},"image":{"@id":"https:\/\/www.miomiorun.com\/de\/#\/schema\/logo\/image\/"},"sameAs":["https:\/\/www.facebook.com\/miomiorun\/","https:\/\/www.instagram.com\/miomiorun\/"]}]}},"_links":{"self":[{"href":"https:\/\/www.miomiorun.com\/de\/wp-json\/wp\/v2\/product\/431910","targetHints":{"allow":["GET"]}}],"collection":[{"href":"https:\/\/www.miomiorun.com\/de\/wp-json\/wp\/v2\/product"}],"about":[{"href":"https:\/\/www.miomiorun.com\/de\/wp-json\/wp\/v2\/types\/product"}],"wp:featuredmedia":[{"embeddable":true,"href":"https:\/\/www.miomiorun.com\/de\/wp-json\/wp\/v2\/media\/431935"}],"wp:attachment":[{"href":"https:\/\/www.miomiorun.com\/de\/wp-json\/wp\/v2\/media?parent=431910"}],"wp:term":[{"taxonomy":"product_brand","embeddable":true,"href":"https:\/\/www.miomiorun.com\/de\/wp-json\/wp\/v2\/product_brand?post=431910"},{"taxonomy":"product_cat","embeddable":true,"href":"https:\/\/www.miomiorun.com\/de\/wp-json\/wp\/v2\/product_cat?post=431910"},{"taxonomy":"product_tag","embeddable":true,"href":"https:\/\/www.miomiorun.com\/de\/wp-json\/wp\/v2\/product_tag?post=431910"}],"curies":[{"name":"wp","href":"https:\/\/api.w.org\/{rel}","templated":true}]}}