{"id":431872,"date":"2026-04-16T11:34:11","date_gmt":"2026-04-16T09:34:11","guid":{"rendered":"https:\/\/www.miomiorun.com\/?post_type=product&#038;p=431872"},"modified":"2026-04-29T16:13:09","modified_gmt":"2026-04-29T14:13:09","slug":"short-light-up-damen","status":"publish","type":"product","link":"https:\/\/www.miomiorun.com\/de\/produkt\/short-light-up-damen\/","title":{"rendered":"Short light up damen"},"content":{"rendered":"<div class=\"single-product-description\">\n<p data-start=\"0\" data-end=\"757\">Die neue <strong data-start=\"9\" data-end=\"27\">Short Light Up<\/strong> ist eine vielseitige Laufhose mit modernem Design, die sich dank ihrer bequemen Passform und ihres schlichten Looks, erg\u00e4nzt durch praktische offene Taschen, sowohl f\u00fcr Trail-L\u00e4ufe als auch f\u00fcr weniger intensive Aktivit\u00e4ten eignet. Die Konstruktion ist hochtechnisch und besteht aus zwei ultraleichten Stoffen: Auf der Vorderseite sorgen Laserperforationen f\u00fcr bessere Bel\u00fcftung und Leichtigkeit, w\u00e4hrend der Stoff auf der R\u00fcckseite vollst\u00e4ndig mikroperforiert, atmungsaktiv und schnell trocknend ist. Der flache, klar geschnittene Bund besteht aus einem st\u00fctzenden und atmungsaktiven Material; der Innenslip aus Mikrofaser der neuesten Generation sorgt f\u00fcr Komfort und Schutz, w\u00e4hrend die S\u00e4ume mit reflektierendem Band Reibung w\u00e4hrend der Aktivit\u00e4t reduzieren.<\/p>\n<ul data-start=\"759\" data-end=\"889\">\n<li data-section-id=\"zuz55a\" data-start=\"759\" data-end=\"783\">2 offene Seitentaschen<\/li>\n<li data-section-id=\"kshjmr\" data-start=\"784\" data-end=\"817\">1 R\u00fcckentasche mit Rei\u00dfverschluss<\/li>\n<li data-section-id=\"ccfl03\" data-start=\"818\" data-end=\"848\">Reflektierendes Band am Saum<\/li>\n<li data-section-id=\"l1cio6\" data-start=\"849\" data-end=\"889\">Elastischer, mit Kordel verstellbarer Bund<\/li>\n<\/ul>\n<\/div>\n","protected":false},"excerpt":{"rendered":"<ul>\n<li data-section-id=\"14rzxdq\" data-start=\"1114\" data-end=\"1201\"><strong data-start=\"1116\" data-end=\"1143\">Hervorragende Atmungsaktivit\u00e4t:<\/strong> Doppelgewebe mit Laserperforation und mikroperforierten Eins\u00e4tzen<\/li>\n<li data-section-id=\"oqa5xe\" data-start=\"1202\" data-end=\"1283\"><strong data-start=\"1204\" data-end=\"1227\">Komfort und Halt:<\/strong> Innenhose aus Mikrofaser und verstellbarer elastischer Bund<\/li>\n<li data-section-id=\"16a9mb7\" data-start=\"1284\" data-end=\"1363\" data-is-last-node=\"\"><strong data-start=\"1286\" data-end=\"1302\">Vielseitigkeit:<\/strong> praktische Taschen und ein Design, das sich f\u00fcr Trailrunning und das t\u00e4gliche Laufen eignet<\/li>\n<\/ul>\n","protected":false},"featured_media":431898,"template":"","meta":{"_acf_changed":false,"inline_featured_image":false},"product_brand":[],"product_cat":[6401,6488],"product_tag":[3370,6237],"class_list":{"0":"post-431872","1":"product","2":"type-product","3":"status-publish","4":"has-post-thumbnail","6":"product_cat-damenbekleidung","7":"product_cat-damenshorts-de","8":"product_tag-crazy-idea-de","9":"product_tag-crazy-idea-damen-de","10":"pa_attivita-gehen","11":"pa_attivita-outdoor-de","12":"pa_attivita-running-de","13":"pa_attivita-trail-de","14":"pa_colore-short-light-up-w-aster","15":"pa_colore-short-light-up-w-pop","16":"pa_marca-crazy-idea-de","17":"pa_sesso-damen","18":"pa_size-extra-small-de","19":"pa_size-small-de","20":"pa_size-medium-de","21":"pa_size-large-de","23":"first","24":"instock","25":"sale","26":"taxable","27":"shipping-taxable","28":"purchasable","29":"product-type-variable","30":"wvs-archive-product-wrapper"},"acf":[],"yoast_head":"<!-- This site is optimized with the Yoast SEO plugin v26.8 - https:\/\/yoast.com\/product\/yoast-seo-wordpress\/ -->\n<title>Crazy Idea Short light up damen - Damen-Shorts - MioMioRun<\/title>\n<meta name=\"description\" content=\"Die Short Light Up ist eine leichte, funktionelle Laufhose, die Komfort, Atmungsaktivit\u00e4t und Vielseitigkeit auf der Stra\u00dfe und im Gel\u00e4nde bietet.\" \/>\n<meta name=\"robots\" content=\"index, follow, max-snippet:-1, max-image-preview:large, max-video-preview:-1\" \/>\n<link rel=\"canonical\" href=\"https:\/\/www.miomiorun.com\/de\/produkt\/short-light-up-damen\/\" \/>\n<meta property=\"og:locale\" content=\"de_DE\" \/>\n<meta property=\"og:type\" content=\"article\" \/>\n<meta property=\"og:title\" content=\"Crazy Idea Short light up damen - Damen-Shorts - MioMioRun\" \/>\n<meta property=\"og:description\" content=\"Die Short Light Up ist eine leichte, funktionelle Laufhose, die Komfort, Atmungsaktivit\u00e4t und Vielseitigkeit auf der Stra\u00dfe und im Gel\u00e4nde bietet.\" \/>\n<meta property=\"og:url\" content=\"https:\/\/www.miomiorun.com\/de\/produkt\/short-light-up-damen\/\" \/>\n<meta property=\"og:site_name\" content=\"MioMioRun\" \/>\n<meta property=\"article:publisher\" content=\"https:\/\/www.facebook.com\/miomiorun\/\" \/>\n<meta property=\"article:modified_time\" content=\"2026-04-29T14:13:09+00:00\" \/>\n<meta property=\"og:image\" content=\"https:\/\/www.miomiorun.com\/app\/uploads\/2026\/04\/crazy-Short-light-up-W-pop-S26015212D-0063.webp\" \/>\n\t<meta property=\"og:image:width\" content=\"720\" \/>\n\t<meta property=\"og:image:height\" content=\"720\" \/>\n\t<meta property=\"og:image:type\" content=\"image\/webp\" \/>\n<meta name=\"twitter:card\" content=\"summary_large_image\" \/>\n<meta name=\"twitter:label1\" content=\"Est. reading time\" \/>\n\t<meta name=\"twitter:data1\" content=\"1 minute\" \/>\n<script type=\"application\/ld+json\" class=\"yoast-schema-graph\">{\"@context\":\"https:\/\/schema.org\",\"@graph\":[{\"@type\":\"WebPage\",\"@id\":\"https:\/\/www.miomiorun.com\/de\/produkt\/short-light-up-damen\/\",\"url\":\"https:\/\/www.miomiorun.com\/de\/produkt\/short-light-up-damen\/\",\"name\":\"Crazy Idea Short light up damen - Damen-Shorts - MioMioRun\",\"isPartOf\":{\"@id\":\"https:\/\/www.miomiorun.com\/de\/#website\"},\"primaryImageOfPage\":{\"@id\":\"https:\/\/www.miomiorun.com\/de\/produkt\/short-light-up-damen\/#primaryimage\"},\"image\":{\"@id\":\"https:\/\/www.miomiorun.com\/de\/produkt\/short-light-up-damen\/#primaryimage\"},\"thumbnailUrl\":\"https:\/\/www.miomiorun.com\/app\/uploads\/2026\/04\/crazy-Short-light-up-W-pop-S26015212D-0063.webp\",\"datePublished\":\"2026-04-16T09:34:11+00:00\",\"dateModified\":\"2026-04-29T14:13:09+00:00\",\"description\":\"Die Short Light Up ist eine leichte, funktionelle Laufhose, die Komfort, Atmungsaktivit\u00e4t und Vielseitigkeit auf der Stra\u00dfe und im Gel\u00e4nde bietet.\",\"breadcrumb\":{\"@id\":\"https:\/\/www.miomiorun.com\/de\/produkt\/short-light-up-damen\/#breadcrumb\"},\"inLanguage\":\"de-DE\",\"potentialAction\":[{\"@type\":\"ReadAction\",\"target\":[\"https:\/\/www.miomiorun.com\/de\/produkt\/short-light-up-damen\/\"]}]},{\"@type\":\"ImageObject\",\"inLanguage\":\"de-DE\",\"@id\":\"https:\/\/www.miomiorun.com\/de\/produkt\/short-light-up-damen\/#primaryimage\",\"url\":\"https:\/\/www.miomiorun.com\/app\/uploads\/2026\/04\/crazy-Short-light-up-W-pop-S26015212D-0063.webp\",\"contentUrl\":\"https:\/\/www.miomiorun.com\/app\/uploads\/2026\/04\/crazy-Short-light-up-W-pop-S26015212D-0063.webp\",\"width\":720,\"height\":720,\"caption\":\"crazy Short light up W pop S26015212D-0063\"},{\"@type\":\"BreadcrumbList\",\"@id\":\"https:\/\/www.miomiorun.com\/de\/produkt\/short-light-up-damen\/#breadcrumb\",\"itemListElement\":[{\"@type\":\"ListItem\",\"position\":1,\"name\":\"Home\",\"item\":\"https:\/\/www.miomiorun.com\/de\/\"},{\"@type\":\"ListItem\",\"position\":2,\"name\":\"Shop\",\"item\":\"https:\/\/www.miomiorun.com\/shop\/\"},{\"@type\":\"ListItem\",\"position\":3,\"name\":\"Short light up damen\"}]},{\"@type\":\"WebSite\",\"@id\":\"https:\/\/www.miomiorun.com\/de\/#website\",\"url\":\"https:\/\/www.miomiorun.com\/de\/\",\"name\":\"MioMioRun\",\"description\":\"100% Lauf- und Trailshop\",\"publisher\":{\"@id\":\"https:\/\/www.miomiorun.com\/de\/#organization\"},\"potentialAction\":[{\"@type\":\"SearchAction\",\"target\":{\"@type\":\"EntryPoint\",\"urlTemplate\":\"https:\/\/www.miomiorun.com\/de\/?s={search_term_string}\"},\"query-input\":{\"@type\":\"PropertyValueSpecification\",\"valueRequired\":true,\"valueName\":\"search_term_string\"}}],\"inLanguage\":\"de-DE\"},{\"@type\":\"Organization\",\"@id\":\"https:\/\/www.miomiorun.com\/de\/#organization\",\"name\":\"MioMio Run\",\"url\":\"https:\/\/www.miomiorun.com\/de\/\",\"logo\":{\"@type\":\"ImageObject\",\"inLanguage\":\"de-DE\",\"@id\":\"https:\/\/www.miomiorun.com\/de\/#\/schema\/logo\/image\/\",\"url\":\"https:\/\/www.miomiorun.com\/app\/uploads\/2019\/12\/logomio.png\",\"contentUrl\":\"https:\/\/www.miomiorun.com\/app\/uploads\/2019\/12\/logomio.png\",\"width\":115,\"height\":82,\"caption\":\"MioMio Run\"},\"image\":{\"@id\":\"https:\/\/www.miomiorun.com\/de\/#\/schema\/logo\/image\/\"},\"sameAs\":[\"https:\/\/www.facebook.com\/miomiorun\/\",\"https:\/\/www.instagram.com\/miomiorun\/\"]}]}<\/script>\n<!-- \/ Yoast SEO plugin. -->","yoast_head_json":{"title":"Crazy Idea Short light up damen - Damen-Shorts - MioMioRun","description":"Die Short Light Up ist eine leichte, funktionelle Laufhose, die Komfort, Atmungsaktivit\u00e4t und Vielseitigkeit auf der Stra\u00dfe und im Gel\u00e4nde bietet.","robots":{"index":"index","follow":"follow","max-snippet":"max-snippet:-1","max-image-preview":"max-image-preview:large","max-video-preview":"max-video-preview:-1"},"canonical":"https:\/\/www.miomiorun.com\/de\/produkt\/short-light-up-damen\/","og_locale":"de_DE","og_type":"article","og_title":"Crazy Idea Short light up damen - Damen-Shorts - MioMioRun","og_description":"Die Short Light Up ist eine leichte, funktionelle Laufhose, die Komfort, Atmungsaktivit\u00e4t und Vielseitigkeit auf der Stra\u00dfe und im Gel\u00e4nde bietet.","og_url":"https:\/\/www.miomiorun.com\/de\/produkt\/short-light-up-damen\/","og_site_name":"MioMioRun","article_publisher":"https:\/\/www.facebook.com\/miomiorun\/","article_modified_time":"2026-04-29T14:13:09+00:00","og_image":[{"width":720,"height":720,"url":"https:\/\/www.miomiorun.com\/app\/uploads\/2026\/04\/crazy-Short-light-up-W-pop-S26015212D-0063.webp","type":"image\/webp"}],"twitter_card":"summary_large_image","twitter_misc":{"Est. reading time":"1 minute"},"schema":{"@context":"https:\/\/schema.org","@graph":[{"@type":"WebPage","@id":"https:\/\/www.miomiorun.com\/de\/produkt\/short-light-up-damen\/","url":"https:\/\/www.miomiorun.com\/de\/produkt\/short-light-up-damen\/","name":"Crazy Idea Short light up damen - Damen-Shorts - MioMioRun","isPartOf":{"@id":"https:\/\/www.miomiorun.com\/de\/#website"},"primaryImageOfPage":{"@id":"https:\/\/www.miomiorun.com\/de\/produkt\/short-light-up-damen\/#primaryimage"},"image":{"@id":"https:\/\/www.miomiorun.com\/de\/produkt\/short-light-up-damen\/#primaryimage"},"thumbnailUrl":"https:\/\/www.miomiorun.com\/app\/uploads\/2026\/04\/crazy-Short-light-up-W-pop-S26015212D-0063.webp","datePublished":"2026-04-16T09:34:11+00:00","dateModified":"2026-04-29T14:13:09+00:00","description":"Die Short Light Up ist eine leichte, funktionelle Laufhose, die Komfort, Atmungsaktivit\u00e4t und Vielseitigkeit auf der Stra\u00dfe und im Gel\u00e4nde bietet.","breadcrumb":{"@id":"https:\/\/www.miomiorun.com\/de\/produkt\/short-light-up-damen\/#breadcrumb"},"inLanguage":"de-DE","potentialAction":[{"@type":"ReadAction","target":["https:\/\/www.miomiorun.com\/de\/produkt\/short-light-up-damen\/"]}]},{"@type":"ImageObject","inLanguage":"de-DE","@id":"https:\/\/www.miomiorun.com\/de\/produkt\/short-light-up-damen\/#primaryimage","url":"https:\/\/www.miomiorun.com\/app\/uploads\/2026\/04\/crazy-Short-light-up-W-pop-S26015212D-0063.webp","contentUrl":"https:\/\/www.miomiorun.com\/app\/uploads\/2026\/04\/crazy-Short-light-up-W-pop-S26015212D-0063.webp","width":720,"height":720,"caption":"crazy Short light up W pop S26015212D-0063"},{"@type":"BreadcrumbList","@id":"https:\/\/www.miomiorun.com\/de\/produkt\/short-light-up-damen\/#breadcrumb","itemListElement":[{"@type":"ListItem","position":1,"name":"Home","item":"https:\/\/www.miomiorun.com\/de\/"},{"@type":"ListItem","position":2,"name":"Shop","item":"https:\/\/www.miomiorun.com\/shop\/"},{"@type":"ListItem","position":3,"name":"Short light up damen"}]},{"@type":"WebSite","@id":"https:\/\/www.miomiorun.com\/de\/#website","url":"https:\/\/www.miomiorun.com\/de\/","name":"MioMioRun","description":"100% Lauf- und Trailshop","publisher":{"@id":"https:\/\/www.miomiorun.com\/de\/#organization"},"potentialAction":[{"@type":"SearchAction","target":{"@type":"EntryPoint","urlTemplate":"https:\/\/www.miomiorun.com\/de\/?s={search_term_string}"},"query-input":{"@type":"PropertyValueSpecification","valueRequired":true,"valueName":"search_term_string"}}],"inLanguage":"de-DE"},{"@type":"Organization","@id":"https:\/\/www.miomiorun.com\/de\/#organization","name":"MioMio Run","url":"https:\/\/www.miomiorun.com\/de\/","logo":{"@type":"ImageObject","inLanguage":"de-DE","@id":"https:\/\/www.miomiorun.com\/de\/#\/schema\/logo\/image\/","url":"https:\/\/www.miomiorun.com\/app\/uploads\/2019\/12\/logomio.png","contentUrl":"https:\/\/www.miomiorun.com\/app\/uploads\/2019\/12\/logomio.png","width":115,"height":82,"caption":"MioMio Run"},"image":{"@id":"https:\/\/www.miomiorun.com\/de\/#\/schema\/logo\/image\/"},"sameAs":["https:\/\/www.facebook.com\/miomiorun\/","https:\/\/www.instagram.com\/miomiorun\/"]}]}},"_links":{"self":[{"href":"https:\/\/www.miomiorun.com\/de\/wp-json\/wp\/v2\/product\/431872","targetHints":{"allow":["GET"]}}],"collection":[{"href":"https:\/\/www.miomiorun.com\/de\/wp-json\/wp\/v2\/product"}],"about":[{"href":"https:\/\/www.miomiorun.com\/de\/wp-json\/wp\/v2\/types\/product"}],"wp:featuredmedia":[{"embeddable":true,"href":"https:\/\/www.miomiorun.com\/de\/wp-json\/wp\/v2\/media\/431898"}],"wp:attachment":[{"href":"https:\/\/www.miomiorun.com\/de\/wp-json\/wp\/v2\/media?parent=431872"}],"wp:term":[{"taxonomy":"product_brand","embeddable":true,"href":"https:\/\/www.miomiorun.com\/de\/wp-json\/wp\/v2\/product_brand?post=431872"},{"taxonomy":"product_cat","embeddable":true,"href":"https:\/\/www.miomiorun.com\/de\/wp-json\/wp\/v2\/product_cat?post=431872"},{"taxonomy":"product_tag","embeddable":true,"href":"https:\/\/www.miomiorun.com\/de\/wp-json\/wp\/v2\/product_tag?post=431872"}],"curies":[{"name":"wp","href":"https:\/\/api.w.org\/{rel}","templated":true}]}}