{"id":431844,"date":"2026-04-16T11:22:37","date_gmt":"2026-04-16T09:22:37","guid":{"rendered":"https:\/\/www.miomiorun.com\/?post_type=product&#038;p=431844"},"modified":"2026-04-29T16:12:06","modified_gmt":"2026-04-29T14:12:06","slug":"short-thunder-herren","status":"publish","type":"product","link":"https:\/\/www.miomiorun.com\/de\/produkt\/short-thunder-herren\/","title":{"rendered":"Short thunder herren"},"content":{"rendered":"<div class=\"single-product-description\">\n<div class=\"single-product-description\">\n<section class=\"text-token-text-primary w-full focus:outline-none [--shadow-height:45px] has-data-writing-block:pointer-events-none has-data-writing-block:-mt-(--shadow-height) has-data-writing-block:pt-(--shadow-height) [&amp;:has([data-writing-block])&gt;*]:pointer-events-auto scroll-mt-[calc(var(--header-height)+min(200px,max(70px,20svh)))]\" dir=\"auto\" data-turn-id=\"request-69dfb6f1-5f88-8389-850d-293d733da817-13\" data-testid=\"conversation-turn-50\" data-scroll-anchor=\"true\" data-turn=\"assistant\">\n<div class=\"text-base my-auto mx-auto pb-10 [--thread-content-margin:var(--thread-content-margin-xs,calc(var(--spacing)*4))] @w-sm\/main:[--thread-content-margin:var(--thread-content-margin-sm,calc(var(--spacing)*6))] @w-lg\/main:[--thread-content-margin:var(--thread-content-margin-lg,calc(var(--spacing)*16))] px-(--thread-content-margin)\">\n<div class=\"[--thread-content-max-width:40rem] @w-lg\/main:[--thread-content-max-width:48rem] mx-auto max-w-(--thread-content-max-width) flex-1 group\/turn-messages focus-visible:outline-hidden relative flex w-full min-w-0 flex-col agent-turn\">\n<div class=\"flex max-w-full flex-col gap-4 grow\">\n<div class=\"min-h-8 text-message relative flex w-full flex-col items-end gap-2 text-start break-words whitespace-normal outline-none keyboard-focused:focus-ring [.text-message+&amp;]:mt-1\" dir=\"auto\" data-message-author-role=\"assistant\" data-message-id=\"dcd7e517-8743-4e14-8da7-e6d2c2b3d19c\" data-message-model-slug=\"gpt-5-3\" data-turn-start-message=\"true\">\n<div class=\"flex w-full flex-col gap-1 empty:hidden\">\n<div class=\"markdown prose dark:prose-invert w-full wrap-break-word light markdown-new-styling\">\n<p data-start=\"0\" data-end=\"529\">Die <strong data-start=\"3\" data-end=\"20\">Thunder-Shorts<\/strong> sind die leichtesten Shorts der Kollektion und z\u00e4hlen zu den minimalistischsten und leistungsst\u00e4rksten Laufmodellen auf dem Markt. Ideal f\u00fcr Bergl\u00e4ufe und besonders hei\u00dfe Tage, besteht sie aus einem einzigen ultraleichten, mikroperforierten Netzgewebe, das maximale Atmungsaktivit\u00e4t und schnelles Trocknen garantiert. Der flache Bund mit seinem schlichten, modernen Design besteht aus einem st\u00fctzenden, vollst\u00e4ndig mikroperforierten Gewebe, w\u00e4hrend die S\u00e4ume mit reflektierendem Band Reibung beim Laufen reduzieren.<\/p>\n<ul data-start=\"531\" data-end=\"720\">\n<li data-section-id=\"1gw2qjw\" data-start=\"531\" data-end=\"587\">Multifunktionale H\u00fcfttasche mit Rei\u00dfverschlusstasche hinten<\/li>\n<li data-section-id=\"ccfl03\" data-start=\"588\" data-end=\"618\">Reflektierendes Band am unteren Saum<\/li>\n<li data-section-id=\"1xzg76w\" data-start=\"619\" data-end=\"649\">Innenhose aus Mikrofaser<\/li>\n<li data-section-id=\"17aozk2\" data-start=\"650\" data-end=\"681\">Verstellbarer Bund mit Kordelzug<\/li>\n<li data-section-id=\"1tk6xue\" data-start=\"682\" data-end=\"720\">Schlaufen f\u00fcr St\u00f6cke am R\u00fccken<\/li>\n<\/ul>\n<\/div>\n<\/div>\n<\/div>\n<\/div>\n<\/div>\n<\/div>\n<\/section>\n<\/div>\n<\/div>\n","protected":false},"excerpt":{"rendered":"<ul>\n<li data-section-id=\"1ofxgfs\" data-start=\"956\" data-end=\"1047\"><strong data-start=\"958\" data-end=\"976\">Ultraleicht:<\/strong> mikroperforiertes Material f\u00fcr maximale Frische und schnelle Trocknung<\/li>\n<li data-section-id=\"1n3ek68\" data-start=\"1048\" data-end=\"1132\"><strong data-start=\"1050\" data-end=\"1074\">Laufleistung:<\/strong> schlichte Passform mit Innenslip und verstellbarem Bund<\/li>\n<li data-section-id=\"162m1ht\" data-start=\"1133\" data-end=\"1213\" data-is-last-node=\"\"><strong data-start=\"1135\" data-end=\"1158\">Trail-Funktionalit\u00e4t:<\/strong> Taschen, reflektierende Details und Schlaufen f\u00fcr Wanderst\u00f6cke<\/li>\n<\/ul>\n","protected":false},"featured_media":431862,"template":"","meta":{"_acf_changed":false,"inline_featured_image":false},"product_brand":[],"product_cat":[6540,6510],"product_tag":[3370,6238],"class_list":{"0":"post-431844","1":"product","2":"type-product","3":"status-publish","4":"has-post-thumbnail","6":"product_cat-herrenbekleidung","7":"product_cat-shorts","8":"product_tag-crazy-idea-de","9":"product_tag-crazy-idea-herren-de","10":"pa_attivita-running-de","11":"pa_attivita-trail-de","12":"pa_colore-short-thunder-print-light-jeans","13":"pa_marca-crazy-idea-de","14":"pa_sesso-herren","15":"pa_size-small-de","17":"first","18":"instock","19":"sale","20":"taxable","21":"shipping-taxable","22":"purchasable","23":"product-type-variable","24":"wvs-archive-product-wrapper"},"acf":[],"yoast_head":"<!-- This site is optimized with the Yoast SEO plugin v26.8 - https:\/\/yoast.com\/product\/yoast-seo-wordpress\/ -->\n<title>Crazy Idea Short thunder herren - Herren-Shorts- MioMioRun<\/title>\n<meta name=\"description\" content=\"Ultraleichte und atmungsaktive Laufhose, ideal f\u00fcr schnelle L\u00e4ufe an hei\u00dfen Tagen und bei Bergl\u00e4ufen\" \/>\n<meta name=\"robots\" content=\"index, follow, max-snippet:-1, max-image-preview:large, max-video-preview:-1\" \/>\n<link rel=\"canonical\" href=\"https:\/\/www.miomiorun.com\/de\/produkt\/short-thunder-herren\/\" \/>\n<meta property=\"og:locale\" content=\"de_DE\" \/>\n<meta property=\"og:type\" content=\"article\" \/>\n<meta property=\"og:title\" content=\"Crazy Idea Short thunder herren - Herren-Shorts- MioMioRun\" \/>\n<meta property=\"og:description\" content=\"Ultraleichte und atmungsaktive Laufhose, ideal f\u00fcr schnelle L\u00e4ufe an hei\u00dfen Tagen und bei Bergl\u00e4ufen\" \/>\n<meta property=\"og:url\" content=\"https:\/\/www.miomiorun.com\/de\/produkt\/short-thunder-herren\/\" \/>\n<meta property=\"og:site_name\" content=\"MioMioRun\" \/>\n<meta property=\"article:publisher\" content=\"https:\/\/www.facebook.com\/miomiorun\/\" \/>\n<meta property=\"article:modified_time\" content=\"2026-04-29T14:12:06+00:00\" \/>\n<meta property=\"og:image\" content=\"https:\/\/www.miomiorun.com\/app\/uploads\/2026\/04\/crazy-Short-thunder-print-light-jeans-S26015259U-00X015.webp\" \/>\n\t<meta property=\"og:image:width\" content=\"720\" \/>\n\t<meta property=\"og:image:height\" content=\"720\" \/>\n\t<meta property=\"og:image:type\" content=\"image\/webp\" \/>\n<meta name=\"twitter:card\" content=\"summary_large_image\" \/>\n<meta name=\"twitter:label1\" content=\"Est. reading time\" \/>\n\t<meta name=\"twitter:data1\" content=\"1 minute\" \/>\n<script type=\"application\/ld+json\" class=\"yoast-schema-graph\">{\"@context\":\"https:\/\/schema.org\",\"@graph\":[{\"@type\":\"WebPage\",\"@id\":\"https:\/\/www.miomiorun.com\/de\/produkt\/short-thunder-herren\/\",\"url\":\"https:\/\/www.miomiorun.com\/de\/produkt\/short-thunder-herren\/\",\"name\":\"Crazy Idea Short thunder herren - Herren-Shorts- MioMioRun\",\"isPartOf\":{\"@id\":\"https:\/\/www.miomiorun.com\/de\/#website\"},\"primaryImageOfPage\":{\"@id\":\"https:\/\/www.miomiorun.com\/de\/produkt\/short-thunder-herren\/#primaryimage\"},\"image\":{\"@id\":\"https:\/\/www.miomiorun.com\/de\/produkt\/short-thunder-herren\/#primaryimage\"},\"thumbnailUrl\":\"https:\/\/www.miomiorun.com\/app\/uploads\/2026\/04\/crazy-Short-thunder-print-light-jeans-S26015259U-00X015.webp\",\"datePublished\":\"2026-04-16T09:22:37+00:00\",\"dateModified\":\"2026-04-29T14:12:06+00:00\",\"description\":\"Ultraleichte und atmungsaktive Laufhose, ideal f\u00fcr schnelle L\u00e4ufe an hei\u00dfen Tagen und bei Bergl\u00e4ufen\",\"breadcrumb\":{\"@id\":\"https:\/\/www.miomiorun.com\/de\/produkt\/short-thunder-herren\/#breadcrumb\"},\"inLanguage\":\"de-DE\",\"potentialAction\":[{\"@type\":\"ReadAction\",\"target\":[\"https:\/\/www.miomiorun.com\/de\/produkt\/short-thunder-herren\/\"]}]},{\"@type\":\"ImageObject\",\"inLanguage\":\"de-DE\",\"@id\":\"https:\/\/www.miomiorun.com\/de\/produkt\/short-thunder-herren\/#primaryimage\",\"url\":\"https:\/\/www.miomiorun.com\/app\/uploads\/2026\/04\/crazy-Short-thunder-print-light-jeans-S26015259U-00X015.webp\",\"contentUrl\":\"https:\/\/www.miomiorun.com\/app\/uploads\/2026\/04\/crazy-Short-thunder-print-light-jeans-S26015259U-00X015.webp\",\"width\":720,\"height\":720,\"caption\":\"crazy Short thunder print light jeans S26015259U-00X015\"},{\"@type\":\"BreadcrumbList\",\"@id\":\"https:\/\/www.miomiorun.com\/de\/produkt\/short-thunder-herren\/#breadcrumb\",\"itemListElement\":[{\"@type\":\"ListItem\",\"position\":1,\"name\":\"Home\",\"item\":\"https:\/\/www.miomiorun.com\/de\/\"},{\"@type\":\"ListItem\",\"position\":2,\"name\":\"Shop\",\"item\":\"https:\/\/www.miomiorun.com\/shop\/\"},{\"@type\":\"ListItem\",\"position\":3,\"name\":\"Short thunder herren\"}]},{\"@type\":\"WebSite\",\"@id\":\"https:\/\/www.miomiorun.com\/de\/#website\",\"url\":\"https:\/\/www.miomiorun.com\/de\/\",\"name\":\"MioMioRun\",\"description\":\"100% Lauf- und Trailshop\",\"publisher\":{\"@id\":\"https:\/\/www.miomiorun.com\/de\/#organization\"},\"potentialAction\":[{\"@type\":\"SearchAction\",\"target\":{\"@type\":\"EntryPoint\",\"urlTemplate\":\"https:\/\/www.miomiorun.com\/de\/?s={search_term_string}\"},\"query-input\":{\"@type\":\"PropertyValueSpecification\",\"valueRequired\":true,\"valueName\":\"search_term_string\"}}],\"inLanguage\":\"de-DE\"},{\"@type\":\"Organization\",\"@id\":\"https:\/\/www.miomiorun.com\/de\/#organization\",\"name\":\"MioMio Run\",\"url\":\"https:\/\/www.miomiorun.com\/de\/\",\"logo\":{\"@type\":\"ImageObject\",\"inLanguage\":\"de-DE\",\"@id\":\"https:\/\/www.miomiorun.com\/de\/#\/schema\/logo\/image\/\",\"url\":\"https:\/\/www.miomiorun.com\/app\/uploads\/2019\/12\/logomio.png\",\"contentUrl\":\"https:\/\/www.miomiorun.com\/app\/uploads\/2019\/12\/logomio.png\",\"width\":115,\"height\":82,\"caption\":\"MioMio Run\"},\"image\":{\"@id\":\"https:\/\/www.miomiorun.com\/de\/#\/schema\/logo\/image\/\"},\"sameAs\":[\"https:\/\/www.facebook.com\/miomiorun\/\",\"https:\/\/www.instagram.com\/miomiorun\/\"]}]}<\/script>\n<!-- \/ Yoast SEO plugin. -->","yoast_head_json":{"title":"Crazy Idea Short thunder herren - Herren-Shorts- MioMioRun","description":"Ultraleichte und atmungsaktive Laufhose, ideal f\u00fcr schnelle L\u00e4ufe an hei\u00dfen Tagen und bei Bergl\u00e4ufen","robots":{"index":"index","follow":"follow","max-snippet":"max-snippet:-1","max-image-preview":"max-image-preview:large","max-video-preview":"max-video-preview:-1"},"canonical":"https:\/\/www.miomiorun.com\/de\/produkt\/short-thunder-herren\/","og_locale":"de_DE","og_type":"article","og_title":"Crazy Idea Short thunder herren - Herren-Shorts- MioMioRun","og_description":"Ultraleichte und atmungsaktive Laufhose, ideal f\u00fcr schnelle L\u00e4ufe an hei\u00dfen Tagen und bei Bergl\u00e4ufen","og_url":"https:\/\/www.miomiorun.com\/de\/produkt\/short-thunder-herren\/","og_site_name":"MioMioRun","article_publisher":"https:\/\/www.facebook.com\/miomiorun\/","article_modified_time":"2026-04-29T14:12:06+00:00","og_image":[{"width":720,"height":720,"url":"https:\/\/www.miomiorun.com\/app\/uploads\/2026\/04\/crazy-Short-thunder-print-light-jeans-S26015259U-00X015.webp","type":"image\/webp"}],"twitter_card":"summary_large_image","twitter_misc":{"Est. reading time":"1 minute"},"schema":{"@context":"https:\/\/schema.org","@graph":[{"@type":"WebPage","@id":"https:\/\/www.miomiorun.com\/de\/produkt\/short-thunder-herren\/","url":"https:\/\/www.miomiorun.com\/de\/produkt\/short-thunder-herren\/","name":"Crazy Idea Short thunder herren - Herren-Shorts- MioMioRun","isPartOf":{"@id":"https:\/\/www.miomiorun.com\/de\/#website"},"primaryImageOfPage":{"@id":"https:\/\/www.miomiorun.com\/de\/produkt\/short-thunder-herren\/#primaryimage"},"image":{"@id":"https:\/\/www.miomiorun.com\/de\/produkt\/short-thunder-herren\/#primaryimage"},"thumbnailUrl":"https:\/\/www.miomiorun.com\/app\/uploads\/2026\/04\/crazy-Short-thunder-print-light-jeans-S26015259U-00X015.webp","datePublished":"2026-04-16T09:22:37+00:00","dateModified":"2026-04-29T14:12:06+00:00","description":"Ultraleichte und atmungsaktive Laufhose, ideal f\u00fcr schnelle L\u00e4ufe an hei\u00dfen Tagen und bei Bergl\u00e4ufen","breadcrumb":{"@id":"https:\/\/www.miomiorun.com\/de\/produkt\/short-thunder-herren\/#breadcrumb"},"inLanguage":"de-DE","potentialAction":[{"@type":"ReadAction","target":["https:\/\/www.miomiorun.com\/de\/produkt\/short-thunder-herren\/"]}]},{"@type":"ImageObject","inLanguage":"de-DE","@id":"https:\/\/www.miomiorun.com\/de\/produkt\/short-thunder-herren\/#primaryimage","url":"https:\/\/www.miomiorun.com\/app\/uploads\/2026\/04\/crazy-Short-thunder-print-light-jeans-S26015259U-00X015.webp","contentUrl":"https:\/\/www.miomiorun.com\/app\/uploads\/2026\/04\/crazy-Short-thunder-print-light-jeans-S26015259U-00X015.webp","width":720,"height":720,"caption":"crazy Short thunder print light jeans S26015259U-00X015"},{"@type":"BreadcrumbList","@id":"https:\/\/www.miomiorun.com\/de\/produkt\/short-thunder-herren\/#breadcrumb","itemListElement":[{"@type":"ListItem","position":1,"name":"Home","item":"https:\/\/www.miomiorun.com\/de\/"},{"@type":"ListItem","position":2,"name":"Shop","item":"https:\/\/www.miomiorun.com\/shop\/"},{"@type":"ListItem","position":3,"name":"Short thunder herren"}]},{"@type":"WebSite","@id":"https:\/\/www.miomiorun.com\/de\/#website","url":"https:\/\/www.miomiorun.com\/de\/","name":"MioMioRun","description":"100% Lauf- und Trailshop","publisher":{"@id":"https:\/\/www.miomiorun.com\/de\/#organization"},"potentialAction":[{"@type":"SearchAction","target":{"@type":"EntryPoint","urlTemplate":"https:\/\/www.miomiorun.com\/de\/?s={search_term_string}"},"query-input":{"@type":"PropertyValueSpecification","valueRequired":true,"valueName":"search_term_string"}}],"inLanguage":"de-DE"},{"@type":"Organization","@id":"https:\/\/www.miomiorun.com\/de\/#organization","name":"MioMio Run","url":"https:\/\/www.miomiorun.com\/de\/","logo":{"@type":"ImageObject","inLanguage":"de-DE","@id":"https:\/\/www.miomiorun.com\/de\/#\/schema\/logo\/image\/","url":"https:\/\/www.miomiorun.com\/app\/uploads\/2019\/12\/logomio.png","contentUrl":"https:\/\/www.miomiorun.com\/app\/uploads\/2019\/12\/logomio.png","width":115,"height":82,"caption":"MioMio Run"},"image":{"@id":"https:\/\/www.miomiorun.com\/de\/#\/schema\/logo\/image\/"},"sameAs":["https:\/\/www.facebook.com\/miomiorun\/","https:\/\/www.instagram.com\/miomiorun\/"]}]}},"_links":{"self":[{"href":"https:\/\/www.miomiorun.com\/de\/wp-json\/wp\/v2\/product\/431844","targetHints":{"allow":["GET"]}}],"collection":[{"href":"https:\/\/www.miomiorun.com\/de\/wp-json\/wp\/v2\/product"}],"about":[{"href":"https:\/\/www.miomiorun.com\/de\/wp-json\/wp\/v2\/types\/product"}],"wp:featuredmedia":[{"embeddable":true,"href":"https:\/\/www.miomiorun.com\/de\/wp-json\/wp\/v2\/media\/431862"}],"wp:attachment":[{"href":"https:\/\/www.miomiorun.com\/de\/wp-json\/wp\/v2\/media?parent=431844"}],"wp:term":[{"taxonomy":"product_brand","embeddable":true,"href":"https:\/\/www.miomiorun.com\/de\/wp-json\/wp\/v2\/product_brand?post=431844"},{"taxonomy":"product_cat","embeddable":true,"href":"https:\/\/www.miomiorun.com\/de\/wp-json\/wp\/v2\/product_cat?post=431844"},{"taxonomy":"product_tag","embeddable":true,"href":"https:\/\/www.miomiorun.com\/de\/wp-json\/wp\/v2\/product_tag?post=431844"}],"curies":[{"name":"wp","href":"https:\/\/api.w.org\/{rel}","templated":true}]}}