{"id":431755,"date":"2026-04-16T11:07:15","date_gmt":"2026-04-16T09:07:15","guid":{"rendered":"https:\/\/www.miomiorun.com\/?post_type=product&#038;p=431755"},"modified":"2026-04-29T16:11:00","modified_gmt":"2026-04-29T14:11:00","slug":"sun-hoodie-damen","status":"publish","type":"product","link":"https:\/\/www.miomiorun.com\/de\/produkt\/sun-hoodie-damen\/","title":{"rendered":"Sun Hoodie damen"},"content":{"rendered":"<p data-start=\"0\" data-end=\"783\">Der <strong data-start=\"3\" data-end=\"23\">Sun Hoodie Woman<\/strong> ist ein Langarm-Sweatshirt, das speziell f\u00fcr sonnige Tage entwickelt wurde und umfassenden Schutz, ein k\u00fchles Tragegef\u00fchl sowie Atmungsaktivit\u00e4t bietet, dazu einen hohen <strong data-start=\"185\" data-end=\"196\">UPF 50+<\/strong>-Sonnenschutz. Das schlichte Design, erg\u00e4nzt durch moderne Prints, macht ihn dank des ultraleichten Funktionsmaterials sowohl f\u00fcr anspruchsvolle Outdoor-Aktivit\u00e4ten als auch f\u00fcr den Alltag geeignet. Die wahre Innovation ist die Integration der <strong data-start=\"447\" data-end=\"476\">F.I.R.-Technologie (Far Infrared Ray)<\/strong> in das Gewebe: Durch die Reflexion der K\u00f6rperw\u00e4rme in Form von Infrarotstrahlen hilft sie, die Durchblutung anzuregen, die Sauerstoffversorgung der Muskeln zu verbessern und die Ausscheidung von Giftstoffen zu f\u00f6rdern. Eine nat\u00fcrliche Unterst\u00fctzung f\u00fcr Regeneration und Wohlbefinden, ideal, um dich bei jeder Aktivit\u00e4t mit maximalem Komfort zu begleiten.<\/p>\n<ul data-start=\"785\" data-end=\"884\">\n<li data-section-id=\"1f0grz1\" data-start=\"785\" data-end=\"804\">Allover-Print<\/li>\n<li data-section-id=\"1mepawp\" data-start=\"805\" data-end=\"860\">K\u00fchles und atmungsaktives Material mit UPF 50+<\/li>\n<li data-section-id=\"1n3r734\" data-start=\"861\" data-end=\"884\">Integrierte Kapuze<\/li>\n<\/ul>\n","protected":false},"excerpt":{"rendered":"<ul>\n<li data-section-id=\"66ygd4\" data-start=\"1130\" data-end=\"1194\"><strong data-start=\"1132\" data-end=\"1154\">Sonnenschutz:<\/strong> leichtes und atmungsaktives UPF 50+-Material<\/li>\n<li data-section-id=\"p6ksfh\" data-start=\"1195\" data-end=\"1276\"><strong data-start=\"1197\" data-end=\"1218\">Aktives Wohlbefinden:<\/strong> F.I.R.-Technologie, die Durchblutung und Regeneration f\u00f6rdert<\/li>\n<li data-section-id=\"d91k1\" data-start=\"1277\" data-end=\"1359\" data-is-last-node=\"\"><strong data-start=\"1279\" data-end=\"1295\">Vielseitigkeit:<\/strong> modernes Design mit Kapuze, perfekt f\u00fcr Sport und Freizeit<\/li>\n<\/ul>\n","protected":false},"featured_media":431789,"template":"","meta":{"_acf_changed":false,"inline_featured_image":false},"product_brand":[],"product_cat":[6400,6401,6486],"product_tag":[3370,6237],"class_list":{"0":"post-431755","1":"product","2":"type-product","3":"status-publish","4":"has-post-thumbnail","6":"product_cat-damen","7":"product_cat-damenbekleidung","8":"product_cat-damenlangarmshirts","9":"product_tag-crazy-idea-de","10":"product_tag-crazy-idea-damen-de","11":"pa_attivita-gehen","12":"pa_attivita-lifestyle-de","13":"pa_attivita-outdoor-de","14":"pa_colore-sun-hoodie-w-aster","15":"pa_colore-sun-hoodie-w-pop-black","16":"pa_marca-crazy-idea-de","17":"pa_sesso-damen","18":"pa_size-extra-small-de","19":"pa_size-small-de","20":"pa_size-medium-de","22":"first","23":"instock","24":"sale","25":"taxable","26":"shipping-taxable","27":"purchasable","28":"product-type-variable","29":"wvs-archive-product-wrapper"},"acf":[],"yoast_head":"<!-- This site is optimized with the Yoast SEO plugin v26.8 - https:\/\/yoast.com\/product\/yoast-seo-wordpress\/ -->\n<title>Crazy Idea Sun Hoodie damen -Pullover- MioMioRun<\/title>\n<meta name=\"description\" content=\"Leichtes Funktionsshirt mit Kapuze, ideal f\u00fcr Sonnenschutz, Komfort und Erholung bei Outdoor-Aktivit\u00e4ten und im Alltag\" \/>\n<meta name=\"robots\" content=\"index, follow, max-snippet:-1, max-image-preview:large, max-video-preview:-1\" \/>\n<link rel=\"canonical\" href=\"https:\/\/www.miomiorun.com\/de\/produkt\/sun-hoodie-damen\/\" \/>\n<meta property=\"og:locale\" content=\"de_DE\" \/>\n<meta property=\"og:type\" content=\"article\" \/>\n<meta property=\"og:title\" content=\"Crazy Idea Sun Hoodie damen -Pullover- MioMioRun\" \/>\n<meta property=\"og:description\" content=\"Leichtes Funktionsshirt mit Kapuze, ideal f\u00fcr Sonnenschutz, Komfort und Erholung bei Outdoor-Aktivit\u00e4ten und im Alltag\" \/>\n<meta property=\"og:url\" content=\"https:\/\/www.miomiorun.com\/de\/produkt\/sun-hoodie-damen\/\" \/>\n<meta property=\"og:site_name\" content=\"MioMioRun\" \/>\n<meta property=\"article:publisher\" content=\"https:\/\/www.facebook.com\/miomiorun\/\" \/>\n<meta property=\"article:modified_time\" content=\"2026-04-29T14:11:00+00:00\" \/>\n<meta property=\"og:image\" content=\"https:\/\/www.miomiorun.com\/app\/uploads\/2026\/04\/crazy-Sun-hoodie-W-pop-black-S26026084D-0063.webp\" \/>\n\t<meta property=\"og:image:width\" content=\"720\" \/>\n\t<meta property=\"og:image:height\" content=\"720\" \/>\n\t<meta property=\"og:image:type\" content=\"image\/webp\" \/>\n<meta name=\"twitter:card\" content=\"summary_large_image\" \/>\n<meta name=\"twitter:label1\" content=\"Est. reading time\" \/>\n\t<meta name=\"twitter:data1\" content=\"1 minute\" \/>\n<script type=\"application\/ld+json\" class=\"yoast-schema-graph\">{\"@context\":\"https:\/\/schema.org\",\"@graph\":[{\"@type\":\"WebPage\",\"@id\":\"https:\/\/www.miomiorun.com\/de\/produkt\/sun-hoodie-damen\/\",\"url\":\"https:\/\/www.miomiorun.com\/de\/produkt\/sun-hoodie-damen\/\",\"name\":\"Crazy Idea Sun Hoodie damen -Pullover- MioMioRun\",\"isPartOf\":{\"@id\":\"https:\/\/www.miomiorun.com\/de\/#website\"},\"primaryImageOfPage\":{\"@id\":\"https:\/\/www.miomiorun.com\/de\/produkt\/sun-hoodie-damen\/#primaryimage\"},\"image\":{\"@id\":\"https:\/\/www.miomiorun.com\/de\/produkt\/sun-hoodie-damen\/#primaryimage\"},\"thumbnailUrl\":\"https:\/\/www.miomiorun.com\/app\/uploads\/2026\/04\/crazy-Sun-hoodie-W-pop-black-S26026084D-0063.webp\",\"datePublished\":\"2026-04-16T09:07:15+00:00\",\"dateModified\":\"2026-04-29T14:11:00+00:00\",\"description\":\"Leichtes Funktionsshirt mit Kapuze, ideal f\u00fcr Sonnenschutz, Komfort und Erholung bei Outdoor-Aktivit\u00e4ten und im Alltag\",\"breadcrumb\":{\"@id\":\"https:\/\/www.miomiorun.com\/de\/produkt\/sun-hoodie-damen\/#breadcrumb\"},\"inLanguage\":\"de-DE\",\"potentialAction\":[{\"@type\":\"ReadAction\",\"target\":[\"https:\/\/www.miomiorun.com\/de\/produkt\/sun-hoodie-damen\/\"]}]},{\"@type\":\"ImageObject\",\"inLanguage\":\"de-DE\",\"@id\":\"https:\/\/www.miomiorun.com\/de\/produkt\/sun-hoodie-damen\/#primaryimage\",\"url\":\"https:\/\/www.miomiorun.com\/app\/uploads\/2026\/04\/crazy-Sun-hoodie-W-pop-black-S26026084D-0063.webp\",\"contentUrl\":\"https:\/\/www.miomiorun.com\/app\/uploads\/2026\/04\/crazy-Sun-hoodie-W-pop-black-S26026084D-0063.webp\",\"width\":720,\"height\":720,\"caption\":\"crazy Sun hoodie W pop black S26026084D-0063\"},{\"@type\":\"BreadcrumbList\",\"@id\":\"https:\/\/www.miomiorun.com\/de\/produkt\/sun-hoodie-damen\/#breadcrumb\",\"itemListElement\":[{\"@type\":\"ListItem\",\"position\":1,\"name\":\"Home\",\"item\":\"https:\/\/www.miomiorun.com\/de\/\"},{\"@type\":\"ListItem\",\"position\":2,\"name\":\"Shop\",\"item\":\"https:\/\/www.miomiorun.com\/shop\/\"},{\"@type\":\"ListItem\",\"position\":3,\"name\":\"Sun Hoodie damen\"}]},{\"@type\":\"WebSite\",\"@id\":\"https:\/\/www.miomiorun.com\/de\/#website\",\"url\":\"https:\/\/www.miomiorun.com\/de\/\",\"name\":\"MioMioRun\",\"description\":\"100% Lauf- und Trailshop\",\"publisher\":{\"@id\":\"https:\/\/www.miomiorun.com\/de\/#organization\"},\"potentialAction\":[{\"@type\":\"SearchAction\",\"target\":{\"@type\":\"EntryPoint\",\"urlTemplate\":\"https:\/\/www.miomiorun.com\/de\/?s={search_term_string}\"},\"query-input\":{\"@type\":\"PropertyValueSpecification\",\"valueRequired\":true,\"valueName\":\"search_term_string\"}}],\"inLanguage\":\"de-DE\"},{\"@type\":\"Organization\",\"@id\":\"https:\/\/www.miomiorun.com\/de\/#organization\",\"name\":\"MioMio Run\",\"url\":\"https:\/\/www.miomiorun.com\/de\/\",\"logo\":{\"@type\":\"ImageObject\",\"inLanguage\":\"de-DE\",\"@id\":\"https:\/\/www.miomiorun.com\/de\/#\/schema\/logo\/image\/\",\"url\":\"https:\/\/www.miomiorun.com\/app\/uploads\/2019\/12\/logomio.png\",\"contentUrl\":\"https:\/\/www.miomiorun.com\/app\/uploads\/2019\/12\/logomio.png\",\"width\":115,\"height\":82,\"caption\":\"MioMio Run\"},\"image\":{\"@id\":\"https:\/\/www.miomiorun.com\/de\/#\/schema\/logo\/image\/\"},\"sameAs\":[\"https:\/\/www.facebook.com\/miomiorun\/\",\"https:\/\/www.instagram.com\/miomiorun\/\"]}]}<\/script>\n<!-- \/ Yoast SEO plugin. -->","yoast_head_json":{"title":"Crazy Idea Sun Hoodie damen -Pullover- MioMioRun","description":"Leichtes Funktionsshirt mit Kapuze, ideal f\u00fcr Sonnenschutz, Komfort und Erholung bei Outdoor-Aktivit\u00e4ten und im Alltag","robots":{"index":"index","follow":"follow","max-snippet":"max-snippet:-1","max-image-preview":"max-image-preview:large","max-video-preview":"max-video-preview:-1"},"canonical":"https:\/\/www.miomiorun.com\/de\/produkt\/sun-hoodie-damen\/","og_locale":"de_DE","og_type":"article","og_title":"Crazy Idea Sun Hoodie damen -Pullover- MioMioRun","og_description":"Leichtes Funktionsshirt mit Kapuze, ideal f\u00fcr Sonnenschutz, Komfort und Erholung bei Outdoor-Aktivit\u00e4ten und im Alltag","og_url":"https:\/\/www.miomiorun.com\/de\/produkt\/sun-hoodie-damen\/","og_site_name":"MioMioRun","article_publisher":"https:\/\/www.facebook.com\/miomiorun\/","article_modified_time":"2026-04-29T14:11:00+00:00","og_image":[{"width":720,"height":720,"url":"https:\/\/www.miomiorun.com\/app\/uploads\/2026\/04\/crazy-Sun-hoodie-W-pop-black-S26026084D-0063.webp","type":"image\/webp"}],"twitter_card":"summary_large_image","twitter_misc":{"Est. reading time":"1 minute"},"schema":{"@context":"https:\/\/schema.org","@graph":[{"@type":"WebPage","@id":"https:\/\/www.miomiorun.com\/de\/produkt\/sun-hoodie-damen\/","url":"https:\/\/www.miomiorun.com\/de\/produkt\/sun-hoodie-damen\/","name":"Crazy Idea Sun Hoodie damen -Pullover- MioMioRun","isPartOf":{"@id":"https:\/\/www.miomiorun.com\/de\/#website"},"primaryImageOfPage":{"@id":"https:\/\/www.miomiorun.com\/de\/produkt\/sun-hoodie-damen\/#primaryimage"},"image":{"@id":"https:\/\/www.miomiorun.com\/de\/produkt\/sun-hoodie-damen\/#primaryimage"},"thumbnailUrl":"https:\/\/www.miomiorun.com\/app\/uploads\/2026\/04\/crazy-Sun-hoodie-W-pop-black-S26026084D-0063.webp","datePublished":"2026-04-16T09:07:15+00:00","dateModified":"2026-04-29T14:11:00+00:00","description":"Leichtes Funktionsshirt mit Kapuze, ideal f\u00fcr Sonnenschutz, Komfort und Erholung bei Outdoor-Aktivit\u00e4ten und im Alltag","breadcrumb":{"@id":"https:\/\/www.miomiorun.com\/de\/produkt\/sun-hoodie-damen\/#breadcrumb"},"inLanguage":"de-DE","potentialAction":[{"@type":"ReadAction","target":["https:\/\/www.miomiorun.com\/de\/produkt\/sun-hoodie-damen\/"]}]},{"@type":"ImageObject","inLanguage":"de-DE","@id":"https:\/\/www.miomiorun.com\/de\/produkt\/sun-hoodie-damen\/#primaryimage","url":"https:\/\/www.miomiorun.com\/app\/uploads\/2026\/04\/crazy-Sun-hoodie-W-pop-black-S26026084D-0063.webp","contentUrl":"https:\/\/www.miomiorun.com\/app\/uploads\/2026\/04\/crazy-Sun-hoodie-W-pop-black-S26026084D-0063.webp","width":720,"height":720,"caption":"crazy Sun hoodie W pop black S26026084D-0063"},{"@type":"BreadcrumbList","@id":"https:\/\/www.miomiorun.com\/de\/produkt\/sun-hoodie-damen\/#breadcrumb","itemListElement":[{"@type":"ListItem","position":1,"name":"Home","item":"https:\/\/www.miomiorun.com\/de\/"},{"@type":"ListItem","position":2,"name":"Shop","item":"https:\/\/www.miomiorun.com\/shop\/"},{"@type":"ListItem","position":3,"name":"Sun Hoodie damen"}]},{"@type":"WebSite","@id":"https:\/\/www.miomiorun.com\/de\/#website","url":"https:\/\/www.miomiorun.com\/de\/","name":"MioMioRun","description":"100% Lauf- und Trailshop","publisher":{"@id":"https:\/\/www.miomiorun.com\/de\/#organization"},"potentialAction":[{"@type":"SearchAction","target":{"@type":"EntryPoint","urlTemplate":"https:\/\/www.miomiorun.com\/de\/?s={search_term_string}"},"query-input":{"@type":"PropertyValueSpecification","valueRequired":true,"valueName":"search_term_string"}}],"inLanguage":"de-DE"},{"@type":"Organization","@id":"https:\/\/www.miomiorun.com\/de\/#organization","name":"MioMio Run","url":"https:\/\/www.miomiorun.com\/de\/","logo":{"@type":"ImageObject","inLanguage":"de-DE","@id":"https:\/\/www.miomiorun.com\/de\/#\/schema\/logo\/image\/","url":"https:\/\/www.miomiorun.com\/app\/uploads\/2019\/12\/logomio.png","contentUrl":"https:\/\/www.miomiorun.com\/app\/uploads\/2019\/12\/logomio.png","width":115,"height":82,"caption":"MioMio Run"},"image":{"@id":"https:\/\/www.miomiorun.com\/de\/#\/schema\/logo\/image\/"},"sameAs":["https:\/\/www.facebook.com\/miomiorun\/","https:\/\/www.instagram.com\/miomiorun\/"]}]}},"_links":{"self":[{"href":"https:\/\/www.miomiorun.com\/de\/wp-json\/wp\/v2\/product\/431755","targetHints":{"allow":["GET"]}}],"collection":[{"href":"https:\/\/www.miomiorun.com\/de\/wp-json\/wp\/v2\/product"}],"about":[{"href":"https:\/\/www.miomiorun.com\/de\/wp-json\/wp\/v2\/types\/product"}],"wp:featuredmedia":[{"embeddable":true,"href":"https:\/\/www.miomiorun.com\/de\/wp-json\/wp\/v2\/media\/431789"}],"wp:attachment":[{"href":"https:\/\/www.miomiorun.com\/de\/wp-json\/wp\/v2\/media?parent=431755"}],"wp:term":[{"taxonomy":"product_brand","embeddable":true,"href":"https:\/\/www.miomiorun.com\/de\/wp-json\/wp\/v2\/product_brand?post=431755"},{"taxonomy":"product_cat","embeddable":true,"href":"https:\/\/www.miomiorun.com\/de\/wp-json\/wp\/v2\/product_cat?post=431755"},{"taxonomy":"product_tag","embeddable":true,"href":"https:\/\/www.miomiorun.com\/de\/wp-json\/wp\/v2\/product_tag?post=431755"}],"curies":[{"name":"wp","href":"https:\/\/api.w.org\/{rel}","templated":true}]}}