{"id":431470,"date":"2026-04-16T10:11:42","date_gmt":"2026-04-16T08:11:42","guid":{"rendered":"https:\/\/www.miomiorun.com\/?post_type=product&#038;p=431470"},"modified":"2026-05-13T18:49:13","modified_gmt":"2026-05-13T16:49:13","slug":"short-oxygen-damen","status":"publish","type":"product","link":"https:\/\/www.miomiorun.com\/de\/produkt\/short-oxygen-damen\/","title":{"rendered":"Short oxygen damen"},"content":{"rendered":"<p data-start=\"0\" data-end=\"582\">Die <strong data-start=\"47\" data-end=\"63\">Oxygen-Shorts<\/strong> sind perfekt f\u00fcr intensive Aktivit\u00e4ten und verbinden Leistung mit Stil, um dich bei jedem Ausflug zu begleiten. Als Neuheit der Sommerkollektion \u201926 zeichnet sie sich durch ihre zweilagige Konstruktion aus: Die Au\u00dfenschorts aus <strong data-start=\"246\" data-end=\"260\">Lite-Guard<\/strong> sind leicht und winddicht, w\u00e4hrend die Innenschorts aus <strong data-start=\"326\" data-end=\"347\">Revolutional Slim<\/strong> die Muskeln st\u00fctzen und die Durchblutung der Beine f\u00f6rdern. Abgerundet wird das Design durch praktische Rei\u00dfverschlusstaschen, einen elastischen Bund und eine Schlaufe am R\u00fccken, die zum bequemen Transport von Wanderst\u00f6cken beim Trekking dient.<\/p>\n<ul data-start=\"584\" data-end=\"755\" data-is-last-node=\"\" data-is-only-node=\"\">\n<li data-section-id=\"laavot\" data-start=\"584\" data-end=\"614\">Rei\u00dfverschlusstaschen in Kontrastfarbe<\/li>\n<li data-section-id=\"tspzug\" data-start=\"615\" data-end=\"649\">Integrierte Innenhose<\/li>\n<li data-section-id=\"86oj26\" data-start=\"650\" data-end=\"677\">Elastischer Bund<\/li>\n<li data-section-id=\"j0d6n0\" data-start=\"678\" data-end=\"699\">Reflektierende Logos<\/li>\n<li data-section-id=\"101ewuf\" data-start=\"700\" data-end=\"718\">Geklebter Saum<\/li>\n<li data-section-id=\"ryoi7t\" data-start=\"719\" data-end=\"755\" data-is-last-node=\"\">Stockhalterung hinten<\/li>\n<\/ul>\n","protected":false},"excerpt":{"rendered":"<ul>\n<li><strong>Leistung und Halt:<\/strong> zweilagige Konstruktion mit kompressivem Innenfutter, das die Durchblutung f\u00f6rdert<\/li>\n<li><strong>Leichtigkeit und Schutz:<\/strong> Au\u00dfenmaterial aus atmungsaktivem und windabweisendem Lite-Guard<\/li>\n<li><strong>Trail-Funktionalit\u00e4t:<\/strong> Rei\u00dfverschlusstaschen, elastisches Band und hintere Schlaufe f\u00fcr Wanderst\u00f6cke<\/li>\n<\/ul>\n","protected":false},"featured_media":431506,"template":"","meta":{"_acf_changed":false,"inline_featured_image":false},"product_brand":[],"product_cat":[6400,6401,6488],"product_tag":[3370,6237],"class_list":{"0":"post-431470","1":"product","2":"type-product","3":"status-publish","4":"has-post-thumbnail","6":"product_cat-damen","7":"product_cat-damenbekleidung","8":"product_cat-damenshorts-de","9":"product_tag-crazy-idea-de","10":"product_tag-crazy-idea-damen-de","11":"pa_attivita-outdoor-de","12":"pa_attivita-trail-de","13":"pa_colore-short-oxygen-w-blue","14":"pa_colore-short-oxygen-w-pop-black","15":"pa_marca-crazy-idea-de","16":"pa_sesso-damen","17":"pa_size-extra-small-de","18":"pa_size-small-de","19":"pa_size-medium-de","21":"first","22":"instock","23":"sale","24":"taxable","25":"shipping-taxable","26":"purchasable","27":"product-type-variable","28":"wvs-archive-product-wrapper"},"acf":[],"yoast_head":"<!-- This site is optimized with the Yoast SEO plugin v26.8 - https:\/\/yoast.com\/product\/yoast-seo-wordpress\/ -->\n<title>Crazy Idea Short oxygen damen - Laufshorts - MioMioRun<\/title>\n<meta name=\"description\" content=\"Leichte, leistungsstarke Zweilagen-Shorts, ideal f\u00fcr intensive Aktivit\u00e4ten dank Muskelunterst\u00fctzung, Atmungsaktivit\u00e4t und Trail-spezifischen Details.\" \/>\n<meta name=\"robots\" content=\"index, follow, max-snippet:-1, max-image-preview:large, max-video-preview:-1\" \/>\n<link rel=\"canonical\" href=\"https:\/\/www.miomiorun.com\/de\/produkt\/short-oxygen-damen\/\" \/>\n<meta property=\"og:locale\" content=\"de_DE\" \/>\n<meta property=\"og:type\" content=\"article\" \/>\n<meta property=\"og:title\" content=\"Crazy Idea Short oxygen damen - Laufshorts - MioMioRun\" \/>\n<meta property=\"og:description\" content=\"Leichte, leistungsstarke Zweilagen-Shorts, ideal f\u00fcr intensive Aktivit\u00e4ten dank Muskelunterst\u00fctzung, Atmungsaktivit\u00e4t und Trail-spezifischen Details.\" \/>\n<meta property=\"og:url\" content=\"https:\/\/www.miomiorun.com\/de\/produkt\/short-oxygen-damen\/\" \/>\n<meta property=\"og:site_name\" content=\"MioMioRun\" \/>\n<meta property=\"article:publisher\" content=\"https:\/\/www.facebook.com\/miomiorun\/\" \/>\n<meta property=\"article:modified_time\" content=\"2026-05-13T16:49:13+00:00\" \/>\n<meta property=\"og:image\" content=\"https:\/\/www.miomiorun.com\/app\/uploads\/2026\/04\/crazy-Short-oxygen-W-pop-black-S26015165D-63BK-fianco.webp\" \/>\n\t<meta property=\"og:image:width\" content=\"720\" \/>\n\t<meta property=\"og:image:height\" content=\"720\" \/>\n\t<meta property=\"og:image:type\" content=\"image\/webp\" \/>\n<meta name=\"twitter:card\" content=\"summary_large_image\" \/>\n<meta name=\"twitter:label1\" content=\"Est. reading time\" \/>\n\t<meta name=\"twitter:data1\" content=\"1 minute\" \/>\n<script type=\"application\/ld+json\" class=\"yoast-schema-graph\">{\"@context\":\"https:\/\/schema.org\",\"@graph\":[{\"@type\":\"WebPage\",\"@id\":\"https:\/\/www.miomiorun.com\/de\/produkt\/short-oxygen-damen\/\",\"url\":\"https:\/\/www.miomiorun.com\/de\/produkt\/short-oxygen-damen\/\",\"name\":\"Crazy Idea Short oxygen damen - Laufshorts - MioMioRun\",\"isPartOf\":{\"@id\":\"https:\/\/www.miomiorun.com\/de\/#website\"},\"primaryImageOfPage\":{\"@id\":\"https:\/\/www.miomiorun.com\/de\/produkt\/short-oxygen-damen\/#primaryimage\"},\"image\":{\"@id\":\"https:\/\/www.miomiorun.com\/de\/produkt\/short-oxygen-damen\/#primaryimage\"},\"thumbnailUrl\":\"https:\/\/www.miomiorun.com\/app\/uploads\/2026\/04\/crazy-Short-oxygen-W-pop-black-S26015165D-63BK-fianco.webp\",\"datePublished\":\"2026-04-16T08:11:42+00:00\",\"dateModified\":\"2026-05-13T16:49:13+00:00\",\"description\":\"Leichte, leistungsstarke Zweilagen-Shorts, ideal f\u00fcr intensive Aktivit\u00e4ten dank Muskelunterst\u00fctzung, Atmungsaktivit\u00e4t und Trail-spezifischen Details.\",\"breadcrumb\":{\"@id\":\"https:\/\/www.miomiorun.com\/de\/produkt\/short-oxygen-damen\/#breadcrumb\"},\"inLanguage\":\"de-DE\",\"potentialAction\":[{\"@type\":\"ReadAction\",\"target\":[\"https:\/\/www.miomiorun.com\/de\/produkt\/short-oxygen-damen\/\"]}]},{\"@type\":\"ImageObject\",\"inLanguage\":\"de-DE\",\"@id\":\"https:\/\/www.miomiorun.com\/de\/produkt\/short-oxygen-damen\/#primaryimage\",\"url\":\"https:\/\/www.miomiorun.com\/app\/uploads\/2026\/04\/crazy-Short-oxygen-W-pop-black-S26015165D-63BK-fianco.webp\",\"contentUrl\":\"https:\/\/www.miomiorun.com\/app\/uploads\/2026\/04\/crazy-Short-oxygen-W-pop-black-S26015165D-63BK-fianco.webp\",\"width\":720,\"height\":720,\"caption\":\"crazy Short oxygen W pop black S26015165D-63BK fianco\"},{\"@type\":\"BreadcrumbList\",\"@id\":\"https:\/\/www.miomiorun.com\/de\/produkt\/short-oxygen-damen\/#breadcrumb\",\"itemListElement\":[{\"@type\":\"ListItem\",\"position\":1,\"name\":\"Home\",\"item\":\"https:\/\/www.miomiorun.com\/de\/home-page\/\"},{\"@type\":\"ListItem\",\"position\":2,\"name\":\"Shop\",\"item\":\"https:\/\/www.miomiorun.com\/shop\/\"},{\"@type\":\"ListItem\",\"position\":3,\"name\":\"Short oxygen damen\"}]},{\"@type\":\"WebSite\",\"@id\":\"https:\/\/www.miomiorun.com\/de\/#website\",\"url\":\"https:\/\/www.miomiorun.com\/de\/\",\"name\":\"MioMioRun\",\"description\":\"100% Lauf- und Trailshop\",\"publisher\":{\"@id\":\"https:\/\/www.miomiorun.com\/de\/#organization\"},\"potentialAction\":[{\"@type\":\"SearchAction\",\"target\":{\"@type\":\"EntryPoint\",\"urlTemplate\":\"https:\/\/www.miomiorun.com\/de\/?s={search_term_string}\"},\"query-input\":{\"@type\":\"PropertyValueSpecification\",\"valueRequired\":true,\"valueName\":\"search_term_string\"}}],\"inLanguage\":\"de-DE\"},{\"@type\":\"Organization\",\"@id\":\"https:\/\/www.miomiorun.com\/de\/#organization\",\"name\":\"MioMio Run\",\"url\":\"https:\/\/www.miomiorun.com\/de\/\",\"logo\":{\"@type\":\"ImageObject\",\"inLanguage\":\"de-DE\",\"@id\":\"https:\/\/www.miomiorun.com\/de\/#\/schema\/logo\/image\/\",\"url\":\"https:\/\/www.miomiorun.com\/app\/uploads\/2019\/12\/logomio.png\",\"contentUrl\":\"https:\/\/www.miomiorun.com\/app\/uploads\/2019\/12\/logomio.png\",\"width\":115,\"height\":82,\"caption\":\"MioMio Run\"},\"image\":{\"@id\":\"https:\/\/www.miomiorun.com\/de\/#\/schema\/logo\/image\/\"},\"sameAs\":[\"https:\/\/www.facebook.com\/miomiorun\/\",\"https:\/\/www.instagram.com\/miomiorun\/\"]}]}<\/script>\n<!-- \/ Yoast SEO plugin. -->","yoast_head_json":{"title":"Crazy Idea Short oxygen damen - Laufshorts - MioMioRun","description":"Leichte, leistungsstarke Zweilagen-Shorts, ideal f\u00fcr intensive Aktivit\u00e4ten dank Muskelunterst\u00fctzung, Atmungsaktivit\u00e4t und Trail-spezifischen Details.","robots":{"index":"index","follow":"follow","max-snippet":"max-snippet:-1","max-image-preview":"max-image-preview:large","max-video-preview":"max-video-preview:-1"},"canonical":"https:\/\/www.miomiorun.com\/de\/produkt\/short-oxygen-damen\/","og_locale":"de_DE","og_type":"article","og_title":"Crazy Idea Short oxygen damen - Laufshorts - MioMioRun","og_description":"Leichte, leistungsstarke Zweilagen-Shorts, ideal f\u00fcr intensive Aktivit\u00e4ten dank Muskelunterst\u00fctzung, Atmungsaktivit\u00e4t und Trail-spezifischen Details.","og_url":"https:\/\/www.miomiorun.com\/de\/produkt\/short-oxygen-damen\/","og_site_name":"MioMioRun","article_publisher":"https:\/\/www.facebook.com\/miomiorun\/","article_modified_time":"2026-05-13T16:49:13+00:00","og_image":[{"width":720,"height":720,"url":"https:\/\/www.miomiorun.com\/app\/uploads\/2026\/04\/crazy-Short-oxygen-W-pop-black-S26015165D-63BK-fianco.webp","type":"image\/webp"}],"twitter_card":"summary_large_image","twitter_misc":{"Est. reading time":"1 minute"},"schema":{"@context":"https:\/\/schema.org","@graph":[{"@type":"WebPage","@id":"https:\/\/www.miomiorun.com\/de\/produkt\/short-oxygen-damen\/","url":"https:\/\/www.miomiorun.com\/de\/produkt\/short-oxygen-damen\/","name":"Crazy Idea Short oxygen damen - Laufshorts - MioMioRun","isPartOf":{"@id":"https:\/\/www.miomiorun.com\/de\/#website"},"primaryImageOfPage":{"@id":"https:\/\/www.miomiorun.com\/de\/produkt\/short-oxygen-damen\/#primaryimage"},"image":{"@id":"https:\/\/www.miomiorun.com\/de\/produkt\/short-oxygen-damen\/#primaryimage"},"thumbnailUrl":"https:\/\/www.miomiorun.com\/app\/uploads\/2026\/04\/crazy-Short-oxygen-W-pop-black-S26015165D-63BK-fianco.webp","datePublished":"2026-04-16T08:11:42+00:00","dateModified":"2026-05-13T16:49:13+00:00","description":"Leichte, leistungsstarke Zweilagen-Shorts, ideal f\u00fcr intensive Aktivit\u00e4ten dank Muskelunterst\u00fctzung, Atmungsaktivit\u00e4t und Trail-spezifischen Details.","breadcrumb":{"@id":"https:\/\/www.miomiorun.com\/de\/produkt\/short-oxygen-damen\/#breadcrumb"},"inLanguage":"de-DE","potentialAction":[{"@type":"ReadAction","target":["https:\/\/www.miomiorun.com\/de\/produkt\/short-oxygen-damen\/"]}]},{"@type":"ImageObject","inLanguage":"de-DE","@id":"https:\/\/www.miomiorun.com\/de\/produkt\/short-oxygen-damen\/#primaryimage","url":"https:\/\/www.miomiorun.com\/app\/uploads\/2026\/04\/crazy-Short-oxygen-W-pop-black-S26015165D-63BK-fianco.webp","contentUrl":"https:\/\/www.miomiorun.com\/app\/uploads\/2026\/04\/crazy-Short-oxygen-W-pop-black-S26015165D-63BK-fianco.webp","width":720,"height":720,"caption":"crazy Short oxygen W pop black S26015165D-63BK fianco"},{"@type":"BreadcrumbList","@id":"https:\/\/www.miomiorun.com\/de\/produkt\/short-oxygen-damen\/#breadcrumb","itemListElement":[{"@type":"ListItem","position":1,"name":"Home","item":"https:\/\/www.miomiorun.com\/de\/home-page\/"},{"@type":"ListItem","position":2,"name":"Shop","item":"https:\/\/www.miomiorun.com\/shop\/"},{"@type":"ListItem","position":3,"name":"Short oxygen damen"}]},{"@type":"WebSite","@id":"https:\/\/www.miomiorun.com\/de\/#website","url":"https:\/\/www.miomiorun.com\/de\/","name":"MioMioRun","description":"100% Lauf- und Trailshop","publisher":{"@id":"https:\/\/www.miomiorun.com\/de\/#organization"},"potentialAction":[{"@type":"SearchAction","target":{"@type":"EntryPoint","urlTemplate":"https:\/\/www.miomiorun.com\/de\/?s={search_term_string}"},"query-input":{"@type":"PropertyValueSpecification","valueRequired":true,"valueName":"search_term_string"}}],"inLanguage":"de-DE"},{"@type":"Organization","@id":"https:\/\/www.miomiorun.com\/de\/#organization","name":"MioMio Run","url":"https:\/\/www.miomiorun.com\/de\/","logo":{"@type":"ImageObject","inLanguage":"de-DE","@id":"https:\/\/www.miomiorun.com\/de\/#\/schema\/logo\/image\/","url":"https:\/\/www.miomiorun.com\/app\/uploads\/2019\/12\/logomio.png","contentUrl":"https:\/\/www.miomiorun.com\/app\/uploads\/2019\/12\/logomio.png","width":115,"height":82,"caption":"MioMio Run"},"image":{"@id":"https:\/\/www.miomiorun.com\/de\/#\/schema\/logo\/image\/"},"sameAs":["https:\/\/www.facebook.com\/miomiorun\/","https:\/\/www.instagram.com\/miomiorun\/"]}]}},"_links":{"self":[{"href":"https:\/\/www.miomiorun.com\/de\/wp-json\/wp\/v2\/product\/431470","targetHints":{"allow":["GET"]}}],"collection":[{"href":"https:\/\/www.miomiorun.com\/de\/wp-json\/wp\/v2\/product"}],"about":[{"href":"https:\/\/www.miomiorun.com\/de\/wp-json\/wp\/v2\/types\/product"}],"wp:featuredmedia":[{"embeddable":true,"href":"https:\/\/www.miomiorun.com\/de\/wp-json\/wp\/v2\/media\/431506"}],"wp:attachment":[{"href":"https:\/\/www.miomiorun.com\/de\/wp-json\/wp\/v2\/media?parent=431470"}],"wp:term":[{"taxonomy":"product_brand","embeddable":true,"href":"https:\/\/www.miomiorun.com\/de\/wp-json\/wp\/v2\/product_brand?post=431470"},{"taxonomy":"product_cat","embeddable":true,"href":"https:\/\/www.miomiorun.com\/de\/wp-json\/wp\/v2\/product_cat?post=431470"},{"taxonomy":"product_tag","embeddable":true,"href":"https:\/\/www.miomiorun.com\/de\/wp-json\/wp\/v2\/product_tag?post=431470"}],"curies":[{"name":"wp","href":"https:\/\/api.w.org\/{rel}","templated":true}]}}