{"id":430957,"date":"2026-04-15T18:51:58","date_gmt":"2026-04-15T16:51:58","guid":{"rendered":"https:\/\/www.miomiorun.com\/?post_type=product&#038;p=430957"},"modified":"2026-04-29T12:32:11","modified_gmt":"2026-04-29T10:32:11","slug":"t-shirt-light-up-damen","status":"publish","type":"product","link":"https:\/\/www.miomiorun.com\/de\/produkt\/t-shirt-light-up-damen\/","title":{"rendered":"T-Shirt light up damen"},"content":{"rendered":"<div class=\"single-product-description\">\n<div class=\"single-product-description\">\n<p>Das neue Laufshirt f\u00fcr Damen, das <strong>Light Up<\/strong>, zeichnet sich durch seine Leichtigkeit und Atmungsaktivit\u00e4t aus, dank der Verwendung von zwei mikroperforierten Stoffen der neuesten Generation, die abriebfest sind und \u00fcber eine Wiking-Behandlung f\u00fcr schnelles Trocknen und effektiven Feuchtigkeitstransport verf\u00fcgen. Die \u00c4rmel- und Saumkanten sind mit aufgeklebten reflektierenden Streifen versehen, die einen stilvollen Akzent setzen und Reibung bei Bewegung reduzieren. Das Design ist klar und zeitgem\u00e4\u00df, mit einer femininen und gepflegten Passform, ganz im Crazy-Stil.<\/p>\n<p><strong>Eigenschaften:<\/strong><\/p>\n<ul>\n<li>Seitliche Schlitze<\/li>\n<li>Reflektierende Streifen an den H\u00fcften und am \u00c4rmelabschluss<\/li>\n<li>Exklusive Drucke<\/li>\n<\/ul>\n<\/div>\n<\/div>\n","protected":false},"excerpt":{"rendered":"<ul>\n<li><strong>Leicht und atmungsaktiv:<\/strong> mikroperforierte Stoffe der neuen Generation mit schneller Trocknung<\/li>\n<li><strong>Komfort ohne Scheuern:<\/strong> S\u00e4ume mit aufgeklebten reflektierenden Streifen und eine auf Bewegung ausgelegte Konstruktion<\/li>\n<li><strong>Moderner Stil:<\/strong> femininer Schnitt, klare Linien und reflektierende Details f\u00fcr einen technischen und zeitgem\u00e4\u00dfen Look<\/li>\n<\/ul>\n","protected":false},"featured_media":431143,"template":"","meta":{"_acf_changed":false,"inline_featured_image":false},"product_brand":[],"product_cat":[6401,6489],"product_tag":[3370,6237],"class_list":{"0":"post-430957","1":"product","2":"type-product","3":"status-publish","4":"has-post-thumbnail","6":"product_cat-damenbekleidung","7":"product_cat-dament-shirt-de","8":"product_tag-crazy-idea-de","9":"product_tag-crazy-idea-damen-de","10":"pa_attivita-running-de","11":"pa_attivita-trail-de","12":"pa_colore-shirt-light-up-w-aster","13":"pa_colore-shirt-light-up-w-pop","14":"pa_marca-crazy-idea-de","15":"pa_sesso-damen","16":"pa_size-extra-small-de","17":"pa_size-small-de","18":"pa_size-medium-de","19":"pa_size-large-de","21":"first","22":"instock","23":"sale","24":"taxable","25":"shipping-taxable","26":"purchasable","27":"product-type-variable","28":"wvs-archive-product-wrapper"},"acf":[],"yoast_head":"<!-- This site is optimized with the Yoast SEO plugin v26.8 - https:\/\/yoast.com\/product\/yoast-seo-wordpress\/ -->\n<title>Crazy Idea T-Shirt light up damen - Lauf-T-Shirt - MioMioRun<\/title>\n<meta name=\"description\" content=\"Leichtes, atmungsaktives Laufshirt f\u00fcr Damen mit modernem Design, das Komfort, optimale Feuchtigkeitsregulierung und Bewegungsfreiheit garantiert\" \/>\n<meta name=\"robots\" content=\"index, follow, max-snippet:-1, max-image-preview:large, max-video-preview:-1\" \/>\n<link rel=\"canonical\" href=\"https:\/\/www.miomiorun.com\/de\/produkt\/t-shirt-light-up-damen\/\" \/>\n<meta property=\"og:locale\" content=\"de_DE\" \/>\n<meta property=\"og:type\" content=\"article\" \/>\n<meta property=\"og:title\" content=\"Crazy Idea T-Shirt light up damen - Lauf-T-Shirt - MioMioRun\" \/>\n<meta property=\"og:description\" content=\"Leichtes, atmungsaktives Laufshirt f\u00fcr Damen mit modernem Design, das Komfort, optimale Feuchtigkeitsregulierung und Bewegungsfreiheit garantiert\" \/>\n<meta property=\"og:url\" content=\"https:\/\/www.miomiorun.com\/de\/produkt\/t-shirt-light-up-damen\/\" \/>\n<meta property=\"og:site_name\" content=\"MioMioRun\" \/>\n<meta property=\"article:publisher\" content=\"https:\/\/www.facebook.com\/miomiorun\/\" \/>\n<meta property=\"article:modified_time\" content=\"2026-04-29T10:32:11+00:00\" \/>\n<meta property=\"og:image\" content=\"https:\/\/www.miomiorun.com\/app\/uploads\/2026\/04\/crazy-Shirt-light-up-W-aster-S26095135D-00143.webp\" \/>\n\t<meta property=\"og:image:width\" content=\"720\" \/>\n\t<meta property=\"og:image:height\" content=\"720\" \/>\n\t<meta property=\"og:image:type\" content=\"image\/webp\" \/>\n<meta name=\"twitter:card\" content=\"summary_large_image\" \/>\n<script type=\"application\/ld+json\" class=\"yoast-schema-graph\">{\"@context\":\"https:\/\/schema.org\",\"@graph\":[{\"@type\":\"WebPage\",\"@id\":\"https:\/\/www.miomiorun.com\/de\/produkt\/t-shirt-light-up-damen\/\",\"url\":\"https:\/\/www.miomiorun.com\/de\/produkt\/t-shirt-light-up-damen\/\",\"name\":\"Crazy Idea T-Shirt light up damen - Lauf-T-Shirt - MioMioRun\",\"isPartOf\":{\"@id\":\"https:\/\/www.miomiorun.com\/de\/#website\"},\"primaryImageOfPage\":{\"@id\":\"https:\/\/www.miomiorun.com\/de\/produkt\/t-shirt-light-up-damen\/#primaryimage\"},\"image\":{\"@id\":\"https:\/\/www.miomiorun.com\/de\/produkt\/t-shirt-light-up-damen\/#primaryimage\"},\"thumbnailUrl\":\"https:\/\/www.miomiorun.com\/app\/uploads\/2026\/04\/crazy-Shirt-light-up-W-aster-S26095135D-00143.webp\",\"datePublished\":\"2026-04-15T16:51:58+00:00\",\"dateModified\":\"2026-04-29T10:32:11+00:00\",\"description\":\"Leichtes, atmungsaktives Laufshirt f\u00fcr Damen mit modernem Design, das Komfort, optimale Feuchtigkeitsregulierung und Bewegungsfreiheit garantiert\",\"breadcrumb\":{\"@id\":\"https:\/\/www.miomiorun.com\/de\/produkt\/t-shirt-light-up-damen\/#breadcrumb\"},\"inLanguage\":\"de-DE\",\"potentialAction\":[{\"@type\":\"ReadAction\",\"target\":[\"https:\/\/www.miomiorun.com\/de\/produkt\/t-shirt-light-up-damen\/\"]}]},{\"@type\":\"ImageObject\",\"inLanguage\":\"de-DE\",\"@id\":\"https:\/\/www.miomiorun.com\/de\/produkt\/t-shirt-light-up-damen\/#primaryimage\",\"url\":\"https:\/\/www.miomiorun.com\/app\/uploads\/2026\/04\/crazy-Shirt-light-up-W-aster-S26095135D-00143.webp\",\"contentUrl\":\"https:\/\/www.miomiorun.com\/app\/uploads\/2026\/04\/crazy-Shirt-light-up-W-aster-S26095135D-00143.webp\",\"width\":720,\"height\":720,\"caption\":\"crazy Shirt light up W aster S26095135D-00143\"},{\"@type\":\"BreadcrumbList\",\"@id\":\"https:\/\/www.miomiorun.com\/de\/produkt\/t-shirt-light-up-damen\/#breadcrumb\",\"itemListElement\":[{\"@type\":\"ListItem\",\"position\":1,\"name\":\"Home\",\"item\":\"https:\/\/www.miomiorun.com\/de\/\"},{\"@type\":\"ListItem\",\"position\":2,\"name\":\"Shop\",\"item\":\"https:\/\/www.miomiorun.com\/shop\/\"},{\"@type\":\"ListItem\",\"position\":3,\"name\":\"T-Shirt light up damen\"}]},{\"@type\":\"WebSite\",\"@id\":\"https:\/\/www.miomiorun.com\/de\/#website\",\"url\":\"https:\/\/www.miomiorun.com\/de\/\",\"name\":\"MioMioRun\",\"description\":\"100% Lauf- und Trailshop\",\"publisher\":{\"@id\":\"https:\/\/www.miomiorun.com\/de\/#organization\"},\"potentialAction\":[{\"@type\":\"SearchAction\",\"target\":{\"@type\":\"EntryPoint\",\"urlTemplate\":\"https:\/\/www.miomiorun.com\/de\/?s={search_term_string}\"},\"query-input\":{\"@type\":\"PropertyValueSpecification\",\"valueRequired\":true,\"valueName\":\"search_term_string\"}}],\"inLanguage\":\"de-DE\"},{\"@type\":\"Organization\",\"@id\":\"https:\/\/www.miomiorun.com\/de\/#organization\",\"name\":\"MioMio Run\",\"url\":\"https:\/\/www.miomiorun.com\/de\/\",\"logo\":{\"@type\":\"ImageObject\",\"inLanguage\":\"de-DE\",\"@id\":\"https:\/\/www.miomiorun.com\/de\/#\/schema\/logo\/image\/\",\"url\":\"https:\/\/www.miomiorun.com\/app\/uploads\/2019\/12\/logomio.png\",\"contentUrl\":\"https:\/\/www.miomiorun.com\/app\/uploads\/2019\/12\/logomio.png\",\"width\":115,\"height\":82,\"caption\":\"MioMio Run\"},\"image\":{\"@id\":\"https:\/\/www.miomiorun.com\/de\/#\/schema\/logo\/image\/\"},\"sameAs\":[\"https:\/\/www.facebook.com\/miomiorun\/\",\"https:\/\/www.instagram.com\/miomiorun\/\"]}]}<\/script>\n<!-- \/ Yoast SEO plugin. -->","yoast_head_json":{"title":"Crazy Idea T-Shirt light up damen - Lauf-T-Shirt - MioMioRun","description":"Leichtes, atmungsaktives Laufshirt f\u00fcr Damen mit modernem Design, das Komfort, optimale Feuchtigkeitsregulierung und Bewegungsfreiheit garantiert","robots":{"index":"index","follow":"follow","max-snippet":"max-snippet:-1","max-image-preview":"max-image-preview:large","max-video-preview":"max-video-preview:-1"},"canonical":"https:\/\/www.miomiorun.com\/de\/produkt\/t-shirt-light-up-damen\/","og_locale":"de_DE","og_type":"article","og_title":"Crazy Idea T-Shirt light up damen - Lauf-T-Shirt - MioMioRun","og_description":"Leichtes, atmungsaktives Laufshirt f\u00fcr Damen mit modernem Design, das Komfort, optimale Feuchtigkeitsregulierung und Bewegungsfreiheit garantiert","og_url":"https:\/\/www.miomiorun.com\/de\/produkt\/t-shirt-light-up-damen\/","og_site_name":"MioMioRun","article_publisher":"https:\/\/www.facebook.com\/miomiorun\/","article_modified_time":"2026-04-29T10:32:11+00:00","og_image":[{"width":720,"height":720,"url":"https:\/\/www.miomiorun.com\/app\/uploads\/2026\/04\/crazy-Shirt-light-up-W-aster-S26095135D-00143.webp","type":"image\/webp"}],"twitter_card":"summary_large_image","schema":{"@context":"https:\/\/schema.org","@graph":[{"@type":"WebPage","@id":"https:\/\/www.miomiorun.com\/de\/produkt\/t-shirt-light-up-damen\/","url":"https:\/\/www.miomiorun.com\/de\/produkt\/t-shirt-light-up-damen\/","name":"Crazy Idea T-Shirt light up damen - Lauf-T-Shirt - MioMioRun","isPartOf":{"@id":"https:\/\/www.miomiorun.com\/de\/#website"},"primaryImageOfPage":{"@id":"https:\/\/www.miomiorun.com\/de\/produkt\/t-shirt-light-up-damen\/#primaryimage"},"image":{"@id":"https:\/\/www.miomiorun.com\/de\/produkt\/t-shirt-light-up-damen\/#primaryimage"},"thumbnailUrl":"https:\/\/www.miomiorun.com\/app\/uploads\/2026\/04\/crazy-Shirt-light-up-W-aster-S26095135D-00143.webp","datePublished":"2026-04-15T16:51:58+00:00","dateModified":"2026-04-29T10:32:11+00:00","description":"Leichtes, atmungsaktives Laufshirt f\u00fcr Damen mit modernem Design, das Komfort, optimale Feuchtigkeitsregulierung und Bewegungsfreiheit garantiert","breadcrumb":{"@id":"https:\/\/www.miomiorun.com\/de\/produkt\/t-shirt-light-up-damen\/#breadcrumb"},"inLanguage":"de-DE","potentialAction":[{"@type":"ReadAction","target":["https:\/\/www.miomiorun.com\/de\/produkt\/t-shirt-light-up-damen\/"]}]},{"@type":"ImageObject","inLanguage":"de-DE","@id":"https:\/\/www.miomiorun.com\/de\/produkt\/t-shirt-light-up-damen\/#primaryimage","url":"https:\/\/www.miomiorun.com\/app\/uploads\/2026\/04\/crazy-Shirt-light-up-W-aster-S26095135D-00143.webp","contentUrl":"https:\/\/www.miomiorun.com\/app\/uploads\/2026\/04\/crazy-Shirt-light-up-W-aster-S26095135D-00143.webp","width":720,"height":720,"caption":"crazy Shirt light up W aster S26095135D-00143"},{"@type":"BreadcrumbList","@id":"https:\/\/www.miomiorun.com\/de\/produkt\/t-shirt-light-up-damen\/#breadcrumb","itemListElement":[{"@type":"ListItem","position":1,"name":"Home","item":"https:\/\/www.miomiorun.com\/de\/"},{"@type":"ListItem","position":2,"name":"Shop","item":"https:\/\/www.miomiorun.com\/shop\/"},{"@type":"ListItem","position":3,"name":"T-Shirt light up damen"}]},{"@type":"WebSite","@id":"https:\/\/www.miomiorun.com\/de\/#website","url":"https:\/\/www.miomiorun.com\/de\/","name":"MioMioRun","description":"100% Lauf- und Trailshop","publisher":{"@id":"https:\/\/www.miomiorun.com\/de\/#organization"},"potentialAction":[{"@type":"SearchAction","target":{"@type":"EntryPoint","urlTemplate":"https:\/\/www.miomiorun.com\/de\/?s={search_term_string}"},"query-input":{"@type":"PropertyValueSpecification","valueRequired":true,"valueName":"search_term_string"}}],"inLanguage":"de-DE"},{"@type":"Organization","@id":"https:\/\/www.miomiorun.com\/de\/#organization","name":"MioMio Run","url":"https:\/\/www.miomiorun.com\/de\/","logo":{"@type":"ImageObject","inLanguage":"de-DE","@id":"https:\/\/www.miomiorun.com\/de\/#\/schema\/logo\/image\/","url":"https:\/\/www.miomiorun.com\/app\/uploads\/2019\/12\/logomio.png","contentUrl":"https:\/\/www.miomiorun.com\/app\/uploads\/2019\/12\/logomio.png","width":115,"height":82,"caption":"MioMio Run"},"image":{"@id":"https:\/\/www.miomiorun.com\/de\/#\/schema\/logo\/image\/"},"sameAs":["https:\/\/www.facebook.com\/miomiorun\/","https:\/\/www.instagram.com\/miomiorun\/"]}]}},"_links":{"self":[{"href":"https:\/\/www.miomiorun.com\/de\/wp-json\/wp\/v2\/product\/430957","targetHints":{"allow":["GET"]}}],"collection":[{"href":"https:\/\/www.miomiorun.com\/de\/wp-json\/wp\/v2\/product"}],"about":[{"href":"https:\/\/www.miomiorun.com\/de\/wp-json\/wp\/v2\/types\/product"}],"wp:featuredmedia":[{"embeddable":true,"href":"https:\/\/www.miomiorun.com\/de\/wp-json\/wp\/v2\/media\/431143"}],"wp:attachment":[{"href":"https:\/\/www.miomiorun.com\/de\/wp-json\/wp\/v2\/media?parent=430957"}],"wp:term":[{"taxonomy":"product_brand","embeddable":true,"href":"https:\/\/www.miomiorun.com\/de\/wp-json\/wp\/v2\/product_brand?post=430957"},{"taxonomy":"product_cat","embeddable":true,"href":"https:\/\/www.miomiorun.com\/de\/wp-json\/wp\/v2\/product_cat?post=430957"},{"taxonomy":"product_tag","embeddable":true,"href":"https:\/\/www.miomiorun.com\/de\/wp-json\/wp\/v2\/product_tag?post=430957"}],"curies":[{"name":"wp","href":"https:\/\/api.w.org\/{rel}","templated":true}]}}