{"id":430823,"date":"2026-04-15T18:31:53","date_gmt":"2026-04-15T16:31:53","guid":{"rendered":"https:\/\/www.miomiorun.com\/?post_type=product&#038;p=430823"},"modified":"2026-05-09T15:10:21","modified_gmt":"2026-05-09T13:10:21","slug":"zinal-3-damen","status":"publish","type":"product","link":"https:\/\/www.miomiorun.com\/de\/produkt\/zinal-3-damen\/","title":{"rendered":"Zinal 3 damen"},"content":{"rendered":"<table style=\"border-collapse: collapse;width: 100%\">\n<tbody>\n<tr>\n<td style=\"width: 33.333%;vertical-align: top\"><strong>Technische Daten<\/strong><\/p>\n<p>Kategorie: reaktive D\u00e4mpfung<br \/>\nSprengung: 5 mm<br \/>\nGewicht: 253 g<br \/>\nIdeal f\u00fcr: schnelle Trailrunner, die einen leichten, reaktiven und pr\u00e4zisen Schuh suchen, um technische und anspruchsvolle Strecken mit hoher Intensit\u00e4t zu bew\u00e4ltigen.<br \/>\nGewicht des L\u00e4ufers: 60\u201375 kg<br \/>\nLauftempo: mittel bis schnell (4:30\u20135:30 min\/km).<br \/>\n<a href=\"https:\/\/miomiorun.com\/guida-alle-specifiche-tecniche\/\">Leitfaden zu den technischen Daten<\/a><\/p>\n<p>&nbsp;<\/td>\n<td style=\"width: 66.6666%;vertical-align: top\">\n<p data-start=\"104\" data-end=\"381\">Der <strong data-start=\"107\" data-end=\"118\">Zinal 3<\/strong> pr\u00e4sentiert sich in neuem Gewand, um schnelle Trails zu meistern, auf denen Agilit\u00e4t und Reaktionsf\u00e4higkeit den Unterschied ausmachen. Jedes Detail wurde optimiert, um ein dynamisches, reaktionsfreudiges und mitrei\u00dfendes Lauferlebnis zu bieten \u2013 ideal, wenn das Tempo steigt und der Untergrund schnelle Anpassungen erfordert.<\/p>\n<p data-start=\"456\" data-end=\"704\">Das Herzst\u00fcck des Schuhs ist die <strong data-start=\"493\" data-end=\"500\">SCF<\/strong>-Zwischensohle, die f\u00fcr eine noch effektivere Energier\u00fcckgabe entwickelt wurde: Jeder Schritt wird elastischer, fl\u00fcssiger und treibender, sodass du auch auf den anspruchsvollsten Abschnitten Geschwindigkeit und Kontinuit\u00e4t beibehalten kannst.<\/p>\n<p data-start=\"706\" data-end=\"995\">Unter dem Fu\u00df bietet das neue Profil mit <strong data-start=\"759\" data-end=\"767\">5 mm<\/strong> gro\u00dfen Stollen einen aggressiven und zuverl\u00e4ssigen Grip, sodass du Richtungswechsel, Anstiege und Abfahrten auch auf unebenem Untergrund sicher bew\u00e4ltigen kannst. Diese Traktion ist f\u00fcr alle gedacht, die auch auf den technisch anspruchsvollsten Trails nicht an Tempo verlieren wollen.<\/p>\n<p data-start=\"997\" data-end=\"1331\">Das komplett \u00fcberarbeitete Obermaterial ist leicht, schn\u00f6rkellos und hoch atmungsaktiv. Die neue elastische und dynamische Passform umschlie\u00dft den Fu\u00df pr\u00e4zise und verbessert die Stabilit\u00e4t, ohne dabei den Komfort zu beeintr\u00e4chtigen. Das Ergebnis ist ein sicherer und leistungsstarker Sitz auch bei den intensivsten Trainingseinheiten, bei denen jedes Detail den Unterschied ausmacht.<\/p>\n<p data-start=\"1333\" data-end=\"1554\" data-is-last-node=\"\" data-is-only-node=\"\">Mit dem <strong data-start=\"1340\" data-end=\"1351\">Zinal 3<\/strong> hebt Hoka das Konzept der Geschwindigkeit im Trailrunning auf ein neues Niveau: ein Schuh f\u00fcr alle, die Gas geben, die Strecke in Angriff nehmen und ihre Zeiten auf den h\u00e4rtesten und technisch anspruchsvollsten Untergr\u00fcnden verbessern wollen.<\/p>\n<\/td>\n<\/tr>\n<\/tbody>\n<\/table>\n<p>&nbsp;<\/p>\n","protected":false},"excerpt":{"rendered":"<ul>\n<li data-section-id=\"kbumrk\" data-start=\"823\" data-end=\"892\">EVA-Zwischensohle mit innovativem Verfahren f\u00fcr mehr Reaktionsfreudigkeit<\/li>\n<li data-section-id=\"fhxz2e\" data-start=\"893\" data-end=\"968\">5 mm starkes, multidirektionales Profil f\u00fcr effektiven Grip auf technischen Trails<\/li>\n<li data-section-id=\"p86z6h\" data-start=\"969\" data-end=\"1042\" data-is-last-node=\"\">Atmungsaktives Obermaterial mit elastischem Kragen f\u00fcr Komfort und Stabilit\u00e4t<\/li>\n<\/ul>\n","protected":false},"featured_media":430924,"template":"","meta":{"_acf_changed":false,"inline_featured_image":false},"product_brand":[],"product_cat":[6474,6491],"product_tag":[3373,6228],"class_list":{"0":"post-430823","1":"product","2":"type-product","3":"status-publish","4":"has-post-thumbnail","6":"product_cat-damenschuhe","7":"product_cat-damentrailschuhe","8":"product_tag-hoka-one-one-de","9":"product_tag-hoka-one-one-damen-de","10":"pa_attivita-outdoor-de","11":"pa_attivita-trail-de","12":"pa_colore-zinal-3-w-squid-ink-neon-yuzu","13":"pa_marca-hoka-de","14":"pa_sesso-damen","15":"pa_size-38-de","17":"pa_size-39-de","18":"pa_size-40-de","20":"pa_size-41-de","22":"first","23":"instock","24":"taxable","25":"shipping-taxable","26":"purchasable","27":"product-type-variable","28":"wvs-archive-product-wrapper"},"acf":[],"yoast_head":"<!-- This site is optimized with the Yoast SEO plugin v26.8 - https:\/\/yoast.com\/product\/yoast-seo-wordpress\/ -->\n<title>Hoka Zinal 3 damen - Trail-Schuhe - MioMioRun.com<\/title>\n<meta name=\"description\" content=\"Ein leichter und reaktionsfreudiger Trailrunning-Schuh, der Geschwindigkeit, Grip und Pr\u00e4zision auf technischen und gut begehbaren Strecken bietet\" \/>\n<meta name=\"robots\" content=\"index, follow, max-snippet:-1, max-image-preview:large, max-video-preview:-1\" \/>\n<link rel=\"canonical\" href=\"https:\/\/www.miomiorun.com\/de\/produkt\/zinal-3-damen\/\" \/>\n<meta property=\"og:locale\" content=\"de_DE\" \/>\n<meta property=\"og:type\" content=\"article\" \/>\n<meta property=\"og:title\" content=\"Hoka Zinal 3 damen - Trail-Schuhe - MioMioRun.com\" \/>\n<meta property=\"og:description\" content=\"Ein leichter und reaktionsfreudiger Trailrunning-Schuh, der Geschwindigkeit, Grip und Pr\u00e4zision auf technischen und gut begehbaren Strecken bietet\" \/>\n<meta property=\"og:url\" content=\"https:\/\/www.miomiorun.com\/de\/produkt\/zinal-3-damen\/\" \/>\n<meta property=\"og:site_name\" content=\"MioMioRun\" \/>\n<meta property=\"article:publisher\" content=\"https:\/\/www.facebook.com\/miomiorun\/\" \/>\n<meta property=\"article:modified_time\" content=\"2026-05-09T13:10:21+00:00\" \/>\n<meta property=\"og:image\" content=\"https:\/\/www.miomiorun.com\/app\/uploads\/2026\/04\/hoka-Zinal-3-W-squid-ink-neon-yuzu-1171953-SNKN.webp\" \/>\n\t<meta property=\"og:image:width\" content=\"720\" \/>\n\t<meta property=\"og:image:height\" content=\"720\" \/>\n\t<meta property=\"og:image:type\" content=\"image\/webp\" \/>\n<meta name=\"twitter:card\" content=\"summary_large_image\" \/>\n<meta name=\"twitter:label1\" content=\"Est. reading time\" \/>\n\t<meta name=\"twitter:data1\" content=\"1 minute\" \/>\n<script type=\"application\/ld+json\" class=\"yoast-schema-graph\">{\"@context\":\"https:\/\/schema.org\",\"@graph\":[{\"@type\":\"WebPage\",\"@id\":\"https:\/\/www.miomiorun.com\/de\/produkt\/zinal-3-damen\/\",\"url\":\"https:\/\/www.miomiorun.com\/de\/produkt\/zinal-3-damen\/\",\"name\":\"Hoka Zinal 3 damen - Trail-Schuhe - MioMioRun.com\",\"isPartOf\":{\"@id\":\"https:\/\/www.miomiorun.com\/de\/#website\"},\"primaryImageOfPage\":{\"@id\":\"https:\/\/www.miomiorun.com\/de\/produkt\/zinal-3-damen\/#primaryimage\"},\"image\":{\"@id\":\"https:\/\/www.miomiorun.com\/de\/produkt\/zinal-3-damen\/#primaryimage\"},\"thumbnailUrl\":\"https:\/\/www.miomiorun.com\/app\/uploads\/2026\/04\/hoka-Zinal-3-W-squid-ink-neon-yuzu-1171953-SNKN.webp\",\"datePublished\":\"2026-04-15T16:31:53+00:00\",\"dateModified\":\"2026-05-09T13:10:21+00:00\",\"description\":\"Ein leichter und reaktionsfreudiger Trailrunning-Schuh, der Geschwindigkeit, Grip und Pr\u00e4zision auf technischen und gut begehbaren Strecken bietet\",\"breadcrumb\":{\"@id\":\"https:\/\/www.miomiorun.com\/de\/produkt\/zinal-3-damen\/#breadcrumb\"},\"inLanguage\":\"de-DE\",\"potentialAction\":[{\"@type\":\"ReadAction\",\"target\":[\"https:\/\/www.miomiorun.com\/de\/produkt\/zinal-3-damen\/\"]}]},{\"@type\":\"ImageObject\",\"inLanguage\":\"de-DE\",\"@id\":\"https:\/\/www.miomiorun.com\/de\/produkt\/zinal-3-damen\/#primaryimage\",\"url\":\"https:\/\/www.miomiorun.com\/app\/uploads\/2026\/04\/hoka-Zinal-3-W-squid-ink-neon-yuzu-1171953-SNKN.webp\",\"contentUrl\":\"https:\/\/www.miomiorun.com\/app\/uploads\/2026\/04\/hoka-Zinal-3-W-squid-ink-neon-yuzu-1171953-SNKN.webp\",\"width\":720,\"height\":720,\"caption\":\"hoka Zinal 3 W squid ink neon yuzu 1171953 SNKN\"},{\"@type\":\"BreadcrumbList\",\"@id\":\"https:\/\/www.miomiorun.com\/de\/produkt\/zinal-3-damen\/#breadcrumb\",\"itemListElement\":[{\"@type\":\"ListItem\",\"position\":1,\"name\":\"Home\",\"item\":\"https:\/\/www.miomiorun.com\/de\/\"},{\"@type\":\"ListItem\",\"position\":2,\"name\":\"Shop\",\"item\":\"https:\/\/www.miomiorun.com\/shop\/\"},{\"@type\":\"ListItem\",\"position\":3,\"name\":\"Zinal 3 damen\"}]},{\"@type\":\"WebSite\",\"@id\":\"https:\/\/www.miomiorun.com\/de\/#website\",\"url\":\"https:\/\/www.miomiorun.com\/de\/\",\"name\":\"MioMioRun\",\"description\":\"100% Lauf- und Trailshop\",\"publisher\":{\"@id\":\"https:\/\/www.miomiorun.com\/de\/#organization\"},\"potentialAction\":[{\"@type\":\"SearchAction\",\"target\":{\"@type\":\"EntryPoint\",\"urlTemplate\":\"https:\/\/www.miomiorun.com\/de\/?s={search_term_string}\"},\"query-input\":{\"@type\":\"PropertyValueSpecification\",\"valueRequired\":true,\"valueName\":\"search_term_string\"}}],\"inLanguage\":\"de-DE\"},{\"@type\":\"Organization\",\"@id\":\"https:\/\/www.miomiorun.com\/de\/#organization\",\"name\":\"MioMio Run\",\"url\":\"https:\/\/www.miomiorun.com\/de\/\",\"logo\":{\"@type\":\"ImageObject\",\"inLanguage\":\"de-DE\",\"@id\":\"https:\/\/www.miomiorun.com\/de\/#\/schema\/logo\/image\/\",\"url\":\"https:\/\/www.miomiorun.com\/app\/uploads\/2019\/12\/logomio.png\",\"contentUrl\":\"https:\/\/www.miomiorun.com\/app\/uploads\/2019\/12\/logomio.png\",\"width\":115,\"height\":82,\"caption\":\"MioMio Run\"},\"image\":{\"@id\":\"https:\/\/www.miomiorun.com\/de\/#\/schema\/logo\/image\/\"},\"sameAs\":[\"https:\/\/www.facebook.com\/miomiorun\/\",\"https:\/\/www.instagram.com\/miomiorun\/\"]}]}<\/script>\n<!-- \/ Yoast SEO plugin. -->","yoast_head_json":{"title":"Hoka Zinal 3 damen - Trail-Schuhe - MioMioRun.com","description":"Ein leichter und reaktionsfreudiger Trailrunning-Schuh, der Geschwindigkeit, Grip und Pr\u00e4zision auf technischen und gut begehbaren Strecken bietet","robots":{"index":"index","follow":"follow","max-snippet":"max-snippet:-1","max-image-preview":"max-image-preview:large","max-video-preview":"max-video-preview:-1"},"canonical":"https:\/\/www.miomiorun.com\/de\/produkt\/zinal-3-damen\/","og_locale":"de_DE","og_type":"article","og_title":"Hoka Zinal 3 damen - Trail-Schuhe - MioMioRun.com","og_description":"Ein leichter und reaktionsfreudiger Trailrunning-Schuh, der Geschwindigkeit, Grip und Pr\u00e4zision auf technischen und gut begehbaren Strecken bietet","og_url":"https:\/\/www.miomiorun.com\/de\/produkt\/zinal-3-damen\/","og_site_name":"MioMioRun","article_publisher":"https:\/\/www.facebook.com\/miomiorun\/","article_modified_time":"2026-05-09T13:10:21+00:00","og_image":[{"width":720,"height":720,"url":"https:\/\/www.miomiorun.com\/app\/uploads\/2026\/04\/hoka-Zinal-3-W-squid-ink-neon-yuzu-1171953-SNKN.webp","type":"image\/webp"}],"twitter_card":"summary_large_image","twitter_misc":{"Est. reading time":"1 minute"},"schema":{"@context":"https:\/\/schema.org","@graph":[{"@type":"WebPage","@id":"https:\/\/www.miomiorun.com\/de\/produkt\/zinal-3-damen\/","url":"https:\/\/www.miomiorun.com\/de\/produkt\/zinal-3-damen\/","name":"Hoka Zinal 3 damen - Trail-Schuhe - MioMioRun.com","isPartOf":{"@id":"https:\/\/www.miomiorun.com\/de\/#website"},"primaryImageOfPage":{"@id":"https:\/\/www.miomiorun.com\/de\/produkt\/zinal-3-damen\/#primaryimage"},"image":{"@id":"https:\/\/www.miomiorun.com\/de\/produkt\/zinal-3-damen\/#primaryimage"},"thumbnailUrl":"https:\/\/www.miomiorun.com\/app\/uploads\/2026\/04\/hoka-Zinal-3-W-squid-ink-neon-yuzu-1171953-SNKN.webp","datePublished":"2026-04-15T16:31:53+00:00","dateModified":"2026-05-09T13:10:21+00:00","description":"Ein leichter und reaktionsfreudiger Trailrunning-Schuh, der Geschwindigkeit, Grip und Pr\u00e4zision auf technischen und gut begehbaren Strecken bietet","breadcrumb":{"@id":"https:\/\/www.miomiorun.com\/de\/produkt\/zinal-3-damen\/#breadcrumb"},"inLanguage":"de-DE","potentialAction":[{"@type":"ReadAction","target":["https:\/\/www.miomiorun.com\/de\/produkt\/zinal-3-damen\/"]}]},{"@type":"ImageObject","inLanguage":"de-DE","@id":"https:\/\/www.miomiorun.com\/de\/produkt\/zinal-3-damen\/#primaryimage","url":"https:\/\/www.miomiorun.com\/app\/uploads\/2026\/04\/hoka-Zinal-3-W-squid-ink-neon-yuzu-1171953-SNKN.webp","contentUrl":"https:\/\/www.miomiorun.com\/app\/uploads\/2026\/04\/hoka-Zinal-3-W-squid-ink-neon-yuzu-1171953-SNKN.webp","width":720,"height":720,"caption":"hoka Zinal 3 W squid ink neon yuzu 1171953 SNKN"},{"@type":"BreadcrumbList","@id":"https:\/\/www.miomiorun.com\/de\/produkt\/zinal-3-damen\/#breadcrumb","itemListElement":[{"@type":"ListItem","position":1,"name":"Home","item":"https:\/\/www.miomiorun.com\/de\/"},{"@type":"ListItem","position":2,"name":"Shop","item":"https:\/\/www.miomiorun.com\/shop\/"},{"@type":"ListItem","position":3,"name":"Zinal 3 damen"}]},{"@type":"WebSite","@id":"https:\/\/www.miomiorun.com\/de\/#website","url":"https:\/\/www.miomiorun.com\/de\/","name":"MioMioRun","description":"100% Lauf- und Trailshop","publisher":{"@id":"https:\/\/www.miomiorun.com\/de\/#organization"},"potentialAction":[{"@type":"SearchAction","target":{"@type":"EntryPoint","urlTemplate":"https:\/\/www.miomiorun.com\/de\/?s={search_term_string}"},"query-input":{"@type":"PropertyValueSpecification","valueRequired":true,"valueName":"search_term_string"}}],"inLanguage":"de-DE"},{"@type":"Organization","@id":"https:\/\/www.miomiorun.com\/de\/#organization","name":"MioMio Run","url":"https:\/\/www.miomiorun.com\/de\/","logo":{"@type":"ImageObject","inLanguage":"de-DE","@id":"https:\/\/www.miomiorun.com\/de\/#\/schema\/logo\/image\/","url":"https:\/\/www.miomiorun.com\/app\/uploads\/2019\/12\/logomio.png","contentUrl":"https:\/\/www.miomiorun.com\/app\/uploads\/2019\/12\/logomio.png","width":115,"height":82,"caption":"MioMio Run"},"image":{"@id":"https:\/\/www.miomiorun.com\/de\/#\/schema\/logo\/image\/"},"sameAs":["https:\/\/www.facebook.com\/miomiorun\/","https:\/\/www.instagram.com\/miomiorun\/"]}]}},"_links":{"self":[{"href":"https:\/\/www.miomiorun.com\/de\/wp-json\/wp\/v2\/product\/430823","targetHints":{"allow":["GET"]}}],"collection":[{"href":"https:\/\/www.miomiorun.com\/de\/wp-json\/wp\/v2\/product"}],"about":[{"href":"https:\/\/www.miomiorun.com\/de\/wp-json\/wp\/v2\/types\/product"}],"wp:featuredmedia":[{"embeddable":true,"href":"https:\/\/www.miomiorun.com\/de\/wp-json\/wp\/v2\/media\/430924"}],"wp:attachment":[{"href":"https:\/\/www.miomiorun.com\/de\/wp-json\/wp\/v2\/media?parent=430823"}],"wp:term":[{"taxonomy":"product_brand","embeddable":true,"href":"https:\/\/www.miomiorun.com\/de\/wp-json\/wp\/v2\/product_brand?post=430823"},{"taxonomy":"product_cat","embeddable":true,"href":"https:\/\/www.miomiorun.com\/de\/wp-json\/wp\/v2\/product_cat?post=430823"},{"taxonomy":"product_tag","embeddable":true,"href":"https:\/\/www.miomiorun.com\/de\/wp-json\/wp\/v2\/product_tag?post=430823"}],"curies":[{"name":"wp","href":"https:\/\/api.w.org\/{rel}","templated":true}]}}