{"id":429182,"date":"2026-04-11T12:23:38","date_gmt":"2026-04-11T10:23:38","guid":{"rendered":"https:\/\/www.miomiorun.com\/?post_type=product&#038;p=429182"},"modified":"2026-04-29T12:14:24","modified_gmt":"2026-04-29T10:14:24","slug":"trail-crop-top-02-damen","status":"publish","type":"product","link":"https:\/\/www.miomiorun.com\/de\/produkt\/trail-crop-top-02-damen\/","title":{"rendered":"Trail Crop Top 02 damen"},"content":{"rendered":"<p data-start=\"26\" data-end=\"370\">Das <strong data-start=\"29\" data-end=\"50\">Trail Cropped Top<\/strong> wurde f\u00fcr L\u00e4uferinnen entwickelt, die eine Balance zwischen <strong data-start=\"108\" data-end=\"150\">Leistung, Funktionalit\u00e4t und Nachhaltigkeit<\/strong> suchen. Es besteht aus <strong data-start=\"167\" data-end=\"209\">85 % recyceltem Polyester und 15 % Elasthan<\/strong> (Futter: 87 % recyceltes Polyester und 13 % Elasthan) und bietet Elastizit\u00e4t und Komfort bei jeder Art von Training, vom Trailrunning bis hin zu hochintensiven Aktivit\u00e4ten.<\/p>\n<p data-start=\"372\" data-end=\"675\">Die Konstruktion ist darauf ausgelegt, die Bewegung zu begleiten: Der Stoff garantiert <strong data-start=\"448\" data-end=\"470\">Halt und Bewegungsfreiheit<\/strong>, w\u00e4hrend die etwas l\u00e4ngere Passform f\u00fcr ein Gef\u00fchl der Stabilit\u00e4t beim Laufen sorgt. Die <strong data-start=\"574\" data-end=\"606\">integrierten und herausnehmbaren Cups<\/strong> erm\u00f6glichen es, den Halt je nach Bedarf anzupassen.<\/p>\n<p data-start=\"677\" data-end=\"1051\">Funktional verf\u00fcgt es \u00fcber <strong data-start=\"716\" data-end=\"740\">3 strategisch platzierte Taschen<\/strong>: eine obere mit elastischem Schl\u00fcsselband f\u00fcr kleine Gegenst\u00e4nde und <strong data-start=\"803\" data-end=\"839\">zwei ger\u00e4umigere Seitentaschen<\/strong> f\u00fcr Gels oder Zubeh\u00f6r, damit du ohne Ablenkungen laufen kannst. Ein vielseitiges Kleidungsst\u00fcck, das dich bei jeder Art von Training begleitet, mit besonderem Augenmerk auf die Materialien und eine verantwortungsbewusste Herstellung.<\/p>\n","protected":false},"excerpt":{"rendered":"<ul>\n<li data-section-id=\"edc954\" data-start=\"1071\" data-end=\"1155\">Material aus <strong data-start=\"1085\" data-end=\"1113\">85 % recyceltem Polyester<\/strong> f\u00fcr Komfort, Elastizit\u00e4t und Nachhaltigkeit<\/li>\n<li data-section-id=\"7mjkpc\" data-start=\"1156\" data-end=\"1233\"><strong data-start=\"1158\" data-end=\"1180\">3 integrierte Taschen<\/strong> f\u00fcr Gels, Schl\u00fcssel und kleine Gegenst\u00e4nde beim Laufen<\/li>\n<li data-section-id=\"1l5l7qc\" data-start=\"1234\" data-end=\"1312\">Herausnehmbare Cups und stabiler Sitz f\u00fcr Halt und Bewegungsfreiheit<\/li>\n<\/ul>\n","protected":false},"featured_media":430535,"template":"","meta":{"_acf_changed":false,"inline_featured_image":false},"product_brand":[],"product_cat":[6401,6485,6342,6396,6398],"product_tag":[35956,35967],"class_list":{"0":"post-429182","1":"product","2":"type-product","3":"status-publish","4":"has-post-thumbnail","6":"product_cat-damenbekleidung","7":"product_cat-damenwaesche-de","8":"product_cat-zubehoer","9":"product_cat-taschen-und-guertel-de","10":"product_cat-taschen-de","11":"product_tag-nnormal-de","12":"product_tag-nnormal-damen-de","13":"pa_attivita-trail-de","14":"pa_colore-trail-crop-top-02-w-black","15":"pa_marca-nnormal-de","16":"pa_sesso-damen","17":"pa_size-extra-small-de","18":"pa_size-small-de","19":"pa_size-medium-de","21":"first","22":"instock","23":"taxable","24":"shipping-taxable","25":"purchasable","26":"product-type-variable","27":"wvs-archive-product-wrapper"},"acf":[],"yoast_head":"<!-- This site is optimized with the Yoast SEO plugin v26.8 - https:\/\/yoast.com\/product\/yoast-seo-wordpress\/ -->\n<title>NNormal Trail Crop Top 02 damen - Top-Trailrunnerin - MioMioRun<\/title>\n<meta name=\"description\" content=\"Trail-Cropped-Top f\u00fcr Damen aus recyceltem Polyester mit integrierten Taschen und herausnehmbaren Cups. Komfort und Funktionalit\u00e4t f\u00fcr Trail-L\u00e4ufe und Trainingseinheiten.\" \/>\n<meta name=\"robots\" content=\"index, follow, max-snippet:-1, max-image-preview:large, max-video-preview:-1\" \/>\n<link rel=\"canonical\" href=\"https:\/\/www.miomiorun.com\/de\/produkt\/trail-crop-top-02-damen\/\" \/>\n<meta property=\"og:locale\" content=\"de_DE\" \/>\n<meta property=\"og:type\" content=\"article\" \/>\n<meta property=\"og:title\" content=\"NNormal Trail Crop Top 02 damen - Top-Trailrunnerin - MioMioRun\" \/>\n<meta property=\"og:description\" content=\"Trail-Cropped-Top f\u00fcr Damen aus recyceltem Polyester mit integrierten Taschen und herausnehmbaren Cups. Komfort und Funktionalit\u00e4t f\u00fcr Trail-L\u00e4ufe und Trainingseinheiten.\" \/>\n<meta property=\"og:url\" content=\"https:\/\/www.miomiorun.com\/de\/produkt\/trail-crop-top-02-damen\/\" \/>\n<meta property=\"og:site_name\" content=\"MioMioRun\" \/>\n<meta property=\"article:publisher\" content=\"https:\/\/www.facebook.com\/miomiorun\/\" \/>\n<meta property=\"article:modified_time\" content=\"2026-04-29T10:14:24+00:00\" \/>\n<meta property=\"og:image\" content=\"https:\/\/www.miomiorun.com\/app\/uploads\/2026\/04\/Normal-Trail-Crop-Top-02-W-black-NC2CT1W-001.webp\" \/>\n\t<meta property=\"og:image:width\" content=\"720\" \/>\n\t<meta property=\"og:image:height\" content=\"720\" \/>\n\t<meta property=\"og:image:type\" content=\"image\/webp\" \/>\n<meta name=\"twitter:card\" content=\"summary_large_image\" \/>\n<meta name=\"twitter:label1\" content=\"Est. reading time\" \/>\n\t<meta name=\"twitter:data1\" content=\"1 minute\" \/>\n<script type=\"application\/ld+json\" class=\"yoast-schema-graph\">{\"@context\":\"https:\/\/schema.org\",\"@graph\":[{\"@type\":\"WebPage\",\"@id\":\"https:\/\/www.miomiorun.com\/de\/produkt\/trail-crop-top-02-damen\/\",\"url\":\"https:\/\/www.miomiorun.com\/de\/produkt\/trail-crop-top-02-damen\/\",\"name\":\"NNormal Trail Crop Top 02 damen - Top-Trailrunnerin - MioMioRun\",\"isPartOf\":{\"@id\":\"https:\/\/www.miomiorun.com\/de\/#website\"},\"primaryImageOfPage\":{\"@id\":\"https:\/\/www.miomiorun.com\/de\/produkt\/trail-crop-top-02-damen\/#primaryimage\"},\"image\":{\"@id\":\"https:\/\/www.miomiorun.com\/de\/produkt\/trail-crop-top-02-damen\/#primaryimage\"},\"thumbnailUrl\":\"https:\/\/www.miomiorun.com\/app\/uploads\/2026\/04\/Normal-Trail-Crop-Top-02-W-black-NC2CT1W-001.webp\",\"datePublished\":\"2026-04-11T10:23:38+00:00\",\"dateModified\":\"2026-04-29T10:14:24+00:00\",\"description\":\"Trail-Cropped-Top f\u00fcr Damen aus recyceltem Polyester mit integrierten Taschen und herausnehmbaren Cups. Komfort und Funktionalit\u00e4t f\u00fcr Trail-L\u00e4ufe und Trainingseinheiten.\",\"breadcrumb\":{\"@id\":\"https:\/\/www.miomiorun.com\/de\/produkt\/trail-crop-top-02-damen\/#breadcrumb\"},\"inLanguage\":\"de-DE\",\"potentialAction\":[{\"@type\":\"ReadAction\",\"target\":[\"https:\/\/www.miomiorun.com\/de\/produkt\/trail-crop-top-02-damen\/\"]}]},{\"@type\":\"ImageObject\",\"inLanguage\":\"de-DE\",\"@id\":\"https:\/\/www.miomiorun.com\/de\/produkt\/trail-crop-top-02-damen\/#primaryimage\",\"url\":\"https:\/\/www.miomiorun.com\/app\/uploads\/2026\/04\/Normal-Trail-Crop-Top-02-W-black-NC2CT1W-001.webp\",\"contentUrl\":\"https:\/\/www.miomiorun.com\/app\/uploads\/2026\/04\/Normal-Trail-Crop-Top-02-W-black-NC2CT1W-001.webp\",\"width\":720,\"height\":720,\"caption\":\"Normal Trail Crop Top 02 W black NC2CT1W-001\"},{\"@type\":\"BreadcrumbList\",\"@id\":\"https:\/\/www.miomiorun.com\/de\/produkt\/trail-crop-top-02-damen\/#breadcrumb\",\"itemListElement\":[{\"@type\":\"ListItem\",\"position\":1,\"name\":\"Home\",\"item\":\"https:\/\/www.miomiorun.com\/de\/\"},{\"@type\":\"ListItem\",\"position\":2,\"name\":\"Shop\",\"item\":\"https:\/\/www.miomiorun.com\/shop\/\"},{\"@type\":\"ListItem\",\"position\":3,\"name\":\"Trail Crop Top 02 damen\"}]},{\"@type\":\"WebSite\",\"@id\":\"https:\/\/www.miomiorun.com\/de\/#website\",\"url\":\"https:\/\/www.miomiorun.com\/de\/\",\"name\":\"MioMioRun\",\"description\":\"100% Lauf- und Trailshop\",\"publisher\":{\"@id\":\"https:\/\/www.miomiorun.com\/de\/#organization\"},\"potentialAction\":[{\"@type\":\"SearchAction\",\"target\":{\"@type\":\"EntryPoint\",\"urlTemplate\":\"https:\/\/www.miomiorun.com\/de\/?s={search_term_string}\"},\"query-input\":{\"@type\":\"PropertyValueSpecification\",\"valueRequired\":true,\"valueName\":\"search_term_string\"}}],\"inLanguage\":\"de-DE\"},{\"@type\":\"Organization\",\"@id\":\"https:\/\/www.miomiorun.com\/de\/#organization\",\"name\":\"MioMio Run\",\"url\":\"https:\/\/www.miomiorun.com\/de\/\",\"logo\":{\"@type\":\"ImageObject\",\"inLanguage\":\"de-DE\",\"@id\":\"https:\/\/www.miomiorun.com\/de\/#\/schema\/logo\/image\/\",\"url\":\"https:\/\/www.miomiorun.com\/app\/uploads\/2019\/12\/logomio.png\",\"contentUrl\":\"https:\/\/www.miomiorun.com\/app\/uploads\/2019\/12\/logomio.png\",\"width\":115,\"height\":82,\"caption\":\"MioMio Run\"},\"image\":{\"@id\":\"https:\/\/www.miomiorun.com\/de\/#\/schema\/logo\/image\/\"},\"sameAs\":[\"https:\/\/www.facebook.com\/miomiorun\/\",\"https:\/\/www.instagram.com\/miomiorun\/\"]}]}<\/script>\n<!-- \/ Yoast SEO plugin. -->","yoast_head_json":{"title":"NNormal Trail Crop Top 02 damen - Top-Trailrunnerin - MioMioRun","description":"Trail-Cropped-Top f\u00fcr Damen aus recyceltem Polyester mit integrierten Taschen und herausnehmbaren Cups. Komfort und Funktionalit\u00e4t f\u00fcr Trail-L\u00e4ufe und Trainingseinheiten.","robots":{"index":"index","follow":"follow","max-snippet":"max-snippet:-1","max-image-preview":"max-image-preview:large","max-video-preview":"max-video-preview:-1"},"canonical":"https:\/\/www.miomiorun.com\/de\/produkt\/trail-crop-top-02-damen\/","og_locale":"de_DE","og_type":"article","og_title":"NNormal Trail Crop Top 02 damen - Top-Trailrunnerin - MioMioRun","og_description":"Trail-Cropped-Top f\u00fcr Damen aus recyceltem Polyester mit integrierten Taschen und herausnehmbaren Cups. Komfort und Funktionalit\u00e4t f\u00fcr Trail-L\u00e4ufe und Trainingseinheiten.","og_url":"https:\/\/www.miomiorun.com\/de\/produkt\/trail-crop-top-02-damen\/","og_site_name":"MioMioRun","article_publisher":"https:\/\/www.facebook.com\/miomiorun\/","article_modified_time":"2026-04-29T10:14:24+00:00","og_image":[{"width":720,"height":720,"url":"https:\/\/www.miomiorun.com\/app\/uploads\/2026\/04\/Normal-Trail-Crop-Top-02-W-black-NC2CT1W-001.webp","type":"image\/webp"}],"twitter_card":"summary_large_image","twitter_misc":{"Est. reading time":"1 minute"},"schema":{"@context":"https:\/\/schema.org","@graph":[{"@type":"WebPage","@id":"https:\/\/www.miomiorun.com\/de\/produkt\/trail-crop-top-02-damen\/","url":"https:\/\/www.miomiorun.com\/de\/produkt\/trail-crop-top-02-damen\/","name":"NNormal Trail Crop Top 02 damen - Top-Trailrunnerin - MioMioRun","isPartOf":{"@id":"https:\/\/www.miomiorun.com\/de\/#website"},"primaryImageOfPage":{"@id":"https:\/\/www.miomiorun.com\/de\/produkt\/trail-crop-top-02-damen\/#primaryimage"},"image":{"@id":"https:\/\/www.miomiorun.com\/de\/produkt\/trail-crop-top-02-damen\/#primaryimage"},"thumbnailUrl":"https:\/\/www.miomiorun.com\/app\/uploads\/2026\/04\/Normal-Trail-Crop-Top-02-W-black-NC2CT1W-001.webp","datePublished":"2026-04-11T10:23:38+00:00","dateModified":"2026-04-29T10:14:24+00:00","description":"Trail-Cropped-Top f\u00fcr Damen aus recyceltem Polyester mit integrierten Taschen und herausnehmbaren Cups. Komfort und Funktionalit\u00e4t f\u00fcr Trail-L\u00e4ufe und Trainingseinheiten.","breadcrumb":{"@id":"https:\/\/www.miomiorun.com\/de\/produkt\/trail-crop-top-02-damen\/#breadcrumb"},"inLanguage":"de-DE","potentialAction":[{"@type":"ReadAction","target":["https:\/\/www.miomiorun.com\/de\/produkt\/trail-crop-top-02-damen\/"]}]},{"@type":"ImageObject","inLanguage":"de-DE","@id":"https:\/\/www.miomiorun.com\/de\/produkt\/trail-crop-top-02-damen\/#primaryimage","url":"https:\/\/www.miomiorun.com\/app\/uploads\/2026\/04\/Normal-Trail-Crop-Top-02-W-black-NC2CT1W-001.webp","contentUrl":"https:\/\/www.miomiorun.com\/app\/uploads\/2026\/04\/Normal-Trail-Crop-Top-02-W-black-NC2CT1W-001.webp","width":720,"height":720,"caption":"Normal Trail Crop Top 02 W black NC2CT1W-001"},{"@type":"BreadcrumbList","@id":"https:\/\/www.miomiorun.com\/de\/produkt\/trail-crop-top-02-damen\/#breadcrumb","itemListElement":[{"@type":"ListItem","position":1,"name":"Home","item":"https:\/\/www.miomiorun.com\/de\/"},{"@type":"ListItem","position":2,"name":"Shop","item":"https:\/\/www.miomiorun.com\/shop\/"},{"@type":"ListItem","position":3,"name":"Trail Crop Top 02 damen"}]},{"@type":"WebSite","@id":"https:\/\/www.miomiorun.com\/de\/#website","url":"https:\/\/www.miomiorun.com\/de\/","name":"MioMioRun","description":"100% Lauf- und Trailshop","publisher":{"@id":"https:\/\/www.miomiorun.com\/de\/#organization"},"potentialAction":[{"@type":"SearchAction","target":{"@type":"EntryPoint","urlTemplate":"https:\/\/www.miomiorun.com\/de\/?s={search_term_string}"},"query-input":{"@type":"PropertyValueSpecification","valueRequired":true,"valueName":"search_term_string"}}],"inLanguage":"de-DE"},{"@type":"Organization","@id":"https:\/\/www.miomiorun.com\/de\/#organization","name":"MioMio Run","url":"https:\/\/www.miomiorun.com\/de\/","logo":{"@type":"ImageObject","inLanguage":"de-DE","@id":"https:\/\/www.miomiorun.com\/de\/#\/schema\/logo\/image\/","url":"https:\/\/www.miomiorun.com\/app\/uploads\/2019\/12\/logomio.png","contentUrl":"https:\/\/www.miomiorun.com\/app\/uploads\/2019\/12\/logomio.png","width":115,"height":82,"caption":"MioMio Run"},"image":{"@id":"https:\/\/www.miomiorun.com\/de\/#\/schema\/logo\/image\/"},"sameAs":["https:\/\/www.facebook.com\/miomiorun\/","https:\/\/www.instagram.com\/miomiorun\/"]}]}},"_links":{"self":[{"href":"https:\/\/www.miomiorun.com\/de\/wp-json\/wp\/v2\/product\/429182","targetHints":{"allow":["GET"]}}],"collection":[{"href":"https:\/\/www.miomiorun.com\/de\/wp-json\/wp\/v2\/product"}],"about":[{"href":"https:\/\/www.miomiorun.com\/de\/wp-json\/wp\/v2\/types\/product"}],"wp:featuredmedia":[{"embeddable":true,"href":"https:\/\/www.miomiorun.com\/de\/wp-json\/wp\/v2\/media\/430535"}],"wp:attachment":[{"href":"https:\/\/www.miomiorun.com\/de\/wp-json\/wp\/v2\/media?parent=429182"}],"wp:term":[{"taxonomy":"product_brand","embeddable":true,"href":"https:\/\/www.miomiorun.com\/de\/wp-json\/wp\/v2\/product_brand?post=429182"},{"taxonomy":"product_cat","embeddable":true,"href":"https:\/\/www.miomiorun.com\/de\/wp-json\/wp\/v2\/product_cat?post=429182"},{"taxonomy":"product_tag","embeddable":true,"href":"https:\/\/www.miomiorun.com\/de\/wp-json\/wp\/v2\/product_tag?post=429182"}],"curies":[{"name":"wp","href":"https:\/\/api.w.org\/{rel}","templated":true}]}}