{"id":426680,"date":"2026-04-07T19:12:50","date_gmt":"2026-04-07T17:12:50","guid":{"rendered":"https:\/\/www.miomiorun.com\/?post_type=product&#038;p=426680"},"modified":"2026-05-08T12:07:40","modified_gmt":"2026-05-08T10:07:40","slug":"fuga-air-8-iv","status":"publish","type":"product","link":"https:\/\/www.miomiorun.com\/de\/produkt\/fuga-air-8-iv\/","title":{"rendered":"Fuga Air 8 IV"},"content":{"rendered":"<p data-start=\"26\" data-end=\"321\">Die <strong data-start=\"29\" data-end=\"53\">Kailas Fuga Air 8 IV<\/strong> ist eine Trailrunning-Weste, die entwickelt wurde, um <strong data-start=\"105\" data-end=\"155\">Leichtigkeit, Stabilit\u00e4t und optimale Organisation<\/strong> bei l\u00e4ngeren und technisch anspruchsvollen L\u00e4ufen zu bieten. Mit einem Gewicht von nur <strong data-start=\"217\" data-end=\"226\">220 g<\/strong> ist sie daf\u00fcr konzipiert, dich auf Trails, bei Marathons und beim leichten Trekking zu begleiten, ohne deinen Lauf zu beschweren. <\/p>\n<p data-start=\"323\" data-end=\"635\">Die Struktur mit <strong data-start=\"340\" data-end=\"353\">3D-Schnitt<\/strong> ist so konzipiert, dass die Last im oberen Bereich des Oberk\u00f6rpers positioniert wird, wodurch das Gewicht gleichm\u00e4\u00dfig verteilt und der Druck auf H\u00fcften und Unterk\u00f6rper reduziert wird. Das <strong data-start=\"531\" data-end=\"559\">ADF-System (All-round Dial Fit)<\/strong> mit Drehrad-Verstellung erm\u00f6glicht eine schnelle, pr\u00e4zise und individuelle Anpassung. <\/p>\n<p data-start=\"637\" data-end=\"985\">Das <strong data-start=\"648\" data-end=\"658\">BI-FIX-System<\/strong> wurde entwickelt, um die Bewegung von Fl\u00fcssigkeiten in den Trinkflaschen zu reduzieren, w\u00e4hrend die Struktur aus <strong data-start=\"743\" data-end=\"779\">hoch atmungsaktivem Mesh (90 %)<\/strong> auch bei intensiven Touren f\u00fcr Bel\u00fcftung und Komfort sorgt. Die Weste bietet <strong data-start=\"860\" data-end=\"875\">14 F\u00e4cher<\/strong> f\u00fcr eine \u00fcbersichtliche Aufbewahrung der Ausr\u00fcstung, darunter ein spezielles Fach f\u00fcr einen <strong data-start=\"975\" data-end=\"984\">1,5-Liter-Trinkrucksack<\/strong>.<\/p>\n<p data-start=\"987\" data-end=\"1272\">Komplett mit <strong data-start=\"999\" data-end=\"1024\">2 TPU-Trinkflaschen \u00e0 500 ml<\/strong> mit um 360\u00b0 drehbarem Ventil erm\u00f6glicht sie einen schnellen Zugriff auf Fl\u00fcssigkeit. Au\u00dferdem verf\u00fcgt der Rucksack \u00fcber <strong data-start=\"1123\" data-end=\"1150\">Stockhalterungen<\/strong>, reflektierende Details f\u00fcr bessere Sichtbarkeit und mit <strong data-start=\"1216\" data-end=\"1229\">Polygiene<\/strong> behandelte Materialien, die dazu beitragen, Ger\u00fcche und Bakterien zu reduzieren.<\/p>\n","protected":false},"excerpt":{"rendered":"<ul>\n<li data-section-id=\"1ei442y\" data-start=\"1292\" data-end=\"1371\"><strong data-start=\"1302\" data-end=\"1335\">ADF-System mit Drehregler<\/strong> f\u00fcr pr\u00e4zise und stabile Passform<\/li>\n<li data-section-id=\"1klyfsh\" data-start=\"1372\" data-end=\"1452\"><strong data-start=\"1384\" data-end=\"1399\">3D- und BI-FIX-Konstruktion<\/strong> f\u00fcr Gewichtsverteilung und Stabilit\u00e4t der Trinkflaschen<\/li>\n<li data-section-id=\"120s1bh\" data-start=\"1453\" data-end=\"1531\"><strong data-start=\"1455\" data-end=\"1496\">14 Taschen + 2 Trinkflaschen \u00e0 500 ml im Lieferumfang enthalten<\/strong> f\u00fcr Organisation und Fl\u00fcssigkeitszufuhr<\/li>\n<\/ul>\n","protected":false},"featured_media":428611,"template":"","meta":{"_acf_changed":false,"inline_featured_image":false},"product_brand":[],"product_cat":[6342,6396,6398],"product_tag":[41219],"class_list":{"0":"post-426680","1":"product","2":"type-product","3":"status-publish","4":"has-post-thumbnail","6":"product_cat-zubehoer","7":"product_cat-taschen-und-guertel-de","8":"product_cat-taschen-de","9":"product_tag-kailas","10":"pa_attivita-trail-de","11":"pa_colore-fuga-air-8-iv-fuga-orange","12":"pa_marca-kailas","13":"pa_sesso-damen","14":"pa_sesso-herren","15":"pa_size-small-de","16":"pa_size-medium-de","17":"pa_size-large-de","18":"pa_size-extra-large-de","20":"first","21":"instock","22":"taxable","23":"shipping-taxable","24":"purchasable","25":"product-type-variable","26":"wvs-archive-product-wrapper"},"acf":[],"yoast_head":"<!-- This site is optimized with the Yoast SEO plugin v26.8 - https:\/\/yoast.com\/product\/yoast-seo-wordpress\/ -->\n<title>Kailas Fuga Air 8 IV - Trailrunning-Weste - MioMioRun<\/title>\n<meta name=\"description\" content=\"Kailas Fuga Air 8 IV \u2013 leichte Trailrunning-Weste mit 14 Taschen und 2 mitgelieferten Trinkflaschen. ADF-System und 3D-Konstruktion f\u00fcr Stabilit\u00e4t und Komfort.\" \/>\n<meta name=\"robots\" content=\"index, follow, max-snippet:-1, max-image-preview:large, max-video-preview:-1\" \/>\n<link rel=\"canonical\" href=\"https:\/\/www.miomiorun.com\/de\/produkt\/fuga-air-8-iv\/\" \/>\n<meta property=\"og:locale\" content=\"de_DE\" \/>\n<meta property=\"og:type\" content=\"article\" \/>\n<meta property=\"og:title\" content=\"Kailas Fuga Air 8 IV - Trailrunning-Weste - MioMioRun\" \/>\n<meta property=\"og:description\" content=\"Kailas Fuga Air 8 IV \u2013 leichte Trailrunning-Weste mit 14 Taschen und 2 mitgelieferten Trinkflaschen. ADF-System und 3D-Konstruktion f\u00fcr Stabilit\u00e4t und Komfort.\" \/>\n<meta property=\"og:url\" content=\"https:\/\/www.miomiorun.com\/de\/produkt\/fuga-air-8-iv\/\" \/>\n<meta property=\"og:site_name\" content=\"MioMioRun\" \/>\n<meta property=\"article:publisher\" content=\"https:\/\/www.facebook.com\/miomiorun\/\" \/>\n<meta property=\"article:modified_time\" content=\"2026-05-08T10:07:40+00:00\" \/>\n<meta property=\"og:image\" content=\"https:\/\/www.miomiorun.com\/app\/uploads\/2026\/04\/kailas-Fuga-Air-8-IV-fuga-orange-KSKA2454006-18139.webp\" \/>\n\t<meta property=\"og:image:width\" content=\"720\" \/>\n\t<meta property=\"og:image:height\" content=\"720\" \/>\n\t<meta property=\"og:image:type\" content=\"image\/webp\" \/>\n<meta name=\"twitter:card\" content=\"summary_large_image\" \/>\n<meta name=\"twitter:label1\" content=\"Est. reading time\" \/>\n\t<meta name=\"twitter:data1\" content=\"1 minute\" \/>\n<script type=\"application\/ld+json\" class=\"yoast-schema-graph\">{\"@context\":\"https:\/\/schema.org\",\"@graph\":[{\"@type\":\"WebPage\",\"@id\":\"https:\/\/www.miomiorun.com\/de\/produkt\/fuga-air-8-iv\/\",\"url\":\"https:\/\/www.miomiorun.com\/de\/produkt\/fuga-air-8-iv\/\",\"name\":\"Kailas Fuga Air 8 IV - Trailrunning-Weste - MioMioRun\",\"isPartOf\":{\"@id\":\"https:\/\/www.miomiorun.com\/de\/#website\"},\"primaryImageOfPage\":{\"@id\":\"https:\/\/www.miomiorun.com\/de\/produkt\/fuga-air-8-iv\/#primaryimage\"},\"image\":{\"@id\":\"https:\/\/www.miomiorun.com\/de\/produkt\/fuga-air-8-iv\/#primaryimage\"},\"thumbnailUrl\":\"https:\/\/www.miomiorun.com\/app\/uploads\/2026\/04\/kailas-Fuga-Air-8-IV-fuga-orange-KSKA2454006-18139.webp\",\"datePublished\":\"2026-04-07T17:12:50+00:00\",\"dateModified\":\"2026-05-08T10:07:40+00:00\",\"description\":\"Kailas Fuga Air 8 IV \u2013 leichte Trailrunning-Weste mit 14 Taschen und 2 mitgelieferten Trinkflaschen. ADF-System und 3D-Konstruktion f\u00fcr Stabilit\u00e4t und Komfort.\",\"breadcrumb\":{\"@id\":\"https:\/\/www.miomiorun.com\/de\/produkt\/fuga-air-8-iv\/#breadcrumb\"},\"inLanguage\":\"de-DE\",\"potentialAction\":[{\"@type\":\"ReadAction\",\"target\":[\"https:\/\/www.miomiorun.com\/de\/produkt\/fuga-air-8-iv\/\"]}]},{\"@type\":\"ImageObject\",\"inLanguage\":\"de-DE\",\"@id\":\"https:\/\/www.miomiorun.com\/de\/produkt\/fuga-air-8-iv\/#primaryimage\",\"url\":\"https:\/\/www.miomiorun.com\/app\/uploads\/2026\/04\/kailas-Fuga-Air-8-IV-fuga-orange-KSKA2454006-18139.webp\",\"contentUrl\":\"https:\/\/www.miomiorun.com\/app\/uploads\/2026\/04\/kailas-Fuga-Air-8-IV-fuga-orange-KSKA2454006-18139.webp\",\"width\":720,\"height\":720,\"caption\":\"kailas Fuga Air 8 IV fuga orange KSKA2454006-18139\"},{\"@type\":\"BreadcrumbList\",\"@id\":\"https:\/\/www.miomiorun.com\/de\/produkt\/fuga-air-8-iv\/#breadcrumb\",\"itemListElement\":[{\"@type\":\"ListItem\",\"position\":1,\"name\":\"Home\",\"item\":\"https:\/\/www.miomiorun.com\/de\/\"},{\"@type\":\"ListItem\",\"position\":2,\"name\":\"Shop\",\"item\":\"https:\/\/www.miomiorun.com\/shop\/\"},{\"@type\":\"ListItem\",\"position\":3,\"name\":\"Fuga Air 8 IV\"}]},{\"@type\":\"WebSite\",\"@id\":\"https:\/\/www.miomiorun.com\/de\/#website\",\"url\":\"https:\/\/www.miomiorun.com\/de\/\",\"name\":\"MioMioRun\",\"description\":\"100% Lauf- und Trailshop\",\"publisher\":{\"@id\":\"https:\/\/www.miomiorun.com\/de\/#organization\"},\"potentialAction\":[{\"@type\":\"SearchAction\",\"target\":{\"@type\":\"EntryPoint\",\"urlTemplate\":\"https:\/\/www.miomiorun.com\/de\/?s={search_term_string}\"},\"query-input\":{\"@type\":\"PropertyValueSpecification\",\"valueRequired\":true,\"valueName\":\"search_term_string\"}}],\"inLanguage\":\"de-DE\"},{\"@type\":\"Organization\",\"@id\":\"https:\/\/www.miomiorun.com\/de\/#organization\",\"name\":\"MioMio Run\",\"url\":\"https:\/\/www.miomiorun.com\/de\/\",\"logo\":{\"@type\":\"ImageObject\",\"inLanguage\":\"de-DE\",\"@id\":\"https:\/\/www.miomiorun.com\/de\/#\/schema\/logo\/image\/\",\"url\":\"https:\/\/www.miomiorun.com\/app\/uploads\/2019\/12\/logomio.png\",\"contentUrl\":\"https:\/\/www.miomiorun.com\/app\/uploads\/2019\/12\/logomio.png\",\"width\":115,\"height\":82,\"caption\":\"MioMio Run\"},\"image\":{\"@id\":\"https:\/\/www.miomiorun.com\/de\/#\/schema\/logo\/image\/\"},\"sameAs\":[\"https:\/\/www.facebook.com\/miomiorun\/\",\"https:\/\/www.instagram.com\/miomiorun\/\"]}]}<\/script>\n<!-- \/ Yoast SEO plugin. -->","yoast_head_json":{"title":"Kailas Fuga Air 8 IV - Trailrunning-Weste - MioMioRun","description":"Kailas Fuga Air 8 IV \u2013 leichte Trailrunning-Weste mit 14 Taschen und 2 mitgelieferten Trinkflaschen. ADF-System und 3D-Konstruktion f\u00fcr Stabilit\u00e4t und Komfort.","robots":{"index":"index","follow":"follow","max-snippet":"max-snippet:-1","max-image-preview":"max-image-preview:large","max-video-preview":"max-video-preview:-1"},"canonical":"https:\/\/www.miomiorun.com\/de\/produkt\/fuga-air-8-iv\/","og_locale":"de_DE","og_type":"article","og_title":"Kailas Fuga Air 8 IV - Trailrunning-Weste - MioMioRun","og_description":"Kailas Fuga Air 8 IV \u2013 leichte Trailrunning-Weste mit 14 Taschen und 2 mitgelieferten Trinkflaschen. ADF-System und 3D-Konstruktion f\u00fcr Stabilit\u00e4t und Komfort.","og_url":"https:\/\/www.miomiorun.com\/de\/produkt\/fuga-air-8-iv\/","og_site_name":"MioMioRun","article_publisher":"https:\/\/www.facebook.com\/miomiorun\/","article_modified_time":"2026-05-08T10:07:40+00:00","og_image":[{"width":720,"height":720,"url":"https:\/\/www.miomiorun.com\/app\/uploads\/2026\/04\/kailas-Fuga-Air-8-IV-fuga-orange-KSKA2454006-18139.webp","type":"image\/webp"}],"twitter_card":"summary_large_image","twitter_misc":{"Est. reading time":"1 minute"},"schema":{"@context":"https:\/\/schema.org","@graph":[{"@type":"WebPage","@id":"https:\/\/www.miomiorun.com\/de\/produkt\/fuga-air-8-iv\/","url":"https:\/\/www.miomiorun.com\/de\/produkt\/fuga-air-8-iv\/","name":"Kailas Fuga Air 8 IV - Trailrunning-Weste - MioMioRun","isPartOf":{"@id":"https:\/\/www.miomiorun.com\/de\/#website"},"primaryImageOfPage":{"@id":"https:\/\/www.miomiorun.com\/de\/produkt\/fuga-air-8-iv\/#primaryimage"},"image":{"@id":"https:\/\/www.miomiorun.com\/de\/produkt\/fuga-air-8-iv\/#primaryimage"},"thumbnailUrl":"https:\/\/www.miomiorun.com\/app\/uploads\/2026\/04\/kailas-Fuga-Air-8-IV-fuga-orange-KSKA2454006-18139.webp","datePublished":"2026-04-07T17:12:50+00:00","dateModified":"2026-05-08T10:07:40+00:00","description":"Kailas Fuga Air 8 IV \u2013 leichte Trailrunning-Weste mit 14 Taschen und 2 mitgelieferten Trinkflaschen. ADF-System und 3D-Konstruktion f\u00fcr Stabilit\u00e4t und Komfort.","breadcrumb":{"@id":"https:\/\/www.miomiorun.com\/de\/produkt\/fuga-air-8-iv\/#breadcrumb"},"inLanguage":"de-DE","potentialAction":[{"@type":"ReadAction","target":["https:\/\/www.miomiorun.com\/de\/produkt\/fuga-air-8-iv\/"]}]},{"@type":"ImageObject","inLanguage":"de-DE","@id":"https:\/\/www.miomiorun.com\/de\/produkt\/fuga-air-8-iv\/#primaryimage","url":"https:\/\/www.miomiorun.com\/app\/uploads\/2026\/04\/kailas-Fuga-Air-8-IV-fuga-orange-KSKA2454006-18139.webp","contentUrl":"https:\/\/www.miomiorun.com\/app\/uploads\/2026\/04\/kailas-Fuga-Air-8-IV-fuga-orange-KSKA2454006-18139.webp","width":720,"height":720,"caption":"kailas Fuga Air 8 IV fuga orange KSKA2454006-18139"},{"@type":"BreadcrumbList","@id":"https:\/\/www.miomiorun.com\/de\/produkt\/fuga-air-8-iv\/#breadcrumb","itemListElement":[{"@type":"ListItem","position":1,"name":"Home","item":"https:\/\/www.miomiorun.com\/de\/"},{"@type":"ListItem","position":2,"name":"Shop","item":"https:\/\/www.miomiorun.com\/shop\/"},{"@type":"ListItem","position":3,"name":"Fuga Air 8 IV"}]},{"@type":"WebSite","@id":"https:\/\/www.miomiorun.com\/de\/#website","url":"https:\/\/www.miomiorun.com\/de\/","name":"MioMioRun","description":"100% Lauf- und Trailshop","publisher":{"@id":"https:\/\/www.miomiorun.com\/de\/#organization"},"potentialAction":[{"@type":"SearchAction","target":{"@type":"EntryPoint","urlTemplate":"https:\/\/www.miomiorun.com\/de\/?s={search_term_string}"},"query-input":{"@type":"PropertyValueSpecification","valueRequired":true,"valueName":"search_term_string"}}],"inLanguage":"de-DE"},{"@type":"Organization","@id":"https:\/\/www.miomiorun.com\/de\/#organization","name":"MioMio Run","url":"https:\/\/www.miomiorun.com\/de\/","logo":{"@type":"ImageObject","inLanguage":"de-DE","@id":"https:\/\/www.miomiorun.com\/de\/#\/schema\/logo\/image\/","url":"https:\/\/www.miomiorun.com\/app\/uploads\/2019\/12\/logomio.png","contentUrl":"https:\/\/www.miomiorun.com\/app\/uploads\/2019\/12\/logomio.png","width":115,"height":82,"caption":"MioMio Run"},"image":{"@id":"https:\/\/www.miomiorun.com\/de\/#\/schema\/logo\/image\/"},"sameAs":["https:\/\/www.facebook.com\/miomiorun\/","https:\/\/www.instagram.com\/miomiorun\/"]}]}},"_links":{"self":[{"href":"https:\/\/www.miomiorun.com\/de\/wp-json\/wp\/v2\/product\/426680","targetHints":{"allow":["GET"]}}],"collection":[{"href":"https:\/\/www.miomiorun.com\/de\/wp-json\/wp\/v2\/product"}],"about":[{"href":"https:\/\/www.miomiorun.com\/de\/wp-json\/wp\/v2\/types\/product"}],"wp:featuredmedia":[{"embeddable":true,"href":"https:\/\/www.miomiorun.com\/de\/wp-json\/wp\/v2\/media\/428611"}],"wp:attachment":[{"href":"https:\/\/www.miomiorun.com\/de\/wp-json\/wp\/v2\/media?parent=426680"}],"wp:term":[{"taxonomy":"product_brand","embeddable":true,"href":"https:\/\/www.miomiorun.com\/de\/wp-json\/wp\/v2\/product_brand?post=426680"},{"taxonomy":"product_cat","embeddable":true,"href":"https:\/\/www.miomiorun.com\/de\/wp-json\/wp\/v2\/product_cat?post=426680"},{"taxonomy":"product_tag","embeddable":true,"href":"https:\/\/www.miomiorun.com\/de\/wp-json\/wp\/v2\/product_tag?post=426680"}],"curies":[{"name":"wp","href":"https:\/\/api.w.org\/{rel}","templated":true}]}}