{"id":426661,"date":"2026-04-07T19:12:30","date_gmt":"2026-04-07T17:12:30","guid":{"rendered":"https:\/\/www.miomiorun.com\/?post_type=product&#038;p=426661"},"modified":"2026-04-29T12:06:43","modified_gmt":"2026-04-29T10:06:43","slug":"fuga-soft-flask-500ml","status":"publish","type":"product","link":"https:\/\/www.miomiorun.com\/de\/produkt\/fuga-soft-flask-500ml\/","title":{"rendered":"Fuga Soft Flask 500ml"},"content":{"rendered":"<div class=\"pdp-gap-m\">\n<p>Diese <strong data-start=\"33\" data-end=\"57\">500-ml-Softflasche<\/strong> wurde entwickelt, um dich beim Trailrunning, Wandern und Laufen zu begleiten, und bietet dir bei jedem Ausflug Komfort und Leichtigkeit. Dank ihrer <strong data-start=\"194\" data-end=\"218\">weichen und flexiblen Struktur<\/strong> l\u00e4sst sie sich im leeren Zustand leicht zusammenfalten, wodurch sie weniger Platz einnimmt und sich leichter transportieren l\u00e4sst.<\/p>\n<\/div>\n<p data-start=\"319\" data-end=\"562\">Sie besteht aus <strong data-start=\"344\" data-end=\"379\">umweltfreundlichen, BPA- und PVC-freien Materialien<\/strong> und ist f\u00fcr den sicheren Einsatz beim Sport konzipiert. Das <strong data-start=\"446\" data-end=\"473\">auslaufsichere Bite-Ventil<\/strong> erm\u00f6glicht ein einfaches und hygienisches Trinken und verhindert das Auslaufen w\u00e4hrend der Bewegung.<\/p>\n<p data-start=\"564\" data-end=\"751\">Kompakt und leicht, fasst sie bis zu <strong data-start=\"605\" data-end=\"615\">500 ml<\/strong> Fl\u00fcssigkeit und eignet sich auch f\u00fcr Getr\u00e4nke bis zu <strong data-start=\"664\" data-end=\"672\">50 \u00b0C<\/strong>, was sie zu einer vielseitigen L\u00f6sung f\u00fcr verschiedene Bedingungen und Outdoor-Anwendungen macht.<\/p>\n<p>&nbsp;<\/p>\n<p>&nbsp;<\/p>\n","protected":false},"excerpt":{"rendered":"<ul>\n<li data-section-id=\"102noxt\" data-start=\"771\" data-end=\"838\">Fassungsverm\u00f6gen <strong data-start=\"782\" data-end=\"792\">500 ml<\/strong> mit weichem, leicht zusammenfaltbarem Design<\/li>\n<li data-section-id=\"tk5db5\" data-start=\"839\" data-end=\"911\">Ventil <strong data-start=\"849\" data-end=\"868\">auslaufsicher<\/strong> f\u00fcr praktisches Trinken ohne Versch\u00fctten<\/li>\n<li data-section-id=\"1a1yl0b\" data-start=\"912\" data-end=\"975\">Materialien <strong data-start=\"924\" data-end=\"943\">frei von BPA und PVC<\/strong>, f\u00fcr den Sport geeignet<\/li>\n<\/ul>\n","protected":false},"featured_media":428630,"template":"","meta":{"_acf_changed":false,"inline_featured_image":false},"product_brand":[],"product_cat":[6342,6361,6363],"product_tag":[41219],"class_list":{"0":"post-426661","1":"product","2":"type-product","3":"status-publish","4":"has-post-thumbnail","6":"product_cat-zubehoer","7":"product_cat-hydratation-de","8":"product_cat-flaschen-de","9":"product_tag-kailas","10":"pa_attivita-outdoor-de","11":"pa_attivita-trail-de","12":"pa_marca-kailas","13":"pa_sesso-damen","14":"pa_sesso-herren","16":"first","17":"instock","18":"taxable","19":"shipping-taxable","20":"purchasable","21":"product-type-simple"},"acf":[],"yoast_head":"<!-- This site is optimized with the Yoast SEO plugin v26.8 - https:\/\/yoast.com\/product\/yoast-seo-wordpress\/ -->\n<title>Kailas Fuga Soft Flask 500ml - Lauftrinkflasche - MioMioRun<\/title>\n<meta name=\"description\" content=\"Leichte, faltbare 500-ml-Trinkblase mit auslaufsicherem Ventil. BPA- und PVC-frei, ideal f\u00fcr Trailrunning, Wandern und Laufen.\" \/>\n<meta name=\"robots\" content=\"index, follow, max-snippet:-1, max-image-preview:large, max-video-preview:-1\" \/>\n<link rel=\"canonical\" href=\"https:\/\/www.miomiorun.com\/de\/produkt\/fuga-soft-flask-500ml\/\" \/>\n<meta property=\"og:locale\" content=\"de_DE\" \/>\n<meta property=\"og:type\" content=\"article\" \/>\n<meta property=\"og:title\" content=\"Kailas Fuga Soft Flask 500ml - Lauftrinkflasche - MioMioRun\" \/>\n<meta property=\"og:description\" content=\"Leichte, faltbare 500-ml-Trinkblase mit auslaufsicherem Ventil. BPA- und PVC-frei, ideal f\u00fcr Trailrunning, Wandern und Laufen.\" \/>\n<meta property=\"og:url\" content=\"https:\/\/www.miomiorun.com\/de\/produkt\/fuga-soft-flask-500ml\/\" \/>\n<meta property=\"og:site_name\" content=\"MioMioRun\" \/>\n<meta property=\"article:publisher\" content=\"https:\/\/www.facebook.com\/miomiorun\/\" \/>\n<meta property=\"article:modified_time\" content=\"2026-04-29T10:06:43+00:00\" \/>\n<meta property=\"og:image\" content=\"https:\/\/www.miomiorun.com\/app\/uploads\/2026\/04\/kailas-Fuga-Soft-Flask-500ml-grey-KSKD2503109-15023.webp\" \/>\n\t<meta property=\"og:image:width\" content=\"720\" \/>\n\t<meta property=\"og:image:height\" content=\"720\" \/>\n\t<meta property=\"og:image:type\" content=\"image\/webp\" \/>\n<meta name=\"twitter:card\" content=\"summary_large_image\" \/>\n<meta name=\"twitter:label1\" content=\"Est. reading time\" \/>\n\t<meta name=\"twitter:data1\" content=\"1 minute\" \/>\n<script type=\"application\/ld+json\" class=\"yoast-schema-graph\">{\"@context\":\"https:\/\/schema.org\",\"@graph\":[{\"@type\":\"WebPage\",\"@id\":\"https:\/\/www.miomiorun.com\/de\/produkt\/fuga-soft-flask-500ml\/\",\"url\":\"https:\/\/www.miomiorun.com\/de\/produkt\/fuga-soft-flask-500ml\/\",\"name\":\"Kailas Fuga Soft Flask 500ml - Lauftrinkflasche - MioMioRun\",\"isPartOf\":{\"@id\":\"https:\/\/www.miomiorun.com\/de\/#website\"},\"primaryImageOfPage\":{\"@id\":\"https:\/\/www.miomiorun.com\/de\/produkt\/fuga-soft-flask-500ml\/#primaryimage\"},\"image\":{\"@id\":\"https:\/\/www.miomiorun.com\/de\/produkt\/fuga-soft-flask-500ml\/#primaryimage\"},\"thumbnailUrl\":\"https:\/\/www.miomiorun.com\/app\/uploads\/2026\/04\/kailas-Fuga-Soft-Flask-500ml-grey-KSKD2503109-15023.webp\",\"datePublished\":\"2026-04-07T17:12:30+00:00\",\"dateModified\":\"2026-04-29T10:06:43+00:00\",\"description\":\"Leichte, faltbare 500-ml-Trinkblase mit auslaufsicherem Ventil. BPA- und PVC-frei, ideal f\u00fcr Trailrunning, Wandern und Laufen.\",\"breadcrumb\":{\"@id\":\"https:\/\/www.miomiorun.com\/de\/produkt\/fuga-soft-flask-500ml\/#breadcrumb\"},\"inLanguage\":\"de-DE\",\"potentialAction\":[{\"@type\":\"ReadAction\",\"target\":[\"https:\/\/www.miomiorun.com\/de\/produkt\/fuga-soft-flask-500ml\/\"]}]},{\"@type\":\"ImageObject\",\"inLanguage\":\"de-DE\",\"@id\":\"https:\/\/www.miomiorun.com\/de\/produkt\/fuga-soft-flask-500ml\/#primaryimage\",\"url\":\"https:\/\/www.miomiorun.com\/app\/uploads\/2026\/04\/kailas-Fuga-Soft-Flask-500ml-grey-KSKD2503109-15023.webp\",\"contentUrl\":\"https:\/\/www.miomiorun.com\/app\/uploads\/2026\/04\/kailas-Fuga-Soft-Flask-500ml-grey-KSKD2503109-15023.webp\",\"width\":720,\"height\":720,\"caption\":\"kailas Fuga Soft Flask 500ml grey KSKD2503109-15023\"},{\"@type\":\"BreadcrumbList\",\"@id\":\"https:\/\/www.miomiorun.com\/de\/produkt\/fuga-soft-flask-500ml\/#breadcrumb\",\"itemListElement\":[{\"@type\":\"ListItem\",\"position\":1,\"name\":\"Home\",\"item\":\"https:\/\/www.miomiorun.com\/de\/\"},{\"@type\":\"ListItem\",\"position\":2,\"name\":\"Shop\",\"item\":\"https:\/\/www.miomiorun.com\/shop\/\"},{\"@type\":\"ListItem\",\"position\":3,\"name\":\"Fuga Soft Flask 500ml\"}]},{\"@type\":\"WebSite\",\"@id\":\"https:\/\/www.miomiorun.com\/de\/#website\",\"url\":\"https:\/\/www.miomiorun.com\/de\/\",\"name\":\"MioMioRun\",\"description\":\"100% Lauf- und Trailshop\",\"publisher\":{\"@id\":\"https:\/\/www.miomiorun.com\/de\/#organization\"},\"potentialAction\":[{\"@type\":\"SearchAction\",\"target\":{\"@type\":\"EntryPoint\",\"urlTemplate\":\"https:\/\/www.miomiorun.com\/de\/?s={search_term_string}\"},\"query-input\":{\"@type\":\"PropertyValueSpecification\",\"valueRequired\":true,\"valueName\":\"search_term_string\"}}],\"inLanguage\":\"de-DE\"},{\"@type\":\"Organization\",\"@id\":\"https:\/\/www.miomiorun.com\/de\/#organization\",\"name\":\"MioMio Run\",\"url\":\"https:\/\/www.miomiorun.com\/de\/\",\"logo\":{\"@type\":\"ImageObject\",\"inLanguage\":\"de-DE\",\"@id\":\"https:\/\/www.miomiorun.com\/de\/#\/schema\/logo\/image\/\",\"url\":\"https:\/\/www.miomiorun.com\/app\/uploads\/2019\/12\/logomio.png\",\"contentUrl\":\"https:\/\/www.miomiorun.com\/app\/uploads\/2019\/12\/logomio.png\",\"width\":115,\"height\":82,\"caption\":\"MioMio Run\"},\"image\":{\"@id\":\"https:\/\/www.miomiorun.com\/de\/#\/schema\/logo\/image\/\"},\"sameAs\":[\"https:\/\/www.facebook.com\/miomiorun\/\",\"https:\/\/www.instagram.com\/miomiorun\/\"]}]}<\/script>\n<!-- \/ Yoast SEO plugin. -->","yoast_head_json":{"title":"Kailas Fuga Soft Flask 500ml - Lauftrinkflasche - MioMioRun","description":"Leichte, faltbare 500-ml-Trinkblase mit auslaufsicherem Ventil. BPA- und PVC-frei, ideal f\u00fcr Trailrunning, Wandern und Laufen.","robots":{"index":"index","follow":"follow","max-snippet":"max-snippet:-1","max-image-preview":"max-image-preview:large","max-video-preview":"max-video-preview:-1"},"canonical":"https:\/\/www.miomiorun.com\/de\/produkt\/fuga-soft-flask-500ml\/","og_locale":"de_DE","og_type":"article","og_title":"Kailas Fuga Soft Flask 500ml - Lauftrinkflasche - MioMioRun","og_description":"Leichte, faltbare 500-ml-Trinkblase mit auslaufsicherem Ventil. BPA- und PVC-frei, ideal f\u00fcr Trailrunning, Wandern und Laufen.","og_url":"https:\/\/www.miomiorun.com\/de\/produkt\/fuga-soft-flask-500ml\/","og_site_name":"MioMioRun","article_publisher":"https:\/\/www.facebook.com\/miomiorun\/","article_modified_time":"2026-04-29T10:06:43+00:00","og_image":[{"width":720,"height":720,"url":"https:\/\/www.miomiorun.com\/app\/uploads\/2026\/04\/kailas-Fuga-Soft-Flask-500ml-grey-KSKD2503109-15023.webp","type":"image\/webp"}],"twitter_card":"summary_large_image","twitter_misc":{"Est. reading time":"1 minute"},"schema":{"@context":"https:\/\/schema.org","@graph":[{"@type":"WebPage","@id":"https:\/\/www.miomiorun.com\/de\/produkt\/fuga-soft-flask-500ml\/","url":"https:\/\/www.miomiorun.com\/de\/produkt\/fuga-soft-flask-500ml\/","name":"Kailas Fuga Soft Flask 500ml - Lauftrinkflasche - MioMioRun","isPartOf":{"@id":"https:\/\/www.miomiorun.com\/de\/#website"},"primaryImageOfPage":{"@id":"https:\/\/www.miomiorun.com\/de\/produkt\/fuga-soft-flask-500ml\/#primaryimage"},"image":{"@id":"https:\/\/www.miomiorun.com\/de\/produkt\/fuga-soft-flask-500ml\/#primaryimage"},"thumbnailUrl":"https:\/\/www.miomiorun.com\/app\/uploads\/2026\/04\/kailas-Fuga-Soft-Flask-500ml-grey-KSKD2503109-15023.webp","datePublished":"2026-04-07T17:12:30+00:00","dateModified":"2026-04-29T10:06:43+00:00","description":"Leichte, faltbare 500-ml-Trinkblase mit auslaufsicherem Ventil. BPA- und PVC-frei, ideal f\u00fcr Trailrunning, Wandern und Laufen.","breadcrumb":{"@id":"https:\/\/www.miomiorun.com\/de\/produkt\/fuga-soft-flask-500ml\/#breadcrumb"},"inLanguage":"de-DE","potentialAction":[{"@type":"ReadAction","target":["https:\/\/www.miomiorun.com\/de\/produkt\/fuga-soft-flask-500ml\/"]}]},{"@type":"ImageObject","inLanguage":"de-DE","@id":"https:\/\/www.miomiorun.com\/de\/produkt\/fuga-soft-flask-500ml\/#primaryimage","url":"https:\/\/www.miomiorun.com\/app\/uploads\/2026\/04\/kailas-Fuga-Soft-Flask-500ml-grey-KSKD2503109-15023.webp","contentUrl":"https:\/\/www.miomiorun.com\/app\/uploads\/2026\/04\/kailas-Fuga-Soft-Flask-500ml-grey-KSKD2503109-15023.webp","width":720,"height":720,"caption":"kailas Fuga Soft Flask 500ml grey KSKD2503109-15023"},{"@type":"BreadcrumbList","@id":"https:\/\/www.miomiorun.com\/de\/produkt\/fuga-soft-flask-500ml\/#breadcrumb","itemListElement":[{"@type":"ListItem","position":1,"name":"Home","item":"https:\/\/www.miomiorun.com\/de\/"},{"@type":"ListItem","position":2,"name":"Shop","item":"https:\/\/www.miomiorun.com\/shop\/"},{"@type":"ListItem","position":3,"name":"Fuga Soft Flask 500ml"}]},{"@type":"WebSite","@id":"https:\/\/www.miomiorun.com\/de\/#website","url":"https:\/\/www.miomiorun.com\/de\/","name":"MioMioRun","description":"100% Lauf- und Trailshop","publisher":{"@id":"https:\/\/www.miomiorun.com\/de\/#organization"},"potentialAction":[{"@type":"SearchAction","target":{"@type":"EntryPoint","urlTemplate":"https:\/\/www.miomiorun.com\/de\/?s={search_term_string}"},"query-input":{"@type":"PropertyValueSpecification","valueRequired":true,"valueName":"search_term_string"}}],"inLanguage":"de-DE"},{"@type":"Organization","@id":"https:\/\/www.miomiorun.com\/de\/#organization","name":"MioMio Run","url":"https:\/\/www.miomiorun.com\/de\/","logo":{"@type":"ImageObject","inLanguage":"de-DE","@id":"https:\/\/www.miomiorun.com\/de\/#\/schema\/logo\/image\/","url":"https:\/\/www.miomiorun.com\/app\/uploads\/2019\/12\/logomio.png","contentUrl":"https:\/\/www.miomiorun.com\/app\/uploads\/2019\/12\/logomio.png","width":115,"height":82,"caption":"MioMio Run"},"image":{"@id":"https:\/\/www.miomiorun.com\/de\/#\/schema\/logo\/image\/"},"sameAs":["https:\/\/www.facebook.com\/miomiorun\/","https:\/\/www.instagram.com\/miomiorun\/"]}]}},"_links":{"self":[{"href":"https:\/\/www.miomiorun.com\/de\/wp-json\/wp\/v2\/product\/426661","targetHints":{"allow":["GET"]}}],"collection":[{"href":"https:\/\/www.miomiorun.com\/de\/wp-json\/wp\/v2\/product"}],"about":[{"href":"https:\/\/www.miomiorun.com\/de\/wp-json\/wp\/v2\/types\/product"}],"wp:featuredmedia":[{"embeddable":true,"href":"https:\/\/www.miomiorun.com\/de\/wp-json\/wp\/v2\/media\/428630"}],"wp:attachment":[{"href":"https:\/\/www.miomiorun.com\/de\/wp-json\/wp\/v2\/media?parent=426661"}],"wp:term":[{"taxonomy":"product_brand","embeddable":true,"href":"https:\/\/www.miomiorun.com\/de\/wp-json\/wp\/v2\/product_brand?post=426661"},{"taxonomy":"product_cat","embeddable":true,"href":"https:\/\/www.miomiorun.com\/de\/wp-json\/wp\/v2\/product_cat?post=426661"},{"taxonomy":"product_tag","embeddable":true,"href":"https:\/\/www.miomiorun.com\/de\/wp-json\/wp\/v2\/product_tag?post=426661"}],"curies":[{"name":"wp","href":"https:\/\/api.w.org\/{rel}","templated":true}]}}