{"id":426604,"date":"2026-04-07T19:11:26","date_gmt":"2026-04-07T17:11:26","guid":{"rendered":"https:\/\/www.miomiorun.com\/?post_type=product&#038;p=426604"},"modified":"2026-05-09T14:57:07","modified_gmt":"2026-05-09T12:57:07","slug":"fuga-ex-3-damen","status":"publish","type":"product","link":"https:\/\/www.miomiorun.com\/de\/produkt\/fuga-ex-3-damen\/","title":{"rendered":"Fuga EX 3 damen"},"content":{"rendered":"<table style=\"border-collapse: collapse;width: 100%\">\n<tbody>\n<tr>\n<td style=\"width: 33.333%;vertical-align: top\"><strong>Technische Daten<\/strong><\/p>\n<p>Kategorie: erstklassige D\u00e4mpfung<br \/>\nSprengung: 8 mm (28 mm\/36 mm)<br \/>\nGewicht: 275 g<br \/>\nIdeal f\u00fcr: Trailrunner, die ein leichtes, gut ged\u00e4mpftes und sch\u00fctzendes Modell suchen, das auch auf l\u00e4ngeren Strecken maximalen Komfort bietet.<br \/>\nGewicht des L\u00e4ufers: 50\u201370 kg<br \/>\nLauftempo: mittel bis schnell (4:30\u20136:00 min\/km)<br \/>\n<a href=\"https:\/\/miomiorun.com\/guida-alle-specifiche-tecniche\/\">Leitfaden zu den technischen Spezifikationen<\/a><\/p>\n<p>&nbsp;<\/td>\n<td style=\"width: 66.6666%;vertical-align: top\">\n<p data-start=\"26\" data-end=\"388\">Der Fuga EX 3 wurde entwickelt, um <strong data-start=\"96\" data-end=\"128\">Grip, Stabilit\u00e4t und Schutz<\/strong> auf gemischtem Gel\u00e4nde zu bieten, selbst unter anspruchsvollsten Bedingungen. Das <strong data-start=\"190\" data-end=\"239\">Obermaterial aus Engineered Mesh mit TPU-Verst\u00e4rkungen<\/strong> sorgt f\u00fcr Strapazierf\u00e4higkeit und Atmungsaktivit\u00e4t, w\u00e4hrend das <strong data-start=\"310\" data-end=\"324\">sanddichte<\/strong> Futter dazu beitr\u00e4gt, das Eindringen von Schmutz w\u00e4hrend des Laufs zu begrenzen.<\/p>\n<p data-start=\"390\" data-end=\"791\">Die <strong data-start=\"393\" data-end=\"419\">Vibram\u00ae Megagrip-Sohle<\/strong> wurde entwickelt, um auf nassen und rutschigen Oberfl\u00e4chen Halt zu bieten, unterst\u00fctzt durch ein spezielles Profil: Die <strong data-start=\"532\" data-end=\"567\">dreieckigen Stollen im Vorfu\u00dfbereich<\/strong> f\u00f6rdern die Traktion beim Aufstieg, w\u00e4hrend die hinteren Stollen helfen, den Abstieg zu kontrollieren. Die Konstruktion wurde durch eine gr\u00f6\u00dfere Weite im Vorfu\u00dfbereich (+4 %) und an der Ferse (+15 %) erweitert, um Stabilit\u00e4t und Halt zu verbessern.<\/p>\n<p data-start=\"793\" data-end=\"1164\">Die Zwischensohle aus <strong data-start=\"809\" data-end=\"820\">ECCEVAI<\/strong> wurde entwickelt, um D\u00e4mpfung und Energier\u00fcckgabe zu bieten, w\u00e4hrend das <strong data-start=\"902\" data-end=\"935\">AWS 3.0\u2122-System mit doppelter Einstellung<\/strong> eine pr\u00e4zisere und stabilere Passform erm\u00f6glicht und dazu beitr\u00e4gt, den Fu\u00df w\u00e4hrend des Laufens in Position zu halten. Das Design der Ferse und die allgemeine Konstruktion sind darauf ausgelegt, den Halt zu verbessern und Bewegungen im Schuhinneren zu reduzieren.<\/p>\n<p data-start=\"1166\" data-end=\"1355\">Abgerundet wird der Schuh durch das <strong data-start=\"1190\" data-end=\"1222\">4-Punkt-System f\u00fcr Gamaschen<\/strong>, das zur Befestigung von Schmutzschutzgamaschen dient, sowie durch eine Konstruktion, die dich auf technischen Strecken mit mehr Sicherheit begleitet.<\/p>\n<\/td>\n<\/tr>\n<\/tbody>\n<\/table>\n<p>&nbsp;<\/p>\n","protected":false},"excerpt":{"rendered":"<ul>\n<li data-section-id=\"11i6pp2\" data-start=\"1375\" data-end=\"1471\">Sohle <strong data-start=\"1383\" data-end=\"1403\">Vibram\u00ae Megagrip<\/strong> mit multidirektionalem Profil f\u00fcr Traktion auf anspruchsvollem Gel\u00e4nde<\/li>\n<li data-section-id=\"12u5odq\" data-start=\"1472\" data-end=\"1539\">Zwischensohle <strong data-start=\"1485\" data-end=\"1496\">ECCEVAI<\/strong> f\u00fcr D\u00e4mpfung und Energier\u00fcckgabe<\/li>\n<li data-section-id=\"1rkq5ca\" data-start=\"1540\" data-end=\"1606\">System <strong data-start=\"1550\" data-end=\"1562\">AWS 3.0\u2122<\/strong> f\u00fcr stabilen Sitz und pr\u00e4zise Passform<\/li>\n<\/ul>\n","protected":false},"featured_media":428968,"template":"","meta":{"_acf_changed":false,"inline_featured_image":false},"product_brand":[],"product_cat":[6474,6491],"product_tag":[41219,41222],"class_list":{"0":"post-426604","1":"product","2":"type-product","3":"status-publish","4":"has-post-thumbnail","6":"product_cat-damenschuhe","7":"product_cat-damentrailschuhe","8":"product_tag-kailas","9":"product_tag-kailas-damen","10":"pa_attivita-outdoor-de","11":"pa_attivita-trail-de","12":"pa_colore-fuga-ex-3-w-trascendent-pink","13":"pa_marca-kailas","14":"pa_sesso-damen","15":"pa_size-37-5-de","16":"pa_size-38-de","17":"pa_size-39-de","18":"pa_size-40-de","20":"first","21":"instock","22":"taxable","23":"shipping-taxable","24":"purchasable","25":"product-type-variable","26":"wvs-archive-product-wrapper"},"acf":[],"yoast_head":"<!-- This site is optimized with the Yoast SEO plugin v26.8 - https:\/\/yoast.com\/product\/yoast-seo-wordpress\/ -->\n<title>Kailas Fuga EX 3 damen - Trail-Schuhe - MioMioRun.com<\/title>\n<meta name=\"description\" content=\"Trailrunning-Schuhe von Kailas mit Vibram\u00ae Megagrip-Sohle und AWS 3.0\u2122-System f\u00fcr Grip, Stabilit\u00e4t und Komfort auf gemischtem und technischem Gel\u00e4nde.\" \/>\n<meta name=\"robots\" content=\"index, follow, max-snippet:-1, max-image-preview:large, max-video-preview:-1\" \/>\n<link rel=\"canonical\" href=\"https:\/\/www.miomiorun.com\/de\/produkt\/fuga-ex-3-damen\/\" \/>\n<meta property=\"og:locale\" content=\"de_DE\" \/>\n<meta property=\"og:type\" content=\"article\" \/>\n<meta property=\"og:title\" content=\"Kailas Fuga EX 3 damen - Trail-Schuhe - MioMioRun.com\" \/>\n<meta property=\"og:description\" content=\"Trailrunning-Schuhe von Kailas mit Vibram\u00ae Megagrip-Sohle und AWS 3.0\u2122-System f\u00fcr Grip, Stabilit\u00e4t und Komfort auf gemischtem und technischem Gel\u00e4nde.\" \/>\n<meta property=\"og:url\" content=\"https:\/\/www.miomiorun.com\/de\/produkt\/fuga-ex-3-damen\/\" \/>\n<meta property=\"og:site_name\" content=\"MioMioRun\" \/>\n<meta property=\"article:publisher\" content=\"https:\/\/www.facebook.com\/miomiorun\/\" \/>\n<meta property=\"article:modified_time\" content=\"2026-05-09T12:57:07+00:00\" \/>\n<meta property=\"og:image\" content=\"https:\/\/www.miomiorun.com\/app\/uploads\/2026\/04\/kailas-Fuga-EX-3-W-trascendent-pink-KS2513208-12491.webp\" \/>\n\t<meta property=\"og:image:width\" content=\"720\" \/>\n\t<meta property=\"og:image:height\" content=\"720\" \/>\n\t<meta property=\"og:image:type\" content=\"image\/webp\" \/>\n<meta name=\"twitter:card\" content=\"summary_large_image\" \/>\n<meta name=\"twitter:label1\" content=\"Est. reading time\" \/>\n\t<meta name=\"twitter:data1\" content=\"1 minute\" \/>\n<script type=\"application\/ld+json\" class=\"yoast-schema-graph\">{\"@context\":\"https:\/\/schema.org\",\"@graph\":[{\"@type\":\"WebPage\",\"@id\":\"https:\/\/www.miomiorun.com\/de\/produkt\/fuga-ex-3-damen\/\",\"url\":\"https:\/\/www.miomiorun.com\/de\/produkt\/fuga-ex-3-damen\/\",\"name\":\"Kailas Fuga EX 3 damen - Trail-Schuhe - MioMioRun.com\",\"isPartOf\":{\"@id\":\"https:\/\/www.miomiorun.com\/de\/#website\"},\"primaryImageOfPage\":{\"@id\":\"https:\/\/www.miomiorun.com\/de\/produkt\/fuga-ex-3-damen\/#primaryimage\"},\"image\":{\"@id\":\"https:\/\/www.miomiorun.com\/de\/produkt\/fuga-ex-3-damen\/#primaryimage\"},\"thumbnailUrl\":\"https:\/\/www.miomiorun.com\/app\/uploads\/2026\/04\/kailas-Fuga-EX-3-W-trascendent-pink-KS2513208-12491.webp\",\"datePublished\":\"2026-04-07T17:11:26+00:00\",\"dateModified\":\"2026-05-09T12:57:07+00:00\",\"description\":\"Trailrunning-Schuhe von Kailas mit Vibram\u00ae Megagrip-Sohle und AWS 3.0\u2122-System f\u00fcr Grip, Stabilit\u00e4t und Komfort auf gemischtem und technischem Gel\u00e4nde.\",\"breadcrumb\":{\"@id\":\"https:\/\/www.miomiorun.com\/de\/produkt\/fuga-ex-3-damen\/#breadcrumb\"},\"inLanguage\":\"de-DE\",\"potentialAction\":[{\"@type\":\"ReadAction\",\"target\":[\"https:\/\/www.miomiorun.com\/de\/produkt\/fuga-ex-3-damen\/\"]}]},{\"@type\":\"ImageObject\",\"inLanguage\":\"de-DE\",\"@id\":\"https:\/\/www.miomiorun.com\/de\/produkt\/fuga-ex-3-damen\/#primaryimage\",\"url\":\"https:\/\/www.miomiorun.com\/app\/uploads\/2026\/04\/kailas-Fuga-EX-3-W-trascendent-pink-KS2513208-12491.webp\",\"contentUrl\":\"https:\/\/www.miomiorun.com\/app\/uploads\/2026\/04\/kailas-Fuga-EX-3-W-trascendent-pink-KS2513208-12491.webp\",\"width\":720,\"height\":720,\"caption\":\"kailas Fuga EX 3 W trascendent pink KS2513208-12491\"},{\"@type\":\"BreadcrumbList\",\"@id\":\"https:\/\/www.miomiorun.com\/de\/produkt\/fuga-ex-3-damen\/#breadcrumb\",\"itemListElement\":[{\"@type\":\"ListItem\",\"position\":1,\"name\":\"Home\",\"item\":\"https:\/\/www.miomiorun.com\/de\/\"},{\"@type\":\"ListItem\",\"position\":2,\"name\":\"Shop\",\"item\":\"https:\/\/www.miomiorun.com\/shop\/\"},{\"@type\":\"ListItem\",\"position\":3,\"name\":\"Fuga EX 3 damen\"}]},{\"@type\":\"WebSite\",\"@id\":\"https:\/\/www.miomiorun.com\/de\/#website\",\"url\":\"https:\/\/www.miomiorun.com\/de\/\",\"name\":\"MioMioRun\",\"description\":\"100% Lauf- und Trailshop\",\"publisher\":{\"@id\":\"https:\/\/www.miomiorun.com\/de\/#organization\"},\"potentialAction\":[{\"@type\":\"SearchAction\",\"target\":{\"@type\":\"EntryPoint\",\"urlTemplate\":\"https:\/\/www.miomiorun.com\/de\/?s={search_term_string}\"},\"query-input\":{\"@type\":\"PropertyValueSpecification\",\"valueRequired\":true,\"valueName\":\"search_term_string\"}}],\"inLanguage\":\"de-DE\"},{\"@type\":\"Organization\",\"@id\":\"https:\/\/www.miomiorun.com\/de\/#organization\",\"name\":\"MioMio Run\",\"url\":\"https:\/\/www.miomiorun.com\/de\/\",\"logo\":{\"@type\":\"ImageObject\",\"inLanguage\":\"de-DE\",\"@id\":\"https:\/\/www.miomiorun.com\/de\/#\/schema\/logo\/image\/\",\"url\":\"https:\/\/www.miomiorun.com\/app\/uploads\/2019\/12\/logomio.png\",\"contentUrl\":\"https:\/\/www.miomiorun.com\/app\/uploads\/2019\/12\/logomio.png\",\"width\":115,\"height\":82,\"caption\":\"MioMio Run\"},\"image\":{\"@id\":\"https:\/\/www.miomiorun.com\/de\/#\/schema\/logo\/image\/\"},\"sameAs\":[\"https:\/\/www.facebook.com\/miomiorun\/\",\"https:\/\/www.instagram.com\/miomiorun\/\"]}]}<\/script>\n<!-- \/ Yoast SEO plugin. -->","yoast_head_json":{"title":"Kailas Fuga EX 3 damen - Trail-Schuhe - MioMioRun.com","description":"Trailrunning-Schuhe von Kailas mit Vibram\u00ae Megagrip-Sohle und AWS 3.0\u2122-System f\u00fcr Grip, Stabilit\u00e4t und Komfort auf gemischtem und technischem Gel\u00e4nde.","robots":{"index":"index","follow":"follow","max-snippet":"max-snippet:-1","max-image-preview":"max-image-preview:large","max-video-preview":"max-video-preview:-1"},"canonical":"https:\/\/www.miomiorun.com\/de\/produkt\/fuga-ex-3-damen\/","og_locale":"de_DE","og_type":"article","og_title":"Kailas Fuga EX 3 damen - Trail-Schuhe - MioMioRun.com","og_description":"Trailrunning-Schuhe von Kailas mit Vibram\u00ae Megagrip-Sohle und AWS 3.0\u2122-System f\u00fcr Grip, Stabilit\u00e4t und Komfort auf gemischtem und technischem Gel\u00e4nde.","og_url":"https:\/\/www.miomiorun.com\/de\/produkt\/fuga-ex-3-damen\/","og_site_name":"MioMioRun","article_publisher":"https:\/\/www.facebook.com\/miomiorun\/","article_modified_time":"2026-05-09T12:57:07+00:00","og_image":[{"width":720,"height":720,"url":"https:\/\/www.miomiorun.com\/app\/uploads\/2026\/04\/kailas-Fuga-EX-3-W-trascendent-pink-KS2513208-12491.webp","type":"image\/webp"}],"twitter_card":"summary_large_image","twitter_misc":{"Est. reading time":"1 minute"},"schema":{"@context":"https:\/\/schema.org","@graph":[{"@type":"WebPage","@id":"https:\/\/www.miomiorun.com\/de\/produkt\/fuga-ex-3-damen\/","url":"https:\/\/www.miomiorun.com\/de\/produkt\/fuga-ex-3-damen\/","name":"Kailas Fuga EX 3 damen - Trail-Schuhe - MioMioRun.com","isPartOf":{"@id":"https:\/\/www.miomiorun.com\/de\/#website"},"primaryImageOfPage":{"@id":"https:\/\/www.miomiorun.com\/de\/produkt\/fuga-ex-3-damen\/#primaryimage"},"image":{"@id":"https:\/\/www.miomiorun.com\/de\/produkt\/fuga-ex-3-damen\/#primaryimage"},"thumbnailUrl":"https:\/\/www.miomiorun.com\/app\/uploads\/2026\/04\/kailas-Fuga-EX-3-W-trascendent-pink-KS2513208-12491.webp","datePublished":"2026-04-07T17:11:26+00:00","dateModified":"2026-05-09T12:57:07+00:00","description":"Trailrunning-Schuhe von Kailas mit Vibram\u00ae Megagrip-Sohle und AWS 3.0\u2122-System f\u00fcr Grip, Stabilit\u00e4t und Komfort auf gemischtem und technischem Gel\u00e4nde.","breadcrumb":{"@id":"https:\/\/www.miomiorun.com\/de\/produkt\/fuga-ex-3-damen\/#breadcrumb"},"inLanguage":"de-DE","potentialAction":[{"@type":"ReadAction","target":["https:\/\/www.miomiorun.com\/de\/produkt\/fuga-ex-3-damen\/"]}]},{"@type":"ImageObject","inLanguage":"de-DE","@id":"https:\/\/www.miomiorun.com\/de\/produkt\/fuga-ex-3-damen\/#primaryimage","url":"https:\/\/www.miomiorun.com\/app\/uploads\/2026\/04\/kailas-Fuga-EX-3-W-trascendent-pink-KS2513208-12491.webp","contentUrl":"https:\/\/www.miomiorun.com\/app\/uploads\/2026\/04\/kailas-Fuga-EX-3-W-trascendent-pink-KS2513208-12491.webp","width":720,"height":720,"caption":"kailas Fuga EX 3 W trascendent pink KS2513208-12491"},{"@type":"BreadcrumbList","@id":"https:\/\/www.miomiorun.com\/de\/produkt\/fuga-ex-3-damen\/#breadcrumb","itemListElement":[{"@type":"ListItem","position":1,"name":"Home","item":"https:\/\/www.miomiorun.com\/de\/"},{"@type":"ListItem","position":2,"name":"Shop","item":"https:\/\/www.miomiorun.com\/shop\/"},{"@type":"ListItem","position":3,"name":"Fuga EX 3 damen"}]},{"@type":"WebSite","@id":"https:\/\/www.miomiorun.com\/de\/#website","url":"https:\/\/www.miomiorun.com\/de\/","name":"MioMioRun","description":"100% Lauf- und Trailshop","publisher":{"@id":"https:\/\/www.miomiorun.com\/de\/#organization"},"potentialAction":[{"@type":"SearchAction","target":{"@type":"EntryPoint","urlTemplate":"https:\/\/www.miomiorun.com\/de\/?s={search_term_string}"},"query-input":{"@type":"PropertyValueSpecification","valueRequired":true,"valueName":"search_term_string"}}],"inLanguage":"de-DE"},{"@type":"Organization","@id":"https:\/\/www.miomiorun.com\/de\/#organization","name":"MioMio Run","url":"https:\/\/www.miomiorun.com\/de\/","logo":{"@type":"ImageObject","inLanguage":"de-DE","@id":"https:\/\/www.miomiorun.com\/de\/#\/schema\/logo\/image\/","url":"https:\/\/www.miomiorun.com\/app\/uploads\/2019\/12\/logomio.png","contentUrl":"https:\/\/www.miomiorun.com\/app\/uploads\/2019\/12\/logomio.png","width":115,"height":82,"caption":"MioMio Run"},"image":{"@id":"https:\/\/www.miomiorun.com\/de\/#\/schema\/logo\/image\/"},"sameAs":["https:\/\/www.facebook.com\/miomiorun\/","https:\/\/www.instagram.com\/miomiorun\/"]}]}},"_links":{"self":[{"href":"https:\/\/www.miomiorun.com\/de\/wp-json\/wp\/v2\/product\/426604","targetHints":{"allow":["GET"]}}],"collection":[{"href":"https:\/\/www.miomiorun.com\/de\/wp-json\/wp\/v2\/product"}],"about":[{"href":"https:\/\/www.miomiorun.com\/de\/wp-json\/wp\/v2\/types\/product"}],"wp:featuredmedia":[{"embeddable":true,"href":"https:\/\/www.miomiorun.com\/de\/wp-json\/wp\/v2\/media\/428968"}],"wp:attachment":[{"href":"https:\/\/www.miomiorun.com\/de\/wp-json\/wp\/v2\/media?parent=426604"}],"wp:term":[{"taxonomy":"product_brand","embeddable":true,"href":"https:\/\/www.miomiorun.com\/de\/wp-json\/wp\/v2\/product_brand?post=426604"},{"taxonomy":"product_cat","embeddable":true,"href":"https:\/\/www.miomiorun.com\/de\/wp-json\/wp\/v2\/product_cat?post=426604"},{"taxonomy":"product_tag","embeddable":true,"href":"https:\/\/www.miomiorun.com\/de\/wp-json\/wp\/v2\/product_tag?post=426604"}],"curies":[{"name":"wp","href":"https:\/\/api.w.org\/{rel}","templated":true}]}}