{"id":426377,"date":"2026-04-07T17:17:04","date_gmt":"2026-04-07T15:17:04","guid":{"rendered":"https:\/\/www.miomiorun.com\/?post_type=product&#038;p=426377"},"modified":"2026-04-29T11:50:04","modified_gmt":"2026-04-29T09:50:04","slug":"ru4-endurance-cool-short-damen","status":"publish","type":"product","link":"https:\/\/www.miomiorun.com\/de\/produkt\/ru4-endurance-cool-short-damen\/","title":{"rendered":"RU4 endurance cool short damen"},"content":{"rendered":"<p>Die <strong>RU4 Endurance Cool Short<\/strong> sind Laufsocken, die entwickelt wurden, um beim Laufen <strong data-start=\"103\" data-end=\"142\">Komfort, Stabilit\u00e4t und Atmungsaktivit\u00e4t<\/strong> zu bieten. Die Kombination aus <strong data-start=\"180\" data-end=\"228\">mittlerer D\u00e4mpfung und leichter Kompression<\/strong> soll den Fu\u00df beim Training unterst\u00fctzen und ein Gleichgewicht zwischen Schutz und Gef\u00fchl bieten.<\/p>\n<p data-start=\"344\" data-end=\"702\">Die <strong data-start=\"359\" data-end=\"383\">3-lagige, atmungsaktive Struktur<\/strong> wurde entwickelt, um den Feuchtigkeitstransport zu f\u00f6rdern, den Fu\u00df trocken zu halten und das Risiko der Blasenbildung zu verringern. Die <strong data-start=\"532\" data-end=\"573\">differenzierte Passform f\u00fcr rechts und links<\/strong> folgt der nat\u00fcrlichen Form des Fu\u00dfes, w\u00e4hrend die <strong data-start=\"619\" data-end=\"643\">Kompressionszonen<\/strong> dazu beitragen, die Stabilit\u00e4t beim Laufen zu verbessern.<\/p>\n<p data-start=\"704\" data-end=\"907\">Diese Socken bestehen aus einem <strong data-start=\"718\" data-end=\"760\">schnelltrocknenden Polyestermischgewebe<\/strong> und sind so konzipiert, dass sie auch bei intensivsten Trainingseinheiten Komfort bieten und gleichzeitig eine gute Kraft\u00fcbertragung beim Laufschritt gew\u00e4hrleisten.<\/p>\n<table style=\"border-collapse: collapse;width: 100%\">\n<tbody>\n<tr>\n<td style=\"width: 20%;text-align: center\"><img decoding=\"async\" class=\"product-functional-symbols__image aligncenter\" src=\"https:\/\/www.falke.com\/it_it\/4db1c784dda527a5a838b3006792a33f7ba86246\/assets\/base\/staticImages\/functionalsymbols\/icon_cooling-effect.svg\"><\/p>\n<p>K\u00fchlender Effekt<\/td>\n<td style=\"width: 20%;text-align: center\"><img decoding=\"async\" class=\"product-functional-symbols__image aligncenter\" src=\"https:\/\/www.falke.com\/it_it\/4db1c784dda527a5a838b3006792a33f7ba86246\/assets\/base\/staticImages\/functionalsymbols\/icon_feuchtigkeitsregulierend.svg\"><\/p>\n<p>Feuchtigkeitsregulierend<\/td>\n<td style=\"width: 20%;text-align: center\"><img decoding=\"async\" class=\"product-functional-symbols__image aligncenter\" src=\"https:\/\/www.falke.com\/it_it\/4db1c784dda527a5a838b3006792a33f7ba86246\/assets\/base\/staticImages\/functionalsymbols\/icon_stabilisierend.svg\"><\/p>\n<p>Stabilisierend<\/td>\n<td style=\"width: 20%;text-align: center\"><img decoding=\"async\" class=\"product-functional-symbols__image aligncenter\" src=\"https:\/\/www.falke.com\/it_it\/4db1c784dda527a5a838b3006792a33f7ba86246\/assets\/base\/staticImages\/functionalsymbols\/icon_schnellste_ruecktrocknung.svg\"><\/p>\n<p>Schnellere Trocknung<\/td>\n<td style=\"width: 20%;text-align: center\"><strong><img decoding=\"async\" class=\"product-functional-symbols__image aligncenter\" src=\"https:\/\/www.falke.com\/it_it\/4db1c784dda527a5a838b3006792a33f7ba86246\/assets\/base\/staticImages\/functionalsymbols\/icon_daempfende-wirkung.svg\"><\/strong><\/p>\n<p>D\u00e4mpfende Wirkung<\/td>\n<\/tr>\n<\/tbody>\n<\/table>\n<div class=\"product-functional-symbols__content\">\n<p>&nbsp;<\/p>\n<p>&nbsp;<\/p>\n<p class=\"product-functional-symbols__content-description\"><strong>Material<\/strong>: 40 % Polypropylen, 40 % Baumwolle, 20 % Polyamid.<\/p>\n<\/div>\n<dl class=\"product-specification__attributes\">\n<dt class=\"product-specification__attribute\"><strong>Schaftl\u00e4nge<\/strong>: Kn\u00f6chellang<\/dt>\n<\/dl>\n<dl class=\"product-specification__attributes\">\n<dt class=\"product-specification__attribute\"><strong>Polsterung<\/strong>: Mittelstark<\/dt>\n<\/dl>\n<dl class=\"product-specification__attributes\">\n<dt class=\"product-specification__attribute\"><strong>Passform<\/strong>: Anatomisch<\/dt>\n<\/dl>\n<dl class=\"product-specification__attributes\">\n<dt class=\"product-specification__attribute\"><strong>Sohle<\/strong>: Normal<\/dt>\n<\/dl>\n<dl class=\"product-specification__attributes\">\n<dt class=\"product-specification__attribute\"><strong>Look<\/strong>: Sportlich<\/dt>\n<\/dl>\n<p>&nbsp;<\/p>\n","protected":false},"excerpt":{"rendered":"<ul>\n<li data-section-id=\"12cbxlm\" data-start=\"927\" data-end=\"1003\">Mittlere D\u00e4mpfung und <strong data-start=\"953\" data-end=\"977\">leichte Kompression<\/strong> f\u00fcr Komfort und Stabilit\u00e4t<\/li>\n<li data-section-id=\"jritoe\" data-start=\"1004\" data-end=\"1090\"><strong data-start=\"1016\" data-end=\"1042\">Atmungsaktive 3-Lagen-Konstruktion<\/strong> f\u00fcr trockene F\u00fc\u00dfe und weniger Blasen<\/li>\n<li data-section-id=\"j3eabf\" data-start=\"1091\" data-end=\"1165\">Rechts-\/Links-Passform mit Kompressionszonen f\u00fcr besseren Halt<\/li>\n<\/ul>\n","protected":false},"featured_media":427075,"template":"","meta":{"_acf_changed":false,"inline_featured_image":false},"product_brand":[],"product_cat":[6401,6402],"product_tag":[6245,6246],"class_list":{"0":"post-426377","1":"product","2":"type-product","3":"status-publish","4":"has-post-thumbnail","6":"product_cat-damenbekleidung","7":"product_cat-damensocken-de","8":"product_tag-falke-de","9":"product_tag-falke-damen-de","10":"pa_attivita-fitness-de","11":"pa_attivita-gehen","12":"pa_attivita-lifestyle-de","13":"pa_attivita-running-de","14":"pa_colore-ru4-endur-cool-short-w-black","15":"pa_colore-ru4-endur-cool-short-w-fuchsia","16":"pa_colore-ru4-endur-cool-short-w-rose","17":"pa_marca-falke-de","18":"pa_sesso-damen","19":"pa_size-35-36-de","20":"pa_size-37-38-de","21":"pa_size-39-40-de","22":"pa_size-41-42-de","24":"first","25":"instock","26":"sale","27":"taxable","28":"shipping-taxable","29":"purchasable","30":"product-type-variable","31":"wvs-archive-product-wrapper"},"acf":[],"yoast_head":"<!-- This site is optimized with the Yoast SEO plugin v26.8 - https:\/\/yoast.com\/product\/yoast-seo-wordpress\/ -->\n<title>Falke RU4 endurance cool short damen - Laufsocken - MioMioRun.com<\/title>\n<meta name=\"description\" content=\"RU4 Endurance Cool Short Laufsocken mit leichter Kompression und atmungsaktiver 3-Lagen-Konstruktion. Komfort und Stabilit\u00e4t bei jedem Lauf.\" \/>\n<meta name=\"robots\" content=\"index, follow, max-snippet:-1, max-image-preview:large, max-video-preview:-1\" \/>\n<link rel=\"canonical\" href=\"https:\/\/www.miomiorun.com\/de\/produkt\/ru4-endurance-cool-short-damen\/\" \/>\n<meta property=\"og:locale\" content=\"de_DE\" \/>\n<meta property=\"og:type\" content=\"article\" \/>\n<meta property=\"og:title\" content=\"Falke RU4 endurance cool short damen - Laufsocken - MioMioRun.com\" \/>\n<meta property=\"og:description\" content=\"RU4 Endurance Cool Short Laufsocken mit leichter Kompression und atmungsaktiver 3-Lagen-Konstruktion. Komfort und Stabilit\u00e4t bei jedem Lauf.\" \/>\n<meta property=\"og:url\" content=\"https:\/\/www.miomiorun.com\/de\/produkt\/ru4-endurance-cool-short-damen\/\" \/>\n<meta property=\"og:site_name\" content=\"MioMioRun\" \/>\n<meta property=\"article:publisher\" content=\"https:\/\/www.facebook.com\/miomiorun\/\" \/>\n<meta property=\"article:modified_time\" content=\"2026-04-29T09:50:04+00:00\" \/>\n<meta property=\"og:image\" content=\"https:\/\/www.miomiorun.com\/app\/uploads\/2026\/04\/Falke-RU4-endur-cool-short-W-black-16171-3008.webp\" \/>\n\t<meta property=\"og:image:width\" content=\"720\" \/>\n\t<meta property=\"og:image:height\" content=\"720\" \/>\n\t<meta property=\"og:image:type\" content=\"image\/webp\" \/>\n<meta name=\"twitter:card\" content=\"summary_large_image\" \/>\n<meta name=\"twitter:label1\" content=\"Est. reading time\" \/>\n\t<meta name=\"twitter:data1\" content=\"2 minutes\" \/>\n<script type=\"application\/ld+json\" class=\"yoast-schema-graph\">{\"@context\":\"https:\/\/schema.org\",\"@graph\":[{\"@type\":\"WebPage\",\"@id\":\"https:\/\/www.miomiorun.com\/de\/produkt\/ru4-endurance-cool-short-damen\/\",\"url\":\"https:\/\/www.miomiorun.com\/de\/produkt\/ru4-endurance-cool-short-damen\/\",\"name\":\"Falke RU4 endurance cool short damen - Laufsocken - MioMioRun.com\",\"isPartOf\":{\"@id\":\"https:\/\/www.miomiorun.com\/de\/#website\"},\"primaryImageOfPage\":{\"@id\":\"https:\/\/www.miomiorun.com\/de\/produkt\/ru4-endurance-cool-short-damen\/#primaryimage\"},\"image\":{\"@id\":\"https:\/\/www.miomiorun.com\/de\/produkt\/ru4-endurance-cool-short-damen\/#primaryimage\"},\"thumbnailUrl\":\"https:\/\/www.miomiorun.com\/app\/uploads\/2026\/04\/Falke-RU4-endur-cool-short-W-black-16171-3008.webp\",\"datePublished\":\"2026-04-07T15:17:04+00:00\",\"dateModified\":\"2026-04-29T09:50:04+00:00\",\"description\":\"RU4 Endurance Cool Short Laufsocken mit leichter Kompression und atmungsaktiver 3-Lagen-Konstruktion. Komfort und Stabilit\u00e4t bei jedem Lauf.\",\"breadcrumb\":{\"@id\":\"https:\/\/www.miomiorun.com\/de\/produkt\/ru4-endurance-cool-short-damen\/#breadcrumb\"},\"inLanguage\":\"de-DE\",\"potentialAction\":[{\"@type\":\"ReadAction\",\"target\":[\"https:\/\/www.miomiorun.com\/de\/produkt\/ru4-endurance-cool-short-damen\/\"]}]},{\"@type\":\"ImageObject\",\"inLanguage\":\"de-DE\",\"@id\":\"https:\/\/www.miomiorun.com\/de\/produkt\/ru4-endurance-cool-short-damen\/#primaryimage\",\"url\":\"https:\/\/www.miomiorun.com\/app\/uploads\/2026\/04\/Falke-RU4-endur-cool-short-W-black-16171-3008.webp\",\"contentUrl\":\"https:\/\/www.miomiorun.com\/app\/uploads\/2026\/04\/Falke-RU4-endur-cool-short-W-black-16171-3008.webp\",\"width\":720,\"height\":720,\"caption\":\"Falke RU4 endur cool short W black 16171 3008\"},{\"@type\":\"BreadcrumbList\",\"@id\":\"https:\/\/www.miomiorun.com\/de\/produkt\/ru4-endurance-cool-short-damen\/#breadcrumb\",\"itemListElement\":[{\"@type\":\"ListItem\",\"position\":1,\"name\":\"Home\",\"item\":\"https:\/\/www.miomiorun.com\/de\/\"},{\"@type\":\"ListItem\",\"position\":2,\"name\":\"Shop\",\"item\":\"https:\/\/www.miomiorun.com\/shop\/\"},{\"@type\":\"ListItem\",\"position\":3,\"name\":\"RU4 endurance cool short damen\"}]},{\"@type\":\"WebSite\",\"@id\":\"https:\/\/www.miomiorun.com\/de\/#website\",\"url\":\"https:\/\/www.miomiorun.com\/de\/\",\"name\":\"MioMioRun\",\"description\":\"100% Lauf- und Trailshop\",\"publisher\":{\"@id\":\"https:\/\/www.miomiorun.com\/de\/#organization\"},\"potentialAction\":[{\"@type\":\"SearchAction\",\"target\":{\"@type\":\"EntryPoint\",\"urlTemplate\":\"https:\/\/www.miomiorun.com\/de\/?s={search_term_string}\"},\"query-input\":{\"@type\":\"PropertyValueSpecification\",\"valueRequired\":true,\"valueName\":\"search_term_string\"}}],\"inLanguage\":\"de-DE\"},{\"@type\":\"Organization\",\"@id\":\"https:\/\/www.miomiorun.com\/de\/#organization\",\"name\":\"MioMio Run\",\"url\":\"https:\/\/www.miomiorun.com\/de\/\",\"logo\":{\"@type\":\"ImageObject\",\"inLanguage\":\"de-DE\",\"@id\":\"https:\/\/www.miomiorun.com\/de\/#\/schema\/logo\/image\/\",\"url\":\"https:\/\/www.miomiorun.com\/app\/uploads\/2019\/12\/logomio.png\",\"contentUrl\":\"https:\/\/www.miomiorun.com\/app\/uploads\/2019\/12\/logomio.png\",\"width\":115,\"height\":82,\"caption\":\"MioMio Run\"},\"image\":{\"@id\":\"https:\/\/www.miomiorun.com\/de\/#\/schema\/logo\/image\/\"},\"sameAs\":[\"https:\/\/www.facebook.com\/miomiorun\/\",\"https:\/\/www.instagram.com\/miomiorun\/\"]}]}<\/script>\n<!-- \/ Yoast SEO plugin. -->","yoast_head_json":{"title":"Falke RU4 endurance cool short damen - Laufsocken - MioMioRun.com","description":"RU4 Endurance Cool Short Laufsocken mit leichter Kompression und atmungsaktiver 3-Lagen-Konstruktion. Komfort und Stabilit\u00e4t bei jedem Lauf.","robots":{"index":"index","follow":"follow","max-snippet":"max-snippet:-1","max-image-preview":"max-image-preview:large","max-video-preview":"max-video-preview:-1"},"canonical":"https:\/\/www.miomiorun.com\/de\/produkt\/ru4-endurance-cool-short-damen\/","og_locale":"de_DE","og_type":"article","og_title":"Falke RU4 endurance cool short damen - Laufsocken - MioMioRun.com","og_description":"RU4 Endurance Cool Short Laufsocken mit leichter Kompression und atmungsaktiver 3-Lagen-Konstruktion. Komfort und Stabilit\u00e4t bei jedem Lauf.","og_url":"https:\/\/www.miomiorun.com\/de\/produkt\/ru4-endurance-cool-short-damen\/","og_site_name":"MioMioRun","article_publisher":"https:\/\/www.facebook.com\/miomiorun\/","article_modified_time":"2026-04-29T09:50:04+00:00","og_image":[{"width":720,"height":720,"url":"https:\/\/www.miomiorun.com\/app\/uploads\/2026\/04\/Falke-RU4-endur-cool-short-W-black-16171-3008.webp","type":"image\/webp"}],"twitter_card":"summary_large_image","twitter_misc":{"Est. reading time":"2 minutes"},"schema":{"@context":"https:\/\/schema.org","@graph":[{"@type":"WebPage","@id":"https:\/\/www.miomiorun.com\/de\/produkt\/ru4-endurance-cool-short-damen\/","url":"https:\/\/www.miomiorun.com\/de\/produkt\/ru4-endurance-cool-short-damen\/","name":"Falke RU4 endurance cool short damen - Laufsocken - MioMioRun.com","isPartOf":{"@id":"https:\/\/www.miomiorun.com\/de\/#website"},"primaryImageOfPage":{"@id":"https:\/\/www.miomiorun.com\/de\/produkt\/ru4-endurance-cool-short-damen\/#primaryimage"},"image":{"@id":"https:\/\/www.miomiorun.com\/de\/produkt\/ru4-endurance-cool-short-damen\/#primaryimage"},"thumbnailUrl":"https:\/\/www.miomiorun.com\/app\/uploads\/2026\/04\/Falke-RU4-endur-cool-short-W-black-16171-3008.webp","datePublished":"2026-04-07T15:17:04+00:00","dateModified":"2026-04-29T09:50:04+00:00","description":"RU4 Endurance Cool Short Laufsocken mit leichter Kompression und atmungsaktiver 3-Lagen-Konstruktion. Komfort und Stabilit\u00e4t bei jedem Lauf.","breadcrumb":{"@id":"https:\/\/www.miomiorun.com\/de\/produkt\/ru4-endurance-cool-short-damen\/#breadcrumb"},"inLanguage":"de-DE","potentialAction":[{"@type":"ReadAction","target":["https:\/\/www.miomiorun.com\/de\/produkt\/ru4-endurance-cool-short-damen\/"]}]},{"@type":"ImageObject","inLanguage":"de-DE","@id":"https:\/\/www.miomiorun.com\/de\/produkt\/ru4-endurance-cool-short-damen\/#primaryimage","url":"https:\/\/www.miomiorun.com\/app\/uploads\/2026\/04\/Falke-RU4-endur-cool-short-W-black-16171-3008.webp","contentUrl":"https:\/\/www.miomiorun.com\/app\/uploads\/2026\/04\/Falke-RU4-endur-cool-short-W-black-16171-3008.webp","width":720,"height":720,"caption":"Falke RU4 endur cool short W black 16171 3008"},{"@type":"BreadcrumbList","@id":"https:\/\/www.miomiorun.com\/de\/produkt\/ru4-endurance-cool-short-damen\/#breadcrumb","itemListElement":[{"@type":"ListItem","position":1,"name":"Home","item":"https:\/\/www.miomiorun.com\/de\/"},{"@type":"ListItem","position":2,"name":"Shop","item":"https:\/\/www.miomiorun.com\/shop\/"},{"@type":"ListItem","position":3,"name":"RU4 endurance cool short damen"}]},{"@type":"WebSite","@id":"https:\/\/www.miomiorun.com\/de\/#website","url":"https:\/\/www.miomiorun.com\/de\/","name":"MioMioRun","description":"100% Lauf- und Trailshop","publisher":{"@id":"https:\/\/www.miomiorun.com\/de\/#organization"},"potentialAction":[{"@type":"SearchAction","target":{"@type":"EntryPoint","urlTemplate":"https:\/\/www.miomiorun.com\/de\/?s={search_term_string}"},"query-input":{"@type":"PropertyValueSpecification","valueRequired":true,"valueName":"search_term_string"}}],"inLanguage":"de-DE"},{"@type":"Organization","@id":"https:\/\/www.miomiorun.com\/de\/#organization","name":"MioMio Run","url":"https:\/\/www.miomiorun.com\/de\/","logo":{"@type":"ImageObject","inLanguage":"de-DE","@id":"https:\/\/www.miomiorun.com\/de\/#\/schema\/logo\/image\/","url":"https:\/\/www.miomiorun.com\/app\/uploads\/2019\/12\/logomio.png","contentUrl":"https:\/\/www.miomiorun.com\/app\/uploads\/2019\/12\/logomio.png","width":115,"height":82,"caption":"MioMio Run"},"image":{"@id":"https:\/\/www.miomiorun.com\/de\/#\/schema\/logo\/image\/"},"sameAs":["https:\/\/www.facebook.com\/miomiorun\/","https:\/\/www.instagram.com\/miomiorun\/"]}]}},"_links":{"self":[{"href":"https:\/\/www.miomiorun.com\/de\/wp-json\/wp\/v2\/product\/426377","targetHints":{"allow":["GET"]}}],"collection":[{"href":"https:\/\/www.miomiorun.com\/de\/wp-json\/wp\/v2\/product"}],"about":[{"href":"https:\/\/www.miomiorun.com\/de\/wp-json\/wp\/v2\/types\/product"}],"wp:featuredmedia":[{"embeddable":true,"href":"https:\/\/www.miomiorun.com\/de\/wp-json\/wp\/v2\/media\/427075"}],"wp:attachment":[{"href":"https:\/\/www.miomiorun.com\/de\/wp-json\/wp\/v2\/media?parent=426377"}],"wp:term":[{"taxonomy":"product_brand","embeddable":true,"href":"https:\/\/www.miomiorun.com\/de\/wp-json\/wp\/v2\/product_brand?post=426377"},{"taxonomy":"product_cat","embeddable":true,"href":"https:\/\/www.miomiorun.com\/de\/wp-json\/wp\/v2\/product_cat?post=426377"},{"taxonomy":"product_tag","embeddable":true,"href":"https:\/\/www.miomiorun.com\/de\/wp-json\/wp\/v2\/product_tag?post=426377"}],"curies":[{"name":"wp","href":"https:\/\/api.w.org\/{rel}","templated":true}]}}