{"id":426095,"date":"2026-04-07T16:52:21","date_gmt":"2026-04-07T14:52:21","guid":{"rendered":"https:\/\/www.miomiorun.com\/?post_type=product&#038;p=426095"},"modified":"2026-04-29T11:45:33","modified_gmt":"2026-04-29T09:45:33","slug":"voyager-damen","status":"publish","type":"product","link":"https:\/\/www.miomiorun.com\/de\/produkt\/voyager-damen\/","title":{"rendered":"Voyager damen"},"content":{"rendered":"<table style=\"border-collapse: collapse;width: 100%\">\n<tbody>\n<tr>\n<td style=\"width: 33.3333%;vertical-align: top\"><strong>Technische Daten<\/strong><\/p>\n<p>Kategorie: moderate D\u00e4mpfung<br \/>\nSprengung: 4 mm<br \/>\nGewicht: 241 g<br \/>\nIdeal f\u00fcr: Spazierg\u00e4nger und den Alltag<br \/>\nGewicht des L\u00e4ufers: 50\u201370 kg<br \/>\nLauftempo: mittel (4,50 min\/km)<br \/>\n<a href=\"https:\/\/miomiorun.com\/guida-alle-specifiche-tecniche\/\">Leitfaden zu den technischen Daten<\/a><\/td>\n<td style=\"width: 66.6666%;vertical-align: top\">\n<p data-start=\"26\" data-end=\"316\">Der <strong data-start=\"29\" data-end=\"46\">Altra Voyager<\/strong> ist ein Schuh f\u00fcr den t\u00e4glichen Gebrauch, der vom Laufsport inspirierte Technologien in den urbanen Lebensstil bringt. Er wurde entwickelt, um dich den ganzen Tag \u00fcber zu begleiten, und vereint <strong data-start=\"216\" data-end=\"257\">Komfort, Funktionalit\u00e4t und einen klaren Stil<\/strong> \u2013 ideal, um sich in der Stadt zwischen Terminen und Freizeit zu bewegen.<\/p>\n<p data-start=\"318\" data-end=\"651\">Die Zwischensohle aus <strong data-start=\"334\" data-end=\"352\">Altra EGO\u2122 P35<\/strong> wurde entwickelt, um ein Gef\u00fchl von Leichtigkeit und Komfort unter den F\u00fc\u00dfen zu bieten, w\u00e4hrend die <strong data-start=\"443\" data-end=\"472\">Vibram\u00ae XS Trek Evo-Sohle<\/strong> Halt und Langlebigkeit auf verschiedenen st\u00e4dtischen Oberfl\u00e4chen garantiert. Das Obermaterial aus <strong data-start=\"544\" data-end=\"572\">atmungsaktivem Ripstop-Mesh<\/strong> mit Verst\u00e4rkungen an der Zehenkappe sorgt f\u00fcr mehr Strapazierf\u00e4higkeit und Bel\u00fcftung.<\/p>\n<p data-start=\"653\" data-end=\"1015\">Das <strong data-start=\"656\" data-end=\"689\">verst\u00e4rkte Speed-Lace-System<\/strong> erleichtert das Anziehen und die Anpassung, w\u00e4hrend die <strong data-start=\"737\" data-end=\"771\">inneren Polster an der Ferse<\/strong> f\u00fcr mehr Komfort und Halt sorgen. Die Konstruktion folgt dem klassischen <strong data-start=\"855\" data-end=\"868\">Altra Fit<\/strong> mit mehr Zehenfreiheit und einem reduzierten Sprengung, um eine nat\u00fcrliche Haltung und ein Gef\u00fchl der Balance beim Gehen zu f\u00f6rdern.<\/p>\n<p data-start=\"1017\" data-end=\"1145\">Ein vielseitiger Schuh, entwickelt f\u00fcr alle, die Komfort und Funktionalit\u00e4t im urbanen Umfeld suchen, ohne auf einen modernen Look verzichten zu m\u00fcssen.<\/p>\n<\/td>\n<\/tr>\n<\/tbody>\n<\/table>\n<p>&nbsp;<\/p>\n","protected":false},"excerpt":{"rendered":"<ul>\n<li data-section-id=\"b13c3x\" data-start=\"1165\" data-end=\"1243\">Zwischensohle <strong data-start=\"1178\" data-end=\"1196\">Altra EGO\u2122 P35<\/strong> f\u00fcr Komfort und Leichtigkeit im Alltag<\/li>\n<li data-section-id=\"1uxa5gk\" data-start=\"1244\" data-end=\"1319\">Sohle <strong data-start=\"1252\" data-end=\"1275\">Vibram\u00ae XS Trek Evo<\/strong> f\u00fcr Grip und Langlebigkeit auf st\u00e4dtischen Oberfl\u00e4chen<\/li>\n<li data-section-id=\"12o5zta\" data-start=\"1320\" data-end=\"1395\">Obermaterial aus atmungsaktivem Ripstop-Mesh mit Verst\u00e4rkungen f\u00fcr h\u00f6here Strapazierf\u00e4higkeit<\/li>\n<\/ul>\n","protected":false},"featured_media":427022,"template":"","meta":{"_acf_changed":false,"inline_featured_image":false},"product_brand":[],"product_cat":[6474,6475],"product_tag":[13805,13807],"class_list":{"0":"post-426095","1":"product","2":"type-product","3":"status-publish","4":"has-post-thumbnail","6":"product_cat-damenschuhe","7":"product_cat-neutral","8":"product_tag-altra-de","9":"product_tag-altra-damen","10":"pa_attivita-gehen","11":"pa_attivita-lifestyle-de","12":"pa_colore-voyager-w-white","13":"pa_marca-altra-de","14":"pa_sesso-damen","15":"pa_size-38-de","16":"pa_size-38-5-de","17":"pa_size-39-de","18":"pa_size-40-de","19":"pa_size-40-5-de","20":"pa_size-41-de","22":"first","23":"instock","24":"taxable","25":"shipping-taxable","26":"purchasable","27":"product-type-variable","28":"wvs-archive-product-wrapper"},"acf":[],"yoast_head":"<!-- This site is optimized with the Yoast SEO plugin v26.8 - https:\/\/yoast.com\/product\/yoast-seo-wordpress\/ -->\n<title>Altra Voyager damen - Lifestyle-Schuhe - MioMioRun.com<\/title>\n<meta name=\"description\" content=\"Altra Voyager \u2013 Lifestyle-Schuhe mit Vibram\u00ae XS Trek Evo-Sohle und Altra EGO\u2122 P35-Schaumstoff. Komfort, Traktion und Stil f\u00fcr den Alltag.\" \/>\n<meta name=\"robots\" content=\"index, follow, max-snippet:-1, max-image-preview:large, max-video-preview:-1\" \/>\n<link rel=\"canonical\" href=\"https:\/\/www.miomiorun.com\/de\/produkt\/voyager-damen\/\" \/>\n<meta property=\"og:locale\" content=\"de_DE\" \/>\n<meta property=\"og:type\" content=\"article\" \/>\n<meta property=\"og:title\" content=\"Altra Voyager damen - Lifestyle-Schuhe - MioMioRun.com\" \/>\n<meta property=\"og:description\" content=\"Altra Voyager \u2013 Lifestyle-Schuhe mit Vibram\u00ae XS Trek Evo-Sohle und Altra EGO\u2122 P35-Schaumstoff. Komfort, Traktion und Stil f\u00fcr den Alltag.\" \/>\n<meta property=\"og:url\" content=\"https:\/\/www.miomiorun.com\/de\/produkt\/voyager-damen\/\" \/>\n<meta property=\"og:site_name\" content=\"MioMioRun\" \/>\n<meta property=\"article:publisher\" content=\"https:\/\/www.facebook.com\/miomiorun\/\" \/>\n<meta property=\"article:modified_time\" content=\"2026-04-29T09:45:33+00:00\" \/>\n<meta property=\"og:image\" content=\"https:\/\/www.miomiorun.com\/app\/uploads\/2026\/04\/Altra-Voyager-W-white-AL0A85TV1101.webp\" \/>\n\t<meta property=\"og:image:width\" content=\"720\" \/>\n\t<meta property=\"og:image:height\" content=\"720\" \/>\n\t<meta property=\"og:image:type\" content=\"image\/webp\" \/>\n<meta name=\"twitter:card\" content=\"summary_large_image\" \/>\n<meta name=\"twitter:label1\" content=\"Est. reading time\" \/>\n\t<meta name=\"twitter:data1\" content=\"1 minute\" \/>\n<script type=\"application\/ld+json\" class=\"yoast-schema-graph\">{\"@context\":\"https:\/\/schema.org\",\"@graph\":[{\"@type\":\"WebPage\",\"@id\":\"https:\/\/www.miomiorun.com\/de\/produkt\/voyager-damen\/\",\"url\":\"https:\/\/www.miomiorun.com\/de\/produkt\/voyager-damen\/\",\"name\":\"Altra Voyager damen - Lifestyle-Schuhe - MioMioRun.com\",\"isPartOf\":{\"@id\":\"https:\/\/www.miomiorun.com\/de\/#website\"},\"primaryImageOfPage\":{\"@id\":\"https:\/\/www.miomiorun.com\/de\/produkt\/voyager-damen\/#primaryimage\"},\"image\":{\"@id\":\"https:\/\/www.miomiorun.com\/de\/produkt\/voyager-damen\/#primaryimage\"},\"thumbnailUrl\":\"https:\/\/www.miomiorun.com\/app\/uploads\/2026\/04\/Altra-Voyager-W-white-AL0A85TV1101.webp\",\"datePublished\":\"2026-04-07T14:52:21+00:00\",\"dateModified\":\"2026-04-29T09:45:33+00:00\",\"description\":\"Altra Voyager \u2013 Lifestyle-Schuhe mit Vibram\u00ae XS Trek Evo-Sohle und Altra EGO\u2122 P35-Schaumstoff. Komfort, Traktion und Stil f\u00fcr den Alltag.\",\"breadcrumb\":{\"@id\":\"https:\/\/www.miomiorun.com\/de\/produkt\/voyager-damen\/#breadcrumb\"},\"inLanguage\":\"de-DE\",\"potentialAction\":[{\"@type\":\"ReadAction\",\"target\":[\"https:\/\/www.miomiorun.com\/de\/produkt\/voyager-damen\/\"]}]},{\"@type\":\"ImageObject\",\"inLanguage\":\"de-DE\",\"@id\":\"https:\/\/www.miomiorun.com\/de\/produkt\/voyager-damen\/#primaryimage\",\"url\":\"https:\/\/www.miomiorun.com\/app\/uploads\/2026\/04\/Altra-Voyager-W-white-AL0A85TV1101.webp\",\"contentUrl\":\"https:\/\/www.miomiorun.com\/app\/uploads\/2026\/04\/Altra-Voyager-W-white-AL0A85TV1101.webp\",\"width\":720,\"height\":720,\"caption\":\"Altra Voyager W white AL0A85TV1101\"},{\"@type\":\"BreadcrumbList\",\"@id\":\"https:\/\/www.miomiorun.com\/de\/produkt\/voyager-damen\/#breadcrumb\",\"itemListElement\":[{\"@type\":\"ListItem\",\"position\":1,\"name\":\"Home\",\"item\":\"https:\/\/www.miomiorun.com\/de\/\"},{\"@type\":\"ListItem\",\"position\":2,\"name\":\"Shop\",\"item\":\"https:\/\/www.miomiorun.com\/shop\/\"},{\"@type\":\"ListItem\",\"position\":3,\"name\":\"Voyager damen\"}]},{\"@type\":\"WebSite\",\"@id\":\"https:\/\/www.miomiorun.com\/de\/#website\",\"url\":\"https:\/\/www.miomiorun.com\/de\/\",\"name\":\"MioMioRun\",\"description\":\"100% Lauf- und Trailshop\",\"publisher\":{\"@id\":\"https:\/\/www.miomiorun.com\/de\/#organization\"},\"potentialAction\":[{\"@type\":\"SearchAction\",\"target\":{\"@type\":\"EntryPoint\",\"urlTemplate\":\"https:\/\/www.miomiorun.com\/de\/?s={search_term_string}\"},\"query-input\":{\"@type\":\"PropertyValueSpecification\",\"valueRequired\":true,\"valueName\":\"search_term_string\"}}],\"inLanguage\":\"de-DE\"},{\"@type\":\"Organization\",\"@id\":\"https:\/\/www.miomiorun.com\/de\/#organization\",\"name\":\"MioMio Run\",\"url\":\"https:\/\/www.miomiorun.com\/de\/\",\"logo\":{\"@type\":\"ImageObject\",\"inLanguage\":\"de-DE\",\"@id\":\"https:\/\/www.miomiorun.com\/de\/#\/schema\/logo\/image\/\",\"url\":\"https:\/\/www.miomiorun.com\/app\/uploads\/2019\/12\/logomio.png\",\"contentUrl\":\"https:\/\/www.miomiorun.com\/app\/uploads\/2019\/12\/logomio.png\",\"width\":115,\"height\":82,\"caption\":\"MioMio Run\"},\"image\":{\"@id\":\"https:\/\/www.miomiorun.com\/de\/#\/schema\/logo\/image\/\"},\"sameAs\":[\"https:\/\/www.facebook.com\/miomiorun\/\",\"https:\/\/www.instagram.com\/miomiorun\/\"]}]}<\/script>\n<!-- \/ Yoast SEO plugin. -->","yoast_head_json":{"title":"Altra Voyager damen - Lifestyle-Schuhe - MioMioRun.com","description":"Altra Voyager \u2013 Lifestyle-Schuhe mit Vibram\u00ae XS Trek Evo-Sohle und Altra EGO\u2122 P35-Schaumstoff. Komfort, Traktion und Stil f\u00fcr den Alltag.","robots":{"index":"index","follow":"follow","max-snippet":"max-snippet:-1","max-image-preview":"max-image-preview:large","max-video-preview":"max-video-preview:-1"},"canonical":"https:\/\/www.miomiorun.com\/de\/produkt\/voyager-damen\/","og_locale":"de_DE","og_type":"article","og_title":"Altra Voyager damen - Lifestyle-Schuhe - MioMioRun.com","og_description":"Altra Voyager \u2013 Lifestyle-Schuhe mit Vibram\u00ae XS Trek Evo-Sohle und Altra EGO\u2122 P35-Schaumstoff. Komfort, Traktion und Stil f\u00fcr den Alltag.","og_url":"https:\/\/www.miomiorun.com\/de\/produkt\/voyager-damen\/","og_site_name":"MioMioRun","article_publisher":"https:\/\/www.facebook.com\/miomiorun\/","article_modified_time":"2026-04-29T09:45:33+00:00","og_image":[{"width":720,"height":720,"url":"https:\/\/www.miomiorun.com\/app\/uploads\/2026\/04\/Altra-Voyager-W-white-AL0A85TV1101.webp","type":"image\/webp"}],"twitter_card":"summary_large_image","twitter_misc":{"Est. reading time":"1 minute"},"schema":{"@context":"https:\/\/schema.org","@graph":[{"@type":"WebPage","@id":"https:\/\/www.miomiorun.com\/de\/produkt\/voyager-damen\/","url":"https:\/\/www.miomiorun.com\/de\/produkt\/voyager-damen\/","name":"Altra Voyager damen - Lifestyle-Schuhe - MioMioRun.com","isPartOf":{"@id":"https:\/\/www.miomiorun.com\/de\/#website"},"primaryImageOfPage":{"@id":"https:\/\/www.miomiorun.com\/de\/produkt\/voyager-damen\/#primaryimage"},"image":{"@id":"https:\/\/www.miomiorun.com\/de\/produkt\/voyager-damen\/#primaryimage"},"thumbnailUrl":"https:\/\/www.miomiorun.com\/app\/uploads\/2026\/04\/Altra-Voyager-W-white-AL0A85TV1101.webp","datePublished":"2026-04-07T14:52:21+00:00","dateModified":"2026-04-29T09:45:33+00:00","description":"Altra Voyager \u2013 Lifestyle-Schuhe mit Vibram\u00ae XS Trek Evo-Sohle und Altra EGO\u2122 P35-Schaumstoff. Komfort, Traktion und Stil f\u00fcr den Alltag.","breadcrumb":{"@id":"https:\/\/www.miomiorun.com\/de\/produkt\/voyager-damen\/#breadcrumb"},"inLanguage":"de-DE","potentialAction":[{"@type":"ReadAction","target":["https:\/\/www.miomiorun.com\/de\/produkt\/voyager-damen\/"]}]},{"@type":"ImageObject","inLanguage":"de-DE","@id":"https:\/\/www.miomiorun.com\/de\/produkt\/voyager-damen\/#primaryimage","url":"https:\/\/www.miomiorun.com\/app\/uploads\/2026\/04\/Altra-Voyager-W-white-AL0A85TV1101.webp","contentUrl":"https:\/\/www.miomiorun.com\/app\/uploads\/2026\/04\/Altra-Voyager-W-white-AL0A85TV1101.webp","width":720,"height":720,"caption":"Altra Voyager W white AL0A85TV1101"},{"@type":"BreadcrumbList","@id":"https:\/\/www.miomiorun.com\/de\/produkt\/voyager-damen\/#breadcrumb","itemListElement":[{"@type":"ListItem","position":1,"name":"Home","item":"https:\/\/www.miomiorun.com\/de\/"},{"@type":"ListItem","position":2,"name":"Shop","item":"https:\/\/www.miomiorun.com\/shop\/"},{"@type":"ListItem","position":3,"name":"Voyager damen"}]},{"@type":"WebSite","@id":"https:\/\/www.miomiorun.com\/de\/#website","url":"https:\/\/www.miomiorun.com\/de\/","name":"MioMioRun","description":"100% Lauf- und Trailshop","publisher":{"@id":"https:\/\/www.miomiorun.com\/de\/#organization"},"potentialAction":[{"@type":"SearchAction","target":{"@type":"EntryPoint","urlTemplate":"https:\/\/www.miomiorun.com\/de\/?s={search_term_string}"},"query-input":{"@type":"PropertyValueSpecification","valueRequired":true,"valueName":"search_term_string"}}],"inLanguage":"de-DE"},{"@type":"Organization","@id":"https:\/\/www.miomiorun.com\/de\/#organization","name":"MioMio Run","url":"https:\/\/www.miomiorun.com\/de\/","logo":{"@type":"ImageObject","inLanguage":"de-DE","@id":"https:\/\/www.miomiorun.com\/de\/#\/schema\/logo\/image\/","url":"https:\/\/www.miomiorun.com\/app\/uploads\/2019\/12\/logomio.png","contentUrl":"https:\/\/www.miomiorun.com\/app\/uploads\/2019\/12\/logomio.png","width":115,"height":82,"caption":"MioMio Run"},"image":{"@id":"https:\/\/www.miomiorun.com\/de\/#\/schema\/logo\/image\/"},"sameAs":["https:\/\/www.facebook.com\/miomiorun\/","https:\/\/www.instagram.com\/miomiorun\/"]}]}},"_links":{"self":[{"href":"https:\/\/www.miomiorun.com\/de\/wp-json\/wp\/v2\/product\/426095","targetHints":{"allow":["GET"]}}],"collection":[{"href":"https:\/\/www.miomiorun.com\/de\/wp-json\/wp\/v2\/product"}],"about":[{"href":"https:\/\/www.miomiorun.com\/de\/wp-json\/wp\/v2\/types\/product"}],"wp:featuredmedia":[{"embeddable":true,"href":"https:\/\/www.miomiorun.com\/de\/wp-json\/wp\/v2\/media\/427022"}],"wp:attachment":[{"href":"https:\/\/www.miomiorun.com\/de\/wp-json\/wp\/v2\/media?parent=426095"}],"wp:term":[{"taxonomy":"product_brand","embeddable":true,"href":"https:\/\/www.miomiorun.com\/de\/wp-json\/wp\/v2\/product_brand?post=426095"},{"taxonomy":"product_cat","embeddable":true,"href":"https:\/\/www.miomiorun.com\/de\/wp-json\/wp\/v2\/product_cat?post=426095"},{"taxonomy":"product_tag","embeddable":true,"href":"https:\/\/www.miomiorun.com\/de\/wp-json\/wp\/v2\/product_tag?post=426095"}],"curies":[{"name":"wp","href":"https:\/\/api.w.org\/{rel}","templated":true}]}}