{"id":424097,"date":"2026-04-01T18:39:16","date_gmt":"2026-04-01T16:39:16","guid":{"rendered":"https:\/\/www.miomiorun.com\/?post_type=product&#038;p=424097"},"modified":"2026-04-29T11:33:31","modified_gmt":"2026-04-29T09:33:31","slug":"x-ultra-360-edge-mid-gtx-damen","status":"publish","type":"product","link":"https:\/\/www.miomiorun.com\/de\/produkt\/x-ultra-360-edge-mid-gtx-damen\/","title":{"rendered":"X ULTRA 360 Edge Mid GTX damen"},"content":{"rendered":"<table style=\"border-collapse: collapse;width: 100%\">\n<tbody>\n<tr>\n<td style=\"width: 33.3333%;vertical-align: top\"><strong>Technische Daten<\/strong><\/p>\n<p>Kategorie: erstklassige D\u00e4mpfung<\/p>\n<p>Sprengung: 10 mm<br \/>\nGewicht: 418 g<br \/>\nIdeal f\u00fcr: Mehrt\u00e4gige Wanderungen, Backpacking, alpines Gel\u00e4nde, gemischtes Gel\u00e4nde<br \/>\nGewicht des L\u00e4ufers: 55\u201375 kg<br \/>\nLauftempo: mittel-langsam (&gt;5:30 min\/km)<br \/>\n<a href=\"https:\/\/miomiorun.com\/guida-alle-specifiche-tecniche\/\">Leitfaden zu den technischen Daten<\/a><\/td>\n<td style=\"width: 66.6666%;vertical-align: top\">\n<p data-start=\"26\" data-end=\"398\">Der <strong data-start=\"29\" data-end=\"70\">Salomon X Ultra 360 Edge Mid GORE-TEX<\/strong> ist ein Wanderschuh, der entwickelt wurde, um <strong data-start=\"124\" data-end=\"163\">Schutz, Stabilit\u00e4t und Vielseitigkeit<\/strong> auf unterschiedlichem Gel\u00e4nde zu bieten. Inspiriert von der X Ultra-Linie, beh\u00e4lt er die technischen Eigenschaften der Produktfamilie bei und verf\u00fcgt zus\u00e4tzlich \u00fcber eine <strong data-start=\"289\" data-end=\"306\">Mid-Konstruktion<\/strong>, die den Halt und den Schutz des Kn\u00f6chels bei Outdoor-Aktivit\u00e4ten verbessern soll.<\/p>\n<p data-start=\"400\" data-end=\"823\">Die <strong data-start=\"418\" data-end=\"439\">GORE-TEX-Membran<\/strong> bietet Wasserschutz bei gleichzeitig guter Atmungsaktivit\u00e4t, wodurch sich der Schuh f\u00fcr wechselnde Wetterbedingungen eignet. Die Zwischensohle mit <strong data-start=\"602\" data-end=\"616\">EnergyCell<\/strong>-Technologie tr\u00e4gt dazu bei, St\u00f6\u00dfe beim Gehen zu d\u00e4mpfen, w\u00e4hrend das in die Sohle integrierte <strong data-start=\"683\" data-end=\"703\">advancedCHASSIS\u2122<\/strong> seitlichen Halt und Stabilit\u00e4t bietet, ohne die Bewegungsfreiheit einzuschr\u00e4nken.<\/p>\n<p data-start=\"825\" data-end=\"1240\">Die <strong data-start=\"828\" data-end=\"860\">All Terrain contaGRIP\u00ae-Sohle<\/strong> wurde entwickelt, um auf unterschiedlichen Oberfl\u00e4chen, sowohl auf trockenen als auch auf nassen, Halt zu gew\u00e4hrleisten. Das Obermaterial kombiniert synthetische und textile Materialien f\u00fcr Strapazierf\u00e4higkeit und Komfort und verf\u00fcgt \u00fcber eine <strong data-start=\"1039\" data-end=\"1057\">nahtlose Konstruktion<\/strong>, die f\u00fcr eine gleichm\u00e4\u00dfigere Passform sorgt. Das <strong data-start=\"1109\" data-end=\"1122\">sensiFIT\u2122-System<\/strong> umschlie\u00dft den Fu\u00df f\u00fcr einen stabilen und pr\u00e4zisen Sitz, unterst\u00fctzt durch eine einfache und sichere traditionelle Schn\u00fcrung.<\/p>\n<p data-start=\"1242\" data-end=\"1434\">Abgerundet wird die Konstruktion durch die <strong data-start=\"1269\" data-end=\"1300\">geformte OrthoLite\u00ae-Einlegesohle<\/strong>, die f\u00fcr verbesserte D\u00e4mpfung und Atmungsaktivit\u00e4t sorgt, sowie ein modernes Design, das dich bei jedem Abenteuer begleitet.<\/p>\n<\/td>\n<\/tr>\n<\/tbody>\n<\/table>\n<p>&nbsp;<\/p>\n","protected":false},"excerpt":{"rendered":"<ul>\n<li data-section-id=\"1irx8xm\" data-start=\"1454\" data-end=\"1532\"><strong data-start=\"1465\" data-end=\"1477\">GORE-TEX<\/strong>-Membran f\u00fcr Wasserschutz und Komfort beim Wandern<\/li>\n<li data-section-id=\"kft0j\" data-start=\"1533\" data-end=\"1609\"><strong data-start=\"1545\" data-end=\"1552\">Mid<\/strong>-Konstruktion mit advancedCHASSIS\u2122 f\u00fcr mehr Stabilit\u00e4t und Halt<\/li>\n<li data-section-id=\"se2y2c\" data-start=\"1610\" data-end=\"1686\"><strong data-start=\"1618\" data-end=\"1644\">All Terrain contaGRIP\u00ae<\/strong>-Sohle f\u00fcr Traktion auf unterschiedlichen Untergr\u00fcnden<\/li>\n<\/ul>\n","protected":false},"featured_media":424608,"template":"","meta":{"_acf_changed":false,"inline_featured_image":false},"product_brand":[],"product_cat":[6474,6491],"product_tag":[20480,20485],"class_list":{"0":"post-424097","1":"product","2":"type-product","3":"status-publish","4":"has-post-thumbnail","6":"product_cat-damenschuhe","7":"product_cat-damentrailschuhe","8":"product_tag-salomon-de","9":"product_tag-salomon-damen","10":"pa_attivita-outdoor-de","11":"pa_colore-x-ultra-360-edge-mid-gtx-w-tea-dlicgr","12":"pa_marca-salomon-de","13":"pa_sesso-damen","14":"pa_size-37-de","15":"pa_size-38-de","17":"pa_size-39-de","18":"pa_size-40-de","20":"pa_size-41-de","22":"first","23":"instock","24":"sale","25":"taxable","26":"shipping-taxable","27":"purchasable","28":"product-type-variable","29":"wvs-archive-product-wrapper"},"acf":[],"yoast_head":"<!-- This site is optimized with the Yoast SEO plugin v26.8 - https:\/\/yoast.com\/product\/yoast-seo-wordpress\/ -->\n<title>Salomon X ULTRA 360 Edge Mid GTX damen - Wanderschuhe f\u00fcr Damen - MioMioRun<\/title>\n<meta name=\"description\" content=\"Salomon X Ultra 360 Edge Mid GORE-TEX \u2013 wasserdichte Wanderschuhe mit mittlerem Schaft und Contagrip-Sohle f\u00fcr Wanderungen in jedem Gel\u00e4nde.\" \/>\n<meta name=\"robots\" content=\"index, follow, max-snippet:-1, max-image-preview:large, max-video-preview:-1\" \/>\n<link rel=\"canonical\" href=\"https:\/\/www.miomiorun.com\/de\/produkt\/x-ultra-360-edge-mid-gtx-damen\/\" \/>\n<meta property=\"og:locale\" content=\"de_DE\" \/>\n<meta property=\"og:type\" content=\"article\" \/>\n<meta property=\"og:title\" content=\"Salomon X ULTRA 360 Edge Mid GTX damen - Wanderschuhe f\u00fcr Damen - MioMioRun\" \/>\n<meta property=\"og:description\" content=\"Salomon X Ultra 360 Edge Mid GORE-TEX \u2013 wasserdichte Wanderschuhe mit mittlerem Schaft und Contagrip-Sohle f\u00fcr Wanderungen in jedem Gel\u00e4nde.\" \/>\n<meta property=\"og:url\" content=\"https:\/\/www.miomiorun.com\/de\/produkt\/x-ultra-360-edge-mid-gtx-damen\/\" \/>\n<meta property=\"og:site_name\" content=\"MioMioRun\" \/>\n<meta property=\"article:publisher\" content=\"https:\/\/www.facebook.com\/miomiorun\/\" \/>\n<meta property=\"article:modified_time\" content=\"2026-04-29T09:33:31+00:00\" \/>\n<meta property=\"og:image\" content=\"https:\/\/www.miomiorun.com\/app\/uploads\/2026\/04\/salomon-X-ULTRA-360-Edge-Mid-GTX-W-tea-dlicgr-L49098800.webp\" \/>\n\t<meta property=\"og:image:width\" content=\"720\" \/>\n\t<meta property=\"og:image:height\" content=\"720\" \/>\n\t<meta property=\"og:image:type\" content=\"image\/webp\" \/>\n<meta name=\"twitter:card\" content=\"summary_large_image\" \/>\n<meta name=\"twitter:label1\" content=\"Est. reading time\" \/>\n\t<meta name=\"twitter:data1\" content=\"1 minute\" \/>\n<script type=\"application\/ld+json\" class=\"yoast-schema-graph\">{\"@context\":\"https:\/\/schema.org\",\"@graph\":[{\"@type\":\"WebPage\",\"@id\":\"https:\/\/www.miomiorun.com\/de\/produkt\/x-ultra-360-edge-mid-gtx-damen\/\",\"url\":\"https:\/\/www.miomiorun.com\/de\/produkt\/x-ultra-360-edge-mid-gtx-damen\/\",\"name\":\"Salomon X ULTRA 360 Edge Mid GTX damen - Wanderschuhe f\u00fcr Damen - MioMioRun\",\"isPartOf\":{\"@id\":\"https:\/\/www.miomiorun.com\/de\/#website\"},\"primaryImageOfPage\":{\"@id\":\"https:\/\/www.miomiorun.com\/de\/produkt\/x-ultra-360-edge-mid-gtx-damen\/#primaryimage\"},\"image\":{\"@id\":\"https:\/\/www.miomiorun.com\/de\/produkt\/x-ultra-360-edge-mid-gtx-damen\/#primaryimage\"},\"thumbnailUrl\":\"https:\/\/www.miomiorun.com\/app\/uploads\/2026\/04\/salomon-X-ULTRA-360-Edge-Mid-GTX-W-tea-dlicgr-L49098800.webp\",\"datePublished\":\"2026-04-01T16:39:16+00:00\",\"dateModified\":\"2026-04-29T09:33:31+00:00\",\"description\":\"Salomon X Ultra 360 Edge Mid GORE-TEX \u2013 wasserdichte Wanderschuhe mit mittlerem Schaft und Contagrip-Sohle f\u00fcr Wanderungen in jedem Gel\u00e4nde.\",\"breadcrumb\":{\"@id\":\"https:\/\/www.miomiorun.com\/de\/produkt\/x-ultra-360-edge-mid-gtx-damen\/#breadcrumb\"},\"inLanguage\":\"de-DE\",\"potentialAction\":[{\"@type\":\"ReadAction\",\"target\":[\"https:\/\/www.miomiorun.com\/de\/produkt\/x-ultra-360-edge-mid-gtx-damen\/\"]}]},{\"@type\":\"ImageObject\",\"inLanguage\":\"de-DE\",\"@id\":\"https:\/\/www.miomiorun.com\/de\/produkt\/x-ultra-360-edge-mid-gtx-damen\/#primaryimage\",\"url\":\"https:\/\/www.miomiorun.com\/app\/uploads\/2026\/04\/salomon-X-ULTRA-360-Edge-Mid-GTX-W-tea-dlicgr-L49098800.webp\",\"contentUrl\":\"https:\/\/www.miomiorun.com\/app\/uploads\/2026\/04\/salomon-X-ULTRA-360-Edge-Mid-GTX-W-tea-dlicgr-L49098800.webp\",\"width\":720,\"height\":720,\"caption\":\"salomon X ULTRA 360 Edge Mid GTX W tea dlicgr L49098800\"},{\"@type\":\"BreadcrumbList\",\"@id\":\"https:\/\/www.miomiorun.com\/de\/produkt\/x-ultra-360-edge-mid-gtx-damen\/#breadcrumb\",\"itemListElement\":[{\"@type\":\"ListItem\",\"position\":1,\"name\":\"Home\",\"item\":\"https:\/\/www.miomiorun.com\/de\/\"},{\"@type\":\"ListItem\",\"position\":2,\"name\":\"Shop\",\"item\":\"https:\/\/www.miomiorun.com\/shop\/\"},{\"@type\":\"ListItem\",\"position\":3,\"name\":\"X ULTRA 360 Edge Mid GTX damen\"}]},{\"@type\":\"WebSite\",\"@id\":\"https:\/\/www.miomiorun.com\/de\/#website\",\"url\":\"https:\/\/www.miomiorun.com\/de\/\",\"name\":\"MioMioRun\",\"description\":\"100% Lauf- und Trailshop\",\"publisher\":{\"@id\":\"https:\/\/www.miomiorun.com\/de\/#organization\"},\"potentialAction\":[{\"@type\":\"SearchAction\",\"target\":{\"@type\":\"EntryPoint\",\"urlTemplate\":\"https:\/\/www.miomiorun.com\/de\/?s={search_term_string}\"},\"query-input\":{\"@type\":\"PropertyValueSpecification\",\"valueRequired\":true,\"valueName\":\"search_term_string\"}}],\"inLanguage\":\"de-DE\"},{\"@type\":\"Organization\",\"@id\":\"https:\/\/www.miomiorun.com\/de\/#organization\",\"name\":\"MioMio Run\",\"url\":\"https:\/\/www.miomiorun.com\/de\/\",\"logo\":{\"@type\":\"ImageObject\",\"inLanguage\":\"de-DE\",\"@id\":\"https:\/\/www.miomiorun.com\/de\/#\/schema\/logo\/image\/\",\"url\":\"https:\/\/www.miomiorun.com\/app\/uploads\/2019\/12\/logomio.png\",\"contentUrl\":\"https:\/\/www.miomiorun.com\/app\/uploads\/2019\/12\/logomio.png\",\"width\":115,\"height\":82,\"caption\":\"MioMio Run\"},\"image\":{\"@id\":\"https:\/\/www.miomiorun.com\/de\/#\/schema\/logo\/image\/\"},\"sameAs\":[\"https:\/\/www.facebook.com\/miomiorun\/\",\"https:\/\/www.instagram.com\/miomiorun\/\"]}]}<\/script>\n<!-- \/ Yoast SEO plugin. -->","yoast_head_json":{"title":"Salomon X ULTRA 360 Edge Mid GTX damen - Wanderschuhe f\u00fcr Damen - MioMioRun","description":"Salomon X Ultra 360 Edge Mid GORE-TEX \u2013 wasserdichte Wanderschuhe mit mittlerem Schaft und Contagrip-Sohle f\u00fcr Wanderungen in jedem Gel\u00e4nde.","robots":{"index":"index","follow":"follow","max-snippet":"max-snippet:-1","max-image-preview":"max-image-preview:large","max-video-preview":"max-video-preview:-1"},"canonical":"https:\/\/www.miomiorun.com\/de\/produkt\/x-ultra-360-edge-mid-gtx-damen\/","og_locale":"de_DE","og_type":"article","og_title":"Salomon X ULTRA 360 Edge Mid GTX damen - Wanderschuhe f\u00fcr Damen - MioMioRun","og_description":"Salomon X Ultra 360 Edge Mid GORE-TEX \u2013 wasserdichte Wanderschuhe mit mittlerem Schaft und Contagrip-Sohle f\u00fcr Wanderungen in jedem Gel\u00e4nde.","og_url":"https:\/\/www.miomiorun.com\/de\/produkt\/x-ultra-360-edge-mid-gtx-damen\/","og_site_name":"MioMioRun","article_publisher":"https:\/\/www.facebook.com\/miomiorun\/","article_modified_time":"2026-04-29T09:33:31+00:00","og_image":[{"width":720,"height":720,"url":"https:\/\/www.miomiorun.com\/app\/uploads\/2026\/04\/salomon-X-ULTRA-360-Edge-Mid-GTX-W-tea-dlicgr-L49098800.webp","type":"image\/webp"}],"twitter_card":"summary_large_image","twitter_misc":{"Est. reading time":"1 minute"},"schema":{"@context":"https:\/\/schema.org","@graph":[{"@type":"WebPage","@id":"https:\/\/www.miomiorun.com\/de\/produkt\/x-ultra-360-edge-mid-gtx-damen\/","url":"https:\/\/www.miomiorun.com\/de\/produkt\/x-ultra-360-edge-mid-gtx-damen\/","name":"Salomon X ULTRA 360 Edge Mid GTX damen - Wanderschuhe f\u00fcr Damen - MioMioRun","isPartOf":{"@id":"https:\/\/www.miomiorun.com\/de\/#website"},"primaryImageOfPage":{"@id":"https:\/\/www.miomiorun.com\/de\/produkt\/x-ultra-360-edge-mid-gtx-damen\/#primaryimage"},"image":{"@id":"https:\/\/www.miomiorun.com\/de\/produkt\/x-ultra-360-edge-mid-gtx-damen\/#primaryimage"},"thumbnailUrl":"https:\/\/www.miomiorun.com\/app\/uploads\/2026\/04\/salomon-X-ULTRA-360-Edge-Mid-GTX-W-tea-dlicgr-L49098800.webp","datePublished":"2026-04-01T16:39:16+00:00","dateModified":"2026-04-29T09:33:31+00:00","description":"Salomon X Ultra 360 Edge Mid GORE-TEX \u2013 wasserdichte Wanderschuhe mit mittlerem Schaft und Contagrip-Sohle f\u00fcr Wanderungen in jedem Gel\u00e4nde.","breadcrumb":{"@id":"https:\/\/www.miomiorun.com\/de\/produkt\/x-ultra-360-edge-mid-gtx-damen\/#breadcrumb"},"inLanguage":"de-DE","potentialAction":[{"@type":"ReadAction","target":["https:\/\/www.miomiorun.com\/de\/produkt\/x-ultra-360-edge-mid-gtx-damen\/"]}]},{"@type":"ImageObject","inLanguage":"de-DE","@id":"https:\/\/www.miomiorun.com\/de\/produkt\/x-ultra-360-edge-mid-gtx-damen\/#primaryimage","url":"https:\/\/www.miomiorun.com\/app\/uploads\/2026\/04\/salomon-X-ULTRA-360-Edge-Mid-GTX-W-tea-dlicgr-L49098800.webp","contentUrl":"https:\/\/www.miomiorun.com\/app\/uploads\/2026\/04\/salomon-X-ULTRA-360-Edge-Mid-GTX-W-tea-dlicgr-L49098800.webp","width":720,"height":720,"caption":"salomon X ULTRA 360 Edge Mid GTX W tea dlicgr L49098800"},{"@type":"BreadcrumbList","@id":"https:\/\/www.miomiorun.com\/de\/produkt\/x-ultra-360-edge-mid-gtx-damen\/#breadcrumb","itemListElement":[{"@type":"ListItem","position":1,"name":"Home","item":"https:\/\/www.miomiorun.com\/de\/"},{"@type":"ListItem","position":2,"name":"Shop","item":"https:\/\/www.miomiorun.com\/shop\/"},{"@type":"ListItem","position":3,"name":"X ULTRA 360 Edge Mid GTX damen"}]},{"@type":"WebSite","@id":"https:\/\/www.miomiorun.com\/de\/#website","url":"https:\/\/www.miomiorun.com\/de\/","name":"MioMioRun","description":"100% Lauf- und Trailshop","publisher":{"@id":"https:\/\/www.miomiorun.com\/de\/#organization"},"potentialAction":[{"@type":"SearchAction","target":{"@type":"EntryPoint","urlTemplate":"https:\/\/www.miomiorun.com\/de\/?s={search_term_string}"},"query-input":{"@type":"PropertyValueSpecification","valueRequired":true,"valueName":"search_term_string"}}],"inLanguage":"de-DE"},{"@type":"Organization","@id":"https:\/\/www.miomiorun.com\/de\/#organization","name":"MioMio Run","url":"https:\/\/www.miomiorun.com\/de\/","logo":{"@type":"ImageObject","inLanguage":"de-DE","@id":"https:\/\/www.miomiorun.com\/de\/#\/schema\/logo\/image\/","url":"https:\/\/www.miomiorun.com\/app\/uploads\/2019\/12\/logomio.png","contentUrl":"https:\/\/www.miomiorun.com\/app\/uploads\/2019\/12\/logomio.png","width":115,"height":82,"caption":"MioMio Run"},"image":{"@id":"https:\/\/www.miomiorun.com\/de\/#\/schema\/logo\/image\/"},"sameAs":["https:\/\/www.facebook.com\/miomiorun\/","https:\/\/www.instagram.com\/miomiorun\/"]}]}},"_links":{"self":[{"href":"https:\/\/www.miomiorun.com\/de\/wp-json\/wp\/v2\/product\/424097","targetHints":{"allow":["GET"]}}],"collection":[{"href":"https:\/\/www.miomiorun.com\/de\/wp-json\/wp\/v2\/product"}],"about":[{"href":"https:\/\/www.miomiorun.com\/de\/wp-json\/wp\/v2\/types\/product"}],"wp:featuredmedia":[{"embeddable":true,"href":"https:\/\/www.miomiorun.com\/de\/wp-json\/wp\/v2\/media\/424608"}],"wp:attachment":[{"href":"https:\/\/www.miomiorun.com\/de\/wp-json\/wp\/v2\/media?parent=424097"}],"wp:term":[{"taxonomy":"product_brand","embeddable":true,"href":"https:\/\/www.miomiorun.com\/de\/wp-json\/wp\/v2\/product_brand?post=424097"},{"taxonomy":"product_cat","embeddable":true,"href":"https:\/\/www.miomiorun.com\/de\/wp-json\/wp\/v2\/product_cat?post=424097"},{"taxonomy":"product_tag","embeddable":true,"href":"https:\/\/www.miomiorun.com\/de\/wp-json\/wp\/v2\/product_tag?post=424097"}],"curies":[{"name":"wp","href":"https:\/\/api.w.org\/{rel}","templated":true}]}}