{"id":424085,"date":"2026-04-01T18:39:12","date_gmt":"2026-04-01T16:39:12","guid":{"rendered":"https:\/\/www.miomiorun.com\/?post_type=product&#038;p=424085"},"modified":"2026-04-29T11:32:19","modified_gmt":"2026-04-29T09:32:19","slug":"x-ultra-360-edge-mid-gtx-herren","status":"publish","type":"product","link":"https:\/\/www.miomiorun.com\/de\/produkt\/x-ultra-360-edge-mid-gtx-herren\/","title":{"rendered":"X ULTRA 360 Edge Mid GTX herren"},"content":{"rendered":"<table style=\"border-collapse: collapse;width: 100%\">\n<tbody>\n<tr>\n<td style=\"width: 33.3333%;vertical-align: top\"><strong>Technische Daten<\/strong><\/p>\n<p>Kategorie: erstklassige D\u00e4mpfung<\/p>\n<p>Sprengung: 10 mm<\/p>\n<p>Gewicht: 418 g<\/p>\n<p>Ideal f\u00fcr: Mehrt\u00e4gige Wanderungen, Backpacking, alpines Gel\u00e4nde, gemischtes Gel\u00e4nde<br \/>\nGewicht des L\u00e4ufers: 60\u201380 kg<br \/>\nLauftempo: mittel-langsam (&gt;5,30 min\/km)<br \/>\n<a href=\"https:\/\/miomiorun.com\/guida-alle-specifiche-tecniche\/\">Leitfaden zu den technischen Spezifikationen<\/a><\/td>\n<td style=\"width: 66.6666%;vertical-align: top\">\n<p data-start=\"26\" data-end=\"398\">Der <strong data-start=\"29\" data-end=\"70\">Salomon X Ultra 360 Edge Mid GORE-TEX<\/strong> ist ein Wanderschuh, der entwickelt wurde, um <strong data-start=\"124\" data-end=\"163\">Schutz, Stabilit\u00e4t und Vielseitigkeit<\/strong> auf unterschiedlichem Gel\u00e4nde zu bieten. Inspiriert von der X Ultra-Linie, beh\u00e4lt er die technischen Eigenschaften der Produktfamilie bei und verf\u00fcgt zus\u00e4tzlich \u00fcber eine <strong data-start=\"289\" data-end=\"306\">Mid-Konstruktion<\/strong>, die den Halt und den Schutz des Kn\u00f6chels bei Outdoor-Aktivit\u00e4ten verbessern soll.<\/p>\n<p data-start=\"400\" data-end=\"823\">Die <strong data-start=\"418\" data-end=\"439\">GORE-TEX-Membran<\/strong> bietet Wasserschutz bei gleichzeitig guter Atmungsaktivit\u00e4t, wodurch sich der Schuh f\u00fcr wechselnde Wetterbedingungen eignet. Die Zwischensohle mit <strong data-start=\"602\" data-end=\"616\">EnergyCell<\/strong>-Technologie tr\u00e4gt dazu bei, St\u00f6\u00dfe beim Gehen zu d\u00e4mpfen, w\u00e4hrend das in die Sohle integrierte <strong data-start=\"683\" data-end=\"703\">advancedCHASSIS\u2122<\/strong> seitlichen Halt und Stabilit\u00e4t bietet, ohne die Bewegungsfreiheit einzuschr\u00e4nken.<\/p>\n<p data-start=\"825\" data-end=\"1240\">Die <strong data-start=\"828\" data-end=\"860\">All-Terrain-Sohle mit GRIP\u00ae<\/strong> wurde entwickelt, um auf unterschiedlichen Oberfl\u00e4chen, sowohl auf trockenen als auch auf nassen, Halt zu gew\u00e4hrleisten. Das Obermaterial kombiniert synthetische und textile Materialien f\u00fcr Strapazierf\u00e4higkeit und Komfort und verf\u00fcgt \u00fcber eine <strong data-start=\"1039\" data-end=\"1057\">nahtlose<\/strong> Konstruktion, die f\u00fcr eine gleichm\u00e4\u00dfigere Passform sorgt. Das <strong data-start=\"1109\" data-end=\"1122\">sensiFIT\u2122<\/strong>-System umschlie\u00dft den Fu\u00df f\u00fcr einen stabilen und pr\u00e4zisen Sitz, unterst\u00fctzt durch eine einfache und sichere traditionelle Schn\u00fcrung.<\/p>\n<p data-start=\"1242\" data-end=\"1434\">Abgerundet wird die Konstruktion durch die <strong data-start=\"1269\" data-end=\"1300\">geformte OrthoLite\u00ae-Einlegesohle<\/strong>, die f\u00fcr verbesserte D\u00e4mpfung und Atmungsaktivit\u00e4t sorgt, sowie ein modernes Design, das dich bei jedem Abenteuer begleitet.<\/p>\n<\/td>\n<\/tr>\n<\/tbody>\n<\/table>\n<p>&nbsp;<\/p>\n","protected":false},"excerpt":{"rendered":"<ul>\n<li data-section-id=\"1irx8xm\" data-start=\"1454\" data-end=\"1532\"><strong data-start=\"1465\" data-end=\"1477\">GORE-TEX<\/strong>-Membran f\u00fcr Wasserschutz und Komfort beim Wandern<\/li>\n<li data-section-id=\"kft0j\" data-start=\"1533\" data-end=\"1609\"><strong data-start=\"1545\" data-end=\"1552\">Mid<\/strong>-Konstruktion mit advancedCHASSIS\u2122 f\u00fcr mehr Stabilit\u00e4t und Halt<\/li>\n<li data-section-id=\"se2y2c\" data-start=\"1610\" data-end=\"1686\"><strong data-start=\"1618\" data-end=\"1644\">All Terrain contaGRIP\u00ae<\/strong>-Sohle f\u00fcr Traktion auf unterschiedlichen Untergr\u00fcnden<\/li>\n<\/ul>\n","protected":false},"featured_media":424573,"template":"","meta":{"_acf_changed":false,"inline_featured_image":false},"product_brand":[],"product_cat":[6507,6504],"product_tag":[20480,20489],"class_list":{"0":"post-424085","1":"product","2":"type-product","3":"status-publish","4":"has-post-thumbnail","6":"product_cat-herren-schuhe-de","7":"product_cat-trail","8":"product_tag-salomon-de","9":"product_tag-salomon-herren","10":"pa_attivita-outdoor-de","11":"pa_colore-x-ultra-360-edge-mid-gtx-olvnig-aloe","12":"pa_marca-salomon-de","13":"pa_sesso-herren","14":"pa_size-42-de","16":"pa_size-43-de","17":"pa_size-44-de","19":"pa_size-45-de","20":"pa_size-46-de","23":"first","24":"instock","25":"sale","26":"taxable","27":"shipping-taxable","28":"purchasable","29":"product-type-variable","30":"wvs-archive-product-wrapper"},"acf":[],"yoast_head":"<!-- This site is optimized with the Yoast SEO plugin v26.8 - https:\/\/yoast.com\/product\/yoast-seo-wordpress\/ -->\n<title>Salomon X ULTRA 360 Edge Mid GTX herren - Wanderschuhe f\u00fcr Herren - MioMioRun<\/title>\n<meta name=\"description\" content=\"Salomon X Ultra 360 Edge Mid GORE-TEX \u2013 wasserdichte Wanderschuhe mit mittlerem Schaft und Contagrip-Sohle f\u00fcr Wanderungen in jedem Gel\u00e4nde.\" \/>\n<meta name=\"robots\" content=\"index, follow, max-snippet:-1, max-image-preview:large, max-video-preview:-1\" \/>\n<link rel=\"canonical\" href=\"https:\/\/www.miomiorun.com\/de\/produkt\/x-ultra-360-edge-mid-gtx-herren\/\" \/>\n<meta property=\"og:locale\" content=\"de_DE\" \/>\n<meta property=\"og:type\" content=\"article\" \/>\n<meta property=\"og:title\" content=\"Salomon X ULTRA 360 Edge Mid GTX herren - Wanderschuhe f\u00fcr Herren - MioMioRun\" \/>\n<meta property=\"og:description\" content=\"Salomon X Ultra 360 Edge Mid GORE-TEX \u2013 wasserdichte Wanderschuhe mit mittlerem Schaft und Contagrip-Sohle f\u00fcr Wanderungen in jedem Gel\u00e4nde.\" \/>\n<meta property=\"og:url\" content=\"https:\/\/www.miomiorun.com\/de\/produkt\/x-ultra-360-edge-mid-gtx-herren\/\" \/>\n<meta property=\"og:site_name\" content=\"MioMioRun\" \/>\n<meta property=\"article:publisher\" content=\"https:\/\/www.facebook.com\/miomiorun\/\" \/>\n<meta property=\"article:modified_time\" content=\"2026-04-29T09:32:19+00:00\" \/>\n<meta property=\"og:image\" content=\"https:\/\/www.miomiorun.com\/app\/uploads\/2026\/04\/salomon-X-ULTRA-360-Edge-Mid-GTX-olvnig-aloe-L49098600.webp\" \/>\n\t<meta property=\"og:image:width\" content=\"720\" \/>\n\t<meta property=\"og:image:height\" content=\"720\" \/>\n\t<meta property=\"og:image:type\" content=\"image\/webp\" \/>\n<meta name=\"twitter:card\" content=\"summary_large_image\" \/>\n<meta name=\"twitter:label1\" content=\"Est. reading time\" \/>\n\t<meta name=\"twitter:data1\" content=\"1 minute\" \/>\n<script type=\"application\/ld+json\" class=\"yoast-schema-graph\">{\"@context\":\"https:\/\/schema.org\",\"@graph\":[{\"@type\":\"WebPage\",\"@id\":\"https:\/\/www.miomiorun.com\/de\/produkt\/x-ultra-360-edge-mid-gtx-herren\/\",\"url\":\"https:\/\/www.miomiorun.com\/de\/produkt\/x-ultra-360-edge-mid-gtx-herren\/\",\"name\":\"Salomon X ULTRA 360 Edge Mid GTX herren - Wanderschuhe f\u00fcr Herren - MioMioRun\",\"isPartOf\":{\"@id\":\"https:\/\/www.miomiorun.com\/de\/#website\"},\"primaryImageOfPage\":{\"@id\":\"https:\/\/www.miomiorun.com\/de\/produkt\/x-ultra-360-edge-mid-gtx-herren\/#primaryimage\"},\"image\":{\"@id\":\"https:\/\/www.miomiorun.com\/de\/produkt\/x-ultra-360-edge-mid-gtx-herren\/#primaryimage\"},\"thumbnailUrl\":\"https:\/\/www.miomiorun.com\/app\/uploads\/2026\/04\/salomon-X-ULTRA-360-Edge-Mid-GTX-olvnig-aloe-L49098600.webp\",\"datePublished\":\"2026-04-01T16:39:12+00:00\",\"dateModified\":\"2026-04-29T09:32:19+00:00\",\"description\":\"Salomon X Ultra 360 Edge Mid GORE-TEX \u2013 wasserdichte Wanderschuhe mit mittlerem Schaft und Contagrip-Sohle f\u00fcr Wanderungen in jedem Gel\u00e4nde.\",\"breadcrumb\":{\"@id\":\"https:\/\/www.miomiorun.com\/de\/produkt\/x-ultra-360-edge-mid-gtx-herren\/#breadcrumb\"},\"inLanguage\":\"de-DE\",\"potentialAction\":[{\"@type\":\"ReadAction\",\"target\":[\"https:\/\/www.miomiorun.com\/de\/produkt\/x-ultra-360-edge-mid-gtx-herren\/\"]}]},{\"@type\":\"ImageObject\",\"inLanguage\":\"de-DE\",\"@id\":\"https:\/\/www.miomiorun.com\/de\/produkt\/x-ultra-360-edge-mid-gtx-herren\/#primaryimage\",\"url\":\"https:\/\/www.miomiorun.com\/app\/uploads\/2026\/04\/salomon-X-ULTRA-360-Edge-Mid-GTX-olvnig-aloe-L49098600.webp\",\"contentUrl\":\"https:\/\/www.miomiorun.com\/app\/uploads\/2026\/04\/salomon-X-ULTRA-360-Edge-Mid-GTX-olvnig-aloe-L49098600.webp\",\"width\":720,\"height\":720,\"caption\":\"salomon X ULTRA 360 Edge Mid GTX olvnig aloe L49098600\"},{\"@type\":\"BreadcrumbList\",\"@id\":\"https:\/\/www.miomiorun.com\/de\/produkt\/x-ultra-360-edge-mid-gtx-herren\/#breadcrumb\",\"itemListElement\":[{\"@type\":\"ListItem\",\"position\":1,\"name\":\"Home\",\"item\":\"https:\/\/www.miomiorun.com\/de\/\"},{\"@type\":\"ListItem\",\"position\":2,\"name\":\"Shop\",\"item\":\"https:\/\/www.miomiorun.com\/shop\/\"},{\"@type\":\"ListItem\",\"position\":3,\"name\":\"X ULTRA 360 Edge Mid GTX herren\"}]},{\"@type\":\"WebSite\",\"@id\":\"https:\/\/www.miomiorun.com\/de\/#website\",\"url\":\"https:\/\/www.miomiorun.com\/de\/\",\"name\":\"MioMioRun\",\"description\":\"100% Lauf- und Trailshop\",\"publisher\":{\"@id\":\"https:\/\/www.miomiorun.com\/de\/#organization\"},\"potentialAction\":[{\"@type\":\"SearchAction\",\"target\":{\"@type\":\"EntryPoint\",\"urlTemplate\":\"https:\/\/www.miomiorun.com\/de\/?s={search_term_string}\"},\"query-input\":{\"@type\":\"PropertyValueSpecification\",\"valueRequired\":true,\"valueName\":\"search_term_string\"}}],\"inLanguage\":\"de-DE\"},{\"@type\":\"Organization\",\"@id\":\"https:\/\/www.miomiorun.com\/de\/#organization\",\"name\":\"MioMio Run\",\"url\":\"https:\/\/www.miomiorun.com\/de\/\",\"logo\":{\"@type\":\"ImageObject\",\"inLanguage\":\"de-DE\",\"@id\":\"https:\/\/www.miomiorun.com\/de\/#\/schema\/logo\/image\/\",\"url\":\"https:\/\/www.miomiorun.com\/app\/uploads\/2019\/12\/logomio.png\",\"contentUrl\":\"https:\/\/www.miomiorun.com\/app\/uploads\/2019\/12\/logomio.png\",\"width\":115,\"height\":82,\"caption\":\"MioMio Run\"},\"image\":{\"@id\":\"https:\/\/www.miomiorun.com\/de\/#\/schema\/logo\/image\/\"},\"sameAs\":[\"https:\/\/www.facebook.com\/miomiorun\/\",\"https:\/\/www.instagram.com\/miomiorun\/\"]}]}<\/script>\n<!-- \/ Yoast SEO plugin. -->","yoast_head_json":{"title":"Salomon X ULTRA 360 Edge Mid GTX herren - Wanderschuhe f\u00fcr Herren - MioMioRun","description":"Salomon X Ultra 360 Edge Mid GORE-TEX \u2013 wasserdichte Wanderschuhe mit mittlerem Schaft und Contagrip-Sohle f\u00fcr Wanderungen in jedem Gel\u00e4nde.","robots":{"index":"index","follow":"follow","max-snippet":"max-snippet:-1","max-image-preview":"max-image-preview:large","max-video-preview":"max-video-preview:-1"},"canonical":"https:\/\/www.miomiorun.com\/de\/produkt\/x-ultra-360-edge-mid-gtx-herren\/","og_locale":"de_DE","og_type":"article","og_title":"Salomon X ULTRA 360 Edge Mid GTX herren - Wanderschuhe f\u00fcr Herren - MioMioRun","og_description":"Salomon X Ultra 360 Edge Mid GORE-TEX \u2013 wasserdichte Wanderschuhe mit mittlerem Schaft und Contagrip-Sohle f\u00fcr Wanderungen in jedem Gel\u00e4nde.","og_url":"https:\/\/www.miomiorun.com\/de\/produkt\/x-ultra-360-edge-mid-gtx-herren\/","og_site_name":"MioMioRun","article_publisher":"https:\/\/www.facebook.com\/miomiorun\/","article_modified_time":"2026-04-29T09:32:19+00:00","og_image":[{"width":720,"height":720,"url":"https:\/\/www.miomiorun.com\/app\/uploads\/2026\/04\/salomon-X-ULTRA-360-Edge-Mid-GTX-olvnig-aloe-L49098600.webp","type":"image\/webp"}],"twitter_card":"summary_large_image","twitter_misc":{"Est. reading time":"1 minute"},"schema":{"@context":"https:\/\/schema.org","@graph":[{"@type":"WebPage","@id":"https:\/\/www.miomiorun.com\/de\/produkt\/x-ultra-360-edge-mid-gtx-herren\/","url":"https:\/\/www.miomiorun.com\/de\/produkt\/x-ultra-360-edge-mid-gtx-herren\/","name":"Salomon X ULTRA 360 Edge Mid GTX herren - Wanderschuhe f\u00fcr Herren - MioMioRun","isPartOf":{"@id":"https:\/\/www.miomiorun.com\/de\/#website"},"primaryImageOfPage":{"@id":"https:\/\/www.miomiorun.com\/de\/produkt\/x-ultra-360-edge-mid-gtx-herren\/#primaryimage"},"image":{"@id":"https:\/\/www.miomiorun.com\/de\/produkt\/x-ultra-360-edge-mid-gtx-herren\/#primaryimage"},"thumbnailUrl":"https:\/\/www.miomiorun.com\/app\/uploads\/2026\/04\/salomon-X-ULTRA-360-Edge-Mid-GTX-olvnig-aloe-L49098600.webp","datePublished":"2026-04-01T16:39:12+00:00","dateModified":"2026-04-29T09:32:19+00:00","description":"Salomon X Ultra 360 Edge Mid GORE-TEX \u2013 wasserdichte Wanderschuhe mit mittlerem Schaft und Contagrip-Sohle f\u00fcr Wanderungen in jedem Gel\u00e4nde.","breadcrumb":{"@id":"https:\/\/www.miomiorun.com\/de\/produkt\/x-ultra-360-edge-mid-gtx-herren\/#breadcrumb"},"inLanguage":"de-DE","potentialAction":[{"@type":"ReadAction","target":["https:\/\/www.miomiorun.com\/de\/produkt\/x-ultra-360-edge-mid-gtx-herren\/"]}]},{"@type":"ImageObject","inLanguage":"de-DE","@id":"https:\/\/www.miomiorun.com\/de\/produkt\/x-ultra-360-edge-mid-gtx-herren\/#primaryimage","url":"https:\/\/www.miomiorun.com\/app\/uploads\/2026\/04\/salomon-X-ULTRA-360-Edge-Mid-GTX-olvnig-aloe-L49098600.webp","contentUrl":"https:\/\/www.miomiorun.com\/app\/uploads\/2026\/04\/salomon-X-ULTRA-360-Edge-Mid-GTX-olvnig-aloe-L49098600.webp","width":720,"height":720,"caption":"salomon X ULTRA 360 Edge Mid GTX olvnig aloe L49098600"},{"@type":"BreadcrumbList","@id":"https:\/\/www.miomiorun.com\/de\/produkt\/x-ultra-360-edge-mid-gtx-herren\/#breadcrumb","itemListElement":[{"@type":"ListItem","position":1,"name":"Home","item":"https:\/\/www.miomiorun.com\/de\/"},{"@type":"ListItem","position":2,"name":"Shop","item":"https:\/\/www.miomiorun.com\/shop\/"},{"@type":"ListItem","position":3,"name":"X ULTRA 360 Edge Mid GTX herren"}]},{"@type":"WebSite","@id":"https:\/\/www.miomiorun.com\/de\/#website","url":"https:\/\/www.miomiorun.com\/de\/","name":"MioMioRun","description":"100% Lauf- und Trailshop","publisher":{"@id":"https:\/\/www.miomiorun.com\/de\/#organization"},"potentialAction":[{"@type":"SearchAction","target":{"@type":"EntryPoint","urlTemplate":"https:\/\/www.miomiorun.com\/de\/?s={search_term_string}"},"query-input":{"@type":"PropertyValueSpecification","valueRequired":true,"valueName":"search_term_string"}}],"inLanguage":"de-DE"},{"@type":"Organization","@id":"https:\/\/www.miomiorun.com\/de\/#organization","name":"MioMio Run","url":"https:\/\/www.miomiorun.com\/de\/","logo":{"@type":"ImageObject","inLanguage":"de-DE","@id":"https:\/\/www.miomiorun.com\/de\/#\/schema\/logo\/image\/","url":"https:\/\/www.miomiorun.com\/app\/uploads\/2019\/12\/logomio.png","contentUrl":"https:\/\/www.miomiorun.com\/app\/uploads\/2019\/12\/logomio.png","width":115,"height":82,"caption":"MioMio Run"},"image":{"@id":"https:\/\/www.miomiorun.com\/de\/#\/schema\/logo\/image\/"},"sameAs":["https:\/\/www.facebook.com\/miomiorun\/","https:\/\/www.instagram.com\/miomiorun\/"]}]}},"_links":{"self":[{"href":"https:\/\/www.miomiorun.com\/de\/wp-json\/wp\/v2\/product\/424085","targetHints":{"allow":["GET"]}}],"collection":[{"href":"https:\/\/www.miomiorun.com\/de\/wp-json\/wp\/v2\/product"}],"about":[{"href":"https:\/\/www.miomiorun.com\/de\/wp-json\/wp\/v2\/types\/product"}],"wp:featuredmedia":[{"embeddable":true,"href":"https:\/\/www.miomiorun.com\/de\/wp-json\/wp\/v2\/media\/424573"}],"wp:attachment":[{"href":"https:\/\/www.miomiorun.com\/de\/wp-json\/wp\/v2\/media?parent=424085"}],"wp:term":[{"taxonomy":"product_brand","embeddable":true,"href":"https:\/\/www.miomiorun.com\/de\/wp-json\/wp\/v2\/product_brand?post=424085"},{"taxonomy":"product_cat","embeddable":true,"href":"https:\/\/www.miomiorun.com\/de\/wp-json\/wp\/v2\/product_cat?post=424085"},{"taxonomy":"product_tag","embeddable":true,"href":"https:\/\/www.miomiorun.com\/de\/wp-json\/wp\/v2\/product_tag?post=424085"}],"curies":[{"name":"wp","href":"https:\/\/api.w.org\/{rel}","templated":true}]}}