{"id":423897,"date":"2026-04-01T18:24:22","date_gmt":"2026-04-01T16:24:22","guid":{"rendered":"https:\/\/www.miomiorun.com\/?post_type=product&#038;p=423897"},"modified":"2026-04-29T11:26:17","modified_gmt":"2026-04-29T09:26:17","slug":"aero-glide-4-grvl-herren","status":"publish","type":"product","link":"https:\/\/www.miomiorun.com\/de\/produkt\/aero-glide-4-grvl-herren\/","title":{"rendered":"Aero Glide 4 GRVL herren"},"content":{"rendered":"<table style=\"border-collapse: collapse;width: 100%\">\n<tbody>\n<tr>\n<td style=\"width: 33.3333%;vertical-align: top\">\n<h4>Technische Daten<\/h4>\n<p>Kategorie: Erstklassige D\u00e4mpfung<\/p>\n<p>Gewicht: 276 g<\/p>\n<p>Sprengung: 8 mm<\/p>\n<p>Ideal f\u00fcr: L\u00e4ufer, die eine Kombination aus reaktiver D\u00e4mpfung, Fu\u00dfschutz und au\u00dfergew\u00f6hnlichem Komfort auch auf unbefestigten Wegen suchen!<br \/>\n<a href=\"https:\/\/miomiorun.com\/guida-alle-specifiche-tecniche\/\">Leitfaden zu den technischen Daten<\/a><\/td>\n<td style=\"width: 66.6666%;vertical-align: top\">\n<p data-start=\"26\" data-end=\"301\">Der <strong data-start=\"29\" data-end=\"58\">Salomon Aero Glide 4 GRVL<\/strong> ist ein Laufschuh f\u00fcr alle, die abseits der klassischen Strecken laufen und nahtlos von Asphalt auf unbefestigte Wege wechseln m\u00f6chten. Er wurde f\u00fcr <strong data-start=\"211\" data-end=\"236\">Vielseitigkeit und Komfort<\/strong> entwickelt und ist ideal f\u00fcr alle, die auch auf gemischtem Untergrund einen fl\u00fcssigen Lauf suchen.<\/p>\n<p data-start=\"303\" data-end=\"592\">Die Zwischensohle mit <strong data-start=\"331\" data-end=\"344\">optiFOAM\u00b2<\/strong>-Technologie wurde entwickelt, um D\u00e4mpfung und Energier\u00fcckgabe zu bieten und den Schritt mit einem dynamischen Gef\u00fchl zu begleiten. Die <strong data-start=\"473\" data-end=\"491\">Reverse Camber<\/strong>-Geometrie f\u00f6rdert einen fl\u00fcssigen \u00dcbergang und tr\u00e4gt zu einem geschmeidigen Lauf auf verschiedenen Untergr\u00fcnden bei.<\/p>\n<p data-start=\"594\" data-end=\"1016\">Die <strong data-start=\"597\" data-end=\"624\">Gravel-Sohle conGRIP\u00ae<\/strong> in Kombination mit <strong data-start=\"637\" data-end=\"674\">multidirektionalen Chevron-Stollen<\/strong> wurde entwickelt, um sowohl auf Asphalt als auch auf weicherem Untergrund wie Schotter und Erde Traktion zu bieten und sorgt f\u00fcr Stabilit\u00e4t bei wechselnden Bodenverh\u00e4ltnissen. Das Obermaterial aus <strong data-start=\"834\" data-end=\"860\">nahtlosem 3D-Mesh<\/strong> sorgt f\u00fcr Atmungsaktivit\u00e4t und Komfort, w\u00e4hrend die Innenkonstruktion mit <strong data-start=\"931\" data-end=\"956\">sensiFIT\u2122 und endoFit\u2122<\/strong> den Fu\u00df pr\u00e4zise und stabil umschlie\u00dft.<\/p>\n<p data-start=\"1018\" data-end=\"1238\">Abgerundet wird der Schuh durch die <strong data-start=\"1042\" data-end=\"1073\">geformte OrthoLite\u00ae-Einlegesohle<\/strong>, die f\u00fcr mehr Komfort und Atmungsaktivit\u00e4t sorgt, sowie durch ein Design, das dich auch bei den unvorhersehbarsten L\u00e4ufen begleitet, bei denen wechselnder Untergrund zum Spiel geh\u00f6rt.<\/p>\n<\/td>\n<\/tr>\n<\/tbody>\n<\/table>\n<p>&nbsp;<\/p>\n","protected":false},"excerpt":{"rendered":"<ul>\n<li data-section-id=\"ibm87t\" data-start=\"1258\" data-end=\"1352\">D\u00e4mpfung <strong data-start=\"1276\" data-end=\"1289\">optiFOAM\u00b2<\/strong> und Reverse-Camber-Geometrie f\u00fcr fl\u00fcssiges Laufen auf gemischtem Gel\u00e4nde<\/li>\n<li data-section-id=\"1ivxr3g\" data-start=\"1353\" data-end=\"1440\"><strong data-start=\"1361\" data-end=\"1382\">Gravel contaGRIP\u00ae<\/strong>-Sohle mit Chevron-Stollen f\u00fcr Traktion auf Asphalt und Schotter<\/li>\n<li data-section-id=\"4c2mfz\" data-start=\"1441\" data-end=\"1527\">Obermaterial aus <strong data-start=\"1453\" data-end=\"1479\">nahtlosem 3D-Mesh<\/strong> mit sensiFIT\u2122 und endoFit\u2122 f\u00fcr stabilen Sitz<\/li>\n<\/ul>\n","protected":false},"featured_media":424736,"template":"","meta":{"_acf_changed":false,"inline_featured_image":false},"product_brand":[],"product_cat":[6507,6504],"product_tag":[20480,20489],"class_list":{"0":"post-423897","1":"product","2":"type-product","3":"status-publish","4":"has-post-thumbnail","6":"product_cat-herren-schuhe-de","7":"product_cat-trail","8":"product_tag-salomon-de","9":"product_tag-salomon-herren","10":"pa_attivita-gehen","11":"pa_attivita-running-de","12":"pa_attivita-trail-de","13":"pa_colore-aero-glide-4-grvl-vanila-knocko-black","14":"pa_colore-aero-glide-4-grvl-vanilla-ice-black-iron","15":"pa_marca-salomon-de","16":"pa_sesso-herren","17":"pa_size-40-de","19":"pa_size-41-de","20":"pa_size-42-de","22":"pa_size-43-de","23":"pa_size-44-de","25":"pa_size-45-de","26":"pa_size-46-de","28":"pa_size-47-de","30":"first","31":"instock","32":"taxable","33":"shipping-taxable","34":"purchasable","35":"product-type-variable","36":"wvs-archive-product-wrapper"},"acf":[],"yoast_head":"<!-- This site is optimized with the Yoast SEO plugin v26.8 - https:\/\/yoast.com\/product\/yoast-seo-wordpress\/ -->\n<title>SalomonAero Glide 4 GRVL herren - Laufschuhe f\u00fcr Herren - MioMioRun<\/title>\n<meta name=\"description\" content=\"Salomon Aero Glide 4 GRVL \u2013 Laufschuhe f\u00fcr Asphalt und unbefestigte Wege mit Contagrip-Sohle und optiFOAM\u00b2 f\u00fcr Komfort und Traktion auf gemischtem Untergrund.\" \/>\n<meta name=\"robots\" content=\"index, follow, max-snippet:-1, max-image-preview:large, max-video-preview:-1\" \/>\n<link rel=\"canonical\" href=\"https:\/\/www.miomiorun.com\/de\/produkt\/aero-glide-4-grvl-herren\/\" \/>\n<meta property=\"og:locale\" content=\"de_DE\" \/>\n<meta property=\"og:type\" content=\"article\" \/>\n<meta property=\"og:title\" content=\"SalomonAero Glide 4 GRVL herren - Laufschuhe f\u00fcr Herren - MioMioRun\" \/>\n<meta property=\"og:description\" content=\"Salomon Aero Glide 4 GRVL \u2013 Laufschuhe f\u00fcr Asphalt und unbefestigte Wege mit Contagrip-Sohle und optiFOAM\u00b2 f\u00fcr Komfort und Traktion auf gemischtem Untergrund.\" \/>\n<meta property=\"og:url\" content=\"https:\/\/www.miomiorun.com\/de\/produkt\/aero-glide-4-grvl-herren\/\" \/>\n<meta property=\"og:site_name\" content=\"MioMioRun\" \/>\n<meta property=\"article:publisher\" content=\"https:\/\/www.facebook.com\/miomiorun\/\" \/>\n<meta property=\"article:modified_time\" content=\"2026-04-29T09:26:17+00:00\" \/>\n<meta property=\"og:image\" content=\"https:\/\/www.miomiorun.com\/app\/uploads\/2026\/04\/salomon-Aero-Glide-4-GRVL-vanilla-ice-black-iron-L49174900.webp\" \/>\n\t<meta property=\"og:image:width\" content=\"720\" \/>\n\t<meta property=\"og:image:height\" content=\"720\" \/>\n\t<meta property=\"og:image:type\" content=\"image\/webp\" \/>\n<meta name=\"twitter:card\" content=\"summary_large_image\" \/>\n<meta name=\"twitter:label1\" content=\"Est. reading time\" \/>\n\t<meta name=\"twitter:data1\" content=\"1 minute\" \/>\n<script type=\"application\/ld+json\" class=\"yoast-schema-graph\">{\"@context\":\"https:\/\/schema.org\",\"@graph\":[{\"@type\":\"WebPage\",\"@id\":\"https:\/\/www.miomiorun.com\/de\/produkt\/aero-glide-4-grvl-herren\/\",\"url\":\"https:\/\/www.miomiorun.com\/de\/produkt\/aero-glide-4-grvl-herren\/\",\"name\":\"SalomonAero Glide 4 GRVL herren - Laufschuhe f\u00fcr Herren - MioMioRun\",\"isPartOf\":{\"@id\":\"https:\/\/www.miomiorun.com\/de\/#website\"},\"primaryImageOfPage\":{\"@id\":\"https:\/\/www.miomiorun.com\/de\/produkt\/aero-glide-4-grvl-herren\/#primaryimage\"},\"image\":{\"@id\":\"https:\/\/www.miomiorun.com\/de\/produkt\/aero-glide-4-grvl-herren\/#primaryimage\"},\"thumbnailUrl\":\"https:\/\/www.miomiorun.com\/app\/uploads\/2026\/04\/salomon-Aero-Glide-4-GRVL-vanilla-ice-black-iron-L49174900.webp\",\"datePublished\":\"2026-04-01T16:24:22+00:00\",\"dateModified\":\"2026-04-29T09:26:17+00:00\",\"description\":\"Salomon Aero Glide 4 GRVL \u2013 Laufschuhe f\u00fcr Asphalt und unbefestigte Wege mit Contagrip-Sohle und optiFOAM\u00b2 f\u00fcr Komfort und Traktion auf gemischtem Untergrund.\",\"breadcrumb\":{\"@id\":\"https:\/\/www.miomiorun.com\/de\/produkt\/aero-glide-4-grvl-herren\/#breadcrumb\"},\"inLanguage\":\"de-DE\",\"potentialAction\":[{\"@type\":\"ReadAction\",\"target\":[\"https:\/\/www.miomiorun.com\/de\/produkt\/aero-glide-4-grvl-herren\/\"]}]},{\"@type\":\"ImageObject\",\"inLanguage\":\"de-DE\",\"@id\":\"https:\/\/www.miomiorun.com\/de\/produkt\/aero-glide-4-grvl-herren\/#primaryimage\",\"url\":\"https:\/\/www.miomiorun.com\/app\/uploads\/2026\/04\/salomon-Aero-Glide-4-GRVL-vanilla-ice-black-iron-L49174900.webp\",\"contentUrl\":\"https:\/\/www.miomiorun.com\/app\/uploads\/2026\/04\/salomon-Aero-Glide-4-GRVL-vanilla-ice-black-iron-L49174900.webp\",\"width\":720,\"height\":720,\"caption\":\"salomon Aero Glide 4 GRVL vanilla ice black iron L49174900\"},{\"@type\":\"BreadcrumbList\",\"@id\":\"https:\/\/www.miomiorun.com\/de\/produkt\/aero-glide-4-grvl-herren\/#breadcrumb\",\"itemListElement\":[{\"@type\":\"ListItem\",\"position\":1,\"name\":\"Home\",\"item\":\"https:\/\/www.miomiorun.com\/de\/\"},{\"@type\":\"ListItem\",\"position\":2,\"name\":\"Shop\",\"item\":\"https:\/\/www.miomiorun.com\/shop\/\"},{\"@type\":\"ListItem\",\"position\":3,\"name\":\"Aero Glide 4 GRVL herren\"}]},{\"@type\":\"WebSite\",\"@id\":\"https:\/\/www.miomiorun.com\/de\/#website\",\"url\":\"https:\/\/www.miomiorun.com\/de\/\",\"name\":\"MioMioRun\",\"description\":\"100% Lauf- und Trailshop\",\"publisher\":{\"@id\":\"https:\/\/www.miomiorun.com\/de\/#organization\"},\"potentialAction\":[{\"@type\":\"SearchAction\",\"target\":{\"@type\":\"EntryPoint\",\"urlTemplate\":\"https:\/\/www.miomiorun.com\/de\/?s={search_term_string}\"},\"query-input\":{\"@type\":\"PropertyValueSpecification\",\"valueRequired\":true,\"valueName\":\"search_term_string\"}}],\"inLanguage\":\"de-DE\"},{\"@type\":\"Organization\",\"@id\":\"https:\/\/www.miomiorun.com\/de\/#organization\",\"name\":\"MioMio Run\",\"url\":\"https:\/\/www.miomiorun.com\/de\/\",\"logo\":{\"@type\":\"ImageObject\",\"inLanguage\":\"de-DE\",\"@id\":\"https:\/\/www.miomiorun.com\/de\/#\/schema\/logo\/image\/\",\"url\":\"https:\/\/www.miomiorun.com\/app\/uploads\/2019\/12\/logomio.png\",\"contentUrl\":\"https:\/\/www.miomiorun.com\/app\/uploads\/2019\/12\/logomio.png\",\"width\":115,\"height\":82,\"caption\":\"MioMio Run\"},\"image\":{\"@id\":\"https:\/\/www.miomiorun.com\/de\/#\/schema\/logo\/image\/\"},\"sameAs\":[\"https:\/\/www.facebook.com\/miomiorun\/\",\"https:\/\/www.instagram.com\/miomiorun\/\"]}]}<\/script>\n<!-- \/ Yoast SEO plugin. -->","yoast_head_json":{"title":"SalomonAero Glide 4 GRVL herren - Laufschuhe f\u00fcr Herren - MioMioRun","description":"Salomon Aero Glide 4 GRVL \u2013 Laufschuhe f\u00fcr Asphalt und unbefestigte Wege mit Contagrip-Sohle und optiFOAM\u00b2 f\u00fcr Komfort und Traktion auf gemischtem Untergrund.","robots":{"index":"index","follow":"follow","max-snippet":"max-snippet:-1","max-image-preview":"max-image-preview:large","max-video-preview":"max-video-preview:-1"},"canonical":"https:\/\/www.miomiorun.com\/de\/produkt\/aero-glide-4-grvl-herren\/","og_locale":"de_DE","og_type":"article","og_title":"SalomonAero Glide 4 GRVL herren - Laufschuhe f\u00fcr Herren - MioMioRun","og_description":"Salomon Aero Glide 4 GRVL \u2013 Laufschuhe f\u00fcr Asphalt und unbefestigte Wege mit Contagrip-Sohle und optiFOAM\u00b2 f\u00fcr Komfort und Traktion auf gemischtem Untergrund.","og_url":"https:\/\/www.miomiorun.com\/de\/produkt\/aero-glide-4-grvl-herren\/","og_site_name":"MioMioRun","article_publisher":"https:\/\/www.facebook.com\/miomiorun\/","article_modified_time":"2026-04-29T09:26:17+00:00","og_image":[{"width":720,"height":720,"url":"https:\/\/www.miomiorun.com\/app\/uploads\/2026\/04\/salomon-Aero-Glide-4-GRVL-vanilla-ice-black-iron-L49174900.webp","type":"image\/webp"}],"twitter_card":"summary_large_image","twitter_misc":{"Est. reading time":"1 minute"},"schema":{"@context":"https:\/\/schema.org","@graph":[{"@type":"WebPage","@id":"https:\/\/www.miomiorun.com\/de\/produkt\/aero-glide-4-grvl-herren\/","url":"https:\/\/www.miomiorun.com\/de\/produkt\/aero-glide-4-grvl-herren\/","name":"SalomonAero Glide 4 GRVL herren - Laufschuhe f\u00fcr Herren - MioMioRun","isPartOf":{"@id":"https:\/\/www.miomiorun.com\/de\/#website"},"primaryImageOfPage":{"@id":"https:\/\/www.miomiorun.com\/de\/produkt\/aero-glide-4-grvl-herren\/#primaryimage"},"image":{"@id":"https:\/\/www.miomiorun.com\/de\/produkt\/aero-glide-4-grvl-herren\/#primaryimage"},"thumbnailUrl":"https:\/\/www.miomiorun.com\/app\/uploads\/2026\/04\/salomon-Aero-Glide-4-GRVL-vanilla-ice-black-iron-L49174900.webp","datePublished":"2026-04-01T16:24:22+00:00","dateModified":"2026-04-29T09:26:17+00:00","description":"Salomon Aero Glide 4 GRVL \u2013 Laufschuhe f\u00fcr Asphalt und unbefestigte Wege mit Contagrip-Sohle und optiFOAM\u00b2 f\u00fcr Komfort und Traktion auf gemischtem Untergrund.","breadcrumb":{"@id":"https:\/\/www.miomiorun.com\/de\/produkt\/aero-glide-4-grvl-herren\/#breadcrumb"},"inLanguage":"de-DE","potentialAction":[{"@type":"ReadAction","target":["https:\/\/www.miomiorun.com\/de\/produkt\/aero-glide-4-grvl-herren\/"]}]},{"@type":"ImageObject","inLanguage":"de-DE","@id":"https:\/\/www.miomiorun.com\/de\/produkt\/aero-glide-4-grvl-herren\/#primaryimage","url":"https:\/\/www.miomiorun.com\/app\/uploads\/2026\/04\/salomon-Aero-Glide-4-GRVL-vanilla-ice-black-iron-L49174900.webp","contentUrl":"https:\/\/www.miomiorun.com\/app\/uploads\/2026\/04\/salomon-Aero-Glide-4-GRVL-vanilla-ice-black-iron-L49174900.webp","width":720,"height":720,"caption":"salomon Aero Glide 4 GRVL vanilla ice black iron L49174900"},{"@type":"BreadcrumbList","@id":"https:\/\/www.miomiorun.com\/de\/produkt\/aero-glide-4-grvl-herren\/#breadcrumb","itemListElement":[{"@type":"ListItem","position":1,"name":"Home","item":"https:\/\/www.miomiorun.com\/de\/"},{"@type":"ListItem","position":2,"name":"Shop","item":"https:\/\/www.miomiorun.com\/shop\/"},{"@type":"ListItem","position":3,"name":"Aero Glide 4 GRVL herren"}]},{"@type":"WebSite","@id":"https:\/\/www.miomiorun.com\/de\/#website","url":"https:\/\/www.miomiorun.com\/de\/","name":"MioMioRun","description":"100% Lauf- und Trailshop","publisher":{"@id":"https:\/\/www.miomiorun.com\/de\/#organization"},"potentialAction":[{"@type":"SearchAction","target":{"@type":"EntryPoint","urlTemplate":"https:\/\/www.miomiorun.com\/de\/?s={search_term_string}"},"query-input":{"@type":"PropertyValueSpecification","valueRequired":true,"valueName":"search_term_string"}}],"inLanguage":"de-DE"},{"@type":"Organization","@id":"https:\/\/www.miomiorun.com\/de\/#organization","name":"MioMio Run","url":"https:\/\/www.miomiorun.com\/de\/","logo":{"@type":"ImageObject","inLanguage":"de-DE","@id":"https:\/\/www.miomiorun.com\/de\/#\/schema\/logo\/image\/","url":"https:\/\/www.miomiorun.com\/app\/uploads\/2019\/12\/logomio.png","contentUrl":"https:\/\/www.miomiorun.com\/app\/uploads\/2019\/12\/logomio.png","width":115,"height":82,"caption":"MioMio Run"},"image":{"@id":"https:\/\/www.miomiorun.com\/de\/#\/schema\/logo\/image\/"},"sameAs":["https:\/\/www.facebook.com\/miomiorun\/","https:\/\/www.instagram.com\/miomiorun\/"]}]}},"_links":{"self":[{"href":"https:\/\/www.miomiorun.com\/de\/wp-json\/wp\/v2\/product\/423897","targetHints":{"allow":["GET"]}}],"collection":[{"href":"https:\/\/www.miomiorun.com\/de\/wp-json\/wp\/v2\/product"}],"about":[{"href":"https:\/\/www.miomiorun.com\/de\/wp-json\/wp\/v2\/types\/product"}],"wp:featuredmedia":[{"embeddable":true,"href":"https:\/\/www.miomiorun.com\/de\/wp-json\/wp\/v2\/media\/424736"}],"wp:attachment":[{"href":"https:\/\/www.miomiorun.com\/de\/wp-json\/wp\/v2\/media?parent=423897"}],"wp:term":[{"taxonomy":"product_brand","embeddable":true,"href":"https:\/\/www.miomiorun.com\/de\/wp-json\/wp\/v2\/product_brand?post=423897"},{"taxonomy":"product_cat","embeddable":true,"href":"https:\/\/www.miomiorun.com\/de\/wp-json\/wp\/v2\/product_cat?post=423897"},{"taxonomy":"product_tag","embeddable":true,"href":"https:\/\/www.miomiorun.com\/de\/wp-json\/wp\/v2\/product_tag?post=423897"}],"curies":[{"name":"wp","href":"https:\/\/api.w.org\/{rel}","templated":true}]}}