{"id":423569,"date":"2026-04-01T10:54:42","date_gmt":"2026-04-01T08:54:42","guid":{"rendered":"https:\/\/www.miomiorun.com\/?post_type=product&#038;p=423569"},"modified":"2026-04-29T11:23:44","modified_gmt":"2026-04-29T09:23:44","slug":"aero-glide-4-herren","status":"publish","type":"product","link":"https:\/\/www.miomiorun.com\/de\/produkt\/aero-glide-4-herren\/","title":{"rendered":"Aero Glide 4 herren"},"content":{"rendered":"<table style=\"border-collapse: collapse;width: 100%\">\n<tbody>\n<tr>\n<td style=\"width: 33.33%;vertical-align: top\">\n<h4>Technische Daten<\/h4>\n<p>Kategorie: Erstklassige D\u00e4mpfung<\/p>\n<p>Gewicht: 250 g<\/p>\n<p>Sprengung: 8 mm<\/p>\n<p>Ideal f\u00fcr: L\u00e4ufer, die eine Kombination aus reaktiver D\u00e4mpfung, Fu\u00dfschutz und au\u00dfergew\u00f6hnlichem Komfort suchen<br \/>\n<a href=\"https:\/\/miomiorun.com\/guida-alle-specifiche-tecniche\/\">Leitfaden zu den technischen Daten<\/a><\/td>\n<td style=\"width: 66.66%;vertical-align: top\">\n<p data-start=\"26\" data-end=\"337\">Der <strong data-start=\"29\" data-end=\"53\">Salomon Aero Glide 4<\/strong> ist ein Stra\u00dfenlaufschuh, der entwickelt wurde, um Komfort und Laufgeschmeidigkeit beim t\u00e4glichen Lauftraining zu bieten. Das neue <strong data-start=\"168\" data-end=\"193\">nahtlose Obermaterial<\/strong> aus <strong data-start=\"209\" data-end=\"232\">atmungsaktivem 3D-Mesh<\/strong> schmiegt sich wie eine zweite Haut an den Fu\u00df an und sorgt f\u00fcr Bel\u00fcftung und eine gleichm\u00e4\u00dfige Passform.<\/p>\n<p data-start=\"339\" data-end=\"659\">Die Zwischensohle mit <strong data-start=\"367\" data-end=\"380\">optiFOAM\u00b2<\/strong>-Technologie wurde entwickelt, um ein Gleichgewicht zwischen D\u00e4mpfung und Energier\u00fcckgabe zu bieten und den Schritt mit einem dynamischen Gef\u00fchl zu begleiten. Die vom Skisport inspirierte <strong data-start=\"529\" data-end=\"547\">Reverse Camber<\/strong>-Geometrie sorgt f\u00fcr einen fl\u00fcssigeren \u00dcbergang und f\u00f6rdert einen geschmeidigen Lauf. <\/p>\n<p data-start=\"661\" data-end=\"1022\">Die <strong data-start=\"664\" data-end=\"689\">Road contaGRIP\u00ae-Sohle<\/strong> wurde entwickelt, um Halt auf harten und ebenen Oberfl\u00e4chen zu gew\u00e4hrleisten, w\u00e4hrend die <strong data-start=\"773\" data-end=\"786\">sensiFIT\u2122-Struktur<\/strong> zu einer stabilen und umh\u00fcllenden Passform beitr\u00e4gt. Abgerundet wird der Schuh durch die <strong data-start=\"860\" data-end=\"891\">geformte OrthoLite\u00ae-Einlegesohle<\/strong>, die f\u00fcr mehr Komfort und Atmungsaktivit\u00e4t sorgt, sowie durch das traditionelle Schn\u00fcrsystem f\u00fcr eine einfache und sichere Passform.<\/p>\n<p data-start=\"1024\" data-end=\"1165\">Der Aero Glide 4 wurde f\u00fcr alle entwickelt, die ein komfortables und dynamisches Lauferlebnis suchen, und eignet sich f\u00fcr das Training auf der Stra\u00dfe mit einem fl\u00fcssigen und gleichm\u00e4\u00dfigen Laufstil.<\/p>\n<\/td>\n<\/tr>\n<\/tbody>\n<\/table>\n<p>&nbsp;<\/p>\n","protected":false},"excerpt":{"rendered":"<ul>\n<li data-section-id=\"1jy4cwq\" data-start=\"1185\" data-end=\"1273\">D\u00e4mpfung <strong data-start=\"1203\" data-end=\"1216\">optiFOAM\u00b2<\/strong> f\u00fcr Komfort und Energier\u00fcckgabe beim Stra\u00dfenlauf<\/li>\n<li data-section-id=\"uly70k\" data-start=\"1274\" data-end=\"1342\"><strong data-start=\"1286\" data-end=\"1304\">Reverse Camber<\/strong>-Geometrie f\u00fcr einen fl\u00fcssigen und geschmeidigen Laufstil<\/li>\n<li data-section-id=\"1wlyuot\" data-start=\"1343\" data-end=\"1437\">Obermaterial aus <strong data-start=\"1355\" data-end=\"1381\">nahtlosem 3D-Mesh<\/strong> mit sensiFIT\u2122 f\u00fcr Atmungsaktivit\u00e4t und eine passgenaue Passform<\/li>\n<\/ul>\n","protected":false},"featured_media":424951,"template":"","meta":{"_acf_changed":false,"inline_featured_image":false},"product_brand":[],"product_cat":[6507,6506],"product_tag":[20480,20489],"class_list":{"0":"post-423569","1":"product","2":"type-product","3":"status-publish","4":"has-post-thumbnail","6":"product_cat-herren-schuhe-de","7":"product_cat-neutrale-herren-schuhe-de","8":"product_tag-salomon-de","9":"product_tag-salomon-herren","10":"pa_attivita-gehen","11":"pa_attivita-lifestyle-de","12":"pa_attivita-running-de","13":"pa_colore-aero-glide-4-white-white-black","14":"pa_marca-salomon-de","15":"pa_sesso-herren","16":"pa_size-41-de","17":"pa_size-42-de","19":"pa_size-43-de","20":"pa_size-44-de","22":"pa_size-45-de","23":"pa_size-46-de","25":"first","26":"instock","27":"taxable","28":"shipping-taxable","29":"purchasable","30":"product-type-variable","31":"wvs-archive-product-wrapper"},"acf":[],"yoast_head":"<!-- This site is optimized with the Yoast SEO plugin v26.8 - https:\/\/yoast.com\/product\/yoast-seo-wordpress\/ -->\n<title>Salomon Aero Glide 4 herren - Laufschuhe f\u00fcr Herren - MioMioRun<\/title>\n<meta name=\"description\" content=\"Salomon Aero Glide 4 \u2013 Stra\u00dfenlaufschuhe mit optiFOAM\u00b2 und Reverse Camber f\u00fcr einen fl\u00fcssigen, ged\u00e4mpften und komfortablen Lauf.\" \/>\n<meta name=\"robots\" content=\"index, follow, max-snippet:-1, max-image-preview:large, max-video-preview:-1\" \/>\n<link rel=\"canonical\" href=\"https:\/\/www.miomiorun.com\/de\/produkt\/aero-glide-4-herren\/\" \/>\n<meta property=\"og:locale\" content=\"de_DE\" \/>\n<meta property=\"og:type\" content=\"article\" \/>\n<meta property=\"og:title\" content=\"Salomon Aero Glide 4 herren - Laufschuhe f\u00fcr Herren - MioMioRun\" \/>\n<meta property=\"og:description\" content=\"Salomon Aero Glide 4 \u2013 Stra\u00dfenlaufschuhe mit optiFOAM\u00b2 und Reverse Camber f\u00fcr einen fl\u00fcssigen, ged\u00e4mpften und komfortablen Lauf.\" \/>\n<meta property=\"og:url\" content=\"https:\/\/www.miomiorun.com\/de\/produkt\/aero-glide-4-herren\/\" \/>\n<meta property=\"og:site_name\" content=\"MioMioRun\" \/>\n<meta property=\"article:publisher\" content=\"https:\/\/www.facebook.com\/miomiorun\/\" \/>\n<meta property=\"article:modified_time\" content=\"2026-04-29T09:23:44+00:00\" \/>\n<meta property=\"og:image\" content=\"https:\/\/www.miomiorun.com\/app\/uploads\/2026\/04\/salomon-Aero-Glide-4-white-white-black-L49147100.webp\" \/>\n\t<meta property=\"og:image:width\" content=\"720\" \/>\n\t<meta property=\"og:image:height\" content=\"720\" \/>\n\t<meta property=\"og:image:type\" content=\"image\/webp\" \/>\n<meta name=\"twitter:card\" content=\"summary_large_image\" \/>\n<meta name=\"twitter:label1\" content=\"Est. reading time\" \/>\n\t<meta name=\"twitter:data1\" content=\"1 minute\" \/>\n<script type=\"application\/ld+json\" class=\"yoast-schema-graph\">{\"@context\":\"https:\/\/schema.org\",\"@graph\":[{\"@type\":\"WebPage\",\"@id\":\"https:\/\/www.miomiorun.com\/de\/produkt\/aero-glide-4-herren\/\",\"url\":\"https:\/\/www.miomiorun.com\/de\/produkt\/aero-glide-4-herren\/\",\"name\":\"Salomon Aero Glide 4 herren - Laufschuhe f\u00fcr Herren - MioMioRun\",\"isPartOf\":{\"@id\":\"https:\/\/www.miomiorun.com\/de\/#website\"},\"primaryImageOfPage\":{\"@id\":\"https:\/\/www.miomiorun.com\/de\/produkt\/aero-glide-4-herren\/#primaryimage\"},\"image\":{\"@id\":\"https:\/\/www.miomiorun.com\/de\/produkt\/aero-glide-4-herren\/#primaryimage\"},\"thumbnailUrl\":\"https:\/\/www.miomiorun.com\/app\/uploads\/2026\/04\/salomon-Aero-Glide-4-white-white-black-L49147100.webp\",\"datePublished\":\"2026-04-01T08:54:42+00:00\",\"dateModified\":\"2026-04-29T09:23:44+00:00\",\"description\":\"Salomon Aero Glide 4 \u2013 Stra\u00dfenlaufschuhe mit optiFOAM\u00b2 und Reverse Camber f\u00fcr einen fl\u00fcssigen, ged\u00e4mpften und komfortablen Lauf.\",\"breadcrumb\":{\"@id\":\"https:\/\/www.miomiorun.com\/de\/produkt\/aero-glide-4-herren\/#breadcrumb\"},\"inLanguage\":\"de-DE\",\"potentialAction\":[{\"@type\":\"ReadAction\",\"target\":[\"https:\/\/www.miomiorun.com\/de\/produkt\/aero-glide-4-herren\/\"]}]},{\"@type\":\"ImageObject\",\"inLanguage\":\"de-DE\",\"@id\":\"https:\/\/www.miomiorun.com\/de\/produkt\/aero-glide-4-herren\/#primaryimage\",\"url\":\"https:\/\/www.miomiorun.com\/app\/uploads\/2026\/04\/salomon-Aero-Glide-4-white-white-black-L49147100.webp\",\"contentUrl\":\"https:\/\/www.miomiorun.com\/app\/uploads\/2026\/04\/salomon-Aero-Glide-4-white-white-black-L49147100.webp\",\"width\":720,\"height\":720,\"caption\":\"salomon Aero Glide 4 white white black L49147100\"},{\"@type\":\"BreadcrumbList\",\"@id\":\"https:\/\/www.miomiorun.com\/de\/produkt\/aero-glide-4-herren\/#breadcrumb\",\"itemListElement\":[{\"@type\":\"ListItem\",\"position\":1,\"name\":\"Home\",\"item\":\"https:\/\/www.miomiorun.com\/de\/\"},{\"@type\":\"ListItem\",\"position\":2,\"name\":\"Shop\",\"item\":\"https:\/\/www.miomiorun.com\/shop\/\"},{\"@type\":\"ListItem\",\"position\":3,\"name\":\"Aero Glide 4 herren\"}]},{\"@type\":\"WebSite\",\"@id\":\"https:\/\/www.miomiorun.com\/de\/#website\",\"url\":\"https:\/\/www.miomiorun.com\/de\/\",\"name\":\"MioMioRun\",\"description\":\"100% Lauf- und Trailshop\",\"publisher\":{\"@id\":\"https:\/\/www.miomiorun.com\/de\/#organization\"},\"potentialAction\":[{\"@type\":\"SearchAction\",\"target\":{\"@type\":\"EntryPoint\",\"urlTemplate\":\"https:\/\/www.miomiorun.com\/de\/?s={search_term_string}\"},\"query-input\":{\"@type\":\"PropertyValueSpecification\",\"valueRequired\":true,\"valueName\":\"search_term_string\"}}],\"inLanguage\":\"de-DE\"},{\"@type\":\"Organization\",\"@id\":\"https:\/\/www.miomiorun.com\/de\/#organization\",\"name\":\"MioMio Run\",\"url\":\"https:\/\/www.miomiorun.com\/de\/\",\"logo\":{\"@type\":\"ImageObject\",\"inLanguage\":\"de-DE\",\"@id\":\"https:\/\/www.miomiorun.com\/de\/#\/schema\/logo\/image\/\",\"url\":\"https:\/\/www.miomiorun.com\/app\/uploads\/2019\/12\/logomio.png\",\"contentUrl\":\"https:\/\/www.miomiorun.com\/app\/uploads\/2019\/12\/logomio.png\",\"width\":115,\"height\":82,\"caption\":\"MioMio Run\"},\"image\":{\"@id\":\"https:\/\/www.miomiorun.com\/de\/#\/schema\/logo\/image\/\"},\"sameAs\":[\"https:\/\/www.facebook.com\/miomiorun\/\",\"https:\/\/www.instagram.com\/miomiorun\/\"]}]}<\/script>\n<!-- \/ Yoast SEO plugin. -->","yoast_head_json":{"title":"Salomon Aero Glide 4 herren - Laufschuhe f\u00fcr Herren - MioMioRun","description":"Salomon Aero Glide 4 \u2013 Stra\u00dfenlaufschuhe mit optiFOAM\u00b2 und Reverse Camber f\u00fcr einen fl\u00fcssigen, ged\u00e4mpften und komfortablen Lauf.","robots":{"index":"index","follow":"follow","max-snippet":"max-snippet:-1","max-image-preview":"max-image-preview:large","max-video-preview":"max-video-preview:-1"},"canonical":"https:\/\/www.miomiorun.com\/de\/produkt\/aero-glide-4-herren\/","og_locale":"de_DE","og_type":"article","og_title":"Salomon Aero Glide 4 herren - Laufschuhe f\u00fcr Herren - MioMioRun","og_description":"Salomon Aero Glide 4 \u2013 Stra\u00dfenlaufschuhe mit optiFOAM\u00b2 und Reverse Camber f\u00fcr einen fl\u00fcssigen, ged\u00e4mpften und komfortablen Lauf.","og_url":"https:\/\/www.miomiorun.com\/de\/produkt\/aero-glide-4-herren\/","og_site_name":"MioMioRun","article_publisher":"https:\/\/www.facebook.com\/miomiorun\/","article_modified_time":"2026-04-29T09:23:44+00:00","og_image":[{"width":720,"height":720,"url":"https:\/\/www.miomiorun.com\/app\/uploads\/2026\/04\/salomon-Aero-Glide-4-white-white-black-L49147100.webp","type":"image\/webp"}],"twitter_card":"summary_large_image","twitter_misc":{"Est. reading time":"1 minute"},"schema":{"@context":"https:\/\/schema.org","@graph":[{"@type":"WebPage","@id":"https:\/\/www.miomiorun.com\/de\/produkt\/aero-glide-4-herren\/","url":"https:\/\/www.miomiorun.com\/de\/produkt\/aero-glide-4-herren\/","name":"Salomon Aero Glide 4 herren - Laufschuhe f\u00fcr Herren - MioMioRun","isPartOf":{"@id":"https:\/\/www.miomiorun.com\/de\/#website"},"primaryImageOfPage":{"@id":"https:\/\/www.miomiorun.com\/de\/produkt\/aero-glide-4-herren\/#primaryimage"},"image":{"@id":"https:\/\/www.miomiorun.com\/de\/produkt\/aero-glide-4-herren\/#primaryimage"},"thumbnailUrl":"https:\/\/www.miomiorun.com\/app\/uploads\/2026\/04\/salomon-Aero-Glide-4-white-white-black-L49147100.webp","datePublished":"2026-04-01T08:54:42+00:00","dateModified":"2026-04-29T09:23:44+00:00","description":"Salomon Aero Glide 4 \u2013 Stra\u00dfenlaufschuhe mit optiFOAM\u00b2 und Reverse Camber f\u00fcr einen fl\u00fcssigen, ged\u00e4mpften und komfortablen Lauf.","breadcrumb":{"@id":"https:\/\/www.miomiorun.com\/de\/produkt\/aero-glide-4-herren\/#breadcrumb"},"inLanguage":"de-DE","potentialAction":[{"@type":"ReadAction","target":["https:\/\/www.miomiorun.com\/de\/produkt\/aero-glide-4-herren\/"]}]},{"@type":"ImageObject","inLanguage":"de-DE","@id":"https:\/\/www.miomiorun.com\/de\/produkt\/aero-glide-4-herren\/#primaryimage","url":"https:\/\/www.miomiorun.com\/app\/uploads\/2026\/04\/salomon-Aero-Glide-4-white-white-black-L49147100.webp","contentUrl":"https:\/\/www.miomiorun.com\/app\/uploads\/2026\/04\/salomon-Aero-Glide-4-white-white-black-L49147100.webp","width":720,"height":720,"caption":"salomon Aero Glide 4 white white black L49147100"},{"@type":"BreadcrumbList","@id":"https:\/\/www.miomiorun.com\/de\/produkt\/aero-glide-4-herren\/#breadcrumb","itemListElement":[{"@type":"ListItem","position":1,"name":"Home","item":"https:\/\/www.miomiorun.com\/de\/"},{"@type":"ListItem","position":2,"name":"Shop","item":"https:\/\/www.miomiorun.com\/shop\/"},{"@type":"ListItem","position":3,"name":"Aero Glide 4 herren"}]},{"@type":"WebSite","@id":"https:\/\/www.miomiorun.com\/de\/#website","url":"https:\/\/www.miomiorun.com\/de\/","name":"MioMioRun","description":"100% Lauf- und Trailshop","publisher":{"@id":"https:\/\/www.miomiorun.com\/de\/#organization"},"potentialAction":[{"@type":"SearchAction","target":{"@type":"EntryPoint","urlTemplate":"https:\/\/www.miomiorun.com\/de\/?s={search_term_string}"},"query-input":{"@type":"PropertyValueSpecification","valueRequired":true,"valueName":"search_term_string"}}],"inLanguage":"de-DE"},{"@type":"Organization","@id":"https:\/\/www.miomiorun.com\/de\/#organization","name":"MioMio Run","url":"https:\/\/www.miomiorun.com\/de\/","logo":{"@type":"ImageObject","inLanguage":"de-DE","@id":"https:\/\/www.miomiorun.com\/de\/#\/schema\/logo\/image\/","url":"https:\/\/www.miomiorun.com\/app\/uploads\/2019\/12\/logomio.png","contentUrl":"https:\/\/www.miomiorun.com\/app\/uploads\/2019\/12\/logomio.png","width":115,"height":82,"caption":"MioMio Run"},"image":{"@id":"https:\/\/www.miomiorun.com\/de\/#\/schema\/logo\/image\/"},"sameAs":["https:\/\/www.facebook.com\/miomiorun\/","https:\/\/www.instagram.com\/miomiorun\/"]}]}},"_links":{"self":[{"href":"https:\/\/www.miomiorun.com\/de\/wp-json\/wp\/v2\/product\/423569","targetHints":{"allow":["GET"]}}],"collection":[{"href":"https:\/\/www.miomiorun.com\/de\/wp-json\/wp\/v2\/product"}],"about":[{"href":"https:\/\/www.miomiorun.com\/de\/wp-json\/wp\/v2\/types\/product"}],"wp:featuredmedia":[{"embeddable":true,"href":"https:\/\/www.miomiorun.com\/de\/wp-json\/wp\/v2\/media\/424951"}],"wp:attachment":[{"href":"https:\/\/www.miomiorun.com\/de\/wp-json\/wp\/v2\/media?parent=423569"}],"wp:term":[{"taxonomy":"product_brand","embeddable":true,"href":"https:\/\/www.miomiorun.com\/de\/wp-json\/wp\/v2\/product_brand?post=423569"},{"taxonomy":"product_cat","embeddable":true,"href":"https:\/\/www.miomiorun.com\/de\/wp-json\/wp\/v2\/product_cat?post=423569"},{"taxonomy":"product_tag","embeddable":true,"href":"https:\/\/www.miomiorun.com\/de\/wp-json\/wp\/v2\/product_tag?post=423569"}],"curies":[{"name":"wp","href":"https:\/\/api.w.org\/{rel}","templated":true}]}}