{"id":423513,"date":"2026-04-01T10:42:50","date_gmt":"2026-04-01T08:42:50","guid":{"rendered":"https:\/\/www.miomiorun.com\/?post_type=product&#038;p=423513"},"modified":"2026-04-29T11:21:01","modified_gmt":"2026-04-29T09:21:01","slug":"x-ultra-360-edge-gtx-herren","status":"publish","type":"product","link":"https:\/\/www.miomiorun.com\/de\/produkt\/x-ultra-360-edge-gtx-herren\/","title":{"rendered":"X ULTRA 360 Edge GTX herren"},"content":{"rendered":"<table style=\"border-collapse: collapse;width: 100%\">\n<tbody>\n<tr>\n<td style=\"width: 33.3333%;vertical-align: top\"><strong>Technische Daten<\/strong><\/p>\n<p>Kategorie: erstklassige D\u00e4mpfung<br \/>\nGewicht: 379 g<br \/>\nIdeal f\u00fcr: Mehrt\u00e4gige Wanderungen, Backpacking, alpines Gel\u00e4nde, gemischtes Gel\u00e4nde<br \/>\nGewicht des L\u00e4ufers: 60\u201380 kg<br \/>\nLauftempo: mittel-langsam (&gt;5:30 min\/km)<\/p>\n<p><a href=\"https:\/\/miomiorun.com\/guida-alle-specifiche-tecniche\/\">Leitfaden zu den technischen Daten<\/a><\/td>\n<td style=\"width: 66.6666%;vertical-align: top\">\n<p data-start=\"26\" data-end=\"358\">Der <strong data-start=\"29\" data-end=\"66\">Salomon X Ultra 360 Edge GORE-TEX<\/strong> ist ein Wanderschuh f\u00fcr alle, die das Outdoor-Leben dynamisch gestalten, und vereint <strong data-start=\"153\" data-end=\"195\">modernes Design mit bew\u00e4hrten Technologien<\/strong>. Inspiriert von der X Ultra-Linie, beh\u00e4lt er die St\u00e4rken des Modells bei und bietet <strong data-start=\"273\" data-end=\"318\">Stabilit\u00e4t, Grip und wasserdichten Schutz<\/strong> f\u00fcr unterschiedliche Gel\u00e4ndearten.<\/p>\n<p data-start=\"360\" data-end=\"736\">Die <strong data-start=\"378\" data-end=\"399\">GORE-TEX-Membran<\/strong> sch\u00fctzt vor Wasser und sorgt gleichzeitig f\u00fcr gute Atmungsaktivit\u00e4t. Die Zwischensohle mit <strong data-start=\"520\" data-end=\"534\">EnergyCell<\/strong>-Technologie tr\u00e4gt dazu bei, St\u00f6\u00dfe beim Gehen zu d\u00e4mpfen, w\u00e4hrend das in die Sohle integrierte <strong data-start=\"601\" data-end=\"621\">advancedCHASSIS\u2122<\/strong> seitlichen Halt und Stabilit\u00e4t bietet, ohne die Bewegungsfreiheit einzuschr\u00e4nken.<\/p>\n<p data-start=\"738\" data-end=\"1137\">Die <strong data-start=\"747\" data-end=\"773\">All Terrain contaGRIP\u00ae<\/strong>-Sohle wurde entwickelt, um auf verschiedenen Oberfl\u00e4chen, sowohl auf trockenen als auch auf nassen, Halt zu gew\u00e4hrleisten, w\u00e4hrend die Konstruktion des Obermaterials synthetische und textile Materialien f\u00fcr Strapazierf\u00e4higkeit und Komfort kombiniert. Die <strong data-start=\"971\" data-end=\"984\">sensiFIT\u2122<\/strong>-Technologie umschlie\u00dft den Fu\u00df f\u00fcr eine stabile und pr\u00e4zise Passform, unterst\u00fctzt durch das <strong data-start=\"1076\" data-end=\"1090\">quickLACE\u2122<\/strong>-Schn\u00fcrsystem, das f\u00fcr eine schnelle und praktische Anpassung konzipiert ist.<\/p>\n<p data-start=\"1139\" data-end=\"1346\">Abgerundet wird der Schuh durch die <strong data-start=\"1163\" data-end=\"1185\">OrthoLite\u00ae-Einlegesohle<\/strong>, die f\u00fcr verbesserte D\u00e4mpfung und Atmungsaktivit\u00e4t sorgt, sowie durch eine verschwei\u00dfte Oberkonstruktion, die zu einem gleichm\u00e4\u00dfigeren und bequemeren Tragegef\u00fchl beitr\u00e4gt.<\/p>\n<\/td>\n<\/tr>\n<\/tbody>\n<\/table>\n<p>&nbsp;<\/p>\n","protected":false},"excerpt":{"rendered":"<ul>\n<li data-section-id=\"tw6bbh\" data-start=\"1366\" data-end=\"1451\"><strong data-start=\"1377\" data-end=\"1389\">GORE-TEX<\/strong>-Membran f\u00fcr Wasserschutz und Komfort beim Wandern<\/li>\n<li data-section-id=\"au5efm\" data-start=\"1452\" data-end=\"1531\"><strong data-start=\"1460\" data-end=\"1486\">All Terrain contaGRIP\u00ae<\/strong>-Sohle f\u00fcr Grip auf unterschiedlichem Untergrund<\/li>\n<li data-section-id=\"9r5pgv\" data-start=\"1532\" data-end=\"1615\"><strong data-start=\"1542\" data-end=\"1562\">advancedCHASSIS\u2122<\/strong>&#8211; und <strong data-start=\"1565\" data-end=\"1578\">sensiFIT\u2122<\/strong>-System f\u00fcr Stabilit\u00e4t und passgenaue Passform<\/li>\n<\/ul>\n","protected":false},"featured_media":424310,"template":"","meta":{"_acf_changed":false,"inline_featured_image":false},"product_brand":[],"product_cat":[6507,6504],"product_tag":[20480,20489],"class_list":{"0":"post-423513","1":"product","2":"type-product","3":"status-publish","4":"has-post-thumbnail","6":"product_cat-herren-schuhe-de","7":"product_cat-trail","8":"product_tag-salomon-de","9":"product_tag-salomon-herren","10":"pa_attivita-outdoor-de","11":"pa_colore-x-ultra-360-edge-gtx-peat-olvnig-endive","12":"pa_marca-salomon-de","13":"pa_sesso-herren","14":"pa_size-41-de","15":"pa_size-42-de","17":"pa_size-43-de","18":"pa_size-44-de","20":"pa_size-45-de","21":"pa_size-46-de","24":"first","25":"instock","26":"sale","27":"taxable","28":"shipping-taxable","29":"purchasable","30":"product-type-variable","31":"wvs-archive-product-wrapper"},"acf":[],"yoast_head":"<!-- This site is optimized with the Yoast SEO plugin v26.8 - https:\/\/yoast.com\/product\/yoast-seo-wordpress\/ -->\n<title>Salomon X ULTRA 360 Edge GTX herren - Wanderschuhe f\u00fcr Herren- MioMioRun<\/title>\n<meta name=\"description\" content=\"Wanderschuhe Salomon X Ultra 360 Edge GORE-TEX, wasserdicht, mit Contagrip-Sohle und fortschrittlicher St\u00fctzfunktion f\u00fcr Wanderungen in jedem Gel\u00e4nde.\" \/>\n<meta name=\"robots\" content=\"index, follow, max-snippet:-1, max-image-preview:large, max-video-preview:-1\" \/>\n<link rel=\"canonical\" href=\"https:\/\/www.miomiorun.com\/de\/produkt\/x-ultra-360-edge-gtx-herren\/\" \/>\n<meta property=\"og:locale\" content=\"de_DE\" \/>\n<meta property=\"og:type\" content=\"article\" \/>\n<meta property=\"og:title\" content=\"Salomon X ULTRA 360 Edge GTX herren - Wanderschuhe f\u00fcr Herren- MioMioRun\" \/>\n<meta property=\"og:description\" content=\"Wanderschuhe Salomon X Ultra 360 Edge GORE-TEX, wasserdicht, mit Contagrip-Sohle und fortschrittlicher St\u00fctzfunktion f\u00fcr Wanderungen in jedem Gel\u00e4nde.\" \/>\n<meta property=\"og:url\" content=\"https:\/\/www.miomiorun.com\/de\/produkt\/x-ultra-360-edge-gtx-herren\/\" \/>\n<meta property=\"og:site_name\" content=\"MioMioRun\" \/>\n<meta property=\"article:publisher\" content=\"https:\/\/www.facebook.com\/miomiorun\/\" \/>\n<meta property=\"article:modified_time\" content=\"2026-04-29T09:21:01+00:00\" \/>\n<meta property=\"og:image\" content=\"https:\/\/www.miomiorun.com\/app\/uploads\/2026\/04\/salomon-X-ULTRA-360-Edge-GTX-peat-olvnig-endive-L49097900.webp\" \/>\n\t<meta property=\"og:image:width\" content=\"720\" \/>\n\t<meta property=\"og:image:height\" content=\"720\" \/>\n\t<meta property=\"og:image:type\" content=\"image\/webp\" \/>\n<meta name=\"twitter:card\" content=\"summary_large_image\" \/>\n<meta name=\"twitter:label1\" content=\"Est. reading time\" \/>\n\t<meta name=\"twitter:data1\" content=\"1 minute\" \/>\n<script type=\"application\/ld+json\" class=\"yoast-schema-graph\">{\"@context\":\"https:\/\/schema.org\",\"@graph\":[{\"@type\":\"WebPage\",\"@id\":\"https:\/\/www.miomiorun.com\/de\/produkt\/x-ultra-360-edge-gtx-herren\/\",\"url\":\"https:\/\/www.miomiorun.com\/de\/produkt\/x-ultra-360-edge-gtx-herren\/\",\"name\":\"Salomon X ULTRA 360 Edge GTX herren - Wanderschuhe f\u00fcr Herren- MioMioRun\",\"isPartOf\":{\"@id\":\"https:\/\/www.miomiorun.com\/de\/#website\"},\"primaryImageOfPage\":{\"@id\":\"https:\/\/www.miomiorun.com\/de\/produkt\/x-ultra-360-edge-gtx-herren\/#primaryimage\"},\"image\":{\"@id\":\"https:\/\/www.miomiorun.com\/de\/produkt\/x-ultra-360-edge-gtx-herren\/#primaryimage\"},\"thumbnailUrl\":\"https:\/\/www.miomiorun.com\/app\/uploads\/2026\/04\/salomon-X-ULTRA-360-Edge-GTX-peat-olvnig-endive-L49097900.webp\",\"datePublished\":\"2026-04-01T08:42:50+00:00\",\"dateModified\":\"2026-04-29T09:21:01+00:00\",\"description\":\"Wanderschuhe Salomon X Ultra 360 Edge GORE-TEX, wasserdicht, mit Contagrip-Sohle und fortschrittlicher St\u00fctzfunktion f\u00fcr Wanderungen in jedem Gel\u00e4nde.\",\"breadcrumb\":{\"@id\":\"https:\/\/www.miomiorun.com\/de\/produkt\/x-ultra-360-edge-gtx-herren\/#breadcrumb\"},\"inLanguage\":\"de-DE\",\"potentialAction\":[{\"@type\":\"ReadAction\",\"target\":[\"https:\/\/www.miomiorun.com\/de\/produkt\/x-ultra-360-edge-gtx-herren\/\"]}]},{\"@type\":\"ImageObject\",\"inLanguage\":\"de-DE\",\"@id\":\"https:\/\/www.miomiorun.com\/de\/produkt\/x-ultra-360-edge-gtx-herren\/#primaryimage\",\"url\":\"https:\/\/www.miomiorun.com\/app\/uploads\/2026\/04\/salomon-X-ULTRA-360-Edge-GTX-peat-olvnig-endive-L49097900.webp\",\"contentUrl\":\"https:\/\/www.miomiorun.com\/app\/uploads\/2026\/04\/salomon-X-ULTRA-360-Edge-GTX-peat-olvnig-endive-L49097900.webp\",\"width\":720,\"height\":720,\"caption\":\"salomon X ULTRA 360 Edge GTX peat olvnig endive L49097900\"},{\"@type\":\"BreadcrumbList\",\"@id\":\"https:\/\/www.miomiorun.com\/de\/produkt\/x-ultra-360-edge-gtx-herren\/#breadcrumb\",\"itemListElement\":[{\"@type\":\"ListItem\",\"position\":1,\"name\":\"Home\",\"item\":\"https:\/\/www.miomiorun.com\/de\/\"},{\"@type\":\"ListItem\",\"position\":2,\"name\":\"Shop\",\"item\":\"https:\/\/www.miomiorun.com\/shop\/\"},{\"@type\":\"ListItem\",\"position\":3,\"name\":\"X ULTRA 360 Edge GTX herren\"}]},{\"@type\":\"WebSite\",\"@id\":\"https:\/\/www.miomiorun.com\/de\/#website\",\"url\":\"https:\/\/www.miomiorun.com\/de\/\",\"name\":\"MioMioRun\",\"description\":\"100% Lauf- und Trailshop\",\"publisher\":{\"@id\":\"https:\/\/www.miomiorun.com\/de\/#organization\"},\"potentialAction\":[{\"@type\":\"SearchAction\",\"target\":{\"@type\":\"EntryPoint\",\"urlTemplate\":\"https:\/\/www.miomiorun.com\/de\/?s={search_term_string}\"},\"query-input\":{\"@type\":\"PropertyValueSpecification\",\"valueRequired\":true,\"valueName\":\"search_term_string\"}}],\"inLanguage\":\"de-DE\"},{\"@type\":\"Organization\",\"@id\":\"https:\/\/www.miomiorun.com\/de\/#organization\",\"name\":\"MioMio Run\",\"url\":\"https:\/\/www.miomiorun.com\/de\/\",\"logo\":{\"@type\":\"ImageObject\",\"inLanguage\":\"de-DE\",\"@id\":\"https:\/\/www.miomiorun.com\/de\/#\/schema\/logo\/image\/\",\"url\":\"https:\/\/www.miomiorun.com\/app\/uploads\/2019\/12\/logomio.png\",\"contentUrl\":\"https:\/\/www.miomiorun.com\/app\/uploads\/2019\/12\/logomio.png\",\"width\":115,\"height\":82,\"caption\":\"MioMio Run\"},\"image\":{\"@id\":\"https:\/\/www.miomiorun.com\/de\/#\/schema\/logo\/image\/\"},\"sameAs\":[\"https:\/\/www.facebook.com\/miomiorun\/\",\"https:\/\/www.instagram.com\/miomiorun\/\"]}]}<\/script>\n<!-- \/ Yoast SEO plugin. -->","yoast_head_json":{"title":"Salomon X ULTRA 360 Edge GTX herren - Wanderschuhe f\u00fcr Herren- MioMioRun","description":"Wanderschuhe Salomon X Ultra 360 Edge GORE-TEX, wasserdicht, mit Contagrip-Sohle und fortschrittlicher St\u00fctzfunktion f\u00fcr Wanderungen in jedem Gel\u00e4nde.","robots":{"index":"index","follow":"follow","max-snippet":"max-snippet:-1","max-image-preview":"max-image-preview:large","max-video-preview":"max-video-preview:-1"},"canonical":"https:\/\/www.miomiorun.com\/de\/produkt\/x-ultra-360-edge-gtx-herren\/","og_locale":"de_DE","og_type":"article","og_title":"Salomon X ULTRA 360 Edge GTX herren - Wanderschuhe f\u00fcr Herren- MioMioRun","og_description":"Wanderschuhe Salomon X Ultra 360 Edge GORE-TEX, wasserdicht, mit Contagrip-Sohle und fortschrittlicher St\u00fctzfunktion f\u00fcr Wanderungen in jedem Gel\u00e4nde.","og_url":"https:\/\/www.miomiorun.com\/de\/produkt\/x-ultra-360-edge-gtx-herren\/","og_site_name":"MioMioRun","article_publisher":"https:\/\/www.facebook.com\/miomiorun\/","article_modified_time":"2026-04-29T09:21:01+00:00","og_image":[{"width":720,"height":720,"url":"https:\/\/www.miomiorun.com\/app\/uploads\/2026\/04\/salomon-X-ULTRA-360-Edge-GTX-peat-olvnig-endive-L49097900.webp","type":"image\/webp"}],"twitter_card":"summary_large_image","twitter_misc":{"Est. reading time":"1 minute"},"schema":{"@context":"https:\/\/schema.org","@graph":[{"@type":"WebPage","@id":"https:\/\/www.miomiorun.com\/de\/produkt\/x-ultra-360-edge-gtx-herren\/","url":"https:\/\/www.miomiorun.com\/de\/produkt\/x-ultra-360-edge-gtx-herren\/","name":"Salomon X ULTRA 360 Edge GTX herren - Wanderschuhe f\u00fcr Herren- MioMioRun","isPartOf":{"@id":"https:\/\/www.miomiorun.com\/de\/#website"},"primaryImageOfPage":{"@id":"https:\/\/www.miomiorun.com\/de\/produkt\/x-ultra-360-edge-gtx-herren\/#primaryimage"},"image":{"@id":"https:\/\/www.miomiorun.com\/de\/produkt\/x-ultra-360-edge-gtx-herren\/#primaryimage"},"thumbnailUrl":"https:\/\/www.miomiorun.com\/app\/uploads\/2026\/04\/salomon-X-ULTRA-360-Edge-GTX-peat-olvnig-endive-L49097900.webp","datePublished":"2026-04-01T08:42:50+00:00","dateModified":"2026-04-29T09:21:01+00:00","description":"Wanderschuhe Salomon X Ultra 360 Edge GORE-TEX, wasserdicht, mit Contagrip-Sohle und fortschrittlicher St\u00fctzfunktion f\u00fcr Wanderungen in jedem Gel\u00e4nde.","breadcrumb":{"@id":"https:\/\/www.miomiorun.com\/de\/produkt\/x-ultra-360-edge-gtx-herren\/#breadcrumb"},"inLanguage":"de-DE","potentialAction":[{"@type":"ReadAction","target":["https:\/\/www.miomiorun.com\/de\/produkt\/x-ultra-360-edge-gtx-herren\/"]}]},{"@type":"ImageObject","inLanguage":"de-DE","@id":"https:\/\/www.miomiorun.com\/de\/produkt\/x-ultra-360-edge-gtx-herren\/#primaryimage","url":"https:\/\/www.miomiorun.com\/app\/uploads\/2026\/04\/salomon-X-ULTRA-360-Edge-GTX-peat-olvnig-endive-L49097900.webp","contentUrl":"https:\/\/www.miomiorun.com\/app\/uploads\/2026\/04\/salomon-X-ULTRA-360-Edge-GTX-peat-olvnig-endive-L49097900.webp","width":720,"height":720,"caption":"salomon X ULTRA 360 Edge GTX peat olvnig endive L49097900"},{"@type":"BreadcrumbList","@id":"https:\/\/www.miomiorun.com\/de\/produkt\/x-ultra-360-edge-gtx-herren\/#breadcrumb","itemListElement":[{"@type":"ListItem","position":1,"name":"Home","item":"https:\/\/www.miomiorun.com\/de\/"},{"@type":"ListItem","position":2,"name":"Shop","item":"https:\/\/www.miomiorun.com\/shop\/"},{"@type":"ListItem","position":3,"name":"X ULTRA 360 Edge GTX herren"}]},{"@type":"WebSite","@id":"https:\/\/www.miomiorun.com\/de\/#website","url":"https:\/\/www.miomiorun.com\/de\/","name":"MioMioRun","description":"100% Lauf- und Trailshop","publisher":{"@id":"https:\/\/www.miomiorun.com\/de\/#organization"},"potentialAction":[{"@type":"SearchAction","target":{"@type":"EntryPoint","urlTemplate":"https:\/\/www.miomiorun.com\/de\/?s={search_term_string}"},"query-input":{"@type":"PropertyValueSpecification","valueRequired":true,"valueName":"search_term_string"}}],"inLanguage":"de-DE"},{"@type":"Organization","@id":"https:\/\/www.miomiorun.com\/de\/#organization","name":"MioMio Run","url":"https:\/\/www.miomiorun.com\/de\/","logo":{"@type":"ImageObject","inLanguage":"de-DE","@id":"https:\/\/www.miomiorun.com\/de\/#\/schema\/logo\/image\/","url":"https:\/\/www.miomiorun.com\/app\/uploads\/2019\/12\/logomio.png","contentUrl":"https:\/\/www.miomiorun.com\/app\/uploads\/2019\/12\/logomio.png","width":115,"height":82,"caption":"MioMio Run"},"image":{"@id":"https:\/\/www.miomiorun.com\/de\/#\/schema\/logo\/image\/"},"sameAs":["https:\/\/www.facebook.com\/miomiorun\/","https:\/\/www.instagram.com\/miomiorun\/"]}]}},"_links":{"self":[{"href":"https:\/\/www.miomiorun.com\/de\/wp-json\/wp\/v2\/product\/423513","targetHints":{"allow":["GET"]}}],"collection":[{"href":"https:\/\/www.miomiorun.com\/de\/wp-json\/wp\/v2\/product"}],"about":[{"href":"https:\/\/www.miomiorun.com\/de\/wp-json\/wp\/v2\/types\/product"}],"wp:featuredmedia":[{"embeddable":true,"href":"https:\/\/www.miomiorun.com\/de\/wp-json\/wp\/v2\/media\/424310"}],"wp:attachment":[{"href":"https:\/\/www.miomiorun.com\/de\/wp-json\/wp\/v2\/media?parent=423513"}],"wp:term":[{"taxonomy":"product_brand","embeddable":true,"href":"https:\/\/www.miomiorun.com\/de\/wp-json\/wp\/v2\/product_brand?post=423513"},{"taxonomy":"product_cat","embeddable":true,"href":"https:\/\/www.miomiorun.com\/de\/wp-json\/wp\/v2\/product_cat?post=423513"},{"taxonomy":"product_tag","embeddable":true,"href":"https:\/\/www.miomiorun.com\/de\/wp-json\/wp\/v2\/product_tag?post=423513"}],"curies":[{"name":"wp","href":"https:\/\/api.w.org\/{rel}","templated":true}]}}