{"id":422485,"date":"2026-03-27T18:45:04","date_gmt":"2026-03-27T17:45:04","guid":{"rendered":"https:\/\/www.miomiorun.com\/?post_type=product&#038;p=422485"},"modified":"2026-05-08T12:09:32","modified_gmt":"2026-05-08T10:09:32","slug":"race-vest","status":"publish","type":"product","link":"https:\/\/www.miomiorun.com\/de\/produkt\/race-vest\/","title":{"rendered":"Race Vest"},"content":{"rendered":"<p data-start=\"26\" data-end=\"313\">Die <strong data-start=\"29\" data-end=\"50\">NNormal Race Vest<\/strong> ist eine Trailrunning-Weste, die entwickelt wurde, um bei anspruchsvollen L\u00e4ufen Funktionalit\u00e4t, Stabilit\u00e4t und Praktikabilit\u00e4t zu bieten. Sie richtet sich an alle, die Zuverl\u00e4ssigkeit und Innovation suchen, und verf\u00fcgt \u00fcber technische L\u00f6sungen, die darauf ausgelegt sind, die Handhabung der Ausr\u00fcstung w\u00e4hrend des Laufs zu verbessern.<\/p>\n<p data-start=\"315\" data-end=\"692\">Das <strong data-start=\"318\" data-end=\"352\">verbesserte Verschlusssystem<\/strong> sorgt f\u00fcr eine einfache und stabile Anpassung, w\u00e4hrend die <strong data-start=\"426\" data-end=\"470\">Flaschentaschen mit strapazierf\u00e4higem Gummiband<\/strong> die Trinkflaschen auch bei intensivsten Aktivit\u00e4ten sicher an ihrem Platz halten. Die <strong data-start=\"561\" data-end=\"598\">runden St\u00f6ckehalterungen<\/strong> wurden \u00fcberarbeitet, um eine bessere Erreichbarkeit und einfachere Handhabung auf den Trails zu bieten.<\/p>\n<p data-start=\"694\" data-end=\"1018\">Abgerundet wird die Konstruktion durch ein <strong data-start=\"727\" data-end=\"760\">atmungsaktives Netzr\u00fcckenpanel<\/strong>, das die Bel\u00fcftung f\u00f6rdert und auch bei l\u00e4ngeren Touren f\u00fcr Komfort sorgt. Auf der R\u00fcckseite befindet sich eine <strong data-start=\"875\" data-end=\"941\">wasserdichte Tasche mit zus\u00e4tzlichem Stauraum f\u00fcr Ausr\u00fcstung<\/strong> sowie weitere praktische Staum\u00f6glichkeiten zur Organisation der Ausr\u00fcstung.<\/p>\n<p data-start=\"1020\" data-end=\"1262\">Die Race Vest besteht zu <strong data-start=\"1034\" data-end=\"1047\">88 % aus Nylon<\/strong>, einem Material, das aufgrund seiner Strapazierf\u00e4higkeit und Leichtigkeit ausgew\u00e4hlt wurde, und ist darauf ausgelegt, Trailrunner und Outdoor-Fans bei jedem Abenteuer zu begleiten. Die Weste verf\u00fcgt au\u00dferdem \u00fcber <strong data-start=\"1227\" data-end=\"1238\">2 Trinkflaschen<\/strong>, die sofort einsatzbereit sind.<\/p>\n","protected":false},"excerpt":{"rendered":"<ul>\n<li data-section-id=\"ijiayf\" data-start=\"1282\" data-end=\"1374\">Verbessertes Verschlusssystem und elastische Taschen f\u00fcr einen stabileren Halt der Trinkflaschen beim Laufen<\/li>\n<li data-section-id=\"ayphbk\" data-start=\"1375\" data-end=\"1461\">R\u00fcckenpartie aus <strong data-start=\"1390\" data-end=\"1410\">atmungsaktivem Mesh<\/strong> f\u00fcr Komfort und Bel\u00fcftung auf langen Strecken<\/li>\n<li data-section-id=\"1642qki\" data-start=\"1462\" data-end=\"1529\">R\u00fcckentaschen mit wasserdichtem Fach und <strong data-start=\"1510\" data-end=\"1529\">2 mitgelieferten Trinkflaschen<\/strong><\/li>\n<\/ul>\n","protected":false},"featured_media":426479,"template":"","meta":{"_acf_changed":false,"inline_featured_image":false},"product_brand":[],"product_cat":[6342,6396,6398],"product_tag":[35956],"class_list":{"0":"post-422485","1":"product","2":"type-product","3":"status-publish","4":"has-post-thumbnail","6":"product_cat-zubehoer","7":"product_cat-taschen-und-guertel-de","8":"product_cat-taschen-de","9":"product_tag-nnormal-de","10":"pa_attivita-trail-de","11":"pa_colore-race-vest-black","12":"pa_marca-nnormal-de","13":"pa_sesso-damen","14":"pa_sesso-herren","15":"pa_size-small-de","16":"pa_size-medium-de","17":"pa_size-large-de","19":"first","20":"instock","21":"taxable","22":"shipping-taxable","23":"purchasable","24":"product-type-variable","25":"wvs-archive-product-wrapper"},"acf":[],"yoast_head":"<!-- This site is optimized with the Yoast SEO plugin v26.8 - https:\/\/yoast.com\/product\/yoast-seo-wordpress\/ -->\n<title>NNormal Race Vest - Trailrunning-Weste - MioMioRun<\/title>\n<meta name=\"description\" content=\"Trailrunning-Weste \u201eNNormal Race Vest\u201c mit stabilen Flaschenf\u00e4chern, atmungsaktivem R\u00fcckenbereich und 2 mitgelieferten Flaschen. Ideal f\u00fcr Trailrunning und lange Strecken.\" \/>\n<meta name=\"robots\" content=\"index, follow, max-snippet:-1, max-image-preview:large, max-video-preview:-1\" \/>\n<link rel=\"canonical\" href=\"https:\/\/www.miomiorun.com\/de\/produkt\/race-vest\/\" \/>\n<meta property=\"og:locale\" content=\"de_DE\" \/>\n<meta property=\"og:type\" content=\"article\" \/>\n<meta property=\"og:title\" content=\"NNormal Race Vest - Trailrunning-Weste - MioMioRun\" \/>\n<meta property=\"og:description\" content=\"Trailrunning-Weste \u201eNNormal Race Vest\u201c mit stabilen Flaschenf\u00e4chern, atmungsaktivem R\u00fcckenbereich und 2 mitgelieferten Flaschen. Ideal f\u00fcr Trailrunning und lange Strecken.\" \/>\n<meta property=\"og:url\" content=\"https:\/\/www.miomiorun.com\/de\/produkt\/race-vest\/\" \/>\n<meta property=\"og:site_name\" content=\"MioMioRun\" \/>\n<meta property=\"article:publisher\" content=\"https:\/\/www.facebook.com\/miomiorun\/\" \/>\n<meta property=\"article:modified_time\" content=\"2026-05-08T10:09:32+00:00\" \/>\n<meta property=\"og:image\" content=\"https:\/\/www.miomiorun.com\/app\/uploads\/2026\/04\/normal-Race-Vest-black-N1ARV02-002-fronte.webp\" \/>\n\t<meta property=\"og:image:width\" content=\"720\" \/>\n\t<meta property=\"og:image:height\" content=\"720\" \/>\n\t<meta property=\"og:image:type\" content=\"image\/webp\" \/>\n<meta name=\"twitter:card\" content=\"summary_large_image\" \/>\n<meta name=\"twitter:label1\" content=\"Est. reading time\" \/>\n\t<meta name=\"twitter:data1\" content=\"1 minute\" \/>\n<script type=\"application\/ld+json\" class=\"yoast-schema-graph\">{\"@context\":\"https:\/\/schema.org\",\"@graph\":[{\"@type\":\"WebPage\",\"@id\":\"https:\/\/www.miomiorun.com\/de\/produkt\/race-vest\/\",\"url\":\"https:\/\/www.miomiorun.com\/de\/produkt\/race-vest\/\",\"name\":\"NNormal Race Vest - Trailrunning-Weste - MioMioRun\",\"isPartOf\":{\"@id\":\"https:\/\/www.miomiorun.com\/de\/#website\"},\"primaryImageOfPage\":{\"@id\":\"https:\/\/www.miomiorun.com\/de\/produkt\/race-vest\/#primaryimage\"},\"image\":{\"@id\":\"https:\/\/www.miomiorun.com\/de\/produkt\/race-vest\/#primaryimage\"},\"thumbnailUrl\":\"https:\/\/www.miomiorun.com\/app\/uploads\/2026\/04\/normal-Race-Vest-black-N1ARV02-002-fronte.webp\",\"datePublished\":\"2026-03-27T17:45:04+00:00\",\"dateModified\":\"2026-05-08T10:09:32+00:00\",\"description\":\"Trailrunning-Weste \u201eNNormal Race Vest\u201c mit stabilen Flaschenf\u00e4chern, atmungsaktivem R\u00fcckenbereich und 2 mitgelieferten Flaschen. Ideal f\u00fcr Trailrunning und lange Strecken.\",\"breadcrumb\":{\"@id\":\"https:\/\/www.miomiorun.com\/de\/produkt\/race-vest\/#breadcrumb\"},\"inLanguage\":\"de-DE\",\"potentialAction\":[{\"@type\":\"ReadAction\",\"target\":[\"https:\/\/www.miomiorun.com\/de\/produkt\/race-vest\/\"]}]},{\"@type\":\"ImageObject\",\"inLanguage\":\"de-DE\",\"@id\":\"https:\/\/www.miomiorun.com\/de\/produkt\/race-vest\/#primaryimage\",\"url\":\"https:\/\/www.miomiorun.com\/app\/uploads\/2026\/04\/normal-Race-Vest-black-N1ARV02-002-fronte.webp\",\"contentUrl\":\"https:\/\/www.miomiorun.com\/app\/uploads\/2026\/04\/normal-Race-Vest-black-N1ARV02-002-fronte.webp\",\"width\":720,\"height\":720,\"caption\":\"normal Race Vest black N1ARV02-002 fronte\"},{\"@type\":\"BreadcrumbList\",\"@id\":\"https:\/\/www.miomiorun.com\/de\/produkt\/race-vest\/#breadcrumb\",\"itemListElement\":[{\"@type\":\"ListItem\",\"position\":1,\"name\":\"Home\",\"item\":\"https:\/\/www.miomiorun.com\/de\/\"},{\"@type\":\"ListItem\",\"position\":2,\"name\":\"Shop\",\"item\":\"https:\/\/www.miomiorun.com\/shop\/\"},{\"@type\":\"ListItem\",\"position\":3,\"name\":\"Race Vest\"}]},{\"@type\":\"WebSite\",\"@id\":\"https:\/\/www.miomiorun.com\/de\/#website\",\"url\":\"https:\/\/www.miomiorun.com\/de\/\",\"name\":\"MioMioRun\",\"description\":\"100% Lauf- und Trailshop\",\"publisher\":{\"@id\":\"https:\/\/www.miomiorun.com\/de\/#organization\"},\"potentialAction\":[{\"@type\":\"SearchAction\",\"target\":{\"@type\":\"EntryPoint\",\"urlTemplate\":\"https:\/\/www.miomiorun.com\/de\/?s={search_term_string}\"},\"query-input\":{\"@type\":\"PropertyValueSpecification\",\"valueRequired\":true,\"valueName\":\"search_term_string\"}}],\"inLanguage\":\"de-DE\"},{\"@type\":\"Organization\",\"@id\":\"https:\/\/www.miomiorun.com\/de\/#organization\",\"name\":\"MioMio Run\",\"url\":\"https:\/\/www.miomiorun.com\/de\/\",\"logo\":{\"@type\":\"ImageObject\",\"inLanguage\":\"de-DE\",\"@id\":\"https:\/\/www.miomiorun.com\/de\/#\/schema\/logo\/image\/\",\"url\":\"https:\/\/www.miomiorun.com\/app\/uploads\/2019\/12\/logomio.png\",\"contentUrl\":\"https:\/\/www.miomiorun.com\/app\/uploads\/2019\/12\/logomio.png\",\"width\":115,\"height\":82,\"caption\":\"MioMio Run\"},\"image\":{\"@id\":\"https:\/\/www.miomiorun.com\/de\/#\/schema\/logo\/image\/\"},\"sameAs\":[\"https:\/\/www.facebook.com\/miomiorun\/\",\"https:\/\/www.instagram.com\/miomiorun\/\"]}]}<\/script>\n<!-- \/ Yoast SEO plugin. -->","yoast_head_json":{"title":"NNormal Race Vest - Trailrunning-Weste - MioMioRun","description":"Trailrunning-Weste \u201eNNormal Race Vest\u201c mit stabilen Flaschenf\u00e4chern, atmungsaktivem R\u00fcckenbereich und 2 mitgelieferten Flaschen. Ideal f\u00fcr Trailrunning und lange Strecken.","robots":{"index":"index","follow":"follow","max-snippet":"max-snippet:-1","max-image-preview":"max-image-preview:large","max-video-preview":"max-video-preview:-1"},"canonical":"https:\/\/www.miomiorun.com\/de\/produkt\/race-vest\/","og_locale":"de_DE","og_type":"article","og_title":"NNormal Race Vest - Trailrunning-Weste - MioMioRun","og_description":"Trailrunning-Weste \u201eNNormal Race Vest\u201c mit stabilen Flaschenf\u00e4chern, atmungsaktivem R\u00fcckenbereich und 2 mitgelieferten Flaschen. Ideal f\u00fcr Trailrunning und lange Strecken.","og_url":"https:\/\/www.miomiorun.com\/de\/produkt\/race-vest\/","og_site_name":"MioMioRun","article_publisher":"https:\/\/www.facebook.com\/miomiorun\/","article_modified_time":"2026-05-08T10:09:32+00:00","og_image":[{"width":720,"height":720,"url":"https:\/\/www.miomiorun.com\/app\/uploads\/2026\/04\/normal-Race-Vest-black-N1ARV02-002-fronte.webp","type":"image\/webp"}],"twitter_card":"summary_large_image","twitter_misc":{"Est. reading time":"1 minute"},"schema":{"@context":"https:\/\/schema.org","@graph":[{"@type":"WebPage","@id":"https:\/\/www.miomiorun.com\/de\/produkt\/race-vest\/","url":"https:\/\/www.miomiorun.com\/de\/produkt\/race-vest\/","name":"NNormal Race Vest - Trailrunning-Weste - MioMioRun","isPartOf":{"@id":"https:\/\/www.miomiorun.com\/de\/#website"},"primaryImageOfPage":{"@id":"https:\/\/www.miomiorun.com\/de\/produkt\/race-vest\/#primaryimage"},"image":{"@id":"https:\/\/www.miomiorun.com\/de\/produkt\/race-vest\/#primaryimage"},"thumbnailUrl":"https:\/\/www.miomiorun.com\/app\/uploads\/2026\/04\/normal-Race-Vest-black-N1ARV02-002-fronte.webp","datePublished":"2026-03-27T17:45:04+00:00","dateModified":"2026-05-08T10:09:32+00:00","description":"Trailrunning-Weste \u201eNNormal Race Vest\u201c mit stabilen Flaschenf\u00e4chern, atmungsaktivem R\u00fcckenbereich und 2 mitgelieferten Flaschen. Ideal f\u00fcr Trailrunning und lange Strecken.","breadcrumb":{"@id":"https:\/\/www.miomiorun.com\/de\/produkt\/race-vest\/#breadcrumb"},"inLanguage":"de-DE","potentialAction":[{"@type":"ReadAction","target":["https:\/\/www.miomiorun.com\/de\/produkt\/race-vest\/"]}]},{"@type":"ImageObject","inLanguage":"de-DE","@id":"https:\/\/www.miomiorun.com\/de\/produkt\/race-vest\/#primaryimage","url":"https:\/\/www.miomiorun.com\/app\/uploads\/2026\/04\/normal-Race-Vest-black-N1ARV02-002-fronte.webp","contentUrl":"https:\/\/www.miomiorun.com\/app\/uploads\/2026\/04\/normal-Race-Vest-black-N1ARV02-002-fronte.webp","width":720,"height":720,"caption":"normal Race Vest black N1ARV02-002 fronte"},{"@type":"BreadcrumbList","@id":"https:\/\/www.miomiorun.com\/de\/produkt\/race-vest\/#breadcrumb","itemListElement":[{"@type":"ListItem","position":1,"name":"Home","item":"https:\/\/www.miomiorun.com\/de\/"},{"@type":"ListItem","position":2,"name":"Shop","item":"https:\/\/www.miomiorun.com\/shop\/"},{"@type":"ListItem","position":3,"name":"Race Vest"}]},{"@type":"WebSite","@id":"https:\/\/www.miomiorun.com\/de\/#website","url":"https:\/\/www.miomiorun.com\/de\/","name":"MioMioRun","description":"100% Lauf- und Trailshop","publisher":{"@id":"https:\/\/www.miomiorun.com\/de\/#organization"},"potentialAction":[{"@type":"SearchAction","target":{"@type":"EntryPoint","urlTemplate":"https:\/\/www.miomiorun.com\/de\/?s={search_term_string}"},"query-input":{"@type":"PropertyValueSpecification","valueRequired":true,"valueName":"search_term_string"}}],"inLanguage":"de-DE"},{"@type":"Organization","@id":"https:\/\/www.miomiorun.com\/de\/#organization","name":"MioMio Run","url":"https:\/\/www.miomiorun.com\/de\/","logo":{"@type":"ImageObject","inLanguage":"de-DE","@id":"https:\/\/www.miomiorun.com\/de\/#\/schema\/logo\/image\/","url":"https:\/\/www.miomiorun.com\/app\/uploads\/2019\/12\/logomio.png","contentUrl":"https:\/\/www.miomiorun.com\/app\/uploads\/2019\/12\/logomio.png","width":115,"height":82,"caption":"MioMio Run"},"image":{"@id":"https:\/\/www.miomiorun.com\/de\/#\/schema\/logo\/image\/"},"sameAs":["https:\/\/www.facebook.com\/miomiorun\/","https:\/\/www.instagram.com\/miomiorun\/"]}]}},"_links":{"self":[{"href":"https:\/\/www.miomiorun.com\/de\/wp-json\/wp\/v2\/product\/422485","targetHints":{"allow":["GET"]}}],"collection":[{"href":"https:\/\/www.miomiorun.com\/de\/wp-json\/wp\/v2\/product"}],"about":[{"href":"https:\/\/www.miomiorun.com\/de\/wp-json\/wp\/v2\/types\/product"}],"wp:featuredmedia":[{"embeddable":true,"href":"https:\/\/www.miomiorun.com\/de\/wp-json\/wp\/v2\/media\/426479"}],"wp:attachment":[{"href":"https:\/\/www.miomiorun.com\/de\/wp-json\/wp\/v2\/media?parent=422485"}],"wp:term":[{"taxonomy":"product_brand","embeddable":true,"href":"https:\/\/www.miomiorun.com\/de\/wp-json\/wp\/v2\/product_brand?post=422485"},{"taxonomy":"product_cat","embeddable":true,"href":"https:\/\/www.miomiorun.com\/de\/wp-json\/wp\/v2\/product_cat?post=422485"},{"taxonomy":"product_tag","embeddable":true,"href":"https:\/\/www.miomiorun.com\/de\/wp-json\/wp\/v2\/product_tag?post=422485"}],"curies":[{"name":"wp","href":"https:\/\/api.w.org\/{rel}","templated":true}]}}