{"id":420975,"date":"2026-03-24T19:12:25","date_gmt":"2026-03-24T18:12:25","guid":{"rendered":"https:\/\/www.miomiorun.com\/?post_type=product&#038;p=420975"},"modified":"2026-04-29T10:58:06","modified_gmt":"2026-04-29T08:58:06","slug":"openfit-air","status":"publish","type":"product","link":"https:\/\/www.miomiorun.com\/de\/produkt\/openfit-air\/","title":{"rendered":"OpenFit Air"},"content":{"rendered":"<p data-start=\"26\" data-end=\"352\">Die <strong data-start=\"30\" data-end=\"51\">Shokz OpenFit Air<\/strong> sind Open-Ear-Kopfh\u00f6rer, die Komfort, Stabilit\u00e4t und Praktikabilit\u00e4t beim Training und im Alltag bieten. Das <strong data-start=\"184\" data-end=\"196\">Open-Ear-Design<\/strong> erm\u00f6glicht es, Musik zu h\u00f6ren und gleichzeitig die <strong data-start=\"243\" data-end=\"287\">Umgebung im Blick zu behalten<\/strong> \u2013 eine n\u00fctzliche Eigenschaft beim Laufen oder bei Aktivit\u00e4ten im Freien.<\/p>\n<p data-start=\"354\" data-end=\"611\">Der neue <strong data-start=\"363\" data-end=\"394\">Shokz Air-Ohrb\u00fcgel<\/strong> wurde entwickelt, um den Halt zu verbessern und auch bei dynamischen Bewegungen einen stabilen Sitz zu gew\u00e4hrleisten. Der Klang ist <strong data-start=\"540\" data-end=\"554\">ausgewogen<\/strong> und eignet sich sowohl f\u00fcr das Training als auch f\u00fcr den t\u00e4glichen Musikgenuss.<\/p>\n<p data-start=\"613\" data-end=\"968\">Die OpenFit Air bieten eine Akkulaufzeit von bis zu <strong data-start=\"644\" data-end=\"667\">28 Stunden<\/strong>, sodass du sie lange nutzen kannst, ohne dir Gedanken \u00fcber das Aufladen machen zu m\u00fcssen. Mit den <strong data-start=\"743\" data-end=\"773\">anpassbaren Bedienelementen<\/strong> kannst du Musik und Anrufe mit einfachen Ber\u00fchrungen steuern, w\u00e4hrend die <strong data-start=\"854\" data-end=\"868\">Multipoint-Funktion<\/strong> es erm\u00f6glicht, zwei Ger\u00e4te gleichzeitig zu verbinden und schnell zwischen ihnen zu wechseln.<\/p>\n<p data-start=\"970\" data-end=\"1202\">Dank der <strong data-start=\"988\" data-end=\"996\">IP54-Zertifizierung<\/strong> sind sie wasser- und schwei\u00dfresistent und eignen sich somit auch f\u00fcr die intensivsten Trainingseinheiten. Sie sind in verschiedenen Farbvarianten erh\u00e4ltlich und passen sowohl zu einem sportlichen Stil als auch zum Alltag.<\/p>\n","protected":false},"excerpt":{"rendered":"<ul>\n<li data-section-id=\"h1tn0e\" data-start=\"1222\" data-end=\"1309\"><strong data-start=\"1231\" data-end=\"1243\">Open-Ear-Design<\/strong> mit Shokz Air-Ohrb\u00fcgel f\u00fcr Komfort und Stabilit\u00e4t beim Sport<\/li>\n<li data-section-id=\"1hbw1s8\" data-start=\"1310\" data-end=\"1394\">Bis zu <strong data-start=\"1319\" data-end=\"1342\">28 Stunden Akkulaufzeit<\/strong> mit anpassbaren Touch-Bedienelementen und Multipoint-Funktion<\/li>\n<li data-section-id=\"qpo0c9\" data-start=\"1395\" data-end=\"1473\"><strong data-start=\"1408\" data-end=\"1416\">IP54-Zertifizierung<\/strong> gegen Wasser und Schwei\u00df f\u00fcr Training und den t\u00e4glichen Gebrauch<\/li>\n<\/ul>\n","protected":false},"featured_media":429066,"template":"","meta":{"_acf_changed":false,"inline_featured_image":false},"product_brand":[],"product_cat":[6342,6345],"product_tag":[3358],"class_list":{"0":"post-420975","1":"product","2":"type-product","3":"status-publish","4":"has-post-thumbnail","6":"product_cat-zubehoer","7":"product_cat-kopfhoerer-zubehoer-2-de","8":"product_tag-shokz-de","9":"pa_attivita-fitness-de","10":"pa_attivita-gehen","11":"pa_attivita-lifestyle-de","12":"pa_attivita-outdoor-de","13":"pa_attivita-running-de","14":"pa_attivita-trail-de","15":"pa_colore-openfit-air-black","16":"pa_colore-openfit-air-pink","17":"pa_colore-openfit-air-white","18":"pa_marca-shokz-de","19":"pa_sesso-damen","20":"pa_sesso-herren","22":"first","23":"instock","24":"sale","25":"taxable","26":"shipping-taxable","27":"purchasable","28":"product-type-variable","29":"wvs-archive-product-wrapper"},"acf":[],"yoast_head":"<!-- This site is optimized with the Yoast SEO plugin v26.8 - https:\/\/yoast.com\/product\/yoast-seo-wordpress\/ -->\n<title>Shokz OpenFit Air - Lauf-Ohrh\u00f6rer - MioMioRun<\/title>\n<meta name=\"description\" content=\"Shokz OpenFit Air Open-Ear-Kopfh\u00f6rer mit stabilem Ohrb\u00fcgel, einer Akkulaufzeit von bis zu 28 Stunden und Schutzklasse IP54. Ideal f\u00fcr Sport und den Alltag.\" \/>\n<meta name=\"robots\" content=\"index, follow, max-snippet:-1, max-image-preview:large, max-video-preview:-1\" \/>\n<link rel=\"canonical\" href=\"https:\/\/www.miomiorun.com\/de\/produkt\/openfit-air\/\" \/>\n<meta property=\"og:locale\" content=\"de_DE\" \/>\n<meta property=\"og:type\" content=\"article\" \/>\n<meta property=\"og:title\" content=\"Shokz OpenFit Air - Lauf-Ohrh\u00f6rer - MioMioRun\" \/>\n<meta property=\"og:description\" content=\"Shokz OpenFit Air Open-Ear-Kopfh\u00f6rer mit stabilem Ohrb\u00fcgel, einer Akkulaufzeit von bis zu 28 Stunden und Schutzklasse IP54. Ideal f\u00fcr Sport und den Alltag.\" \/>\n<meta property=\"og:url\" content=\"https:\/\/www.miomiorun.com\/de\/produkt\/openfit-air\/\" \/>\n<meta property=\"og:site_name\" content=\"MioMioRun\" \/>\n<meta property=\"article:publisher\" content=\"https:\/\/www.facebook.com\/miomiorun\/\" \/>\n<meta property=\"article:modified_time\" content=\"2026-04-29T08:58:06+00:00\" \/>\n<meta property=\"og:image\" content=\"https:\/\/www.miomiorun.com\/app\/uploads\/2026\/04\/Shokz-OpenFit-Air-white-AS511WT.webp\" \/>\n\t<meta property=\"og:image:width\" content=\"720\" \/>\n\t<meta property=\"og:image:height\" content=\"720\" \/>\n\t<meta property=\"og:image:type\" content=\"image\/webp\" \/>\n<meta name=\"twitter:card\" content=\"summary_large_image\" \/>\n<meta name=\"twitter:label1\" content=\"Est. reading time\" \/>\n\t<meta name=\"twitter:data1\" content=\"3 minutes\" \/>\n<script type=\"application\/ld+json\" class=\"yoast-schema-graph\">{\"@context\":\"https:\/\/schema.org\",\"@graph\":[{\"@type\":\"WebPage\",\"@id\":\"https:\/\/www.miomiorun.com\/de\/produkt\/openfit-air\/\",\"url\":\"https:\/\/www.miomiorun.com\/de\/produkt\/openfit-air\/\",\"name\":\"Shokz OpenFit Air - Lauf-Ohrh\u00f6rer - MioMioRun\",\"isPartOf\":{\"@id\":\"https:\/\/www.miomiorun.com\/de\/#website\"},\"primaryImageOfPage\":{\"@id\":\"https:\/\/www.miomiorun.com\/de\/produkt\/openfit-air\/#primaryimage\"},\"image\":{\"@id\":\"https:\/\/www.miomiorun.com\/de\/produkt\/openfit-air\/#primaryimage\"},\"thumbnailUrl\":\"https:\/\/www.miomiorun.com\/app\/uploads\/2026\/04\/Shokz-OpenFit-Air-white-AS511WT.webp\",\"datePublished\":\"2026-03-24T18:12:25+00:00\",\"dateModified\":\"2026-04-29T08:58:06+00:00\",\"description\":\"Shokz OpenFit Air Open-Ear-Kopfh\u00f6rer mit stabilem Ohrb\u00fcgel, einer Akkulaufzeit von bis zu 28 Stunden und Schutzklasse IP54. Ideal f\u00fcr Sport und den Alltag.\",\"breadcrumb\":{\"@id\":\"https:\/\/www.miomiorun.com\/de\/produkt\/openfit-air\/#breadcrumb\"},\"inLanguage\":\"de-DE\",\"potentialAction\":[{\"@type\":\"ReadAction\",\"target\":[\"https:\/\/www.miomiorun.com\/de\/produkt\/openfit-air\/\"]}]},{\"@type\":\"ImageObject\",\"inLanguage\":\"de-DE\",\"@id\":\"https:\/\/www.miomiorun.com\/de\/produkt\/openfit-air\/#primaryimage\",\"url\":\"https:\/\/www.miomiorun.com\/app\/uploads\/2026\/04\/Shokz-OpenFit-Air-white-AS511WT.webp\",\"contentUrl\":\"https:\/\/www.miomiorun.com\/app\/uploads\/2026\/04\/Shokz-OpenFit-Air-white-AS511WT.webp\",\"width\":720,\"height\":720,\"caption\":\"Shokz OpenFit Air white AS511WT\"},{\"@type\":\"BreadcrumbList\",\"@id\":\"https:\/\/www.miomiorun.com\/de\/produkt\/openfit-air\/#breadcrumb\",\"itemListElement\":[{\"@type\":\"ListItem\",\"position\":1,\"name\":\"Home\",\"item\":\"https:\/\/www.miomiorun.com\/de\/\"},{\"@type\":\"ListItem\",\"position\":2,\"name\":\"Shop\",\"item\":\"https:\/\/www.miomiorun.com\/shop\/\"},{\"@type\":\"ListItem\",\"position\":3,\"name\":\"OpenFit Air\"}]},{\"@type\":\"WebSite\",\"@id\":\"https:\/\/www.miomiorun.com\/de\/#website\",\"url\":\"https:\/\/www.miomiorun.com\/de\/\",\"name\":\"MioMioRun\",\"description\":\"100% Lauf- und Trailshop\",\"publisher\":{\"@id\":\"https:\/\/www.miomiorun.com\/de\/#organization\"},\"potentialAction\":[{\"@type\":\"SearchAction\",\"target\":{\"@type\":\"EntryPoint\",\"urlTemplate\":\"https:\/\/www.miomiorun.com\/de\/?s={search_term_string}\"},\"query-input\":{\"@type\":\"PropertyValueSpecification\",\"valueRequired\":true,\"valueName\":\"search_term_string\"}}],\"inLanguage\":\"de-DE\"},{\"@type\":\"Organization\",\"@id\":\"https:\/\/www.miomiorun.com\/de\/#organization\",\"name\":\"MioMio Run\",\"url\":\"https:\/\/www.miomiorun.com\/de\/\",\"logo\":{\"@type\":\"ImageObject\",\"inLanguage\":\"de-DE\",\"@id\":\"https:\/\/www.miomiorun.com\/de\/#\/schema\/logo\/image\/\",\"url\":\"https:\/\/www.miomiorun.com\/app\/uploads\/2019\/12\/logomio.png\",\"contentUrl\":\"https:\/\/www.miomiorun.com\/app\/uploads\/2019\/12\/logomio.png\",\"width\":115,\"height\":82,\"caption\":\"MioMio Run\"},\"image\":{\"@id\":\"https:\/\/www.miomiorun.com\/de\/#\/schema\/logo\/image\/\"},\"sameAs\":[\"https:\/\/www.facebook.com\/miomiorun\/\",\"https:\/\/www.instagram.com\/miomiorun\/\"]}]}<\/script>\n<!-- \/ Yoast SEO plugin. -->","yoast_head_json":{"title":"Shokz OpenFit Air - Lauf-Ohrh\u00f6rer - MioMioRun","description":"Shokz OpenFit Air Open-Ear-Kopfh\u00f6rer mit stabilem Ohrb\u00fcgel, einer Akkulaufzeit von bis zu 28 Stunden und Schutzklasse IP54. Ideal f\u00fcr Sport und den Alltag.","robots":{"index":"index","follow":"follow","max-snippet":"max-snippet:-1","max-image-preview":"max-image-preview:large","max-video-preview":"max-video-preview:-1"},"canonical":"https:\/\/www.miomiorun.com\/de\/produkt\/openfit-air\/","og_locale":"de_DE","og_type":"article","og_title":"Shokz OpenFit Air - Lauf-Ohrh\u00f6rer - MioMioRun","og_description":"Shokz OpenFit Air Open-Ear-Kopfh\u00f6rer mit stabilem Ohrb\u00fcgel, einer Akkulaufzeit von bis zu 28 Stunden und Schutzklasse IP54. Ideal f\u00fcr Sport und den Alltag.","og_url":"https:\/\/www.miomiorun.com\/de\/produkt\/openfit-air\/","og_site_name":"MioMioRun","article_publisher":"https:\/\/www.facebook.com\/miomiorun\/","article_modified_time":"2026-04-29T08:58:06+00:00","og_image":[{"width":720,"height":720,"url":"https:\/\/www.miomiorun.com\/app\/uploads\/2026\/04\/Shokz-OpenFit-Air-white-AS511WT.webp","type":"image\/webp"}],"twitter_card":"summary_large_image","twitter_misc":{"Est. reading time":"3 minutes"},"schema":{"@context":"https:\/\/schema.org","@graph":[{"@type":"WebPage","@id":"https:\/\/www.miomiorun.com\/de\/produkt\/openfit-air\/","url":"https:\/\/www.miomiorun.com\/de\/produkt\/openfit-air\/","name":"Shokz OpenFit Air - Lauf-Ohrh\u00f6rer - MioMioRun","isPartOf":{"@id":"https:\/\/www.miomiorun.com\/de\/#website"},"primaryImageOfPage":{"@id":"https:\/\/www.miomiorun.com\/de\/produkt\/openfit-air\/#primaryimage"},"image":{"@id":"https:\/\/www.miomiorun.com\/de\/produkt\/openfit-air\/#primaryimage"},"thumbnailUrl":"https:\/\/www.miomiorun.com\/app\/uploads\/2026\/04\/Shokz-OpenFit-Air-white-AS511WT.webp","datePublished":"2026-03-24T18:12:25+00:00","dateModified":"2026-04-29T08:58:06+00:00","description":"Shokz OpenFit Air Open-Ear-Kopfh\u00f6rer mit stabilem Ohrb\u00fcgel, einer Akkulaufzeit von bis zu 28 Stunden und Schutzklasse IP54. Ideal f\u00fcr Sport und den Alltag.","breadcrumb":{"@id":"https:\/\/www.miomiorun.com\/de\/produkt\/openfit-air\/#breadcrumb"},"inLanguage":"de-DE","potentialAction":[{"@type":"ReadAction","target":["https:\/\/www.miomiorun.com\/de\/produkt\/openfit-air\/"]}]},{"@type":"ImageObject","inLanguage":"de-DE","@id":"https:\/\/www.miomiorun.com\/de\/produkt\/openfit-air\/#primaryimage","url":"https:\/\/www.miomiorun.com\/app\/uploads\/2026\/04\/Shokz-OpenFit-Air-white-AS511WT.webp","contentUrl":"https:\/\/www.miomiorun.com\/app\/uploads\/2026\/04\/Shokz-OpenFit-Air-white-AS511WT.webp","width":720,"height":720,"caption":"Shokz OpenFit Air white AS511WT"},{"@type":"BreadcrumbList","@id":"https:\/\/www.miomiorun.com\/de\/produkt\/openfit-air\/#breadcrumb","itemListElement":[{"@type":"ListItem","position":1,"name":"Home","item":"https:\/\/www.miomiorun.com\/de\/"},{"@type":"ListItem","position":2,"name":"Shop","item":"https:\/\/www.miomiorun.com\/shop\/"},{"@type":"ListItem","position":3,"name":"OpenFit Air"}]},{"@type":"WebSite","@id":"https:\/\/www.miomiorun.com\/de\/#website","url":"https:\/\/www.miomiorun.com\/de\/","name":"MioMioRun","description":"100% Lauf- und Trailshop","publisher":{"@id":"https:\/\/www.miomiorun.com\/de\/#organization"},"potentialAction":[{"@type":"SearchAction","target":{"@type":"EntryPoint","urlTemplate":"https:\/\/www.miomiorun.com\/de\/?s={search_term_string}"},"query-input":{"@type":"PropertyValueSpecification","valueRequired":true,"valueName":"search_term_string"}}],"inLanguage":"de-DE"},{"@type":"Organization","@id":"https:\/\/www.miomiorun.com\/de\/#organization","name":"MioMio Run","url":"https:\/\/www.miomiorun.com\/de\/","logo":{"@type":"ImageObject","inLanguage":"de-DE","@id":"https:\/\/www.miomiorun.com\/de\/#\/schema\/logo\/image\/","url":"https:\/\/www.miomiorun.com\/app\/uploads\/2019\/12\/logomio.png","contentUrl":"https:\/\/www.miomiorun.com\/app\/uploads\/2019\/12\/logomio.png","width":115,"height":82,"caption":"MioMio Run"},"image":{"@id":"https:\/\/www.miomiorun.com\/de\/#\/schema\/logo\/image\/"},"sameAs":["https:\/\/www.facebook.com\/miomiorun\/","https:\/\/www.instagram.com\/miomiorun\/"]}]}},"_links":{"self":[{"href":"https:\/\/www.miomiorun.com\/de\/wp-json\/wp\/v2\/product\/420975","targetHints":{"allow":["GET"]}}],"collection":[{"href":"https:\/\/www.miomiorun.com\/de\/wp-json\/wp\/v2\/product"}],"about":[{"href":"https:\/\/www.miomiorun.com\/de\/wp-json\/wp\/v2\/types\/product"}],"wp:featuredmedia":[{"embeddable":true,"href":"https:\/\/www.miomiorun.com\/de\/wp-json\/wp\/v2\/media\/429066"}],"wp:attachment":[{"href":"https:\/\/www.miomiorun.com\/de\/wp-json\/wp\/v2\/media?parent=420975"}],"wp:term":[{"taxonomy":"product_brand","embeddable":true,"href":"https:\/\/www.miomiorun.com\/de\/wp-json\/wp\/v2\/product_brand?post=420975"},{"taxonomy":"product_cat","embeddable":true,"href":"https:\/\/www.miomiorun.com\/de\/wp-json\/wp\/v2\/product_cat?post=420975"},{"taxonomy":"product_tag","embeddable":true,"href":"https:\/\/www.miomiorun.com\/de\/wp-json\/wp\/v2\/product_tag?post=420975"}],"curies":[{"name":"wp","href":"https:\/\/api.w.org\/{rel}","templated":true}]}}