{"id":420834,"date":"2026-03-24T18:17:07","date_gmt":"2026-03-24T17:17:07","guid":{"rendered":"https:\/\/www.miomiorun.com\/?post_type=product&#038;p=420834"},"modified":"2026-04-29T11:01:18","modified_gmt":"2026-04-29T09:01:18","slug":"varia-rearvue-820","status":"publish","type":"product","link":"https:\/\/www.miomiorun.com\/de\/produkt\/varia-rearvue-820\/","title":{"rendered":"Varia\u2122 RearVue 820"},"content":{"rendered":"<p><div class=\"vc-row container\"><div class=\"vc-column\"><div class=\"vc-column-text\"><\/p>\n<div class=\"app__overview__intro__description gc__copy gc__copy--light gc__copy--center gc__copy--large\" data-v-f2ba670e=\"\" data-test=\"gc__copy\">\n<h2>AUSSERGEW\u00d6HNLICH GUT SICHTBAR. UNGLAUBLICH LEISTUNGSSTARK. \u200b<\/h2>\n<div class=\"app__overview__intro__description\">\n<p>Das Varia&nbsp;RearVue&nbsp;820 ist mit unserem leistungsst\u00e4rksten und pr\u00e4zisesten Radar ausgestattet, verf\u00fcgt jedoch \u00fcber ein breiteres Sichtfeld und liefert so zuverl\u00e4ssigere Warnungen als je zuvor. Das R\u00fccklicht bietet eine Sichtweite von bis zu 2&nbsp;km und warnt auch beim Anhalten oder Bremsen.<\/p>\n<\/div>\n<\/div>\n<p><\/div><\/div><\/div><div class=\"vc-row container\"><div class=\"vc-column\"><div class=\"vc-column-text\"><\/p>\n<div class=\"app__feature__card\"><img decoding=\"async\" class=\"app__feature__card__image\" src=\"https:\/\/res.garmin.com\/icons\/Rearview-Radar.svg\" alt=\"\"><\/p>\n<p class=\"app__feature__card__description app__feature__card__description--left\">ERKENNT FAHRZEUGE IN EINER ENTFERNUNG VON BIS ZU 175 METERN MIT EINEM GR\u00d6SSEREN SICHTFELD<\/p>\n<\/div>\n<p><\/div><\/div><div class=\"vc-column\"><div class=\"vc-column-text\"><\/p>\n<div class=\"app__feature__card\"><img decoding=\"async\" class=\"app__feature__card__image\" src=\"https:\/\/res.garmin.com\/icons\/Battery_Life.svg\" alt=\"\"><\/p>\n<p class=\"app__feature__card__description app__feature__card__description--left\">ERHALTEN SIE IM TAGESLICHT-BLITZMODUS EINE BETRIEBSDAUER VON BIS ZU 24 STUNDEN<\/p>\n<\/div>\n<p><\/div><\/div><div class=\"vc-column\"><div class=\"vc-column-text\"><\/p>\n<div class=\"app__feature__card\"><img decoding=\"async\" class=\"app__feature__card__image\" src=\"https:\/\/res.garmin.com\/icons\/AMOLED_Display.svg\" alt=\"\"><\/p>\n<p class=\"app__feature__card__description app__feature__card__description--left\">DAS R\u00dcCKLEUCHTUNG IST BIS ZU 2 KM WEIT SICHTBAR<\/p>\n<\/div>\n<p><\/div><\/div><div class=\"vc-column\"><div class=\"vc-column-text\"><\/p>\n<div class=\"app__feature__card\"><img decoding=\"async\" class=\"app__feature__card__image\" src=\"https:\/\/res.garmin.com\/icons\/size-of-approaching-vehicles.svg\" alt=\"\"><\/p>\n<p class=\"app__feature__card__description app__feature__card__description--left\">ZEIGT DIE ABMESSUNGEN VON SICH N\u00c4HERNDEN FAHRZEUGEN AN\u00b9<\/p>\n<\/div>\n<p><\/div><\/div><div class=\"vc-column\"><div class=\"vc-column-text\"><\/p>\n<div class=\"app__feature__card\"><img decoding=\"async\" class=\"app__feature__card__image\" src=\"https:\/\/res.garmin.com\/icons\/brake-light-alert.svg\" alt=\"\"><\/p>\n<p class=\"app__feature__card__description app__feature__card__description--left\">DAS BREMSLICHT WARNEN ANDERE DAVON, DASS SIE LANGSAMER WERDEN ODER ANHALTEN<\/p>\n<\/div>\n<p><\/div><\/div><div class=\"vc-column\"><div class=\"vc-column-text\"><\/p>\n<div class=\"app__feature__card\"><img decoding=\"async\" class=\"app__feature__card__image\" src=\"https:\/\/res.garmin.com\/icons\/same-speed.svg\" alt=\"\"><\/p>\n<p class=\"app__feature__card__description app__feature__card__description--left\">ACHTEN SIE AUF FAHRZEUGE, DIE MIT DER GLEICHEN GESCHWINDIGKEIT FAHREN\u00b2<\/p>\n<\/div>\n<p><\/div><\/div><\/div><div class=\"vc-row container\"><div class=\"vc-column\"><div class=\"vc-column-text\"><\/p>\n<div class=\"app__feature__card\">\n<h3>SMARTES UND ZUVERL\u00c4SSIGES RADAR<\/h3>\n<p class=\"app__feature__card__description app__feature__card__description--left\">Dank unserer leistungsst\u00e4rkeren und pr\u00e4ziseren Radartechnologie erkennt das Varia RearVue 820 herannahende Fahrzeuge in einer Entfernung von bis zu 175 Metern mit einem gr\u00f6\u00dferen Sichtfeld.<\/p>\n<\/div>\n<p><\/div><\/div><div class=\"vc-column\"><div class=\"vc-column-text\"><\/p>\n<div class=\"app__feature__card\">\n<h3>HECKLEUCHTE UND BRILLANTE BREMSLEUCHTE<\/h3>\n<p class=\"app__feature__card__description app__feature__card__description--left\">Die Heckleuchte sorgt daf\u00fcr, dass Sie aus einer Entfernung von bis zu 2 km sichtbar sind. Eine Bremsleuchte erkennt, wenn Sie langsamer werden oder anhalten, und zeigt eine einzigartige Blinksequenz an.<\/p>\n<\/div>\n<p><\/div><\/div><div class=\"vc-column\"><div class=\"vc-column-text\"><\/p>\n<div class=\"app__feature__card\">\n<h3>ERWEITERTE FAHRZEUGERKENNUNG<\/h3>\n<p class=\"app__feature__card__description app__feature__card__description--left\">Zeigt Warnungen f\u00fcr kleine, mittlere und gro\u00dfe Fahrzeuge an und informiert Sie, wenn ein Fahrzeug die Spur wechselt, zusammen mit dem Gefahrenlevel, sofern mit einer neueren Version von Edge<sup>\u00ae<\/sup> oder der Varia\u2122-App auf Ihrem Smartphone verbunden.<\/p>\n<\/div>\n<p><\/div> <\/div><div class=\"vc-column\"><div class=\"vc-column-text\"><\/p>\n<div class=\"app__feature__card\">\n<h3>ERHALTEN SIE WARNUNGEN NACH IHREN W\u00dcNSCHEN<\/h3>\n<p class=\"app__feature__card__description app__feature__card__description--left\">F\u00fcr visuelle und akustische Warnungen w\u00e4hrend der Fahrt verbinden Sie dieses Radar mit der Varia-App, kompatiblen Edge-Ger\u00e4ten oder Garmin-Smartwatches. Zus\u00e4tzlich zu den Benachrichtigungen am Handgelenk k\u00f6nnen ausgew\u00e4hlte Garmin-Smartwatches auch akustische Warnungen bei herannahenden Fahrzeugen ausgeben; diese Funktion ist derzeit in der Garmin Public Beta f\u00fcr bestimmte Smartwatches verf\u00fcgbar\u00b3.<\/p>\n<\/div>\n<p><\/div><\/div><\/div><div class=\"vc-row container\"><\/div><div class=\"vc-column\"><div class=\"vc-column-text\"><\/p>\n<div class=\"app__feature__card\">\n<h3>VERSCHIEDENE HELLIGKEITSOPTIONEN<\/h3>\n<p class=\"app__feature__card__description app__feature__card__description--left\">Fahre mit vier verschiedenen Helligkeitsstufen: Tagesblinklicht, Nachtblinklicht, Dauerlicht und Gruppenmodus, die dazu beitragen, die Augen der hinter dir fahrenden Verkehrsteilnehmer zu schonen. Du kannst den Modus deiner Wahl auch \u00fcber die Varia-App anpassen<\/p>\n<\/div>\n<p><\/div><\/div><div class=\"vc-column\"><div class=\"vc-column-text\"><\/p>\n<div class=\"app__feature__card\">\n<h3>KOMPAKTES DESIGN<\/h3>\n<p class=\"app__feature__card__description app__feature__card__description--left\">Das kompakte Design und die neue Varia RearVue 820-Sattelst\u00fctzenhalterung passen perfekt zu fast allen Renn- oder Gravel-R\u00e4dern und sind mit dem Varia-Sattelst\u00fctzen-Montageset (separat erh\u00e4ltlich) kompatibel.<\/p>\n<\/div>\n<p><\/div><\/div><div class=\"vc-column\"><\/div><div class=\"vc-column-text\"><\/div><\/p>\n<div class=\"app__feature__card\"><\/div>\n<p>&nbsp;<\/p>\n","protected":false},"excerpt":{"rendered":"<p>&nbsp;<\/p>\n","protected":false},"featured_media":422650,"template":"","meta":{"_acf_changed":false,"inline_featured_image":false},"product_brand":[],"product_cat":[3344,6348,3345],"product_tag":[3346],"class_list":{"0":"post-420834","1":"product","2":"type-product","3":"status-publish","4":"has-post-thumbnail","6":"product_cat-garmin-de","7":"product_cat-radfahren-de","8":"product_cat-zubehoer-de-2","9":"product_tag-garmin-de","10":"pa_marca-garmin-de","11":"pa_sesso-damen","12":"pa_sesso-herren","14":"first","15":"instock","16":"sale","17":"taxable","18":"shipping-taxable","19":"purchasable","20":"product-type-simple"},"acf":[],"yoast_head":"<!-- This site is optimized with the Yoast SEO plugin v26.8 - https:\/\/yoast.com\/product\/yoast-seo-wordpress\/ -->\n<title>Garmin Varia\u2122 RearVue 820 -Garmin-Fahrradzubeh\u00f6r - MioMioRun<\/title>\n<meta name=\"robots\" content=\"index, follow, max-snippet:-1, max-image-preview:large, max-video-preview:-1\" \/>\n<link rel=\"canonical\" href=\"https:\/\/www.miomiorun.com\/de\/produkt\/varia-rearvue-820\/\" \/>\n<meta property=\"og:locale\" content=\"de_DE\" \/>\n<meta property=\"og:type\" content=\"article\" \/>\n<meta property=\"og:title\" content=\"Garmin Varia\u2122 RearVue 820 -Garmin-Fahrradzubeh\u00f6r - MioMioRun\" \/>\n<meta property=\"og:description\" content=\"&nbsp;\" \/>\n<meta property=\"og:url\" content=\"https:\/\/www.miomiorun.com\/de\/produkt\/varia-rearvue-820\/\" \/>\n<meta property=\"og:site_name\" content=\"MioMioRun\" \/>\n<meta property=\"article:publisher\" content=\"https:\/\/www.facebook.com\/miomiorun\/\" \/>\n<meta property=\"article:modified_time\" content=\"2026-04-29T09:01:18+00:00\" \/>\n<meta property=\"og:image\" content=\"https:\/\/www.miomiorun.com\/app\/uploads\/2026\/03\/garmin-VARIA-820-010-03180-00.webp\" \/>\n\t<meta property=\"og:image:width\" content=\"720\" \/>\n\t<meta property=\"og:image:height\" content=\"720\" \/>\n\t<meta property=\"og:image:type\" content=\"image\/webp\" \/>\n<meta name=\"twitter:card\" content=\"summary_large_image\" \/>\n<meta name=\"twitter:label1\" content=\"Est. reading time\" \/>\n\t<meta name=\"twitter:data1\" content=\"3 minutes\" \/>\n<script type=\"application\/ld+json\" class=\"yoast-schema-graph\">{\"@context\":\"https:\/\/schema.org\",\"@graph\":[{\"@type\":\"WebPage\",\"@id\":\"https:\/\/www.miomiorun.com\/de\/produkt\/varia-rearvue-820\/\",\"url\":\"https:\/\/www.miomiorun.com\/de\/produkt\/varia-rearvue-820\/\",\"name\":\"Garmin Varia\u2122 RearVue 820 -Garmin-Fahrradzubeh\u00f6r - MioMioRun\",\"isPartOf\":{\"@id\":\"https:\/\/www.miomiorun.com\/de\/#website\"},\"primaryImageOfPage\":{\"@id\":\"https:\/\/www.miomiorun.com\/de\/produkt\/varia-rearvue-820\/#primaryimage\"},\"image\":{\"@id\":\"https:\/\/www.miomiorun.com\/de\/produkt\/varia-rearvue-820\/#primaryimage\"},\"thumbnailUrl\":\"https:\/\/www.miomiorun.com\/app\/uploads\/2026\/03\/garmin-VARIA-820-010-03180-00.webp\",\"datePublished\":\"2026-03-24T17:17:07+00:00\",\"dateModified\":\"2026-04-29T09:01:18+00:00\",\"breadcrumb\":{\"@id\":\"https:\/\/www.miomiorun.com\/de\/produkt\/varia-rearvue-820\/#breadcrumb\"},\"inLanguage\":\"de-DE\",\"potentialAction\":[{\"@type\":\"ReadAction\",\"target\":[\"https:\/\/www.miomiorun.com\/de\/produkt\/varia-rearvue-820\/\"]}]},{\"@type\":\"ImageObject\",\"inLanguage\":\"de-DE\",\"@id\":\"https:\/\/www.miomiorun.com\/de\/produkt\/varia-rearvue-820\/#primaryimage\",\"url\":\"https:\/\/www.miomiorun.com\/app\/uploads\/2026\/03\/garmin-VARIA-820-010-03180-00.webp\",\"contentUrl\":\"https:\/\/www.miomiorun.com\/app\/uploads\/2026\/03\/garmin-VARIA-820-010-03180-00.webp\",\"width\":720,\"height\":720,\"caption\":\"garmin VARIA 820 010-03180-00\"},{\"@type\":\"BreadcrumbList\",\"@id\":\"https:\/\/www.miomiorun.com\/de\/produkt\/varia-rearvue-820\/#breadcrumb\",\"itemListElement\":[{\"@type\":\"ListItem\",\"position\":1,\"name\":\"Home\",\"item\":\"https:\/\/www.miomiorun.com\/de\/\"},{\"@type\":\"ListItem\",\"position\":2,\"name\":\"Shop\",\"item\":\"https:\/\/www.miomiorun.com\/shop\/\"},{\"@type\":\"ListItem\",\"position\":3,\"name\":\"Varia\u2122 RearVue 820\"}]},{\"@type\":\"WebSite\",\"@id\":\"https:\/\/www.miomiorun.com\/de\/#website\",\"url\":\"https:\/\/www.miomiorun.com\/de\/\",\"name\":\"MioMioRun\",\"description\":\"100% Lauf- und Trailshop\",\"publisher\":{\"@id\":\"https:\/\/www.miomiorun.com\/de\/#organization\"},\"potentialAction\":[{\"@type\":\"SearchAction\",\"target\":{\"@type\":\"EntryPoint\",\"urlTemplate\":\"https:\/\/www.miomiorun.com\/de\/?s={search_term_string}\"},\"query-input\":{\"@type\":\"PropertyValueSpecification\",\"valueRequired\":true,\"valueName\":\"search_term_string\"}}],\"inLanguage\":\"de-DE\"},{\"@type\":\"Organization\",\"@id\":\"https:\/\/www.miomiorun.com\/de\/#organization\",\"name\":\"MioMio Run\",\"url\":\"https:\/\/www.miomiorun.com\/de\/\",\"logo\":{\"@type\":\"ImageObject\",\"inLanguage\":\"de-DE\",\"@id\":\"https:\/\/www.miomiorun.com\/de\/#\/schema\/logo\/image\/\",\"url\":\"https:\/\/www.miomiorun.com\/app\/uploads\/2019\/12\/logomio.png\",\"contentUrl\":\"https:\/\/www.miomiorun.com\/app\/uploads\/2019\/12\/logomio.png\",\"width\":115,\"height\":82,\"caption\":\"MioMio Run\"},\"image\":{\"@id\":\"https:\/\/www.miomiorun.com\/de\/#\/schema\/logo\/image\/\"},\"sameAs\":[\"https:\/\/www.facebook.com\/miomiorun\/\",\"https:\/\/www.instagram.com\/miomiorun\/\"]}]}<\/script>\n<!-- \/ Yoast SEO plugin. -->","yoast_head_json":{"title":"Garmin Varia\u2122 RearVue 820 -Garmin-Fahrradzubeh\u00f6r - MioMioRun","robots":{"index":"index","follow":"follow","max-snippet":"max-snippet:-1","max-image-preview":"max-image-preview:large","max-video-preview":"max-video-preview:-1"},"canonical":"https:\/\/www.miomiorun.com\/de\/produkt\/varia-rearvue-820\/","og_locale":"de_DE","og_type":"article","og_title":"Garmin Varia\u2122 RearVue 820 -Garmin-Fahrradzubeh\u00f6r - MioMioRun","og_description":"&nbsp;","og_url":"https:\/\/www.miomiorun.com\/de\/produkt\/varia-rearvue-820\/","og_site_name":"MioMioRun","article_publisher":"https:\/\/www.facebook.com\/miomiorun\/","article_modified_time":"2026-04-29T09:01:18+00:00","og_image":[{"width":720,"height":720,"url":"https:\/\/www.miomiorun.com\/app\/uploads\/2026\/03\/garmin-VARIA-820-010-03180-00.webp","type":"image\/webp"}],"twitter_card":"summary_large_image","twitter_misc":{"Est. reading time":"3 minutes"},"schema":{"@context":"https:\/\/schema.org","@graph":[{"@type":"WebPage","@id":"https:\/\/www.miomiorun.com\/de\/produkt\/varia-rearvue-820\/","url":"https:\/\/www.miomiorun.com\/de\/produkt\/varia-rearvue-820\/","name":"Garmin Varia\u2122 RearVue 820 -Garmin-Fahrradzubeh\u00f6r - MioMioRun","isPartOf":{"@id":"https:\/\/www.miomiorun.com\/de\/#website"},"primaryImageOfPage":{"@id":"https:\/\/www.miomiorun.com\/de\/produkt\/varia-rearvue-820\/#primaryimage"},"image":{"@id":"https:\/\/www.miomiorun.com\/de\/produkt\/varia-rearvue-820\/#primaryimage"},"thumbnailUrl":"https:\/\/www.miomiorun.com\/app\/uploads\/2026\/03\/garmin-VARIA-820-010-03180-00.webp","datePublished":"2026-03-24T17:17:07+00:00","dateModified":"2026-04-29T09:01:18+00:00","breadcrumb":{"@id":"https:\/\/www.miomiorun.com\/de\/produkt\/varia-rearvue-820\/#breadcrumb"},"inLanguage":"de-DE","potentialAction":[{"@type":"ReadAction","target":["https:\/\/www.miomiorun.com\/de\/produkt\/varia-rearvue-820\/"]}]},{"@type":"ImageObject","inLanguage":"de-DE","@id":"https:\/\/www.miomiorun.com\/de\/produkt\/varia-rearvue-820\/#primaryimage","url":"https:\/\/www.miomiorun.com\/app\/uploads\/2026\/03\/garmin-VARIA-820-010-03180-00.webp","contentUrl":"https:\/\/www.miomiorun.com\/app\/uploads\/2026\/03\/garmin-VARIA-820-010-03180-00.webp","width":720,"height":720,"caption":"garmin VARIA 820 010-03180-00"},{"@type":"BreadcrumbList","@id":"https:\/\/www.miomiorun.com\/de\/produkt\/varia-rearvue-820\/#breadcrumb","itemListElement":[{"@type":"ListItem","position":1,"name":"Home","item":"https:\/\/www.miomiorun.com\/de\/"},{"@type":"ListItem","position":2,"name":"Shop","item":"https:\/\/www.miomiorun.com\/shop\/"},{"@type":"ListItem","position":3,"name":"Varia\u2122 RearVue 820"}]},{"@type":"WebSite","@id":"https:\/\/www.miomiorun.com\/de\/#website","url":"https:\/\/www.miomiorun.com\/de\/","name":"MioMioRun","description":"100% Lauf- und Trailshop","publisher":{"@id":"https:\/\/www.miomiorun.com\/de\/#organization"},"potentialAction":[{"@type":"SearchAction","target":{"@type":"EntryPoint","urlTemplate":"https:\/\/www.miomiorun.com\/de\/?s={search_term_string}"},"query-input":{"@type":"PropertyValueSpecification","valueRequired":true,"valueName":"search_term_string"}}],"inLanguage":"de-DE"},{"@type":"Organization","@id":"https:\/\/www.miomiorun.com\/de\/#organization","name":"MioMio Run","url":"https:\/\/www.miomiorun.com\/de\/","logo":{"@type":"ImageObject","inLanguage":"de-DE","@id":"https:\/\/www.miomiorun.com\/de\/#\/schema\/logo\/image\/","url":"https:\/\/www.miomiorun.com\/app\/uploads\/2019\/12\/logomio.png","contentUrl":"https:\/\/www.miomiorun.com\/app\/uploads\/2019\/12\/logomio.png","width":115,"height":82,"caption":"MioMio Run"},"image":{"@id":"https:\/\/www.miomiorun.com\/de\/#\/schema\/logo\/image\/"},"sameAs":["https:\/\/www.facebook.com\/miomiorun\/","https:\/\/www.instagram.com\/miomiorun\/"]}]}},"_links":{"self":[{"href":"https:\/\/www.miomiorun.com\/de\/wp-json\/wp\/v2\/product\/420834","targetHints":{"allow":["GET"]}}],"collection":[{"href":"https:\/\/www.miomiorun.com\/de\/wp-json\/wp\/v2\/product"}],"about":[{"href":"https:\/\/www.miomiorun.com\/de\/wp-json\/wp\/v2\/types\/product"}],"wp:featuredmedia":[{"embeddable":true,"href":"https:\/\/www.miomiorun.com\/de\/wp-json\/wp\/v2\/media\/422650"}],"wp:attachment":[{"href":"https:\/\/www.miomiorun.com\/de\/wp-json\/wp\/v2\/media?parent=420834"}],"wp:term":[{"taxonomy":"product_brand","embeddable":true,"href":"https:\/\/www.miomiorun.com\/de\/wp-json\/wp\/v2\/product_brand?post=420834"},{"taxonomy":"product_cat","embeddable":true,"href":"https:\/\/www.miomiorun.com\/de\/wp-json\/wp\/v2\/product_cat?post=420834"},{"taxonomy":"product_tag","embeddable":true,"href":"https:\/\/www.miomiorun.com\/de\/wp-json\/wp\/v2\/product_tag?post=420834"}],"curies":[{"name":"wp","href":"https:\/\/api.w.org\/{rel}","templated":true}]}}