{"id":420619,"date":"2026-03-24T17:53:39","date_gmt":"2026-03-24T16:53:39","guid":{"rendered":"https:\/\/www.miomiorun.com\/?post_type=product&#038;p=420619"},"modified":"2026-05-09T14:25:30","modified_gmt":"2026-05-09T12:25:30","slug":"novablast-5-tr-herren","status":"publish","type":"product","link":"https:\/\/www.miomiorun.com\/de\/produkt\/novablast-5-tr-herren\/","title":{"rendered":"Novablast 5 TR herren"},"content":{"rendered":"<table style=\"border-collapse: collapse;width: 100%\">\n<tbody>\n<tr>\n<td style=\"width: 33.3333%;vertical-align: top\">\n<h4>Technische Daten<\/h4>\n<p>Kategorie: Reaktive D\u00e4mpfung<br \/>\nSprengung: 8 mm<br \/>\nGewicht: 276 g<br \/>\nIdeal f\u00fcr: L\u00e4ufer, die ein leichtes, vielseitiges und schnelles Modell suchen, das Reaktionsfreudigkeit mit Laufkomfort und weichem Abrollgef\u00fchl verbindet.<br \/>\nGewicht des L\u00e4ufers: &lt; 70 kg<br \/>\nLauftempo: &lt; 4:30 min\/km<br \/>\n<a href=\"https:\/\/miomiorun.com\/guida-alle-specifiche-tecniche\/\">Leitfaden zu den technischen Spezifikationen<\/a><\/td>\n<td style=\"width: 66.6666%;vertical-align: top\">\n<div class=\"product-features-section\">\n<p data-start=\"26\" data-end=\"337\">Der <strong data-start=\"29\" data-end=\"53\">ASICS NOVABLAST 5 TR<\/strong> ist ein Laufschuh, der f\u00fcr ein dynamisches und reaktives Laufgef\u00fchl auch auf unterschiedlichem Untergrund entwickelt wurde. Die Geometrie der Zwischensohle und der Au\u00dfensohle wurde entwickelt, um kraftvollere Bewegungen zu f\u00f6rdern und den Schritt w\u00e4hrend des Trainings mit einem Gef\u00fchl konstanter Schubkraft zu begleiten.<\/p>\n<p data-start=\"339\" data-end=\"649\">Die <strong data-start=\"357\" data-end=\"373\">FF BLAST MAX<\/strong>-D\u00e4mpfung sorgt f\u00fcr weichere Auftritte und einen kraftvolleren Absto\u00df und tr\u00e4gt so zu einem fl\u00fcssigen und reaktionsfreudigen Lauf bei. Das Sohlendesign mit <strong data-start=\"514\" data-end=\"551\">einem von Trampolinen inspirierten Polster<\/strong> wurde entwickelt, um die Energier\u00fcckgabe zu erh\u00f6hen und den R\u00fcckpralleffekt des Schaums zu verst\u00e4rken.<\/p>\n<p data-start=\"651\" data-end=\"1013\">Das <strong data-start=\"654\" data-end=\"697\">Obermaterial aus verst\u00e4rktem, atmungsaktivem Mesh<\/strong> f\u00f6rdert die Bel\u00fcftung des Fu\u00dfes, w\u00e4hrend die <strong data-start=\"745\" data-end=\"779\">spezielle Form der Zunge<\/strong> darauf ausgelegt ist, deren Bewegungen zu reduzieren und die Passform zu verbessern. Die <strong data-start=\"843\" data-end=\"869\">AHAR LO-Gummisohle<\/strong>, die an strategischen Stellen platziert ist, wurde entwickelt, um zuverl\u00e4ssigen Halt und Traktion auf unterschiedlichem Untergrund zu bieten, ohne die Strapazierf\u00e4higkeit zu beeintr\u00e4chtigen.<\/p>\n<p data-start=\"1015\" data-end=\"1226\">Abgerundet wird das Modell durch <strong data-start=\"1039\" data-end=\"1063\">reflektierende Details<\/strong> f\u00fcr bessere Sichtbarkeit und eine Konstruktion, bei der <strong data-start=\"1123\" data-end=\"1176\">mindestens 50 % recycelte Materialien im Obermaterial<\/strong> verwendet werden, was die Sorgfalt bei der Materialauswahl unterstreicht.<\/p>\n<\/div>\n<\/td>\n<\/tr>\n<\/tbody>\n<\/table>\n","protected":false},"excerpt":{"rendered":"<ul>\n<li data-section-id=\"15dryr3\" data-start=\"1246\" data-end=\"1325\">D\u00e4mpfung <strong data-start=\"1264\" data-end=\"1280\">FF BLAST MAX<\/strong> f\u00fcr weiche Landungen und kraftvollere Abspr\u00fcnge<\/li>\n<li data-section-id=\"1hlssov\" data-start=\"1326\" data-end=\"1401\">Sohle mit von Trampolinen inspiriertem Design f\u00fcr mehr Energier\u00fcckgabe<\/li>\n<li data-section-id=\"j8x12b\" data-start=\"1402\" data-end=\"1466\">Gummi <strong data-start=\"1410\" data-end=\"1421\">AHAR LO<\/strong> f\u00fcr zuverl\u00e4ssigen Grip auf unterschiedlichem Untergrund<\/li>\n<\/ul>\n","protected":false},"featured_media":420926,"template":"","meta":{"_acf_changed":false,"inline_featured_image":false},"product_brand":[],"product_cat":[6507,6506],"product_tag":[3404,6202],"class_list":{"0":"post-420619","1":"product","2":"type-product","3":"status-publish","4":"has-post-thumbnail","6":"product_cat-herren-schuhe-de","7":"product_cat-neutrale-herren-schuhe-de","8":"product_tag-asics-de","9":"product_tag-asics-herren-de","10":"pa_attivita-running-de","11":"pa_attivita-trail-de","12":"pa_colore-novablast-5-tr-aurora-green-light-dust","13":"pa_marca-asics-de","14":"pa_sesso-herren","15":"pa_size-41-5-de","16":"pa_size-42-de","17":"pa_size-42-5-de","18":"pa_size-43-5-de","19":"pa_size-44-de","20":"pa_size-44-5-de","21":"pa_size-45-de","22":"pa_size-46-de","23":"pa_size-46-5-de","25":"first","26":"instock","27":"sale","28":"taxable","29":"shipping-taxable","30":"purchasable","31":"product-type-variable","32":"wvs-archive-product-wrapper"},"acf":[],"yoast_head":"<!-- This site is optimized with the Yoast SEO plugin v26.8 - https:\/\/yoast.com\/product\/yoast-seo-wordpress\/ -->\n<title>Asics Novablast 5 TR herren - Laufschuhe - MioMioRun.com<\/title>\n<meta name=\"description\" content=\"ASICS NOVABLAST 5 TR Laufschuhe mit FF BLAST MAX und AHAR LO-Sohle f\u00fcr reaktives Laufen und Traktion auf unterschiedlichem Untergrund. Entdecke sie mit uns!\" \/>\n<meta name=\"robots\" content=\"index, follow, max-snippet:-1, max-image-preview:large, max-video-preview:-1\" \/>\n<link rel=\"canonical\" href=\"https:\/\/www.miomiorun.com\/de\/produkt\/novablast-5-tr-herren\/\" \/>\n<meta property=\"og:locale\" content=\"de_DE\" \/>\n<meta property=\"og:type\" content=\"article\" \/>\n<meta property=\"og:title\" content=\"Asics Novablast 5 TR herren - Laufschuhe - MioMioRun.com\" \/>\n<meta property=\"og:description\" content=\"ASICS NOVABLAST 5 TR Laufschuhe mit FF BLAST MAX und AHAR LO-Sohle f\u00fcr reaktives Laufen und Traktion auf unterschiedlichem Untergrund. Entdecke sie mit uns!\" \/>\n<meta property=\"og:url\" content=\"https:\/\/www.miomiorun.com\/de\/produkt\/novablast-5-tr-herren\/\" \/>\n<meta property=\"og:site_name\" content=\"MioMioRun\" \/>\n<meta property=\"article:publisher\" content=\"https:\/\/www.facebook.com\/miomiorun\/\" \/>\n<meta property=\"article:modified_time\" content=\"2026-05-09T12:25:30+00:00\" \/>\n<meta property=\"og:image\" content=\"https:\/\/www.miomiorun.com\/app\/uploads\/2026\/03\/asics-NOVABLAST-5-TR-AURORA-GREEN-LIGHT-DUST-1011C217-300.webp\" \/>\n\t<meta property=\"og:image:width\" content=\"720\" \/>\n\t<meta property=\"og:image:height\" content=\"720\" \/>\n\t<meta property=\"og:image:type\" content=\"image\/webp\" \/>\n<meta name=\"twitter:card\" content=\"summary_large_image\" \/>\n<meta name=\"twitter:label1\" content=\"Est. reading time\" \/>\n\t<meta name=\"twitter:data1\" content=\"1 minute\" \/>\n<script type=\"application\/ld+json\" class=\"yoast-schema-graph\">{\"@context\":\"https:\/\/schema.org\",\"@graph\":[{\"@type\":\"WebPage\",\"@id\":\"https:\/\/www.miomiorun.com\/de\/produkt\/novablast-5-tr-herren\/\",\"url\":\"https:\/\/www.miomiorun.com\/de\/produkt\/novablast-5-tr-herren\/\",\"name\":\"Asics Novablast 5 TR herren - Laufschuhe - MioMioRun.com\",\"isPartOf\":{\"@id\":\"https:\/\/www.miomiorun.com\/de\/#website\"},\"primaryImageOfPage\":{\"@id\":\"https:\/\/www.miomiorun.com\/de\/produkt\/novablast-5-tr-herren\/#primaryimage\"},\"image\":{\"@id\":\"https:\/\/www.miomiorun.com\/de\/produkt\/novablast-5-tr-herren\/#primaryimage\"},\"thumbnailUrl\":\"https:\/\/www.miomiorun.com\/app\/uploads\/2026\/03\/asics-NOVABLAST-5-TR-AURORA-GREEN-LIGHT-DUST-1011C217-300.webp\",\"datePublished\":\"2026-03-24T16:53:39+00:00\",\"dateModified\":\"2026-05-09T12:25:30+00:00\",\"description\":\"ASICS NOVABLAST 5 TR Laufschuhe mit FF BLAST MAX und AHAR LO-Sohle f\u00fcr reaktives Laufen und Traktion auf unterschiedlichem Untergrund. Entdecke sie mit uns!\",\"breadcrumb\":{\"@id\":\"https:\/\/www.miomiorun.com\/de\/produkt\/novablast-5-tr-herren\/#breadcrumb\"},\"inLanguage\":\"de-DE\",\"potentialAction\":[{\"@type\":\"ReadAction\",\"target\":[\"https:\/\/www.miomiorun.com\/de\/produkt\/novablast-5-tr-herren\/\"]}]},{\"@type\":\"ImageObject\",\"inLanguage\":\"de-DE\",\"@id\":\"https:\/\/www.miomiorun.com\/de\/produkt\/novablast-5-tr-herren\/#primaryimage\",\"url\":\"https:\/\/www.miomiorun.com\/app\/uploads\/2026\/03\/asics-NOVABLAST-5-TR-AURORA-GREEN-LIGHT-DUST-1011C217-300.webp\",\"contentUrl\":\"https:\/\/www.miomiorun.com\/app\/uploads\/2026\/03\/asics-NOVABLAST-5-TR-AURORA-GREEN-LIGHT-DUST-1011C217-300.webp\",\"width\":720,\"height\":720,\"caption\":\"asics NOVABLAST 5 TR AURORA GREEN LIGHT DUST 1011C217 300\"},{\"@type\":\"BreadcrumbList\",\"@id\":\"https:\/\/www.miomiorun.com\/de\/produkt\/novablast-5-tr-herren\/#breadcrumb\",\"itemListElement\":[{\"@type\":\"ListItem\",\"position\":1,\"name\":\"Home\",\"item\":\"https:\/\/www.miomiorun.com\/de\/\"},{\"@type\":\"ListItem\",\"position\":2,\"name\":\"Shop\",\"item\":\"https:\/\/www.miomiorun.com\/shop\/\"},{\"@type\":\"ListItem\",\"position\":3,\"name\":\"Novablast 5 TR herren\"}]},{\"@type\":\"WebSite\",\"@id\":\"https:\/\/www.miomiorun.com\/de\/#website\",\"url\":\"https:\/\/www.miomiorun.com\/de\/\",\"name\":\"MioMioRun\",\"description\":\"100% Lauf- und Trailshop\",\"publisher\":{\"@id\":\"https:\/\/www.miomiorun.com\/de\/#organization\"},\"potentialAction\":[{\"@type\":\"SearchAction\",\"target\":{\"@type\":\"EntryPoint\",\"urlTemplate\":\"https:\/\/www.miomiorun.com\/de\/?s={search_term_string}\"},\"query-input\":{\"@type\":\"PropertyValueSpecification\",\"valueRequired\":true,\"valueName\":\"search_term_string\"}}],\"inLanguage\":\"de-DE\"},{\"@type\":\"Organization\",\"@id\":\"https:\/\/www.miomiorun.com\/de\/#organization\",\"name\":\"MioMio Run\",\"url\":\"https:\/\/www.miomiorun.com\/de\/\",\"logo\":{\"@type\":\"ImageObject\",\"inLanguage\":\"de-DE\",\"@id\":\"https:\/\/www.miomiorun.com\/de\/#\/schema\/logo\/image\/\",\"url\":\"https:\/\/www.miomiorun.com\/app\/uploads\/2019\/12\/logomio.png\",\"contentUrl\":\"https:\/\/www.miomiorun.com\/app\/uploads\/2019\/12\/logomio.png\",\"width\":115,\"height\":82,\"caption\":\"MioMio Run\"},\"image\":{\"@id\":\"https:\/\/www.miomiorun.com\/de\/#\/schema\/logo\/image\/\"},\"sameAs\":[\"https:\/\/www.facebook.com\/miomiorun\/\",\"https:\/\/www.instagram.com\/miomiorun\/\"]}]}<\/script>\n<!-- \/ Yoast SEO plugin. -->","yoast_head_json":{"title":"Asics Novablast 5 TR herren - Laufschuhe - MioMioRun.com","description":"ASICS NOVABLAST 5 TR Laufschuhe mit FF BLAST MAX und AHAR LO-Sohle f\u00fcr reaktives Laufen und Traktion auf unterschiedlichem Untergrund. Entdecke sie mit uns!","robots":{"index":"index","follow":"follow","max-snippet":"max-snippet:-1","max-image-preview":"max-image-preview:large","max-video-preview":"max-video-preview:-1"},"canonical":"https:\/\/www.miomiorun.com\/de\/produkt\/novablast-5-tr-herren\/","og_locale":"de_DE","og_type":"article","og_title":"Asics Novablast 5 TR herren - Laufschuhe - MioMioRun.com","og_description":"ASICS NOVABLAST 5 TR Laufschuhe mit FF BLAST MAX und AHAR LO-Sohle f\u00fcr reaktives Laufen und Traktion auf unterschiedlichem Untergrund. Entdecke sie mit uns!","og_url":"https:\/\/www.miomiorun.com\/de\/produkt\/novablast-5-tr-herren\/","og_site_name":"MioMioRun","article_publisher":"https:\/\/www.facebook.com\/miomiorun\/","article_modified_time":"2026-05-09T12:25:30+00:00","og_image":[{"width":720,"height":720,"url":"https:\/\/www.miomiorun.com\/app\/uploads\/2026\/03\/asics-NOVABLAST-5-TR-AURORA-GREEN-LIGHT-DUST-1011C217-300.webp","type":"image\/webp"}],"twitter_card":"summary_large_image","twitter_misc":{"Est. reading time":"1 minute"},"schema":{"@context":"https:\/\/schema.org","@graph":[{"@type":"WebPage","@id":"https:\/\/www.miomiorun.com\/de\/produkt\/novablast-5-tr-herren\/","url":"https:\/\/www.miomiorun.com\/de\/produkt\/novablast-5-tr-herren\/","name":"Asics Novablast 5 TR herren - Laufschuhe - MioMioRun.com","isPartOf":{"@id":"https:\/\/www.miomiorun.com\/de\/#website"},"primaryImageOfPage":{"@id":"https:\/\/www.miomiorun.com\/de\/produkt\/novablast-5-tr-herren\/#primaryimage"},"image":{"@id":"https:\/\/www.miomiorun.com\/de\/produkt\/novablast-5-tr-herren\/#primaryimage"},"thumbnailUrl":"https:\/\/www.miomiorun.com\/app\/uploads\/2026\/03\/asics-NOVABLAST-5-TR-AURORA-GREEN-LIGHT-DUST-1011C217-300.webp","datePublished":"2026-03-24T16:53:39+00:00","dateModified":"2026-05-09T12:25:30+00:00","description":"ASICS NOVABLAST 5 TR Laufschuhe mit FF BLAST MAX und AHAR LO-Sohle f\u00fcr reaktives Laufen und Traktion auf unterschiedlichem Untergrund. Entdecke sie mit uns!","breadcrumb":{"@id":"https:\/\/www.miomiorun.com\/de\/produkt\/novablast-5-tr-herren\/#breadcrumb"},"inLanguage":"de-DE","potentialAction":[{"@type":"ReadAction","target":["https:\/\/www.miomiorun.com\/de\/produkt\/novablast-5-tr-herren\/"]}]},{"@type":"ImageObject","inLanguage":"de-DE","@id":"https:\/\/www.miomiorun.com\/de\/produkt\/novablast-5-tr-herren\/#primaryimage","url":"https:\/\/www.miomiorun.com\/app\/uploads\/2026\/03\/asics-NOVABLAST-5-TR-AURORA-GREEN-LIGHT-DUST-1011C217-300.webp","contentUrl":"https:\/\/www.miomiorun.com\/app\/uploads\/2026\/03\/asics-NOVABLAST-5-TR-AURORA-GREEN-LIGHT-DUST-1011C217-300.webp","width":720,"height":720,"caption":"asics NOVABLAST 5 TR AURORA GREEN LIGHT DUST 1011C217 300"},{"@type":"BreadcrumbList","@id":"https:\/\/www.miomiorun.com\/de\/produkt\/novablast-5-tr-herren\/#breadcrumb","itemListElement":[{"@type":"ListItem","position":1,"name":"Home","item":"https:\/\/www.miomiorun.com\/de\/"},{"@type":"ListItem","position":2,"name":"Shop","item":"https:\/\/www.miomiorun.com\/shop\/"},{"@type":"ListItem","position":3,"name":"Novablast 5 TR herren"}]},{"@type":"WebSite","@id":"https:\/\/www.miomiorun.com\/de\/#website","url":"https:\/\/www.miomiorun.com\/de\/","name":"MioMioRun","description":"100% Lauf- und Trailshop","publisher":{"@id":"https:\/\/www.miomiorun.com\/de\/#organization"},"potentialAction":[{"@type":"SearchAction","target":{"@type":"EntryPoint","urlTemplate":"https:\/\/www.miomiorun.com\/de\/?s={search_term_string}"},"query-input":{"@type":"PropertyValueSpecification","valueRequired":true,"valueName":"search_term_string"}}],"inLanguage":"de-DE"},{"@type":"Organization","@id":"https:\/\/www.miomiorun.com\/de\/#organization","name":"MioMio Run","url":"https:\/\/www.miomiorun.com\/de\/","logo":{"@type":"ImageObject","inLanguage":"de-DE","@id":"https:\/\/www.miomiorun.com\/de\/#\/schema\/logo\/image\/","url":"https:\/\/www.miomiorun.com\/app\/uploads\/2019\/12\/logomio.png","contentUrl":"https:\/\/www.miomiorun.com\/app\/uploads\/2019\/12\/logomio.png","width":115,"height":82,"caption":"MioMio Run"},"image":{"@id":"https:\/\/www.miomiorun.com\/de\/#\/schema\/logo\/image\/"},"sameAs":["https:\/\/www.facebook.com\/miomiorun\/","https:\/\/www.instagram.com\/miomiorun\/"]}]}},"_links":{"self":[{"href":"https:\/\/www.miomiorun.com\/de\/wp-json\/wp\/v2\/product\/420619","targetHints":{"allow":["GET"]}}],"collection":[{"href":"https:\/\/www.miomiorun.com\/de\/wp-json\/wp\/v2\/product"}],"about":[{"href":"https:\/\/www.miomiorun.com\/de\/wp-json\/wp\/v2\/types\/product"}],"wp:featuredmedia":[{"embeddable":true,"href":"https:\/\/www.miomiorun.com\/de\/wp-json\/wp\/v2\/media\/420926"}],"wp:attachment":[{"href":"https:\/\/www.miomiorun.com\/de\/wp-json\/wp\/v2\/media?parent=420619"}],"wp:term":[{"taxonomy":"product_brand","embeddable":true,"href":"https:\/\/www.miomiorun.com\/de\/wp-json\/wp\/v2\/product_brand?post=420619"},{"taxonomy":"product_cat","embeddable":true,"href":"https:\/\/www.miomiorun.com\/de\/wp-json\/wp\/v2\/product_cat?post=420619"},{"taxonomy":"product_tag","embeddable":true,"href":"https:\/\/www.miomiorun.com\/de\/wp-json\/wp\/v2\/product_tag?post=420619"}],"curies":[{"name":"wp","href":"https:\/\/api.w.org\/{rel}","templated":true}]}}