{"id":420506,"date":"2026-03-24T16:33:15","date_gmt":"2026-03-24T15:33:15","guid":{"rendered":"https:\/\/www.miomiorun.com\/?post_type=product&#038;p=420506"},"modified":"2026-04-10T11:08:41","modified_gmt":"2026-04-10T09:08:41","slug":"superblast-3","status":"publish","type":"product","link":"https:\/\/www.miomiorun.com\/de\/produkt\/superblast-3\/","title":{"rendered":"Superblast 3"},"content":{"rendered":"<table style=\"border-collapse: collapse;width: 100%\">\n<tbody>\n<tr>\n<td style=\"width: 33.3333%\">\n<h4>Technische Daten<\/h4>\n<p>Kategorie: Maximale D\u00e4mpfung<br \/>\nSprengung: 8 mm<br \/>\nGewicht:&nbsp;<span class=\"text text--variant_heading3 fw_normal\">239 g<\/span><br \/>\nIdeal f\u00fcr: fortgeschrittene L\u00e4ufer, die Leistung und Laufkomfort gleicherma\u00dfen suchen, um gute Wettkampfergebnisse zu erzielen oder qualitativ hochwertig zu trainieren.<br \/>\nGewicht des L\u00e4ufers: 55\u201375 kg<br \/>\nLauftempo: schnell (&gt;4,30 min\/km)<br \/>\n<a href=\"https:\/\/miomiorun.com\/guida-alle-specifiche-tecniche\/\">Leitfaden zu den technischen Spezifikationen<\/a><\/td>\n<td style=\"width: 66.6666%\">\n<p data-start=\"26\" data-end=\"373\">Der <strong data-start=\"29\" data-end=\"51\">ASICS SUPERBLAST 3<\/strong> ist ein Laufschuh, der entwickelt wurde, um beim t\u00e4glichen Lauftraining ein Gef\u00fchl von kraftvollem Antrieb zu vermitteln. Die Zwischensohle wurde mit der D\u00e4mpfung <strong data-start=\"215\" data-end=\"226\">FF LEAP<\/strong> \u00fcberarbeitet, einem leichten und elastischen Schaumstoff, der von den METASPEED-Wettkampfmodellen inspiriert ist und Reaktionsfreudigkeit und Komfort bei den t\u00e4glichen L\u00e4ufen vereinen soll.<\/p>\n<p data-start=\"375\" data-end=\"734\">Zur Unterst\u00fctzung der Konstruktion sorgt zudem die D\u00e4mpfung <strong data-start=\"435\" data-end=\"452\">FF BLAST PLUS<\/strong> f\u00fcr einen ged\u00e4mpften und reaktionsfreudigen Schritt, ohne das Gef\u00fchl von Leichtigkeit zu beeintr\u00e4chtigen. Die neue Sohlenkonfiguration mit einer <strong data-start=\"604\" data-end=\"636\">von Sprungbrettern inspirierten Form<\/strong> wurde entwickelt, um die Energier\u00fcckgabe zu f\u00f6rdern und den Absprung dynamischer zu gestalten.<\/p>\n<p data-start=\"736\" data-end=\"1091\">Das <strong data-start=\"739\" data-end=\"785\">Obermaterial aus verst\u00e4rktem, atmungsaktivem Gewebe<\/strong> sorgt daf\u00fcr, dass der Fu\u00df beim Laufen trocken bleibt, w\u00e4hrend das <strong data-start=\"850\" data-end=\"889\">Faltenlaschen-System<\/strong> die Passform im Mittelfu\u00dfbereich verbessert und dazu beitr\u00e4gt, die Lasche stabil zu halten. Abgerundet wird der Schuh durch <strong data-start=\"996\" data-end=\"1020\">reflektierende Details<\/strong>, die die Sichtbarkeit bei schlechten Lichtverh\u00e4ltnissen erh\u00f6hen sollen.<\/p>\n<\/td>\n<\/tr>\n<\/tbody>\n<\/table>\n<p>&nbsp;<\/p>\n","protected":false},"excerpt":{"rendered":"<ul>\n<li data-section-id=\"yabayf\" data-start=\"1111\" data-end=\"1196\">D\u00e4mpfung <strong data-start=\"1129\" data-end=\"1156\">FF LEAP + FF BLAST PLUS<\/strong> f\u00fcr einen reaktionsfreudigen und ged\u00e4mpften Lauf<\/li>\n<li data-section-id=\"qvjoj9\" data-start=\"1197\" data-end=\"1275\">Sohle mit einem von Trampolinen inspirierten Design f\u00fcr eine optimale Energier\u00fcckgabe<\/li>\n<li data-section-id=\"1ljw837\" data-start=\"1276\" data-end=\"1363\">Atmungsaktives Obermaterial mit Faltenlasche f\u00fcr einen stabilen und bequemen Sitz<\/li>\n<\/ul>\n","protected":false},"featured_media":421376,"template":"","meta":{"_acf_changed":false,"inline_featured_image":false},"product_brand":[],"product_cat":[6507,6506,6474,6475],"product_tag":[3404,6201,6202],"class_list":{"0":"post-420506","1":"product","2":"type-product","3":"status-publish","4":"has-post-thumbnail","6":"product_cat-herren-schuhe-de","7":"product_cat-neutrale-herren-schuhe-de","8":"product_cat-damenschuhe","9":"product_cat-neutral","10":"product_tag-asics-de","11":"product_tag-asics-damen-de","12":"product_tag-asics-herren-de","13":"pa_attivita-running-de","14":"pa_colore-superblast-3-cobalt-burst-light-orange","15":"pa_colore-superblast-3-seashell-sun-coral","16":"pa_marca-asics-de","17":"pa_sesso-damen","18":"pa_sesso-herren","19":"pa_size-40-de","20":"pa_size-40-5-de","21":"pa_size-41-5-de","22":"pa_size-42-de","23":"pa_size-42-5-de","24":"pa_size-43-5-de","25":"pa_size-44-de","26":"pa_size-44-5-de","27":"pa_size-45-de","28":"pa_size-46-de","29":"pa_size-46-5-de","31":"first","32":"instock","33":"sale","34":"taxable","35":"shipping-taxable","36":"purchasable","37":"product-type-variable","38":"wvs-archive-product-wrapper"},"acf":[],"yoast_head":"<!-- This site is optimized with the Yoast SEO plugin v26.8 - https:\/\/yoast.com\/product\/yoast-seo-wordpress\/ -->\n<title>Asics Superblast 3 - Laufschuhe - MioMioRun<\/title>\n<meta name=\"description\" content=\"ASICS SUPERBLAST 3 Laufschuhe mit FF LEAP- und FF BLAST PLUS-Schaumstoff f\u00fcr maximale Reaktionsf\u00e4higkeit und Energier\u00fcckgabe beim t\u00e4glichen Lauftraining.\" \/>\n<meta name=\"robots\" content=\"index, follow, max-snippet:-1, max-image-preview:large, max-video-preview:-1\" \/>\n<link rel=\"canonical\" href=\"https:\/\/www.miomiorun.com\/de\/produkt\/superblast-3\/\" \/>\n<meta property=\"og:locale\" content=\"de_DE\" \/>\n<meta property=\"og:type\" content=\"article\" \/>\n<meta property=\"og:title\" content=\"Asics Superblast 3 - Laufschuhe - MioMioRun\" \/>\n<meta property=\"og:description\" content=\"ASICS SUPERBLAST 3 Laufschuhe mit FF LEAP- und FF BLAST PLUS-Schaumstoff f\u00fcr maximale Reaktionsf\u00e4higkeit und Energier\u00fcckgabe beim t\u00e4glichen Lauftraining.\" \/>\n<meta property=\"og:url\" content=\"https:\/\/www.miomiorun.com\/de\/produkt\/superblast-3\/\" \/>\n<meta property=\"og:site_name\" content=\"MioMioRun\" \/>\n<meta property=\"article:publisher\" content=\"https:\/\/www.facebook.com\/miomiorun\/\" \/>\n<meta property=\"article:modified_time\" content=\"2026-04-10T09:08:41+00:00\" \/>\n<meta property=\"og:image\" content=\"https:\/\/www.miomiorun.com\/app\/uploads\/2026\/03\/asics-Superblast-3-seashell-sun-coral-1013A177-800.webp\" \/>\n\t<meta property=\"og:image:width\" content=\"720\" \/>\n\t<meta property=\"og:image:height\" content=\"720\" \/>\n\t<meta property=\"og:image:type\" content=\"image\/webp\" \/>\n<meta name=\"twitter:card\" content=\"summary_large_image\" \/>\n<meta name=\"twitter:label1\" content=\"Est. reading time\" \/>\n\t<meta name=\"twitter:data1\" content=\"2 minutes\" \/>\n<script type=\"application\/ld+json\" class=\"yoast-schema-graph\">{\"@context\":\"https:\/\/schema.org\",\"@graph\":[{\"@type\":\"WebPage\",\"@id\":\"https:\/\/www.miomiorun.com\/de\/produkt\/superblast-3\/\",\"url\":\"https:\/\/www.miomiorun.com\/de\/produkt\/superblast-3\/\",\"name\":\"Asics Superblast 3 - Laufschuhe - MioMioRun\",\"isPartOf\":{\"@id\":\"https:\/\/www.miomiorun.com\/de\/#website\"},\"primaryImageOfPage\":{\"@id\":\"https:\/\/www.miomiorun.com\/de\/produkt\/superblast-3\/#primaryimage\"},\"image\":{\"@id\":\"https:\/\/www.miomiorun.com\/de\/produkt\/superblast-3\/#primaryimage\"},\"thumbnailUrl\":\"https:\/\/www.miomiorun.com\/app\/uploads\/2026\/03\/asics-Superblast-3-seashell-sun-coral-1013A177-800.webp\",\"datePublished\":\"2026-03-24T15:33:15+00:00\",\"dateModified\":\"2026-04-10T09:08:41+00:00\",\"description\":\"ASICS SUPERBLAST 3 Laufschuhe mit FF LEAP- und FF BLAST PLUS-Schaumstoff f\u00fcr maximale Reaktionsf\u00e4higkeit und Energier\u00fcckgabe beim t\u00e4glichen Lauftraining.\",\"breadcrumb\":{\"@id\":\"https:\/\/www.miomiorun.com\/de\/produkt\/superblast-3\/#breadcrumb\"},\"inLanguage\":\"de-DE\",\"potentialAction\":[{\"@type\":\"ReadAction\",\"target\":[\"https:\/\/www.miomiorun.com\/de\/produkt\/superblast-3\/\"]}]},{\"@type\":\"ImageObject\",\"inLanguage\":\"de-DE\",\"@id\":\"https:\/\/www.miomiorun.com\/de\/produkt\/superblast-3\/#primaryimage\",\"url\":\"https:\/\/www.miomiorun.com\/app\/uploads\/2026\/03\/asics-Superblast-3-seashell-sun-coral-1013A177-800.webp\",\"contentUrl\":\"https:\/\/www.miomiorun.com\/app\/uploads\/2026\/03\/asics-Superblast-3-seashell-sun-coral-1013A177-800.webp\",\"width\":720,\"height\":720,\"caption\":\"asics Superblast 3 seashell sun coral 1013A177 800\"},{\"@type\":\"BreadcrumbList\",\"@id\":\"https:\/\/www.miomiorun.com\/de\/produkt\/superblast-3\/#breadcrumb\",\"itemListElement\":[{\"@type\":\"ListItem\",\"position\":1,\"name\":\"Home\",\"item\":\"https:\/\/www.miomiorun.com\/de\/\"},{\"@type\":\"ListItem\",\"position\":2,\"name\":\"Shop\",\"item\":\"https:\/\/www.miomiorun.com\/shop\/\"},{\"@type\":\"ListItem\",\"position\":3,\"name\":\"Superblast 3\"}]},{\"@type\":\"WebSite\",\"@id\":\"https:\/\/www.miomiorun.com\/de\/#website\",\"url\":\"https:\/\/www.miomiorun.com\/de\/\",\"name\":\"MioMioRun\",\"description\":\"100% Lauf- und Trailshop\",\"publisher\":{\"@id\":\"https:\/\/www.miomiorun.com\/de\/#organization\"},\"potentialAction\":[{\"@type\":\"SearchAction\",\"target\":{\"@type\":\"EntryPoint\",\"urlTemplate\":\"https:\/\/www.miomiorun.com\/de\/?s={search_term_string}\"},\"query-input\":{\"@type\":\"PropertyValueSpecification\",\"valueRequired\":true,\"valueName\":\"search_term_string\"}}],\"inLanguage\":\"de-DE\"},{\"@type\":\"Organization\",\"@id\":\"https:\/\/www.miomiorun.com\/de\/#organization\",\"name\":\"MioMio Run\",\"url\":\"https:\/\/www.miomiorun.com\/de\/\",\"logo\":{\"@type\":\"ImageObject\",\"inLanguage\":\"de-DE\",\"@id\":\"https:\/\/www.miomiorun.com\/de\/#\/schema\/logo\/image\/\",\"url\":\"https:\/\/www.miomiorun.com\/app\/uploads\/2019\/12\/logomio.png\",\"contentUrl\":\"https:\/\/www.miomiorun.com\/app\/uploads\/2019\/12\/logomio.png\",\"width\":115,\"height\":82,\"caption\":\"MioMio Run\"},\"image\":{\"@id\":\"https:\/\/www.miomiorun.com\/de\/#\/schema\/logo\/image\/\"},\"sameAs\":[\"https:\/\/www.facebook.com\/miomiorun\/\",\"https:\/\/www.instagram.com\/miomiorun\/\"]}]}<\/script>\n<!-- \/ Yoast SEO plugin. -->","yoast_head_json":{"title":"Asics Superblast 3 - Laufschuhe - MioMioRun","description":"ASICS SUPERBLAST 3 Laufschuhe mit FF LEAP- und FF BLAST PLUS-Schaumstoff f\u00fcr maximale Reaktionsf\u00e4higkeit und Energier\u00fcckgabe beim t\u00e4glichen Lauftraining.","robots":{"index":"index","follow":"follow","max-snippet":"max-snippet:-1","max-image-preview":"max-image-preview:large","max-video-preview":"max-video-preview:-1"},"canonical":"https:\/\/www.miomiorun.com\/de\/produkt\/superblast-3\/","og_locale":"de_DE","og_type":"article","og_title":"Asics Superblast 3 - Laufschuhe - MioMioRun","og_description":"ASICS SUPERBLAST 3 Laufschuhe mit FF LEAP- und FF BLAST PLUS-Schaumstoff f\u00fcr maximale Reaktionsf\u00e4higkeit und Energier\u00fcckgabe beim t\u00e4glichen Lauftraining.","og_url":"https:\/\/www.miomiorun.com\/de\/produkt\/superblast-3\/","og_site_name":"MioMioRun","article_publisher":"https:\/\/www.facebook.com\/miomiorun\/","article_modified_time":"2026-04-10T09:08:41+00:00","og_image":[{"width":720,"height":720,"url":"https:\/\/www.miomiorun.com\/app\/uploads\/2026\/03\/asics-Superblast-3-seashell-sun-coral-1013A177-800.webp","type":"image\/webp"}],"twitter_card":"summary_large_image","twitter_misc":{"Est. reading time":"2 minutes"},"schema":{"@context":"https:\/\/schema.org","@graph":[{"@type":"WebPage","@id":"https:\/\/www.miomiorun.com\/de\/produkt\/superblast-3\/","url":"https:\/\/www.miomiorun.com\/de\/produkt\/superblast-3\/","name":"Asics Superblast 3 - Laufschuhe - MioMioRun","isPartOf":{"@id":"https:\/\/www.miomiorun.com\/de\/#website"},"primaryImageOfPage":{"@id":"https:\/\/www.miomiorun.com\/de\/produkt\/superblast-3\/#primaryimage"},"image":{"@id":"https:\/\/www.miomiorun.com\/de\/produkt\/superblast-3\/#primaryimage"},"thumbnailUrl":"https:\/\/www.miomiorun.com\/app\/uploads\/2026\/03\/asics-Superblast-3-seashell-sun-coral-1013A177-800.webp","datePublished":"2026-03-24T15:33:15+00:00","dateModified":"2026-04-10T09:08:41+00:00","description":"ASICS SUPERBLAST 3 Laufschuhe mit FF LEAP- und FF BLAST PLUS-Schaumstoff f\u00fcr maximale Reaktionsf\u00e4higkeit und Energier\u00fcckgabe beim t\u00e4glichen Lauftraining.","breadcrumb":{"@id":"https:\/\/www.miomiorun.com\/de\/produkt\/superblast-3\/#breadcrumb"},"inLanguage":"de-DE","potentialAction":[{"@type":"ReadAction","target":["https:\/\/www.miomiorun.com\/de\/produkt\/superblast-3\/"]}]},{"@type":"ImageObject","inLanguage":"de-DE","@id":"https:\/\/www.miomiorun.com\/de\/produkt\/superblast-3\/#primaryimage","url":"https:\/\/www.miomiorun.com\/app\/uploads\/2026\/03\/asics-Superblast-3-seashell-sun-coral-1013A177-800.webp","contentUrl":"https:\/\/www.miomiorun.com\/app\/uploads\/2026\/03\/asics-Superblast-3-seashell-sun-coral-1013A177-800.webp","width":720,"height":720,"caption":"asics Superblast 3 seashell sun coral 1013A177 800"},{"@type":"BreadcrumbList","@id":"https:\/\/www.miomiorun.com\/de\/produkt\/superblast-3\/#breadcrumb","itemListElement":[{"@type":"ListItem","position":1,"name":"Home","item":"https:\/\/www.miomiorun.com\/de\/"},{"@type":"ListItem","position":2,"name":"Shop","item":"https:\/\/www.miomiorun.com\/shop\/"},{"@type":"ListItem","position":3,"name":"Superblast 3"}]},{"@type":"WebSite","@id":"https:\/\/www.miomiorun.com\/de\/#website","url":"https:\/\/www.miomiorun.com\/de\/","name":"MioMioRun","description":"100% Lauf- und Trailshop","publisher":{"@id":"https:\/\/www.miomiorun.com\/de\/#organization"},"potentialAction":[{"@type":"SearchAction","target":{"@type":"EntryPoint","urlTemplate":"https:\/\/www.miomiorun.com\/de\/?s={search_term_string}"},"query-input":{"@type":"PropertyValueSpecification","valueRequired":true,"valueName":"search_term_string"}}],"inLanguage":"de-DE"},{"@type":"Organization","@id":"https:\/\/www.miomiorun.com\/de\/#organization","name":"MioMio Run","url":"https:\/\/www.miomiorun.com\/de\/","logo":{"@type":"ImageObject","inLanguage":"de-DE","@id":"https:\/\/www.miomiorun.com\/de\/#\/schema\/logo\/image\/","url":"https:\/\/www.miomiorun.com\/app\/uploads\/2019\/12\/logomio.png","contentUrl":"https:\/\/www.miomiorun.com\/app\/uploads\/2019\/12\/logomio.png","width":115,"height":82,"caption":"MioMio Run"},"image":{"@id":"https:\/\/www.miomiorun.com\/de\/#\/schema\/logo\/image\/"},"sameAs":["https:\/\/www.facebook.com\/miomiorun\/","https:\/\/www.instagram.com\/miomiorun\/"]}]}},"_links":{"self":[{"href":"https:\/\/www.miomiorun.com\/de\/wp-json\/wp\/v2\/product\/420506","targetHints":{"allow":["GET"]}}],"collection":[{"href":"https:\/\/www.miomiorun.com\/de\/wp-json\/wp\/v2\/product"}],"about":[{"href":"https:\/\/www.miomiorun.com\/de\/wp-json\/wp\/v2\/types\/product"}],"wp:featuredmedia":[{"embeddable":true,"href":"https:\/\/www.miomiorun.com\/de\/wp-json\/wp\/v2\/media\/421376"}],"wp:attachment":[{"href":"https:\/\/www.miomiorun.com\/de\/wp-json\/wp\/v2\/media?parent=420506"}],"wp:term":[{"taxonomy":"product_brand","embeddable":true,"href":"https:\/\/www.miomiorun.com\/de\/wp-json\/wp\/v2\/product_brand?post=420506"},{"taxonomy":"product_cat","embeddable":true,"href":"https:\/\/www.miomiorun.com\/de\/wp-json\/wp\/v2\/product_cat?post=420506"},{"taxonomy":"product_tag","embeddable":true,"href":"https:\/\/www.miomiorun.com\/de\/wp-json\/wp\/v2\/product_tag?post=420506"}],"curies":[{"name":"wp","href":"https:\/\/api.w.org\/{rel}","templated":true}]}}